{"id":8894,"date":"2020-08-24T13:42:56","date_gmt":"2020-08-24T10:42:56","guid":{"rendered":"https:\/\/investors.bittnet.ro\/?page_id=8894"},"modified":"2020-08-27T11:15:04","modified_gmt":"2020-08-27T08:15:04","slug":"profit-net-si-dividende-declarate-si-platite-bittnet-systems","status":"publish","type":"page","link":"https:\/\/investors.bittnet.ro\/en\/rezultate-financiare\/raport-bnet-semestrul-1-2020\/2-situatia-economico-financiara-a-grupului\/profit-net-si-dividende-declarate-si-platite-bittnet-systems\/","title":{"rendered":"Profit Net si Dividende"},"content":{"rendered":"<section class=\"l-section wpb_row height_small\"><div class=\"l-section-h i-cf\"><div class=\"g-cols vc_row via_flex valign_top type_default stacking_default\"><div class=\"vc_col-sm-12 wpb_column vc_column_container\"><div class=\"vc_column-inner\"><div class=\"wpb_wrapper\"><div class=\"g-cols wpb_row via_flex valign_top type_default stacking_default\"><div class=\"vc_col-sm-8 wpb_column vc_column_container\"><div class=\"vc_column-inner\"><div class=\"wpb_wrapper\"><div class=\"wpb_text_column\"><div class=\"wpb_wrapper\"><h1><strong>Profitul net<\/strong><\/h1>\n<p>Rezultatul net la S1 2020 este in linie cu profitul brut, inregistrand valoarea de -557 mii lei, cu 4 milioane lei mai bun decat in S1 2019.<\/p>\n<h4>Dividende declarate \u0219i pl\u0103tite<\/h4>\n<p>Societatea nu a pl\u0103tit dividende \u00een semestrul 1 al anului 2020. Politica societ\u0103\u021bii privind dividendele este detaliat\u0103 <a href=\"https:\/\/investors.bittnet.ro\/politicile-corporative\/politica-de-dividend\/?lang=ro\" target=\"_blank\" rel=\"noopener noreferrer\"><strong>aici<\/strong><\/a><\/p>\n<\/div><\/div><\/div><\/div><\/div><div class=\"vc_col-sm-4 wpb_column vc_column_container\"><div class=\"vc_column-inner\"><div class=\"wpb_wrapper\"><nav class=\"w-menu layout_ver style_blocks us_menu_1 with_children\" style=\"--main-gap:1.5rem;--main-ver-indent:0.8em;--main-hor-indent:0.8em;--main-bg-color:#f5f5f5;--main-color:inherit;--main-hover-bg-color:#8dbe65;--main-hover-color:#ffffff;--main-active-bg-color:#8dbe65;--main-active-color:#ffffff;--sub-gap:5px;\" id=\"first-simple-menu\"><ul id=\"menu-h12020_floating\" class=\"menu\"><li id=\"menu-item-8748\" class=\"menu-item menu-item-type-post_type menu-item-object-page menu-item-8748\"><a href=\"https:\/\/investors.bittnet.ro\/rezultate-financiare\/raport-bnet-semestrul-1-2020\/\">H1 2020 half yearly report<\/a><\/li><li id=\"menu-item-9333\" class=\"menu-item menu-item-type-custom menu-item-object-custom menu-item-9333\"><a href=\"https:\/\/investors.bittnet.ro\/wp-content\/uploads\/2020\/08\/Raport-Semestrial-Semestrul-1-2020.pdf\">Download raportul integral in format PDF<\/a><\/li><li id=\"menu-item-9340\" class=\"menu-item menu-item-type-custom menu-item-object-custom menu-item-9340\"><a href=\"https:\/\/investors.bittnet.ro\/wp-content\/uploads\/2020\/08\/Raport-Semestrial-BNET-Semestrul-1-2020-RO-Infografic.jpg\">Infografic<\/a><\/li><li id=\"menu-item-9332\" class=\"menu-item menu-item-type-custom menu-item-object-custom menu-item-9332\"><a href=\"https:\/\/investors.bittnet.ro\/ro\/abonare-newsletter\/\">Abonare Newsletter<\/a><\/li><\/ul><style>@media ( max-width:600px ){.us_menu_1 .menu{display:block!important}.us_menu_1 .menu>li:not(:last-child){margin:0 0 var(--main-gap,1.5rem)!important}}<\/style><\/nav><\/div><\/div><\/div><\/div><\/div><\/div><\/div><\/div><\/div><\/section>\n","protected":false},"excerpt":{"rendered":"Profitul net Rezultatul net la S1 2020 este in linie cu profitul brut, inregistrand valoarea de -557 mii lei, cu 4 milioane lei mai bun decat in S1 2019. Dividende declarate \u0219i pl\u0103tite Societatea nu a pl\u0103tit dividende \u00een semestrul 1 al anului 2020. Politica societ\u0103\u021bii privind dividendele este detaliat\u0103 aici H1 2020 half yearly...","protected":false},"author":6,"featured_media":0,"parent":8738,"menu_order":0,"comment_status":"closed","ping_status":"closed","template":"","meta":{"footnotes":""},"class_list":["post-8894","page","type-page","status-publish","hentry"],"yoast_head":"<!-- This site is optimized with the Yoast SEO plugin v20.8 - https:\/\/yoast.com\/wordpress\/plugins\/seo\/ -->\n<title>Profit Net si Dividende declarate si platite - Bittnet Systems<\/title>\n<meta name=\"description\" content=\"Profit Net si Dividende declarate si platite - Bittnet Systems - Rezultatul net la S1 2020 este in linie cu profitul brut\" \/>\n<meta name=\"robots\" content=\"index, follow, max-snippet:-1, max-image-preview:large, max-video-preview:-1\" \/>\n<link rel=\"canonical\" href=\"https:\/\/investors.bittnet.ro\/en\/rezultate-financiare\/raport-bnet-semestrul-1-2020\/2-situatia-economico-financiara-a-grupului\/profit-net-si-dividende-declarate-si-platite-bittnet-systems\/\" \/>\n<meta property=\"og:locale\" content=\"en_US\" \/>\n<meta property=\"og:type\" content=\"article\" \/>\n<meta property=\"og:title\" content=\"Profit Net si Dividende declarate si platite - Bittnet Systems\" \/>\n<meta property=\"og:description\" content=\"Profit Net si Dividende declarate si platite - Bittnet Systems - Rezultatul net la S1 2020 este in linie cu profitul brut\" \/>\n<meta property=\"og:url\" content=\"https:\/\/investors.bittnet.ro\/en\/rezultate-financiare\/raport-bnet-semestrul-1-2020\/2-situatia-economico-financiara-a-grupului\/profit-net-si-dividende-declarate-si-platite-bittnet-systems\/\" \/>\n<meta property=\"og:site_name\" content=\"Bittnet Investors Relations Site\" \/>\n<meta property=\"article:publisher\" content=\"https:\/\/www.facebook.com\/BittnetSystems\/\" \/>\n<meta property=\"article:modified_time\" content=\"2020-08-27T08:15:04+00:00\" \/>\n<meta name=\"twitter:card\" content=\"summary_large_image\" \/>\n<meta name=\"twitter:site\" content=\"@NA\" \/>\n<meta name=\"twitter:label1\" content=\"Est. reading time\" \/>\n\t<meta name=\"twitter:data1\" content=\"1 minute\" \/>\n<script type=\"application\/ld+json\" class=\"yoast-schema-graph\">{\"@context\":\"https:\/\/schema.org\",\"@graph\":[{\"@type\":\"WebPage\",\"@id\":\"https:\/\/investors.bittnet.ro\/en\/rezultate-financiare\/raport-bnet-semestrul-1-2020\/2-situatia-economico-financiara-a-grupului\/profit-net-si-dividende-declarate-si-platite-bittnet-systems\/\",\"url\":\"https:\/\/investors.bittnet.ro\/en\/rezultate-financiare\/raport-bnet-semestrul-1-2020\/2-situatia-economico-financiara-a-grupului\/profit-net-si-dividende-declarate-si-platite-bittnet-systems\/\",\"name\":\"Profit Net si Dividende declarate si platite - Bittnet Systems\",\"isPartOf\":{\"@id\":\"https:\/\/investors.bittnet.ro\/en\/#website\"},\"datePublished\":\"2020-08-24T10:42:56+00:00\",\"dateModified\":\"2020-08-27T08:15:04+00:00\",\"description\":\"Profit Net si Dividende declarate si platite - Bittnet Systems - Rezultatul net la S1 2020 este in linie cu profitul brut\",\"breadcrumb\":{\"@id\":\"https:\/\/investors.bittnet.ro\/en\/rezultate-financiare\/raport-bnet-semestrul-1-2020\/2-situatia-economico-financiara-a-grupului\/profit-net-si-dividende-declarate-si-platite-bittnet-systems\/#breadcrumb\"},\"inLanguage\":\"en-US\",\"potentialAction\":[{\"@type\":\"ReadAction\",\"target\":[\"https:\/\/investors.bittnet.ro\/en\/rezultate-financiare\/raport-bnet-semestrul-1-2020\/2-situatia-economico-financiara-a-grupului\/profit-net-si-dividende-declarate-si-platite-bittnet-systems\/\"]}]},{\"@type\":\"BreadcrumbList\",\"@id\":\"https:\/\/investors.bittnet.ro\/en\/rezultate-financiare\/raport-bnet-semestrul-1-2020\/2-situatia-economico-financiara-a-grupului\/profit-net-si-dividende-declarate-si-platite-bittnet-systems\/#breadcrumb\",\"itemListElement\":[{\"@type\":\"ListItem\",\"position\":1,\"name\":\"Home\",\"item\":\"https:\/\/investors.bittnet.ro\/en\/\"},{\"@type\":\"ListItem\",\"position\":2,\"name\":\"Rezultate financiare\",\"item\":\"https:\/\/investors.bittnet.ro\/en\/rezultate-financiare\/\"},{\"@type\":\"ListItem\",\"position\":3,\"name\":\"Raport BNET Semestrul 1 2020\",\"item\":\"https:\/\/investors.bittnet.ro\/en\/rezultate-financiare\/raport-bnet-semestrul-1-2020\/\"},{\"@type\":\"ListItem\",\"position\":4,\"name\":\"2. Situa\u0163ia economico-financiar\u0103 a grupului\",\"item\":\"https:\/\/investors.bittnet.ro\/en\/rezultate-financiare\/raport-bnet-semestrul-1-2020\/2-situatia-economico-financiara-a-grupului\/\"},{\"@type\":\"ListItem\",\"position\":5,\"name\":\"Profit Net si Dividende\"}]},{\"@type\":\"WebSite\",\"@id\":\"https:\/\/investors.bittnet.ro\/en\/#website\",\"url\":\"https:\/\/investors.bittnet.ro\/en\/\",\"name\":\"Bittnet Investors Relations Site\",\"description\":\"Your Value. Upgraded.\",\"publisher\":{\"@id\":\"https:\/\/investors.bittnet.ro\/en\/#organization\"},\"potentialAction\":[{\"@type\":\"SearchAction\",\"target\":{\"@type\":\"EntryPoint\",\"urlTemplate\":\"https:\/\/investors.bittnet.ro\/en\/?s={search_term_string}\"},\"query-input\":\"required name=search_term_string\"}],\"inLanguage\":\"en-US\"},{\"@type\":\"Organization\",\"@id\":\"https:\/\/investors.bittnet.ro\/en\/#organization\",\"name\":\"Bittnet Group\",\"url\":\"https:\/\/investors.bittnet.ro\/en\/\",\"logo\":{\"@type\":\"ImageObject\",\"inLanguage\":\"en-US\",\"@id\":\"https:\/\/investors.bittnet.ro\/en\/#\/schema\/logo\/image\/\",\"url\":\"https:\/\/investors.bittnet.ro\/wp-content\/uploads\/2019\/05\/logo-grup.png\",\"contentUrl\":\"https:\/\/investors.bittnet.ro\/wp-content\/uploads\/2019\/05\/logo-grup.png\",\"width\":807,\"height\":442,\"caption\":\"Bittnet Group\"},\"image\":{\"@id\":\"https:\/\/investors.bittnet.ro\/en\/#\/schema\/logo\/image\/\"},\"sameAs\":[\"https:\/\/www.facebook.com\/BittnetSystems\/\",\"https:\/\/twitter.com\/NA\",\"http:\/\/na\",\"https:\/\/www.linkedin.com\/company\/bittnet-group\/\",\"https:\/\/www.youtube.com\/user\/BittnetSystems\"]}]}<\/script>\n<!-- \/ Yoast SEO plugin. -->","yoast_head_json":{"title":"Profit Net si Dividende declarate si platite - Bittnet Systems","description":"Profit Net si Dividende declarate si platite - Bittnet Systems - Rezultatul net la S1 2020 este in linie cu profitul brut","robots":{"index":"index","follow":"follow","max-snippet":"max-snippet:-1","max-image-preview":"max-image-preview:large","max-video-preview":"max-video-preview:-1"},"canonical":"https:\/\/investors.bittnet.ro\/en\/rezultate-financiare\/raport-bnet-semestrul-1-2020\/2-situatia-economico-financiara-a-grupului\/profit-net-si-dividende-declarate-si-platite-bittnet-systems\/","og_locale":"en_US","og_type":"article","og_title":"Profit Net si Dividende declarate si platite - Bittnet Systems","og_description":"Profit Net si Dividende declarate si platite - Bittnet Systems - Rezultatul net la S1 2020 este in linie cu profitul brut","og_url":"https:\/\/investors.bittnet.ro\/en\/rezultate-financiare\/raport-bnet-semestrul-1-2020\/2-situatia-economico-financiara-a-grupului\/profit-net-si-dividende-declarate-si-platite-bittnet-systems\/","og_site_name":"Bittnet Investors Relations Site","article_publisher":"https:\/\/www.facebook.com\/BittnetSystems\/","article_modified_time":"2020-08-27T08:15:04+00:00","twitter_card":"summary_large_image","twitter_site":"@NA","twitter_misc":{"Est. reading time":"1 minute"},"schema":{"@context":"https:\/\/schema.org","@graph":[{"@type":"WebPage","@id":"https:\/\/investors.bittnet.ro\/en\/rezultate-financiare\/raport-bnet-semestrul-1-2020\/2-situatia-economico-financiara-a-grupului\/profit-net-si-dividende-declarate-si-platite-bittnet-systems\/","url":"https:\/\/investors.bittnet.ro\/en\/rezultate-financiare\/raport-bnet-semestrul-1-2020\/2-situatia-economico-financiara-a-grupului\/profit-net-si-dividende-declarate-si-platite-bittnet-systems\/","name":"Profit Net si Dividende declarate si platite - Bittnet Systems","isPartOf":{"@id":"https:\/\/investors.bittnet.ro\/en\/#website"},"datePublished":"2020-08-24T10:42:56+00:00","dateModified":"2020-08-27T08:15:04+00:00","description":"Profit Net si Dividende declarate si platite - Bittnet Systems - Rezultatul net la S1 2020 este in linie cu profitul brut","breadcrumb":{"@id":"https:\/\/investors.bittnet.ro\/en\/rezultate-financiare\/raport-bnet-semestrul-1-2020\/2-situatia-economico-financiara-a-grupului\/profit-net-si-dividende-declarate-si-platite-bittnet-systems\/#breadcrumb"},"inLanguage":"en-US","potentialAction":[{"@type":"ReadAction","target":["https:\/\/investors.bittnet.ro\/en\/rezultate-financiare\/raport-bnet-semestrul-1-2020\/2-situatia-economico-financiara-a-grupului\/profit-net-si-dividende-declarate-si-platite-bittnet-systems\/"]}]},{"@type":"BreadcrumbList","@id":"https:\/\/investors.bittnet.ro\/en\/rezultate-financiare\/raport-bnet-semestrul-1-2020\/2-situatia-economico-financiara-a-grupului\/profit-net-si-dividende-declarate-si-platite-bittnet-systems\/#breadcrumb","itemListElement":[{"@type":"ListItem","position":1,"name":"Home","item":"https:\/\/investors.bittnet.ro\/en\/"},{"@type":"ListItem","position":2,"name":"Rezultate financiare","item":"https:\/\/investors.bittnet.ro\/en\/rezultate-financiare\/"},{"@type":"ListItem","position":3,"name":"Raport BNET Semestrul 1 2020","item":"https:\/\/investors.bittnet.ro\/en\/rezultate-financiare\/raport-bnet-semestrul-1-2020\/"},{"@type":"ListItem","position":4,"name":"2. Situa\u0163ia economico-financiar\u0103 a grupului","item":"https:\/\/investors.bittnet.ro\/en\/rezultate-financiare\/raport-bnet-semestrul-1-2020\/2-situatia-economico-financiara-a-grupului\/"},{"@type":"ListItem","position":5,"name":"Profit Net si Dividende"}]},{"@type":"WebSite","@id":"https:\/\/investors.bittnet.ro\/en\/#website","url":"https:\/\/investors.bittnet.ro\/en\/","name":"Bittnet Investors Relations Site","description":"Your Value. Upgraded.","publisher":{"@id":"https:\/\/investors.bittnet.ro\/en\/#organization"},"potentialAction":[{"@type":"SearchAction","target":{"@type":"EntryPoint","urlTemplate":"https:\/\/investors.bittnet.ro\/en\/?s={search_term_string}"},"query-input":"required name=search_term_string"}],"inLanguage":"en-US"},{"@type":"Organization","@id":"https:\/\/investors.bittnet.ro\/en\/#organization","name":"Bittnet Group","url":"https:\/\/investors.bittnet.ro\/en\/","logo":{"@type":"ImageObject","inLanguage":"en-US","@id":"https:\/\/investors.bittnet.ro\/en\/#\/schema\/logo\/image\/","url":"https:\/\/investors.bittnet.ro\/wp-content\/uploads\/2019\/05\/logo-grup.png","contentUrl":"https:\/\/investors.bittnet.ro\/wp-content\/uploads\/2019\/05\/logo-grup.png","width":807,"height":442,"caption":"Bittnet Group"},"image":{"@id":"https:\/\/investors.bittnet.ro\/en\/#\/schema\/logo\/image\/"},"sameAs":["https:\/\/www.facebook.com\/BittnetSystems\/","https:\/\/twitter.com\/NA","http:\/\/na","https:\/\/www.linkedin.com\/company\/bittnet-group\/","https:\/\/www.youtube.com\/user\/BittnetSystems"]}]}},"_links":{"self":[{"href":"https:\/\/investors.bittnet.ro\/en\/wp-json\/wp\/v2\/pages\/8894","targetHints":{"allow":["GET"]}}],"collection":[{"href":"https:\/\/investors.bittnet.ro\/en\/wp-json\/wp\/v2\/pages"}],"about":[{"href":"https:\/\/investors.bittnet.ro\/en\/wp-json\/wp\/v2\/types\/page"}],"author":[{"embeddable":true,"href":"https:\/\/investors.bittnet.ro\/en\/wp-json\/wp\/v2\/users\/6"}],"replies":[{"embeddable":true,"href":"https:\/\/investors.bittnet.ro\/en\/wp-json\/wp\/v2\/comments?post=8894"}],"version-history":[{"count":5,"href":"https:\/\/investors.bittnet.ro\/en\/wp-json\/wp\/v2\/pages\/8894\/revisions"}],"predecessor-version":[{"id":9358,"href":"https:\/\/investors.bittnet.ro\/en\/wp-json\/wp\/v2\/pages\/8894\/revisions\/9358"}],"up":[{"embeddable":true,"href":"https:\/\/investors.bittnet.ro\/en\/wp-json\/wp\/v2\/pages\/8738"}],"wp:attachment":[{"href":"https:\/\/investors.bittnet.ro\/en\/wp-json\/wp\/v2\/media?parent=8894"}],"curies":[{"name":"wp","href":"https:\/\/api.w.org\/{rel}","templated":true}]}}