{"id":8779,"date":"2020-08-21T17:54:20","date_gmt":"2020-08-21T14:54:20","guid":{"rendered":"https:\/\/investors.bittnet.ro\/?page_id=8779"},"modified":"2020-08-27T13:05:04","modified_gmt":"2020-08-27T10:05:04","slug":"recapitulare-evenimente-cheie-in-s1-2020","status":"publish","type":"page","link":"https:\/\/investors.bittnet.ro\/en\/rezultate-financiare\/raport-bnet-semestrul-1-2020\/recapitulare-evenimente-cheie-in-s1-2020\/","title":{"rendered":"Recapitulare\u00a0evenimente\u00a0cheie\u00a0\u00een\u00a0S1 2020\u00a0"},"content":{"rendered":"<section class=\"l-section wpb_row height_small\"><div class=\"l-section-h i-cf\"><div class=\"g-cols vc_row via_flex valign_top type_default stacking_default\"><div class=\"vc_col-sm-8 wpb_column vc_column_container\"><div class=\"vc_column-inner\"><div class=\"wpb_wrapper\"><div class=\"wpb_text_column us_custom_70facfb4\"><div class=\"wpb_wrapper\"><h1><strong>Recapitulare evenimente cheie \u00een S1 2020 <\/strong><\/h1>\n<\/div><\/div><div class=\"w-tabs style_default switch_click accordion has_scrolling\" style=\"--sections-title-size:inherit\"><div class=\"w-tabs-sections titles-align_none icon_chevron cpos_right\"><div class=\"w-tabs-section\" id=\"tfd3\"><button class=\"w-tabs-section-header\" aria-controls=\"content-tfd3\" aria-expanded=\"false\"><div class=\"w-tabs-section-title\">AGEA: Numirea Consiliului de Administra\u021bie | Ianuarie 2020<\/div><div class=\"w-tabs-section-control\"><\/div><\/button><div  class=\"w-tabs-section-content\" id=\"content-tfd3\"><div class=\"w-tabs-section-content-h i-cf\"><div class=\"wpb_text_column\"><div class=\"wpb_wrapper\"><p>La 29 ianuarie 2020, ac\u021bionarii Bittnet au aprobat transferul c\u0103tre Pia\u021ba Principal\u0103 a BVB, constituirea Consiliului de Administra\u021bie format din trei membri \u0219i modificarea actului constitutiv al societ\u0103\u021bii. Membrii Consiliului ale\u0219i de ac\u021bionari sunt urm\u0103torii:<\/p>\n<ul>\n<li>Mihai Logof\u0103tu, cofondator Bittnet, care de\u021bine de asemenea \u0219i func\u021bia de Pre\u0219edinte;<\/li>\n<li>Cristian Logof\u0103tu, cofondator Bittnet;<\/li>\n<li>Lucian Anghel, membru independent, care de\u021bine de asemenea \u0219i func\u021bia de Vicepre\u0219edinte.<\/li>\n<\/ul>\n<p>Textul complet al deciziilor luate \u00een cadrul Adun\u0103rii Generale Extraordinare a Ac\u021bionarilor poate fi consultat la urm\u0103torul link: <a href=\"https:\/\/www.bvb.ro\/info\/Raportari\/BNET\/BNET_20200129182954_CR05-Raport-curent-rezultate-AGA-29-01-2020---RO.pdf\" target=\"_blank\" rel=\"noopener noreferrer\">https:\/\/www.bvb.ro\/info\/Raportari\/BNET\/BNET_20200129182954_CR05-Raport-curent-rezultate-AGA-29-01-2020&#8212;RO.pdf<\/a>.<\/p>\n<\/div><\/div><\/div><\/div><\/div><div class=\"w-tabs-section\" id=\"n0ef\"><button class=\"w-tabs-section-header\" aria-controls=\"content-n0ef\" aria-expanded=\"false\"><div class=\"w-tabs-section-title\">Majorare cu aporturi | Martie &#8211; Aprilie 2020<\/div><div class=\"w-tabs-section-control\"><\/div><\/button><div  class=\"w-tabs-section-content\" id=\"content-n0ef\"><div class=\"w-tabs-section-content-h i-cf\"><div class=\"wpb_text_column\"><div class=\"wpb_wrapper\"><p><span data-ccp-props=\"{&quot;335551550&quot;:6,&quot;335551620&quot;:6,&quot;335559738&quot;:120,&quot;335559739&quot;:120,&quot;335559740&quot;:259}\">Pe 10 aprilie 2020, Bittnet a \u00eenchis cu succes opera\u021biunea de majorare a capitalului \u0219i a atras 9 174 711,74 lei de la investitorii Bursei de Valori din Bucure\u0219ti. Opera\u021biunea s-a desf\u0103\u0219urat \u00een dou\u0103 etape, \u00een lunile martie \u0219i aprilie. \u00cen prima etap\u0103, care a avut loc \u00eentre 5 martie \u0219i 3 aprilie 2020, au fost subscrise 5.046.928 de ac\u021biuni noi (45,69% din total) la pre\u021bul de 0,83 lei pe ac\u021biune, de c\u0103tre 189 de investitori, at\u00e2t persoane fizice, c\u00e2t \u0219i persoane juridice. \u00cen a doua etap\u0103, Compania a oferit spre v\u00e2nzare cele 5.999.713 de ac\u021biuni r\u0103mase nesubscrise, \u00een cadrul unui plasament privat, la un pre\u021b pe ac\u021biune de 0,831 lei. Subscrierile au fost realizate de 51 de investitori. Capitalul atras va fi utilizat pentru investi\u021bii \u0219i capital de lucru, a\u0219a cum este specificat \u00een bugetul companiei pentru 2020. <\/span><\/p>\n<\/div><\/div><\/div><\/div><\/div><div class=\"w-tabs-section\" id=\"f1fc\"><button class=\"w-tabs-section-header\" aria-controls=\"content-f1fc\" aria-expanded=\"false\"><div class=\"w-tabs-section-title\">Lansare Dendrio Shop | Aprilie 2020<\/div><div class=\"w-tabs-section-control\"><\/div><\/button><div  class=\"w-tabs-section-content\" id=\"content-f1fc\"><div class=\"w-tabs-section-content-h i-cf\"><div class=\"wpb_text_column\"><div class=\"wpb_wrapper\"><p><span data-ccp-props=\"{&quot;335551550&quot;:6,&quot;335551620&quot;:6,&quot;335559738&quot;:120,&quot;335559739&quot;:120,&quot;335559740&quot;:259}\">Ca r\u0103spuns la pandemia de COVID-19, pe 22 aprilie 2020, Dendrio, parte a grupului Bittnet, a lansat Dendrio Shop &#8211; o platform\u0103 online unde companiile pot achizi\u021biona software, licen\u021be, solu\u021bii IT \u0219i hardware. Produsele \u0219i serviciile oferite \u00een Dendrio Shop au fost selectate \u00een special pentru a r\u0103spunde nevoilor startup-urilor \u0219i IMM-urilor din diverse sectoare care trec printr-un proces de transformare digital\u0103. Dendrio Shop este disponibil la <a href=\"https:\/\/shop.dendrio.com\" target=\"_blank\" rel=\"noopener noreferrer\">https:\/\/shop.dendrio.com<\/a>.<\/span><\/p>\n<\/div><\/div><\/div><\/div><\/div><div class=\"w-tabs-section\" id=\"v2ea\"><button class=\"w-tabs-section-header\" aria-controls=\"content-v2ea\" aria-expanded=\"false\"><div class=\"w-tabs-section-title\">\u00cenregistrarea major\u0103rii de capital la Registrul Comer\u021bului | Aprilie 2020<\/div><div class=\"w-tabs-section-control\"><\/div><\/button><div  class=\"w-tabs-section-content\" id=\"content-v2ea\"><div class=\"w-tabs-section-content-h i-cf\"><div class=\"wpb_text_column\"><div class=\"wpb_wrapper\"><p>La 22 aprilie 2020, au fost \u00eenregistrate \u00een Registrul Comer\u021bului modific\u0103rile privind majorarea capitalului social cu aport \u00een numerar \u0219i eliberarea Certificatului de \u00cenregistrare Men\u021biuni conform cu noile coordonate ale capitalului majorat. Dup\u0103 finalizarea opera\u021biunii, capitalul social subscris al companiei era de 12.724.984,70 lei.<\/p>\n<\/div><\/div><\/div><\/div><\/div><div class=\"w-tabs-section\" id=\"u430\"><button class=\"w-tabs-section-header\" aria-controls=\"content-u430\" aria-expanded=\"false\"><div class=\"w-tabs-section-title\">Adun\u0103rile Generale Ordinare \u0219i Extraordinare ale Ac\u021bionarilor | Aprilie 2020<\/div><div class=\"w-tabs-section-control\"><\/div><\/button><div  class=\"w-tabs-section-content\" id=\"content-u430\"><div class=\"w-tabs-section-content-h i-cf\"><div class=\"wpb_text_column\"><div class=\"wpb_wrapper\"><p>La 29 aprilie 2020, au avut loc Adun\u0103rile Generale Ordinare \u0219i Extraordinare ale Ac\u021bionarilor Bittnet Group. Av\u00e2nd \u00een vedere contextul pandemiei \u0219i al situa\u021biei de urgen\u021b\u0103, AGOA \u0219i AGEA au avut loc exclusiv online. \u00cen cadrul Adun\u0103rilor, ac\u021bionarii au votat:<\/p>\n<ul>\n<li>Aprobarea major\u0103rii capitalului social cu suma de 8.907.489,3 lei prin emisiunea a 89.074.893 noi ac\u021biuni cu valoare nominal\u0103 de 0,1 lei\/ac\u021biune \u00een beneficiul ac\u021bionarilor \u00eenregistra\u021bi \u00een Registrul Ac\u021bionarilor \u021binut de Depozitarul Central la data de \u00eenregistrare stabilit\u0103 de AGA. Repartizarea ac\u021biunilor nou emise se va face \u00een propor\u021bie de 7 ac\u021biuni gratuite pentru fiecare 10 ac\u021biuni de\u021binute.<\/li>\n<li>Aprobarea major\u0103rii capitalului social cu suma de. 1.272.498,5 lei prin emisiunea a 12.724.985 noi ac\u021biuni cu valoare nominal\u0103 de 0,1 lei\/actiune in beneficiul ac\u021bionarilor \u00eenregistra\u021bi \u00een Registrul Ac\u021bionarilor \u021binut de Depozitarul Central la data de \u00eenregistrare stabilit\u0103 de AGA. Repartizarea actiunilor nou emise se va face 1 ac\u021biune gratuit\u0103 pentru fiecare 10 ac\u021biuni de\u021binute. Actionarii au fost de acord ca ac\u021biunile astfel dob\u00e2ndite vor fi l\u0103sate la dispozi\u021bia societ\u0103\u021bii, pentru o perioad\u0103 de 12 luni de la data dob\u00e2ndirii, \u00een vederea aducerii la \u00eendeplinire a stock option plan-urilor aprobate. Aceast\u0103 decizie a fost supus\u0103 unei proceduri suplimentare dup\u0103 \u00eenchiderea S1 2020, mai multe detalii pot fi g\u0103site \u00een raportul curent nr. 39\/2020 disponibil la: <a href=\"https:\/\/www.bvb.ro\/infocont\/infocont20\/BNET_20200719225947_CR39-raport-curent---ro-2020---Procedura-optiune-ref-Hot-3.pdf\" target=\"_blank\" rel=\"noopener noreferrer\">https:\/\/www.bvb.ro\/infocont\/infocont20\/BNET_20200719225947_CR39-raport-curent&#8212;ro-2020&#8212;Procedura-optiune-ref-Hot-3.pdf<\/a>.<\/li>\n<\/ul>\n<p>Textul complet al hot\u0103r\u00e2rilor luate \u00een cadrul Adun\u0103rilor Generale Ordinare \u0219i Extraordinare ale Ac\u021bionarilor poate fi consultat la link-ul: <a href=\"https:\/\/www.bvb.ro\/info\/Raportari\/BNET\/BNET_20200429222136_CR28-raport-curent---ro-2020.pdf\" target=\"_blank\" rel=\"noopener noreferrer\">https:\/\/www.bvb.ro\/info\/Raportari\/BNET\/BNET_20200429222136_CR28-raport-curent&#8212;ro-2020.pdf<\/a>.<\/p>\n<\/div><\/div><\/div><\/div><\/div><div class=\"w-tabs-section\" id=\"d528\"><button class=\"w-tabs-section-header\" aria-controls=\"content-d528\" aria-expanded=\"false\"><div class=\"w-tabs-section-title\">Includere \u00een programul BERD elaborare rapoarte de analiz\u0103 \u0219i cercetare | 20 Mai 2020<\/div><div class=\"w-tabs-section-control\"><\/div><\/button><div  class=\"w-tabs-section-content\" id=\"content-d528\"><div class=\"w-tabs-section-content-h i-cf\"><div class=\"wpb_text_column\"><div class=\"wpb_wrapper\"><p><span data-ccp-props=\"{&quot;335551550&quot;:6,&quot;335551620&quot;:6,&quot;335559738&quot;:120,&quot;335559739&quot;:120,&quot;335559740&quot;:259}\">Pe 20 mai 2020, Banca European\u0103 pentru Reconstruc\u021bie \u0219i Dezvoltare a anun\u021bat c\u0103 Bittnet, al\u0103turi de alte 3 companii rom\u00e2ne\u0219ti, a fost inclus\u0103 \u00eentr-un nou program de cercetare, dedicat dezvolt\u0103rii \u00eentreprinderilor mici \u0219i mijlocii (IMM-uri). Scopul programului \u00eel reprezint\u0103 elaborarea unor rapoarte de analiz\u0103 de \u00eenalt\u0103 calitate, disponibile public, pentru a dep\u0103\u015fi barierele de informa\u0163ie care afecteaz\u0103 lichiditatea pie\u0163ei. \u00cen cadrul programului, Bittnet va beneficia de rapoarte de analiz\u0103 de calitate realizate de speciali\u0219tii Wood &amp; Co <\/span><\/p>\n<\/div><\/div><\/div><\/div><\/div><div class=\"w-tabs-section\" id=\"m60e\"><button class=\"w-tabs-section-header\" aria-controls=\"content-m60e\" aria-expanded=\"false\"><div class=\"w-tabs-section-title\">Transfer pe Pia\u021ba Principal\u0103 a Bursei de Valori Bucure\u0219ti | Iunie 2020<\/div><div class=\"w-tabs-section-control\"><\/div><\/button><div  class=\"w-tabs-section-content\" id=\"content-m60e\"><div class=\"w-tabs-section-content-h i-cf\"><div class=\"wpb_text_column\"><div class=\"wpb_wrapper\"><p><span data-ccp-props=\"{&quot;335551550&quot;:6,&quot;335551620&quot;:6,&quot;335559738&quot;:120,&quot;335559739&quot;:120,&quot;335559740&quot;:259}\">La 3 iunie 2020, ac\u021biunile Bittnet BNET au debutat tranzac\u021bionarea pe Pia\u021ba Reglementat\u0103 a BVB, la cinci ani de la listarea pe pia\u021ba AeRO.<\/span><\/p>\n<\/div><\/div><\/div><\/div><\/div><div class=\"w-tabs-section\" id=\"w6e3\"><button class=\"w-tabs-section-header\" aria-controls=\"content-w6e3\" aria-expanded=\"false\"><div class=\"w-tabs-section-title\">Plata cupoanelor pentru obliga\u021biunile BNET | Semestrul 1 2020<\/div><div class=\"w-tabs-section-control\"><\/div><\/button><div  class=\"w-tabs-section-content\" id=\"content-w6e3\"><div class=\"w-tabs-section-content-h i-cf\"><div class=\"wpb_text_column\"><div class=\"wpb_wrapper\"><p>\u00cen cazul emisiunilor BNET22, BNET23, BNET23A \u0219i BNET23C compania este la zi cu plata dob\u00e2nzii c\u0103tre investitorii s\u0103i.<\/p>\n<\/div><\/div><\/div><\/div><\/div><\/div><\/div><\/div><\/div><\/div><div class=\"vc_col-sm-4 wpb_column vc_column_container\"><div class=\"vc_column-inner\"><div class=\"wpb_wrapper\"><nav class=\"w-menu us_custom_71fbd63f layout_ver style_blocks us_menu_1 with_children\" style=\"--main-gap:1.5rem;--main-ver-indent:0.8em;--main-hor-indent:0.8em;--main-bg-color:#f5f5f5;--main-color:inherit;--main-hover-bg-color:#8dbe65;--main-hover-color:#ffffff;--main-active-bg-color:#8dbe65;--main-active-color:#ffffff;--sub-gap:5px;\" id=\"first-simple-menu\"><ul id=\"menu-h12020_floating\" class=\"menu\"><li id=\"menu-item-8748\" class=\"menu-item menu-item-type-post_type menu-item-object-page menu-item-8748\"><a href=\"https:\/\/investors.bittnet.ro\/rezultate-financiare\/raport-bnet-semestrul-1-2020\/\">H1 2020 half yearly report<\/a><\/li><li id=\"menu-item-9333\" class=\"menu-item menu-item-type-custom menu-item-object-custom menu-item-9333\"><a href=\"https:\/\/investors.bittnet.ro\/wp-content\/uploads\/2020\/08\/Raport-Semestrial-Semestrul-1-2020.pdf\">Download raportul integral in format PDF<\/a><\/li><li id=\"menu-item-9340\" class=\"menu-item menu-item-type-custom menu-item-object-custom menu-item-9340\"><a href=\"https:\/\/investors.bittnet.ro\/wp-content\/uploads\/2020\/08\/Raport-Semestrial-BNET-Semestrul-1-2020-RO-Infografic.jpg\">Infografic<\/a><\/li><li id=\"menu-item-9332\" class=\"menu-item menu-item-type-custom menu-item-object-custom menu-item-9332\"><a href=\"https:\/\/investors.bittnet.ro\/ro\/abonare-newsletter\/\">Abonare Newsletter<\/a><\/li><\/ul><style>@media ( max-width:600px ){.us_menu_1 .menu{display:block!important}.us_menu_1 .menu>li:not(:last-child){margin:0 0 var(--main-gap,1.5rem)!important}}<\/style><\/nav><\/div><\/div><\/div><\/div><\/div><\/section>\n","protected":false},"excerpt":{"rendered":"Recapitulare evenimente cheie \u00een S1 2020 AGEA: Numirea Consiliului de Administra\u021bie | Ianuarie 2020La 29 ianuarie 2020, ac\u021bionarii Bittnet au aprobat transferul c\u0103tre Pia\u021ba Principal\u0103 a BVB, constituirea Consiliului de Administra\u021bie format din trei membri \u0219i modificarea actului constitutiv al societ\u0103\u021bii. Membrii Consiliului ale\u0219i de ac\u021bionari sunt urm\u0103torii: Mihai Logof\u0103tu, cofondator Bittnet, care de\u021bine de...","protected":false},"author":6,"featured_media":0,"parent":8716,"menu_order":0,"comment_status":"closed","ping_status":"closed","template":"","meta":{"footnotes":""},"class_list":["post-8779","page","type-page","status-publish","hentry"],"yoast_head":"<!-- This site is optimized with the Yoast SEO plugin v20.8 - https:\/\/yoast.com\/wordpress\/plugins\/seo\/ -->\n<title>Recapitulare\u00a0evenimente\u00a0cheie\u00a0\u00een\u00a0S1 2020\u00a0 - AGEA Ianuarie 2020<\/title>\n<meta name=\"description\" content=\"Recapitulare\u00a0evenimente\u00a0cheie\u00a0\u00een\u00a0S1 2020 - AGEA - Ianuarie 2020. Au aprobat transferul c\u0103tre piata principala a BVB\" \/>\n<meta name=\"robots\" content=\"index, follow, max-snippet:-1, max-image-preview:large, max-video-preview:-1\" \/>\n<link rel=\"canonical\" href=\"https:\/\/investors.bittnet.ro\/en\/rezultate-financiare\/raport-bnet-semestrul-1-2020\/recapitulare-evenimente-cheie-in-s1-2020\/\" \/>\n<meta property=\"og:locale\" content=\"en_US\" \/>\n<meta property=\"og:type\" content=\"article\" \/>\n<meta property=\"og:title\" content=\"Recapitulare\u00a0evenimente\u00a0cheie\u00a0\u00een\u00a0S1 2020\u00a0 - AGEA Ianuarie 2020\" \/>\n<meta property=\"og:description\" content=\"Recapitulare\u00a0evenimente\u00a0cheie\u00a0\u00een\u00a0S1 2020 - AGEA - Ianuarie 2020. Au aprobat transferul c\u0103tre piata principala a BVB\" \/>\n<meta property=\"og:url\" content=\"https:\/\/investors.bittnet.ro\/en\/rezultate-financiare\/raport-bnet-semestrul-1-2020\/recapitulare-evenimente-cheie-in-s1-2020\/\" \/>\n<meta property=\"og:site_name\" content=\"Bittnet Investors Relations Site\" \/>\n<meta property=\"article:publisher\" content=\"https:\/\/www.facebook.com\/BittnetSystems\/\" \/>\n<meta property=\"article:modified_time\" content=\"2020-08-27T10:05:04+00:00\" \/>\n<meta name=\"twitter:card\" content=\"summary_large_image\" \/>\n<meta name=\"twitter:site\" content=\"@NA\" \/>\n<meta name=\"twitter:label1\" content=\"Est. reading time\" \/>\n\t<meta name=\"twitter:data1\" content=\"5 minutes\" \/>\n<script type=\"application\/ld+json\" class=\"yoast-schema-graph\">{\"@context\":\"https:\/\/schema.org\",\"@graph\":[{\"@type\":\"WebPage\",\"@id\":\"https:\/\/investors.bittnet.ro\/en\/rezultate-financiare\/raport-bnet-semestrul-1-2020\/recapitulare-evenimente-cheie-in-s1-2020\/\",\"url\":\"https:\/\/investors.bittnet.ro\/en\/rezultate-financiare\/raport-bnet-semestrul-1-2020\/recapitulare-evenimente-cheie-in-s1-2020\/\",\"name\":\"Recapitulare\u00a0evenimente\u00a0cheie\u00a0\u00een\u00a0S1 2020\u00a0 - AGEA Ianuarie 2020\",\"isPartOf\":{\"@id\":\"https:\/\/investors.bittnet.ro\/en\/#website\"},\"datePublished\":\"2020-08-21T14:54:20+00:00\",\"dateModified\":\"2020-08-27T10:05:04+00:00\",\"description\":\"Recapitulare\u00a0evenimente\u00a0cheie\u00a0\u00een\u00a0S1 2020 - AGEA - Ianuarie 2020. Au aprobat transferul c\u0103tre piata principala a BVB\",\"breadcrumb\":{\"@id\":\"https:\/\/investors.bittnet.ro\/en\/rezultate-financiare\/raport-bnet-semestrul-1-2020\/recapitulare-evenimente-cheie-in-s1-2020\/#breadcrumb\"},\"inLanguage\":\"en-US\",\"potentialAction\":[{\"@type\":\"ReadAction\",\"target\":[\"https:\/\/investors.bittnet.ro\/en\/rezultate-financiare\/raport-bnet-semestrul-1-2020\/recapitulare-evenimente-cheie-in-s1-2020\/\"]}]},{\"@type\":\"BreadcrumbList\",\"@id\":\"https:\/\/investors.bittnet.ro\/en\/rezultate-financiare\/raport-bnet-semestrul-1-2020\/recapitulare-evenimente-cheie-in-s1-2020\/#breadcrumb\",\"itemListElement\":[{\"@type\":\"ListItem\",\"position\":1,\"name\":\"Home\",\"item\":\"https:\/\/investors.bittnet.ro\/en\/\"},{\"@type\":\"ListItem\",\"position\":2,\"name\":\"Rezultate financiare\",\"item\":\"https:\/\/investors.bittnet.ro\/en\/rezultate-financiare\/\"},{\"@type\":\"ListItem\",\"position\":3,\"name\":\"Raport BNET Semestrul 1 2020\",\"item\":\"https:\/\/investors.bittnet.ro\/en\/rezultate-financiare\/raport-bnet-semestrul-1-2020\/\"},{\"@type\":\"ListItem\",\"position\":4,\"name\":\"Recapitulare\u00a0evenimente\u00a0cheie\u00a0\u00een\u00a0S1 2020\u00a0\"}]},{\"@type\":\"WebSite\",\"@id\":\"https:\/\/investors.bittnet.ro\/en\/#website\",\"url\":\"https:\/\/investors.bittnet.ro\/en\/\",\"name\":\"Bittnet Investors Relations Site\",\"description\":\"Your Value. Upgraded.\",\"publisher\":{\"@id\":\"https:\/\/investors.bittnet.ro\/en\/#organization\"},\"potentialAction\":[{\"@type\":\"SearchAction\",\"target\":{\"@type\":\"EntryPoint\",\"urlTemplate\":\"https:\/\/investors.bittnet.ro\/en\/?s={search_term_string}\"},\"query-input\":\"required name=search_term_string\"}],\"inLanguage\":\"en-US\"},{\"@type\":\"Organization\",\"@id\":\"https:\/\/investors.bittnet.ro\/en\/#organization\",\"name\":\"Bittnet Group\",\"url\":\"https:\/\/investors.bittnet.ro\/en\/\",\"logo\":{\"@type\":\"ImageObject\",\"inLanguage\":\"en-US\",\"@id\":\"https:\/\/investors.bittnet.ro\/en\/#\/schema\/logo\/image\/\",\"url\":\"https:\/\/investors.bittnet.ro\/wp-content\/uploads\/2019\/05\/logo-grup.png\",\"contentUrl\":\"https:\/\/investors.bittnet.ro\/wp-content\/uploads\/2019\/05\/logo-grup.png\",\"width\":807,\"height\":442,\"caption\":\"Bittnet Group\"},\"image\":{\"@id\":\"https:\/\/investors.bittnet.ro\/en\/#\/schema\/logo\/image\/\"},\"sameAs\":[\"https:\/\/www.facebook.com\/BittnetSystems\/\",\"https:\/\/twitter.com\/NA\",\"http:\/\/na\",\"https:\/\/www.linkedin.com\/company\/bittnet-group\/\",\"https:\/\/www.youtube.com\/user\/BittnetSystems\"]}]}<\/script>\n<!-- \/ Yoast SEO plugin. -->","yoast_head_json":{"title":"Recapitulare\u00a0evenimente\u00a0cheie\u00a0\u00een\u00a0S1 2020\u00a0 - AGEA Ianuarie 2020","description":"Recapitulare\u00a0evenimente\u00a0cheie\u00a0\u00een\u00a0S1 2020 - AGEA - Ianuarie 2020. Au aprobat transferul c\u0103tre piata principala a BVB","robots":{"index":"index","follow":"follow","max-snippet":"max-snippet:-1","max-image-preview":"max-image-preview:large","max-video-preview":"max-video-preview:-1"},"canonical":"https:\/\/investors.bittnet.ro\/en\/rezultate-financiare\/raport-bnet-semestrul-1-2020\/recapitulare-evenimente-cheie-in-s1-2020\/","og_locale":"en_US","og_type":"article","og_title":"Recapitulare\u00a0evenimente\u00a0cheie\u00a0\u00een\u00a0S1 2020\u00a0 - AGEA Ianuarie 2020","og_description":"Recapitulare\u00a0evenimente\u00a0cheie\u00a0\u00een\u00a0S1 2020 - AGEA - Ianuarie 2020. Au aprobat transferul c\u0103tre piata principala a BVB","og_url":"https:\/\/investors.bittnet.ro\/en\/rezultate-financiare\/raport-bnet-semestrul-1-2020\/recapitulare-evenimente-cheie-in-s1-2020\/","og_site_name":"Bittnet Investors Relations Site","article_publisher":"https:\/\/www.facebook.com\/BittnetSystems\/","article_modified_time":"2020-08-27T10:05:04+00:00","twitter_card":"summary_large_image","twitter_site":"@NA","twitter_misc":{"Est. reading time":"5 minutes"},"schema":{"@context":"https:\/\/schema.org","@graph":[{"@type":"WebPage","@id":"https:\/\/investors.bittnet.ro\/en\/rezultate-financiare\/raport-bnet-semestrul-1-2020\/recapitulare-evenimente-cheie-in-s1-2020\/","url":"https:\/\/investors.bittnet.ro\/en\/rezultate-financiare\/raport-bnet-semestrul-1-2020\/recapitulare-evenimente-cheie-in-s1-2020\/","name":"Recapitulare\u00a0evenimente\u00a0cheie\u00a0\u00een\u00a0S1 2020\u00a0 - AGEA Ianuarie 2020","isPartOf":{"@id":"https:\/\/investors.bittnet.ro\/en\/#website"},"datePublished":"2020-08-21T14:54:20+00:00","dateModified":"2020-08-27T10:05:04+00:00","description":"Recapitulare\u00a0evenimente\u00a0cheie\u00a0\u00een\u00a0S1 2020 - AGEA - Ianuarie 2020. Au aprobat transferul c\u0103tre piata principala a BVB","breadcrumb":{"@id":"https:\/\/investors.bittnet.ro\/en\/rezultate-financiare\/raport-bnet-semestrul-1-2020\/recapitulare-evenimente-cheie-in-s1-2020\/#breadcrumb"},"inLanguage":"en-US","potentialAction":[{"@type":"ReadAction","target":["https:\/\/investors.bittnet.ro\/en\/rezultate-financiare\/raport-bnet-semestrul-1-2020\/recapitulare-evenimente-cheie-in-s1-2020\/"]}]},{"@type":"BreadcrumbList","@id":"https:\/\/investors.bittnet.ro\/en\/rezultate-financiare\/raport-bnet-semestrul-1-2020\/recapitulare-evenimente-cheie-in-s1-2020\/#breadcrumb","itemListElement":[{"@type":"ListItem","position":1,"name":"Home","item":"https:\/\/investors.bittnet.ro\/en\/"},{"@type":"ListItem","position":2,"name":"Rezultate financiare","item":"https:\/\/investors.bittnet.ro\/en\/rezultate-financiare\/"},{"@type":"ListItem","position":3,"name":"Raport BNET Semestrul 1 2020","item":"https:\/\/investors.bittnet.ro\/en\/rezultate-financiare\/raport-bnet-semestrul-1-2020\/"},{"@type":"ListItem","position":4,"name":"Recapitulare\u00a0evenimente\u00a0cheie\u00a0\u00een\u00a0S1 2020\u00a0"}]},{"@type":"WebSite","@id":"https:\/\/investors.bittnet.ro\/en\/#website","url":"https:\/\/investors.bittnet.ro\/en\/","name":"Bittnet Investors Relations Site","description":"Your Value. Upgraded.","publisher":{"@id":"https:\/\/investors.bittnet.ro\/en\/#organization"},"potentialAction":[{"@type":"SearchAction","target":{"@type":"EntryPoint","urlTemplate":"https:\/\/investors.bittnet.ro\/en\/?s={search_term_string}"},"query-input":"required name=search_term_string"}],"inLanguage":"en-US"},{"@type":"Organization","@id":"https:\/\/investors.bittnet.ro\/en\/#organization","name":"Bittnet Group","url":"https:\/\/investors.bittnet.ro\/en\/","logo":{"@type":"ImageObject","inLanguage":"en-US","@id":"https:\/\/investors.bittnet.ro\/en\/#\/schema\/logo\/image\/","url":"https:\/\/investors.bittnet.ro\/wp-content\/uploads\/2019\/05\/logo-grup.png","contentUrl":"https:\/\/investors.bittnet.ro\/wp-content\/uploads\/2019\/05\/logo-grup.png","width":807,"height":442,"caption":"Bittnet Group"},"image":{"@id":"https:\/\/investors.bittnet.ro\/en\/#\/schema\/logo\/image\/"},"sameAs":["https:\/\/www.facebook.com\/BittnetSystems\/","https:\/\/twitter.com\/NA","http:\/\/na","https:\/\/www.linkedin.com\/company\/bittnet-group\/","https:\/\/www.youtube.com\/user\/BittnetSystems"]}]}},"_links":{"self":[{"href":"https:\/\/investors.bittnet.ro\/en\/wp-json\/wp\/v2\/pages\/8779","targetHints":{"allow":["GET"]}}],"collection":[{"href":"https:\/\/investors.bittnet.ro\/en\/wp-json\/wp\/v2\/pages"}],"about":[{"href":"https:\/\/investors.bittnet.ro\/en\/wp-json\/wp\/v2\/types\/page"}],"author":[{"embeddable":true,"href":"https:\/\/investors.bittnet.ro\/en\/wp-json\/wp\/v2\/users\/6"}],"replies":[{"embeddable":true,"href":"https:\/\/investors.bittnet.ro\/en\/wp-json\/wp\/v2\/comments?post=8779"}],"version-history":[{"count":24,"href":"https:\/\/investors.bittnet.ro\/en\/wp-json\/wp\/v2\/pages\/8779\/revisions"}],"predecessor-version":[{"id":9373,"href":"https:\/\/investors.bittnet.ro\/en\/wp-json\/wp\/v2\/pages\/8779\/revisions\/9373"}],"up":[{"embeddable":true,"href":"https:\/\/investors.bittnet.ro\/en\/wp-json\/wp\/v2\/pages\/8716"}],"wp:attachment":[{"href":"https:\/\/investors.bittnet.ro\/en\/wp-json\/wp\/v2\/media?parent=8779"}],"curies":[{"name":"wp","href":"https:\/\/api.w.org\/{rel}","templated":true}]}}