{"id":8758,"date":"2020-08-21T17:38:43","date_gmt":"2020-08-21T14:38:43","guid":{"rendered":"https:\/\/investors.bittnet.ro\/?page_id=8758"},"modified":"2020-08-27T11:24:44","modified_gmt":"2020-08-27T08:24:44","slug":"3-analiza-activitatii-societatii-comerciale","status":"publish","type":"page","link":"https:\/\/investors.bittnet.ro\/en\/rezultate-financiare\/raport-bnet-semestrul-1-2020\/3-analiza-activitatii-societatii-comerciale\/","title":{"rendered":"3. Analiza activit\u0103\u0163ii societ\u0103\u0163ii comerciale"},"content":{"rendered":"<section class=\"l-section wpb_row height_small\"><div class=\"l-section-h i-cf\"><div class=\"g-cols vc_row via_flex valign_top type_default stacking_default\"><div class=\"vc_col-sm-12 wpb_column vc_column_container\"><div class=\"vc_column-inner\"><div class=\"wpb_wrapper\"><div class=\"g-cols wpb_row via_flex valign_top type_default stacking_default\"><div class=\"vc_col-sm-8 wpb_column vc_column_container\"><div class=\"vc_column-inner\"><div class=\"wpb_wrapper\"><div class=\"wpb_text_column\"><div class=\"wpb_wrapper\"><h1><strong>Analiza activit\u0103\u0163ii societ\u0103\u0163ii comerciale<\/strong><\/h1>\n<p><a href=\"https:\/\/investors.bittnet.ro\/ro\/raport-bnet-semestrul-1-2020\/3-analiza-activitatii-societatii-comerciale\/3-1-prezentarea-si-analizarea-tendintelor-elementelor-evenimentelor-sau-factorilor-de-incertitudine-ce-afecteaza-sau-ar-pu\/\">3.1. Prezentarea \u015fi analizarea tendin\u0163elor, elementelor, evenimentelor sau factorilor de incertitudine ce afecteaz\u0103 sau ar putea afecta lichiditatea societ\u0103\u0163ii comerciale, comparativ cu aceea\u015fi perioad\u0103 a anului trecut<\/a><\/p>\n<p><a href=\"https:\/\/investors.bittnet.ro\/ro\/raport-bnet-semestrul-1-2020\/3-analiza-activitatii-societatii-comerciale\/3-2-prezentarea-si-analizarea-efectelor-asupra-situatiei-financiare-a-societatii-comerciale-a-tuturor-cheltuielilor-de-capital\/\"><span lang=\"EN-US\">3.2. Prezentarea \u015fi analizarea efectelor asupra situa\u0163iei financiare a societ\u0103\u0163ii comerciale a tuturor cheltuielilor de capital, curente sau anticipate (preciz\u00e2nd scopul \u015fi sursele de finan\u0163are a acestor cheltuieli), comparativ cu aceea\u015fi perioad\u0103 a anului trecut.<\/span><\/a><\/p>\n<p><a href=\"https:\/\/investors.bittnet.ro\/ro\/raport-bnet-semestrul-1-2020\/3-analiza-activitatii-societatii-comerciale\/3-3-prezentarea-si-analizarea-evenimentelor-tranzactiilor-schimbarilor-economice-care-afecteaza-semnificativ-veniturile-din-activitatea\/\"><span lang=\"EN-US\">3.3. Prezentarea \u015fi analizarea evenimentelor, tranzac\u0163iilor, schimb\u0103rilor economice care afecteaz\u0103 semnificativ veniturile din activitatea de baz\u0103. Precizarea m\u0103surii \u00een care au fost afectate veniturile de fiecare element identificat. Compara\u0163ie cu perioada corespunz\u0103toare a anului trecut.<\/span><\/a><\/p>\n<\/div><\/div><\/div><\/div><\/div><div class=\"vc_col-sm-4 wpb_column vc_column_container\"><div class=\"vc_column-inner\"><div class=\"wpb_wrapper\"><nav class=\"w-menu layout_ver style_blocks us_menu_1 with_children\" style=\"--main-gap:1.5rem;--main-ver-indent:0.8em;--main-hor-indent:0.8em;--main-bg-color:#f5f5f5;--main-color:inherit;--main-hover-bg-color:#8dbe65;--main-hover-color:#ffffff;--main-active-bg-color:#8dbe65;--main-active-color:#ffffff;--sub-gap:5px;\" id=\"first-simple-menu\"><ul id=\"menu-h12020_floating\" class=\"menu\"><li id=\"menu-item-8748\" class=\"menu-item menu-item-type-post_type menu-item-object-page menu-item-8748\"><a href=\"https:\/\/investors.bittnet.ro\/rezultate-financiare\/raport-bnet-semestrul-1-2020\/\">H1 2020 half yearly report<\/a><\/li><li id=\"menu-item-9333\" class=\"menu-item menu-item-type-custom menu-item-object-custom menu-item-9333\"><a href=\"https:\/\/investors.bittnet.ro\/wp-content\/uploads\/2020\/08\/Raport-Semestrial-Semestrul-1-2020.pdf\">Download raportul integral in format PDF<\/a><\/li><li id=\"menu-item-9340\" class=\"menu-item menu-item-type-custom menu-item-object-custom menu-item-9340\"><a href=\"https:\/\/investors.bittnet.ro\/wp-content\/uploads\/2020\/08\/Raport-Semestrial-BNET-Semestrul-1-2020-RO-Infografic.jpg\">Infografic<\/a><\/li><li id=\"menu-item-9332\" class=\"menu-item menu-item-type-custom menu-item-object-custom menu-item-9332\"><a href=\"https:\/\/investors.bittnet.ro\/ro\/abonare-newsletter\/\">Abonare Newsletter<\/a><\/li><\/ul><style>@media ( max-width:600px ){.us_menu_1 .menu{display:block!important}.us_menu_1 .menu>li:not(:last-child){margin:0 0 var(--main-gap,1.5rem)!important}}<\/style><\/nav><\/div><\/div><\/div><\/div><\/div><\/div><\/div><\/div><\/div><\/section>\n","protected":false},"excerpt":{"rendered":"Analiza activit\u0103\u0163ii societ\u0103\u0163ii comerciale 3.1. Prezentarea \u015fi analizarea tendin\u0163elor, elementelor, evenimentelor sau factorilor de incertitudine ce afecteaz\u0103 sau ar putea afecta lichiditatea societ\u0103\u0163ii comerciale, comparativ cu aceea\u015fi perioad\u0103 a anului trecut 3.2. Prezentarea \u015fi analizarea efectelor asupra situa\u0163iei financiare a societ\u0103\u0163ii comerciale a tuturor cheltuielilor de capital, curente sau anticipate (preciz\u00e2nd scopul \u015fi sursele de...","protected":false},"author":6,"featured_media":0,"parent":8716,"menu_order":0,"comment_status":"closed","ping_status":"closed","template":"","meta":{"footnotes":""},"class_list":["post-8758","page","type-page","status-publish","hentry"],"yoast_head":"<!-- This site is optimized with the Yoast SEO plugin v20.8 - https:\/\/yoast.com\/wordpress\/plugins\/seo\/ -->\n<title>Analiza activit\u0103\u0163ii societ\u0103\u0163ii comerciale - Bittnet Systems<\/title>\n<meta name=\"description\" content=\"Analiza activit\u0103\u0163ii societ\u0103\u0163ii comerciale-Bittnet Systems-prezentarea si analizarea tendintelor,elementelor, evenimentelor si factorilor\" \/>\n<meta name=\"robots\" content=\"index, follow, max-snippet:-1, max-image-preview:large, max-video-preview:-1\" \/>\n<link rel=\"canonical\" href=\"https:\/\/investors.bittnet.ro\/en\/rezultate-financiare\/raport-bnet-semestrul-1-2020\/3-analiza-activitatii-societatii-comerciale\/\" \/>\n<meta property=\"og:locale\" content=\"en_US\" \/>\n<meta property=\"og:type\" content=\"article\" \/>\n<meta property=\"og:title\" content=\"Analiza activit\u0103\u0163ii societ\u0103\u0163ii comerciale - Bittnet Systems\" \/>\n<meta property=\"og:description\" content=\"Analiza activit\u0103\u0163ii societ\u0103\u0163ii comerciale-Bittnet Systems-prezentarea si analizarea tendintelor,elementelor, evenimentelor si factorilor\" \/>\n<meta property=\"og:url\" content=\"https:\/\/investors.bittnet.ro\/en\/rezultate-financiare\/raport-bnet-semestrul-1-2020\/3-analiza-activitatii-societatii-comerciale\/\" \/>\n<meta property=\"og:site_name\" content=\"Bittnet Investors Relations Site\" \/>\n<meta property=\"article:publisher\" content=\"https:\/\/www.facebook.com\/BittnetSystems\/\" \/>\n<meta property=\"article:modified_time\" content=\"2020-08-27T08:24:44+00:00\" \/>\n<meta name=\"twitter:card\" content=\"summary_large_image\" \/>\n<meta name=\"twitter:site\" content=\"@NA\" \/>\n<meta name=\"twitter:label1\" content=\"Est. reading time\" \/>\n\t<meta name=\"twitter:data1\" content=\"1 minute\" \/>\n<script type=\"application\/ld+json\" class=\"yoast-schema-graph\">{\"@context\":\"https:\/\/schema.org\",\"@graph\":[{\"@type\":\"WebPage\",\"@id\":\"https:\/\/investors.bittnet.ro\/en\/rezultate-financiare\/raport-bnet-semestrul-1-2020\/3-analiza-activitatii-societatii-comerciale\/\",\"url\":\"https:\/\/investors.bittnet.ro\/en\/rezultate-financiare\/raport-bnet-semestrul-1-2020\/3-analiza-activitatii-societatii-comerciale\/\",\"name\":\"Analiza activit\u0103\u0163ii societ\u0103\u0163ii comerciale - Bittnet Systems\",\"isPartOf\":{\"@id\":\"https:\/\/investors.bittnet.ro\/en\/#website\"},\"datePublished\":\"2020-08-21T14:38:43+00:00\",\"dateModified\":\"2020-08-27T08:24:44+00:00\",\"description\":\"Analiza activit\u0103\u0163ii societ\u0103\u0163ii comerciale-Bittnet Systems-prezentarea si analizarea tendintelor,elementelor, evenimentelor si factorilor\",\"breadcrumb\":{\"@id\":\"https:\/\/investors.bittnet.ro\/en\/rezultate-financiare\/raport-bnet-semestrul-1-2020\/3-analiza-activitatii-societatii-comerciale\/#breadcrumb\"},\"inLanguage\":\"en-US\",\"potentialAction\":[{\"@type\":\"ReadAction\",\"target\":[\"https:\/\/investors.bittnet.ro\/en\/rezultate-financiare\/raport-bnet-semestrul-1-2020\/3-analiza-activitatii-societatii-comerciale\/\"]}]},{\"@type\":\"BreadcrumbList\",\"@id\":\"https:\/\/investors.bittnet.ro\/en\/rezultate-financiare\/raport-bnet-semestrul-1-2020\/3-analiza-activitatii-societatii-comerciale\/#breadcrumb\",\"itemListElement\":[{\"@type\":\"ListItem\",\"position\":1,\"name\":\"Home\",\"item\":\"https:\/\/investors.bittnet.ro\/en\/\"},{\"@type\":\"ListItem\",\"position\":2,\"name\":\"Rezultate financiare\",\"item\":\"https:\/\/investors.bittnet.ro\/en\/rezultate-financiare\/\"},{\"@type\":\"ListItem\",\"position\":3,\"name\":\"Raport BNET Semestrul 1 2020\",\"item\":\"https:\/\/investors.bittnet.ro\/en\/rezultate-financiare\/raport-bnet-semestrul-1-2020\/\"},{\"@type\":\"ListItem\",\"position\":4,\"name\":\"3. Analiza activit\u0103\u0163ii societ\u0103\u0163ii comerciale\"}]},{\"@type\":\"WebSite\",\"@id\":\"https:\/\/investors.bittnet.ro\/en\/#website\",\"url\":\"https:\/\/investors.bittnet.ro\/en\/\",\"name\":\"Bittnet Investors Relations Site\",\"description\":\"Your Value. Upgraded.\",\"publisher\":{\"@id\":\"https:\/\/investors.bittnet.ro\/en\/#organization\"},\"potentialAction\":[{\"@type\":\"SearchAction\",\"target\":{\"@type\":\"EntryPoint\",\"urlTemplate\":\"https:\/\/investors.bittnet.ro\/en\/?s={search_term_string}\"},\"query-input\":\"required name=search_term_string\"}],\"inLanguage\":\"en-US\"},{\"@type\":\"Organization\",\"@id\":\"https:\/\/investors.bittnet.ro\/en\/#organization\",\"name\":\"Bittnet Group\",\"url\":\"https:\/\/investors.bittnet.ro\/en\/\",\"logo\":{\"@type\":\"ImageObject\",\"inLanguage\":\"en-US\",\"@id\":\"https:\/\/investors.bittnet.ro\/en\/#\/schema\/logo\/image\/\",\"url\":\"https:\/\/investors.bittnet.ro\/wp-content\/uploads\/2019\/05\/logo-grup.png\",\"contentUrl\":\"https:\/\/investors.bittnet.ro\/wp-content\/uploads\/2019\/05\/logo-grup.png\",\"width\":807,\"height\":442,\"caption\":\"Bittnet Group\"},\"image\":{\"@id\":\"https:\/\/investors.bittnet.ro\/en\/#\/schema\/logo\/image\/\"},\"sameAs\":[\"https:\/\/www.facebook.com\/BittnetSystems\/\",\"https:\/\/twitter.com\/NA\",\"http:\/\/na\",\"https:\/\/www.linkedin.com\/company\/bittnet-group\/\",\"https:\/\/www.youtube.com\/user\/BittnetSystems\"]}]}<\/script>\n<!-- \/ Yoast SEO plugin. -->","yoast_head_json":{"title":"Analiza activit\u0103\u0163ii societ\u0103\u0163ii comerciale - Bittnet Systems","description":"Analiza activit\u0103\u0163ii societ\u0103\u0163ii comerciale-Bittnet Systems-prezentarea si analizarea tendintelor,elementelor, evenimentelor si factorilor","robots":{"index":"index","follow":"follow","max-snippet":"max-snippet:-1","max-image-preview":"max-image-preview:large","max-video-preview":"max-video-preview:-1"},"canonical":"https:\/\/investors.bittnet.ro\/en\/rezultate-financiare\/raport-bnet-semestrul-1-2020\/3-analiza-activitatii-societatii-comerciale\/","og_locale":"en_US","og_type":"article","og_title":"Analiza activit\u0103\u0163ii societ\u0103\u0163ii comerciale - Bittnet Systems","og_description":"Analiza activit\u0103\u0163ii societ\u0103\u0163ii comerciale-Bittnet Systems-prezentarea si analizarea tendintelor,elementelor, evenimentelor si factorilor","og_url":"https:\/\/investors.bittnet.ro\/en\/rezultate-financiare\/raport-bnet-semestrul-1-2020\/3-analiza-activitatii-societatii-comerciale\/","og_site_name":"Bittnet Investors Relations Site","article_publisher":"https:\/\/www.facebook.com\/BittnetSystems\/","article_modified_time":"2020-08-27T08:24:44+00:00","twitter_card":"summary_large_image","twitter_site":"@NA","twitter_misc":{"Est. reading time":"1 minute"},"schema":{"@context":"https:\/\/schema.org","@graph":[{"@type":"WebPage","@id":"https:\/\/investors.bittnet.ro\/en\/rezultate-financiare\/raport-bnet-semestrul-1-2020\/3-analiza-activitatii-societatii-comerciale\/","url":"https:\/\/investors.bittnet.ro\/en\/rezultate-financiare\/raport-bnet-semestrul-1-2020\/3-analiza-activitatii-societatii-comerciale\/","name":"Analiza activit\u0103\u0163ii societ\u0103\u0163ii comerciale - Bittnet Systems","isPartOf":{"@id":"https:\/\/investors.bittnet.ro\/en\/#website"},"datePublished":"2020-08-21T14:38:43+00:00","dateModified":"2020-08-27T08:24:44+00:00","description":"Analiza activit\u0103\u0163ii societ\u0103\u0163ii comerciale-Bittnet Systems-prezentarea si analizarea tendintelor,elementelor, evenimentelor si factorilor","breadcrumb":{"@id":"https:\/\/investors.bittnet.ro\/en\/rezultate-financiare\/raport-bnet-semestrul-1-2020\/3-analiza-activitatii-societatii-comerciale\/#breadcrumb"},"inLanguage":"en-US","potentialAction":[{"@type":"ReadAction","target":["https:\/\/investors.bittnet.ro\/en\/rezultate-financiare\/raport-bnet-semestrul-1-2020\/3-analiza-activitatii-societatii-comerciale\/"]}]},{"@type":"BreadcrumbList","@id":"https:\/\/investors.bittnet.ro\/en\/rezultate-financiare\/raport-bnet-semestrul-1-2020\/3-analiza-activitatii-societatii-comerciale\/#breadcrumb","itemListElement":[{"@type":"ListItem","position":1,"name":"Home","item":"https:\/\/investors.bittnet.ro\/en\/"},{"@type":"ListItem","position":2,"name":"Rezultate financiare","item":"https:\/\/investors.bittnet.ro\/en\/rezultate-financiare\/"},{"@type":"ListItem","position":3,"name":"Raport BNET Semestrul 1 2020","item":"https:\/\/investors.bittnet.ro\/en\/rezultate-financiare\/raport-bnet-semestrul-1-2020\/"},{"@type":"ListItem","position":4,"name":"3. Analiza activit\u0103\u0163ii societ\u0103\u0163ii comerciale"}]},{"@type":"WebSite","@id":"https:\/\/investors.bittnet.ro\/en\/#website","url":"https:\/\/investors.bittnet.ro\/en\/","name":"Bittnet Investors Relations Site","description":"Your Value. Upgraded.","publisher":{"@id":"https:\/\/investors.bittnet.ro\/en\/#organization"},"potentialAction":[{"@type":"SearchAction","target":{"@type":"EntryPoint","urlTemplate":"https:\/\/investors.bittnet.ro\/en\/?s={search_term_string}"},"query-input":"required name=search_term_string"}],"inLanguage":"en-US"},{"@type":"Organization","@id":"https:\/\/investors.bittnet.ro\/en\/#organization","name":"Bittnet Group","url":"https:\/\/investors.bittnet.ro\/en\/","logo":{"@type":"ImageObject","inLanguage":"en-US","@id":"https:\/\/investors.bittnet.ro\/en\/#\/schema\/logo\/image\/","url":"https:\/\/investors.bittnet.ro\/wp-content\/uploads\/2019\/05\/logo-grup.png","contentUrl":"https:\/\/investors.bittnet.ro\/wp-content\/uploads\/2019\/05\/logo-grup.png","width":807,"height":442,"caption":"Bittnet Group"},"image":{"@id":"https:\/\/investors.bittnet.ro\/en\/#\/schema\/logo\/image\/"},"sameAs":["https:\/\/www.facebook.com\/BittnetSystems\/","https:\/\/twitter.com\/NA","http:\/\/na","https:\/\/www.linkedin.com\/company\/bittnet-group\/","https:\/\/www.youtube.com\/user\/BittnetSystems"]}]}},"_links":{"self":[{"href":"https:\/\/investors.bittnet.ro\/en\/wp-json\/wp\/v2\/pages\/8758","targetHints":{"allow":["GET"]}}],"collection":[{"href":"https:\/\/investors.bittnet.ro\/en\/wp-json\/wp\/v2\/pages"}],"about":[{"href":"https:\/\/investors.bittnet.ro\/en\/wp-json\/wp\/v2\/types\/page"}],"author":[{"embeddable":true,"href":"https:\/\/investors.bittnet.ro\/en\/wp-json\/wp\/v2\/users\/6"}],"replies":[{"embeddable":true,"href":"https:\/\/investors.bittnet.ro\/en\/wp-json\/wp\/v2\/comments?post=8758"}],"version-history":[{"count":8,"href":"https:\/\/investors.bittnet.ro\/en\/wp-json\/wp\/v2\/pages\/8758\/revisions"}],"predecessor-version":[{"id":9130,"href":"https:\/\/investors.bittnet.ro\/en\/wp-json\/wp\/v2\/pages\/8758\/revisions\/9130"}],"up":[{"embeddable":true,"href":"https:\/\/investors.bittnet.ro\/en\/wp-json\/wp\/v2\/pages\/8716"}],"wp:attachment":[{"href":"https:\/\/investors.bittnet.ro\/en\/wp-json\/wp\/v2\/media?parent=8758"}],"curies":[{"name":"wp","href":"https:\/\/api.w.org\/{rel}","templated":true}]}}