{"id":8720,"date":"2020-08-21T17:04:29","date_gmt":"2020-08-21T14:04:29","guid":{"rendered":"https:\/\/investors.bittnet.ro\/?page_id=8720"},"modified":"2020-08-27T12:23:04","modified_gmt":"2020-08-27T09:23:04","slug":"informatii-generale-despre-emitent","status":"publish","type":"page","link":"https:\/\/investors.bittnet.ro\/en\/rezultate-financiare\/raport-bnet-semestrul-1-2020\/informatii-generale-despre-emitent\/","title":{"rendered":"Informatii Generale despre Emitent"},"content":{"rendered":"<section class=\"l-section wpb_row height_small\"><div class=\"l-section-h i-cf\"><div class=\"g-cols vc_row via_flex valign_top type_default stacking_default\"><div class=\"vc_col-sm-8 wpb_column vc_column_container\"><div class=\"vc_column-inner\"><div class=\"wpb_wrapper\"><div class=\"wpb_text_column\"><div class=\"wpb_wrapper\"><h1 aria-level=\"1\"><b><span data-contrast=\"none\">Informa\u021bii generale despre Emitent<\/span><\/b><span data-ccp-props=\"{&quot;335551550&quot;:6,&quot;335551620&quot;:6,&quot;335559738&quot;:120,&quot;335559739&quot;:160}\">\u00a0<\/span><\/h1>\n<p><span data-contrast=\"auto\">Bittnet a fost \u00eenfiin\u021bat\u0103 \u00een anul 2007 de Mihai \u0219i Cristian Logof\u0103tu, ambii ocup\u00e2nd pozi\u021bii de conducere \u00een cadrul companiei. \u00cenc\u0103 de la \u00eenceputurile sale, Bittnet s-a concentrat pe furnizarea de training IT \u0219i solu\u021bii de integrare, bazate pe tehnologiile liderilor de pia\u021b\u0103 precum Cisco, Microsoft, Dell, Oracle, HP, VMware, Google, Amazon Web Services etc.<\/span><span data-ccp-props=\"{&quot;335551550&quot;:6,&quot;335551620&quot;:6,&quot;335559738&quot;:120,&quot;335559739&quot;:120}\">\u00a0<\/span><\/p>\n<p><span data-contrast=\"auto\">\u00cen februarie 2009, compania \u0219i-a schimbat statutul juridic \u00een societate pe ac\u021biuni (SA), \u00een urma major\u0103rii capitalului social, utiliz\u00e2nd profiturile generate \u00een 2008. \u00cen 2012, compania a primit o prim\u0103 infuzie de capital \u201cdin exterior\u201d (investi\u021bie tip equity) de la business angel-ul R\u0103zvan C\u0103p\u0103\u021b\u00een\u0103, care este \u00een continuare un ac\u021bionar important al companiei.<\/span><span data-ccp-props=\"{&quot;335551550&quot;:6,&quot;335551620&quot;:6,&quot;335559738&quot;:120,&quot;335559739&quot;:120}\">\u00a0<\/span><\/p>\n<p><span data-contrast=\"auto\">Din martie 2015, Bittnet este listat\u0103 pe pia\u021ba AeRO a Bursei de Valori Bucure\u0219ti, sub simbolul BNET. Bittnet a fost prima companie IT care s-a listat pe BVB, dup\u0103 o infuzie de 150.000 de euro \u00een companie, primit\u0103 de la fondul polonez Carpathia Capital SA \u00een schimbul unei participa\u021bii de 10%. Din acel moment, Bittnet folose\u0219te \u00een mod activ mecanismele pie\u021bei de capital pentru a-\u0219i cre\u0219te \u0219i dezvolta afacerea, plas\u00e2nd cu succes cinci emisiuni de obliga\u021biuni \u00een 2016, 2017,\u00a0<\/span><span data-contrast=\"auto\">2019<\/span><span data-contrast=\"auto\">\u00a0(de dou\u0103 ori) \u0219i\u00a0<\/span><span data-contrast=\"auto\">2020<\/span><span data-contrast=\"auto\">. \u00cen aproape patru ani de la listarea pe Bursa de Valori Bucure\u0219ti, Bittnet a atras mai mult de 10 milioane EUR folosind mecanismele de finan\u021bare a pie\u021bei de capital (obliga\u021biuni corporative, capitalizarea profiturilor, major\u0103ri de capital etc.), o parte din capital fiind utilizat\u0103 pentru alimentarea activit\u0103\u021bilor de M&amp;A. Din anul 2016, compania a urmat modelul de succes patentat al B\u0103ncii Transilvania, distribuind ac\u021bionarilor profiturile acumulate sub form\u0103 de ac\u021biuni gratuite \u0219i astfel, cresc\u00e2ndu-\u0219i constant capitalul social de-a lungul anilor.\u00a0<\/span><span data-ccp-props=\"{&quot;335551550&quot;:6,&quot;335551620&quot;:6,&quot;335559738&quot;:120,&quot;335559739&quot;:120}\">\u00a0<\/span><\/p>\n<p><span data-contrast=\"auto\">\u00cen 2016, compania a creat un nou domeniu de competen\u021b\u0103 prin introducerea serviciilor de consultan\u021b\u0103 \u0219i migrare \u00een cloud. Ca rezultat, Bittnet a lansat o serie de ac\u021biuni dedicate clien\u021bilor strict pentru aceast\u0103 gam\u0103 de servicii, care vizeaz\u0103 un nou grup de clien\u021bi, cu un profil u\u0219or diferit. Pe parcursul anului 2017, compania a continuat s\u0103 investeasc\u0103 \u00een cre\u0219terea \u0219i diversificarea competen\u021belor tehnice specifice AWS \u0219i Azure pentru a putea r\u0103spunde solicit\u0103rilor primite.<\/span><span data-ccp-props=\"{&quot;335551550&quot;:6,&quot;335551620&quot;:6,&quot;335559738&quot;:120,&quot;335559739&quot;:120}\">\u00a0<\/span><\/p>\n<p><span data-contrast=\"auto\">Am crezut mereu c\u0103 pia\u021ba IT din Rom\u00e2nia trebuie consolidat\u0103. De aceea, \u00een cursul anului 2017, am identificat prima oportunitate de a ac\u021biona \u00een aceast\u0103 direc\u021bie \u0219i am achizi\u021bionat GECAD NET de la antreprenorul Radu Georgescu. Procesul de achizi\u021bie \u0219i preluarea ulterioar\u0103 au fost un succes deoarece, la sf\u00e2r\u0219itul anului 2017, GECAD a \u00eencheiat anul pe profit, pentru prima dat\u0103 \u00een 3 ani. \u00cen prima jum\u0103tate a anului\u00a0<\/span><span data-contrast=\"auto\">2019<\/span><span data-contrast=\"auto\">, GECAD Net a fost rebr\u0103nduit c\u0103tre <a href=\"https:\/\/www.dendrio.com\/\" target=\"_blank\" rel=\"noopener noreferrer\">Dendrio Solutions<\/a>. Ast\u0103zi, Dendrio este singurul integrator de solutii hibrid \u201cmulti-cloud&#8221; din Rom\u00e2nia, av\u00e2nd o pozi\u021bie consolidat\u0103 ca \u0219i companie certificat\u0103 de cei mai importan\u021bi furnizori de IT din lume, concentr\u00e2ndu-se pe cloud \u0219i securitate informatic\u0103.<\/span><span data-ccp-props=\"{&quot;335551550&quot;:6,&quot;335551620&quot;:6,&quot;335559738&quot;:120,&quot;335559739&quot;:120}\">\u00a0<\/span><\/p>\n<p><span data-contrast=\"auto\">\u00cen\u00a0<\/span><span data-contrast=\"auto\">aprilie\u00a0<\/span><span data-contrast=\"auto\">2019<\/span><span data-contrast=\"auto\">, Bittnet a adoptat structura grupului \u0219i a restructurat afacerea, care se bazeaz\u0103 \u00een prezent pe doi vectori cheie:<\/span><span data-ccp-props=\"{&quot;335551550&quot;:6,&quot;335551620&quot;:6,&quot;335559738&quot;:120,&quot;335559739&quot;:120}\">\u00a0<\/span><\/p>\n<ul>\n<li data-leveltext=\"\uf0b7\" data-font=\"Symbol\" data-listid=\"4\" aria-setsize=\"-1\" data-aria-posinset=\"1\" data-aria-level=\"1\"><span data-contrast=\"auto\">Educa\u021bie, care \u00een prezent const\u0103 \u00een segmentul de training IT unde <a href=\"https:\/\/www.bittnet.ro\/\" target=\"_blank\" rel=\"noopener noreferrer\">Bittnet Training<\/a> este lider de pia\u021b\u0103.<\/span><span data-ccp-props=\"{&quot;134233279&quot;:true,&quot;335551550&quot;:6,&quot;335551620&quot;:6,&quot;335559738&quot;:120,&quot;335559739&quot;:120}\">\u00a0<\/span><\/li>\n<li data-leveltext=\"\uf0b7\" data-font=\"Symbol\" data-listid=\"4\" aria-setsize=\"-1\" data-aria-posinset=\"2\" data-aria-level=\"1\"><span data-contrast=\"auto\">Tehnologie, care este axat pe servicii de integrare IT, oferind solu\u021bii de integrare oferite anterior at\u00e2t de Bittnet, c\u00e2t \u0219i de Dendrio. Aceast\u0103 activitate are un portofoliu partajat de produse, servicii \u0219i solu\u021bii \u0219i o echip\u0103 mai mare care va permite un volum mai mare de munc\u0103, at\u00e2t din punct de vedere tehnic, c\u00e2t \u0219i din punct de vedere al v\u00e2nz\u0103rilor.<\/span><span data-ccp-props=\"{&quot;134233279&quot;:true,&quot;335551550&quot;:6,&quot;335551620&quot;:6,&quot;335559738&quot;:120,&quot;335559739&quot;:120}\">\u00a0<\/span><\/li>\n<\/ul>\n<p><span data-contrast=\"auto\">La scurt timp dup\u0103 anun\u021barea noii structuri, Bittnet a f\u0103cut dou\u0103 noi achizi\u021bii &#8211; un pachet majoritar de ac\u021biuni \u00een compania ce furnizeaz\u0103 solu\u021bii ERP, <a href=\"https:\/\/www.elian-solutions.ro\/\" target=\"_blank\" rel=\"noopener noreferrer\">Elian Solutions<\/a>, precum \u0219i un pachet semnificativ \u00een compania de \u00eenv\u0103\u021bare bazat\u0103 pe jocuri, <a href=\"https:\/\/equatorial.ro\/\" target=\"_blank\" rel=\"noopener noreferrer\">Equatorial Gaming<\/a>. \u00cen urma achizi\u021biei, activit\u0103\u021bile Equatorial au fost integrate \u00een divizia &#8220;Educa\u021bie&#8221;, \u00een timp ce Elian a completat oferta de servicii de integrare IT prin ad\u0103ugarea de solu\u021bii ERP \u00een portofoliul grupului. \u00cen decembrie\u00a0<\/span><span data-contrast=\"auto\">2018<\/span><span data-contrast=\"auto\">, Bittnet a achizi\u021bionat activitatea de integrare IT&amp;C a Crescendo International SRL, o companie cu 25 de ani de experien\u021b\u0103 \u00een Rom\u00e2nia \u0219i pe pie\u021bele externe. Divizia IT&amp;C a companiei Crescendo a fost integrat\u0103 \u00een Dendrio \u0219i, ca urmare a fuziunii, compania beneficiaz\u0103 de o structur\u0103 de afaceri mai stabil\u0103, de resurse extinse de personal, precum \u0219i de un portofoliu extins de clien\u021bi, produse \u0219i servicii.<\/span><span data-ccp-props=\"{&quot;335551550&quot;:6,&quot;335551620&quot;:6,&quot;335559738&quot;:120,&quot;335559739&quot;:120}\">\u00a0<\/span><\/p>\n<p><span data-contrast=\"auto\">Ast\u0103zi, grupul Bittnet are dou\u0103 divizii cheie, educa\u021bie \u0219i tehnologie. Compania are peste 120 de angaja\u021bi \u0219i colaboratori, care lucreaz\u0103 pentru una dintre cele 4 companii incluse \u00een grup.\u00a0<\/span><span data-ccp-props=\"{&quot;335551550&quot;:6,&quot;335551620&quot;:6,&quot;335559738&quot;:120,&quot;335559739&quot;:120}\">\u00a0<\/span><\/p>\n<h4 aria-level=\"2\"><span data-contrast=\"none\">Structura grupului<\/span><\/h4>\n<p><span data-contrast=\"auto\">\u00cen urma proceselor repetate de achizi\u021bii din ultimii doi ani, Bittnet Group a trecut printr-o dezvoltare major\u0103 \u2013 de la o companie singular\u0103 cu activitate \u00een dou\u0103 domenii cheie (Educa\u021bie \u0219i Tehnologie) c\u0103tre un grup de companii ce include mai multe organiza\u021bii ce activeaz\u0103 \u00een acelea\u0219i dou\u0103 arii de interes.<\/span><span data-ccp-props=\"{&quot;335551550&quot;:6,&quot;335551620&quot;:6,&quot;335559738&quot;:120,&quot;335559739&quot;:120,&quot;335559740&quot;:259}\">\u00a0<\/span><\/p>\n<\/div><\/div><div class=\"w-image us_custom_173c0608 align_center\"><div class=\"w-image-h\"><img decoding=\"async\" width=\"1024\" height=\"262\" src=\"https:\/\/investors.bittnet.ro\/wp-content\/uploads\/2020\/08\/Structura-grup-1024x262.png\" class=\"attachment-large size-large\" alt=\"\" loading=\"lazy\" srcset=\"https:\/\/investors.bittnet.ro\/wp-content\/uploads\/2020\/08\/Structura-grup-1024x262.png 1024w, https:\/\/investors.bittnet.ro\/wp-content\/uploads\/2020\/08\/Structura-grup-300x77.png 300w, https:\/\/investors.bittnet.ro\/wp-content\/uploads\/2020\/08\/Structura-grup.png 1742w\" sizes=\"auto, (max-width: 1024px) 100vw, 1024px\" \/><\/div><\/div><\/div><\/div><\/div><div class=\"vc_col-sm-4 wpb_column vc_column_container\"><div class=\"vc_column-inner\"><div class=\"wpb_wrapper\"><nav class=\"w-menu layout_ver style_blocks us_menu_1 with_children\" style=\"--main-gap:1.5rem;--main-ver-indent:0.8em;--main-hor-indent:0.8em;--main-bg-color:#f5f5f5;--main-color:inherit;--main-hover-bg-color:#8dbe65;--main-hover-color:#ffffff;--main-active-bg-color:#8dbe65;--main-active-color:#ffffff;--sub-gap:5px;\" id=\"first-simple-menu\"><ul id=\"menu-h12020_floating\" class=\"menu\"><li id=\"menu-item-8748\" class=\"menu-item menu-item-type-post_type menu-item-object-page menu-item-8748\"><a href=\"https:\/\/investors.bittnet.ro\/rezultate-financiare\/raport-bnet-semestrul-1-2020\/\">H1 2020 half yearly report<\/a><\/li><li id=\"menu-item-9333\" class=\"menu-item menu-item-type-custom menu-item-object-custom menu-item-9333\"><a href=\"https:\/\/investors.bittnet.ro\/wp-content\/uploads\/2020\/08\/Raport-Semestrial-Semestrul-1-2020.pdf\">Download raportul integral in format PDF<\/a><\/li><li id=\"menu-item-9340\" class=\"menu-item menu-item-type-custom menu-item-object-custom menu-item-9340\"><a href=\"https:\/\/investors.bittnet.ro\/wp-content\/uploads\/2020\/08\/Raport-Semestrial-BNET-Semestrul-1-2020-RO-Infografic.jpg\">Infografic<\/a><\/li><li id=\"menu-item-9332\" class=\"menu-item menu-item-type-custom menu-item-object-custom menu-item-9332\"><a href=\"https:\/\/investors.bittnet.ro\/ro\/abonare-newsletter\/\">Abonare Newsletter<\/a><\/li><\/ul><style>@media ( max-width:600px ){.us_menu_1 .menu{display:block!important}.us_menu_1 .menu>li:not(:last-child){margin:0 0 var(--main-gap,1.5rem)!important}}<\/style><\/nav><\/div><\/div><\/div><\/div><\/div><\/section>\n","protected":false},"excerpt":{"rendered":"Informa\u021bii generale despre Emitent\u00a0 Bittnet a fost \u00eenfiin\u021bat\u0103 \u00een anul 2007 de Mihai \u0219i Cristian Logof\u0103tu, ambii ocup\u00e2nd pozi\u021bii de conducere \u00een cadrul companiei. \u00cenc\u0103 de la \u00eenceputurile sale, Bittnet s-a concentrat pe furnizarea de training IT \u0219i solu\u021bii de integrare, bazate pe tehnologiile liderilor de pia\u021b\u0103 precum Cisco, Microsoft, Dell, Oracle, HP, VMware, Google,...","protected":false},"author":6,"featured_media":0,"parent":8716,"menu_order":0,"comment_status":"closed","ping_status":"closed","template":"","meta":{"footnotes":""},"class_list":["post-8720","page","type-page","status-publish","hentry"],"yoast_head":"<!-- This site is optimized with the Yoast SEO plugin v20.8 - https:\/\/yoast.com\/wordpress\/plugins\/seo\/ -->\n<title>Informatii Generale despre Emitent - Bittnet Systems<\/title>\n<meta name=\"description\" content=\"Informatii Generale despre Emitent - Bittnet Systems a fost \u00eenfiin\u021bat\u0103 \u00een anul 2007 de Mihai \u0219i Cristian Logof\u0103tu.\" \/>\n<meta name=\"robots\" content=\"index, follow, max-snippet:-1, max-image-preview:large, max-video-preview:-1\" \/>\n<link rel=\"canonical\" href=\"https:\/\/investors.bittnet.ro\/en\/rezultate-financiare\/raport-bnet-semestrul-1-2020\/informatii-generale-despre-emitent\/\" \/>\n<meta property=\"og:locale\" content=\"en_US\" \/>\n<meta property=\"og:type\" content=\"article\" \/>\n<meta property=\"og:title\" content=\"Informatii Generale despre Emitent - Bittnet Systems\" \/>\n<meta property=\"og:description\" content=\"Informatii Generale despre Emitent - Bittnet Systems a fost \u00eenfiin\u021bat\u0103 \u00een anul 2007 de Mihai \u0219i Cristian Logof\u0103tu.\" \/>\n<meta property=\"og:url\" content=\"https:\/\/investors.bittnet.ro\/en\/rezultate-financiare\/raport-bnet-semestrul-1-2020\/informatii-generale-despre-emitent\/\" \/>\n<meta property=\"og:site_name\" content=\"Bittnet Investors Relations Site\" \/>\n<meta property=\"article:publisher\" content=\"https:\/\/www.facebook.com\/BittnetSystems\/\" \/>\n<meta property=\"article:modified_time\" content=\"2020-08-27T09:23:04+00:00\" \/>\n<meta name=\"twitter:card\" content=\"summary_large_image\" \/>\n<meta name=\"twitter:site\" content=\"@NA\" \/>\n<meta name=\"twitter:label1\" content=\"Est. reading time\" \/>\n\t<meta name=\"twitter:data1\" content=\"5 minutes\" \/>\n<script type=\"application\/ld+json\" class=\"yoast-schema-graph\">{\"@context\":\"https:\/\/schema.org\",\"@graph\":[{\"@type\":\"WebPage\",\"@id\":\"https:\/\/investors.bittnet.ro\/en\/rezultate-financiare\/raport-bnet-semestrul-1-2020\/informatii-generale-despre-emitent\/\",\"url\":\"https:\/\/investors.bittnet.ro\/en\/rezultate-financiare\/raport-bnet-semestrul-1-2020\/informatii-generale-despre-emitent\/\",\"name\":\"Informatii Generale despre Emitent - Bittnet Systems\",\"isPartOf\":{\"@id\":\"https:\/\/investors.bittnet.ro\/en\/#website\"},\"datePublished\":\"2020-08-21T14:04:29+00:00\",\"dateModified\":\"2020-08-27T09:23:04+00:00\",\"description\":\"Informatii Generale despre Emitent - Bittnet Systems a fost \u00eenfiin\u021bat\u0103 \u00een anul 2007 de Mihai \u0219i Cristian Logof\u0103tu.\",\"breadcrumb\":{\"@id\":\"https:\/\/investors.bittnet.ro\/en\/rezultate-financiare\/raport-bnet-semestrul-1-2020\/informatii-generale-despre-emitent\/#breadcrumb\"},\"inLanguage\":\"en-US\",\"potentialAction\":[{\"@type\":\"ReadAction\",\"target\":[\"https:\/\/investors.bittnet.ro\/en\/rezultate-financiare\/raport-bnet-semestrul-1-2020\/informatii-generale-despre-emitent\/\"]}]},{\"@type\":\"BreadcrumbList\",\"@id\":\"https:\/\/investors.bittnet.ro\/en\/rezultate-financiare\/raport-bnet-semestrul-1-2020\/informatii-generale-despre-emitent\/#breadcrumb\",\"itemListElement\":[{\"@type\":\"ListItem\",\"position\":1,\"name\":\"Home\",\"item\":\"https:\/\/investors.bittnet.ro\/en\/\"},{\"@type\":\"ListItem\",\"position\":2,\"name\":\"Rezultate financiare\",\"item\":\"https:\/\/investors.bittnet.ro\/en\/rezultate-financiare\/\"},{\"@type\":\"ListItem\",\"position\":3,\"name\":\"Raport BNET Semestrul 1 2020\",\"item\":\"https:\/\/investors.bittnet.ro\/en\/rezultate-financiare\/raport-bnet-semestrul-1-2020\/\"},{\"@type\":\"ListItem\",\"position\":4,\"name\":\"Informatii Generale despre Emitent\"}]},{\"@type\":\"WebSite\",\"@id\":\"https:\/\/investors.bittnet.ro\/en\/#website\",\"url\":\"https:\/\/investors.bittnet.ro\/en\/\",\"name\":\"Bittnet Investors Relations Site\",\"description\":\"Your Value. Upgraded.\",\"publisher\":{\"@id\":\"https:\/\/investors.bittnet.ro\/en\/#organization\"},\"potentialAction\":[{\"@type\":\"SearchAction\",\"target\":{\"@type\":\"EntryPoint\",\"urlTemplate\":\"https:\/\/investors.bittnet.ro\/en\/?s={search_term_string}\"},\"query-input\":\"required name=search_term_string\"}],\"inLanguage\":\"en-US\"},{\"@type\":\"Organization\",\"@id\":\"https:\/\/investors.bittnet.ro\/en\/#organization\",\"name\":\"Bittnet Group\",\"url\":\"https:\/\/investors.bittnet.ro\/en\/\",\"logo\":{\"@type\":\"ImageObject\",\"inLanguage\":\"en-US\",\"@id\":\"https:\/\/investors.bittnet.ro\/en\/#\/schema\/logo\/image\/\",\"url\":\"https:\/\/investors.bittnet.ro\/wp-content\/uploads\/2019\/05\/logo-grup.png\",\"contentUrl\":\"https:\/\/investors.bittnet.ro\/wp-content\/uploads\/2019\/05\/logo-grup.png\",\"width\":807,\"height\":442,\"caption\":\"Bittnet Group\"},\"image\":{\"@id\":\"https:\/\/investors.bittnet.ro\/en\/#\/schema\/logo\/image\/\"},\"sameAs\":[\"https:\/\/www.facebook.com\/BittnetSystems\/\",\"https:\/\/twitter.com\/NA\",\"http:\/\/na\",\"https:\/\/www.linkedin.com\/company\/bittnet-group\/\",\"https:\/\/www.youtube.com\/user\/BittnetSystems\"]}]}<\/script>\n<!-- \/ Yoast SEO plugin. -->","yoast_head_json":{"title":"Informatii Generale despre Emitent - Bittnet Systems","description":"Informatii Generale despre Emitent - Bittnet Systems a fost \u00eenfiin\u021bat\u0103 \u00een anul 2007 de Mihai \u0219i Cristian Logof\u0103tu.","robots":{"index":"index","follow":"follow","max-snippet":"max-snippet:-1","max-image-preview":"max-image-preview:large","max-video-preview":"max-video-preview:-1"},"canonical":"https:\/\/investors.bittnet.ro\/en\/rezultate-financiare\/raport-bnet-semestrul-1-2020\/informatii-generale-despre-emitent\/","og_locale":"en_US","og_type":"article","og_title":"Informatii Generale despre Emitent - Bittnet Systems","og_description":"Informatii Generale despre Emitent - Bittnet Systems a fost \u00eenfiin\u021bat\u0103 \u00een anul 2007 de Mihai \u0219i Cristian Logof\u0103tu.","og_url":"https:\/\/investors.bittnet.ro\/en\/rezultate-financiare\/raport-bnet-semestrul-1-2020\/informatii-generale-despre-emitent\/","og_site_name":"Bittnet Investors Relations Site","article_publisher":"https:\/\/www.facebook.com\/BittnetSystems\/","article_modified_time":"2020-08-27T09:23:04+00:00","twitter_card":"summary_large_image","twitter_site":"@NA","twitter_misc":{"Est. reading time":"5 minutes"},"schema":{"@context":"https:\/\/schema.org","@graph":[{"@type":"WebPage","@id":"https:\/\/investors.bittnet.ro\/en\/rezultate-financiare\/raport-bnet-semestrul-1-2020\/informatii-generale-despre-emitent\/","url":"https:\/\/investors.bittnet.ro\/en\/rezultate-financiare\/raport-bnet-semestrul-1-2020\/informatii-generale-despre-emitent\/","name":"Informatii Generale despre Emitent - Bittnet Systems","isPartOf":{"@id":"https:\/\/investors.bittnet.ro\/en\/#website"},"datePublished":"2020-08-21T14:04:29+00:00","dateModified":"2020-08-27T09:23:04+00:00","description":"Informatii Generale despre Emitent - Bittnet Systems a fost \u00eenfiin\u021bat\u0103 \u00een anul 2007 de Mihai \u0219i Cristian Logof\u0103tu.","breadcrumb":{"@id":"https:\/\/investors.bittnet.ro\/en\/rezultate-financiare\/raport-bnet-semestrul-1-2020\/informatii-generale-despre-emitent\/#breadcrumb"},"inLanguage":"en-US","potentialAction":[{"@type":"ReadAction","target":["https:\/\/investors.bittnet.ro\/en\/rezultate-financiare\/raport-bnet-semestrul-1-2020\/informatii-generale-despre-emitent\/"]}]},{"@type":"BreadcrumbList","@id":"https:\/\/investors.bittnet.ro\/en\/rezultate-financiare\/raport-bnet-semestrul-1-2020\/informatii-generale-despre-emitent\/#breadcrumb","itemListElement":[{"@type":"ListItem","position":1,"name":"Home","item":"https:\/\/investors.bittnet.ro\/en\/"},{"@type":"ListItem","position":2,"name":"Rezultate financiare","item":"https:\/\/investors.bittnet.ro\/en\/rezultate-financiare\/"},{"@type":"ListItem","position":3,"name":"Raport BNET Semestrul 1 2020","item":"https:\/\/investors.bittnet.ro\/en\/rezultate-financiare\/raport-bnet-semestrul-1-2020\/"},{"@type":"ListItem","position":4,"name":"Informatii Generale despre Emitent"}]},{"@type":"WebSite","@id":"https:\/\/investors.bittnet.ro\/en\/#website","url":"https:\/\/investors.bittnet.ro\/en\/","name":"Bittnet Investors Relations Site","description":"Your Value. Upgraded.","publisher":{"@id":"https:\/\/investors.bittnet.ro\/en\/#organization"},"potentialAction":[{"@type":"SearchAction","target":{"@type":"EntryPoint","urlTemplate":"https:\/\/investors.bittnet.ro\/en\/?s={search_term_string}"},"query-input":"required name=search_term_string"}],"inLanguage":"en-US"},{"@type":"Organization","@id":"https:\/\/investors.bittnet.ro\/en\/#organization","name":"Bittnet Group","url":"https:\/\/investors.bittnet.ro\/en\/","logo":{"@type":"ImageObject","inLanguage":"en-US","@id":"https:\/\/investors.bittnet.ro\/en\/#\/schema\/logo\/image\/","url":"https:\/\/investors.bittnet.ro\/wp-content\/uploads\/2019\/05\/logo-grup.png","contentUrl":"https:\/\/investors.bittnet.ro\/wp-content\/uploads\/2019\/05\/logo-grup.png","width":807,"height":442,"caption":"Bittnet Group"},"image":{"@id":"https:\/\/investors.bittnet.ro\/en\/#\/schema\/logo\/image\/"},"sameAs":["https:\/\/www.facebook.com\/BittnetSystems\/","https:\/\/twitter.com\/NA","http:\/\/na","https:\/\/www.linkedin.com\/company\/bittnet-group\/","https:\/\/www.youtube.com\/user\/BittnetSystems"]}]}},"_links":{"self":[{"href":"https:\/\/investors.bittnet.ro\/en\/wp-json\/wp\/v2\/pages\/8720","targetHints":{"allow":["GET"]}}],"collection":[{"href":"https:\/\/investors.bittnet.ro\/en\/wp-json\/wp\/v2\/pages"}],"about":[{"href":"https:\/\/investors.bittnet.ro\/en\/wp-json\/wp\/v2\/types\/page"}],"author":[{"embeddable":true,"href":"https:\/\/investors.bittnet.ro\/en\/wp-json\/wp\/v2\/users\/6"}],"replies":[{"embeddable":true,"href":"https:\/\/investors.bittnet.ro\/en\/wp-json\/wp\/v2\/comments?post=8720"}],"version-history":[{"count":22,"href":"https:\/\/investors.bittnet.ro\/en\/wp-json\/wp\/v2\/pages\/8720\/revisions"}],"predecessor-version":[{"id":9374,"href":"https:\/\/investors.bittnet.ro\/en\/wp-json\/wp\/v2\/pages\/8720\/revisions\/9374"}],"up":[{"embeddable":true,"href":"https:\/\/investors.bittnet.ro\/en\/wp-json\/wp\/v2\/pages\/8716"}],"wp:attachment":[{"href":"https:\/\/investors.bittnet.ro\/en\/wp-json\/wp\/v2\/media?parent=8720"}],"curies":[{"name":"wp","href":"https:\/\/api.w.org\/{rel}","templated":true}]}}