{"id":8660,"date":"2020-08-18T10:26:55","date_gmt":"2020-08-18T07:26:55","guid":{"rendered":"https:\/\/investors.bittnet.ro\/?page_id=8660"},"modified":"2020-08-21T16:39:59","modified_gmt":"2020-08-21T13:39:59","slug":"test-2","status":"publish","type":"page","link":"https:\/\/investors.bittnet.ro\/en\/test-2\/","title":{"rendered":"test"},"content":{"rendered":"<section class=\"l-section wpb_row height_small\"><div class=\"l-section-h i-cf\"><div class=\"g-cols vc_row via_flex valign_top type_default stacking_default\"><div class=\"vc_col-sm-12 wpb_column vc_column_container\"><div class=\"vc_column-inner\"><div class=\"wpb_wrapper\"><div class=\"wpb_text_column\"><div class=\"wpb_wrapper\"><p>I am text block. Click edit button to change this text. Lorem ipsum dolor sit amet, consectetur adipiscing elit. Ut elit tellus, luctus nec ullamcorper mattis, pulvinar dapibus leo.<\/p>\n<\/div><\/div><div class=\"w-separator size_small\"><\/div><div class=\"w-tabs layout_ver navwidth_auto navpos_left style_default switch_click has_scrolling\" style=\"--sections-title-size:1em\"><div class=\"w-tabs-list items_10 align_none\"><div class=\"w-tabs-list-h\"><button class=\"w-tabs-item active\" aria-controls=\"content-n6a7\" aria-expanded=\"false\"><span class=\"w-tabs-item-title\">1. Raport Semestrial &#8211; Semestrul 1 2020 &#8211; idei<\/span><\/button><button class=\"w-tabs-item\" aria-controls=\"content-i91b\" aria-expanded=\"false\"><span class=\"w-tabs-item-title\">2. Situa\u0163ia economico-financiar\u0103 a grupului<\/span><\/button><button class=\"w-tabs-item\" aria-controls=\"content-xba4\" aria-expanded=\"false\"><span class=\"w-tabs-item-title\">3. Analiza activit\u0103\u0163ii societ\u0103\u0163ii comerciale<\/span><\/button><button class=\"w-tabs-item\" aria-controls=\"content-tdeb\" aria-expanded=\"false\"><span class=\"w-tabs-item-title\">4. Schimb\u0103ri care afecteaz\u0103 capitalul \u015fi administrarea societ\u0103\u0163ii comerciale<\/span><\/button><button class=\"w-tabs-item\" aria-controls=\"content-h096\" aria-expanded=\"false\"><span class=\"w-tabs-item-title\">5. Tranzac\u0163ii semnificative intragrup<\/span><\/button><button class=\"w-tabs-item\" aria-controls=\"content-h2ce\" aria-expanded=\"false\"><span class=\"w-tabs-item-title\">6. Semn\u0103turi si declaratii conform art. 123 2 punctul b, lit c din regulamentul ASF NR.1\/2006.<\/span><\/button><button class=\"w-tabs-item\" aria-controls=\"content-s5d5\" aria-expanded=\"false\"><span class=\"w-tabs-item-title\">7. Gradul de realizare a \u021bintelor pentru anul 2020<\/span><\/button><button class=\"w-tabs-item\" aria-controls=\"content-e8b6\" aria-expanded=\"false\"><span class=\"w-tabs-item-title\">8. Anexe<\/span><\/button><button class=\"w-tabs-item\" aria-controls=\"content-vb15\" aria-expanded=\"false\"><span class=\"w-tabs-item-title\">9. Recapitulare Evenimente cheie \u00een S1 2020<\/span><\/button><button class=\"w-tabs-item\" aria-controls=\"content-dd91\" aria-expanded=\"false\"><span class=\"w-tabs-item-title\">Raport Semestrial &#8211; Semestrul 1 2020 &#8211; raport integral (toate capitolele)<\/span><\/button><\/div><\/div><div class=\"w-tabs-sections titles-align_none icon_chevron cpos_right\"><div class=\"w-tabs-section active\" id=\"n6a7\"><button class=\"w-tabs-section-header active\" aria-controls=\"content-n6a7\" aria-expanded=\"true\"><div class=\"w-tabs-section-title\">1. Raport Semestrial &#8211; Semestrul 1 2020 &#8211; idei<\/div><div class=\"w-tabs-section-control\"><\/div><\/button><div  class=\"w-tabs-section-content\" id=\"content-n6a7\"><div class=\"w-tabs-section-content-h i-cf\"><div class=\"wpb_text_column\"><div class=\"wpb_wrapper\"><ul>\n<li>Semestrul 1 in 10 paragrafe (grafice)<\/li>\n<li>Mesaj de la CEO<\/li>\n<li>Informa\u021bii generale despre emitent<\/li>\n<\/ul>\n<\/div><\/div><div class=\"w-separator size_small\"><\/div><div class=\"w-btn-wrapper align_none\"><a class=\"w-btn us-btn-style_1\" target=\" _blank\" rel=\"nofollow\" href=\"https:\/\/www.dendrio.com\/\"><span class=\"w-btn-label\">Descarca capitolul 1<\/span><\/a><\/div><\/div><\/div><\/div><div class=\"w-tabs-section\" id=\"i91b\"><button class=\"w-tabs-section-header\" aria-controls=\"content-i91b\" aria-expanded=\"false\"><div class=\"w-tabs-section-title\">2. Situa\u0163ia economico-financiar\u0103 a grupului<\/div><div class=\"w-tabs-section-control\"><\/div><\/button><div  class=\"w-tabs-section-content\" id=\"content-i91b\"><div class=\"w-tabs-section-content-h i-cf\"><div class=\"wpb_text_column\"><div class=\"wpb_wrapper\"><ul>\n<li>Elemente de bilan\u021b<\/li>\n<li>Contul de profit \u0219i pierdere<\/li>\n<li>Situatia Fluxurilor de Numerar<\/li>\n<\/ul>\n<\/div><\/div><div class=\"w-separator size_small\"><\/div><div class=\"w-btn-wrapper align_none\"><a class=\"w-btn us-btn-style_1\" href=\"https:\/\/www.dendrio.com\/\"><span class=\"w-btn-label\">Descarca capitolul 2<\/span><\/a><\/div><\/div><\/div><\/div><div class=\"w-tabs-section\" id=\"xba4\"><button class=\"w-tabs-section-header\" aria-controls=\"content-xba4\" aria-expanded=\"false\"><div class=\"w-tabs-section-title\">3. Analiza activit\u0103\u0163ii societ\u0103\u0163ii comerciale<\/div><div class=\"w-tabs-section-control\"><\/div><\/button><div  class=\"w-tabs-section-content\" id=\"content-xba4\"><div class=\"w-tabs-section-content-h i-cf\"><div class=\"wpb_text_column\"><div class=\"wpb_wrapper\"><ul>\n<li>Prezentarea \u015fi analizarea tendin\u0163elor, elementelor, evenimentelor sau factorilor de incertitudine ce afecteaz\u0103 sau ar putea afecta lichiditatea societ\u0103\u0163ii comerciale, comparativ cu aceea\u015fi perioad\u0103 a anului trecut.<\/li>\n<li>Riscuri identificate de Emitent<\/li>\n<li>Prezentarea \u015fi analizarea efectelor asupra situa\u0163iei financiare a societ\u0103\u0163ii comerciale a tuturor cheltuielilor de capital, curente sau anticipate (preciz\u00e2nd scopul \u015fi sursele de finan\u0163are a acestor cheltuieli), comparativ cu aceea\u015fi perioad\u0103 a anului trecut.<\/li>\n<li>Prezentarea \u015fi analizarea evenimentelor, tranzac\u0163iilor, schimb\u0103rilor economice care afecteaz\u0103 semnificativ veniturile din activitatea de baz\u0103. Precizarea m\u0103surii \u00een care au fost afectate veniturile de fiecare element identificat. Compara\u0163ie cu perioada corespunz\u0103toare a anului trecut.<\/li>\n<\/ul>\n<\/div><\/div><div class=\"w-separator size_small\"><\/div><div class=\"w-btn-wrapper align_none\"><a class=\"w-btn us-btn-style_1\" href=\"https:\/\/www.dendrio.com\/\"><span class=\"w-btn-label\">Descarca capitolul 3<\/span><\/a><\/div><\/div><\/div><\/div><div class=\"w-tabs-section\" id=\"tdeb\"><button class=\"w-tabs-section-header\" aria-controls=\"content-tdeb\" aria-expanded=\"false\"><div class=\"w-tabs-section-title\">4. Schimb\u0103ri care afecteaz\u0103 capitalul \u015fi administrarea societ\u0103\u0163ii comerciale<\/div><div class=\"w-tabs-section-control\"><\/div><\/button><div  class=\"w-tabs-section-content\" id=\"content-tdeb\"><div class=\"w-tabs-section-content-h i-cf\"><div class=\"wpb_text_column\"><div class=\"wpb_wrapper\"><ul>\n<li>Descrierea cazurilor \u00een care societatea comercial\u0103 a fost \u00een imposibilitatea de a \u00ee\u015fi respecta obliga\u0163iile financiare \u00een timpul perioadei respective.<\/li>\n<li>Descrierea oric\u0103rei modific\u0103ri privind drepturile de\u0163in\u0103torilor de valori mobiliare emise de societatea comercial\u0103.<\/li>\n<\/ul>\n<\/div><\/div><div class=\"w-separator size_small\"><\/div><div class=\"w-btn-wrapper align_none\"><a class=\"w-btn us-btn-style_1\" href=\"https:\/\/www.dendrio.com\/\"><span class=\"w-btn-label\">Descarca capitolul 4<\/span><\/a><\/div><\/div><\/div><\/div><div class=\"w-tabs-section\" id=\"h096\"><button class=\"w-tabs-section-header\" aria-controls=\"content-h096\" aria-expanded=\"false\"><div class=\"w-tabs-section-title\">5. Tranzac\u0163ii semnificative intragrup<\/div><div class=\"w-tabs-section-control\"><\/div><\/button><div  class=\"w-tabs-section-content\" id=\"content-h096\"><div class=\"w-tabs-section-content-h i-cf\"><div class=\"wpb_text_column\"><div class=\"wpb_wrapper\"><ul>\n<li>Nu este cazul &#8211; \u00cen perioada de raportare, societatea nu a \u00eencheiat tranzac\u021bii semnficative cu persoane cu care ac\u021bioneaz\u0103 \u00een mod concertat sau cu afilia\u021bii. \u00cen desf\u0103\u0219urarea activit\u0103\u021bii normale opera\u021bionale, exist\u0103 fluxuri comerciale care genereaz\u0103 tranzac\u021bii \u00eentre companiile din grup:<\/li>\n<li>Livrari Elian<\/li>\n<li>Livrari Dendrio<\/li>\n<li>Livrari Bittnet<\/li>\n<\/ul>\n<\/div><\/div><div class=\"w-separator size_small\"><\/div><div class=\"w-btn-wrapper align_none\"><a class=\"w-btn us-btn-style_1\" href=\"https:\/\/www.dendrio.com\/\"><span class=\"w-btn-label\">Descarca capitolul 5<\/span><\/a><\/div><\/div><\/div><\/div><div class=\"w-tabs-section\" id=\"h2ce\"><button class=\"w-tabs-section-header\" aria-controls=\"content-h2ce\" aria-expanded=\"false\"><div class=\"w-tabs-section-title\">6. Semn\u0103turi si declaratii conform art. 123 2 punctul b, lit c din regulamentul ASF NR.1\/2006.<\/div><div class=\"w-tabs-section-control\"><\/div><\/button><div  class=\"w-tabs-section-content\" id=\"content-h2ce\"><div class=\"w-tabs-section-content-h i-cf\"><div class=\"wpb_text_column\"><div class=\"wpb_wrapper\"><ul>\n<li>Cristian Logof\u0103tu, \u00een calitate de Director Financiar al Companiei declar\u0103 c\u0103, dup\u0103 cuno\u015ftin\u0163ele sale, raportarea contabil\u0103 semestrial\u0103 care a fost \u00eentocmit\u0103 \u00een conformitate cu standardele contabile aplicabile, ofer\u0103 o imagine corect\u0103 \u015fi conform\u0103 cu realitatea activelor, obliga\u0163iilor, pozi\u0163iei financiare, contului de profit \u015fi pierderi ale Emitentului sau ale filialelor acestuia incluse \u00een procesul de consolidare \u015fi c\u0103 aceasta prezint\u0103 \u00een mod corect \u015fi complet informa\u0163iile despre Emitent.<\/li>\n<\/ul>\n<\/div><\/div><div class=\"w-separator size_small\"><\/div><div class=\"w-btn-wrapper align_none\"><a class=\"w-btn us-btn-style_1\" href=\"https:\/\/www.dendrio.com\/\"><span class=\"w-btn-label\">Descarca capitolul 6<\/span><\/a><\/div><\/div><\/div><\/div><div class=\"w-tabs-section\" id=\"s5d5\"><button class=\"w-tabs-section-header\" aria-controls=\"content-s5d5\" aria-expanded=\"false\"><div class=\"w-tabs-section-title\">7. Gradul de realizare a \u021bintelor pentru anul 2020<\/div><div class=\"w-tabs-section-control\"><\/div><\/button><div  class=\"w-tabs-section-content\" id=\"content-s5d5\"><div class=\"w-tabs-section-content-h i-cf\"><div class=\"wpb_text_column\"><div class=\"wpb_wrapper\"><ul>\n<li>Cifra de afaceri<\/li>\n<li>Cheltuielile de exploatare, inclusiv:- Deprecie re \u0219i Amortizare<\/li>\n<li>Operating result<\/li>\n<li>Rezultate financiare, inclusiv: &#8211; Cheltuieli financiare<\/li>\n<li>Rezultatul brut<\/li>\n<li>Rezultatul net<\/li>\n<li>Num\u0103rul de ac\u021biuni<\/li>\n<li>Rezultatul net per ac\u021biune (in BANI)<\/li>\n<\/ul>\n<\/div><\/div><div class=\"w-separator size_small\"><\/div><div class=\"w-btn-wrapper align_none\"><a class=\"w-btn us-btn-style_1\" href=\"https:\/\/www.dendrio.com\/\"><span class=\"w-btn-label\">Descarca capitolul 7<\/span><\/a><\/div><\/div><\/div><\/div><div class=\"w-tabs-section\" id=\"e8b6\"><button class=\"w-tabs-section-header\" aria-controls=\"content-e8b6\" aria-expanded=\"false\"><div class=\"w-tabs-section-title\">8. Anexe<\/div><div class=\"w-tabs-section-control\"><\/div><\/button><div  class=\"w-tabs-section-content\" id=\"content-e8b6\"><div class=\"w-tabs-section-content-h i-cf\"><div class=\"wpb_text_column\"><div class=\"wpb_wrapper\"><ul>\n<li>Situa\u021bia activelor, datoriilor \u0219i capitalurilor proprii<\/li>\n<li>Contul de profit \u0219i pierdere<\/li>\n<li>Situatia Fluxurilor De Trezorerie<\/li>\n<li>Bilant Individual Bittnet<\/li>\n<li>Cont de Profit Bittnet<\/li>\n<li>BILANT CONSOLIDAT<\/li>\n<li>CONTUL DE PROFIT SI PIERDERE CONSOLIDAT<\/li>\n<li>Hot\u0103r\u00e2ri ale Adun\u0103rii Generale Extraordinare a Ac\u021bionarilor din 24.04.2020 de modificare a Actului Constitutiv<\/li>\n<\/ul>\n<\/div><\/div><div class=\"w-separator size_small\"><\/div><div class=\"w-btn-wrapper align_none\"><a class=\"w-btn us-btn-style_1\" href=\"https:\/\/www.dendrio.com\/\"><span class=\"w-btn-label\">Descarca capitolul 8<\/span><\/a><\/div><\/div><\/div><\/div><div class=\"w-tabs-section\" id=\"vb15\"><button class=\"w-tabs-section-header\" aria-controls=\"content-vb15\" aria-expanded=\"false\"><div class=\"w-tabs-section-title\">9. Recapitulare Evenimente cheie \u00een S1 2020<\/div><div class=\"w-tabs-section-control\"><\/div><\/button><div  class=\"w-tabs-section-content\" id=\"content-vb15\"><div class=\"w-tabs-section-content-h i-cf\"><div class=\"wpb_text_column\"><div class=\"wpb_wrapper\"><ul>\n<li>De-a lungul primei jum\u0103t\u0103\u021bi a anului 2020, compania a pl\u0103tit cupoane la trei emisiuni de obliga\u021biuni &#8211; BNET19, BNET22 \u0219i BNET23. Pentru BNET19, plata cuponului nr. 10 a fost f\u0103cut\u0103 pe 15 ianuarie 2020. Pentru BNET22, al 6-lea cupon de plat\u0103 a fost f\u0103cut pe 15 martie 2020, plata pentru al \u0219aptelea cupon a fost f\u0103cut\u0103 pe 18 iunie 2020. Pentru BNET23, al 4-lea cupon a fost pl\u0103tit pe 15 mai 2020.<\/li>\n<\/ul>\n<\/div><\/div><div class=\"w-separator size_small\"><\/div><div class=\"w-btn-wrapper align_none\"><a class=\"w-btn us-btn-style_1\" href=\"https:\/\/www.dendrio.com\/\"><span class=\"w-btn-label\">Descarca capitolul 9<\/span><\/a><\/div><\/div><\/div><\/div><div class=\"w-tabs-section\" id=\"dd91\"><button class=\"w-tabs-section-header\" aria-controls=\"content-dd91\" aria-expanded=\"false\"><div class=\"w-tabs-section-title\">Raport Semestrial &#8211; Semestrul 1 2020 &#8211; raport integral (toate capitolele)<\/div><div class=\"w-tabs-section-control\"><\/div><\/button><div  class=\"w-tabs-section-content\" id=\"content-dd91\"><div class=\"w-tabs-section-content-h i-cf\"><div class=\"wpb_text_column\"><div class=\"wpb_wrapper\"><ul>\n<li>Semestrul 1 in 10 paragrafe (grafice)<\/li>\n<li>Situa\u0163ia economico-financiar\u0103 a grupului24<\/li>\n<li>Analiza activit\u0103\u0163ii societ\u0103\u0163ii comerciale<\/li>\n<li>Schimb\u0103ri care afecteaz\u0103 capitalul \u015fi administrarea societ\u0103\u0163ii comerciale<\/li>\n<li>Tranzac\u0163ii semnificative intragrup<\/li>\n<li>Semn\u0103turi si declaratii conform art. 123 2 punctul b, lit c din regulamentul ASF NR.1\/2006.<\/li>\n<li>Gradul de realizare a \u021bintelor pentru anul 2020<\/li>\n<li>Anexe<\/li>\n<\/ul>\n<p>Recapitulare evenimente cheie \u00een S1 2020<\/p>\n<\/div><\/div><div class=\"w-separator size_small\"><\/div><div class=\"w-btn-wrapper align_none\"><a class=\"w-btn us-btn-style_1\" href=\"https:\/\/www.dendrio.com\/\"><span class=\"w-btn-label\">Descarca intregul raport<\/span><\/a><\/div><\/div><\/div><\/div><\/div><\/div><\/div><\/div><\/div><\/div><\/div><\/section>\n","protected":false},"excerpt":{"rendered":"I am text block. Click edit button to change this text. Lorem ipsum dolor sit amet, consectetur adipiscing elit. Ut elit tellus, luctus nec ullamcorper mattis, pulvinar dapibus leo. 1. Raport Semestrial &#8211; Semestrul 1 2020 &#8211; idei2. Situa\u0163ia economico-financiar\u0103 a grupului3. Analiza activit\u0103\u0163ii societ\u0103\u0163ii comerciale4. Schimb\u0103ri care afecteaz\u0103 capitalul \u015fi administrarea societ\u0103\u0163ii comerciale5. Tranzac\u0163ii...","protected":false},"author":13,"featured_media":0,"parent":0,"menu_order":0,"comment_status":"closed","ping_status":"closed","template":"","meta":{"footnotes":""},"class_list":["post-8660","page","type-page","status-publish","hentry"],"yoast_head":"<!-- This site is optimized with the Yoast SEO plugin v20.8 - https:\/\/yoast.com\/wordpress\/plugins\/seo\/ -->\n<title>test - Bittnet Investors Relations Site<\/title>\n<meta name=\"robots\" content=\"index, follow, max-snippet:-1, max-image-preview:large, max-video-preview:-1\" \/>\n<link rel=\"canonical\" href=\"https:\/\/investors.bittnet.ro\/en\/test-2\/\" \/>\n<meta property=\"og:locale\" content=\"en_US\" \/>\n<meta property=\"og:type\" content=\"article\" \/>\n<meta property=\"og:title\" content=\"test - Bittnet Investors Relations Site\" \/>\n<meta property=\"og:url\" content=\"https:\/\/investors.bittnet.ro\/en\/test-2\/\" \/>\n<meta property=\"og:site_name\" content=\"Bittnet Investors Relations Site\" \/>\n<meta property=\"article:publisher\" content=\"https:\/\/www.facebook.com\/BittnetSystems\/\" \/>\n<meta property=\"article:modified_time\" content=\"2020-08-21T13:39:59+00:00\" \/>\n<meta name=\"twitter:card\" content=\"summary_large_image\" \/>\n<meta name=\"twitter:site\" content=\"@NA\" \/>\n<meta name=\"twitter:label1\" content=\"Est. reading time\" \/>\n\t<meta name=\"twitter:data1\" content=\"5 minutes\" \/>\n<script type=\"application\/ld+json\" class=\"yoast-schema-graph\">{\"@context\":\"https:\/\/schema.org\",\"@graph\":[{\"@type\":\"WebPage\",\"@id\":\"https:\/\/investors.bittnet.ro\/en\/test-2\/\",\"url\":\"https:\/\/investors.bittnet.ro\/en\/test-2\/\",\"name\":\"test - Bittnet Investors Relations Site\",\"isPartOf\":{\"@id\":\"https:\/\/investors.bittnet.ro\/en\/#website\"},\"datePublished\":\"2020-08-18T07:26:55+00:00\",\"dateModified\":\"2020-08-21T13:39:59+00:00\",\"breadcrumb\":{\"@id\":\"https:\/\/investors.bittnet.ro\/en\/test-2\/#breadcrumb\"},\"inLanguage\":\"en-US\",\"potentialAction\":[{\"@type\":\"ReadAction\",\"target\":[\"https:\/\/investors.bittnet.ro\/en\/test-2\/\"]}]},{\"@type\":\"BreadcrumbList\",\"@id\":\"https:\/\/investors.bittnet.ro\/en\/test-2\/#breadcrumb\",\"itemListElement\":[{\"@type\":\"ListItem\",\"position\":1,\"name\":\"Home\",\"item\":\"https:\/\/investors.bittnet.ro\/en\/\"},{\"@type\":\"ListItem\",\"position\":2,\"name\":\"test\"}]},{\"@type\":\"WebSite\",\"@id\":\"https:\/\/investors.bittnet.ro\/en\/#website\",\"url\":\"https:\/\/investors.bittnet.ro\/en\/\",\"name\":\"Bittnet Investors Relations Site\",\"description\":\"Your Value. Upgraded.\",\"publisher\":{\"@id\":\"https:\/\/investors.bittnet.ro\/en\/#organization\"},\"potentialAction\":[{\"@type\":\"SearchAction\",\"target\":{\"@type\":\"EntryPoint\",\"urlTemplate\":\"https:\/\/investors.bittnet.ro\/en\/?s={search_term_string}\"},\"query-input\":\"required name=search_term_string\"}],\"inLanguage\":\"en-US\"},{\"@type\":\"Organization\",\"@id\":\"https:\/\/investors.bittnet.ro\/en\/#organization\",\"name\":\"Bittnet Group\",\"url\":\"https:\/\/investors.bittnet.ro\/en\/\",\"logo\":{\"@type\":\"ImageObject\",\"inLanguage\":\"en-US\",\"@id\":\"https:\/\/investors.bittnet.ro\/en\/#\/schema\/logo\/image\/\",\"url\":\"https:\/\/investors.bittnet.ro\/wp-content\/uploads\/2019\/05\/logo-grup.png\",\"contentUrl\":\"https:\/\/investors.bittnet.ro\/wp-content\/uploads\/2019\/05\/logo-grup.png\",\"width\":807,\"height\":442,\"caption\":\"Bittnet Group\"},\"image\":{\"@id\":\"https:\/\/investors.bittnet.ro\/en\/#\/schema\/logo\/image\/\"},\"sameAs\":[\"https:\/\/www.facebook.com\/BittnetSystems\/\",\"https:\/\/twitter.com\/NA\",\"http:\/\/na\",\"https:\/\/www.linkedin.com\/company\/bittnet-group\/\",\"https:\/\/www.youtube.com\/user\/BittnetSystems\"]}]}<\/script>\n<!-- \/ Yoast SEO plugin. -->","yoast_head_json":{"title":"test - Bittnet Investors Relations Site","robots":{"index":"index","follow":"follow","max-snippet":"max-snippet:-1","max-image-preview":"max-image-preview:large","max-video-preview":"max-video-preview:-1"},"canonical":"https:\/\/investors.bittnet.ro\/en\/test-2\/","og_locale":"en_US","og_type":"article","og_title":"test - Bittnet Investors Relations Site","og_url":"https:\/\/investors.bittnet.ro\/en\/test-2\/","og_site_name":"Bittnet Investors Relations Site","article_publisher":"https:\/\/www.facebook.com\/BittnetSystems\/","article_modified_time":"2020-08-21T13:39:59+00:00","twitter_card":"summary_large_image","twitter_site":"@NA","twitter_misc":{"Est. reading time":"5 minutes"},"schema":{"@context":"https:\/\/schema.org","@graph":[{"@type":"WebPage","@id":"https:\/\/investors.bittnet.ro\/en\/test-2\/","url":"https:\/\/investors.bittnet.ro\/en\/test-2\/","name":"test - Bittnet Investors Relations Site","isPartOf":{"@id":"https:\/\/investors.bittnet.ro\/en\/#website"},"datePublished":"2020-08-18T07:26:55+00:00","dateModified":"2020-08-21T13:39:59+00:00","breadcrumb":{"@id":"https:\/\/investors.bittnet.ro\/en\/test-2\/#breadcrumb"},"inLanguage":"en-US","potentialAction":[{"@type":"ReadAction","target":["https:\/\/investors.bittnet.ro\/en\/test-2\/"]}]},{"@type":"BreadcrumbList","@id":"https:\/\/investors.bittnet.ro\/en\/test-2\/#breadcrumb","itemListElement":[{"@type":"ListItem","position":1,"name":"Home","item":"https:\/\/investors.bittnet.ro\/en\/"},{"@type":"ListItem","position":2,"name":"test"}]},{"@type":"WebSite","@id":"https:\/\/investors.bittnet.ro\/en\/#website","url":"https:\/\/investors.bittnet.ro\/en\/","name":"Bittnet Investors Relations Site","description":"Your Value. Upgraded.","publisher":{"@id":"https:\/\/investors.bittnet.ro\/en\/#organization"},"potentialAction":[{"@type":"SearchAction","target":{"@type":"EntryPoint","urlTemplate":"https:\/\/investors.bittnet.ro\/en\/?s={search_term_string}"},"query-input":"required name=search_term_string"}],"inLanguage":"en-US"},{"@type":"Organization","@id":"https:\/\/investors.bittnet.ro\/en\/#organization","name":"Bittnet Group","url":"https:\/\/investors.bittnet.ro\/en\/","logo":{"@type":"ImageObject","inLanguage":"en-US","@id":"https:\/\/investors.bittnet.ro\/en\/#\/schema\/logo\/image\/","url":"https:\/\/investors.bittnet.ro\/wp-content\/uploads\/2019\/05\/logo-grup.png","contentUrl":"https:\/\/investors.bittnet.ro\/wp-content\/uploads\/2019\/05\/logo-grup.png","width":807,"height":442,"caption":"Bittnet Group"},"image":{"@id":"https:\/\/investors.bittnet.ro\/en\/#\/schema\/logo\/image\/"},"sameAs":["https:\/\/www.facebook.com\/BittnetSystems\/","https:\/\/twitter.com\/NA","http:\/\/na","https:\/\/www.linkedin.com\/company\/bittnet-group\/","https:\/\/www.youtube.com\/user\/BittnetSystems"]}]}},"_links":{"self":[{"href":"https:\/\/investors.bittnet.ro\/en\/wp-json\/wp\/v2\/pages\/8660","targetHints":{"allow":["GET"]}}],"collection":[{"href":"https:\/\/investors.bittnet.ro\/en\/wp-json\/wp\/v2\/pages"}],"about":[{"href":"https:\/\/investors.bittnet.ro\/en\/wp-json\/wp\/v2\/types\/page"}],"author":[{"embeddable":true,"href":"https:\/\/investors.bittnet.ro\/en\/wp-json\/wp\/v2\/users\/13"}],"replies":[{"embeddable":true,"href":"https:\/\/investors.bittnet.ro\/en\/wp-json\/wp\/v2\/comments?post=8660"}],"version-history":[{"count":22,"href":"https:\/\/investors.bittnet.ro\/en\/wp-json\/wp\/v2\/pages\/8660\/revisions"}],"predecessor-version":[{"id":8715,"href":"https:\/\/investors.bittnet.ro\/en\/wp-json\/wp\/v2\/pages\/8660\/revisions\/8715"}],"wp:attachment":[{"href":"https:\/\/investors.bittnet.ro\/en\/wp-json\/wp\/v2\/media?parent=8660"}],"curies":[{"name":"wp","href":"https:\/\/api.w.org\/{rel}","templated":true}]}}