{"id":2863,"date":"2019-01-03T17:37:24","date_gmt":"2019-01-03T15:37:24","guid":{"rendered":"https:\/\/investors.bittnet.ro\/?page_id=2863"},"modified":"2019-01-03T17:37:24","modified_gmt":"2019-01-03T15:37:24","slug":"raportari-curente","status":"publish","type":"page","link":"https:\/\/investors.bittnet.ro\/en\/raportari-curente\/","title":{"rendered":"Raportari curente"},"content":{"rendered":"<section class=\"l-section wpb_row height_small\"><div class=\"l-section-h i-cf\"><div class=\"g-cols vc_row via_flex valign_top type_default stacking_default\"><div class=\"vc_col-sm-4 wpb_column vc_column_container\"><div class=\"vc_column-inner\"><div class=\"wpb_wrapper\"><div class=\"wpb_widgetised_column wpb_content_element\"><div class=\"wpb_wrapper\"><\/div><\/div><\/div><\/div><\/div><\/div><\/div><\/section><section class=\"l-section wpb_row height_small\"><div class=\"l-section-h i-cf\"><div class=\"g-cols vc_row via_flex valign_top type_default stacking_default\"><div class=\"vc_col-sm-12 wpb_column vc_column_container\"><div class=\"vc_column-inner\"><div class=\"wpb_wrapper\"><div class=\"wpb_text_column\"><div class=\"wpb_wrapper\"><p><span class=\"ms-rteFontFace-13 ms-rteThemeForeColor-6-4\">C<span class=\"ms-rteFontSize-2 ms-rteFontFace-13 ms-rteThemeForeColor-6-4\">u verde: cele mai probabile evenimente care se pot intampla la societatile DETINUTE<\/span><\/span><\/p>\n<p><span class=\"ms-rteFontSize-2 ms-rteFontFace-13 ms-rteForeColor-3\">Cu portocaliu: cele mai probabile evenimente care se pot intampla la societatea MAMA (bittnet, listata)<\/span><\/p>\n<p><span class=\"ms-rteFontSize-2 ms-rteFontFace-13\">\u200b<\/span><span class=\"ms-rteFontSize-2 ms-rteFontFace-13\">Emitentul face publice informa\u021bii privilegiate \u00een conformitate cu art. 17\u00a0<a class=\"lp\" href=\"https:\/\/lege5.ro\/App\/Document\/gm4tsmjvhe\/regulamentul-nr-596-2014-privind-abuzul-de-piata-regulamentul-privind-abuzul-de-piata-si-de-abrogare-a-directivei-2003-6-ce-a-parlamentului-european-si-a-consiliului-si-a-directivelor-2003-124-ce-2003?pid=67923592&amp;d=2019-01-03#p-67923592\" target=\"_blank\" rel=\"noopener\">alin. (1)<\/a>\u00a0din Regulamentul (UE) nr. 596\/2004, pe formularul prezentat \u00een anexa\u00a0<a class=\"lp\" href=\"https:\/\/lege5.ro\/App\/Document\/gi4dimjxge3q\/regulamentul-nr-5-2018-privind-emitentii-de-instrumente-financiare-si-operatiuni-de-piata?pid=260567732&amp;d=2019-01-03#p-260567732\" target=\"_blank\" rel=\"noopener\">nr. 12<\/a>. Raportarea se realizeaz\u0103 de<b class=\"ms-rteThemeBackColor-10-3\">\u00a0\u00eendat\u0103 ce este posibil, dar f\u0103r\u0103 a dep\u0103\u0219i 24 de ore de la producerea evenimentului sau de la data lu\u0103rii la cuno\u0219tin\u021b\u0103 de c\u0103tre emitent.<\/b>\u00a0Din categoria informa\u021biilor privilegiate fac parte, \u00een condi\u021biile respect\u0103rii prevederilor\u00a0<a class=\"lp\" href=\"https:\/\/lege5.ro\/App\/Document\/gm4tsmjvhe\/regulamentul-nr-596-2014-privind-abuzul-de-piata-regulamentul-privind-abuzul-de-piata-si-de-abrogare-a-directivei-2003-6-ce-a-parlamentului-european-si-a-consiliului-si-a-directivelor-2003-124-ce-2003?pid=67923455&amp;d=2019-01-03#p-67923455\" target=\"_blank\" rel=\"noopener\">art. 7<\/a>\u00a0din regulamentul european anterior men\u021bionat, f\u0103r\u0103 a se limita la acestea, urm\u0103toarele:<\/span><\/p>\n<ol>\n<li style=\"list-style-type: none;\">\n<ol>\n<li><span class=\"ms-rteForeColor-6 ms-rteFontSize-2 ms-rteFontFace-13\">schimb\u0103ri \u00een controlul asupra emitentului, inclusiv schimb\u0103ri \u00een controlul entit\u0103\u021bii care de\u021bine controlul asupra emitentului, precum \u0219i schimb\u0103ri \u00een acordurile cu privire la control;<\/span><\/li>\n<li><span class=\"ms-rteForeColor-6 ms-rteFontSize-2 ms-rteFontFace-13\">schimb\u0103ri \u00een conducerea emitentului, respectiv \u00eenregistrarea la ORC\/alt\u0103 entitate similar\u0103 a respectivei schimb\u0103ri sau intrarea \u00een vigoare a respectivei schimb\u0103ri;<br \/>\n<\/span><\/li>\n<li><span class=\"ms-rteForeColor-6 ms-rteFontSize-2 ms-rteFontFace-13\">contracte \u00eencheiate de emitent cu acela\u0219i contractant, \u00een mod individual sau cumulat, a c\u0103ror valoare dep\u0103\u0219e\u0219te 10% din cifra de afaceri net\u0103 sau venitul total, dup\u0103 caz, aferente ultimei situa\u021bii financiare anuale;<\/span><\/li>\n<li><span class=\"ms-rteForeColor-6 ms-rteFontSize-2 ms-rteFontFace-13\">reducerea valorii contractuale sau \u00eencetarea \u00eenainte de scaden\u021b\u0103 a rela\u021biilor contractuale cu acela\u0219i contractat, care au generat sau care urmau s\u0103 genereze, individual sau cumulat, cel pu\u021bin 10% din cifra de afaceri net\u0103 sau venitul total, dup\u0103 caz, aferente ultimei situa\u021bii financiare anuale;<br \/>\n<\/span><\/li>\n<li><span class=\"ms-rteForeColor-6 ms-rteFontSize-2 ms-rteFontFace-13\">litigii \u00een care este implicat emitentul;<br \/>\n<\/span><\/li>\n<li><span class=\"ms-rteForeColor-6 ms-rteFontSize-2 ms-rteFontFace-13\">restructur\u0103ri sau reorganiz\u0103ri care au efect semnificativ asupra activelor, datoriilor \u0219i capitalurilor proprii, pozi\u021biei financiare sau a profiturilor \u0219i pierderilor emitentului;<br \/>\n<\/span><\/li>\n<li><span class=\"ms-rteForeColor-6 ms-rteFontSize-2 ms-rteFontFace-13\">insolven\u021ba ac\u021bionarilor semnificativi, respectiv a debitorilor semnificativi ai emitentului;<\/span><\/li>\n<li><span class=\"ms-rteForeColor-6 ms-rteFontSize-2 ms-rteFontFace-13\">noi licen\u021be, patente sau m\u0103rci semnificative \u00eenregistrate;<br \/>\n<\/span><\/li>\n<li><span class=\"ms-rteForeColor-6 ms-rteFontSize-2 ms-rteFontFace-13\">intrarea sau retragerea dintr-o nou\u0103 activitate principal\u0103;<br \/>\n<\/span><\/li>\n<li><span class=\"ms-rteFontSize-2 ms-rteFontFace-13\"><span class=\"ms-rteForeColor-6 ms-rteFontSize-2 ms-rteFontFace-13\">achizi\u021bii sau \u00eenstr\u0103in\u0103ri substan\u021biale de active. Termenul &#8220;achizi\u021bie&#8221; nu se refer\u0103 numai la cump\u0103r\u0103ri, ci include achizi\u021bii sub form\u0103 de leasing sau orice alte metode prin care se pot ob\u021bine active. \u00cen mod similar, termenul &#8220;\u00eenstr\u0103inare&#8221; nu se refer\u0103 numai la v\u00e2nzare, ci poate include contracte de leasing, schimb, precum \u0219i casare, abandonare sau distrugere de active. Achizi\u021biile sau \u00eenstr\u0103in\u0103rile de active vor fi considerate substan\u021biale dac\u0103 activele reprezint\u0103 cel pu\u021bin 10% din valoarea total\u0103 a activelor emitentului fie \u00eenainte, fie dup\u0103 tranzac\u021bia respectiv\u0103;<\/span><br class=\"ms-rteForeColor-6\" \/><span class=\"ms-rteForeColor-6 ms-rteFontSize-2 ms-rteFontFace-13\">w)\u00a0realizarea unui produs sau introducerea unui serviciu nou sau a unui nou proces de dezvoltare ce afecteaz\u0103 semnificativ resursele emitentului;<\/span><br \/>\n<\/span><\/li>\n<\/ol>\n<\/li>\n<\/ol>\n<div><span class=\"ms-rteFontSize-2 ms-rteFontFace-13\">\u00a0<\/span><\/div>\n<ol class=\"a_l p_0 s_1 connected\">\n<li style=\"list-style-type: none;\">\n<ol>\n<li style=\"list-style-type: none;\">\n<ol>\n<li><span class=\"ms-rteFontSize-2 ms-rteFontFace-13 ms-rteForeColor-3\">hot\u0103r\u00e2rea consiliului de administra\u021bie\/altor organe abilitate referitoare la convocarea adun\u0103rii generale sau la \u021binerea unei \u0219edin\u021be a consiliului de administra\u021bie\/directoratului care urmeaz\u0103 s\u0103 delibereze \u00een vederea exercit\u0103rii atribu\u021biilor delegate de AGEA, \u00een conformitate cu\u00a0<a class=\"lp\" href=\"https:\/\/lege5.ro\/App\/Document\/gy4diobx\/legea-societatilor-nr-31-1990?pid=30343507&amp;d=2019-01-03#p-30343507\" target=\"_blank\" rel=\"noopener\">art. 114<\/a>\u00a0din Legea nr. 31\/1990;<\/span><\/li>\n<li><span class=\"ms-rteFontSize-2 ms-rteFontFace-13 ms-rteForeColor-3\">solicitarea adresat\u0103 de ac\u021bionarii \u00eendrept\u0103\u021bi\u021bi s\u0103 convoace\/s\u0103 completeze convocatorul AGA;<\/span><\/li>\n<li><span class=\"ms-rteFontSize-2 ms-rteFontFace-13 ms-rteForeColor-3\">convocarea adun\u0103rii generale a ac\u021bionarilor\/de\u021bin\u0103torilor de instrumente financiare;<\/span><\/li>\n<li><span class=\"ms-rteFontSize-2 ms-rteFontFace-13 ms-rteForeColor-3\">neadoptarea, ca urmare a ne\u00eentrunirii cvorumului sau a ne\u00eendeplinirii condi\u021biilor de majoritate, a unei hot\u0103r\u00e2ri de c\u0103tre adunarea general\u0103 a ac\u021bionarilor\/de\u021bin\u0103torilor de instrumente financiare sau de c\u0103tre consiliul de administra\u021bie\/directoratul c\u0103ruia i-a fost delegat exerci\u021biul atribu\u021biilor, \u00een conformitate cu prevederile\u00a0<a class=\"lp\" href=\"https:\/\/lege5.ro\/App\/Document\/gy4diobx\/legea-societatilor-nr-31-1990?pid=30343507&amp;d=2019-01-03#p-30343507\" target=\"_blank\" rel=\"noopener\">art. 114<\/a>\u00a0din Legea nr. 31\/1990;<\/span><\/li>\n<li><span class=\"ms-rteFontSize-2 ms-rteFontFace-13 ms-rteForeColor-3\">hot\u0103r\u00e2rile adun\u0103rilor generale ale ac\u021bionarilor\/de\u021bin\u0103torilor de instrumente financiare sau ale consiliului de administra\u021bie\/directoratului, luate \u00een exercitarea atribu\u021biilor delegate de AGEA, \u00een conformitate cu prevederile\u00a0<a class=\"lp\" href=\"https:\/\/lege5.ro\/App\/Document\/gy4diobx\/legea-societatilor-nr-31-1990?pid=30343507&amp;d=2019-01-03#p-30343507\" target=\"_blank\" rel=\"noopener\">art. 114<\/a>\u00a0din Legea nr. 31\/1990;<\/span><\/li>\n<li><span class=\"ms-rteFontSize-2 ms-rteFontFace-13 ms-rteForeColor-3\">schimbarea auditorului financiar al emitentului \u0219i cauzele care au dus la aceast\u0103 modificare, respectiv \u00eenregistrarea la ORC\/alt\u0103 entitate similar\u0103 a respectivei schimb\u0103ri sau intrarea \u00een vigoare a respectivei schimb\u0103ri;<\/span><\/li>\n<li><span class=\"ms-rteFontSize-2 ms-rteFontFace-13 ms-rteForeColor-3\">publicarea proiectului de fuziune\/divizare, respectiv de desprindere \u00een Monitorul Oficial al Rom\u00e2niei sau \u00een alt loc, potrivit prevederilor legale \u00een vigoare;<\/span><\/li>\n<li><span class=\"ms-rteFontSize-2 ms-rteFontFace-13 ms-rteForeColor-3\">schimb\u0103ri \u00een caracteristicile \u0219i\/sau drepturile aferente diferitelor clase de valori mobiliare, inclusiv schimb\u0103ri \u00een drepturile ata\u0219ate instrumentelor derivate emise de emitent ce confer\u0103 drepturi asupra ac\u021biunilor\/altor valori mobiliare emise de acesta, respectiv \u00eenregistrarea la ORC\/alt\u0103 entitate similar\u0103 a respectivei schimb\u0103ri sau intrarea \u00een vigoare a respectivei schimb\u0103ri;<\/span><\/li>\n<li><span class=\"ms-rteFontSize-2 ms-rteFontFace-13 ms-rteForeColor-3\">declan\u0219area unei proceduri de \u00eencetare, respectiv de reluare\/\u00eencetarea, respectiv reluarea \u00eentregii activit\u0103\u021bi sau a unei p\u0103r\u021bi substan\u021biale a acesteia;<\/span><\/li>\n<li><span class=\"ms-rteFontSize-2 ms-rteFontFace-13 ms-rteForeColor-3\">declan\u0219area unei proceduri de \u00eencetare, respectiv de reluare\/\u00eencetarea, respectiv reluarea activit\u0103\u021bii;<\/span><\/li>\n<li><span class=\"ms-rteFontSize-2 ms-rteFontFace-13 ms-rteForeColor-3\">ini\u021bierea \u0219i, dup\u0103 caz, \u00eencheierea procedurii de dizolvare, ini\u021bierea procedurii de insolven\u021b\u0103, a reorganiz\u0103rii judiciare, respectiv, dup\u0103 caz, \u00eencheierea procedurii de insolven\u021b\u0103 \u0219i reinser\u021bia debitorului \u00een activitatea de afaceri sau ini\u021bierea falimentului. \u00cen cazul \u00een care evenimentele anterior men\u021bionate sunt declan\u0219ate ca urmare a cererilor formulate de debitorul emitent, acesta aduce la cuno\u0219tin\u021ba investitorilor at\u00e2t informa\u021bia privind depunerea la tribunalul competent a unei cereri privind deschiderea procedurii insolven\u021bei, c\u00e2t \u0219i litigiul astfel declan\u0219at. \u00cen cazul \u00een care evenimentele anterior men\u021bionate sunt declan\u0219ate ca urmare a cererilor formulate de creditori, emitentul informeaz\u0103 investitorii de \u00eendat\u0103 ce are cuno\u0219tin\u021b\u0103 de un astfel de demers;<\/span><\/li>\n<li><span class=\"ms-rteFontSize-2 ms-rteFontFace-13 ms-rteForeColor-3\">incapacitatea de plat\u0103 a obliga\u021biilor asumate de c\u0103tre emiten\u021bii de obliga\u021biuni;<\/span><\/li>\n<li><span class=\"ms-rteFontSize-2 ms-rteFontFace-13 ms-rteForeColor-3\">decizii referitoare la programele de r\u0103scump\u0103rare sau tranzac\u021bii \u00een alte instrumente financiare listate \u0219i emise de emitent;<\/span><\/li>\n<li><span class=\"ms-rteFontSize-2 ms-rteFontFace-13 ms-rteForeColor-3\">schimb\u0103ri semnificative ale valorii activelor emitentului, inclusiv cre\u0219terea sau diminuarea semnificativ\u0103 a valorii instrumentelor financiare din portofoliu;<\/span><\/li>\n<li><span class=\"ms-rteFontSize-2 ms-rteFontFace-13 ms-rteForeColor-3\">alte opera\u021biuni bilan\u021biere\/extrabilan\u021biere cu efecte semnificative asupra rezultatelor financiare ale emitentului;<\/span><\/li>\n<li><span class=\"ms-rteFontSize-2 ms-rteFontFace-13 ms-rteForeColor-3\">schimb\u0103ri \u00een obliga\u021biile societ\u0103\u021bilor care pot afecta semnificativ activitatea sau situa\u021bia patrimonial\u0103 a emitentului;<\/span><\/li>\n<li><span class=\"ms-rteFontSize-2 ms-rteFontFace-13 ms-rteForeColor-3\">cazuri de afectare a mediului sau situa\u021bii legate de produse sau produc\u021bie ce pot cauza daune semnificative, produse de emitent sau care pot afecta emitentul;<\/span><\/li>\n<li><span class=\"ms-rteFontSize-2 ms-rteFontFace-13 ms-rteForeColor-3\">schimb\u0103ri semnificative \u00een politica de investi\u021bie a emitentului.\u200b<\/span><\/li>\n<\/ol>\n<\/li>\n<\/ol>\n<\/li>\n<\/ol>\n<\/div><\/div><\/div><\/div><\/div><\/div><\/div><\/section>\n","protected":false},"excerpt":{"rendered":"Cu verde: cele mai probabile evenimente care se pot intampla la societatile DETINUTE Cu portocaliu: cele mai probabile evenimente care se pot intampla la societatea MAMA (bittnet, listata) \u200bEmitentul face publice informa\u021bii privilegiate \u00een conformitate cu art. 17\u00a0alin. (1)\u00a0din Regulamentul (UE) nr. 596\/2004, pe formularul prezentat \u00een anexa\u00a0nr. 12. Raportarea se realizeaz\u0103 de\u00a0\u00eendat\u0103 ce este...","protected":false},"author":6,"featured_media":0,"parent":0,"menu_order":0,"comment_status":"closed","ping_status":"closed","template":"","meta":{"footnotes":""},"class_list":["post-2863","page","type-page","status-publish","hentry"],"yoast_head":"<!-- This site is optimized with the Yoast SEO plugin v20.8 - https:\/\/yoast.com\/wordpress\/plugins\/seo\/ -->\n<title>Raportari curente - Bittnet Investors Relations Site<\/title>\n<meta name=\"robots\" content=\"index, follow, max-snippet:-1, max-image-preview:large, max-video-preview:-1\" \/>\n<link rel=\"canonical\" href=\"https:\/\/investors.bittnet.ro\/en\/raportari-curente\/\" \/>\n<meta property=\"og:locale\" content=\"en_US\" \/>\n<meta property=\"og:type\" content=\"article\" \/>\n<meta property=\"og:title\" content=\"Raportari curente - Bittnet Investors Relations Site\" \/>\n<meta property=\"og:url\" content=\"https:\/\/investors.bittnet.ro\/en\/raportari-curente\/\" \/>\n<meta property=\"og:site_name\" content=\"Bittnet Investors Relations Site\" \/>\n<meta property=\"article:publisher\" content=\"https:\/\/www.facebook.com\/BittnetSystems\/\" \/>\n<meta name=\"twitter:card\" content=\"summary_large_image\" \/>\n<meta name=\"twitter:site\" content=\"@NA\" \/>\n<meta name=\"twitter:label1\" content=\"Est. reading time\" \/>\n\t<meta name=\"twitter:data1\" content=\"5 minutes\" \/>\n<script type=\"application\/ld+json\" class=\"yoast-schema-graph\">{\"@context\":\"https:\/\/schema.org\",\"@graph\":[{\"@type\":\"WebPage\",\"@id\":\"https:\/\/investors.bittnet.ro\/en\/raportari-curente\/\",\"url\":\"https:\/\/investors.bittnet.ro\/en\/raportari-curente\/\",\"name\":\"Raportari curente - Bittnet Investors Relations Site\",\"isPartOf\":{\"@id\":\"https:\/\/investors.bittnet.ro\/en\/#website\"},\"datePublished\":\"2019-01-03T15:37:24+00:00\",\"dateModified\":\"2019-01-03T15:37:24+00:00\",\"breadcrumb\":{\"@id\":\"https:\/\/investors.bittnet.ro\/en\/raportari-curente\/#breadcrumb\"},\"inLanguage\":\"en-US\",\"potentialAction\":[{\"@type\":\"ReadAction\",\"target\":[\"https:\/\/investors.bittnet.ro\/en\/raportari-curente\/\"]}]},{\"@type\":\"BreadcrumbList\",\"@id\":\"https:\/\/investors.bittnet.ro\/en\/raportari-curente\/#breadcrumb\",\"itemListElement\":[{\"@type\":\"ListItem\",\"position\":1,\"name\":\"Home\",\"item\":\"https:\/\/investors.bittnet.ro\/en\/\"},{\"@type\":\"ListItem\",\"position\":2,\"name\":\"Raportari curente\"}]},{\"@type\":\"WebSite\",\"@id\":\"https:\/\/investors.bittnet.ro\/en\/#website\",\"url\":\"https:\/\/investors.bittnet.ro\/en\/\",\"name\":\"Bittnet Investors Relations Site\",\"description\":\"Your Value. Upgraded.\",\"publisher\":{\"@id\":\"https:\/\/investors.bittnet.ro\/en\/#organization\"},\"potentialAction\":[{\"@type\":\"SearchAction\",\"target\":{\"@type\":\"EntryPoint\",\"urlTemplate\":\"https:\/\/investors.bittnet.ro\/en\/?s={search_term_string}\"},\"query-input\":\"required name=search_term_string\"}],\"inLanguage\":\"en-US\"},{\"@type\":\"Organization\",\"@id\":\"https:\/\/investors.bittnet.ro\/en\/#organization\",\"name\":\"Bittnet Group\",\"url\":\"https:\/\/investors.bittnet.ro\/en\/\",\"logo\":{\"@type\":\"ImageObject\",\"inLanguage\":\"en-US\",\"@id\":\"https:\/\/investors.bittnet.ro\/en\/#\/schema\/logo\/image\/\",\"url\":\"https:\/\/investors.bittnet.ro\/wp-content\/uploads\/2019\/05\/logo-grup.png\",\"contentUrl\":\"https:\/\/investors.bittnet.ro\/wp-content\/uploads\/2019\/05\/logo-grup.png\",\"width\":807,\"height\":442,\"caption\":\"Bittnet Group\"},\"image\":{\"@id\":\"https:\/\/investors.bittnet.ro\/en\/#\/schema\/logo\/image\/\"},\"sameAs\":[\"https:\/\/www.facebook.com\/BittnetSystems\/\",\"https:\/\/twitter.com\/NA\",\"http:\/\/na\",\"https:\/\/www.linkedin.com\/company\/bittnet-group\/\",\"https:\/\/www.youtube.com\/user\/BittnetSystems\"]}]}<\/script>\n<!-- \/ Yoast SEO plugin. -->","yoast_head_json":{"title":"Raportari curente - Bittnet Investors Relations Site","robots":{"index":"index","follow":"follow","max-snippet":"max-snippet:-1","max-image-preview":"max-image-preview:large","max-video-preview":"max-video-preview:-1"},"canonical":"https:\/\/investors.bittnet.ro\/en\/raportari-curente\/","og_locale":"en_US","og_type":"article","og_title":"Raportari curente - Bittnet Investors Relations Site","og_url":"https:\/\/investors.bittnet.ro\/en\/raportari-curente\/","og_site_name":"Bittnet Investors Relations Site","article_publisher":"https:\/\/www.facebook.com\/BittnetSystems\/","twitter_card":"summary_large_image","twitter_site":"@NA","twitter_misc":{"Est. reading time":"5 minutes"},"schema":{"@context":"https:\/\/schema.org","@graph":[{"@type":"WebPage","@id":"https:\/\/investors.bittnet.ro\/en\/raportari-curente\/","url":"https:\/\/investors.bittnet.ro\/en\/raportari-curente\/","name":"Raportari curente - Bittnet Investors Relations Site","isPartOf":{"@id":"https:\/\/investors.bittnet.ro\/en\/#website"},"datePublished":"2019-01-03T15:37:24+00:00","dateModified":"2019-01-03T15:37:24+00:00","breadcrumb":{"@id":"https:\/\/investors.bittnet.ro\/en\/raportari-curente\/#breadcrumb"},"inLanguage":"en-US","potentialAction":[{"@type":"ReadAction","target":["https:\/\/investors.bittnet.ro\/en\/raportari-curente\/"]}]},{"@type":"BreadcrumbList","@id":"https:\/\/investors.bittnet.ro\/en\/raportari-curente\/#breadcrumb","itemListElement":[{"@type":"ListItem","position":1,"name":"Home","item":"https:\/\/investors.bittnet.ro\/en\/"},{"@type":"ListItem","position":2,"name":"Raportari curente"}]},{"@type":"WebSite","@id":"https:\/\/investors.bittnet.ro\/en\/#website","url":"https:\/\/investors.bittnet.ro\/en\/","name":"Bittnet Investors Relations Site","description":"Your Value. Upgraded.","publisher":{"@id":"https:\/\/investors.bittnet.ro\/en\/#organization"},"potentialAction":[{"@type":"SearchAction","target":{"@type":"EntryPoint","urlTemplate":"https:\/\/investors.bittnet.ro\/en\/?s={search_term_string}"},"query-input":"required name=search_term_string"}],"inLanguage":"en-US"},{"@type":"Organization","@id":"https:\/\/investors.bittnet.ro\/en\/#organization","name":"Bittnet Group","url":"https:\/\/investors.bittnet.ro\/en\/","logo":{"@type":"ImageObject","inLanguage":"en-US","@id":"https:\/\/investors.bittnet.ro\/en\/#\/schema\/logo\/image\/","url":"https:\/\/investors.bittnet.ro\/wp-content\/uploads\/2019\/05\/logo-grup.png","contentUrl":"https:\/\/investors.bittnet.ro\/wp-content\/uploads\/2019\/05\/logo-grup.png","width":807,"height":442,"caption":"Bittnet Group"},"image":{"@id":"https:\/\/investors.bittnet.ro\/en\/#\/schema\/logo\/image\/"},"sameAs":["https:\/\/www.facebook.com\/BittnetSystems\/","https:\/\/twitter.com\/NA","http:\/\/na","https:\/\/www.linkedin.com\/company\/bittnet-group\/","https:\/\/www.youtube.com\/user\/BittnetSystems"]}]}},"_links":{"self":[{"href":"https:\/\/investors.bittnet.ro\/en\/wp-json\/wp\/v2\/pages\/2863","targetHints":{"allow":["GET"]}}],"collection":[{"href":"https:\/\/investors.bittnet.ro\/en\/wp-json\/wp\/v2\/pages"}],"about":[{"href":"https:\/\/investors.bittnet.ro\/en\/wp-json\/wp\/v2\/types\/page"}],"author":[{"embeddable":true,"href":"https:\/\/investors.bittnet.ro\/en\/wp-json\/wp\/v2\/users\/6"}],"replies":[{"embeddable":true,"href":"https:\/\/investors.bittnet.ro\/en\/wp-json\/wp\/v2\/comments?post=2863"}],"version-history":[{"count":1,"href":"https:\/\/investors.bittnet.ro\/en\/wp-json\/wp\/v2\/pages\/2863\/revisions"}],"predecessor-version":[{"id":2864,"href":"https:\/\/investors.bittnet.ro\/en\/wp-json\/wp\/v2\/pages\/2863\/revisions\/2864"}],"wp:attachment":[{"href":"https:\/\/investors.bittnet.ro\/en\/wp-json\/wp\/v2\/media?parent=2863"}],"curies":[{"name":"wp","href":"https:\/\/api.w.org\/{rel}","templated":true}]}}