{"id":22785,"date":"2023-12-20T15:02:22","date_gmt":"2023-12-20T13:02:22","guid":{"rendered":"https:\/\/investors.bittnet.ro\/?page_id=22785"},"modified":"2024-01-15T18:19:25","modified_gmt":"2024-01-15T16:19:25","slug":"gsm-january-25th-2024","status":"publish","type":"page","link":"https:\/\/investors.bittnet.ro\/en\/general-stakeholder-meetings\/gsm-january-25th-2024\/","title":{"rendered":"GSM January 25th 2024"},"content":{"rendered":"<section class=\"l-section wpb_row us_custom_5c638ddc height_small color_alternate\"><div class=\"l-section-h i-cf\"><div class=\"g-cols vc_row via_flex valign_top type_default stacking_default\"><div class=\"vc_col-sm-12 wpb_column vc_column_container\"><div class=\"vc_column-inner\"><div class=\"wpb_wrapper\"><div class=\"wpb_text_column\"><div class=\"wpb_wrapper\"><h1><strong>General Stakeholder Meeting \u2013 Bittnet<\/strong><br \/>\nJanuary 25, 2024<\/h1>\n<\/div><\/div><\/div><\/div><\/div><\/div><\/div><\/section><section class=\"l-section wpb_row us_custom_6a2e7e2d height_small\"><div class=\"l-section-h i-cf\"><div class=\"g-cols vc_row via_flex valign_top type_default stacking_default\"><div class=\"vc_col-sm-9 wpb_column vc_column_container has_bg_color\"><div class=\"vc_column-inner us_custom_eac59c77\"><div class=\"wpb_wrapper\"><div class=\"wpb_text_column\"><div class=\"wpb_wrapper\"><h5>Particip\u0103 prin aplica\u021bia <a style=\"color: #679741;\" href=\"https:\/\/bittnet.evote.ro\/login\" target=\"_blank\" rel=\"noopener\">eVOTE &#x2197;<\/a> \u00een data\u00a0de 25 ianuarie 2024, \u00eencep\u00e2nd cu ora 11:00 a.m.<\/h5>\n<\/div><\/div><\/div><\/div><\/div><div class=\"vc_col-sm-3 wpb_column vc_column_container\"><div class=\"vc_column-inner\"><div class=\"wpb_wrapper\"><\/div><\/div><\/div><\/div><\/div><\/section><section class=\"l-section wpb_row us_custom_2bb30dc1 height_small\"><div class=\"l-section-h i-cf\"><div class=\"g-cols vc_row via_flex valign_top type_default stacking_default\"><div class=\"vc_col-sm-3 wpb_column vc_column_container\"><div class=\"vc_column-inner\"><div class=\"wpb_wrapper\"><div class=\"wpb_text_column us_custom_432d3f53\"><div class=\"wpb_wrapper\"><h3 style=\"margin-bottom: 0px; padding-bottom: 0px;\">Prima convocare:<\/h3>\n<h6 style=\"margin-top: 0px; padding-top: 0px; margin-bottom: 8px;\">25 ianuarie 2024<\/h6>\n<h3 style=\"margin-bottom: 0px; padding-bottom: 0px; margin-top: 8px; padding-top: 8px;\">A doua convocare:<\/h3>\n<h6 style=\"margin-top: 0px; padding-top: 0px;\">26 ianuarie 2024<\/h6>\n<div id=\"gtx-trans\" style=\"position: absolute; left: 37px; top: 127px;\">\n<h6 class=\"gtx-trans-icon\"><\/h6>\n<\/div>\n<\/div><\/div><\/div><\/div><\/div><div class=\"vc_col-sm-6 wpb_column vc_column_container\"><div class=\"vc_column-inner\"><div class=\"wpb_wrapper\"><div class=\"wpb_text_column us_custom_432d3f53\"><div class=\"wpb_wrapper\"><p><a href=\"https:\/\/m.bvb.ro\/infocont\/infocont23\/BNET_20231219144530_CR67-raport-curent---ro-2023---Convocare-AGA-Ian-2024.pdf\">Convocator al Adun\u0103rii Generale a Ac\u021bionarilor<\/a> &#x2197; (.PDF doc)<br \/>\nProcedura de participare online la AGA &#x2197; (.PDF doc)<br \/>\nDocumente pentru AGA:\u00a0Formularistic\u0103 &#x2197; (Google Drive folder)<br \/>\nPropuneri: Hot\u0103r\u00e2ri AGOA\u00a0 &#x2197; (Google Drive folder)<\/p>\n<\/div><\/div><\/div><\/div><\/div><div class=\"vc_col-sm-3 wpb_column vc_column_container\"><div class=\"vc_column-inner\"><div class=\"wpb_wrapper\"><\/div><\/div><\/div><\/div><\/div><\/section><section class=\"l-section wpb_row us_custom_18fefcca height_small color_primary\"><div class=\"l-section-h i-cf\"><div class=\"g-cols vc_row via_flex valign_top type_default stacking_default\"><div class=\"vc_col-sm-12 wpb_column vc_column_container\"><div class=\"vc_column-inner\"><div class=\"wpb_wrapper\"><div class=\"wpb_text_column\"><div class=\"wpb_wrapper\"><h5>Rezultate AGOA din 25.01.2024 (disponibil dupa sedinta AGA) &#x2197;(.PDF doc)<\/h5>\n<\/div><\/div><\/div><\/div><\/div><\/div><\/div><\/section><section class=\"l-section wpb_row us_custom_d1007974 height_small\"><div class=\"l-section-h i-cf\"><div class=\"g-cols vc_row via_flex valign_top type_default stacking_default\"><div class=\"vc_col-sm-3 wpb_column vc_column_container\"><div class=\"vc_column-inner\"><div class=\"wpb_wrapper\"><div class=\"wpb_text_column us_custom_432d3f53\"><div class=\"wpb_wrapper\"><h4>Drepturi de vot<\/h4>\n<\/div><\/div><\/div><\/div><\/div><div class=\"vc_col-sm-6 wpb_column vc_column_container\"><div class=\"vc_column-inner\"><div class=\"wpb_wrapper\"><div class=\"wpb_text_column us_custom_432d3f53\"><div class=\"wpb_wrapper\"><h5 style=\"text-align: left;\">La data public\u0103rii prezentului convocator, Societatea are \u00eenregistrat at\u00e2t la Registrul Comer\u021bului c\u00e2t \u0219i la ASF \u0219i Depozitarul Central <strong>un num\u0103r total de 634.176.714 \u00a0ac\u021biuni aferente unui capital social subscris \u0219i v\u0103rsat de 63.417.671,40 lei. <\/strong>Data de referin\u021b\u0103 pentru aceasta Adunare Generala este data de 12 Ianuarie 2024, \u00eensemn\u00e2nd c\u0103 <strong>sunt \u00eendrept\u0103\u021bi\u021bi s\u0103 participe \u0219i s\u0103 voteze la Adunarea Generala din 25 Inauarie 2024 ac\u021bionarii de la data de referin\u021b\u0103 conform de\u021binerilor de la aceasta dat\u0103.<\/strong><\/h5>\n<\/div><\/div><\/div><\/div><\/div><div class=\"vc_col-sm-3 wpb_column vc_column_container\"><div class=\"vc_column-inner\"><div class=\"wpb_wrapper\"><\/div><\/div><\/div><\/div><\/div><\/section><section class=\"l-section wpb_row us_custom_4db69d82 height_small color_alternate\"><div class=\"l-section-h i-cf\"><div class=\"g-cols vc_row via_flex valign_top type_default stacking_default\"><div class=\"vc_col-sm-3 wpb_column vc_column_container\"><div class=\"vc_column-inner\"><div class=\"wpb_wrapper\"><div class=\"wpb_text_column us_custom_bcf7e3f8\"><div class=\"wpb_wrapper\"><h4 style=\"padding-right: 32px;\">Documente suport pentru ordinea de zi<\/h4>\n<\/div><\/div><\/div><\/div><\/div><div class=\"vc_col-sm-6 wpb_column vc_column_container\"><div class=\"vc_column-inner\"><div class=\"wpb_wrapper\"><div class=\"wpb_text_column us_custom_b0f85602\"><div class=\"wpb_wrapper\"><h3 style=\"margin-bottom: 8px!important; padding-bottom: 0px;\">AGOA<\/h3>\n<p>Revocare Consiliu de Administra\u021bie si alegere unui nou Consiliu de Administra\u021bie\u00a0 &#x2197; (punctele 2-4, .PDF doc)<\/p>\n<p><a href=\"https:\/\/investors.bittnet.ro\/wp-content\/uploads\/2023\/12\/Draft-Propunere-Contract-Administrare-CA-BNET-AGOA-ian-2024.pdf\">Draft Contract de Administrator Bittnet<\/a><\/p>\n<\/div><\/div><\/div><\/div><\/div><div class=\"vc_col-sm-3 wpb_column vc_column_container\"><div class=\"vc_column-inner\"><div class=\"wpb_wrapper\"><\/div><\/div><\/div><\/div><\/div><\/section><section class=\"l-section wpb_row us_custom_1d06777c height_small color_primary\"><div class=\"l-section-h i-cf\"><div class=\"g-cols vc_row via_flex valign_top type_default stacking_default\"><div class=\"vc_col-sm-12 wpb_column vc_column_container\"><div class=\"vc_column-inner\"><div class=\"wpb_wrapper\"><div class=\"wpb_text_column\"><div class=\"wpb_wrapper\"><h2>Contacteaz\u0103 Bittnet Group<br \/>\n\u2013rela\u021bia cu investitorii<\/h2>\n<\/div><\/div><\/div><\/div><\/div><\/div><\/div><\/section><section class=\"l-section wpb_row us_custom_61dc5f11 height_small\"><div class=\"l-section-h i-cf\"><div class=\"g-cols vc_row via_flex valign_top type_default stacking_default\"><div class=\"vc_col-sm-6 wpb_column vc_column_container\"><div class=\"vc_column-inner\"><div class=\"wpb_wrapper\"><div class=\"wpb_text_column us_custom_432d3f53\"><div class=\"wpb_wrapper\"><p style=\"text-align: left;\">Pentru orice informatie suplimentara, raspunsuri la intrebari sau clarificari, te rugam sa ne contactezi la adresa de e-mail <a href=\"mai&#108;&#116;&#111;&#x3a;&#x69;&#x6e;&#x76;&#x65;&#x73;tor&#115;&#64;&#98;&#105;&#x74;&#x74;&#x6e;&#x65;&#x74;&#x2e;ro\">&#x69;&#x6e;&#118;&#101;s&#x74;&#x6f;&#x72;&#115;&#64;b&#x69;&#x74;&#116;&#110;e&#x74;&#x2e;&#x72;&#111;<\/a>, sau sa completezi formularul de contact alaturat.<\/p>\n<\/div><\/div><div class=\"w-separator size_small\"><\/div><div class=\"w-image align_center\"><div class=\"w-image-h\"><img decoding=\"async\" width=\"1024\" height=\"512\" src=\"https:\/\/investors.bittnet.ro\/wp-content\/uploads\/2022\/03\/contact_aga_bittnet_aprilie-2022-1024x512.jpg\" class=\"attachment-large size-large\" alt=\"\" loading=\"lazy\" srcset=\"https:\/\/investors.bittnet.ro\/wp-content\/uploads\/2022\/03\/contact_aga_bittnet_aprilie-2022-1024x512.jpg 1024w, https:\/\/investors.bittnet.ro\/wp-content\/uploads\/2022\/03\/contact_aga_bittnet_aprilie-2022-300x150.jpg 300w, https:\/\/investors.bittnet.ro\/wp-content\/uploads\/2022\/03\/contact_aga_bittnet_aprilie-2022.jpg 1200w\" sizes=\"auto, (max-width: 1024px) 100vw, 1024px\" \/><\/div><\/div><\/div><\/div><\/div><div class=\"vc_col-sm-6 wpb_column vc_column_container\"><div class=\"vc_column-inner\"><div class=\"wpb_wrapper\">\n<div class=\"wpcf7 no-js\" id=\"wpcf7-f10825-o1\" lang=\"ro-RO\" dir=\"ltr\">\n<div class=\"screen-reader-response\"><p role=\"status\" aria-live=\"polite\" aria-atomic=\"true\"><\/p> <ul><\/ul><\/div>\n<form action=\"\/en\/wp-json\/wp\/v2\/pages\/22785#wpcf7-f10825-o1\" method=\"post\" class=\"wpcf7-form init\" aria-label=\"Formular de contact\" novalidate=\"novalidate\" data-status=\"init\">\n<div style=\"display: none;\">\n<input type=\"hidden\" name=\"_wpcf7\" value=\"10825\" \/>\n<input type=\"hidden\" name=\"_wpcf7_version\" value=\"5.7.7\" \/>\n<input type=\"hidden\" name=\"_wpcf7_locale\" value=\"ro_RO\" \/>\n<input type=\"hidden\" name=\"_wpcf7_unit_tag\" value=\"wpcf7-f10825-o1\" \/>\n<input type=\"hidden\" name=\"_wpcf7_container_post\" value=\"0\" \/>\n<input type=\"hidden\" name=\"_wpcf7_posted_data_hash\" value=\"\" \/>\n<input type=\"hidden\" name=\"_wpcf7_recaptcha_response\" value=\"\" \/>\n<\/div>\n<p><label> Nume:<br \/>\n<span class=\"wpcf7-form-control-wrap\" data-name=\"your-name\"><input size=\"40\" class=\"wpcf7-form-control wpcf7-text wpcf7-validates-as-required\" aria-required=\"true\" aria-invalid=\"false\" value=\"\" type=\"text\" name=\"your-name\" \/><\/span> <\/label>\n<\/p>\n<p><label> Email:<br \/>\n<span class=\"wpcf7-form-control-wrap\" data-name=\"your-email\"><input size=\"40\" class=\"wpcf7-form-control wpcf7-text wpcf7-email wpcf7-validates-as-required wpcf7-validates-as-email\" aria-required=\"true\" aria-invalid=\"false\" value=\"\" type=\"email\" name=\"your-email\" \/><\/span> <\/label>\n<\/p>\n<p><label> Mesaj:<br \/>\n<span class=\"wpcf7-form-control-wrap\" data-name=\"your-message\"><textarea cols=\"40\" rows=\"10\" class=\"wpcf7-form-control wpcf7-textarea wpcf7-validates-as-required\" aria-required=\"true\" aria-invalid=\"false\" name=\"your-message\"><\/textarea><\/span> <\/label>\n<\/p>\n<p><label><span class=\"wpcf7-form-control-wrap\" data-name=\"gdpr\"><span class=\"wpcf7-form-control wpcf7-acceptance\"><span class=\"wpcf7-list-item\"><input type=\"checkbox\" name=\"gdpr\" value=\"1\" aria-invalid=\"false\" \/><\/span><\/span><\/span> Sunt de acord cu prelucrarea datelor personale conform directivei <a href=\"https:\/\/investors.bittnet.ro\/ro\/gdpr\/\" style=\"\">GDPR<\/a> (EU) 2016\/679<\/label>\n<\/p>\n<p><input class=\"wpcf7-form-control has-spinner wpcf7-submit\" type=\"submit\" value=\"Trimite\" \/>\n<\/p><div class=\"wpcf7-response-output\" aria-hidden=\"true\"><\/div>\n<\/form>\n<\/div>\n<\/div><\/div><\/div><\/div><\/div><\/section>\n","protected":false},"excerpt":{"rendered":"General Stakeholder Meeting \u2013 Bittnet January 25, 2024 Particip\u0103 prin aplica\u021bia eVOTE &#x2197; \u00een data\u00a0de 25 ianuarie 2024, \u00eencep\u00e2nd cu ora 11:00 a.m. Prima convocare: 25 ianuarie 2024 A doua convocare: 26 ianuarie 2024 Convocator al Adun\u0103rii Generale a Ac\u021bionarilor &#x2197; (.PDF doc) Procedura de participare online la AGA &#x2197; (.PDF doc) Documente pentru AGA:\u00a0Formularistic\u0103...","protected":false},"author":34,"featured_media":0,"parent":405,"menu_order":0,"comment_status":"closed","ping_status":"closed","template":"","meta":{"footnotes":""},"class_list":["post-22785","page","type-page","status-publish","hentry"],"yoast_head":"<!-- This site is optimized with the Yoast SEO plugin v20.8 - https:\/\/yoast.com\/wordpress\/plugins\/seo\/ -->\n<title>AGA Bittnet Group 25 ianuarie 2024 - Adunarea Generala a Actionarilor Bittnet Group<\/title>\n<meta name=\"description\" content=\"AGA Bittnet Group 25 ianuarie 2024 - Adunarea Generala a Actionarilor - Bittnet - AGOA - AGEA - DREPTURI DE VOT - Documente suport pentru ordinea de zi\" \/>\n<meta name=\"robots\" content=\"index, follow, max-snippet:-1, max-image-preview:large, max-video-preview:-1\" \/>\n<link rel=\"canonical\" href=\"https:\/\/investors.bittnet.ro\/en\/general-stakeholder-meetings\/gsm-january-25th-2024\/\" \/>\n<meta property=\"og:locale\" content=\"en_US\" \/>\n<meta property=\"og:type\" content=\"article\" \/>\n<meta property=\"og:title\" content=\"AGA Bittnet Group 25 ianuarie 2024 - Adunarea Generala a Actionarilor Bittnet Group\" \/>\n<meta property=\"og:description\" content=\"AGA Bittnet Group 25 ianuarie 2024 - Adunarea Generala a Actionarilor - Bittnet - AGOA - AGEA - DREPTURI DE VOT - Documente suport pentru ordinea de zi\" \/>\n<meta property=\"og:url\" content=\"https:\/\/investors.bittnet.ro\/en\/general-stakeholder-meetings\/gsm-january-25th-2024\/\" \/>\n<meta property=\"og:site_name\" content=\"Bittnet Investors Relations Site\" \/>\n<meta property=\"article:publisher\" content=\"https:\/\/www.facebook.com\/BittnetSystems\/\" \/>\n<meta property=\"article:modified_time\" content=\"2024-01-15T16:19:25+00:00\" \/>\n<meta name=\"twitter:card\" content=\"summary_large_image\" \/>\n<meta name=\"twitter:site\" content=\"@NA\" \/>\n<meta name=\"twitter:label1\" content=\"Est. reading time\" \/>\n\t<meta name=\"twitter:data1\" content=\"2 minutes\" \/>\n<script type=\"application\/ld+json\" class=\"yoast-schema-graph\">{\"@context\":\"https:\/\/schema.org\",\"@graph\":[{\"@type\":\"WebPage\",\"@id\":\"https:\/\/investors.bittnet.ro\/en\/general-stakeholder-meetings\/gsm-january-25th-2024\/\",\"url\":\"https:\/\/investors.bittnet.ro\/en\/general-stakeholder-meetings\/gsm-january-25th-2024\/\",\"name\":\"AGA Bittnet Group 25 ianuarie 2024 - Adunarea Generala a Actionarilor Bittnet Group\",\"isPartOf\":{\"@id\":\"https:\/\/investors.bittnet.ro\/en\/#website\"},\"datePublished\":\"2023-12-20T13:02:22+00:00\",\"dateModified\":\"2024-01-15T16:19:25+00:00\",\"description\":\"AGA Bittnet Group 25 ianuarie 2024 - Adunarea Generala a Actionarilor - Bittnet - AGOA - AGEA - DREPTURI DE VOT - Documente suport pentru ordinea de zi\",\"breadcrumb\":{\"@id\":\"https:\/\/investors.bittnet.ro\/en\/general-stakeholder-meetings\/gsm-january-25th-2024\/#breadcrumb\"},\"inLanguage\":\"en-US\",\"potentialAction\":[{\"@type\":\"ReadAction\",\"target\":[\"https:\/\/investors.bittnet.ro\/en\/general-stakeholder-meetings\/gsm-january-25th-2024\/\"]}]},{\"@type\":\"BreadcrumbList\",\"@id\":\"https:\/\/investors.bittnet.ro\/en\/general-stakeholder-meetings\/gsm-january-25th-2024\/#breadcrumb\",\"itemListElement\":[{\"@type\":\"ListItem\",\"position\":1,\"name\":\"Home\",\"item\":\"https:\/\/investors.bittnet.ro\/en\/\"},{\"@type\":\"ListItem\",\"position\":2,\"name\":\"General Shareholder Meetings\",\"item\":\"https:\/\/investors.bittnet.ro\/en\/general-stakeholder-meetings\/\"},{\"@type\":\"ListItem\",\"position\":3,\"name\":\"GSM January 25th 2024\"}]},{\"@type\":\"WebSite\",\"@id\":\"https:\/\/investors.bittnet.ro\/en\/#website\",\"url\":\"https:\/\/investors.bittnet.ro\/en\/\",\"name\":\"Bittnet Investors Relations Site\",\"description\":\"Your Value. Upgraded.\",\"publisher\":{\"@id\":\"https:\/\/investors.bittnet.ro\/en\/#organization\"},\"potentialAction\":[{\"@type\":\"SearchAction\",\"target\":{\"@type\":\"EntryPoint\",\"urlTemplate\":\"https:\/\/investors.bittnet.ro\/en\/?s={search_term_string}\"},\"query-input\":\"required name=search_term_string\"}],\"inLanguage\":\"en-US\"},{\"@type\":\"Organization\",\"@id\":\"https:\/\/investors.bittnet.ro\/en\/#organization\",\"name\":\"Bittnet Group\",\"url\":\"https:\/\/investors.bittnet.ro\/en\/\",\"logo\":{\"@type\":\"ImageObject\",\"inLanguage\":\"en-US\",\"@id\":\"https:\/\/investors.bittnet.ro\/en\/#\/schema\/logo\/image\/\",\"url\":\"https:\/\/investors.bittnet.ro\/wp-content\/uploads\/2019\/05\/logo-grup.png\",\"contentUrl\":\"https:\/\/investors.bittnet.ro\/wp-content\/uploads\/2019\/05\/logo-grup.png\",\"width\":807,\"height\":442,\"caption\":\"Bittnet Group\"},\"image\":{\"@id\":\"https:\/\/investors.bittnet.ro\/en\/#\/schema\/logo\/image\/\"},\"sameAs\":[\"https:\/\/www.facebook.com\/BittnetSystems\/\",\"https:\/\/twitter.com\/NA\",\"http:\/\/na\",\"https:\/\/www.linkedin.com\/company\/bittnet-group\/\",\"https:\/\/www.youtube.com\/user\/BittnetSystems\"]}]}<\/script>\n<!-- \/ Yoast SEO plugin. -->","yoast_head_json":{"title":"AGA Bittnet Group 25 ianuarie 2024 - Adunarea Generala a Actionarilor Bittnet Group","description":"AGA Bittnet Group 25 ianuarie 2024 - Adunarea Generala a Actionarilor - Bittnet - AGOA - AGEA - DREPTURI DE VOT - Documente suport pentru ordinea de zi","robots":{"index":"index","follow":"follow","max-snippet":"max-snippet:-1","max-image-preview":"max-image-preview:large","max-video-preview":"max-video-preview:-1"},"canonical":"https:\/\/investors.bittnet.ro\/en\/general-stakeholder-meetings\/gsm-january-25th-2024\/","og_locale":"en_US","og_type":"article","og_title":"AGA Bittnet Group 25 ianuarie 2024 - Adunarea Generala a Actionarilor Bittnet Group","og_description":"AGA Bittnet Group 25 ianuarie 2024 - Adunarea Generala a Actionarilor - Bittnet - AGOA - AGEA - DREPTURI DE VOT - Documente suport pentru ordinea de zi","og_url":"https:\/\/investors.bittnet.ro\/en\/general-stakeholder-meetings\/gsm-january-25th-2024\/","og_site_name":"Bittnet Investors Relations Site","article_publisher":"https:\/\/www.facebook.com\/BittnetSystems\/","article_modified_time":"2024-01-15T16:19:25+00:00","twitter_card":"summary_large_image","twitter_site":"@NA","twitter_misc":{"Est. reading time":"2 minutes"},"schema":{"@context":"https:\/\/schema.org","@graph":[{"@type":"WebPage","@id":"https:\/\/investors.bittnet.ro\/en\/general-stakeholder-meetings\/gsm-january-25th-2024\/","url":"https:\/\/investors.bittnet.ro\/en\/general-stakeholder-meetings\/gsm-january-25th-2024\/","name":"AGA Bittnet Group 25 ianuarie 2024 - Adunarea Generala a Actionarilor Bittnet Group","isPartOf":{"@id":"https:\/\/investors.bittnet.ro\/en\/#website"},"datePublished":"2023-12-20T13:02:22+00:00","dateModified":"2024-01-15T16:19:25+00:00","description":"AGA Bittnet Group 25 ianuarie 2024 - Adunarea Generala a Actionarilor - Bittnet - AGOA - AGEA - DREPTURI DE VOT - Documente suport pentru ordinea de zi","breadcrumb":{"@id":"https:\/\/investors.bittnet.ro\/en\/general-stakeholder-meetings\/gsm-january-25th-2024\/#breadcrumb"},"inLanguage":"en-US","potentialAction":[{"@type":"ReadAction","target":["https:\/\/investors.bittnet.ro\/en\/general-stakeholder-meetings\/gsm-january-25th-2024\/"]}]},{"@type":"BreadcrumbList","@id":"https:\/\/investors.bittnet.ro\/en\/general-stakeholder-meetings\/gsm-january-25th-2024\/#breadcrumb","itemListElement":[{"@type":"ListItem","position":1,"name":"Home","item":"https:\/\/investors.bittnet.ro\/en\/"},{"@type":"ListItem","position":2,"name":"General Shareholder Meetings","item":"https:\/\/investors.bittnet.ro\/en\/general-stakeholder-meetings\/"},{"@type":"ListItem","position":3,"name":"GSM January 25th 2024"}]},{"@type":"WebSite","@id":"https:\/\/investors.bittnet.ro\/en\/#website","url":"https:\/\/investors.bittnet.ro\/en\/","name":"Bittnet Investors Relations Site","description":"Your Value. Upgraded.","publisher":{"@id":"https:\/\/investors.bittnet.ro\/en\/#organization"},"potentialAction":[{"@type":"SearchAction","target":{"@type":"EntryPoint","urlTemplate":"https:\/\/investors.bittnet.ro\/en\/?s={search_term_string}"},"query-input":"required name=search_term_string"}],"inLanguage":"en-US"},{"@type":"Organization","@id":"https:\/\/investors.bittnet.ro\/en\/#organization","name":"Bittnet Group","url":"https:\/\/investors.bittnet.ro\/en\/","logo":{"@type":"ImageObject","inLanguage":"en-US","@id":"https:\/\/investors.bittnet.ro\/en\/#\/schema\/logo\/image\/","url":"https:\/\/investors.bittnet.ro\/wp-content\/uploads\/2019\/05\/logo-grup.png","contentUrl":"https:\/\/investors.bittnet.ro\/wp-content\/uploads\/2019\/05\/logo-grup.png","width":807,"height":442,"caption":"Bittnet Group"},"image":{"@id":"https:\/\/investors.bittnet.ro\/en\/#\/schema\/logo\/image\/"},"sameAs":["https:\/\/www.facebook.com\/BittnetSystems\/","https:\/\/twitter.com\/NA","http:\/\/na","https:\/\/www.linkedin.com\/company\/bittnet-group\/","https:\/\/www.youtube.com\/user\/BittnetSystems"]}]}},"_links":{"self":[{"href":"https:\/\/investors.bittnet.ro\/en\/wp-json\/wp\/v2\/pages\/22785","targetHints":{"allow":["GET"]}}],"collection":[{"href":"https:\/\/investors.bittnet.ro\/en\/wp-json\/wp\/v2\/pages"}],"about":[{"href":"https:\/\/investors.bittnet.ro\/en\/wp-json\/wp\/v2\/types\/page"}],"author":[{"embeddable":true,"href":"https:\/\/investors.bittnet.ro\/en\/wp-json\/wp\/v2\/users\/34"}],"replies":[{"embeddable":true,"href":"https:\/\/investors.bittnet.ro\/en\/wp-json\/wp\/v2\/comments?post=22785"}],"version-history":[{"count":4,"href":"https:\/\/investors.bittnet.ro\/en\/wp-json\/wp\/v2\/pages\/22785\/revisions"}],"predecessor-version":[{"id":22938,"href":"https:\/\/investors.bittnet.ro\/en\/wp-json\/wp\/v2\/pages\/22785\/revisions\/22938"}],"up":[{"embeddable":true,"href":"https:\/\/investors.bittnet.ro\/en\/wp-json\/wp\/v2\/pages\/405"}],"wp:attachment":[{"href":"https:\/\/investors.bittnet.ro\/en\/wp-json\/wp\/v2\/media?parent=22785"}],"curies":[{"name":"wp","href":"https:\/\/api.w.org\/{rel}","templated":true}]}}