{"id":21467,"date":"2023-05-12T12:09:00","date_gmt":"2023-05-12T09:09:00","guid":{"rendered":"https:\/\/investors.bittnet.ro\/?page_id=21467"},"modified":"2023-05-12T18:18:14","modified_gmt":"2023-05-12T15:18:14","slug":"2023-q1-raport-rezultate-t1-2023-download-fisiere","status":"publish","type":"page","link":"https:\/\/investors.bittnet.ro\/en\/rezultate-financiare\/1q-2023\/2023-q1-raport-rezultate-t1-2023-download-fisiere\/","title":{"rendered":"(RO) 2023.Q1 Raport rezultate T1 2023 &#8211; Download Fisiere"},"content":{"rendered":"<section class=\"l-section wpb_row us_custom_7b90c1ca height_small\"><div class=\"l-section-h i-cf\"><div class=\"g-cols vc_row via_flex valign_top type_default stacking_default\"><div class=\"vc_col-sm-12 wpb_column vc_column_container\"><div class=\"vc_column-inner\"><div class=\"wpb_wrapper\"><div class=\"wpb_text_column\"><div class=\"wpb_wrapper\"><p><span style=\"color: #ffffff;\">Punem la dispozi\u021bia investitorilor Rezultate Anual (Preliminar) 2022 Bittnet Group sub form\u0103 de pagina web, u\u0219or de urm\u0103rit \u0219i navigat doar la sec\u021biunile relevante pentru fiecare cititor. Puteti folosi meniul din dreapta pentru a naviga \u00eentre sec\u021biunile raportului. Asteptam feedbackul dvs. la adresa de email <a style=\"color: #ffffff;\" href=\"&#109;&#x61;i&#108;&#x74;o&#x3a;&#x69;&#110;&#x76;e&#115;&#x74;o&#114;&#x73;&#64;&#x62;i&#116;&#x74;n&#101;&#x74;&#46;&#x72;&#x6f;\">&#x69;&#110;&#118;e&#x73;&#x74;&#111;r&#x73;&#x40;&#98;it&#x74;&#110;&#101;t&#x2e;&#x72;&#111;<\/a>. Multumim!<\/span><\/p>\n<\/div><\/div><\/div><\/div><\/div><\/div><\/div><\/section><section class=\"l-section wpb_row height_small\"><div class=\"l-section-h i-cf\"><div class=\"g-cols vc_row via_flex valign_top type_default stacking_default\"><div class=\"vc_col-sm-8 wpb_column vc_column_container\"><div class=\"vc_column-inner\"><div class=\"wpb_wrapper\"><div class=\"wpb_text_column\"><div class=\"wpb_wrapper\"><h1>Download Fisiere<\/h1>\n<\/div><\/div><div class=\"w-separator size_medium\"><\/div><div class=\"wpb_text_column us_custom_432d3f53\"><div class=\"wpb_wrapper\"><p><a href=\"https:\/\/investors.bittnet.ro\/wp-content\/uploads\/2023\/05\/Raport-BNET-Trimestrial-T1-RO-1.pdf\" target=\"_blank\" rel=\"noopener\">Raport rezultate T1 2023<\/a><\/p>\n<\/div><\/div><div class=\"w-separator size_huge\"><\/div><\/div><\/div><\/div><div class=\"vc_col-sm-4 wpb_column vc_column_container\"><div class=\"vc_column-inner\"><div class=\"wpb_wrapper\"><div class=\"w-separator size_small\"><\/div><nav class=\"w-menu layout_ver style_blocks us_menu_1 with_children\" style=\"--main-gap:1.5rem;--main-ver-indent:0.8em;--main-hor-indent:0.8em;--main-bg-color:#f5f5f5;--main-color:inherit;--main-hover-bg-color:#8dbe65;--main-hover-color:#ffffff;--main-active-bg-color:#8dbe65;--main-active-color:#ffffff;--sub-gap:5px;\"><ul id=\"menu-ro-2023-q1-raport-rezultate-t1-2023\" class=\"menu\"><li id=\"menu-item-21465\" class=\"menu-item menu-item-type-post_type menu-item-object-page menu-item-21465\"><a href=\"https:\/\/investors.bittnet.ro\/abonare-newsletter\/\">Newsletter subscription<\/a><\/li><\/ul><style>@media ( max-width:600px ){.us_menu_1 .menu{display:block!important}.us_menu_1 .menu>li:not(:last-child){margin:0 0 var(--main-gap,1.5rem)!important}}<\/style><\/nav><\/div><\/div><\/div><\/div><\/div><\/section>\n","protected":false},"excerpt":{"rendered":"Punem la dispozi\u021bia investitorilor Rezultate Anual (Preliminar) 2022 Bittnet Group sub form\u0103 de pagina web, u\u0219or de urm\u0103rit \u0219i navigat doar la sec\u021biunile relevante pentru fiecare cititor. Puteti folosi meniul din dreapta pentru a naviga \u00eentre sec\u021biunile raportului. Asteptam feedbackul dvs. la adresa de email i&#110;&#x76;&#x65;&#x73;t&#111;&#x72;&#x73;&#x40;b&#105;&#x74;&#x74;&#x6e;e&#116;&#x2e;&#x72;&#x6f;. Multumim! Download Fisiere Raport rezultate T1 2023 Newsletter subscription","protected":false},"author":13,"featured_media":0,"parent":21460,"menu_order":1,"comment_status":"closed","ping_status":"closed","template":"","meta":{"footnotes":""},"class_list":["post-21467","page","type-page","status-publish","hentry"],"yoast_head":"<!-- This site is optimized with the Yoast SEO plugin v20.8 - https:\/\/yoast.com\/wordpress\/plugins\/seo\/ -->\n<title>Scrisoare de la CEO<\/title>\n<meta name=\"description\" content=\"\u00cen primul trimestru al anului 2023, Grupul nostru a \u00eenregistrat venituri consolidate \u00een valoare de 53,5 milioane lei, \u00een cre\u0219tere cu peste 63% fa\u021b\u0103 de perioada similar\u0103 a anului anterior, ca urmare a cre\u0219terii accelerate a activit\u0103\u021bii de intergrare IT&amp;C (cre\u0219tere de 80% versus T1 2022). La nivel de marj\u0103 brut\u0103 \u00eenregistr\u0103m o cre\u0219tere de 32%, de la 6,5 milioane lei \u00een T1 2022 la 8,6 milioane lei \u00een T1 2023. Cre\u0219terea cheltuielilor indirecte, administrative \u00eenregistrat\u0103 pe parcursul anului trecut, a condus la \u00eenregistrarea unei pierderi opera\u021bionale la nivelul grupului \u00een acest prim trimestru al anului, de 2,3 milioane lei, fa\u021b\u0103 de aproximativ zero \u00een T1 2022. La nivelul rezultatului financiar, \u00eenregistr\u0103m o diminuare a pierderii, de la 3,1 milioane lei \u00een T1 2022 la 574 mii lei \u00een primele trei luni ale lui 2023. Astfel, rezultatul brut r\u0103m\u00e2ne \u00een teritoriul negativ, \u00een linie cu cel de anul trecut: o pierdere brut\u0103 de 3,3 milioane lei, versus 3,5 milioane lei \u00een T1 2022.\" \/>\n<meta name=\"robots\" content=\"index, follow, max-snippet:-1, max-image-preview:large, max-video-preview:-1\" \/>\n<link rel=\"canonical\" href=\"https:\/\/investors.bittnet.ro\/en\/rezultate-financiare\/1q-2023\/2023-q1-raport-rezultate-t1-2023-download-fisiere\/\" \/>\n<meta property=\"og:locale\" content=\"en_US\" \/>\n<meta property=\"og:type\" content=\"article\" \/>\n<meta property=\"og:title\" content=\"Scrisoare de la CEO\" \/>\n<meta property=\"og:description\" content=\"\u00cen primul trimestru al anului 2023, Grupul nostru a \u00eenregistrat venituri consolidate \u00een valoare de 53,5 milioane lei, \u00een cre\u0219tere cu peste 63% fa\u021b\u0103 de perioada similar\u0103 a anului anterior, ca urmare a cre\u0219terii accelerate a activit\u0103\u021bii de intergrare IT&amp;C (cre\u0219tere de 80% versus T1 2022). La nivel de marj\u0103 brut\u0103 \u00eenregistr\u0103m o cre\u0219tere de 32%, de la 6,5 milioane lei \u00een T1 2022 la 8,6 milioane lei \u00een T1 2023. Cre\u0219terea cheltuielilor indirecte, administrative \u00eenregistrat\u0103 pe parcursul anului trecut, a condus la \u00eenregistrarea unei pierderi opera\u021bionale la nivelul grupului \u00een acest prim trimestru al anului, de 2,3 milioane lei, fa\u021b\u0103 de aproximativ zero \u00een T1 2022. La nivelul rezultatului financiar, \u00eenregistr\u0103m o diminuare a pierderii, de la 3,1 milioane lei \u00een T1 2022 la 574 mii lei \u00een primele trei luni ale lui 2023. Astfel, rezultatul brut r\u0103m\u00e2ne \u00een teritoriul negativ, \u00een linie cu cel de anul trecut: o pierdere brut\u0103 de 3,3 milioane lei, versus 3,5 milioane lei \u00een T1 2022.\" \/>\n<meta property=\"og:url\" content=\"https:\/\/investors.bittnet.ro\/en\/rezultate-financiare\/1q-2023\/2023-q1-raport-rezultate-t1-2023-download-fisiere\/\" \/>\n<meta property=\"og:site_name\" content=\"Bittnet Investors Relations Site\" \/>\n<meta property=\"article:publisher\" content=\"https:\/\/www.facebook.com\/BittnetSystems\/\" \/>\n<meta property=\"article:modified_time\" content=\"2023-05-12T15:18:14+00:00\" \/>\n<meta name=\"twitter:card\" content=\"summary_large_image\" \/>\n<meta name=\"twitter:site\" content=\"@NA\" \/>\n<meta name=\"twitter:label1\" content=\"Est. reading time\" \/>\n\t<meta name=\"twitter:data1\" content=\"1 minute\" \/>\n<script type=\"application\/ld+json\" class=\"yoast-schema-graph\">{\"@context\":\"https:\/\/schema.org\",\"@graph\":[{\"@type\":\"WebPage\",\"@id\":\"https:\/\/investors.bittnet.ro\/en\/rezultate-financiare\/1q-2023\/2023-q1-raport-rezultate-t1-2023-download-fisiere\/\",\"url\":\"https:\/\/investors.bittnet.ro\/en\/rezultate-financiare\/1q-2023\/2023-q1-raport-rezultate-t1-2023-download-fisiere\/\",\"name\":\"Scrisoare de la CEO\",\"isPartOf\":{\"@id\":\"https:\/\/investors.bittnet.ro\/en\/#website\"},\"datePublished\":\"2023-05-12T09:09:00+00:00\",\"dateModified\":\"2023-05-12T15:18:14+00:00\",\"description\":\"\u00cen primul trimestru al anului 2023, Grupul nostru a \u00eenregistrat venituri consolidate \u00een valoare de 53,5 milioane lei, \u00een cre\u0219tere cu peste 63% fa\u021b\u0103 de perioada similar\u0103 a anului anterior, ca urmare a cre\u0219terii accelerate a activit\u0103\u021bii de intergrare IT&C (cre\u0219tere de 80% versus T1 2022). La nivel de marj\u0103 brut\u0103 \u00eenregistr\u0103m o cre\u0219tere de 32%, de la 6,5 milioane lei \u00een T1 2022 la 8,6 milioane lei \u00een T1 2023. Cre\u0219terea cheltuielilor indirecte, administrative \u00eenregistrat\u0103 pe parcursul anului trecut, a condus la \u00eenregistrarea unei pierderi opera\u021bionale la nivelul grupului \u00een acest prim trimestru al anului, de 2,3 milioane lei, fa\u021b\u0103 de aproximativ zero \u00een T1 2022. La nivelul rezultatului financiar, \u00eenregistr\u0103m o diminuare a pierderii, de la 3,1 milioane lei \u00een T1 2022 la 574 mii lei \u00een primele trei luni ale lui 2023. Astfel, rezultatul brut r\u0103m\u00e2ne \u00een teritoriul negativ, \u00een linie cu cel de anul trecut: o pierdere brut\u0103 de 3,3 milioane lei, versus 3,5 milioane lei \u00een T1 2022.\",\"breadcrumb\":{\"@id\":\"https:\/\/investors.bittnet.ro\/en\/rezultate-financiare\/1q-2023\/2023-q1-raport-rezultate-t1-2023-download-fisiere\/#breadcrumb\"},\"inLanguage\":\"en-US\",\"potentialAction\":[{\"@type\":\"ReadAction\",\"target\":[\"https:\/\/investors.bittnet.ro\/en\/rezultate-financiare\/1q-2023\/2023-q1-raport-rezultate-t1-2023-download-fisiere\/\"]}]},{\"@type\":\"BreadcrumbList\",\"@id\":\"https:\/\/investors.bittnet.ro\/en\/rezultate-financiare\/1q-2023\/2023-q1-raport-rezultate-t1-2023-download-fisiere\/#breadcrumb\",\"itemListElement\":[{\"@type\":\"ListItem\",\"position\":1,\"name\":\"Home\",\"item\":\"https:\/\/investors.bittnet.ro\/en\/\"},{\"@type\":\"ListItem\",\"position\":2,\"name\":\"Rezultate financiare\",\"item\":\"https:\/\/investors.bittnet.ro\/en\/rezultate-financiare\/\"},{\"@type\":\"ListItem\",\"position\":3,\"name\":\"(RO) 2023.Q1 Raport rezultate T1 2023 &#8211; Scrisoare de la CEO\",\"item\":\"https:\/\/investors.bittnet.ro\/en\/rezultate-financiare\/1q-2023\/\"},{\"@type\":\"ListItem\",\"position\":4,\"name\":\"(RO) 2023.Q1 Raport rezultate T1 2023 &#8211; Download Fisiere\"}]},{\"@type\":\"WebSite\",\"@id\":\"https:\/\/investors.bittnet.ro\/en\/#website\",\"url\":\"https:\/\/investors.bittnet.ro\/en\/\",\"name\":\"Bittnet Investors Relations Site\",\"description\":\"Your Value. Upgraded.\",\"publisher\":{\"@id\":\"https:\/\/investors.bittnet.ro\/en\/#organization\"},\"potentialAction\":[{\"@type\":\"SearchAction\",\"target\":{\"@type\":\"EntryPoint\",\"urlTemplate\":\"https:\/\/investors.bittnet.ro\/en\/?s={search_term_string}\"},\"query-input\":\"required name=search_term_string\"}],\"inLanguage\":\"en-US\"},{\"@type\":\"Organization\",\"@id\":\"https:\/\/investors.bittnet.ro\/en\/#organization\",\"name\":\"Bittnet Group\",\"url\":\"https:\/\/investors.bittnet.ro\/en\/\",\"logo\":{\"@type\":\"ImageObject\",\"inLanguage\":\"en-US\",\"@id\":\"https:\/\/investors.bittnet.ro\/en\/#\/schema\/logo\/image\/\",\"url\":\"https:\/\/investors.bittnet.ro\/wp-content\/uploads\/2019\/05\/logo-grup.png\",\"contentUrl\":\"https:\/\/investors.bittnet.ro\/wp-content\/uploads\/2019\/05\/logo-grup.png\",\"width\":807,\"height\":442,\"caption\":\"Bittnet Group\"},\"image\":{\"@id\":\"https:\/\/investors.bittnet.ro\/en\/#\/schema\/logo\/image\/\"},\"sameAs\":[\"https:\/\/www.facebook.com\/BittnetSystems\/\",\"https:\/\/twitter.com\/NA\",\"http:\/\/na\",\"https:\/\/www.linkedin.com\/company\/bittnet-group\/\",\"https:\/\/www.youtube.com\/user\/BittnetSystems\"]}]}<\/script>\n<!-- \/ Yoast SEO plugin. -->","yoast_head_json":{"title":"Scrisoare de la CEO","description":"\u00cen primul trimestru al anului 2023, Grupul nostru a \u00eenregistrat venituri consolidate \u00een valoare de 53,5 milioane lei, \u00een cre\u0219tere cu peste 63% fa\u021b\u0103 de perioada similar\u0103 a anului anterior, ca urmare a cre\u0219terii accelerate a activit\u0103\u021bii de intergrare IT&C (cre\u0219tere de 80% versus T1 2022). La nivel de marj\u0103 brut\u0103 \u00eenregistr\u0103m o cre\u0219tere de 32%, de la 6,5 milioane lei \u00een T1 2022 la 8,6 milioane lei \u00een T1 2023. Cre\u0219terea cheltuielilor indirecte, administrative \u00eenregistrat\u0103 pe parcursul anului trecut, a condus la \u00eenregistrarea unei pierderi opera\u021bionale la nivelul grupului \u00een acest prim trimestru al anului, de 2,3 milioane lei, fa\u021b\u0103 de aproximativ zero \u00een T1 2022. La nivelul rezultatului financiar, \u00eenregistr\u0103m o diminuare a pierderii, de la 3,1 milioane lei \u00een T1 2022 la 574 mii lei \u00een primele trei luni ale lui 2023. Astfel, rezultatul brut r\u0103m\u00e2ne \u00een teritoriul negativ, \u00een linie cu cel de anul trecut: o pierdere brut\u0103 de 3,3 milioane lei, versus 3,5 milioane lei \u00een T1 2022.","robots":{"index":"index","follow":"follow","max-snippet":"max-snippet:-1","max-image-preview":"max-image-preview:large","max-video-preview":"max-video-preview:-1"},"canonical":"https:\/\/investors.bittnet.ro\/en\/rezultate-financiare\/1q-2023\/2023-q1-raport-rezultate-t1-2023-download-fisiere\/","og_locale":"en_US","og_type":"article","og_title":"Scrisoare de la CEO","og_description":"\u00cen primul trimestru al anului 2023, Grupul nostru a \u00eenregistrat venituri consolidate \u00een valoare de 53,5 milioane lei, \u00een cre\u0219tere cu peste 63% fa\u021b\u0103 de perioada similar\u0103 a anului anterior, ca urmare a cre\u0219terii accelerate a activit\u0103\u021bii de intergrare IT&C (cre\u0219tere de 80% versus T1 2022). La nivel de marj\u0103 brut\u0103 \u00eenregistr\u0103m o cre\u0219tere de 32%, de la 6,5 milioane lei \u00een T1 2022 la 8,6 milioane lei \u00een T1 2023. Cre\u0219terea cheltuielilor indirecte, administrative \u00eenregistrat\u0103 pe parcursul anului trecut, a condus la \u00eenregistrarea unei pierderi opera\u021bionale la nivelul grupului \u00een acest prim trimestru al anului, de 2,3 milioane lei, fa\u021b\u0103 de aproximativ zero \u00een T1 2022. La nivelul rezultatului financiar, \u00eenregistr\u0103m o diminuare a pierderii, de la 3,1 milioane lei \u00een T1 2022 la 574 mii lei \u00een primele trei luni ale lui 2023. Astfel, rezultatul brut r\u0103m\u00e2ne \u00een teritoriul negativ, \u00een linie cu cel de anul trecut: o pierdere brut\u0103 de 3,3 milioane lei, versus 3,5 milioane lei \u00een T1 2022.","og_url":"https:\/\/investors.bittnet.ro\/en\/rezultate-financiare\/1q-2023\/2023-q1-raport-rezultate-t1-2023-download-fisiere\/","og_site_name":"Bittnet Investors Relations Site","article_publisher":"https:\/\/www.facebook.com\/BittnetSystems\/","article_modified_time":"2023-05-12T15:18:14+00:00","twitter_card":"summary_large_image","twitter_site":"@NA","twitter_misc":{"Est. reading time":"1 minute"},"schema":{"@context":"https:\/\/schema.org","@graph":[{"@type":"WebPage","@id":"https:\/\/investors.bittnet.ro\/en\/rezultate-financiare\/1q-2023\/2023-q1-raport-rezultate-t1-2023-download-fisiere\/","url":"https:\/\/investors.bittnet.ro\/en\/rezultate-financiare\/1q-2023\/2023-q1-raport-rezultate-t1-2023-download-fisiere\/","name":"Scrisoare de la CEO","isPartOf":{"@id":"https:\/\/investors.bittnet.ro\/en\/#website"},"datePublished":"2023-05-12T09:09:00+00:00","dateModified":"2023-05-12T15:18:14+00:00","description":"\u00cen primul trimestru al anului 2023, Grupul nostru a \u00eenregistrat venituri consolidate \u00een valoare de 53,5 milioane lei, \u00een cre\u0219tere cu peste 63% fa\u021b\u0103 de perioada similar\u0103 a anului anterior, ca urmare a cre\u0219terii accelerate a activit\u0103\u021bii de intergrare IT&C (cre\u0219tere de 80% versus T1 2022). La nivel de marj\u0103 brut\u0103 \u00eenregistr\u0103m o cre\u0219tere de 32%, de la 6,5 milioane lei \u00een T1 2022 la 8,6 milioane lei \u00een T1 2023. Cre\u0219terea cheltuielilor indirecte, administrative \u00eenregistrat\u0103 pe parcursul anului trecut, a condus la \u00eenregistrarea unei pierderi opera\u021bionale la nivelul grupului \u00een acest prim trimestru al anului, de 2,3 milioane lei, fa\u021b\u0103 de aproximativ zero \u00een T1 2022. La nivelul rezultatului financiar, \u00eenregistr\u0103m o diminuare a pierderii, de la 3,1 milioane lei \u00een T1 2022 la 574 mii lei \u00een primele trei luni ale lui 2023. Astfel, rezultatul brut r\u0103m\u00e2ne \u00een teritoriul negativ, \u00een linie cu cel de anul trecut: o pierdere brut\u0103 de 3,3 milioane lei, versus 3,5 milioane lei \u00een T1 2022.","breadcrumb":{"@id":"https:\/\/investors.bittnet.ro\/en\/rezultate-financiare\/1q-2023\/2023-q1-raport-rezultate-t1-2023-download-fisiere\/#breadcrumb"},"inLanguage":"en-US","potentialAction":[{"@type":"ReadAction","target":["https:\/\/investors.bittnet.ro\/en\/rezultate-financiare\/1q-2023\/2023-q1-raport-rezultate-t1-2023-download-fisiere\/"]}]},{"@type":"BreadcrumbList","@id":"https:\/\/investors.bittnet.ro\/en\/rezultate-financiare\/1q-2023\/2023-q1-raport-rezultate-t1-2023-download-fisiere\/#breadcrumb","itemListElement":[{"@type":"ListItem","position":1,"name":"Home","item":"https:\/\/investors.bittnet.ro\/en\/"},{"@type":"ListItem","position":2,"name":"Rezultate financiare","item":"https:\/\/investors.bittnet.ro\/en\/rezultate-financiare\/"},{"@type":"ListItem","position":3,"name":"(RO) 2023.Q1 Raport rezultate T1 2023 &#8211; Scrisoare de la CEO","item":"https:\/\/investors.bittnet.ro\/en\/rezultate-financiare\/1q-2023\/"},{"@type":"ListItem","position":4,"name":"(RO) 2023.Q1 Raport rezultate T1 2023 &#8211; Download Fisiere"}]},{"@type":"WebSite","@id":"https:\/\/investors.bittnet.ro\/en\/#website","url":"https:\/\/investors.bittnet.ro\/en\/","name":"Bittnet Investors Relations Site","description":"Your Value. Upgraded.","publisher":{"@id":"https:\/\/investors.bittnet.ro\/en\/#organization"},"potentialAction":[{"@type":"SearchAction","target":{"@type":"EntryPoint","urlTemplate":"https:\/\/investors.bittnet.ro\/en\/?s={search_term_string}"},"query-input":"required name=search_term_string"}],"inLanguage":"en-US"},{"@type":"Organization","@id":"https:\/\/investors.bittnet.ro\/en\/#organization","name":"Bittnet Group","url":"https:\/\/investors.bittnet.ro\/en\/","logo":{"@type":"ImageObject","inLanguage":"en-US","@id":"https:\/\/investors.bittnet.ro\/en\/#\/schema\/logo\/image\/","url":"https:\/\/investors.bittnet.ro\/wp-content\/uploads\/2019\/05\/logo-grup.png","contentUrl":"https:\/\/investors.bittnet.ro\/wp-content\/uploads\/2019\/05\/logo-grup.png","width":807,"height":442,"caption":"Bittnet Group"},"image":{"@id":"https:\/\/investors.bittnet.ro\/en\/#\/schema\/logo\/image\/"},"sameAs":["https:\/\/www.facebook.com\/BittnetSystems\/","https:\/\/twitter.com\/NA","http:\/\/na","https:\/\/www.linkedin.com\/company\/bittnet-group\/","https:\/\/www.youtube.com\/user\/BittnetSystems"]}]}},"_links":{"self":[{"href":"https:\/\/investors.bittnet.ro\/en\/wp-json\/wp\/v2\/pages\/21467","targetHints":{"allow":["GET"]}}],"collection":[{"href":"https:\/\/investors.bittnet.ro\/en\/wp-json\/wp\/v2\/pages"}],"about":[{"href":"https:\/\/investors.bittnet.ro\/en\/wp-json\/wp\/v2\/types\/page"}],"author":[{"embeddable":true,"href":"https:\/\/investors.bittnet.ro\/en\/wp-json\/wp\/v2\/users\/13"}],"replies":[{"embeddable":true,"href":"https:\/\/investors.bittnet.ro\/en\/wp-json\/wp\/v2\/comments?post=21467"}],"version-history":[{"count":3,"href":"https:\/\/investors.bittnet.ro\/en\/wp-json\/wp\/v2\/pages\/21467\/revisions"}],"predecessor-version":[{"id":21483,"href":"https:\/\/investors.bittnet.ro\/en\/wp-json\/wp\/v2\/pages\/21467\/revisions\/21483"}],"up":[{"embeddable":true,"href":"https:\/\/investors.bittnet.ro\/en\/wp-json\/wp\/v2\/pages\/21460"}],"wp:attachment":[{"href":"https:\/\/investors.bittnet.ro\/en\/wp-json\/wp\/v2\/media?parent=21467"}],"curies":[{"name":"wp","href":"https:\/\/api.w.org\/{rel}","templated":true}]}}