{"id":21460,"date":"2023-05-12T11:55:17","date_gmt":"2023-05-12T08:55:17","guid":{"rendered":"https:\/\/investors.bittnet.ro\/?page_id=21460"},"modified":"2023-05-16T11:18:04","modified_gmt":"2023-05-16T08:18:04","slug":"1q-2023","status":"publish","type":"page","link":"https:\/\/investors.bittnet.ro\/en\/rezultate-financiare\/1q-2023\/","title":{"rendered":"(RO) 2023.Q1 Raport rezultate T1 2023 &#8211; Scrisoare de la CEO"},"content":{"rendered":"<section class=\"l-section wpb_row us_custom_7b90c1ca height_small\"><div class=\"l-section-h i-cf\"><div class=\"g-cols vc_row via_flex valign_top type_default stacking_default\"><div class=\"vc_col-sm-12 wpb_column vc_column_container\"><div class=\"vc_column-inner\"><div class=\"wpb_wrapper\"><\/div><\/div><\/div><\/div><\/div><\/section><section class=\"l-section wpb_row height_small\"><div class=\"l-section-h i-cf\"><div class=\"g-cols vc_row via_flex valign_top type_default stacking_default\"><div class=\"vc_col-sm-8 wpb_column vc_column_container\"><div class=\"vc_column-inner\"><div class=\"wpb_wrapper\"><div class=\"wpb_text_column\"><div class=\"wpb_wrapper\"><h1>Scrisoare de la CEO<\/h1>\n<\/div><\/div><div class=\"w-separator size_medium\"><\/div><div class=\"wpb_text_column us_custom_432d3f53\"><div class=\"wpb_wrapper\"><p><img loading=\"lazy\" decoding=\"async\" class=\"alignright wp-image-16516 size-medium\" title=\"Mihai Logof\u0103tu, Cofondator \u0219i CEO Bittnet Group\" src=\"https:\/\/investors.bittnet.ro\/wp-content\/uploads\/2022\/05\/Mihai-Logofatu-CEO-Bittnet-Group-2-300x300.jpg\" alt=\"Mihai Logof\u0103tu, Cofondator \u0219i CEO Bittnet Group\" width=\"300\" height=\"300\" srcset=\"https:\/\/investors.bittnet.ro\/wp-content\/uploads\/2022\/05\/Mihai-Logofatu-CEO-Bittnet-Group-2-300x300.jpg 300w, https:\/\/investors.bittnet.ro\/wp-content\/uploads\/2022\/05\/Mihai-Logofatu-CEO-Bittnet-Group-2-150x150.jpg 150w, https:\/\/investors.bittnet.ro\/wp-content\/uploads\/2022\/05\/Mihai-Logofatu-CEO-Bittnet-Group-2-600x600.jpg 600w, https:\/\/investors.bittnet.ro\/wp-content\/uploads\/2022\/05\/Mihai-Logofatu-CEO-Bittnet-Group-2.jpg 700w\" sizes=\"auto, (max-width: 300px) 100vw, 300px\" \/>\u00cen primul trimestru al anului 2023, Grupul nostru a \u00eenregistrat venituri consolidate \u00een valoare de 53,5 milioane lei, \u00een cre\u0219tere cu peste 63% fa\u021b\u0103 de perioada similar\u0103 a anului anterior, ca urmare a cre\u0219terii accelerate a activit\u0103\u021bii de intergrare IT&amp;C (cre\u0219tere de 80% versus T1 2022). La nivel de marj\u0103 brut\u0103 \u00eenregistr\u0103m o cre\u0219tere de 32%, de la 6,5 milioane lei \u00een T1 2022 la 8,6 milioane lei \u00een T1 2023. Cre\u0219terea cheltuielilor indirecte, administrative \u00eenregistrat\u0103 pe parcursul anului trecut, a condus la \u00eenregistrarea unei pierderi opera\u021bionale la nivelul grupului \u00een acest prim trimestru al anului, de 2,3 milioane lei, fa\u021b\u0103 de aproximativ zero \u00een T1 2022. La nivelul rezultatului financiar, \u00eenregistr\u0103m o diminuare a pierderii, de la 3,1 milioane lei \u00een T1 2022 la 574 mii lei \u00een primele trei luni ale lui 2023. Astfel, rezultatul brut r\u0103m\u00e2ne \u00een teritoriul negativ, \u00een linie cu cel de anul trecut: o pierdere brut\u0103 de 3,3 milioane lei, versus 3,5 milioane lei \u00een T1 2022.<\/p>\n<p>Din perspectiv\u0103 anualizat\u0103 (\u201eultimele 12 luni\u201d), evolu\u021bia rezultatelor reconfirm\u0103 capacitatea grupului nostru de cre\u0219tere a veniturilor \u0219i a profitabilit\u0103\u021bii opera\u021bionale: veniturile consolidate se ridic\u0103 la 212,8 milioane lei, \u00een cre\u0219tere cu aproape 74% fa\u021b\u0103 de perioada anterioar\u0103, iar marja brut\u0103 la 44,8 milioane lei, \u00een cre\u0219tere cu 67%. \u00cen acest timp, profitul opera\u021bional a avut o evolu\u021bie pozitiv\u0103 ating\u00e2nd valoarea de 6 milioane lei, \u00een cre\u0219tere cu 35%.<\/p>\n<p>\u00cenregistr\u0103m o pozi\u021bie financiar\u0103 solid\u0103, datoriile la furnizori fiind acoperite de crean\u021bele asupra clien\u021bilor \u0219i de stocurile de facturat. Crean\u021bele asupra clien\u021bilor sunt mai mari cu 54% fa\u021b\u0103 de aceea\u0219i perioad\u0103 a anului trecut, \u00een timp ce businessul a crescut cu 63%, iar datoriile financiare totale (pe termen scurt \u0219i pe termen lung, ignor\u00e2nd datoriile de tip \u201eleasing\u201d conform IFRS16) sunt aproximativ egale cu pozi\u021bia de numerar (43 milioane lei). Comparativ cu T1 2022, activele totale sunt \u00een cre\u0219tere cu 84%, p\u00e2n\u0103 la 226 milioane lei, iar capitalurile proprii \u00eenregistreaz\u0103 o cre\u0219tere de 80%, p\u00e2n\u0103 la 87 milioane lei.<\/p>\n<p>Din punct de vedere al fluxurilor de numerar, \u00een mod caracteristic pentru primele trei luni ale anului, pierderea opera\u021bional\u0103 a generat un cash outflow de 2,2 milioane lei, similar cu T1 2022, numerarul net de 11 milioane lei atras prin activitatea de finan\u021bare fiind folosit pentru a acoperi aceast\u0103 sum\u0103 \u0219i pentru a pl\u0103ti investi\u021bii nete de 8 milioane lei (7 milioane lei achizi\u021bii de companii \u0219i 1 milion lei achizi\u021bii de imobiliz\u0103ri). Este important de notat c\u0103 cei 11 milioane lei numerar net din activitatea de finan\u021bare au rezultat dup\u0103 reducerea semnificativ\u0103 a gradului de \u00eendatorare prin rambursarea de datorii (bancare \u0219i obligatare) \u00een valoare de 15 milioane lei. \u00cen aceste condi\u021bii, pozi\u021bia de numerar de la finalul trimestrului este de 43 milioane lei, comparativ cu 19 milioane lei la finalul T1 2022. Suntem astfel bine pozi\u021biona\u021bi s\u0103 acces\u0103m finan\u021bare anul acesta at\u00e2t de pe pia\u021ba de capital, prin oferte succesive de obliga\u021biuni listate, c\u00e2t \u0219i prin credite bancare, \u00een special pentru activitatea de M&amp;A.<\/p>\n<p>De la listarea \u00een 2015 pe Bursa de Valori Bucure\u0219ti, grupul Bittnet \u00eenregistreaz\u0103 o rat\u0103 medie anualizat\u0103 de cre\u0219tere (CAGR) de 48% la nivelul veniturilor, 59% la nivelul activelor, 69% la nivelul capitalurilor proprii \u0219i 40% la nivelul profitului opera\u021bional. De asemenea, \u00een acest interval de timp, randamentul mediu anual al capitalurilor proprii (ROE) a fost de 55%.<\/p>\n<p>\u00cen primele trei luni ale anului, am finalizat cu succes cea mai mare rund\u0103 de majorare de capital desf\u0103\u0219urat\u0103 p\u00e2n\u0103 acum, \u00een cadrul c\u0103reia am atras 32 milioane lei. Astfel, \u021bin\u00e2nd cont de capitalurile proprii din acest moment \u0219i de pozi\u021bia puternic\u0103 de numerar, precum \u0219i de capacitatea de a produce un flux de numerar pozitiv an de an, grupul se plaseaz\u0103 drept un bun candidat pentru a accesa finan\u021bare \u00een continuare, put\u00e2nd astfel s\u0103 derul\u0103m proiecte complexe de business, precum \u0219i investi\u021bii M&amp;A de succes.<\/p>\n<p>\u00cen cursul lunii aprilie am primit o informare de la Consiliul Concuren\u021bei referitoare la aprobarea tranzac\u021biei de achizi\u021bie a Dataware, decizia final\u0103 de autorizare urm\u00e2nd a fi transmis\u0103 \u00een perioada imediat urm\u0103toare. Compania se va al\u0103tura grupului nostru \u00een cadrul pilonului de Cloud &amp; Infrastructure \u0219i estim\u0103m \u00eencheierea tranzac\u021biei \u00een T2, astfel \u00eenc\u00e2t rezultatele Dataware vor fi consolidate \u00eencep\u00e2nd cu luna iunie sau cu T3. Lucr\u0103m \u00een continuare \u00een mod activ la a c\u0103uta, identifica, negocia \u0219i implementa at\u00e2t tranzac\u021bii semnificative din punct de vedere al dimensiunii, c\u00e2t \u0219i achizi\u021bii \u201ebolt on\u201d pentru fiecare din liniile de business.<\/p>\n<p>Av\u00e2nd \u00een vedere cre\u0219terea structurii organizatorice \u00eenregistrat\u0103 \u00een 2022, p\u00e2n\u0103 la un nivel care consider\u0103m c\u0103 poate sus\u021bine un business de 500 milioane lei (\u021binta asumat\u0103 pentru finalul anului 2024), am anun\u021bat o schimbare a focusului organiza\u021biei, c\u0103tre eficientizare \u0219i profitabilitate, \u00eencep\u00e2nd cu anul curent. Bugetul de venituri \u0219i cheltuieli aprobat de ac\u021bionari la finalul lunii aprilie 2023 reflect\u0103 aceast\u0103 tranzi\u021bie c\u0103tre cre\u0219terea profitabilit\u0103\u021bii, observ\u00e2ndu-se o atenuare a ritmului de cre\u0219tere a cifrei de afaceri, dar o dublare a valorii EBITDA \u0219i a profitului opera\u021bional (de la 8,5 milioane lei \u00een 2022 la 18 milioane lei \u021binti\u021bi pentru 2023).<\/p>\n<p>Fiecare dintre companiile din grup are oportunit\u0103\u021bi \u0219i provoc\u0103ri diferite, date de specificul fiec\u0103reia dintre ele (dimensiunea, tipul de produse v\u00e2ndute, tipologia de client, etc). De\u0219i aceast\u0103 perioad\u0103 de trei luni este foarte scurt\u0103, vedem deja semnale pozitive, ceea ce ne determin\u0103 s\u0103 continu\u0103m procesul de eficientizare a activit\u0103\u021bii \u00een vederea atingerii obiectivelor propuse pentru acest an.<\/p>\n<p>Ca \u00eentotdeauna, v\u0103 st\u0103m la dispozi\u021bie pentru \u00eentreb\u0103ri, la adresa <a href=\"mailto:i&#110;&#118;&#101;&#115;&#116;&#111;&#114;&#115;&#64;&#98;&#x69;&#x74;&#x74;&#x6e;&#x65;&#x74;&#x2e;&#x72;&#x6f;\">&#105;&#x6e;&#x76;&#101;&#x73;&#x74;&#111;&#x72;&#x73;&#64;&#x62;&#x69;&#116;&#x74;&#x6e;&#101;&#x74;&#x2e;&#114;&#x6f;<\/a>.<\/p>\n<p><strong>Mihai Logof\u0103tu,<\/strong><br \/>\nFondator si CEO Bittnet Group<\/p>\n<\/div><\/div><div class=\"w-separator size_huge\"><\/div><\/div><\/div><\/div><div class=\"vc_col-sm-4 wpb_column vc_column_container\"><div class=\"vc_column-inner\"><div class=\"wpb_wrapper\"><div class=\"w-separator size_small\"><\/div><nav class=\"w-menu layout_ver style_blocks us_menu_1 with_children\" style=\"--main-gap:1.5rem;--main-ver-indent:0.8em;--main-hor-indent:0.8em;--main-bg-color:#f5f5f5;--main-color:inherit;--main-hover-bg-color:#8dbe65;--main-hover-color:#ffffff;--main-active-bg-color:#8dbe65;--main-active-color:#ffffff;--sub-gap:5px;\"><ul id=\"menu-ro-2023-q1-raport-rezultate-t1-2023\" class=\"menu\"><li id=\"menu-item-21465\" class=\"menu-item menu-item-type-post_type menu-item-object-page menu-item-21465\"><a href=\"https:\/\/investors.bittnet.ro\/abonare-newsletter\/\">Newsletter subscription<\/a><\/li><\/ul><style>@media ( max-width:600px ){.us_menu_1 .menu{display:block!important}.us_menu_1 .menu>li:not(:last-child){margin:0 0 var(--main-gap,1.5rem)!important}}<\/style><\/nav><\/div><\/div><\/div><\/div><\/div><\/section>\n","protected":false},"excerpt":{"rendered":"Scrisoare de la CEO \u00cen primul trimestru al anului 2023, Grupul nostru a \u00eenregistrat venituri consolidate \u00een valoare de 53,5 milioane lei, \u00een cre\u0219tere cu peste 63% fa\u021b\u0103 de perioada similar\u0103 a anului anterior, ca urmare a cre\u0219terii accelerate a activit\u0103\u021bii de intergrare IT&amp;C (cre\u0219tere de 80% versus T1 2022). La nivel de marj\u0103 brut\u0103...","protected":false},"author":13,"featured_media":0,"parent":542,"menu_order":1,"comment_status":"closed","ping_status":"closed","template":"","meta":{"footnotes":""},"class_list":["post-21460","page","type-page","status-publish","hentry"],"yoast_head":"<!-- This site is optimized with the Yoast SEO plugin v20.8 - https:\/\/yoast.com\/wordpress\/plugins\/seo\/ -->\n<title>Scrisoare de la CEO<\/title>\n<meta name=\"description\" content=\"\u00cen primul trimestru al anului 2023, Grupul nostru a \u00eenregistrat venituri consolidate \u00een valoare de 53,5 milioane lei, \u00een cre\u0219tere cu peste 63% fa\u021b\u0103 de perioada similar\u0103 a anului anterior, ca urmare a cre\u0219terii accelerate a activit\u0103\u021bii de intergrare IT&amp;C (cre\u0219tere de 80% versus T1 2022). La nivel de marj\u0103 brut\u0103 \u00eenregistr\u0103m o cre\u0219tere de 32%, de la 6,5 milioane lei \u00een T1 2022 la 8,6 milioane lei \u00een T1 2023. Cre\u0219terea cheltuielilor indirecte, administrative \u00eenregistrat\u0103 pe parcursul anului trecut, a condus la \u00eenregistrarea unei pierderi opera\u021bionale la nivelul grupului \u00een acest prim trimestru al anului, de 2,3 milioane lei, fa\u021b\u0103 de aproximativ zero \u00een T1 2022. La nivelul rezultatului financiar, \u00eenregistr\u0103m o diminuare a pierderii, de la 3,1 milioane lei \u00een T1 2022 la 574 mii lei \u00een primele trei luni ale lui 2023. Astfel, rezultatul brut r\u0103m\u00e2ne \u00een teritoriul negativ, \u00een linie cu cel de anul trecut: o pierdere brut\u0103 de 3,3 milioane lei, versus 3,5 milioane lei \u00een T1 2022.\" \/>\n<meta name=\"robots\" content=\"index, follow, max-snippet:-1, max-image-preview:large, max-video-preview:-1\" \/>\n<link rel=\"canonical\" href=\"https:\/\/investors.bittnet.ro\/en\/rezultate-financiare\/1q-2023\/\" \/>\n<meta property=\"og:locale\" content=\"en_US\" \/>\n<meta property=\"og:type\" content=\"article\" \/>\n<meta property=\"og:title\" content=\"Scrisoare de la CEO\" \/>\n<meta property=\"og:description\" content=\"\u00cen primul trimestru al anului 2023, Grupul nostru a \u00eenregistrat venituri consolidate \u00een valoare de 53,5 milioane lei, \u00een cre\u0219tere cu peste 63% fa\u021b\u0103 de perioada similar\u0103 a anului anterior, ca urmare a cre\u0219terii accelerate a activit\u0103\u021bii de intergrare IT&amp;C (cre\u0219tere de 80% versus T1 2022). La nivel de marj\u0103 brut\u0103 \u00eenregistr\u0103m o cre\u0219tere de 32%, de la 6,5 milioane lei \u00een T1 2022 la 8,6 milioane lei \u00een T1 2023. Cre\u0219terea cheltuielilor indirecte, administrative \u00eenregistrat\u0103 pe parcursul anului trecut, a condus la \u00eenregistrarea unei pierderi opera\u021bionale la nivelul grupului \u00een acest prim trimestru al anului, de 2,3 milioane lei, fa\u021b\u0103 de aproximativ zero \u00een T1 2022. La nivelul rezultatului financiar, \u00eenregistr\u0103m o diminuare a pierderii, de la 3,1 milioane lei \u00een T1 2022 la 574 mii lei \u00een primele trei luni ale lui 2023. Astfel, rezultatul brut r\u0103m\u00e2ne \u00een teritoriul negativ, \u00een linie cu cel de anul trecut: o pierdere brut\u0103 de 3,3 milioane lei, versus 3,5 milioane lei \u00een T1 2022.\" \/>\n<meta property=\"og:url\" content=\"https:\/\/investors.bittnet.ro\/en\/rezultate-financiare\/1q-2023\/\" \/>\n<meta property=\"og:site_name\" content=\"Bittnet Investors Relations Site\" \/>\n<meta property=\"article:publisher\" content=\"https:\/\/www.facebook.com\/BittnetSystems\/\" \/>\n<meta property=\"article:modified_time\" content=\"2023-05-16T08:18:04+00:00\" \/>\n<meta property=\"og:image\" content=\"https:\/\/investors.bittnet.ro\/wp-content\/uploads\/2022\/05\/Mihai-Logofatu-CEO-Bittnet-Group-2-300x300.jpg\" \/>\n<meta name=\"twitter:card\" content=\"summary_large_image\" \/>\n<meta name=\"twitter:site\" content=\"@NA\" \/>\n<meta name=\"twitter:label1\" content=\"Est. reading time\" \/>\n\t<meta name=\"twitter:data1\" content=\"5 minutes\" \/>\n<script type=\"application\/ld+json\" class=\"yoast-schema-graph\">{\"@context\":\"https:\/\/schema.org\",\"@graph\":[{\"@type\":\"WebPage\",\"@id\":\"https:\/\/investors.bittnet.ro\/en\/rezultate-financiare\/1q-2023\/\",\"url\":\"https:\/\/investors.bittnet.ro\/en\/rezultate-financiare\/1q-2023\/\",\"name\":\"Scrisoare de la CEO\",\"isPartOf\":{\"@id\":\"https:\/\/investors.bittnet.ro\/en\/#website\"},\"datePublished\":\"2023-05-12T08:55:17+00:00\",\"dateModified\":\"2023-05-16T08:18:04+00:00\",\"description\":\"\u00cen primul trimestru al anului 2023, Grupul nostru a \u00eenregistrat venituri consolidate \u00een valoare de 53,5 milioane lei, \u00een cre\u0219tere cu peste 63% fa\u021b\u0103 de perioada similar\u0103 a anului anterior, ca urmare a cre\u0219terii accelerate a activit\u0103\u021bii de intergrare IT&C (cre\u0219tere de 80% versus T1 2022). La nivel de marj\u0103 brut\u0103 \u00eenregistr\u0103m o cre\u0219tere de 32%, de la 6,5 milioane lei \u00een T1 2022 la 8,6 milioane lei \u00een T1 2023. Cre\u0219terea cheltuielilor indirecte, administrative \u00eenregistrat\u0103 pe parcursul anului trecut, a condus la \u00eenregistrarea unei pierderi opera\u021bionale la nivelul grupului \u00een acest prim trimestru al anului, de 2,3 milioane lei, fa\u021b\u0103 de aproximativ zero \u00een T1 2022. La nivelul rezultatului financiar, \u00eenregistr\u0103m o diminuare a pierderii, de la 3,1 milioane lei \u00een T1 2022 la 574 mii lei \u00een primele trei luni ale lui 2023. Astfel, rezultatul brut r\u0103m\u00e2ne \u00een teritoriul negativ, \u00een linie cu cel de anul trecut: o pierdere brut\u0103 de 3,3 milioane lei, versus 3,5 milioane lei \u00een T1 2022.\",\"breadcrumb\":{\"@id\":\"https:\/\/investors.bittnet.ro\/en\/rezultate-financiare\/1q-2023\/#breadcrumb\"},\"inLanguage\":\"en-US\",\"potentialAction\":[{\"@type\":\"ReadAction\",\"target\":[\"https:\/\/investors.bittnet.ro\/en\/rezultate-financiare\/1q-2023\/\"]}]},{\"@type\":\"BreadcrumbList\",\"@id\":\"https:\/\/investors.bittnet.ro\/en\/rezultate-financiare\/1q-2023\/#breadcrumb\",\"itemListElement\":[{\"@type\":\"ListItem\",\"position\":1,\"name\":\"Home\",\"item\":\"https:\/\/investors.bittnet.ro\/en\/\"},{\"@type\":\"ListItem\",\"position\":2,\"name\":\"Rezultate financiare\",\"item\":\"https:\/\/investors.bittnet.ro\/en\/rezultate-financiare\/\"},{\"@type\":\"ListItem\",\"position\":3,\"name\":\"(RO) 2023.Q1 Raport rezultate T1 2023 &#8211; Scrisoare de la CEO\"}]},{\"@type\":\"WebSite\",\"@id\":\"https:\/\/investors.bittnet.ro\/en\/#website\",\"url\":\"https:\/\/investors.bittnet.ro\/en\/\",\"name\":\"Bittnet Investors Relations Site\",\"description\":\"Your Value. Upgraded.\",\"publisher\":{\"@id\":\"https:\/\/investors.bittnet.ro\/en\/#organization\"},\"potentialAction\":[{\"@type\":\"SearchAction\",\"target\":{\"@type\":\"EntryPoint\",\"urlTemplate\":\"https:\/\/investors.bittnet.ro\/en\/?s={search_term_string}\"},\"query-input\":\"required name=search_term_string\"}],\"inLanguage\":\"en-US\"},{\"@type\":\"Organization\",\"@id\":\"https:\/\/investors.bittnet.ro\/en\/#organization\",\"name\":\"Bittnet Group\",\"url\":\"https:\/\/investors.bittnet.ro\/en\/\",\"logo\":{\"@type\":\"ImageObject\",\"inLanguage\":\"en-US\",\"@id\":\"https:\/\/investors.bittnet.ro\/en\/#\/schema\/logo\/image\/\",\"url\":\"https:\/\/investors.bittnet.ro\/wp-content\/uploads\/2019\/05\/logo-grup.png\",\"contentUrl\":\"https:\/\/investors.bittnet.ro\/wp-content\/uploads\/2019\/05\/logo-grup.png\",\"width\":807,\"height\":442,\"caption\":\"Bittnet Group\"},\"image\":{\"@id\":\"https:\/\/investors.bittnet.ro\/en\/#\/schema\/logo\/image\/\"},\"sameAs\":[\"https:\/\/www.facebook.com\/BittnetSystems\/\",\"https:\/\/twitter.com\/NA\",\"http:\/\/na\",\"https:\/\/www.linkedin.com\/company\/bittnet-group\/\",\"https:\/\/www.youtube.com\/user\/BittnetSystems\"]}]}<\/script>\n<!-- \/ Yoast SEO plugin. -->","yoast_head_json":{"title":"Scrisoare de la CEO","description":"\u00cen primul trimestru al anului 2023, Grupul nostru a \u00eenregistrat venituri consolidate \u00een valoare de 53,5 milioane lei, \u00een cre\u0219tere cu peste 63% fa\u021b\u0103 de perioada similar\u0103 a anului anterior, ca urmare a cre\u0219terii accelerate a activit\u0103\u021bii de intergrare IT&C (cre\u0219tere de 80% versus T1 2022). La nivel de marj\u0103 brut\u0103 \u00eenregistr\u0103m o cre\u0219tere de 32%, de la 6,5 milioane lei \u00een T1 2022 la 8,6 milioane lei \u00een T1 2023. Cre\u0219terea cheltuielilor indirecte, administrative \u00eenregistrat\u0103 pe parcursul anului trecut, a condus la \u00eenregistrarea unei pierderi opera\u021bionale la nivelul grupului \u00een acest prim trimestru al anului, de 2,3 milioane lei, fa\u021b\u0103 de aproximativ zero \u00een T1 2022. La nivelul rezultatului financiar, \u00eenregistr\u0103m o diminuare a pierderii, de la 3,1 milioane lei \u00een T1 2022 la 574 mii lei \u00een primele trei luni ale lui 2023. Astfel, rezultatul brut r\u0103m\u00e2ne \u00een teritoriul negativ, \u00een linie cu cel de anul trecut: o pierdere brut\u0103 de 3,3 milioane lei, versus 3,5 milioane lei \u00een T1 2022.","robots":{"index":"index","follow":"follow","max-snippet":"max-snippet:-1","max-image-preview":"max-image-preview:large","max-video-preview":"max-video-preview:-1"},"canonical":"https:\/\/investors.bittnet.ro\/en\/rezultate-financiare\/1q-2023\/","og_locale":"en_US","og_type":"article","og_title":"Scrisoare de la CEO","og_description":"\u00cen primul trimestru al anului 2023, Grupul nostru a \u00eenregistrat venituri consolidate \u00een valoare de 53,5 milioane lei, \u00een cre\u0219tere cu peste 63% fa\u021b\u0103 de perioada similar\u0103 a anului anterior, ca urmare a cre\u0219terii accelerate a activit\u0103\u021bii de intergrare IT&C (cre\u0219tere de 80% versus T1 2022). La nivel de marj\u0103 brut\u0103 \u00eenregistr\u0103m o cre\u0219tere de 32%, de la 6,5 milioane lei \u00een T1 2022 la 8,6 milioane lei \u00een T1 2023. Cre\u0219terea cheltuielilor indirecte, administrative \u00eenregistrat\u0103 pe parcursul anului trecut, a condus la \u00eenregistrarea unei pierderi opera\u021bionale la nivelul grupului \u00een acest prim trimestru al anului, de 2,3 milioane lei, fa\u021b\u0103 de aproximativ zero \u00een T1 2022. La nivelul rezultatului financiar, \u00eenregistr\u0103m o diminuare a pierderii, de la 3,1 milioane lei \u00een T1 2022 la 574 mii lei \u00een primele trei luni ale lui 2023. Astfel, rezultatul brut r\u0103m\u00e2ne \u00een teritoriul negativ, \u00een linie cu cel de anul trecut: o pierdere brut\u0103 de 3,3 milioane lei, versus 3,5 milioane lei \u00een T1 2022.","og_url":"https:\/\/investors.bittnet.ro\/en\/rezultate-financiare\/1q-2023\/","og_site_name":"Bittnet Investors Relations Site","article_publisher":"https:\/\/www.facebook.com\/BittnetSystems\/","article_modified_time":"2023-05-16T08:18:04+00:00","og_image":[{"url":"https:\/\/investors.bittnet.ro\/wp-content\/uploads\/2022\/05\/Mihai-Logofatu-CEO-Bittnet-Group-2-300x300.jpg"}],"twitter_card":"summary_large_image","twitter_site":"@NA","twitter_misc":{"Est. reading time":"5 minutes"},"schema":{"@context":"https:\/\/schema.org","@graph":[{"@type":"WebPage","@id":"https:\/\/investors.bittnet.ro\/en\/rezultate-financiare\/1q-2023\/","url":"https:\/\/investors.bittnet.ro\/en\/rezultate-financiare\/1q-2023\/","name":"Scrisoare de la CEO","isPartOf":{"@id":"https:\/\/investors.bittnet.ro\/en\/#website"},"datePublished":"2023-05-12T08:55:17+00:00","dateModified":"2023-05-16T08:18:04+00:00","description":"\u00cen primul trimestru al anului 2023, Grupul nostru a \u00eenregistrat venituri consolidate \u00een valoare de 53,5 milioane lei, \u00een cre\u0219tere cu peste 63% fa\u021b\u0103 de perioada similar\u0103 a anului anterior, ca urmare a cre\u0219terii accelerate a activit\u0103\u021bii de intergrare IT&C (cre\u0219tere de 80% versus T1 2022). La nivel de marj\u0103 brut\u0103 \u00eenregistr\u0103m o cre\u0219tere de 32%, de la 6,5 milioane lei \u00een T1 2022 la 8,6 milioane lei \u00een T1 2023. Cre\u0219terea cheltuielilor indirecte, administrative \u00eenregistrat\u0103 pe parcursul anului trecut, a condus la \u00eenregistrarea unei pierderi opera\u021bionale la nivelul grupului \u00een acest prim trimestru al anului, de 2,3 milioane lei, fa\u021b\u0103 de aproximativ zero \u00een T1 2022. La nivelul rezultatului financiar, \u00eenregistr\u0103m o diminuare a pierderii, de la 3,1 milioane lei \u00een T1 2022 la 574 mii lei \u00een primele trei luni ale lui 2023. Astfel, rezultatul brut r\u0103m\u00e2ne \u00een teritoriul negativ, \u00een linie cu cel de anul trecut: o pierdere brut\u0103 de 3,3 milioane lei, versus 3,5 milioane lei \u00een T1 2022.","breadcrumb":{"@id":"https:\/\/investors.bittnet.ro\/en\/rezultate-financiare\/1q-2023\/#breadcrumb"},"inLanguage":"en-US","potentialAction":[{"@type":"ReadAction","target":["https:\/\/investors.bittnet.ro\/en\/rezultate-financiare\/1q-2023\/"]}]},{"@type":"BreadcrumbList","@id":"https:\/\/investors.bittnet.ro\/en\/rezultate-financiare\/1q-2023\/#breadcrumb","itemListElement":[{"@type":"ListItem","position":1,"name":"Home","item":"https:\/\/investors.bittnet.ro\/en\/"},{"@type":"ListItem","position":2,"name":"Rezultate financiare","item":"https:\/\/investors.bittnet.ro\/en\/rezultate-financiare\/"},{"@type":"ListItem","position":3,"name":"(RO) 2023.Q1 Raport rezultate T1 2023 &#8211; Scrisoare de la CEO"}]},{"@type":"WebSite","@id":"https:\/\/investors.bittnet.ro\/en\/#website","url":"https:\/\/investors.bittnet.ro\/en\/","name":"Bittnet Investors Relations Site","description":"Your Value. Upgraded.","publisher":{"@id":"https:\/\/investors.bittnet.ro\/en\/#organization"},"potentialAction":[{"@type":"SearchAction","target":{"@type":"EntryPoint","urlTemplate":"https:\/\/investors.bittnet.ro\/en\/?s={search_term_string}"},"query-input":"required name=search_term_string"}],"inLanguage":"en-US"},{"@type":"Organization","@id":"https:\/\/investors.bittnet.ro\/en\/#organization","name":"Bittnet Group","url":"https:\/\/investors.bittnet.ro\/en\/","logo":{"@type":"ImageObject","inLanguage":"en-US","@id":"https:\/\/investors.bittnet.ro\/en\/#\/schema\/logo\/image\/","url":"https:\/\/investors.bittnet.ro\/wp-content\/uploads\/2019\/05\/logo-grup.png","contentUrl":"https:\/\/investors.bittnet.ro\/wp-content\/uploads\/2019\/05\/logo-grup.png","width":807,"height":442,"caption":"Bittnet Group"},"image":{"@id":"https:\/\/investors.bittnet.ro\/en\/#\/schema\/logo\/image\/"},"sameAs":["https:\/\/www.facebook.com\/BittnetSystems\/","https:\/\/twitter.com\/NA","http:\/\/na","https:\/\/www.linkedin.com\/company\/bittnet-group\/","https:\/\/www.youtube.com\/user\/BittnetSystems"]}]}},"_links":{"self":[{"href":"https:\/\/investors.bittnet.ro\/en\/wp-json\/wp\/v2\/pages\/21460","targetHints":{"allow":["GET"]}}],"collection":[{"href":"https:\/\/investors.bittnet.ro\/en\/wp-json\/wp\/v2\/pages"}],"about":[{"href":"https:\/\/investors.bittnet.ro\/en\/wp-json\/wp\/v2\/types\/page"}],"author":[{"embeddable":true,"href":"https:\/\/investors.bittnet.ro\/en\/wp-json\/wp\/v2\/users\/13"}],"replies":[{"embeddable":true,"href":"https:\/\/investors.bittnet.ro\/en\/wp-json\/wp\/v2\/comments?post=21460"}],"version-history":[{"count":6,"href":"https:\/\/investors.bittnet.ro\/en\/wp-json\/wp\/v2\/pages\/21460\/revisions"}],"predecessor-version":[{"id":21485,"href":"https:\/\/investors.bittnet.ro\/en\/wp-json\/wp\/v2\/pages\/21460\/revisions\/21485"}],"up":[{"embeddable":true,"href":"https:\/\/investors.bittnet.ro\/en\/wp-json\/wp\/v2\/pages\/542"}],"wp:attachment":[{"href":"https:\/\/investors.bittnet.ro\/en\/wp-json\/wp\/v2\/media?parent=21460"}],"curies":[{"name":"wp","href":"https:\/\/api.w.org\/{rel}","templated":true}]}}