{"id":21150,"date":"2023-04-10T15:32:44","date_gmt":"2023-04-10T12:32:44","guid":{"rendered":"https:\/\/investors.bittnet.ro\/?page_id=21150"},"modified":"2023-04-20T10:07:21","modified_gmt":"2023-04-20T07:07:21","slug":"ziua-investitorului-bittnet-2023","status":"publish","type":"page","link":"https:\/\/investors.bittnet.ro\/en\/ziua-investitorului-bittnet-2023\/","title":{"rendered":"Ziua Investitorului BNET 2023"},"content":{"rendered":"<section class=\"l-section wpb_row height_auto width_full\"><div class=\"l-section-h i-cf\"><div class=\"g-cols vc_row via_flex valign_top type_default stacking_default\"><div class=\"vc_col-sm-12 wpb_column vc_column_container\"><div class=\"vc_column-inner\"><div class=\"wpb_wrapper\"><div class=\"w-image us_custom_030366c9 align_center\"><div class=\"w-image-h\"><img decoding=\"async\" width=\"1200\" height=\"649\" src=\"https:\/\/investors.bittnet.ro\/wp-content\/uploads\/2023\/04\/0930-Invitatia_1200px-1.jpg\" class=\"attachment-full size-full\" alt=\"\" loading=\"lazy\" srcset=\"https:\/\/investors.bittnet.ro\/wp-content\/uploads\/2023\/04\/0930-Invitatia_1200px-1.jpg 1200w, https:\/\/investors.bittnet.ro\/wp-content\/uploads\/2023\/04\/0930-Invitatia_1200px-1-300x162.jpg 300w, https:\/\/investors.bittnet.ro\/wp-content\/uploads\/2023\/04\/0930-Invitatia_1200px-1-1024x554.jpg 1024w\" sizes=\"auto, (max-width: 1200px) 100vw, 1200px\" \/><\/div><\/div><\/div><\/div><\/div><\/div><\/div><\/section><section class=\"l-section wpb_row height_small color_alternate\"><div class=\"l-section-h i-cf\"><div class=\"g-cols vc_row via_flex valign_top type_default stacking_default\"><div class=\"vc_col-sm-6 wpb_column vc_column_container\"><div class=\"vc_column-inner\"><div class=\"wpb_wrapper\"><div class=\"wpb_text_column\"><div class=\"wpb_wrapper\"><p>Te invit\u0103m sa fii al\u0103turi de noi la <strong>Ziua Investitorului BNET 2023<\/strong> &#8211; joi, 20 aprilie 2023, ora 09:30.<\/p>\n<p>Vei avea ocazia s\u0103 afli mai multe despre structura \u00a0grupului bazat\u0103 pe piloni de business, despre companiile din grup \u0219i cum func\u021bioneaz\u0103 ele \u00eempreun\u0103, precum \u0219i despre strategia pentru anul 2023 \u0219i planurile de viitor ale Bittnet Group.<\/p>\n<p><strong>Ziua Investitorului BNET 2023<\/strong> se va desf\u0103\u0219ura la sediul situat \u00een Cl\u0103direa &#8220;One Cotroceni Park&#8221; &#8211; str. Progresului nr. 1, corp B, etaj 4, Bucure\u0219ti, transmis \u0219i online, via Cisco Webex (<a href=\"https:\/\/bittnet.webex.com\/bittnet\/j.php?MTID=me0843cecd8999e658d9e01a0f44c4b91\">link aici<\/a>, parola: BNET) \u0219i live \u00een Youtube.<\/p>\n<\/div><\/div><div class=\"w-vwrapper align_none valign_top\"><\/div><\/div><\/div><\/div><div class=\"vc_col-sm-6 wpb_column vc_column_container\"><div class=\"vc_column-inner\"><div class=\"wpb_wrapper\"><div class=\"w-video align_none ratio_16x9\"><div class=\"w-video-h\"><iframe loading=\"lazy\" title=\"LIVE Ziua Investitorului BNET 2023!\" width=\"480\" height=\"360\" src=\"https:\/\/www.youtube.com\/embed\/uyyU-dpT9Zc?feature=oembed\" frameborder=\"0\" allow=\"accelerometer; autoplay; clipboard-write; encrypted-media; gyroscope; picture-in-picture; web-share\" allowfullscreen><\/iframe><\/div><\/div><\/div><\/div><\/div><\/div><\/div><\/section><section class=\"l-section wpb_row height_small color_primary\"><div class=\"l-section-h i-cf\"><div class=\"g-cols vc_row via_flex valign_top type_default stacking_default\"><div class=\"vc_col-sm-12 wpb_column vc_column_container\"><div class=\"vc_column-inner\"><div class=\"wpb_wrapper\"><div class=\"wpb_text_column\"><div class=\"wpb_wrapper\"><h2>AGENDA<\/h2>\n<\/div><\/div><\/div><\/div><\/div><\/div><\/div><\/section><section class=\"l-section wpb_row us_custom_0a76c941 height_small\" id=\"agenda\"><div class=\"l-section-h i-cf\"><div class=\"g-cols vc_row via_flex valign_top type_default stacking_default\"><div class=\"vc_col-sm-12 wpb_column vc_column_container\"><div class=\"vc_column-inner\"><div class=\"wpb_wrapper\"><div class=\"wpb_text_column\"><div class=\"wpb_wrapper\"><table style=\"height: 1001px;\" width=\"600\">\n<tbody>\n<tr>\n<td width=\"105\"><strong>09.30 &#8211; 10.00<\/strong><\/td>\n<td width=\"279\">SOSIREA PARTICIPAN\u021aILOR &amp; WELCOME COFFEE (\u00ceN SAL\u0102)<\/p>\n<p>LOGAREA PARTICIPAN\u021aILOR (ONLINE)<\/td>\n<\/tr>\n<tr>\n<td width=\"105\"><strong>10.00 &#8211; 10.05<\/strong><\/td>\n<td width=\"279\">INTRO<\/td>\n<\/tr>\n<tr>\n<td style=\"text-align: right;\" width=\"105\">PREZENTARI<\/td>\n<td width=\"279\"><\/td>\n<\/tr>\n<tr>\n<td width=\"105\"><img loading=\"lazy\" decoding=\"async\" class=\"alignright wp-image-21211\" src=\"https:\/\/investors.bittnet.ro\/wp-content\/uploads\/2023\/04\/Mihai-Logofatu.jpg\" alt=\"\" width=\"115\" height=\"150\" srcset=\"https:\/\/investors.bittnet.ro\/wp-content\/uploads\/2023\/04\/Mihai-Logofatu.jpg 460w, https:\/\/investors.bittnet.ro\/wp-content\/uploads\/2023\/04\/Mihai-Logofatu-230x300.jpg 230w\" sizes=\"auto, (max-width: 115px) 100vw, 115px\" \/><\/td>\n<td width=\"279\"><strong>Mihai Logofatu<br \/>\n<em>CEO Bittnet Group<\/em><br \/>\n<\/strong>Cum arat\u0103 grupul structurat pe piloni de business \u0219i dou\u0103 cuvinte cheie pentru 2023: cre\u0219tere \u0219i profitabilitate (20&#8242;).<\/td>\n<\/tr>\n<tr>\n<td width=\"105\"><img loading=\"lazy\" decoding=\"async\" class=\"alignright wp-image-21203\" src=\"https:\/\/investors.bittnet.ro\/wp-content\/uploads\/2023\/04\/Elian_Iulian_Motoi.jpg\" alt=\"Elian Iulian Motoi\" width=\"115\" height=\"150\" srcset=\"https:\/\/investors.bittnet.ro\/wp-content\/uploads\/2023\/04\/Elian_Iulian_Motoi.jpg 460w, https:\/\/investors.bittnet.ro\/wp-content\/uploads\/2023\/04\/Elian_Iulian_Motoi-230x300.jpg 230w\" sizes=\"auto, (max-width: 115px) 100vw, 115px\" \/><\/td>\n<td width=\"279\"><strong>Iulian Motoi<br \/>\n<em>CEO Elian Solutions<\/em><br \/>\n<\/strong>Despre cre\u0219terea nevoii de solu\u021bii ERP \u0219i ce impact a avut \u00een business o astfel de cre\u0219tere (15&#8242;).<\/td>\n<\/tr>\n<tr>\n<td width=\"105\"><img loading=\"lazy\" decoding=\"async\" class=\"alignright wp-image-21206\" src=\"https:\/\/investors.bittnet.ro\/wp-content\/uploads\/2023\/04\/Optimizor-Alex-Ana.jpg\" alt=\"\" width=\"115\" height=\"150\" srcset=\"https:\/\/investors.bittnet.ro\/wp-content\/uploads\/2023\/04\/Optimizor-Alex-Ana.jpg 460w, https:\/\/investors.bittnet.ro\/wp-content\/uploads\/2023\/04\/Optimizor-Alex-Ana-230x300.jpg 230w\" sizes=\"auto, (max-width: 115px) 100vw, 115px\" \/><\/td>\n<td width=\"279\"><strong>Alexandru Ana<br \/>\n<em>CEO Optimizor<\/em><\/strong><br \/>\nManaged services in IT, ce impact are \u00een pia\u021ba din Rom\u00e2nia o astfel de abordare (15&#8242;).<\/td>\n<\/tr>\n<tr>\n<td width=\"105\"><img loading=\"lazy\" decoding=\"async\" class=\"alignright wp-image-21208\" src=\"https:\/\/investors.bittnet.ro\/wp-content\/uploads\/2023\/04\/Fort-Vladimir-Ghita.jpg\" alt=\"\" width=\"115\" height=\"150\" srcset=\"https:\/\/investors.bittnet.ro\/wp-content\/uploads\/2023\/04\/Fort-Vladimir-Ghita.jpg 460w, https:\/\/investors.bittnet.ro\/wp-content\/uploads\/2023\/04\/Fort-Vladimir-Ghita-230x300.jpg 230w\" sizes=\"auto, (max-width: 115px) 100vw, 115px\" \/><\/td>\n<td width=\"279\"><strong>Vladimir Ghita<br \/>\n<em>CEO Fort<\/em><\/strong><br \/>\nCum a crescut nevoia de servicii de cybersecurity \u0219i care sunt trendurile pentru 2023 (15&#8242;).<\/td>\n<\/tr>\n<tr>\n<td width=\"105\"><img loading=\"lazy\" decoding=\"async\" class=\"alignright wp-image-21197\" src=\"https:\/\/investors.bittnet.ro\/wp-content\/uploads\/2023\/04\/Cristian-Logofatu-1.jpg\" alt=\"\" width=\"116\" height=\"150\" srcset=\"https:\/\/investors.bittnet.ro\/wp-content\/uploads\/2023\/04\/Cristian-Logofatu-1.jpg 715w, https:\/\/investors.bittnet.ro\/wp-content\/uploads\/2023\/04\/Cristian-Logofatu-1-232x300.jpg 232w\" sizes=\"auto, (max-width: 116px) 100vw, 116px\" \/><\/td>\n<td width=\"279\"><strong>Cristian Logofatu<br \/>\n<\/strong><strong><em>Co-fondator si membru CA<\/em><br \/>\n<\/strong>Nout\u0103\u021bi din zona instrumentelor pie\u021bei de capital pe care Bittnet la va folosi \u00een 2023 \u0219i prezentarea celui mai important nou ac\u021bionar al grupului (20&#8242;).<\/td>\n<\/tr>\n<\/tbody>\n<\/table>\n<\/div><\/div><div class=\"g-cols wpb_row via_flex valign_top type_default stacking_default\"><div class=\"vc_col-sm-4 wpb_column vc_column_container\"><div class=\"vc_column-inner\"><div class=\"wpb_wrapper\"><\/div><\/div><\/div><div class=\"vc_col-sm-4 wpb_column vc_column_container\"><div class=\"vc_column-inner\"><div class=\"wpb_wrapper\"><div class=\"w-image align_center meta_simple\"><div class=\"w-image-h\"><img decoding=\"async\" width=\"150\" height=\"150\" src=\"https:\/\/investors.bittnet.ro\/wp-content\/uploads\/2022\/04\/Adriana-Nedelea-4-150x150.jpg\" class=\"attachment-thumbnail size-thumbnail\" alt=\"\" loading=\"lazy\" srcset=\"https:\/\/investors.bittnet.ro\/wp-content\/uploads\/2022\/04\/Adriana-Nedelea-4-150x150.jpg 150w, https:\/\/investors.bittnet.ro\/wp-content\/uploads\/2022\/04\/Adriana-Nedelea-4-300x300.jpg 300w, https:\/\/investors.bittnet.ro\/wp-content\/uploads\/2022\/04\/Adriana-Nedelea-4.jpg 350w\" sizes=\"auto, (max-width: 150px) 100vw, 150px\" \/><\/div><div class=\"w-image-meta\"><div class=\"w-image-title\">Adriana-Nedelea<\/div><\/div><\/div><\/div><\/div><\/div><div class=\"vc_col-sm-4 wpb_column vc_column_container\"><div class=\"vc_column-inner\"><div class=\"wpb_wrapper\"><\/div><\/div><\/div><\/div><\/div><\/div><\/div><\/div><\/div><\/section><section class=\"l-section wpb_row height_small color_alternate\"><div class=\"l-section-overlay\" style=\"background:var(--color-header-middle-bg)\"><\/div><div class=\"l-section-h i-cf\"><div class=\"g-cols vc_row via_flex valign_top type_default stacking_default\"><div class=\"vc_col-sm-12 wpb_column vc_column_container\"><div class=\"vc_column-inner\"><div class=\"wpb_wrapper\"><div class=\"wpb_text_column\"><div class=\"wpb_wrapper\"><h4><strong>Q&amp;A<\/strong><\/h4>\n<\/div><\/div><div class=\"wpb_text_column\"><div class=\"wpb_wrapper\"><p>Va exista op\u021biunea de a adresa \u00eentreb\u0103ri \u00een timpul evenimentului dup\u0103 fiecare sec\u021biune a agendei \u0219i \u00een special la final \u00een cadrul rubricii de Q&amp;A dedicat\u0103; \u00eentreb\u0103rile pot fi adresate live \u00een sal\u0103, c\u00e2t \u0219i online \u00een platforma Q&amp;A din Cisco Webex.<\/p>\n<p>Totodat\u0103, pentru o bun\u0103 organizare a evenimentului, invit\u0103m to\u021bi investitorii care ne urm\u0103resc live s\u0103 transmit\u0103 \u00eentreb\u0103ri \u0219i la adresa de email <a href=\"&#109;&#x61;&#105;&#x6c;&#116;&#x6f;&#58;&#x69;&#110;&#x76;&#101;&#x73;&#116;&#x6f;&#114;&#x73;&#64;&#x62;&#105;&#x74;&#116;&#x6e;&#101;&#x74;&#46;&#x72;&#111;\">&#x69;&#x6e;&#x76;&#x65;&#x73;&#x74;&#x6f;&#x72;&#x73;&#x40;&#x62;&#x69;&#x74;&#x74;&#x6e;&#x65;&#x74;&#x2e;&#x72;&#x6f;<\/a>. Vom r\u0103spunde la toate solicit\u0103rile primite.<\/p>\n<\/div><\/div><div class=\"wpb_text_column\"><div class=\"wpb_wrapper\"><h4><strong>CUM AJUNGI LA LOCA\u021aIE<\/strong><\/h4>\n<\/div><\/div><div class=\"wpb_text_column\"><div class=\"wpb_wrapper\"><p>Sta\u021bia de metrou <em><strong>Academia Militar\u0103<\/strong><\/em> este chiar l\u00e2ng\u0103 cl\u0103dire, iar dac\u0103 veni\u021bi cu ma\u0219ina v\u0103 l\u0103s\u0103m la \u00eendem\u00e2n\u0103 acest link: <strong><a href=\"https:\/\/waze.com\/ul\/hsxfs9pf25\">https:\/\/waze.com\/ul\/hsxfs9pf25<\/a><\/strong>. Ma\u0219ina se poate parca \u00een subteranul cl\u0103dirii la nivelul -3, men\u021bion\u00e2nd la barier\u0103 c\u0103 a\u021bi venit la evenimentul Bittnet.<\/p>\n<\/div><\/div><\/div><\/div><\/div><\/div><\/div><\/section><section class=\"l-section wpb_row height_small color_alternate\"><div class=\"l-section-overlay\" style=\"background:var(--color-header-middle-text-hover)\"><\/div><div class=\"l-section-h i-cf\"><div class=\"g-cols vc_row via_flex valign_top type_default stacking_default\"><div class=\"vc_col-sm-12 wpb_column vc_column_container\"><div class=\"vc_column-inner\"><div class=\"wpb_wrapper\"><div class=\"wpb_text_column\"><div class=\"wpb_wrapper\"><h3><span style=\"color: #f5f5f5;\">Contact<\/span><\/h3>\n<\/div><\/div><\/div><\/div><\/div><\/div><\/div><\/section><section class=\"l-section wpb_row height_small\"><div class=\"l-section-h i-cf\"><div class=\"g-cols vc_row via_flex valign_top type_default stacking_default\"><div class=\"vc_col-sm-6 wpb_column vc_column_container\"><div class=\"vc_column-inner\"><div class=\"wpb_wrapper\"><div class=\"w-hwrapper valign_top align_none\" style=\"--hwrapper-gap:1.20rem\"><div class=\"wpb_text_column\"><div class=\"wpb_wrapper\"><p><strong>Pentru orice informa\u021bie suplimentar\u0103, r\u0103spunsuri la \u00eentreb\u0103ri sau clarific\u0103ri, v\u0103 rug\u0103m s\u0103 ne contacta\u021bi pe email la <a href=\"&#x6d;&#x61;&#x69;&#x6c;&#x74;&#x6f;&#x3a;&#x69;&#110;&#118;&#101;&#115;&#116;&#111;&#114;s&#64;bi&#x74;&#x74;&#x6e;&#x65;&#x74;&#x2e;&#x72;&#x6f;\">&#x69;&#x6e;&#118;&#101;st&#x6f;&#x72;&#x73;&#64;bi&#x74;&#x74;&#x6e;&#101;&#116;&#46;&#x72;&#x6f;.<\/a><br \/>\n<\/strong><\/p>\n<\/div><\/div><\/div><div class=\"w-separator size_medium\"><\/div><\/div><\/div><\/div><\/div><\/div><\/section>\n","protected":false},"excerpt":{"rendered":"Te invit\u0103m sa fii al\u0103turi de noi la Ziua Investitorului BNET 2023 &#8211; joi, 20 aprilie 2023, ora 09:30. Vei avea ocazia s\u0103 afli mai multe despre structura \u00a0grupului bazat\u0103 pe piloni de business, despre companiile din grup \u0219i cum func\u021bioneaz\u0103 ele \u00eempreun\u0103, precum \u0219i despre strategia pentru anul 2023 \u0219i planurile de viitor ale...","protected":false},"author":13,"featured_media":21334,"parent":0,"menu_order":0,"comment_status":"closed","ping_status":"closed","template":"","meta":{"footnotes":""},"class_list":["post-21150","page","type-page","status-publish","has-post-thumbnail","hentry"],"yoast_head":"<!-- This site is optimized with the Yoast SEO plugin v20.8 - https:\/\/yoast.com\/wordpress\/plugins\/seo\/ -->\n<title>Ziua Investitorului BNET 2023 - Bittnet<\/title>\n<meta name=\"description\" content=\"Agenda Ziua Investitorului BNET 2023 - Va invitam sa fiti alaturi de noi la Ziua Investitorului Bittnet \u2013 joi, 20 aprilie 2023, ora 09:30.\" \/>\n<meta name=\"robots\" content=\"index, follow, max-snippet:-1, max-image-preview:large, max-video-preview:-1\" \/>\n<link rel=\"canonical\" href=\"https:\/\/investors.bittnet.ro\/en\/ziua-investitorului-bittnet-2023\/\" \/>\n<meta property=\"og:locale\" content=\"en_US\" \/>\n<meta property=\"og:type\" content=\"article\" \/>\n<meta property=\"og:title\" content=\"Ziua Investitorului BNET 2023 - Bittnet\" \/>\n<meta property=\"og:description\" content=\"Agenda Ziua Investitorului BNET 2023 - Va invitam sa fiti alaturi de noi la Ziua Investitorului Bittnet \u2013 joi, 20 aprilie 2023, ora 09:30.\" \/>\n<meta property=\"og:url\" content=\"https:\/\/investors.bittnet.ro\/en\/ziua-investitorului-bittnet-2023\/\" \/>\n<meta property=\"og:site_name\" content=\"Bittnet Investors Relations Site\" \/>\n<meta property=\"article:publisher\" content=\"https:\/\/www.facebook.com\/BittnetSystems\/\" \/>\n<meta property=\"article:modified_time\" content=\"2023-04-20T07:07:21+00:00\" \/>\n<meta property=\"og:image\" content=\"https:\/\/investors.bittnet.ro\/wp-content\/uploads\/2023\/04\/1-Invitatia__1200px-1.jpg\" \/>\n\t<meta property=\"og:image:width\" content=\"1200\" \/>\n\t<meta property=\"og:image:height\" content=\"648\" \/>\n\t<meta property=\"og:image:type\" content=\"image\/jpeg\" \/>\n<meta name=\"twitter:card\" content=\"summary_large_image\" \/>\n<meta name=\"twitter:site\" content=\"@NA\" \/>\n<meta name=\"twitter:label1\" content=\"Est. reading time\" \/>\n\t<meta name=\"twitter:data1\" content=\"3 minutes\" \/>\n<script type=\"application\/ld+json\" class=\"yoast-schema-graph\">{\"@context\":\"https:\/\/schema.org\",\"@graph\":[{\"@type\":\"WebPage\",\"@id\":\"https:\/\/investors.bittnet.ro\/en\/ziua-investitorului-bittnet-2023\/\",\"url\":\"https:\/\/investors.bittnet.ro\/en\/ziua-investitorului-bittnet-2023\/\",\"name\":\"Ziua Investitorului BNET 2023 - Bittnet\",\"isPartOf\":{\"@id\":\"https:\/\/investors.bittnet.ro\/en\/#website\"},\"datePublished\":\"2023-04-10T12:32:44+00:00\",\"dateModified\":\"2023-04-20T07:07:21+00:00\",\"description\":\"Agenda Ziua Investitorului BNET 2023 - Va invitam sa fiti alaturi de noi la Ziua Investitorului Bittnet \u2013 joi, 20 aprilie 2023, ora 09:30.\",\"breadcrumb\":{\"@id\":\"https:\/\/investors.bittnet.ro\/en\/ziua-investitorului-bittnet-2023\/#breadcrumb\"},\"inLanguage\":\"en-US\",\"potentialAction\":[{\"@type\":\"ReadAction\",\"target\":[\"https:\/\/investors.bittnet.ro\/en\/ziua-investitorului-bittnet-2023\/\"]}]},{\"@type\":\"BreadcrumbList\",\"@id\":\"https:\/\/investors.bittnet.ro\/en\/ziua-investitorului-bittnet-2023\/#breadcrumb\",\"itemListElement\":[{\"@type\":\"ListItem\",\"position\":1,\"name\":\"Home\",\"item\":\"https:\/\/investors.bittnet.ro\/en\/\"},{\"@type\":\"ListItem\",\"position\":2,\"name\":\"Ziua Investitorului BNET 2023\"}]},{\"@type\":\"WebSite\",\"@id\":\"https:\/\/investors.bittnet.ro\/en\/#website\",\"url\":\"https:\/\/investors.bittnet.ro\/en\/\",\"name\":\"Bittnet Investors Relations Site\",\"description\":\"Your Value. Upgraded.\",\"publisher\":{\"@id\":\"https:\/\/investors.bittnet.ro\/en\/#organization\"},\"potentialAction\":[{\"@type\":\"SearchAction\",\"target\":{\"@type\":\"EntryPoint\",\"urlTemplate\":\"https:\/\/investors.bittnet.ro\/en\/?s={search_term_string}\"},\"query-input\":\"required name=search_term_string\"}],\"inLanguage\":\"en-US\"},{\"@type\":\"Organization\",\"@id\":\"https:\/\/investors.bittnet.ro\/en\/#organization\",\"name\":\"Bittnet Group\",\"url\":\"https:\/\/investors.bittnet.ro\/en\/\",\"logo\":{\"@type\":\"ImageObject\",\"inLanguage\":\"en-US\",\"@id\":\"https:\/\/investors.bittnet.ro\/en\/#\/schema\/logo\/image\/\",\"url\":\"https:\/\/investors.bittnet.ro\/wp-content\/uploads\/2019\/05\/logo-grup.png\",\"contentUrl\":\"https:\/\/investors.bittnet.ro\/wp-content\/uploads\/2019\/05\/logo-grup.png\",\"width\":807,\"height\":442,\"caption\":\"Bittnet Group\"},\"image\":{\"@id\":\"https:\/\/investors.bittnet.ro\/en\/#\/schema\/logo\/image\/\"},\"sameAs\":[\"https:\/\/www.facebook.com\/BittnetSystems\/\",\"https:\/\/twitter.com\/NA\",\"http:\/\/na\",\"https:\/\/www.linkedin.com\/company\/bittnet-group\/\",\"https:\/\/www.youtube.com\/user\/BittnetSystems\"]}]}<\/script>\n<!-- \/ Yoast SEO plugin. -->","yoast_head_json":{"title":"Ziua Investitorului BNET 2023 - Bittnet","description":"Agenda Ziua Investitorului BNET 2023 - Va invitam sa fiti alaturi de noi la Ziua Investitorului Bittnet \u2013 joi, 20 aprilie 2023, ora 09:30.","robots":{"index":"index","follow":"follow","max-snippet":"max-snippet:-1","max-image-preview":"max-image-preview:large","max-video-preview":"max-video-preview:-1"},"canonical":"https:\/\/investors.bittnet.ro\/en\/ziua-investitorului-bittnet-2023\/","og_locale":"en_US","og_type":"article","og_title":"Ziua Investitorului BNET 2023 - Bittnet","og_description":"Agenda Ziua Investitorului BNET 2023 - Va invitam sa fiti alaturi de noi la Ziua Investitorului Bittnet \u2013 joi, 20 aprilie 2023, ora 09:30.","og_url":"https:\/\/investors.bittnet.ro\/en\/ziua-investitorului-bittnet-2023\/","og_site_name":"Bittnet Investors Relations Site","article_publisher":"https:\/\/www.facebook.com\/BittnetSystems\/","article_modified_time":"2023-04-20T07:07:21+00:00","og_image":[{"width":1200,"height":648,"url":"https:\/\/investors.bittnet.ro\/wp-content\/uploads\/2023\/04\/1-Invitatia__1200px-1.jpg","type":"image\/jpeg"}],"twitter_card":"summary_large_image","twitter_site":"@NA","twitter_misc":{"Est. reading time":"3 minutes"},"schema":{"@context":"https:\/\/schema.org","@graph":[{"@type":"WebPage","@id":"https:\/\/investors.bittnet.ro\/en\/ziua-investitorului-bittnet-2023\/","url":"https:\/\/investors.bittnet.ro\/en\/ziua-investitorului-bittnet-2023\/","name":"Ziua Investitorului BNET 2023 - Bittnet","isPartOf":{"@id":"https:\/\/investors.bittnet.ro\/en\/#website"},"datePublished":"2023-04-10T12:32:44+00:00","dateModified":"2023-04-20T07:07:21+00:00","description":"Agenda Ziua Investitorului BNET 2023 - Va invitam sa fiti alaturi de noi la Ziua Investitorului Bittnet \u2013 joi, 20 aprilie 2023, ora 09:30.","breadcrumb":{"@id":"https:\/\/investors.bittnet.ro\/en\/ziua-investitorului-bittnet-2023\/#breadcrumb"},"inLanguage":"en-US","potentialAction":[{"@type":"ReadAction","target":["https:\/\/investors.bittnet.ro\/en\/ziua-investitorului-bittnet-2023\/"]}]},{"@type":"BreadcrumbList","@id":"https:\/\/investors.bittnet.ro\/en\/ziua-investitorului-bittnet-2023\/#breadcrumb","itemListElement":[{"@type":"ListItem","position":1,"name":"Home","item":"https:\/\/investors.bittnet.ro\/en\/"},{"@type":"ListItem","position":2,"name":"Ziua Investitorului BNET 2023"}]},{"@type":"WebSite","@id":"https:\/\/investors.bittnet.ro\/en\/#website","url":"https:\/\/investors.bittnet.ro\/en\/","name":"Bittnet Investors Relations Site","description":"Your Value. Upgraded.","publisher":{"@id":"https:\/\/investors.bittnet.ro\/en\/#organization"},"potentialAction":[{"@type":"SearchAction","target":{"@type":"EntryPoint","urlTemplate":"https:\/\/investors.bittnet.ro\/en\/?s={search_term_string}"},"query-input":"required name=search_term_string"}],"inLanguage":"en-US"},{"@type":"Organization","@id":"https:\/\/investors.bittnet.ro\/en\/#organization","name":"Bittnet Group","url":"https:\/\/investors.bittnet.ro\/en\/","logo":{"@type":"ImageObject","inLanguage":"en-US","@id":"https:\/\/investors.bittnet.ro\/en\/#\/schema\/logo\/image\/","url":"https:\/\/investors.bittnet.ro\/wp-content\/uploads\/2019\/05\/logo-grup.png","contentUrl":"https:\/\/investors.bittnet.ro\/wp-content\/uploads\/2019\/05\/logo-grup.png","width":807,"height":442,"caption":"Bittnet Group"},"image":{"@id":"https:\/\/investors.bittnet.ro\/en\/#\/schema\/logo\/image\/"},"sameAs":["https:\/\/www.facebook.com\/BittnetSystems\/","https:\/\/twitter.com\/NA","http:\/\/na","https:\/\/www.linkedin.com\/company\/bittnet-group\/","https:\/\/www.youtube.com\/user\/BittnetSystems"]}]}},"_links":{"self":[{"href":"https:\/\/investors.bittnet.ro\/en\/wp-json\/wp\/v2\/pages\/21150","targetHints":{"allow":["GET"]}}],"collection":[{"href":"https:\/\/investors.bittnet.ro\/en\/wp-json\/wp\/v2\/pages"}],"about":[{"href":"https:\/\/investors.bittnet.ro\/en\/wp-json\/wp\/v2\/types\/page"}],"author":[{"embeddable":true,"href":"https:\/\/investors.bittnet.ro\/en\/wp-json\/wp\/v2\/users\/13"}],"replies":[{"embeddable":true,"href":"https:\/\/investors.bittnet.ro\/en\/wp-json\/wp\/v2\/comments?post=21150"}],"version-history":[{"count":43,"href":"https:\/\/investors.bittnet.ro\/en\/wp-json\/wp\/v2\/pages\/21150\/revisions"}],"predecessor-version":[{"id":21348,"href":"https:\/\/investors.bittnet.ro\/en\/wp-json\/wp\/v2\/pages\/21150\/revisions\/21348"}],"wp:featuredmedia":[{"embeddable":true,"href":"https:\/\/investors.bittnet.ro\/en\/wp-json\/wp\/v2\/media\/21334"}],"wp:attachment":[{"href":"https:\/\/investors.bittnet.ro\/en\/wp-json\/wp\/v2\/media?parent=21150"}],"curies":[{"name":"wp","href":"https:\/\/api.w.org\/{rel}","templated":true}]}}