{"id":20805,"date":"2023-02-23T17:10:55","date_gmt":"2023-02-23T15:10:55","guid":{"rendered":"https:\/\/investors.bittnet.ro\/?page_id=20805"},"modified":"2023-02-24T18:11:29","modified_gmt":"2023-02-24T16:11:29","slug":"buget-2023","status":"publish","type":"page","link":"https:\/\/investors.bittnet.ro\/en\/rezultate-financiare\/4q-2022\/buget-2023\/","title":{"rendered":"(RO) 2022.Q4 Raport Anual (preliminar) &#8211; Buget 2023"},"content":{"rendered":"<section class=\"l-section wpb_row height_small\"><div class=\"l-section-h i-cf\"><div class=\"g-cols vc_row via_flex valign_top type_default stacking_default\"><div class=\"vc_col-sm-8 wpb_column vc_column_container\"><div class=\"vc_column-inner\"><div class=\"wpb_wrapper\"><div class=\"wpb_text_column\"><div class=\"wpb_wrapper\"><h1>Buget 2023<\/h1>\n<\/div><\/div><div class=\"w-separator size_medium\"><\/div><div class=\"wpb_text_column us_custom_432d3f53\"><div class=\"wpb_wrapper\"><p>\u00cen toate documentele publicate de companiile listate pe pie\u021bele de capital din \u00eentreaga lume, \u00een ceea ce prive\u0219te \u201eBugetul de Venituri \u0219i Cheltuieli\u201d, este men\u021bionat c\u0103 cifrele prezentate nu reprezint\u0103 o promisiune sau o garan\u021bie, iar compania nu poate fi tras\u0103 la raspundere pentru neatingerea obiectivelor. \u00cen momentul \u00een care o companie \u00ee\u0219i stabileste bugetul de venituri si cheltuieli pentru un anumit an, are \u00een vedere factorii interni \u0219i externi pe care \u00eei cunoa\u0219te la momentul stabilirii acestui buget. Ultimii trei ani, au adus companiile \u00een situa\u021bii extrem de dificile, \u00een care au fost nevoite s\u0103 se adapteze \u0219i care nu puteau fi prezise. P\u00e2n\u0103 la declan\u0219area pandemiei de COVID-19, \u00een Rom\u00e2nia, singurele \u201eprobleme\u201d pe care companiile le aveau de dep\u0103\u0219it sau pentru care erau nevoite s\u0103 se adapteze, erau legate de incertitudinile la nivel politic si implicit, legislativ.<\/p>\n<p>Prin urmare, noua realitate, \u00een care problemele nu \u021bin doar de buc\u0103t\u0103ria intern\u0103 a unei \u021b\u0103ri, genereaz\u0103 tuturor managerilor urm\u0103toarea dilem\u0103: ne propunem obiective care par greu de atins la prima vedere, dar pentru care la momentul set\u0103rii acestora avem la baz\u0103 indicatori \u0219i estim\u0103ri conforme cu realitatea acelui moment sau public\u0103m un buget extrem de temperat, despre care \u0219tim c\u0103 \u00eel putem dep\u0103\u0219i, dar \u00een acela\u0219i timp aduce compania \u00een situa\u021bia de a intra \u00eentr-o zon\u0103 de confort \u0219i s\u0103 \u00ee\u0219i reduc\u0103 puternic \u0219ansele pentru un viitor mai prosper pentru to\u021bi cei implica\u021bi.<\/p>\n<p>\u00cen cadrul Bittnet Group, am preferat \u00eentotdeauna s\u0103 ne asum\u0103m \u021binte curajoase, construite de la ipoteza conservatoare c\u0103 ne va fi mai greu s\u0103 producem anul urm\u0103tor aceia\u0219i dolari ca \u00een anul curent \u2013 a\u0219adar, va trebui s\u0103 muncim mai mult. \u00cen fiecare an, unele activit\u0103\u021bi sau companii dep\u0103\u0219esc planurile \u0219i altele sunt afectate de diverse elemente \u00een afara controlului conducerii, \u0219i, ca urmare, nu ating \u021bintele publicate la \u00eenceputul anului.<\/p>\n<p>Vom continua aceast\u0103 abordare, deoarece ne-a permis s\u0103 cre\u0219tem continuu, cu diverse rate mult peste media industriei, chiar dac\u0103 nu \u00een mod constant \u0219i u\u0219or predictibil. Poate cel mai relevant exemplu este anul 2020, urmat de 2021. \u00cen 2019 \u00eenregistram singurul nostru an cu pierdere net\u0103 din istorie, din cauza greut\u0103\u021bilor generate \u00een S1 de eforturile de a integra cea mai mare achizi\u021bie de p\u00e2n\u0103 atunci \u2013 Crescendo. \u00cen anul 2020, un an marcat de lockdowns \u0219i inchideri de firme, celelalte companii din indicele BET-XT au \u00eenregistrat sc\u0103deri ale veniturilor \u0219i \u00eenjum\u0103t\u0103\u021birea profiturillor. Bittnet a \u00eenregistrat cre\u0219terea veniturilor \u0219i a profitului, de la minus 4 la plus 1 milion lei. Deoarece \u021binta de venituri con\u021binea \u00eenc\u0103 1 milion de lei de marj\u0103 (\u0219i prin urmare, de profit), percep\u021bia investitorilor a fost c\u0103 Bittnet nu a livrat ce a publicat \u00een buget \u0219i nu faptul c\u0103 grupul a \u00eenregistrat o cre\u0219tere a profitului cu 5 milioane de lei, \u00eentr-un an extrem de dificil. Aceast\u0103 situa\u021bie s-a repetat \u0219i \u00een 2021, c\u00e2nd profitul opera\u021bional a continuat s\u0103 creasc\u0103, iar cel financiar s-a dublat. \u00cen aceast\u0103 situa\u021bie, percep\u021bia a fost c\u0103 a existat prea mult profit financiar versus opera\u021bional.<\/p>\n<p>Pentru anul 2023 bugetul indicativ este de 300 milioane lei cifr\u0103 de afaceri \u0219i 16.4 milioane lei profit Opera\u021bional (24.7 milioane lei EBITDA).<\/p>\n<\/div><\/div><div class=\"w-separator size_small\"><\/div><div class=\"wpb_text_column us_custom_432d3f53\"><div class=\"wpb_wrapper\"><table width=\"573\">\n<tbody>\n<tr style=\"background-color: #97bd6f;\">\n<td style=\"text-align: center;\" width=\"206\"><span style=\"color: #ffffff;\"><strong>Bittnet CONSO [RON]<\/strong><\/span><\/td>\n<td style=\"text-align: center;\" width=\"30\"><\/td>\n<td style=\"text-align: center;\" width=\"30\"><\/td>\n<td style=\"text-align: center;\" width=\"153\"><span style=\"color: #ffffff;\"><strong>2022<\/strong><\/span><\/td>\n<td style=\"text-align: center;\" width=\"153\"><span style=\"color: #ffffff;\"><strong>2023E<\/strong><\/span><\/td>\n<\/tr>\n<tr>\n<td style=\"text-align: left;\" width=\"206\"><strong>TURNOVER<\/strong><\/td>\n<td width=\"30\"><\/td>\n<td width=\"30\"><\/td>\n<td style=\"text-align: right;\" width=\"153\">192.732.453<\/td>\n<td style=\"text-align: right;\" width=\"153\"><strong>\u00a0300.020.046 <\/strong><\/td>\n<\/tr>\n<tr>\n<td style=\"text-align: left;\" width=\"206\"><strong>COSTS OF SALES<\/strong><\/td>\n<td width=\"30\"><\/td>\n<td width=\"30\"><\/td>\n<td style=\"text-align: right;\" width=\"153\"><strong>129.331.326<\/strong><\/td>\n<td style=\"text-align: right;\" width=\"153\"><strong>\u00a0<\/strong><strong>200.410.452 <\/strong><\/td>\n<\/tr>\n<tr>\n<td style=\"text-align: left;\" width=\"206\"><strong>=Gross Margin (M1)<\/strong><\/td>\n<td width=\"30\"><\/td>\n<td width=\"30\"><\/td>\n<td style=\"text-align: right;\" width=\"153\"><strong>63,401,127<\/strong><\/td>\n<td style=\"text-align: right;\" width=\"153\"><strong>99.609.594 <\/strong><\/td>\n<\/tr>\n<tr>\n<td style=\"text-align: left;\" width=\"206\">% Gross Margin (M1)<\/td>\n<td width=\"30\"><\/td>\n<td width=\"30\"><\/td>\n<td style=\"text-align: right;\" width=\"153\">33%<\/td>\n<td style=\"text-align: right;\" width=\"153\">33%<\/td>\n<\/tr>\n<tr>\n<td style=\"text-align: right;\" width=\"206\">Direct costs IFRS (delivery team)<\/td>\n<td width=\"30\"><\/td>\n<td width=\"30\"><\/td>\n<td style=\"text-align: right;\" width=\"153\">20,947,038<\/td>\n<td style=\"text-align: right;\" width=\"153\">24.480.608<\/td>\n<\/tr>\n<tr>\n<td style=\"text-align: left;\" width=\"206\"><strong>=Gross Margin (M2)<\/strong><\/td>\n<td width=\"30\"><\/td>\n<td width=\"30\"><\/td>\n<td style=\"text-align: right;\" width=\"153\"><strong>42.454.089<\/strong><\/td>\n<td style=\"text-align: right;\" width=\"153\"><strong>75.128.986 <\/strong><\/td>\n<\/tr>\n<tr>\n<td style=\"text-align: left;\" width=\"206\">% Gross Margin (M2)<\/td>\n<td width=\"30\"><\/td>\n<td width=\"30\"><\/td>\n<td style=\"text-align: right;\" width=\"153\">22%<\/td>\n<td style=\"text-align: right;\" width=\"153\">25%<\/td>\n<\/tr>\n<tr>\n<td style=\"text-align: left;\" width=\"206\"><strong>GENERAL AND ADMINISTRATIVE EXPENSES<\/strong><\/td>\n<td width=\"30\"><\/td>\n<td width=\"30\"><\/td>\n<td style=\"text-align: right;\" width=\"153\"><strong>23,685,203<\/strong><\/td>\n<td style=\"text-align: right;\" width=\"153\"><strong>52.319.417 <\/strong><\/td>\n<\/tr>\n<tr>\n<td style=\"text-align: right;\" width=\"206\">Sales\/distribution expenses<\/td>\n<td width=\"30\"><\/td>\n<td width=\"30\"><\/td>\n<td style=\"text-align: right;\" width=\"153\">13,118,362<\/td>\n<td style=\"text-align: right;\" width=\"153\">19.007.928<\/td>\n<\/tr>\n<tr>\n<td style=\"text-align: right;\" width=\"206\">Indirect salaries<\/td>\n<td width=\"30\"><\/td>\n<td width=\"30\"><\/td>\n<td style=\"text-align: right;\" width=\"153\">5,529,706<\/td>\n<td style=\"text-align: right;\" width=\"153\">20.083.335<\/td>\n<\/tr>\n<tr>\n<td style=\"text-align: right;\" width=\"206\">Administrative expenses<\/td>\n<td width=\"30\"><\/td>\n<td width=\"30\"><\/td>\n<td style=\"text-align: right;\" width=\"153\">5,037,135<\/td>\n<td style=\"text-align: right;\" width=\"153\">12.912.477<\/td>\n<\/tr>\n<tr>\n<td style=\"text-align: left;\" width=\"206\"><strong>EBITDA<\/strong><\/td>\n<td width=\"30\"><\/td>\n<td width=\"30\"><\/td>\n<td style=\"text-align: right;\" width=\"153\"><strong>12.870.918<\/strong><\/td>\n<td style=\"text-align: right;\" width=\"153\"><strong>24.729.569 <\/strong><\/td>\n<\/tr>\n<tr>\n<td style=\"text-align: left;\" width=\"206\"><em>% EBITDA<\/em><\/td>\n<td width=\"30\"><\/td>\n<td width=\"30\"><\/td>\n<td style=\"text-align: right;\" width=\"153\">6,6%<\/td>\n<td style=\"text-align: right;\" width=\"153\">8%<br \/>\n(24% of \u00a0GM)<\/td>\n<\/tr>\n<tr>\n<td style=\"text-align: right;\" width=\"206\">Depreciation<\/td>\n<td width=\"30\"><\/td>\n<td width=\"30\"><\/td>\n<td style=\"text-align: right;\" width=\"153\">4.413.905<\/td>\n<td style=\"text-align: right;\" width=\"153\">\u00a06.676.928<\/td>\n<\/tr>\n<tr>\n<td style=\"text-align: left;\" width=\"206\"><strong>=EBIT<\/strong><\/td>\n<td width=\"30\"><\/td>\n<td width=\"30\"><\/td>\n<td style=\"text-align: right;\" width=\"153\"><strong>8.457.014<\/strong><\/td>\n<td style=\"text-align: right;\" width=\"153\"><strong>18.052.641 <\/strong><\/td>\n<\/tr>\n<tr>\n<td style=\"text-align: right;\" width=\"206\">Impact elemente nerepetabile<\/td>\n<td width=\"30\"><\/td>\n<td width=\"30\"><\/td>\n<td style=\"text-align: right;\" width=\"153\">-2.145.821<\/td>\n<td style=\"text-align: right;\" width=\"153\">\u00a01.604.323<\/td>\n<\/tr>\n<tr>\n<td style=\"text-align: right;\" width=\"206\">SOP<\/td>\n<td width=\"30\"><\/td>\n<td width=\"30\"><\/td>\n<td style=\"text-align: right;\" width=\"153\">-890.381<\/td>\n<td style=\"text-align: right;\" width=\"153\">-890.381<\/td>\n<\/tr>\n<tr>\n<td style=\"text-align: right;\" width=\"206\">Finance result\/net<\/td>\n<td width=\"30\"><\/td>\n<td width=\"30\"><\/td>\n<td style=\"text-align: right;\" width=\"153\">-7.349.212<\/td>\n<td style=\"text-align: right;\" width=\"153\">-330.440<\/td>\n<\/tr>\n<tr>\n<td style=\"text-align: left;\" width=\"206\"><strong>=PBT<\/strong><\/td>\n<td width=\"30\"><\/td>\n<td width=\"30\"><\/td>\n<td style=\"text-align: right;\" width=\"153\"><strong>-1,928,401<\/strong><\/td>\n<td style=\"text-align: right;\" width=\"153\"><strong>16.831.820<\/strong><\/td>\n<\/tr>\n<tr>\n<td style=\"text-align: right;\" width=\"206\">Current profit tax<\/td>\n<td width=\"30\"><\/td>\n<td width=\"30\"><\/td>\n<td style=\"text-align: right;\" width=\"153\">96.138<\/td>\n<td style=\"text-align: right;\" width=\"153\">1.696.189<\/td>\n<\/tr>\n<tr>\n<td style=\"text-align: left;\" width=\"206\"><\/td>\n<td width=\"30\"><\/td>\n<td width=\"30\"><\/td>\n<td style=\"text-align: right;\" width=\"153\"><\/td>\n<td width=\"153\"><\/td>\n<\/tr>\n<tr>\n<td style=\"text-align: left;\" width=\"206\"><strong>= Net result<\/strong><\/td>\n<td width=\"30\"><\/td>\n<td width=\"30\"><\/td>\n<td style=\"text-align: right;\" width=\"153\"><strong>&#8211;<\/strong><strong>1.832.263<\/strong><\/td>\n<td style=\"text-align: right;\" width=\"153\"><strong>15.135.631 <\/strong><\/td>\n<\/tr>\n<tr>\n<td style=\"text-align: left;\" width=\"206\"><em>% Net result<\/em><\/td>\n<td width=\"30\"><\/td>\n<td width=\"30\"><\/td>\n<td style=\"text-align: right;\" width=\"153\">-1%<\/td>\n<td style=\"text-align: right;\" width=\"153\">5,04%<\/td>\n<\/tr>\n<\/tbody>\n<\/table>\n<\/div><\/div><div class=\"w-separator size_huge\"><\/div><\/div><\/div><\/div><div class=\"vc_col-sm-4 wpb_column vc_column_container\"><div class=\"vc_column-inner\"><div class=\"wpb_wrapper\"><div class=\"w-separator size_small\"><\/div><nav class=\"w-menu layout_ver style_blocks us_menu_1 with_children\" style=\"--main-gap:1.5rem;--main-ver-indent:0.8em;--main-hor-indent:0.8em;--main-bg-color:#f5f5f5;--main-color:inherit;--main-hover-bg-color:#8dbe65;--main-hover-color:#ffffff;--main-active-bg-color:#8dbe65;--main-active-color:#ffffff;--sub-gap:5px;\"><ul id=\"menu-ro-2022-q4-raport-anual-preliminar\" class=\"menu\"><li id=\"menu-item-20811\" class=\"menu-item menu-item-type-post_type menu-item-object-page menu-item-20811\"><a href=\"https:\/\/investors.bittnet.ro\/abonare-newsletter\/\">Newsletter subscription<\/a><\/li><\/ul><style>@media ( max-width:600px ){.us_menu_1 .menu{display:block!important}.us_menu_1 .menu>li:not(:last-child){margin:0 0 var(--main-gap,1.5rem)!important}}<\/style><\/nav><\/div><\/div><\/div><\/div><\/div><\/section>\n","protected":false},"excerpt":{"rendered":"Buget 2023 \u00cen toate documentele publicate de companiile listate pe pie\u021bele de capital din \u00eentreaga lume, \u00een ceea ce prive\u0219te \u201eBugetul de Venituri \u0219i Cheltuieli\u201d, este men\u021bionat c\u0103 cifrele prezentate nu reprezint\u0103 o promisiune sau o garan\u021bie, iar compania nu poate fi tras\u0103 la raspundere pentru neatingerea obiectivelor. \u00cen momentul \u00een care o companie \u00ee\u0219i...","protected":false},"author":13,"featured_media":0,"parent":20752,"menu_order":1,"comment_status":"closed","ping_status":"closed","template":"","meta":{"footnotes":""},"class_list":["post-20805","page","type-page","status-publish","hentry"],"yoast_head":"<!-- This site is optimized with the Yoast SEO plugin v20.8 - https:\/\/yoast.com\/wordpress\/plugins\/seo\/ -->\n<title>Buget 2023<\/title>\n<meta name=\"description\" content=\"Punem la dispozi\u021bia investitorilor raportul preliminar sub form\u0103 de pagina web, u\u0219or de urm\u0103rit \u0219i navigat doar la sec\u021biunile relevante pentru fiecare cititor.\" \/>\n<meta name=\"robots\" content=\"index, follow, max-snippet:-1, max-image-preview:large, max-video-preview:-1\" \/>\n<link rel=\"canonical\" href=\"https:\/\/investors.bittnet.ro\/en\/rezultate-financiare\/4q-2022\/buget-2023\/\" \/>\n<meta property=\"og:locale\" content=\"en_US\" \/>\n<meta property=\"og:type\" content=\"article\" \/>\n<meta property=\"og:title\" content=\"Buget 2023\" \/>\n<meta property=\"og:description\" content=\"Punem la dispozi\u021bia investitorilor raportul preliminar sub form\u0103 de pagina web, u\u0219or de urm\u0103rit \u0219i navigat doar la sec\u021biunile relevante pentru fiecare cititor.\" \/>\n<meta property=\"og:url\" content=\"https:\/\/investors.bittnet.ro\/en\/rezultate-financiare\/4q-2022\/buget-2023\/\" \/>\n<meta property=\"og:site_name\" content=\"Bittnet Investors Relations Site\" \/>\n<meta property=\"article:publisher\" content=\"https:\/\/www.facebook.com\/BittnetSystems\/\" \/>\n<meta property=\"article:modified_time\" content=\"2023-02-24T16:11:29+00:00\" \/>\n<meta name=\"twitter:card\" content=\"summary_large_image\" \/>\n<meta name=\"twitter:site\" content=\"@NA\" \/>\n<meta name=\"twitter:label1\" content=\"Est. reading time\" \/>\n\t<meta name=\"twitter:data1\" content=\"3 minutes\" \/>\n<script type=\"application\/ld+json\" class=\"yoast-schema-graph\">{\"@context\":\"https:\/\/schema.org\",\"@graph\":[{\"@type\":\"WebPage\",\"@id\":\"https:\/\/investors.bittnet.ro\/en\/rezultate-financiare\/4q-2022\/buget-2023\/\",\"url\":\"https:\/\/investors.bittnet.ro\/en\/rezultate-financiare\/4q-2022\/buget-2023\/\",\"name\":\"Buget 2023\",\"isPartOf\":{\"@id\":\"https:\/\/investors.bittnet.ro\/en\/#website\"},\"datePublished\":\"2023-02-23T15:10:55+00:00\",\"dateModified\":\"2023-02-24T16:11:29+00:00\",\"description\":\"Punem la dispozi\u021bia investitorilor raportul preliminar sub form\u0103 de pagina web, u\u0219or de urm\u0103rit \u0219i navigat doar la sec\u021biunile relevante pentru fiecare cititor.\",\"breadcrumb\":{\"@id\":\"https:\/\/investors.bittnet.ro\/en\/rezultate-financiare\/4q-2022\/buget-2023\/#breadcrumb\"},\"inLanguage\":\"en-US\",\"potentialAction\":[{\"@type\":\"ReadAction\",\"target\":[\"https:\/\/investors.bittnet.ro\/en\/rezultate-financiare\/4q-2022\/buget-2023\/\"]}]},{\"@type\":\"BreadcrumbList\",\"@id\":\"https:\/\/investors.bittnet.ro\/en\/rezultate-financiare\/4q-2022\/buget-2023\/#breadcrumb\",\"itemListElement\":[{\"@type\":\"ListItem\",\"position\":1,\"name\":\"Home\",\"item\":\"https:\/\/investors.bittnet.ro\/en\/\"},{\"@type\":\"ListItem\",\"position\":2,\"name\":\"Rezultate financiare\",\"item\":\"https:\/\/investors.bittnet.ro\/en\/rezultate-financiare\/\"},{\"@type\":\"ListItem\",\"position\":3,\"name\":\"(RO) 2022.Q4 Raport Anual (preliminar) &#8211; Scrisoare de la CEO\",\"item\":\"https:\/\/investors.bittnet.ro\/en\/rezultate-financiare\/4q-2022\/\"},{\"@type\":\"ListItem\",\"position\":4,\"name\":\"(RO) 2022.Q4 Raport Anual (preliminar) &#8211; Buget 2023\"}]},{\"@type\":\"WebSite\",\"@id\":\"https:\/\/investors.bittnet.ro\/en\/#website\",\"url\":\"https:\/\/investors.bittnet.ro\/en\/\",\"name\":\"Bittnet Investors Relations Site\",\"description\":\"Your Value. Upgraded.\",\"publisher\":{\"@id\":\"https:\/\/investors.bittnet.ro\/en\/#organization\"},\"potentialAction\":[{\"@type\":\"SearchAction\",\"target\":{\"@type\":\"EntryPoint\",\"urlTemplate\":\"https:\/\/investors.bittnet.ro\/en\/?s={search_term_string}\"},\"query-input\":\"required name=search_term_string\"}],\"inLanguage\":\"en-US\"},{\"@type\":\"Organization\",\"@id\":\"https:\/\/investors.bittnet.ro\/en\/#organization\",\"name\":\"Bittnet Group\",\"url\":\"https:\/\/investors.bittnet.ro\/en\/\",\"logo\":{\"@type\":\"ImageObject\",\"inLanguage\":\"en-US\",\"@id\":\"https:\/\/investors.bittnet.ro\/en\/#\/schema\/logo\/image\/\",\"url\":\"https:\/\/investors.bittnet.ro\/wp-content\/uploads\/2019\/05\/logo-grup.png\",\"contentUrl\":\"https:\/\/investors.bittnet.ro\/wp-content\/uploads\/2019\/05\/logo-grup.png\",\"width\":807,\"height\":442,\"caption\":\"Bittnet Group\"},\"image\":{\"@id\":\"https:\/\/investors.bittnet.ro\/en\/#\/schema\/logo\/image\/\"},\"sameAs\":[\"https:\/\/www.facebook.com\/BittnetSystems\/\",\"https:\/\/twitter.com\/NA\",\"http:\/\/na\",\"https:\/\/www.linkedin.com\/company\/bittnet-group\/\",\"https:\/\/www.youtube.com\/user\/BittnetSystems\"]}]}<\/script>\n<!-- \/ Yoast SEO plugin. -->","yoast_head_json":{"title":"Buget 2023","description":"Punem la dispozi\u021bia investitorilor raportul preliminar sub form\u0103 de pagina web, u\u0219or de urm\u0103rit \u0219i navigat doar la sec\u021biunile relevante pentru fiecare cititor.","robots":{"index":"index","follow":"follow","max-snippet":"max-snippet:-1","max-image-preview":"max-image-preview:large","max-video-preview":"max-video-preview:-1"},"canonical":"https:\/\/investors.bittnet.ro\/en\/rezultate-financiare\/4q-2022\/buget-2023\/","og_locale":"en_US","og_type":"article","og_title":"Buget 2023","og_description":"Punem la dispozi\u021bia investitorilor raportul preliminar sub form\u0103 de pagina web, u\u0219or de urm\u0103rit \u0219i navigat doar la sec\u021biunile relevante pentru fiecare cititor.","og_url":"https:\/\/investors.bittnet.ro\/en\/rezultate-financiare\/4q-2022\/buget-2023\/","og_site_name":"Bittnet Investors Relations Site","article_publisher":"https:\/\/www.facebook.com\/BittnetSystems\/","article_modified_time":"2023-02-24T16:11:29+00:00","twitter_card":"summary_large_image","twitter_site":"@NA","twitter_misc":{"Est. reading time":"3 minutes"},"schema":{"@context":"https:\/\/schema.org","@graph":[{"@type":"WebPage","@id":"https:\/\/investors.bittnet.ro\/en\/rezultate-financiare\/4q-2022\/buget-2023\/","url":"https:\/\/investors.bittnet.ro\/en\/rezultate-financiare\/4q-2022\/buget-2023\/","name":"Buget 2023","isPartOf":{"@id":"https:\/\/investors.bittnet.ro\/en\/#website"},"datePublished":"2023-02-23T15:10:55+00:00","dateModified":"2023-02-24T16:11:29+00:00","description":"Punem la dispozi\u021bia investitorilor raportul preliminar sub form\u0103 de pagina web, u\u0219or de urm\u0103rit \u0219i navigat doar la sec\u021biunile relevante pentru fiecare cititor.","breadcrumb":{"@id":"https:\/\/investors.bittnet.ro\/en\/rezultate-financiare\/4q-2022\/buget-2023\/#breadcrumb"},"inLanguage":"en-US","potentialAction":[{"@type":"ReadAction","target":["https:\/\/investors.bittnet.ro\/en\/rezultate-financiare\/4q-2022\/buget-2023\/"]}]},{"@type":"BreadcrumbList","@id":"https:\/\/investors.bittnet.ro\/en\/rezultate-financiare\/4q-2022\/buget-2023\/#breadcrumb","itemListElement":[{"@type":"ListItem","position":1,"name":"Home","item":"https:\/\/investors.bittnet.ro\/en\/"},{"@type":"ListItem","position":2,"name":"Rezultate financiare","item":"https:\/\/investors.bittnet.ro\/en\/rezultate-financiare\/"},{"@type":"ListItem","position":3,"name":"(RO) 2022.Q4 Raport Anual (preliminar) &#8211; Scrisoare de la CEO","item":"https:\/\/investors.bittnet.ro\/en\/rezultate-financiare\/4q-2022\/"},{"@type":"ListItem","position":4,"name":"(RO) 2022.Q4 Raport Anual (preliminar) &#8211; Buget 2023"}]},{"@type":"WebSite","@id":"https:\/\/investors.bittnet.ro\/en\/#website","url":"https:\/\/investors.bittnet.ro\/en\/","name":"Bittnet Investors Relations Site","description":"Your Value. Upgraded.","publisher":{"@id":"https:\/\/investors.bittnet.ro\/en\/#organization"},"potentialAction":[{"@type":"SearchAction","target":{"@type":"EntryPoint","urlTemplate":"https:\/\/investors.bittnet.ro\/en\/?s={search_term_string}"},"query-input":"required name=search_term_string"}],"inLanguage":"en-US"},{"@type":"Organization","@id":"https:\/\/investors.bittnet.ro\/en\/#organization","name":"Bittnet Group","url":"https:\/\/investors.bittnet.ro\/en\/","logo":{"@type":"ImageObject","inLanguage":"en-US","@id":"https:\/\/investors.bittnet.ro\/en\/#\/schema\/logo\/image\/","url":"https:\/\/investors.bittnet.ro\/wp-content\/uploads\/2019\/05\/logo-grup.png","contentUrl":"https:\/\/investors.bittnet.ro\/wp-content\/uploads\/2019\/05\/logo-grup.png","width":807,"height":442,"caption":"Bittnet Group"},"image":{"@id":"https:\/\/investors.bittnet.ro\/en\/#\/schema\/logo\/image\/"},"sameAs":["https:\/\/www.facebook.com\/BittnetSystems\/","https:\/\/twitter.com\/NA","http:\/\/na","https:\/\/www.linkedin.com\/company\/bittnet-group\/","https:\/\/www.youtube.com\/user\/BittnetSystems"]}]}},"_links":{"self":[{"href":"https:\/\/investors.bittnet.ro\/en\/wp-json\/wp\/v2\/pages\/20805","targetHints":{"allow":["GET"]}}],"collection":[{"href":"https:\/\/investors.bittnet.ro\/en\/wp-json\/wp\/v2\/pages"}],"about":[{"href":"https:\/\/investors.bittnet.ro\/en\/wp-json\/wp\/v2\/types\/page"}],"author":[{"embeddable":true,"href":"https:\/\/investors.bittnet.ro\/en\/wp-json\/wp\/v2\/users\/13"}],"replies":[{"embeddable":true,"href":"https:\/\/investors.bittnet.ro\/en\/wp-json\/wp\/v2\/comments?post=20805"}],"version-history":[{"count":6,"href":"https:\/\/investors.bittnet.ro\/en\/wp-json\/wp\/v2\/pages\/20805\/revisions"}],"predecessor-version":[{"id":20870,"href":"https:\/\/investors.bittnet.ro\/en\/wp-json\/wp\/v2\/pages\/20805\/revisions\/20870"}],"up":[{"embeddable":true,"href":"https:\/\/investors.bittnet.ro\/en\/wp-json\/wp\/v2\/pages\/20752"}],"wp:attachment":[{"href":"https:\/\/investors.bittnet.ro\/en\/wp-json\/wp\/v2\/media?parent=20805"}],"curies":[{"name":"wp","href":"https:\/\/api.w.org\/{rel}","templated":true}]}}