{"id":20802,"date":"2023-02-23T17:07:43","date_gmt":"2023-02-23T15:07:43","guid":{"rendered":"https:\/\/investors.bittnet.ro\/?page_id=20802"},"modified":"2023-02-24T18:15:12","modified_gmt":"2023-02-24T16:15:12","slug":"testul-buffett-pentru-capitalizarea-profiturilor-versus-acordarea-de-dividende","status":"publish","type":"page","link":"https:\/\/investors.bittnet.ro\/en\/rezultate-financiare\/4q-2022\/teza-de-investitie-bnet\/testul-buffett-pentru-capitalizarea-profiturilor-versus-acordarea-de-dividende\/","title":{"rendered":"(RO) 2022.Q4 Raport Anual (preliminar) &#8211; Testul Buffett pentru capitalizarea profiturilor versus acordarea de dividende"},"content":{"rendered":"<section class=\"l-section wpb_row height_small\"><div class=\"l-section-h i-cf\"><div class=\"g-cols vc_row via_flex valign_top type_default stacking_default\"><div class=\"vc_col-sm-8 wpb_column vc_column_container\"><div class=\"vc_column-inner\"><div class=\"wpb_wrapper\"><div class=\"wpb_text_column\"><div class=\"wpb_wrapper\"><h1>Testul Buffett pentru capitalizarea profiturilor versus acordarea de dividende<\/h1>\n<\/div><\/div><div class=\"w-separator size_medium\"><\/div><div class=\"wpb_text_column us_custom_432d3f53\"><div class=\"wpb_wrapper\"><p>O \u00eentrebare pe care o primim uneori din partea investitorilor este legat\u0103 de distribuirea de dividende \u0219i de ce nu facem acest lucru. A\u0219a cum am declarat \u00eenc\u0103 de la listare \u0219i \u00een nenum\u0103rate ocazii, at\u00e2t timp c\u00e2t ne afl\u0103m \u00een stadiul de \u201ehigh growth\u201d, nu inten\u021bion\u0103m s\u0103 distribuim dividende, <u>pentru c\u0103 banii l\u0103sa\u021bi \u00een companie cresc mult mai repede dec\u00e2t ar putea cre\u0219te \u00een orice alt\u0103 alternativ\u0103 de investire<\/u>. Am compensat aceasta prin oferirea de actiuni gratuite din valoarea adaugata creata de grup si in plus am oferit optiunea investitorilor de a-si \u201cvinde\u201d catre companie aceste actiuni primite gratuit ceea ce a generat implicit o distributie de cash pentru cei care au optat pentru ea.<\/p>\n<p>P\u00e2n\u0103 acum am demonstrat afirma\u021bia de mai sus prin a calcula cre\u0219terea valorii capitalurilor proprii ale companiei, comparativ cu capitalurile atrase (Active Net Contabil comparat cu Cash Atras \u00een Majorari de Capital). Acest test ne-a relevat un randament <strong>IRR al capitalurilor investite de ac\u021bionari egal cu aproximatiov 36% anual<\/strong>. Suplimentar, analiz\u00e2nd cre\u0219terea capitalurilor proprii generat\u0103 de business (elimin\u00e2nd deci capitalurile atrase de pe burs\u0103) \u00een fiecare an prin raportare la capitalul propriu la \u00eenceputul anului, <strong>Grupul nostru are un ROE mediu de aproximativ 55% \u00een cei 8 ani de la listare. <\/strong>Calculele relevante sunt prezentate la Pagina 2 \u2013 Informatii Cheie.<\/p>\n<p>Perspectivele anterioare arat\u0103 cum am creat valoare din punct de vedere contabil \u2013 intrinsec. \u201ePrice is what you pay, value is what you get\u201d. Pentru a evalua dac\u0103 am creat sau nu boga\u021bie prin prisma capitalizarii bursiere (pre\u021bul ac\u021biunii fiind adesea singurul indicator urm\u0103rit de investitorii de retail) exist\u0103 un test faimos: testul \u201eBuffett\u201d pentru profiturile capitalizate.<\/p>\n<\/div><\/div><div class=\"w-separator size_small\"><\/div><div class=\"wpb_text_column us_custom_432d3f53\"><div class=\"wpb_wrapper\"><table width=\"601\">\n<tbody>\n<tr style=\"background-color: #97bd6f;\">\n<td width=\"56\"><span style=\"color: #ffffff;\"><strong>\u00a0<\/strong><\/span><\/td>\n<td style=\"text-align: center;\" width=\"57\"><span style=\"color: #ffffff;\"><strong>Profit In Perioada<\/strong><\/span><\/td>\n<td style=\"text-align: center;\" width=\"85\"><span style=\"color: #ffffff;\"><strong>MCS \/ Rascump.<\/strong><\/span><\/td>\n<td style=\"text-align: center;\" width=\"76\"><span style=\"color: #ffffff;\"><strong>&#8220;Retained&#8221; In Perioada<\/strong><\/span><\/td>\n<td style=\"text-align: center;\" width=\"76\"><span style=\"color: #ffffff;\"><strong>&#8220;Retained&#8221; total in 5y rolling<\/strong><\/span><\/td>\n<td style=\"text-align: center;\" width=\"55\"><span style=\"color: #ffffff;\"><strong>Equity la Final An<\/strong><\/span><\/td>\n<td style=\"text-align: center;\" width=\"61\"><span style=\"color: #ffffff;\"><strong>Mkt. Cap. La Final<\/strong><\/span><\/td>\n<td style=\"text-align: center;\" width=\"60\"><span style=\"color: #ffffff;\"><strong>5y Mkt Cap Increase<\/strong><\/span><\/td>\n<td style=\"text-align: center;\" width=\"76\"><span style=\"color: #ffffff;\"><strong>Buffett Multiplier<\/strong><\/span><\/td>\n<\/tr>\n<tr>\n<td style=\"text-align: center;\" width=\"56\"><strong>(1)<\/strong><\/td>\n<td style=\"text-align: center;\" width=\"57\"><strong>(2)<\/strong><\/td>\n<td style=\"text-align: center;\" width=\"85\"><strong>(3)<\/strong><\/td>\n<td style=\"text-align: center;\" width=\"76\"><strong>(4)=(2)+(3)<\/strong><\/td>\n<td style=\"text-align: center;\" width=\"76\"><strong>(5)<\/strong><\/td>\n<td style=\"text-align: center;\" width=\"55\"><strong>(6)<\/strong><\/td>\n<td style=\"text-align: center;\" width=\"61\"><strong>(7)<\/strong><\/td>\n<td style=\"text-align: center;\" width=\"60\"><strong>(8)<\/strong><\/td>\n<td style=\"text-align: center;\" width=\"76\"><strong>(9)=(8)\/(5)<\/strong><\/td>\n<\/tr>\n<tr>\n<td style=\"text-align: left;\" width=\"56\"><strong>2014<\/strong><\/td>\n<td style=\"text-align: right;\" width=\"57\">115<\/td>\n<td style=\"text-align: right;\" width=\"85\"><\/td>\n<td style=\"text-align: right;\" width=\"76\"><\/td>\n<td style=\"text-align: right;\" width=\"76\"><\/td>\n<td style=\"text-align: right;\" width=\"55\">865<\/td>\n<td style=\"text-align: right;\" width=\"61\">7,896<\/td>\n<td style=\"text-align: right;\" width=\"60\"><\/td>\n<td style=\"text-align: right;\" width=\"76\"><\/td>\n<\/tr>\n<tr>\n<td style=\"text-align: left;\" width=\"56\"><strong>2015<\/strong><\/td>\n<td style=\"text-align: right;\" width=\"57\">889<\/td>\n<td style=\"text-align: right;\" width=\"85\">0<\/td>\n<td style=\"text-align: right;\" width=\"76\">115<\/td>\n<td style=\"text-align: right;\" width=\"76\"><\/td>\n<td style=\"text-align: right;\" width=\"55\">1,920<\/td>\n<td style=\"text-align: right;\" width=\"61\">8,108<\/td>\n<td style=\"text-align: right;\" width=\"60\"><\/td>\n<td style=\"text-align: right;\" width=\"76\"><\/td>\n<\/tr>\n<tr>\n<td style=\"text-align: left;\" width=\"56\"><strong>2016<\/strong><\/td>\n<td style=\"text-align: right;\" width=\"57\">870<\/td>\n<td style=\"text-align: right;\" width=\"85\">0<\/td>\n<td style=\"text-align: right;\" width=\"76\">889<\/td>\n<td style=\"text-align: right;\" width=\"76\"><\/td>\n<td style=\"text-align: right;\" width=\"55\">3,100<\/td>\n<td style=\"text-align: right;\" width=\"61\">21,418<\/td>\n<td style=\"text-align: right;\" width=\"60\"><\/td>\n<td style=\"text-align: right;\" width=\"76\"><\/td>\n<\/tr>\n<tr>\n<td style=\"text-align: left;\" width=\"56\"><strong>2017<\/strong><\/td>\n<td style=\"text-align: right;\" width=\"57\">1,206<\/td>\n<td style=\"text-align: right;\" width=\"85\">807<\/td>\n<td style=\"text-align: right;\" width=\"76\">1,677<\/td>\n<td style=\"text-align: right;\" width=\"76\"><\/td>\n<td style=\"text-align: right;\" width=\"55\">5,961<\/td>\n<td style=\"text-align: right;\" width=\"61\">31,941<\/td>\n<td style=\"text-align: right;\" width=\"60\"><\/td>\n<td style=\"text-align: right;\" width=\"76\"><\/td>\n<\/tr>\n<tr>\n<td style=\"text-align: left;\" width=\"56\"><strong>2018<\/strong><\/td>\n<td style=\"text-align: right;\" width=\"57\">4,408<\/td>\n<td style=\"text-align: right;\" width=\"85\">2,892<\/td>\n<td style=\"text-align: right;\" width=\"76\">4,098<\/td>\n<td style=\"text-align: right;\" width=\"76\"><\/td>\n<td style=\"text-align: right;\" width=\"55\">14,001<\/td>\n<td style=\"text-align: right;\" width=\"61\">55,530<\/td>\n<td style=\"text-align: right;\" width=\"60\"><\/td>\n<td style=\"text-align: right;\" width=\"76\"><\/td>\n<\/tr>\n<tr>\n<td style=\"text-align: left;\" width=\"56\"><strong>2019<\/strong><\/td>\n<td style=\"text-align: right;\" width=\"57\">-2,631<\/td>\n<td style=\"text-align: right;\" width=\"85\">0<\/td>\n<td style=\"text-align: right;\" width=\"76\">4,408<\/td>\n<td style=\"text-align: right;\" width=\"76\">\u00a011,187<\/td>\n<td style=\"text-align: right;\" width=\"55\">12,372<\/td>\n<td style=\"text-align: right;\" width=\"61\">112,717<\/td>\n<td style=\"text-align: right;\" width=\"60\">104,821<\/td>\n<td style=\"background-color: #97bd6f; text-align: center;\" width=\"76\"><strong>9.4<\/strong><\/td>\n<\/tr>\n<tr>\n<td style=\"text-align: left;\" width=\"56\"><strong>2020<\/strong><\/td>\n<td style=\"text-align: right;\" width=\"57\">1,025<\/td>\n<td style=\"text-align: right;\" width=\"85\">9,268<\/td>\n<td style=\"text-align: right;\" width=\"76\">6,637<\/td>\n<td style=\"text-align: right;\" width=\"76\">17,709<\/td>\n<td style=\"text-align: right;\" width=\"55\">27,646<\/td>\n<td style=\"text-align: right;\" width=\"61\">157,586<\/td>\n<td style=\"text-align: right;\" width=\"60\">149,478<\/td>\n<td style=\"background-color: #97bd6f; text-align: center;\" width=\"76\"><strong>8.4<\/strong><\/td>\n<\/tr>\n<tr>\n<td style=\"text-align: left;\" width=\"56\"><strong>2021<\/strong><\/td>\n<td style=\"text-align: right;\" width=\"57\">14,424<\/td>\n<td style=\"text-align: right;\" width=\"85\">10,725<\/td>\n<td style=\"text-align: right;\" width=\"76\">11,750<\/td>\n<td style=\"text-align: right;\" width=\"76\">\u00a028,570<\/td>\n<td style=\"text-align: right;\" width=\"55\">52,740<\/td>\n<td style=\"text-align: right;\" width=\"61\">161,907<\/td>\n<td style=\"text-align: right;\" width=\"60\">140,489<\/td>\n<td style=\"background-color: #97bd6f; text-align: center;\" width=\"76\"><strong>4.9<\/strong><\/td>\n<\/tr>\n<tr>\n<td style=\"text-align: left;\" width=\"56\"><strong>2022<\/strong><\/td>\n<td style=\"text-align: right;\" width=\"57\"><\/td>\n<td style=\"text-align: right;\" width=\"85\">-2,604<\/td>\n<td style=\"text-align: right;\" width=\"76\">9,170<\/td>\n<td style=\"text-align: right;\" width=\"76\">\u00a036,063<\/td>\n<td style=\"text-align: right;\" width=\"55\">71,006<\/td>\n<td style=\"text-align: right;\" width=\"61\">158,666<\/td>\n<td style=\"text-align: right;\" width=\"60\">126,725<\/td>\n<td style=\"background-color: #97bd6f; text-align: center;\" width=\"76\"><strong>3.5<\/strong><\/td>\n<\/tr>\n<\/tbody>\n<\/table>\n<\/div><\/div><div class=\"w-separator size_small\"><\/div><div class=\"wpb_text_column us_custom_432d3f53\"><div class=\"wpb_wrapper\"><p>O formulare simpl\u0103 a acestor calcule este c\u0103, dac\u0103 analiz\u0103m investi\u021bia pe termen de 5 ani, a\u0219a cum se recomand\u0103 investi\u021bia pe burs\u0103 <strong>, orice leu alocat companiei noastre (fie prin capitalizarea profiturilor, fie prin participarea \u00een major\u0103ri de capital), a adus \u00een buzunarele actionarilor cel putin 3.5 lei.<\/strong><\/p>\n<p>Desigur, unii investitori pot considera c\u0103 oricare dintre componentele tezei de investi\u021bie descris\u0103 mai sus nu se potrive\u0219te cu stilul lor investi\u021bional. Ne-am dori \u00eens\u0103 ca ac\u021bionarii no\u0219tri s\u0103 \u00eenteleag\u0103 care este \u201cpariul\u201d pe care \u00eel fac atunci c\u00e2nd investesc \u00een ac\u021biunile grupului Bittnet: faptul c\u0103 viziunea de cre\u0219tere accelerat\u0103 c\u0103tre cifra de afaceri de 500 milioane lei genereaz\u0103 o oportunitate deosebit\u0103 pe termen mediu si lung \u0219i c\u0103, uneori, evolu\u021bia rezultatelor trimestriale, semestriale sau anuale va \u00eenregistra fluctua\u021bii. Noi, echipa de management suntem aici s\u0103 clarific\u0103m aceste fluctua\u021bii \u0219i s\u0103 ghid\u0103m c\u0103l\u0103toria noastr\u0103 \u00eempreun\u0103 c\u0103tre venituri de 500 milioane de lei anual, f\u0103r\u0103 a avea drept obiectiv pre\u021bul ac\u021biunilor, care, din contr\u0103, este decis de ac\u021bionari \u0219i \u00een general de contextul pie\u021bei de capital. Ne vom concentra cu prec\u0103dere \u00een 2023-2024 pe extragerea de profit din noua dimensiune a grupului construit\u0103 \u00een ultimul deceniu \u0219i care se apropie de masa critic\u0103 pe care ne-am propus s\u0103 o atingem. Suntem convin\u0219i \u00eens\u0103 c\u0103 pe termen lung valoarea companiei va reflecta rezultatele de business \u0219i a investi\u021biilor cumulate \u00een companiile achizi\u021bionate \u0219i integrate de-a lungul anilor.<\/p>\n<p><span style=\"color: #800000;\"><strong>\u00cencheiem acest capitol prin a reaminti c\u0103 nicio investi\u021bie \u00een ac\u021biunile unei companii nu este lipsit\u0103 de riscuri, \u0219i v\u0103 rug\u0103m ca \u00eenainte de a decide s\u0103 investi\u021bi, s\u0103 citi\u021bi cu aten\u021bie capitolele despre Riscuri din documentul universal de \u00eenregistrare, sau de pe site-ul dedicat rela\u021biei cu investitorii.<\/strong><\/span><\/p>\n<\/div><\/div><div class=\"w-separator size_huge\"><\/div><\/div><\/div><\/div><div class=\"vc_col-sm-4 wpb_column vc_column_container\"><div class=\"vc_column-inner\"><div class=\"wpb_wrapper\"><div class=\"w-separator size_small\"><\/div><nav class=\"w-menu layout_ver style_blocks us_menu_1 with_children\" style=\"--main-gap:1.5rem;--main-ver-indent:0.8em;--main-hor-indent:0.8em;--main-bg-color:#f5f5f5;--main-color:inherit;--main-hover-bg-color:#8dbe65;--main-hover-color:#ffffff;--main-active-bg-color:#8dbe65;--main-active-color:#ffffff;--sub-gap:5px;\"><ul id=\"menu-ro-2022-q4-raport-anual-preliminar\" class=\"menu\"><li id=\"menu-item-20811\" class=\"menu-item menu-item-type-post_type menu-item-object-page menu-item-20811\"><a href=\"https:\/\/investors.bittnet.ro\/abonare-newsletter\/\">Newsletter subscription<\/a><\/li><\/ul><style>@media ( max-width:600px ){.us_menu_1 .menu{display:block!important}.us_menu_1 .menu>li:not(:last-child){margin:0 0 var(--main-gap,1.5rem)!important}}<\/style><\/nav><\/div><\/div><\/div><\/div><\/div><\/section>\n","protected":false},"excerpt":{"rendered":"Testul Buffett pentru capitalizarea profiturilor versus acordarea de dividende O \u00eentrebare pe care o primim uneori din partea investitorilor este legat\u0103 de distribuirea de dividende \u0219i de ce nu facem acest lucru. A\u0219a cum am declarat \u00eenc\u0103 de la listare \u0219i \u00een nenum\u0103rate ocazii, at\u00e2t timp c\u00e2t ne afl\u0103m \u00een stadiul de \u201ehigh growth\u201d, nu...","protected":false},"author":13,"featured_media":0,"parent":20792,"menu_order":1,"comment_status":"closed","ping_status":"closed","template":"","meta":{"footnotes":""},"class_list":["post-20802","page","type-page","status-publish","hentry"],"yoast_head":"<!-- This site is optimized with the Yoast SEO plugin v20.8 - https:\/\/yoast.com\/wordpress\/plugins\/seo\/ -->\n<title>Testul Buffett pentru capitalizarea profiturilor versus acordarea de dividende<\/title>\n<meta name=\"description\" content=\"Punem la dispozi\u021bia investitorilor raportul preliminar sub form\u0103 de pagina web, u\u0219or de urm\u0103rit \u0219i navigat doar la sec\u021biunile relevante pentru fiecare cititor.\" \/>\n<meta name=\"robots\" content=\"index, follow, max-snippet:-1, max-image-preview:large, max-video-preview:-1\" \/>\n<link rel=\"canonical\" href=\"https:\/\/investors.bittnet.ro\/en\/rezultate-financiare\/4q-2022\/teza-de-investitie-bnet\/testul-buffett-pentru-capitalizarea-profiturilor-versus-acordarea-de-dividende\/\" \/>\n<meta property=\"og:locale\" content=\"en_US\" \/>\n<meta property=\"og:type\" content=\"article\" \/>\n<meta property=\"og:title\" content=\"Testul Buffett pentru capitalizarea profiturilor versus acordarea de dividende\" \/>\n<meta property=\"og:description\" content=\"Punem la dispozi\u021bia investitorilor raportul preliminar sub form\u0103 de pagina web, u\u0219or de urm\u0103rit \u0219i navigat doar la sec\u021biunile relevante pentru fiecare cititor.\" \/>\n<meta property=\"og:url\" content=\"https:\/\/investors.bittnet.ro\/en\/rezultate-financiare\/4q-2022\/teza-de-investitie-bnet\/testul-buffett-pentru-capitalizarea-profiturilor-versus-acordarea-de-dividende\/\" \/>\n<meta property=\"og:site_name\" content=\"Bittnet Investors Relations Site\" \/>\n<meta property=\"article:publisher\" content=\"https:\/\/www.facebook.com\/BittnetSystems\/\" \/>\n<meta property=\"article:modified_time\" content=\"2023-02-24T16:15:12+00:00\" \/>\n<meta name=\"twitter:card\" content=\"summary_large_image\" \/>\n<meta name=\"twitter:site\" content=\"@NA\" \/>\n<meta name=\"twitter:label1\" content=\"Est. reading time\" \/>\n\t<meta name=\"twitter:data1\" content=\"3 minutes\" \/>\n<script type=\"application\/ld+json\" class=\"yoast-schema-graph\">{\"@context\":\"https:\/\/schema.org\",\"@graph\":[{\"@type\":\"WebPage\",\"@id\":\"https:\/\/investors.bittnet.ro\/en\/rezultate-financiare\/4q-2022\/teza-de-investitie-bnet\/testul-buffett-pentru-capitalizarea-profiturilor-versus-acordarea-de-dividende\/\",\"url\":\"https:\/\/investors.bittnet.ro\/en\/rezultate-financiare\/4q-2022\/teza-de-investitie-bnet\/testul-buffett-pentru-capitalizarea-profiturilor-versus-acordarea-de-dividende\/\",\"name\":\"Testul Buffett pentru capitalizarea profiturilor versus acordarea de dividende\",\"isPartOf\":{\"@id\":\"https:\/\/investors.bittnet.ro\/en\/#website\"},\"datePublished\":\"2023-02-23T15:07:43+00:00\",\"dateModified\":\"2023-02-24T16:15:12+00:00\",\"description\":\"Punem la dispozi\u021bia investitorilor raportul preliminar sub form\u0103 de pagina web, u\u0219or de urm\u0103rit \u0219i navigat doar la sec\u021biunile relevante pentru fiecare cititor.\",\"breadcrumb\":{\"@id\":\"https:\/\/investors.bittnet.ro\/en\/rezultate-financiare\/4q-2022\/teza-de-investitie-bnet\/testul-buffett-pentru-capitalizarea-profiturilor-versus-acordarea-de-dividende\/#breadcrumb\"},\"inLanguage\":\"en-US\",\"potentialAction\":[{\"@type\":\"ReadAction\",\"target\":[\"https:\/\/investors.bittnet.ro\/en\/rezultate-financiare\/4q-2022\/teza-de-investitie-bnet\/testul-buffett-pentru-capitalizarea-profiturilor-versus-acordarea-de-dividende\/\"]}]},{\"@type\":\"BreadcrumbList\",\"@id\":\"https:\/\/investors.bittnet.ro\/en\/rezultate-financiare\/4q-2022\/teza-de-investitie-bnet\/testul-buffett-pentru-capitalizarea-profiturilor-versus-acordarea-de-dividende\/#breadcrumb\",\"itemListElement\":[{\"@type\":\"ListItem\",\"position\":1,\"name\":\"Home\",\"item\":\"https:\/\/investors.bittnet.ro\/en\/\"},{\"@type\":\"ListItem\",\"position\":2,\"name\":\"Rezultate financiare\",\"item\":\"https:\/\/investors.bittnet.ro\/en\/rezultate-financiare\/\"},{\"@type\":\"ListItem\",\"position\":3,\"name\":\"(RO) 2022.Q4 Raport Anual (preliminar) &#8211; Scrisoare de la CEO\",\"item\":\"https:\/\/investors.bittnet.ro\/en\/rezultate-financiare\/4q-2022\/\"},{\"@type\":\"ListItem\",\"position\":4,\"name\":\"(RO) 2022.Q4 Raport Anual (preliminar) &#8211; Teza de investi\u021bie BNET\",\"item\":\"https:\/\/investors.bittnet.ro\/en\/rezultate-financiare\/4q-2022\/teza-de-investitie-bnet\/\"},{\"@type\":\"ListItem\",\"position\":5,\"name\":\"(RO) 2022.Q4 Raport Anual (preliminar) &#8211; Testul Buffett pentru capitalizarea profiturilor versus acordarea de dividende\"}]},{\"@type\":\"WebSite\",\"@id\":\"https:\/\/investors.bittnet.ro\/en\/#website\",\"url\":\"https:\/\/investors.bittnet.ro\/en\/\",\"name\":\"Bittnet Investors Relations Site\",\"description\":\"Your Value. Upgraded.\",\"publisher\":{\"@id\":\"https:\/\/investors.bittnet.ro\/en\/#organization\"},\"potentialAction\":[{\"@type\":\"SearchAction\",\"target\":{\"@type\":\"EntryPoint\",\"urlTemplate\":\"https:\/\/investors.bittnet.ro\/en\/?s={search_term_string}\"},\"query-input\":\"required name=search_term_string\"}],\"inLanguage\":\"en-US\"},{\"@type\":\"Organization\",\"@id\":\"https:\/\/investors.bittnet.ro\/en\/#organization\",\"name\":\"Bittnet Group\",\"url\":\"https:\/\/investors.bittnet.ro\/en\/\",\"logo\":{\"@type\":\"ImageObject\",\"inLanguage\":\"en-US\",\"@id\":\"https:\/\/investors.bittnet.ro\/en\/#\/schema\/logo\/image\/\",\"url\":\"https:\/\/investors.bittnet.ro\/wp-content\/uploads\/2019\/05\/logo-grup.png\",\"contentUrl\":\"https:\/\/investors.bittnet.ro\/wp-content\/uploads\/2019\/05\/logo-grup.png\",\"width\":807,\"height\":442,\"caption\":\"Bittnet Group\"},\"image\":{\"@id\":\"https:\/\/investors.bittnet.ro\/en\/#\/schema\/logo\/image\/\"},\"sameAs\":[\"https:\/\/www.facebook.com\/BittnetSystems\/\",\"https:\/\/twitter.com\/NA\",\"http:\/\/na\",\"https:\/\/www.linkedin.com\/company\/bittnet-group\/\",\"https:\/\/www.youtube.com\/user\/BittnetSystems\"]}]}<\/script>\n<!-- \/ Yoast SEO plugin. -->","yoast_head_json":{"title":"Testul Buffett pentru capitalizarea profiturilor versus acordarea de dividende","description":"Punem la dispozi\u021bia investitorilor raportul preliminar sub form\u0103 de pagina web, u\u0219or de urm\u0103rit \u0219i navigat doar la sec\u021biunile relevante pentru fiecare cititor.","robots":{"index":"index","follow":"follow","max-snippet":"max-snippet:-1","max-image-preview":"max-image-preview:large","max-video-preview":"max-video-preview:-1"},"canonical":"https:\/\/investors.bittnet.ro\/en\/rezultate-financiare\/4q-2022\/teza-de-investitie-bnet\/testul-buffett-pentru-capitalizarea-profiturilor-versus-acordarea-de-dividende\/","og_locale":"en_US","og_type":"article","og_title":"Testul Buffett pentru capitalizarea profiturilor versus acordarea de dividende","og_description":"Punem la dispozi\u021bia investitorilor raportul preliminar sub form\u0103 de pagina web, u\u0219or de urm\u0103rit \u0219i navigat doar la sec\u021biunile relevante pentru fiecare cititor.","og_url":"https:\/\/investors.bittnet.ro\/en\/rezultate-financiare\/4q-2022\/teza-de-investitie-bnet\/testul-buffett-pentru-capitalizarea-profiturilor-versus-acordarea-de-dividende\/","og_site_name":"Bittnet Investors Relations Site","article_publisher":"https:\/\/www.facebook.com\/BittnetSystems\/","article_modified_time":"2023-02-24T16:15:12+00:00","twitter_card":"summary_large_image","twitter_site":"@NA","twitter_misc":{"Est. reading time":"3 minutes"},"schema":{"@context":"https:\/\/schema.org","@graph":[{"@type":"WebPage","@id":"https:\/\/investors.bittnet.ro\/en\/rezultate-financiare\/4q-2022\/teza-de-investitie-bnet\/testul-buffett-pentru-capitalizarea-profiturilor-versus-acordarea-de-dividende\/","url":"https:\/\/investors.bittnet.ro\/en\/rezultate-financiare\/4q-2022\/teza-de-investitie-bnet\/testul-buffett-pentru-capitalizarea-profiturilor-versus-acordarea-de-dividende\/","name":"Testul Buffett pentru capitalizarea profiturilor versus acordarea de dividende","isPartOf":{"@id":"https:\/\/investors.bittnet.ro\/en\/#website"},"datePublished":"2023-02-23T15:07:43+00:00","dateModified":"2023-02-24T16:15:12+00:00","description":"Punem la dispozi\u021bia investitorilor raportul preliminar sub form\u0103 de pagina web, u\u0219or de urm\u0103rit \u0219i navigat doar la sec\u021biunile relevante pentru fiecare cititor.","breadcrumb":{"@id":"https:\/\/investors.bittnet.ro\/en\/rezultate-financiare\/4q-2022\/teza-de-investitie-bnet\/testul-buffett-pentru-capitalizarea-profiturilor-versus-acordarea-de-dividende\/#breadcrumb"},"inLanguage":"en-US","potentialAction":[{"@type":"ReadAction","target":["https:\/\/investors.bittnet.ro\/en\/rezultate-financiare\/4q-2022\/teza-de-investitie-bnet\/testul-buffett-pentru-capitalizarea-profiturilor-versus-acordarea-de-dividende\/"]}]},{"@type":"BreadcrumbList","@id":"https:\/\/investors.bittnet.ro\/en\/rezultate-financiare\/4q-2022\/teza-de-investitie-bnet\/testul-buffett-pentru-capitalizarea-profiturilor-versus-acordarea-de-dividende\/#breadcrumb","itemListElement":[{"@type":"ListItem","position":1,"name":"Home","item":"https:\/\/investors.bittnet.ro\/en\/"},{"@type":"ListItem","position":2,"name":"Rezultate financiare","item":"https:\/\/investors.bittnet.ro\/en\/rezultate-financiare\/"},{"@type":"ListItem","position":3,"name":"(RO) 2022.Q4 Raport Anual (preliminar) &#8211; Scrisoare de la CEO","item":"https:\/\/investors.bittnet.ro\/en\/rezultate-financiare\/4q-2022\/"},{"@type":"ListItem","position":4,"name":"(RO) 2022.Q4 Raport Anual (preliminar) &#8211; Teza de investi\u021bie BNET","item":"https:\/\/investors.bittnet.ro\/en\/rezultate-financiare\/4q-2022\/teza-de-investitie-bnet\/"},{"@type":"ListItem","position":5,"name":"(RO) 2022.Q4 Raport Anual (preliminar) &#8211; Testul Buffett pentru capitalizarea profiturilor versus acordarea de dividende"}]},{"@type":"WebSite","@id":"https:\/\/investors.bittnet.ro\/en\/#website","url":"https:\/\/investors.bittnet.ro\/en\/","name":"Bittnet Investors Relations Site","description":"Your Value. Upgraded.","publisher":{"@id":"https:\/\/investors.bittnet.ro\/en\/#organization"},"potentialAction":[{"@type":"SearchAction","target":{"@type":"EntryPoint","urlTemplate":"https:\/\/investors.bittnet.ro\/en\/?s={search_term_string}"},"query-input":"required name=search_term_string"}],"inLanguage":"en-US"},{"@type":"Organization","@id":"https:\/\/investors.bittnet.ro\/en\/#organization","name":"Bittnet Group","url":"https:\/\/investors.bittnet.ro\/en\/","logo":{"@type":"ImageObject","inLanguage":"en-US","@id":"https:\/\/investors.bittnet.ro\/en\/#\/schema\/logo\/image\/","url":"https:\/\/investors.bittnet.ro\/wp-content\/uploads\/2019\/05\/logo-grup.png","contentUrl":"https:\/\/investors.bittnet.ro\/wp-content\/uploads\/2019\/05\/logo-grup.png","width":807,"height":442,"caption":"Bittnet Group"},"image":{"@id":"https:\/\/investors.bittnet.ro\/en\/#\/schema\/logo\/image\/"},"sameAs":["https:\/\/www.facebook.com\/BittnetSystems\/","https:\/\/twitter.com\/NA","http:\/\/na","https:\/\/www.linkedin.com\/company\/bittnet-group\/","https:\/\/www.youtube.com\/user\/BittnetSystems"]}]}},"_links":{"self":[{"href":"https:\/\/investors.bittnet.ro\/en\/wp-json\/wp\/v2\/pages\/20802","targetHints":{"allow":["GET"]}}],"collection":[{"href":"https:\/\/investors.bittnet.ro\/en\/wp-json\/wp\/v2\/pages"}],"about":[{"href":"https:\/\/investors.bittnet.ro\/en\/wp-json\/wp\/v2\/types\/page"}],"author":[{"embeddable":true,"href":"https:\/\/investors.bittnet.ro\/en\/wp-json\/wp\/v2\/users\/13"}],"replies":[{"embeddable":true,"href":"https:\/\/investors.bittnet.ro\/en\/wp-json\/wp\/v2\/comments?post=20802"}],"version-history":[{"count":8,"href":"https:\/\/investors.bittnet.ro\/en\/wp-json\/wp\/v2\/pages\/20802\/revisions"}],"predecessor-version":[{"id":20867,"href":"https:\/\/investors.bittnet.ro\/en\/wp-json\/wp\/v2\/pages\/20802\/revisions\/20867"}],"up":[{"embeddable":true,"href":"https:\/\/investors.bittnet.ro\/en\/wp-json\/wp\/v2\/pages\/20792"}],"wp:attachment":[{"href":"https:\/\/investors.bittnet.ro\/en\/wp-json\/wp\/v2\/media?parent=20802"}],"curies":[{"name":"wp","href":"https:\/\/api.w.org\/{rel}","templated":true}]}}