{"id":20792,"date":"2023-02-23T16:39:25","date_gmt":"2023-02-23T14:39:25","guid":{"rendered":"https:\/\/investors.bittnet.ro\/?page_id=20792"},"modified":"2023-02-24T18:12:17","modified_gmt":"2023-02-24T16:12:17","slug":"teza-de-investitie-bnet","status":"publish","type":"page","link":"https:\/\/investors.bittnet.ro\/en\/rezultate-financiare\/4q-2022\/teza-de-investitie-bnet\/","title":{"rendered":"(RO) 2022.Q4 Raport Anual (preliminar) &#8211; Teza de investi\u021bie BNET"},"content":{"rendered":"<section class=\"l-section wpb_row height_small\"><div class=\"l-section-h i-cf\"><div class=\"g-cols vc_row via_flex valign_top type_default stacking_default\"><div class=\"vc_col-sm-8 wpb_column vc_column_container\"><div class=\"vc_column-inner\"><div class=\"wpb_wrapper\"><div class=\"wpb_text_column\"><div class=\"wpb_wrapper\"><h1>Teza de investi\u021bie BNET<\/h1>\n<\/div><\/div><div class=\"w-separator size_medium\"><\/div><div class=\"wpb_text_column us_custom_432d3f53\"><div class=\"wpb_wrapper\"><p>\u00cenc\u0103 de la \u00eenceputul c\u0103l\u0103toriei noastre \u00een calitate de companie listat\u0103 am \u00eencercat s\u0103 transmitem c\u00e2t mai transparent care este valoarea pentru investitori a propunerii noastre \u2013 \u201cour value proposition\u201d. Cu alte cuvinte, ce oferim investitorilor, care este teza investi\u021bional\u0103 pe care o poate avea cine alege s\u0103 ne acorde \u00eencrederea.<\/p>\n<p>Aceasta poate fi exprimat\u0103 foarte simplu \u00een urmatoarea fraz\u0103: <em>&#8220;Investe\u0219ti pe termen mediu \u0219i lung \u00een ac\u021biunile BNET dac\u0103 dore\u0219ti expunere la industria de IT&amp;C rom\u00e2neasc\u0103, un domeniu de cre\u0219tere accelerat\u0103, al\u0103turi de o echip\u0103 de management care are nu doar skin in the game ci a \u0219i demonstrat, \u00een peste 15 ani, rezultate mai bune dec\u00e2t media industriei, at\u00e2t opera\u021bional c\u00e2t \u0219i din punct de vedere al gestiunii capitalului.&#8221;<\/em><\/p>\n<p>Fiecare din deciziile pe care le lu\u0103m urm\u0103resc construc\u021bia unui grup antifragil, astfel \u00eenc\u00e2t s\u0103 avem cea mai puternic\u0103 for\u021b\u0103 \u2013 timpul \u2013 al\u0103turi de noi (\u201cTime is the friend of the wonderful business, the enemy of the mediocre\u201d). Al doilea element \u00eel reprezint\u0103 combina\u021bia dintre \u2018good operations\u2019 \u0219i capabilitatea de management a capitalului, a\u0219a cum este descris \u2018secretul succesului\u2019 \u00een cartea \u201eThe outsiders \u2013 8 outstanding CEOs\u201d. C\u00e2teva argumente pentru fiecare din componentele acestei teze investi\u021bionale:<\/p>\n<ul>\n<li>Alegerea unei industrii cu perspective favorabile este o decizie care u\u0219ureaz\u0103 total at\u00e2t munca investitorilor, c\u00e2t \u0219i scade importan\u021ba de a alege un management competent: \u201ca rising tide lifts all boats\u201d. Nu exist\u0103 \u00een ultimii 20 ani o industrie cu o cre\u0219tere continuat\u0103 mai accelerat\u0103 dec\u00e2t industria IT&amp;C.<\/li>\n<li>Existen\u021ba unei echipe de management cu \u2018significant skin in the game\u2019 rezolv\u0103 problema \u2018principal \u2013 agent\u2019 at\u00e2t de reclamat\u0103 de investitorii pe pia\u021ba de capital rom\u00e2neasc\u0103. Dac\u0103 bunastarea managementului provine din acelea\u0219i surse, prin acelea\u0219i mecanisme cu cea a micilor ac\u021bionari, se elimin\u0103 cel mai important conflict. Astfel, \u00een cazul nostru, valoarea ac\u021biunilor BNET reprezint\u0103 pentru management at\u00e2t cea mai mare parte a averii personale, c\u00e2t \u0219i cea mai mare parte a veniturilor (spre deosebire de salariu, politica de compensare bazat\u0103 pe op\u021biuni aliniaz\u0103 veniturile managementului cu boga\u021bia adus\u0103 ac\u021bionarilor).<\/li>\n<li>Track record demonstrat din punct de vedere opera\u021bional: \u00een afar\u0103 de numeroase recunoa\u0219teri interna\u021bionale (Deloitte Top 50 in Tech, Financial Times Top 1000 Fastest Growing Companies, EY Entreprenerur of the Year finalists, etc);<\/li>\n<li>Track record demonstrat din punct de vedere al gestiunii capitalului: rata de cre\u0219tere a capitalurilor proprii atrase istoric, prin mecanismele pie\u021bei de capital, este de peste 35%, ceea ce ne \u00eent\u0103re\u0219te \u00eencrederea \u0219i \u00een modelul financiar adoptat, pe care inten\u021bion\u0103m s\u0103 continu\u0103m s\u0103 \u00eel aplic\u0103m at\u00e2t timp c\u00e2t rezultatele continu\u0103 s\u0103 fie vizibil mai bune dec\u00e2t media pie\u021bei.<\/li>\n<\/ul>\n<\/div><\/div><div class=\"w-separator size_huge\"><\/div><\/div><\/div><\/div><div class=\"vc_col-sm-4 wpb_column vc_column_container\"><div class=\"vc_column-inner\"><div class=\"wpb_wrapper\"><div class=\"w-separator size_small\"><\/div><nav class=\"w-menu layout_ver style_blocks us_menu_1 with_children\" style=\"--main-gap:1.5rem;--main-ver-indent:0.8em;--main-hor-indent:0.8em;--main-bg-color:#f5f5f5;--main-color:inherit;--main-hover-bg-color:#8dbe65;--main-hover-color:#ffffff;--main-active-bg-color:#8dbe65;--main-active-color:#ffffff;--sub-gap:5px;\"><ul id=\"menu-ro-2022-q4-raport-anual-preliminar\" class=\"menu\"><li id=\"menu-item-20811\" class=\"menu-item menu-item-type-post_type menu-item-object-page menu-item-20811\"><a href=\"https:\/\/investors.bittnet.ro\/abonare-newsletter\/\">Newsletter subscription<\/a><\/li><\/ul><style>@media ( max-width:600px ){.us_menu_1 .menu{display:block!important}.us_menu_1 .menu>li:not(:last-child){margin:0 0 var(--main-gap,1.5rem)!important}}<\/style><\/nav><\/div><\/div><\/div><\/div><\/div><\/section>\n","protected":false},"excerpt":{"rendered":"Teza de investi\u021bie BNET \u00cenc\u0103 de la \u00eenceputul c\u0103l\u0103toriei noastre \u00een calitate de companie listat\u0103 am \u00eencercat s\u0103 transmitem c\u00e2t mai transparent care este valoarea pentru investitori a propunerii noastre \u2013 \u201cour value proposition\u201d. Cu alte cuvinte, ce oferim investitorilor, care este teza investi\u021bional\u0103 pe care o poate avea cine alege s\u0103 ne acorde \u00eencrederea....","protected":false},"author":13,"featured_media":0,"parent":20752,"menu_order":1,"comment_status":"closed","ping_status":"closed","template":"","meta":{"footnotes":""},"class_list":["post-20792","page","type-page","status-publish","hentry"],"yoast_head":"<!-- This site is optimized with the Yoast SEO plugin v20.8 - https:\/\/yoast.com\/wordpress\/plugins\/seo\/ -->\n<title>Teza de investi\u021bie BNET<\/title>\n<meta name=\"description\" content=\"Punem la dispozi\u021bia investitorilor raportul preliminar sub form\u0103 de pagina web, u\u0219or de urm\u0103rit \u0219i navigat doar la sec\u021biunile relevante pentru fiecare cititor.\" \/>\n<meta name=\"robots\" content=\"index, follow, max-snippet:-1, max-image-preview:large, max-video-preview:-1\" \/>\n<link rel=\"canonical\" href=\"https:\/\/investors.bittnet.ro\/en\/rezultate-financiare\/4q-2022\/teza-de-investitie-bnet\/\" \/>\n<meta property=\"og:locale\" content=\"en_US\" \/>\n<meta property=\"og:type\" content=\"article\" \/>\n<meta property=\"og:title\" content=\"Teza de investi\u021bie BNET\" \/>\n<meta property=\"og:description\" content=\"Punem la dispozi\u021bia investitorilor raportul preliminar sub form\u0103 de pagina web, u\u0219or de urm\u0103rit \u0219i navigat doar la sec\u021biunile relevante pentru fiecare cititor.\" \/>\n<meta property=\"og:url\" content=\"https:\/\/investors.bittnet.ro\/en\/rezultate-financiare\/4q-2022\/teza-de-investitie-bnet\/\" \/>\n<meta property=\"og:site_name\" content=\"Bittnet Investors Relations Site\" \/>\n<meta property=\"article:publisher\" content=\"https:\/\/www.facebook.com\/BittnetSystems\/\" \/>\n<meta property=\"article:modified_time\" content=\"2023-02-24T16:12:17+00:00\" \/>\n<meta name=\"twitter:card\" content=\"summary_large_image\" \/>\n<meta name=\"twitter:site\" content=\"@NA\" \/>\n<meta name=\"twitter:label1\" content=\"Est. reading time\" \/>\n\t<meta name=\"twitter:data1\" content=\"2 minutes\" \/>\n<script type=\"application\/ld+json\" class=\"yoast-schema-graph\">{\"@context\":\"https:\/\/schema.org\",\"@graph\":[{\"@type\":\"WebPage\",\"@id\":\"https:\/\/investors.bittnet.ro\/en\/rezultate-financiare\/4q-2022\/teza-de-investitie-bnet\/\",\"url\":\"https:\/\/investors.bittnet.ro\/en\/rezultate-financiare\/4q-2022\/teza-de-investitie-bnet\/\",\"name\":\"Teza de investi\u021bie BNET\",\"isPartOf\":{\"@id\":\"https:\/\/investors.bittnet.ro\/en\/#website\"},\"datePublished\":\"2023-02-23T14:39:25+00:00\",\"dateModified\":\"2023-02-24T16:12:17+00:00\",\"description\":\"Punem la dispozi\u021bia investitorilor raportul preliminar sub form\u0103 de pagina web, u\u0219or de urm\u0103rit \u0219i navigat doar la sec\u021biunile relevante pentru fiecare cititor.\",\"breadcrumb\":{\"@id\":\"https:\/\/investors.bittnet.ro\/en\/rezultate-financiare\/4q-2022\/teza-de-investitie-bnet\/#breadcrumb\"},\"inLanguage\":\"en-US\",\"potentialAction\":[{\"@type\":\"ReadAction\",\"target\":[\"https:\/\/investors.bittnet.ro\/en\/rezultate-financiare\/4q-2022\/teza-de-investitie-bnet\/\"]}]},{\"@type\":\"BreadcrumbList\",\"@id\":\"https:\/\/investors.bittnet.ro\/en\/rezultate-financiare\/4q-2022\/teza-de-investitie-bnet\/#breadcrumb\",\"itemListElement\":[{\"@type\":\"ListItem\",\"position\":1,\"name\":\"Home\",\"item\":\"https:\/\/investors.bittnet.ro\/en\/\"},{\"@type\":\"ListItem\",\"position\":2,\"name\":\"Rezultate financiare\",\"item\":\"https:\/\/investors.bittnet.ro\/en\/rezultate-financiare\/\"},{\"@type\":\"ListItem\",\"position\":3,\"name\":\"(RO) 2022.Q4 Raport Anual (preliminar) &#8211; Scrisoare de la CEO\",\"item\":\"https:\/\/investors.bittnet.ro\/en\/rezultate-financiare\/4q-2022\/\"},{\"@type\":\"ListItem\",\"position\":4,\"name\":\"(RO) 2022.Q4 Raport Anual (preliminar) &#8211; Teza de investi\u021bie BNET\"}]},{\"@type\":\"WebSite\",\"@id\":\"https:\/\/investors.bittnet.ro\/en\/#website\",\"url\":\"https:\/\/investors.bittnet.ro\/en\/\",\"name\":\"Bittnet Investors Relations Site\",\"description\":\"Your Value. Upgraded.\",\"publisher\":{\"@id\":\"https:\/\/investors.bittnet.ro\/en\/#organization\"},\"potentialAction\":[{\"@type\":\"SearchAction\",\"target\":{\"@type\":\"EntryPoint\",\"urlTemplate\":\"https:\/\/investors.bittnet.ro\/en\/?s={search_term_string}\"},\"query-input\":\"required name=search_term_string\"}],\"inLanguage\":\"en-US\"},{\"@type\":\"Organization\",\"@id\":\"https:\/\/investors.bittnet.ro\/en\/#organization\",\"name\":\"Bittnet Group\",\"url\":\"https:\/\/investors.bittnet.ro\/en\/\",\"logo\":{\"@type\":\"ImageObject\",\"inLanguage\":\"en-US\",\"@id\":\"https:\/\/investors.bittnet.ro\/en\/#\/schema\/logo\/image\/\",\"url\":\"https:\/\/investors.bittnet.ro\/wp-content\/uploads\/2019\/05\/logo-grup.png\",\"contentUrl\":\"https:\/\/investors.bittnet.ro\/wp-content\/uploads\/2019\/05\/logo-grup.png\",\"width\":807,\"height\":442,\"caption\":\"Bittnet Group\"},\"image\":{\"@id\":\"https:\/\/investors.bittnet.ro\/en\/#\/schema\/logo\/image\/\"},\"sameAs\":[\"https:\/\/www.facebook.com\/BittnetSystems\/\",\"https:\/\/twitter.com\/NA\",\"http:\/\/na\",\"https:\/\/www.linkedin.com\/company\/bittnet-group\/\",\"https:\/\/www.youtube.com\/user\/BittnetSystems\"]}]}<\/script>\n<!-- \/ Yoast SEO plugin. -->","yoast_head_json":{"title":"Teza de investi\u021bie BNET","description":"Punem la dispozi\u021bia investitorilor raportul preliminar sub form\u0103 de pagina web, u\u0219or de urm\u0103rit \u0219i navigat doar la sec\u021biunile relevante pentru fiecare cititor.","robots":{"index":"index","follow":"follow","max-snippet":"max-snippet:-1","max-image-preview":"max-image-preview:large","max-video-preview":"max-video-preview:-1"},"canonical":"https:\/\/investors.bittnet.ro\/en\/rezultate-financiare\/4q-2022\/teza-de-investitie-bnet\/","og_locale":"en_US","og_type":"article","og_title":"Teza de investi\u021bie BNET","og_description":"Punem la dispozi\u021bia investitorilor raportul preliminar sub form\u0103 de pagina web, u\u0219or de urm\u0103rit \u0219i navigat doar la sec\u021biunile relevante pentru fiecare cititor.","og_url":"https:\/\/investors.bittnet.ro\/en\/rezultate-financiare\/4q-2022\/teza-de-investitie-bnet\/","og_site_name":"Bittnet Investors Relations Site","article_publisher":"https:\/\/www.facebook.com\/BittnetSystems\/","article_modified_time":"2023-02-24T16:12:17+00:00","twitter_card":"summary_large_image","twitter_site":"@NA","twitter_misc":{"Est. reading time":"2 minutes"},"schema":{"@context":"https:\/\/schema.org","@graph":[{"@type":"WebPage","@id":"https:\/\/investors.bittnet.ro\/en\/rezultate-financiare\/4q-2022\/teza-de-investitie-bnet\/","url":"https:\/\/investors.bittnet.ro\/en\/rezultate-financiare\/4q-2022\/teza-de-investitie-bnet\/","name":"Teza de investi\u021bie BNET","isPartOf":{"@id":"https:\/\/investors.bittnet.ro\/en\/#website"},"datePublished":"2023-02-23T14:39:25+00:00","dateModified":"2023-02-24T16:12:17+00:00","description":"Punem la dispozi\u021bia investitorilor raportul preliminar sub form\u0103 de pagina web, u\u0219or de urm\u0103rit \u0219i navigat doar la sec\u021biunile relevante pentru fiecare cititor.","breadcrumb":{"@id":"https:\/\/investors.bittnet.ro\/en\/rezultate-financiare\/4q-2022\/teza-de-investitie-bnet\/#breadcrumb"},"inLanguage":"en-US","potentialAction":[{"@type":"ReadAction","target":["https:\/\/investors.bittnet.ro\/en\/rezultate-financiare\/4q-2022\/teza-de-investitie-bnet\/"]}]},{"@type":"BreadcrumbList","@id":"https:\/\/investors.bittnet.ro\/en\/rezultate-financiare\/4q-2022\/teza-de-investitie-bnet\/#breadcrumb","itemListElement":[{"@type":"ListItem","position":1,"name":"Home","item":"https:\/\/investors.bittnet.ro\/en\/"},{"@type":"ListItem","position":2,"name":"Rezultate financiare","item":"https:\/\/investors.bittnet.ro\/en\/rezultate-financiare\/"},{"@type":"ListItem","position":3,"name":"(RO) 2022.Q4 Raport Anual (preliminar) &#8211; Scrisoare de la CEO","item":"https:\/\/investors.bittnet.ro\/en\/rezultate-financiare\/4q-2022\/"},{"@type":"ListItem","position":4,"name":"(RO) 2022.Q4 Raport Anual (preliminar) &#8211; Teza de investi\u021bie BNET"}]},{"@type":"WebSite","@id":"https:\/\/investors.bittnet.ro\/en\/#website","url":"https:\/\/investors.bittnet.ro\/en\/","name":"Bittnet Investors Relations Site","description":"Your Value. Upgraded.","publisher":{"@id":"https:\/\/investors.bittnet.ro\/en\/#organization"},"potentialAction":[{"@type":"SearchAction","target":{"@type":"EntryPoint","urlTemplate":"https:\/\/investors.bittnet.ro\/en\/?s={search_term_string}"},"query-input":"required name=search_term_string"}],"inLanguage":"en-US"},{"@type":"Organization","@id":"https:\/\/investors.bittnet.ro\/en\/#organization","name":"Bittnet Group","url":"https:\/\/investors.bittnet.ro\/en\/","logo":{"@type":"ImageObject","inLanguage":"en-US","@id":"https:\/\/investors.bittnet.ro\/en\/#\/schema\/logo\/image\/","url":"https:\/\/investors.bittnet.ro\/wp-content\/uploads\/2019\/05\/logo-grup.png","contentUrl":"https:\/\/investors.bittnet.ro\/wp-content\/uploads\/2019\/05\/logo-grup.png","width":807,"height":442,"caption":"Bittnet Group"},"image":{"@id":"https:\/\/investors.bittnet.ro\/en\/#\/schema\/logo\/image\/"},"sameAs":["https:\/\/www.facebook.com\/BittnetSystems\/","https:\/\/twitter.com\/NA","http:\/\/na","https:\/\/www.linkedin.com\/company\/bittnet-group\/","https:\/\/www.youtube.com\/user\/BittnetSystems"]}]}},"_links":{"self":[{"href":"https:\/\/investors.bittnet.ro\/en\/wp-json\/wp\/v2\/pages\/20792","targetHints":{"allow":["GET"]}}],"collection":[{"href":"https:\/\/investors.bittnet.ro\/en\/wp-json\/wp\/v2\/pages"}],"about":[{"href":"https:\/\/investors.bittnet.ro\/en\/wp-json\/wp\/v2\/types\/page"}],"author":[{"embeddable":true,"href":"https:\/\/investors.bittnet.ro\/en\/wp-json\/wp\/v2\/users\/13"}],"replies":[{"embeddable":true,"href":"https:\/\/investors.bittnet.ro\/en\/wp-json\/wp\/v2\/comments?post=20792"}],"version-history":[{"count":3,"href":"https:\/\/investors.bittnet.ro\/en\/wp-json\/wp\/v2\/pages\/20792\/revisions"}],"predecessor-version":[{"id":20822,"href":"https:\/\/investors.bittnet.ro\/en\/wp-json\/wp\/v2\/pages\/20792\/revisions\/20822"}],"up":[{"embeddable":true,"href":"https:\/\/investors.bittnet.ro\/en\/wp-json\/wp\/v2\/pages\/20752"}],"wp:attachment":[{"href":"https:\/\/investors.bittnet.ro\/en\/wp-json\/wp\/v2\/media?parent=20792"}],"curies":[{"name":"wp","href":"https:\/\/api.w.org\/{rel}","templated":true}]}}