{"id":20774,"date":"2023-02-23T16:13:19","date_gmt":"2023-02-23T14:13:19","guid":{"rendered":"https:\/\/investors.bittnet.ro\/?page_id=20774"},"modified":"2023-02-24T18:10:25","modified_gmt":"2023-02-24T16:10:25","slug":"activitatea-operationala-in-2022","status":"publish","type":"page","link":"https:\/\/investors.bittnet.ro\/en\/rezultate-financiare\/4q-2022\/analiza-situatiilor-financiare\/activitatea-operationala-in-2022\/","title":{"rendered":"(RO) 2022.Q4 Raport Anual (preliminar) &#8211; Activitatea opera\u021bional\u0103 \u00een 2022"},"content":{"rendered":"<section class=\"l-section wpb_row height_small\"><div class=\"l-section-h i-cf\"><div class=\"g-cols vc_row via_flex valign_top type_default stacking_default\"><div class=\"vc_col-sm-8 wpb_column vc_column_container\"><div class=\"vc_column-inner\"><div class=\"wpb_wrapper\"><div class=\"wpb_text_column\"><div class=\"wpb_wrapper\"><h1>Activitatea opera\u021bional\u0103 \u00een 2022<\/h1>\n<\/div><\/div><div class=\"w-separator size_medium\"><\/div><div class=\"wpb_text_column us_custom_432d3f53\"><div class=\"wpb_wrapper\"><p>La finalul anului 2022 din grupul Bittnet f\u0103ceau parte 14 companii active grupate \u00een c\u00e2teva branduri \u2013 piloni de business:<\/p>\n<p><img loading=\"lazy\" decoding=\"async\" class=\"alignnone wp-image-20873 size-full\" src=\"https:\/\/investors.bittnet.ro\/wp-content\/uploads\/2023\/02\/RO-Bittnet-Group-Raport-PRELIMINAR-2022-17.jpg\" alt=\"\" width=\"1500\" height=\"750\" srcset=\"https:\/\/investors.bittnet.ro\/wp-content\/uploads\/2023\/02\/RO-Bittnet-Group-Raport-PRELIMINAR-2022-17.jpg 1500w, https:\/\/investors.bittnet.ro\/wp-content\/uploads\/2023\/02\/RO-Bittnet-Group-Raport-PRELIMINAR-2022-17-300x150.jpg 300w, https:\/\/investors.bittnet.ro\/wp-content\/uploads\/2023\/02\/RO-Bittnet-Group-Raport-PRELIMINAR-2022-17-1024x512.jpg 1024w\" sizes=\"auto, (max-width: 1500px) 100vw, 1500px\" \/><\/p>\n<p>\u00cen data de 10 februarie am publicat raportul \u201e<a href=\"https:\/\/investors.bittnet.ro\/ro\/rezultate-financiare\/proforma-4q-22\/\">2022 Rezultate Pro-Forma Bittnet Group<\/a>\u201d care include \u0219i o analiz\u0103 a fiec\u0103reia dintre companiile grupului \/ fiec\u0103rui pilon din activitatea noastr\u0103, pe care v\u0103 invit s\u0103 \u00eel (re)citi\u021bi. Unul din mesajele cheie este c\u0103 structura divers\u0103 a grupului (companii cu portofolii diferite, stadii diferite de dezvoltare a firmei, etc) confer\u0103 fiec\u0103rei companii dar \u0219i grupului \u00een \u00eentregime o rezilien\u021b\u0103 aparte \u2013 un pas din c\u0103l\u0103toria c\u0103tre antifragilitate. Unele linii de activitate au avut un an bun, altele un an mai slab \u2013 lucru natural s\u0103 se \u00eent\u00e2mple, iar asta ne permite ca fluctua\u021biile consolidate anuale s\u0103 fie mai mici. Poate mai important, ne permite s\u0103 construim \u00een lini\u0219te procesele care vor continua s\u0103 produc\u0103 valoare pe termen lung. Reiau c\u00e2teva idei esen\u021biale care ilustreaz\u0103 excelen\u021ba opera\u021bional\u0103 a grupului:<\/p>\n<ul>\n<li>Combina\u021bia dintre recrutarea a 90 de noi colegi (aproximativ unul la trei zile lucr\u0103toare) \u0219i o fluctua\u021bie a personalului de 15%, mult sub media industriei, ne-a ajutat s\u0103 dep\u0103\u0219im 400 de membri ai echipei, \u00een cele 10 birouri la nivel na\u021bional.<\/li>\n<li>Num\u0103rul de cursan\u021bi instrui\u021bi de colegii de la Bittnet Training reconfirm\u0103 statutul de lider incontestabil al pie\u021bei: 6.000 cursan\u021bi, 530 sesiuni de curs (12 sesiuni de curs pe s\u0103pt\u0103m\u00e2n\u0103, cu o medie de 12 cursan\u021bi pe curs) \u2013 aproape o dublare fa\u021b\u0103 de 2021.<\/li>\n<li>Colegii de la Optimizor au preluat 5.500 de tichete, iar dintre acestea, 99,99% au fost preluate \u00een SLA (Service Level Agreement) \u0219i au salvat peste 5.000 ore de interven\u021bie uman\u0103 prin automatiz\u0103rile implementate clien\u021bilor.<\/li>\n<li>Colegii de la Fort au lucrat peste 60.000 ore pentru siguran\u021ba clien\u021bilor no\u0219tri: +50% proiecte de audit de securitate \u0219i +35% proiecte de consultan\u021b\u0103 de securitate.<\/li>\n<li>Colegii de la <a href=\"https:\/\/www.dendrio.com\/\">Dendrio<\/a> au livrat cu 60% mai multe proiecte Cisco cu componente de securitate comparativ cu anul precedent.<\/li>\n<li>Colegii de la <a href=\"https:\/\/www.elian-solutions.ro\/\">Elian<\/a> \u0219i-au dublat echipa pentru a putea livra cel pu\u021bin 1 go-live \/lun\u0103, \u00eenregistr\u00e2nd astfel cele mai multe proiecte livrate \u00eentr-un an.<\/li>\n<\/ul>\n<p><strong>\u00cen acest moment, credem c\u0103, la nivel de grup, profitul opera\u021bional nu este reprezentativ pentru ce consider\u0103m c\u0103 organiza\u021bia POATE si TREBUIE s\u0103 livreze.<\/strong> De\u0219i profitul opera\u021bional consolidat IFRS a crescut fa\u021ba de 2021, el este mai mic \u00een termeni comparabili (pro-forma &#8211; \u021bin\u00e2nd cont de rezultatele TopTech \u0219i 2Net din 2021) fa\u021b\u0103 de profitul anului 2021 sau cel bugetat. Mai jos sunt factorii care au contribuit la \u00eenregistrarea unui profit opera\u021bional sub cel bugetat:<\/p>\n<ul>\n<li>cre\u0219terea costurilor cu echipa, determinate de nivelul ridicat al infla\u021biei,<\/li>\n<li>\u00eent\u00e2rzieri ale livr\u0103rilor de c\u0103tre furnizorilor, ceea ce a generat un grad de \u00eenc\u0103rcare mai mic comparativ cu cel din 2021 (echipa de livrare este considerat\u0103 integral drept cost al livr\u0103rilor) \u2013 \u0219i deci o reducere a marjei brute ca procent din cifra de afaceri.<\/li>\n<li>cre\u0219terea echipei de suport v\u00e2nz\u0103ri (customer support, customer success, sales development) care va putea sus\u021bine cre\u0219terile de anul acesta \u0219i din viitorii ani. Acest lucru merit\u0103 subliniat: fiecare trecere de la un nivel de dimensiune la altul, genereaz\u0103 o treapt\u0103 de cre\u0219tere a costurilor fixe (indirecte). Dac\u0103 dimensiunea \u0219i compozi\u021bia echipei sunt \u00eens\u0103 corect alease, \u00een perioada urmatoare (1-3 ani) urmeaz\u0103 o cre\u0219tere a profiturilor opera\u021bionale mult mai accelerat\u0103 dec\u00e2t cea a marjei brute, ca urmare a \u201emultiplicatorului opera\u021bional\u201d.<\/li>\n<\/ul>\n<\/div><\/div><div class=\"w-separator size_huge\"><\/div><\/div><\/div><\/div><div class=\"vc_col-sm-4 wpb_column vc_column_container\"><div class=\"vc_column-inner\"><div class=\"wpb_wrapper\"><div class=\"w-separator size_small\"><\/div><nav class=\"w-menu layout_ver style_blocks us_menu_1 with_children\" style=\"--main-gap:1.5rem;--main-ver-indent:0.8em;--main-hor-indent:0.8em;--main-bg-color:#f5f5f5;--main-color:inherit;--main-hover-bg-color:#8dbe65;--main-hover-color:#ffffff;--main-active-bg-color:#8dbe65;--main-active-color:#ffffff;--sub-gap:5px;\"><ul id=\"menu-ro-2022-q4-raport-anual-preliminar\" class=\"menu\"><li id=\"menu-item-20811\" class=\"menu-item menu-item-type-post_type menu-item-object-page menu-item-20811\"><a href=\"https:\/\/investors.bittnet.ro\/abonare-newsletter\/\">Newsletter subscription<\/a><\/li><\/ul><style>@media ( max-width:600px ){.us_menu_1 .menu{display:block!important}.us_menu_1 .menu>li:not(:last-child){margin:0 0 var(--main-gap,1.5rem)!important}}<\/style><\/nav><\/div><\/div><\/div><\/div><\/div><\/section>\n","protected":false},"excerpt":{"rendered":"Activitatea opera\u021bional\u0103 \u00een 2022 La finalul anului 2022 din grupul Bittnet f\u0103ceau parte 14 companii active grupate \u00een c\u00e2teva branduri \u2013 piloni de business: \u00cen data de 10 februarie am publicat raportul \u201e2022 Rezultate Pro-Forma Bittnet Group\u201d care include \u0219i o analiz\u0103 a fiec\u0103reia dintre companiile grupului \/ fiec\u0103rui pilon din activitatea noastr\u0103, pe care...","protected":false},"author":13,"featured_media":0,"parent":20768,"menu_order":1,"comment_status":"closed","ping_status":"closed","template":"","meta":{"footnotes":""},"class_list":["post-20774","page","type-page","status-publish","hentry"],"yoast_head":"<!-- This site is optimized with the Yoast SEO plugin v20.8 - https:\/\/yoast.com\/wordpress\/plugins\/seo\/ -->\n<title>Activitatea opera\u021bional\u0103 \u00een 2022<\/title>\n<meta name=\"description\" content=\"Punem la dispozi\u021bia investitorilor raportul preliminar sub form\u0103 de pagina web, u\u0219or de urm\u0103rit \u0219i navigat doar la sec\u021biunile relevante pentru fiecare cititor.\" \/>\n<meta name=\"robots\" content=\"index, follow, max-snippet:-1, max-image-preview:large, max-video-preview:-1\" \/>\n<link rel=\"canonical\" href=\"https:\/\/investors.bittnet.ro\/en\/rezultate-financiare\/4q-2022\/analiza-situatiilor-financiare\/activitatea-operationala-in-2022\/\" \/>\n<meta property=\"og:locale\" content=\"en_US\" \/>\n<meta property=\"og:type\" content=\"article\" \/>\n<meta property=\"og:title\" content=\"Activitatea opera\u021bional\u0103 \u00een 2022\" \/>\n<meta property=\"og:description\" content=\"Punem la dispozi\u021bia investitorilor raportul preliminar sub form\u0103 de pagina web, u\u0219or de urm\u0103rit \u0219i navigat doar la sec\u021biunile relevante pentru fiecare cititor.\" \/>\n<meta property=\"og:url\" content=\"https:\/\/investors.bittnet.ro\/en\/rezultate-financiare\/4q-2022\/analiza-situatiilor-financiare\/activitatea-operationala-in-2022\/\" \/>\n<meta property=\"og:site_name\" content=\"Bittnet Investors Relations Site\" \/>\n<meta property=\"article:publisher\" content=\"https:\/\/www.facebook.com\/BittnetSystems\/\" \/>\n<meta property=\"article:modified_time\" content=\"2023-02-24T16:10:25+00:00\" \/>\n<meta property=\"og:image\" content=\"https:\/\/investors.bittnet.ro\/wp-content\/uploads\/2023\/02\/RO-Bittnet-Group-Raport-PRELIMINAR-2022-17.jpg\" \/>\n<meta name=\"twitter:card\" content=\"summary_large_image\" \/>\n<meta name=\"twitter:site\" content=\"@NA\" \/>\n<meta name=\"twitter:label1\" content=\"Est. reading time\" \/>\n\t<meta name=\"twitter:data1\" content=\"3 minutes\" \/>\n<script type=\"application\/ld+json\" class=\"yoast-schema-graph\">{\"@context\":\"https:\/\/schema.org\",\"@graph\":[{\"@type\":\"WebPage\",\"@id\":\"https:\/\/investors.bittnet.ro\/en\/rezultate-financiare\/4q-2022\/analiza-situatiilor-financiare\/activitatea-operationala-in-2022\/\",\"url\":\"https:\/\/investors.bittnet.ro\/en\/rezultate-financiare\/4q-2022\/analiza-situatiilor-financiare\/activitatea-operationala-in-2022\/\",\"name\":\"Activitatea opera\u021bional\u0103 \u00een 2022\",\"isPartOf\":{\"@id\":\"https:\/\/investors.bittnet.ro\/en\/#website\"},\"datePublished\":\"2023-02-23T14:13:19+00:00\",\"dateModified\":\"2023-02-24T16:10:25+00:00\",\"description\":\"Punem la dispozi\u021bia investitorilor raportul preliminar sub form\u0103 de pagina web, u\u0219or de urm\u0103rit \u0219i navigat doar la sec\u021biunile relevante pentru fiecare cititor.\",\"breadcrumb\":{\"@id\":\"https:\/\/investors.bittnet.ro\/en\/rezultate-financiare\/4q-2022\/analiza-situatiilor-financiare\/activitatea-operationala-in-2022\/#breadcrumb\"},\"inLanguage\":\"en-US\",\"potentialAction\":[{\"@type\":\"ReadAction\",\"target\":[\"https:\/\/investors.bittnet.ro\/en\/rezultate-financiare\/4q-2022\/analiza-situatiilor-financiare\/activitatea-operationala-in-2022\/\"]}]},{\"@type\":\"BreadcrumbList\",\"@id\":\"https:\/\/investors.bittnet.ro\/en\/rezultate-financiare\/4q-2022\/analiza-situatiilor-financiare\/activitatea-operationala-in-2022\/#breadcrumb\",\"itemListElement\":[{\"@type\":\"ListItem\",\"position\":1,\"name\":\"Home\",\"item\":\"https:\/\/investors.bittnet.ro\/en\/\"},{\"@type\":\"ListItem\",\"position\":2,\"name\":\"Rezultate financiare\",\"item\":\"https:\/\/investors.bittnet.ro\/en\/rezultate-financiare\/\"},{\"@type\":\"ListItem\",\"position\":3,\"name\":\"(RO) 2022.Q4 Raport Anual (preliminar) &#8211; Scrisoare de la CEO\",\"item\":\"https:\/\/investors.bittnet.ro\/en\/rezultate-financiare\/4q-2022\/\"},{\"@type\":\"ListItem\",\"position\":4,\"name\":\"(RO) 2022.Q4 Raport Anual (preliminar) &#8211; Analiza Situa\u021biilor Financiare\",\"item\":\"https:\/\/investors.bittnet.ro\/en\/rezultate-financiare\/4q-2022\/analiza-situatiilor-financiare\/\"},{\"@type\":\"ListItem\",\"position\":5,\"name\":\"(RO) 2022.Q4 Raport Anual (preliminar) &#8211; Activitatea opera\u021bional\u0103 \u00een 2022\"}]},{\"@type\":\"WebSite\",\"@id\":\"https:\/\/investors.bittnet.ro\/en\/#website\",\"url\":\"https:\/\/investors.bittnet.ro\/en\/\",\"name\":\"Bittnet Investors Relations Site\",\"description\":\"Your Value. Upgraded.\",\"publisher\":{\"@id\":\"https:\/\/investors.bittnet.ro\/en\/#organization\"},\"potentialAction\":[{\"@type\":\"SearchAction\",\"target\":{\"@type\":\"EntryPoint\",\"urlTemplate\":\"https:\/\/investors.bittnet.ro\/en\/?s={search_term_string}\"},\"query-input\":\"required name=search_term_string\"}],\"inLanguage\":\"en-US\"},{\"@type\":\"Organization\",\"@id\":\"https:\/\/investors.bittnet.ro\/en\/#organization\",\"name\":\"Bittnet Group\",\"url\":\"https:\/\/investors.bittnet.ro\/en\/\",\"logo\":{\"@type\":\"ImageObject\",\"inLanguage\":\"en-US\",\"@id\":\"https:\/\/investors.bittnet.ro\/en\/#\/schema\/logo\/image\/\",\"url\":\"https:\/\/investors.bittnet.ro\/wp-content\/uploads\/2019\/05\/logo-grup.png\",\"contentUrl\":\"https:\/\/investors.bittnet.ro\/wp-content\/uploads\/2019\/05\/logo-grup.png\",\"width\":807,\"height\":442,\"caption\":\"Bittnet Group\"},\"image\":{\"@id\":\"https:\/\/investors.bittnet.ro\/en\/#\/schema\/logo\/image\/\"},\"sameAs\":[\"https:\/\/www.facebook.com\/BittnetSystems\/\",\"https:\/\/twitter.com\/NA\",\"http:\/\/na\",\"https:\/\/www.linkedin.com\/company\/bittnet-group\/\",\"https:\/\/www.youtube.com\/user\/BittnetSystems\"]}]}<\/script>\n<!-- \/ Yoast SEO plugin. -->","yoast_head_json":{"title":"Activitatea opera\u021bional\u0103 \u00een 2022","description":"Punem la dispozi\u021bia investitorilor raportul preliminar sub form\u0103 de pagina web, u\u0219or de urm\u0103rit \u0219i navigat doar la sec\u021biunile relevante pentru fiecare cititor.","robots":{"index":"index","follow":"follow","max-snippet":"max-snippet:-1","max-image-preview":"max-image-preview:large","max-video-preview":"max-video-preview:-1"},"canonical":"https:\/\/investors.bittnet.ro\/en\/rezultate-financiare\/4q-2022\/analiza-situatiilor-financiare\/activitatea-operationala-in-2022\/","og_locale":"en_US","og_type":"article","og_title":"Activitatea opera\u021bional\u0103 \u00een 2022","og_description":"Punem la dispozi\u021bia investitorilor raportul preliminar sub form\u0103 de pagina web, u\u0219or de urm\u0103rit \u0219i navigat doar la sec\u021biunile relevante pentru fiecare cititor.","og_url":"https:\/\/investors.bittnet.ro\/en\/rezultate-financiare\/4q-2022\/analiza-situatiilor-financiare\/activitatea-operationala-in-2022\/","og_site_name":"Bittnet Investors Relations Site","article_publisher":"https:\/\/www.facebook.com\/BittnetSystems\/","article_modified_time":"2023-02-24T16:10:25+00:00","og_image":[{"url":"https:\/\/investors.bittnet.ro\/wp-content\/uploads\/2023\/02\/RO-Bittnet-Group-Raport-PRELIMINAR-2022-17.jpg"}],"twitter_card":"summary_large_image","twitter_site":"@NA","twitter_misc":{"Est. reading time":"3 minutes"},"schema":{"@context":"https:\/\/schema.org","@graph":[{"@type":"WebPage","@id":"https:\/\/investors.bittnet.ro\/en\/rezultate-financiare\/4q-2022\/analiza-situatiilor-financiare\/activitatea-operationala-in-2022\/","url":"https:\/\/investors.bittnet.ro\/en\/rezultate-financiare\/4q-2022\/analiza-situatiilor-financiare\/activitatea-operationala-in-2022\/","name":"Activitatea opera\u021bional\u0103 \u00een 2022","isPartOf":{"@id":"https:\/\/investors.bittnet.ro\/en\/#website"},"datePublished":"2023-02-23T14:13:19+00:00","dateModified":"2023-02-24T16:10:25+00:00","description":"Punem la dispozi\u021bia investitorilor raportul preliminar sub form\u0103 de pagina web, u\u0219or de urm\u0103rit \u0219i navigat doar la sec\u021biunile relevante pentru fiecare cititor.","breadcrumb":{"@id":"https:\/\/investors.bittnet.ro\/en\/rezultate-financiare\/4q-2022\/analiza-situatiilor-financiare\/activitatea-operationala-in-2022\/#breadcrumb"},"inLanguage":"en-US","potentialAction":[{"@type":"ReadAction","target":["https:\/\/investors.bittnet.ro\/en\/rezultate-financiare\/4q-2022\/analiza-situatiilor-financiare\/activitatea-operationala-in-2022\/"]}]},{"@type":"BreadcrumbList","@id":"https:\/\/investors.bittnet.ro\/en\/rezultate-financiare\/4q-2022\/analiza-situatiilor-financiare\/activitatea-operationala-in-2022\/#breadcrumb","itemListElement":[{"@type":"ListItem","position":1,"name":"Home","item":"https:\/\/investors.bittnet.ro\/en\/"},{"@type":"ListItem","position":2,"name":"Rezultate financiare","item":"https:\/\/investors.bittnet.ro\/en\/rezultate-financiare\/"},{"@type":"ListItem","position":3,"name":"(RO) 2022.Q4 Raport Anual (preliminar) &#8211; Scrisoare de la CEO","item":"https:\/\/investors.bittnet.ro\/en\/rezultate-financiare\/4q-2022\/"},{"@type":"ListItem","position":4,"name":"(RO) 2022.Q4 Raport Anual (preliminar) &#8211; Analiza Situa\u021biilor Financiare","item":"https:\/\/investors.bittnet.ro\/en\/rezultate-financiare\/4q-2022\/analiza-situatiilor-financiare\/"},{"@type":"ListItem","position":5,"name":"(RO) 2022.Q4 Raport Anual (preliminar) &#8211; Activitatea opera\u021bional\u0103 \u00een 2022"}]},{"@type":"WebSite","@id":"https:\/\/investors.bittnet.ro\/en\/#website","url":"https:\/\/investors.bittnet.ro\/en\/","name":"Bittnet Investors Relations Site","description":"Your Value. Upgraded.","publisher":{"@id":"https:\/\/investors.bittnet.ro\/en\/#organization"},"potentialAction":[{"@type":"SearchAction","target":{"@type":"EntryPoint","urlTemplate":"https:\/\/investors.bittnet.ro\/en\/?s={search_term_string}"},"query-input":"required name=search_term_string"}],"inLanguage":"en-US"},{"@type":"Organization","@id":"https:\/\/investors.bittnet.ro\/en\/#organization","name":"Bittnet Group","url":"https:\/\/investors.bittnet.ro\/en\/","logo":{"@type":"ImageObject","inLanguage":"en-US","@id":"https:\/\/investors.bittnet.ro\/en\/#\/schema\/logo\/image\/","url":"https:\/\/investors.bittnet.ro\/wp-content\/uploads\/2019\/05\/logo-grup.png","contentUrl":"https:\/\/investors.bittnet.ro\/wp-content\/uploads\/2019\/05\/logo-grup.png","width":807,"height":442,"caption":"Bittnet Group"},"image":{"@id":"https:\/\/investors.bittnet.ro\/en\/#\/schema\/logo\/image\/"},"sameAs":["https:\/\/www.facebook.com\/BittnetSystems\/","https:\/\/twitter.com\/NA","http:\/\/na","https:\/\/www.linkedin.com\/company\/bittnet-group\/","https:\/\/www.youtube.com\/user\/BittnetSystems"]}]}},"_links":{"self":[{"href":"https:\/\/investors.bittnet.ro\/en\/wp-json\/wp\/v2\/pages\/20774","targetHints":{"allow":["GET"]}}],"collection":[{"href":"https:\/\/investors.bittnet.ro\/en\/wp-json\/wp\/v2\/pages"}],"about":[{"href":"https:\/\/investors.bittnet.ro\/en\/wp-json\/wp\/v2\/types\/page"}],"author":[{"embeddable":true,"href":"https:\/\/investors.bittnet.ro\/en\/wp-json\/wp\/v2\/users\/13"}],"replies":[{"embeddable":true,"href":"https:\/\/investors.bittnet.ro\/en\/wp-json\/wp\/v2\/comments?post=20774"}],"version-history":[{"count":6,"href":"https:\/\/investors.bittnet.ro\/en\/wp-json\/wp\/v2\/pages\/20774\/revisions"}],"predecessor-version":[{"id":20877,"href":"https:\/\/investors.bittnet.ro\/en\/wp-json\/wp\/v2\/pages\/20774\/revisions\/20877"}],"up":[{"embeddable":true,"href":"https:\/\/investors.bittnet.ro\/en\/wp-json\/wp\/v2\/pages\/20768"}],"wp:attachment":[{"href":"https:\/\/investors.bittnet.ro\/en\/wp-json\/wp\/v2\/media?parent=20774"}],"curies":[{"name":"wp","href":"https:\/\/api.w.org\/{rel}","templated":true}]}}