{"id":20199,"date":"2023-02-07T07:51:50","date_gmt":"2023-02-07T05:51:50","guid":{"rendered":"https:\/\/investors.bittnet.ro\/?page_id=20199"},"modified":"2023-02-23T13:06:17","modified_gmt":"2023-02-23T11:06:17","slug":"anexa-1-alternative-performance-measurements-despre-indicatorii-alternativi-de-performanta","status":"publish","type":"page","link":"https:\/\/investors.bittnet.ro\/en\/rezultate-financiare\/proforma-4q-22\/anexa-1-alternative-performance-measurements-despre-indicatorii-alternativi-de-performanta\/","title":{"rendered":"(RO) 2022.Q4 Rezultate Pro-Forma &#8211; Anexa 1 \u2013 \u201cAlternative Performance Measurements\u201d despre indicatorii alternativi de performanta"},"content":{"rendered":"<section class=\"l-section wpb_row height_small\"><div class=\"l-section-h i-cf\"><div class=\"g-cols vc_row via_flex valign_top type_default stacking_default\"><div class=\"vc_col-sm-8 wpb_column vc_column_container\"><div class=\"vc_column-inner\"><div class=\"wpb_wrapper\"><div class=\"wpb_text_column\"><div class=\"wpb_wrapper\"><h1>Anexa 1 \u2013 \u201cAlternative Performance Measurements\u201d despre indicatorii alternativi de performanta<\/h1>\n<\/div><\/div><div class=\"w-separator size_medium\"><\/div><div class=\"wpb_text_column us_custom_7fe04f8a has_text_color\" id=\"first_wpb_text_column\"><div class=\"wpb_wrapper\"><p>Ghidurile ESMA solicit\u0103 s\u0103 explic\u0103m orice indicator pe care \u00eel folosim \u00een evaluarea rezultatelor financiare sau non financiare ale companiei, dac\u0103 acest indicator nu se reg\u0103se\u0219te in standardele IFRS sau XBRL publicate de ESEF. \u00cen cazul rapoartelor noastre financiare, folosim urm\u0103torii indicatori:<\/p>\n<\/div><\/div><div class=\"w-separator size_small\"><\/div><div class=\"wpb_text_column us_custom_432d3f53\"><div class=\"wpb_wrapper\"><table width=\"661\">\n<tbody>\n<tr style=\"background-color: #97bd6f;\">\n<td valign=\"top \" width=\"94\"><strong>Indicator<\/strong><\/td>\n<td valign=\"top \" width=\"312\"><strong>Defini\u021bie \/ Mod de calcul<\/strong><\/td>\n<td valign=\"top \" width=\"255\"><strong>De ce este relevant<\/strong><\/td>\n<\/tr>\n<tr>\n<td valign=\"top \" width=\"94\"><strong>Profit Opera\u021bional<\/strong><\/td>\n<td valign=\"top \" width=\"312\">Este vorba despre profitul activit\u0103\u021bii de baz\u0103, activit\u0103\u021bii de a ne deservi clien\u021bii.<\/p>\n<p>Ia \u00een calcul toate veniturile \u0219i cheltuielile asociate activit\u0103\u021bii curente \u0219i ignor\u0103 veniturile \u0219i cheltuielile financiare, sau cele legate de activitatea de tip holding (a grupului, existen\u021ba noastr\u0103 ca \u0219i companie listat\u0103).<\/p>\n<p>Se ob\u021bine elimin\u00e2nd din rezultatele fiec\u0103rei linii de business elementele de venituri si cheltuieli (cash sau non cash) care nu au de-a face cu activitatea curent\u0103.<\/p>\n<p>Cele mai semnificative ajust\u0103ri (diferen\u021be \u00eentre profitul brut \u0219i Profitul Opera\u021bional) sunt:<\/p>\n<p>1.\u00a0\u00a0\u00a0\u00a0\u00a0\u00a0\u00a0 Eliminarea rezultatului financiar (adunarea la profitul brut a cheltuielilor \u0219i sc\u0103derea veniturilor de tip financiar)<\/p>\n<p>2.\u00a0\u00a0\u00a0\u00a0\u00a0\u00a0\u00a0 Eliminarea ajust\u0103rilor IFRS, non-cash, legate de Stock Option Plan<\/p>\n<p>3.\u00a0\u00a0\u00a0\u00a0\u00a0\u00a0\u00a0 Eliminarea pozitiei \u201calte venituri\u201d si a pozitiei \u201calte cheltuieli\u201d<\/p>\n<p>&nbsp;<\/td>\n<td valign=\"top \" width=\"255\">Activitatea opera\u021bional\u0103 (numita si \u201acurenta\u2019 sau \u201ade baza\u2019 ) reprezint\u0103 afacerile companiei.<\/p>\n<p>Astfel se m\u0103soar\u0103 performanta si activitatea afacerilor versus concurenta, indiferent de mediul de taxare, de cadrul contabil de raportare sau de modul de finan\u021bare al societ\u0103\u021bii (mixul dintre capitaluri proprii si \u00eemprumutate, costurile de men\u021binere la cota bursei, etc).<\/p>\n<p>Cu alte cuvinte, acesta este rezultatul pe care compania (sau fiecare segment de business) l-ar avea daca ar opera ca o companie finan\u021bat\u0103 integral din surse proprii (din \u201eequity\u201d \u2013 capitalurile ac\u021bionarilor).<\/p>\n<p>&nbsp;<\/td>\n<\/tr>\n<tr>\n<td width=\"94\"><strong>\u201eMarja Bruta\u201d, sau <\/strong><\/p>\n<p><strong>\u201egross margin\u201d , sau <\/strong><\/p>\n<p><strong>\u201eGM\u201d sau \u201dmarja\u201d <\/strong><\/td>\n<td width=\"312\">Formula de calcul a acestui indicator este \u201eVenituri MINUS cheltuieli directe\u201d (\u201erevenue minus COGS (cost of goods sold)\u201d).<\/p>\n<p>Astfel, din facturile emise clien\u021bilor, se scade valoarea cheltuielilor direct asociabile acelor proiecte (ob\u021binerii acelor venituri). \u00cen cazul proiectelor de rev\u00e2nzare licen\u021be software, cump\u0103r\u0103m o licen\u021b\u0103 cu 90 lei si o vindem c\u0103tre client cu 100 lei. Diferen\u021ba este \u201eMarja Bruta\u201d (sau \u201eGross Margin\u201d) .<\/p>\n<p>\u00cen cazul \u00een care factur\u0103m unui client servicii de implementare a unui proiect de cloud, marja brut\u0103 reprezint\u0103 diferen\u021ba dintre veniturile facturate c\u0103tre client \u0219i costul pentru orele \u2013 om necesare implement\u0103rii, indiferent daca inginerul care realizeaz\u0103 implementarea ne este angajat sau un subcontractor.<\/td>\n<td width=\"255\">Acest indicator este \u201ePIB\u201d ul companiei, este \u201evaloarea ad\u0103ugat\u0103\u201d pe care noi o producem pentru partenerii no\u0219tri.<\/p>\n<p>Acest indicator reflect\u0103 nu doar ce valoare aducem clien\u021bilor, dar, \u00eentorc\u00e2ndu-ne privirea spre interiorul companiei, reflect\u0103 sumele de bani pe care le avem la dispozi\u021bie pentru a acoperi cheltuielile fixe.<\/td>\n<\/tr>\n<\/tbody>\n<\/table>\n<\/div><\/div><\/div><\/div><\/div><div class=\"vc_col-sm-4 wpb_column vc_column_container\"><div class=\"vc_column-inner\"><div class=\"wpb_wrapper\"><div class=\"w-separator size_small\"><\/div><nav class=\"w-menu layout_ver style_blocks us_menu_1 with_children\" style=\"--main-gap:1.5rem;--main-ver-indent:0.8em;--main-hor-indent:0.8em;--main-bg-color:#f5f5f5;--main-color:inherit;--main-hover-bg-color:#8dbe65;--main-hover-color:#ffffff;--main-active-bg-color:#8dbe65;--main-active-color:#ffffff;--sub-gap:5px;\"><ul id=\"menu-ro-2022-q4-rezultate-pro-forma\" class=\"menu\"><li id=\"menu-item-20220\" class=\"menu-item menu-item-type-post_type menu-item-object-page menu-item-20220\"><a href=\"https:\/\/investors.bittnet.ro\/abonare-newsletter\/\">Newsletter subscription<\/a><\/li><\/ul><style>@media ( max-width:600px ){.us_menu_1 .menu{display:block!important}.us_menu_1 .menu>li:not(:last-child){margin:0 0 var(--main-gap,1.5rem)!important}}<\/style><\/nav><\/div><\/div><\/div><\/div><\/div><\/section>\n","protected":false},"excerpt":{"rendered":"Anexa 1 \u2013 \u201cAlternative Performance Measurements\u201d despre indicatorii alternativi de performanta Ghidurile ESMA solicit\u0103 s\u0103 explic\u0103m orice indicator pe care \u00eel folosim \u00een evaluarea rezultatelor financiare sau non financiare ale companiei, dac\u0103 acest indicator nu se reg\u0103se\u0219te in standardele IFRS sau XBRL publicate de ESEF. \u00cen cazul rapoartelor noastre financiare, folosim urm\u0103torii indicatori: Indicator Defini\u021bie...","protected":false},"author":13,"featured_media":0,"parent":20115,"menu_order":1,"comment_status":"closed","ping_status":"closed","template":"","meta":{"footnotes":""},"class_list":["post-20199","page","type-page","status-publish","hentry"],"yoast_head":"<!-- This site is optimized with the Yoast SEO plugin v20.8 - https:\/\/yoast.com\/wordpress\/plugins\/seo\/ -->\n<title>Rezultate Pro-Forma Bittnet Group 2022<\/title>\n<meta name=\"description\" content=\"Punem la dispozi\u021bia investitorilor raportul preliminar sub form\u0103 de pagina web, u\u0219or de urm\u0103rit \u0219i navigat doar la sec\u021biunile relevante pentru fiecare cititor.\" \/>\n<meta name=\"robots\" content=\"index, follow, max-snippet:-1, max-image-preview:large, max-video-preview:-1\" \/>\n<link rel=\"canonical\" href=\"https:\/\/investors.bittnet.ro\/en\/rezultate-financiare\/proforma-4q-22\/anexa-1-alternative-performance-measurements-despre-indicatorii-alternativi-de-performanta\/\" \/>\n<meta property=\"og:locale\" content=\"en_US\" \/>\n<meta property=\"og:type\" content=\"article\" \/>\n<meta property=\"og:title\" content=\"Rezultate Pro-Forma Bittnet Group 2022\" \/>\n<meta property=\"og:description\" content=\"Punem la dispozi\u021bia investitorilor raportul preliminar sub form\u0103 de pagina web, u\u0219or de urm\u0103rit \u0219i navigat doar la sec\u021biunile relevante pentru fiecare cititor.\" \/>\n<meta property=\"og:url\" content=\"https:\/\/investors.bittnet.ro\/en\/rezultate-financiare\/proforma-4q-22\/anexa-1-alternative-performance-measurements-despre-indicatorii-alternativi-de-performanta\/\" \/>\n<meta property=\"og:site_name\" content=\"Bittnet Investors Relations Site\" \/>\n<meta property=\"article:publisher\" content=\"https:\/\/www.facebook.com\/BittnetSystems\/\" \/>\n<meta property=\"article:modified_time\" content=\"2023-02-23T11:06:17+00:00\" \/>\n<meta name=\"twitter:card\" content=\"summary_large_image\" \/>\n<meta name=\"twitter:site\" content=\"@NA\" \/>\n<meta name=\"twitter:label1\" content=\"Est. reading time\" \/>\n\t<meta name=\"twitter:data1\" content=\"2 minutes\" \/>\n<script type=\"application\/ld+json\" class=\"yoast-schema-graph\">{\"@context\":\"https:\/\/schema.org\",\"@graph\":[{\"@type\":\"WebPage\",\"@id\":\"https:\/\/investors.bittnet.ro\/en\/rezultate-financiare\/proforma-4q-22\/anexa-1-alternative-performance-measurements-despre-indicatorii-alternativi-de-performanta\/\",\"url\":\"https:\/\/investors.bittnet.ro\/en\/rezultate-financiare\/proforma-4q-22\/anexa-1-alternative-performance-measurements-despre-indicatorii-alternativi-de-performanta\/\",\"name\":\"Rezultate Pro-Forma Bittnet Group 2022\",\"isPartOf\":{\"@id\":\"https:\/\/investors.bittnet.ro\/en\/#website\"},\"datePublished\":\"2023-02-07T05:51:50+00:00\",\"dateModified\":\"2023-02-23T11:06:17+00:00\",\"description\":\"Punem la dispozi\u021bia investitorilor raportul preliminar sub form\u0103 de pagina web, u\u0219or de urm\u0103rit \u0219i navigat doar la sec\u021biunile relevante pentru fiecare cititor.\",\"breadcrumb\":{\"@id\":\"https:\/\/investors.bittnet.ro\/en\/rezultate-financiare\/proforma-4q-22\/anexa-1-alternative-performance-measurements-despre-indicatorii-alternativi-de-performanta\/#breadcrumb\"},\"inLanguage\":\"en-US\",\"potentialAction\":[{\"@type\":\"ReadAction\",\"target\":[\"https:\/\/investors.bittnet.ro\/en\/rezultate-financiare\/proforma-4q-22\/anexa-1-alternative-performance-measurements-despre-indicatorii-alternativi-de-performanta\/\"]}]},{\"@type\":\"BreadcrumbList\",\"@id\":\"https:\/\/investors.bittnet.ro\/en\/rezultate-financiare\/proforma-4q-22\/anexa-1-alternative-performance-measurements-despre-indicatorii-alternativi-de-performanta\/#breadcrumb\",\"itemListElement\":[{\"@type\":\"ListItem\",\"position\":1,\"name\":\"Home\",\"item\":\"https:\/\/investors.bittnet.ro\/en\/\"},{\"@type\":\"ListItem\",\"position\":2,\"name\":\"Rezultate financiare\",\"item\":\"https:\/\/investors.bittnet.ro\/en\/rezultate-financiare\/\"},{\"@type\":\"ListItem\",\"position\":3,\"name\":\"(RO) 2022.Q4 Rezultate Pro-Forma &#8211; Rezultate Pro-Forma Bittnet Group 2022 &#8211; Scrisoare de la Cristian Logofatu\",\"item\":\"https:\/\/investors.bittnet.ro\/en\/rezultate-financiare\/proforma-4q-22\/\"},{\"@type\":\"ListItem\",\"position\":4,\"name\":\"(RO) 2022.Q4 Rezultate Pro-Forma &#8211; Anexa 1 \u2013 \u201cAlternative Performance Measurements\u201d despre indicatorii alternativi de performanta\"}]},{\"@type\":\"WebSite\",\"@id\":\"https:\/\/investors.bittnet.ro\/en\/#website\",\"url\":\"https:\/\/investors.bittnet.ro\/en\/\",\"name\":\"Bittnet Investors Relations Site\",\"description\":\"Your Value. Upgraded.\",\"publisher\":{\"@id\":\"https:\/\/investors.bittnet.ro\/en\/#organization\"},\"potentialAction\":[{\"@type\":\"SearchAction\",\"target\":{\"@type\":\"EntryPoint\",\"urlTemplate\":\"https:\/\/investors.bittnet.ro\/en\/?s={search_term_string}\"},\"query-input\":\"required name=search_term_string\"}],\"inLanguage\":\"en-US\"},{\"@type\":\"Organization\",\"@id\":\"https:\/\/investors.bittnet.ro\/en\/#organization\",\"name\":\"Bittnet Group\",\"url\":\"https:\/\/investors.bittnet.ro\/en\/\",\"logo\":{\"@type\":\"ImageObject\",\"inLanguage\":\"en-US\",\"@id\":\"https:\/\/investors.bittnet.ro\/en\/#\/schema\/logo\/image\/\",\"url\":\"https:\/\/investors.bittnet.ro\/wp-content\/uploads\/2019\/05\/logo-grup.png\",\"contentUrl\":\"https:\/\/investors.bittnet.ro\/wp-content\/uploads\/2019\/05\/logo-grup.png\",\"width\":807,\"height\":442,\"caption\":\"Bittnet Group\"},\"image\":{\"@id\":\"https:\/\/investors.bittnet.ro\/en\/#\/schema\/logo\/image\/\"},\"sameAs\":[\"https:\/\/www.facebook.com\/BittnetSystems\/\",\"https:\/\/twitter.com\/NA\",\"http:\/\/na\",\"https:\/\/www.linkedin.com\/company\/bittnet-group\/\",\"https:\/\/www.youtube.com\/user\/BittnetSystems\"]}]}<\/script>\n<!-- \/ Yoast SEO plugin. -->","yoast_head_json":{"title":"Rezultate Pro-Forma Bittnet Group 2022","description":"Punem la dispozi\u021bia investitorilor raportul preliminar sub form\u0103 de pagina web, u\u0219or de urm\u0103rit \u0219i navigat doar la sec\u021biunile relevante pentru fiecare cititor.","robots":{"index":"index","follow":"follow","max-snippet":"max-snippet:-1","max-image-preview":"max-image-preview:large","max-video-preview":"max-video-preview:-1"},"canonical":"https:\/\/investors.bittnet.ro\/en\/rezultate-financiare\/proforma-4q-22\/anexa-1-alternative-performance-measurements-despre-indicatorii-alternativi-de-performanta\/","og_locale":"en_US","og_type":"article","og_title":"Rezultate Pro-Forma Bittnet Group 2022","og_description":"Punem la dispozi\u021bia investitorilor raportul preliminar sub form\u0103 de pagina web, u\u0219or de urm\u0103rit \u0219i navigat doar la sec\u021biunile relevante pentru fiecare cititor.","og_url":"https:\/\/investors.bittnet.ro\/en\/rezultate-financiare\/proforma-4q-22\/anexa-1-alternative-performance-measurements-despre-indicatorii-alternativi-de-performanta\/","og_site_name":"Bittnet Investors Relations Site","article_publisher":"https:\/\/www.facebook.com\/BittnetSystems\/","article_modified_time":"2023-02-23T11:06:17+00:00","twitter_card":"summary_large_image","twitter_site":"@NA","twitter_misc":{"Est. reading time":"2 minutes"},"schema":{"@context":"https:\/\/schema.org","@graph":[{"@type":"WebPage","@id":"https:\/\/investors.bittnet.ro\/en\/rezultate-financiare\/proforma-4q-22\/anexa-1-alternative-performance-measurements-despre-indicatorii-alternativi-de-performanta\/","url":"https:\/\/investors.bittnet.ro\/en\/rezultate-financiare\/proforma-4q-22\/anexa-1-alternative-performance-measurements-despre-indicatorii-alternativi-de-performanta\/","name":"Rezultate Pro-Forma Bittnet Group 2022","isPartOf":{"@id":"https:\/\/investors.bittnet.ro\/en\/#website"},"datePublished":"2023-02-07T05:51:50+00:00","dateModified":"2023-02-23T11:06:17+00:00","description":"Punem la dispozi\u021bia investitorilor raportul preliminar sub form\u0103 de pagina web, u\u0219or de urm\u0103rit \u0219i navigat doar la sec\u021biunile relevante pentru fiecare cititor.","breadcrumb":{"@id":"https:\/\/investors.bittnet.ro\/en\/rezultate-financiare\/proforma-4q-22\/anexa-1-alternative-performance-measurements-despre-indicatorii-alternativi-de-performanta\/#breadcrumb"},"inLanguage":"en-US","potentialAction":[{"@type":"ReadAction","target":["https:\/\/investors.bittnet.ro\/en\/rezultate-financiare\/proforma-4q-22\/anexa-1-alternative-performance-measurements-despre-indicatorii-alternativi-de-performanta\/"]}]},{"@type":"BreadcrumbList","@id":"https:\/\/investors.bittnet.ro\/en\/rezultate-financiare\/proforma-4q-22\/anexa-1-alternative-performance-measurements-despre-indicatorii-alternativi-de-performanta\/#breadcrumb","itemListElement":[{"@type":"ListItem","position":1,"name":"Home","item":"https:\/\/investors.bittnet.ro\/en\/"},{"@type":"ListItem","position":2,"name":"Rezultate financiare","item":"https:\/\/investors.bittnet.ro\/en\/rezultate-financiare\/"},{"@type":"ListItem","position":3,"name":"(RO) 2022.Q4 Rezultate Pro-Forma &#8211; Rezultate Pro-Forma Bittnet Group 2022 &#8211; Scrisoare de la Cristian Logofatu","item":"https:\/\/investors.bittnet.ro\/en\/rezultate-financiare\/proforma-4q-22\/"},{"@type":"ListItem","position":4,"name":"(RO) 2022.Q4 Rezultate Pro-Forma &#8211; Anexa 1 \u2013 \u201cAlternative Performance Measurements\u201d despre indicatorii alternativi de performanta"}]},{"@type":"WebSite","@id":"https:\/\/investors.bittnet.ro\/en\/#website","url":"https:\/\/investors.bittnet.ro\/en\/","name":"Bittnet Investors Relations Site","description":"Your Value. Upgraded.","publisher":{"@id":"https:\/\/investors.bittnet.ro\/en\/#organization"},"potentialAction":[{"@type":"SearchAction","target":{"@type":"EntryPoint","urlTemplate":"https:\/\/investors.bittnet.ro\/en\/?s={search_term_string}"},"query-input":"required name=search_term_string"}],"inLanguage":"en-US"},{"@type":"Organization","@id":"https:\/\/investors.bittnet.ro\/en\/#organization","name":"Bittnet Group","url":"https:\/\/investors.bittnet.ro\/en\/","logo":{"@type":"ImageObject","inLanguage":"en-US","@id":"https:\/\/investors.bittnet.ro\/en\/#\/schema\/logo\/image\/","url":"https:\/\/investors.bittnet.ro\/wp-content\/uploads\/2019\/05\/logo-grup.png","contentUrl":"https:\/\/investors.bittnet.ro\/wp-content\/uploads\/2019\/05\/logo-grup.png","width":807,"height":442,"caption":"Bittnet Group"},"image":{"@id":"https:\/\/investors.bittnet.ro\/en\/#\/schema\/logo\/image\/"},"sameAs":["https:\/\/www.facebook.com\/BittnetSystems\/","https:\/\/twitter.com\/NA","http:\/\/na","https:\/\/www.linkedin.com\/company\/bittnet-group\/","https:\/\/www.youtube.com\/user\/BittnetSystems"]}]}},"_links":{"self":[{"href":"https:\/\/investors.bittnet.ro\/en\/wp-json\/wp\/v2\/pages\/20199","targetHints":{"allow":["GET"]}}],"collection":[{"href":"https:\/\/investors.bittnet.ro\/en\/wp-json\/wp\/v2\/pages"}],"about":[{"href":"https:\/\/investors.bittnet.ro\/en\/wp-json\/wp\/v2\/types\/page"}],"author":[{"embeddable":true,"href":"https:\/\/investors.bittnet.ro\/en\/wp-json\/wp\/v2\/users\/13"}],"replies":[{"embeddable":true,"href":"https:\/\/investors.bittnet.ro\/en\/wp-json\/wp\/v2\/comments?post=20199"}],"version-history":[{"count":7,"href":"https:\/\/investors.bittnet.ro\/en\/wp-json\/wp\/v2\/pages\/20199\/revisions"}],"predecessor-version":[{"id":20734,"href":"https:\/\/investors.bittnet.ro\/en\/wp-json\/wp\/v2\/pages\/20199\/revisions\/20734"}],"up":[{"embeddable":true,"href":"https:\/\/investors.bittnet.ro\/en\/wp-json\/wp\/v2\/pages\/20115"}],"wp:attachment":[{"href":"https:\/\/investors.bittnet.ro\/en\/wp-json\/wp\/v2\/media?parent=20199"}],"curies":[{"name":"wp","href":"https:\/\/api.w.org\/{rel}","templated":true}]}}