{"id":20171,"date":"2023-02-07T07:26:34","date_gmt":"2023-02-07T05:26:34","guid":{"rendered":"https:\/\/investors.bittnet.ro\/?page_id=20171"},"modified":"2023-02-23T13:09:14","modified_gmt":"2023-02-23T11:09:14","slug":"bittnet-education","status":"publish","type":"page","link":"https:\/\/investors.bittnet.ro\/en\/rezultate-financiare\/proforma-4q-22\/analiza-activitatii-si-performantei-segmentelor-de-activitate\/bittnet-education\/","title":{"rendered":"(RO) 2022.Q4 Rezultate Pro-Forma &#8211; Bittnet Education"},"content":{"rendered":"<section class=\"l-section wpb_row height_small\"><div class=\"l-section-h i-cf\"><div class=\"g-cols vc_row via_flex valign_top type_default stacking_default\"><div class=\"vc_col-sm-8 wpb_column vc_column_container\"><div class=\"vc_column-inner\"><div class=\"wpb_wrapper\"><div class=\"wpb_text_column\"><div class=\"wpb_wrapper\"><h1>Bittnet Education<\/h1>\n<\/div><\/div><div class=\"w-separator size_small\"><\/div><div class=\"wpb_text_column us_custom_432d3f53\"><div class=\"wpb_wrapper\"><p>Sub conducerea Cristinei Ratiu (CEO Bittnet Education), acest pilon de business contine 4 companii, ce ofera training adultilor in doua domenii: Technical Skills si Human Skills atat in format clasic, fata-in-fata, Virtual Remote dar conduse de instructor sau in format eLearning. Este vorba despre:<\/p>\n<ul>\n<li><strong>Bittnet Systems SA<\/strong> (CUI 21181848): firma mama a grupului, listata la BVB. Deruleaz\u0103 activitatea de holding plus activitatea de Training IT, fiind liderul incontestabil al acestei pie\u021be in Rom\u00e2nia.<\/li>\n<li><strong>Computer Learning Center SRL<\/strong> (CUI 26065887), detinuta integral de Bittnet, este o companie de training IT cu focus in zona de cybersecurity, infiintata in 2009, cu un lung istoric de a deservi clienti din zona corporate.<\/li>\n<li><strong>Equatorial Gaming SA<\/strong> (CUI 30582237), de\u021binut\u0103 in prezent in propor\u021bie de 99% de c\u0103tre Bittnet, este o companie de game-based learning, care ofer\u0103 training de softskills pentru industria de IT, at\u00e2t \u00een form\u0103 clasica dar si gamificat.<\/li>\n<li><strong>The eLearning company SA <\/strong>(CUI 30760571), de\u021binut\u0103 in propor\u021bie de 23% de c\u0103tre Bittnet, este o companie antreprenorial\u0103 ce ofer\u0103 cursuri in format eLearning pentru companii.<\/li>\n<\/ul>\n<\/div><\/div><div class=\"w-separator size_small\"><\/div><div class=\"wpb_text_column us_custom_432d3f53\"><div class=\"wpb_wrapper\"><table style=\"height: 546px;\" width=\"684\">\n<tbody>\n<tr style=\"background-color: #97bd6f;\">\n<td style=\"text-align: left;\" width=\"214\">Bittnet Education<br \/>\n(plus activitate de grup)<\/td>\n<td style=\"text-align: center;\" width=\"136\"><strong>2021<\/strong><\/td>\n<td style=\"text-align: center;\" width=\"101\"><strong>2022<\/strong><\/td>\n<td style=\"text-align: center;\" width=\"106\"><strong>FY22 vs FY21<\/strong><\/td>\n<\/tr>\n<tr>\n<td style=\"text-align: center;\" width=\"214\"><strong>Venituri din contracte cu clientii<\/strong><\/td>\n<td style=\"text-align: right;\" width=\"136\"><strong>17,465,543<\/strong><\/td>\n<td style=\"text-align: right;\" width=\"101\"><strong>21,734,492<\/strong><\/td>\n<td style=\"text-align: right;\" width=\"106\"><strong>24%<\/strong><\/td>\n<\/tr>\n<tr>\n<td width=\"214\">Costul v\u00e2nz\u0103rilor<\/td>\n<td style=\"text-align: right;\" width=\"136\">-9,445,109<\/td>\n<td style=\"text-align: right;\" width=\"101\">-12,650,780<\/td>\n<td style=\"text-align: right;\" width=\"106\">34%<\/td>\n<\/tr>\n<tr>\n<td style=\"text-align: left;\" width=\"214\"><strong>Marja bruta<\/strong><\/td>\n<td style=\"text-align: right;\" width=\"136\"><strong>8,020,434<\/strong><\/td>\n<td style=\"text-align: right;\" width=\"101\"><strong>9,083,712<\/strong><\/td>\n<td style=\"text-align: right;\" width=\"106\">13%<\/td>\n<\/tr>\n<tr>\n<td width=\"214\">Alte venituri<\/td>\n<td style=\"text-align: right;\" width=\"136\">1,326,544<\/td>\n<td style=\"text-align: right;\" width=\"101\">2,378,064<\/td>\n<td style=\"text-align: right;\" width=\"106\">79%<\/td>\n<\/tr>\n<tr>\n<td width=\"214\">Costuri de vanzare\/distributie<\/td>\n<td style=\"text-align: right;\" width=\"136\">-3,920,537<\/td>\n<td style=\"text-align: right;\" width=\"101\">-4,970,014<\/td>\n<td style=\"text-align: right;\" width=\"106\">27%<\/td>\n<\/tr>\n<tr>\n<td width=\"214\">Cheltuieli administrative<\/td>\n<td style=\"text-align: right;\" width=\"136\">-5,432,176<\/td>\n<td style=\"text-align: right;\" width=\"101\">-7,635,900<\/td>\n<td style=\"text-align: right;\" width=\"106\">41%<\/td>\n<\/tr>\n<tr>\n<td style=\"text-align: right;\" width=\"214\"><em>din care amortizare<\/em><\/td>\n<td style=\"text-align: right;\" width=\"136\">-1,350,840<\/td>\n<td style=\"text-align: right;\" width=\"101\">-1,896,154<\/td>\n<td style=\"text-align: right;\" width=\"106\">40%<\/td>\n<\/tr>\n<tr>\n<td width=\"214\">Rezultat one-off<\/td>\n<td style=\"text-align: right;\" width=\"136\">900,057<\/td>\n<td style=\"text-align: right;\" width=\"101\">1,196,728<\/td>\n<td style=\"text-align: right;\" width=\"106\">33%<\/td>\n<\/tr>\n<tr>\n<td style=\"text-align: center;\" width=\"214\"><strong>Profit operational (fara one-offs)<\/strong><\/td>\n<td style=\"text-align: right;\" width=\"136\"><strong>-905,792<\/strong><\/td>\n<td style=\"text-align: right;\" width=\"101\"><strong>-2,340,866<\/strong><\/td>\n<td style=\"text-align: right;\" width=\"106\">158%<\/td>\n<\/tr>\n<tr>\n<td width=\"214\">SOP expense<\/td>\n<td style=\"text-align: right;\" width=\"136\">-1,066,911<\/td>\n<td style=\"text-align: right;\" width=\"101\">-890,381<\/td>\n<td style=\"text-align: right;\" width=\"106\">-17%<\/td>\n<\/tr>\n<tr>\n<td width=\"214\">Rezultat financiar<\/td>\n<td style=\"text-align: right;\" width=\"136\">12,110,505<\/td>\n<td style=\"text-align: right;\" width=\"101\">3,418,675<\/td>\n<td width=\"106\"><strong>\u00a0<\/strong><\/td>\n<\/tr>\n<tr>\n<td style=\"text-align: right;\" width=\"214\"><em>Reevaluari mark to market<\/em><\/td>\n<td style=\"text-align: right;\" width=\"136\">9,736,569<\/td>\n<td style=\"text-align: right;\" width=\"101\">-2,888,985<\/td>\n<td style=\"text-align: right;\" width=\"106\">-130%<\/td>\n<\/tr>\n<tr>\n<td width=\"214\"><strong>Profit brut<\/strong><\/td>\n<td style=\"text-align: right;\" width=\"136\"><strong>11,037,858<\/strong><\/td>\n<td style=\"text-align: right;\" width=\"101\"><strong>1,384,155<\/strong><\/td>\n<td style=\"text-align: right;\" width=\"106\">-87%<\/td>\n<\/tr>\n<tr>\n<td width=\"214\"><strong>Profit net <\/strong><\/td>\n<td style=\"text-align: right;\" width=\"136\"><strong>9,978,592<\/strong><\/td>\n<td style=\"text-align: right;\" width=\"101\"><strong>1,662,358<\/strong><\/td>\n<td style=\"text-align: right;\" width=\"106\">-83%<\/td>\n<\/tr>\n<\/tbody>\n<\/table>\n<\/div><\/div><div class=\"w-separator size_small\"><\/div><div class=\"wpb_text_column us_custom_432d3f53\"><div class=\"wpb_wrapper\"><p>Pe langa sesiunile de perfectionare a echipei de management dar si a echipelor functionale, gasirea resurselor potrivite de livrare (traineri) continua sa fie cea mai mare provocare a diviziei. Prin urmare, spre finalul anului, am construit o strategie coerenta de a mari acest pool de resurse si de a deveni un centru de excelenta in livrarea de training IT si skilluri umane pentru oamenii din industria IT. Ne asteptam ca rezultatele acestei noi abordari sa-si produca efecte in prima jumatate a anului 2023.<\/p>\n<\/div><\/div><div class=\"w-separator size_small\"><\/div><div class=\"wpb_text_column us_custom_432d3f53\"><div class=\"wpb_wrapper\"><p><img loading=\"lazy\" decoding=\"async\" class=\" wp-image-20378 aligncenter\" src=\"https:\/\/investors.bittnet.ro\/wp-content\/uploads\/2023\/02\/Bittnet-Education_01-300x140.png\" alt=\"\" width=\"636\" height=\"297\" srcset=\"https:\/\/investors.bittnet.ro\/wp-content\/uploads\/2023\/02\/Bittnet-Education_01-300x140.png 300w, https:\/\/investors.bittnet.ro\/wp-content\/uploads\/2023\/02\/Bittnet-Education_01.png 800w\" sizes=\"auto, (max-width: 636px) 100vw, 636px\" \/><\/p>\n<\/div><\/div><div class=\"w-separator size_small\"><\/div><div class=\"wpb_text_column us_custom_7fe04f8a has_text_color\" id=\"first_wpb_text_column\"><div class=\"wpb_wrapper\"><p>Am invatat enorm din procesul dificil si intens de consolidare prin achizitii si crestere organica a Grupului Bittnet intr-o piata de IT&amp;C extrem de fragmentata si suntem constienti de oportunitatea de care dispunem in prezent prin diversificarea geografica a prezentei si a domeniilor in care activam concomitent cu cresterea puterii de generare venituri la nivel de grup si optimizarea costurilor. Dublarea intr-un singur an (2022) inclusiv prin achizitii a puterii de generare anuale de venituri totale la dimensiunea grupului nostru reprezinta un raspuns la intrebarile strategice care ne framanta permanent. Focusul nostru ramane in a genera pe termen lung valoare adaugata consistenta pentru actionari. Este important de subliniat faptul ca generarea de rezultate pozitive consistente pentru orice companie achizitionata (in orice domeniu nu doar in cadrul grupului nostru) necesita o perioada de circa 18-24 luni necesara integrarii, optimizarii, fructificarii sinergiilor si scalarii afacerilor.<\/p>\n<\/div><\/div><div class=\"w-separator size_small\"><\/div><div class=\"wpb_text_column us_custom_74f512ee has_text_color\" id=\"first_wpb_text_column\"><div class=\"wpb_wrapper\"><p>2022 a reprezentat si momentul in care am reusit sa integram toate brandurile din Divizia de Educatie in acelasi flux operational &#8211; Buyer\u2019s Journey \u2013 si sa dezvoltam toata infrastructura de tehnologie care sa monitorizeze activitatea si sa ne permita sa masuram si sa imbunatatim atat procesul cat si perfomanta din fiecare echipa functionala.<br \/>\nAnul 2022 a adus echipelor Bittnet reu\u0219ita unei cre\u0219teri accelerate a volumului de cursuri. Astfel, la finalul anului am num\u0103rat peste 550 de sesiuni at\u00e2t private c\u00e2t \u0219i publice, \u00eensum\u00e2nd peste 5900 de participan\u021bi instrui\u021bi, reprezent\u00e2nd aproape o dublare a cursan\u021bilor ce ne-au trecut pragul \u00een 2021. Acest volum a condus simultan la o cre\u0219tere a echipei de traineri, ajung\u00e2nd astfel la 47 de traineri activi, din care 10 colabor\u0103ri noi.<\/p>\n<\/div><\/div><div class=\"wpb_text_column us_custom_74f512ee has_text_color\" id=\"first_wpb_text_column\"><div class=\"wpb_wrapper\"><p><img loading=\"lazy\" decoding=\"async\" class=\" wp-image-20431 aligncenter\" src=\"https:\/\/investors.bittnet.ro\/wp-content\/uploads\/2023\/02\/pie-1-1-300x247.png\" alt=\"\" width=\"455\" height=\"375\" srcset=\"https:\/\/investors.bittnet.ro\/wp-content\/uploads\/2023\/02\/pie-1-1-300x247.png 300w, https:\/\/investors.bittnet.ro\/wp-content\/uploads\/2023\/02\/pie-1-1.png 800w\" sizes=\"auto, (max-width: 455px) 100vw, 455px\" \/><\/p>\n<\/div><\/div><div class=\"wpb_text_column us_custom_74f512ee has_text_color\" id=\"first_wpb_text_column\"><div class=\"wpb_wrapper\"><p>\u00cen paralel cu aceste proiecte, am lucrat constant la amenajarea s\u0103lilor de curs \u0219i a recep\u021biei dedicate pentru cursan\u021bi, ce au fost aduse la cel mai \u00eenalt nivel de performan\u021b\u0103, acestea fiind \u00een prezent preg\u0103tite pentru cursuri \u00een format hibrid cre\u00e2nd o experien\u021b\u0103 unic\u0103 \u00een procesul de \u00eenv\u0103\u021bare pentru adul\u021bi. Microfoanele ce capteaz\u0103 sunetul din orice col\u021b al clasei, sau tabla inteligent\u0103 ce poate fi urmarit\u0103 \u00een timp real de cursantul de acas\u0103, sunt doar c\u00e2teva dintre ideile inova-toare care se num\u0103r\u0103 printre echipamentele de ultim\u0103 genera\u021bie puse \u00een func\u021biune de echipele noastre \u0219i adoptate de traineri pe parcursul livr\u0103rii. Noul sediu a acomodat peste 110 cursuri fizice pe parcursul anului 2022.<\/p>\n<\/div><\/div><div class=\"w-separator size_large\"><\/div><\/div><\/div><\/div><div class=\"vc_col-sm-4 wpb_column vc_column_container\"><div class=\"vc_column-inner\"><div class=\"wpb_wrapper\"><div class=\"w-separator size_small\"><\/div><nav class=\"w-menu layout_ver style_blocks us_menu_1 with_children\" style=\"--main-gap:1.5rem;--main-ver-indent:0.8em;--main-hor-indent:0.8em;--main-bg-color:#f5f5f5;--main-color:inherit;--main-hover-bg-color:#8dbe65;--main-hover-color:#ffffff;--main-active-bg-color:#8dbe65;--main-active-color:#ffffff;--sub-gap:5px;\"><ul id=\"menu-ro-2022-q4-rezultate-pro-forma\" class=\"menu\"><li id=\"menu-item-20220\" class=\"menu-item menu-item-type-post_type menu-item-object-page menu-item-20220\"><a href=\"https:\/\/investors.bittnet.ro\/abonare-newsletter\/\">Newsletter subscription<\/a><\/li><\/ul><style>@media ( max-width:600px ){.us_menu_1 .menu{display:block!important}.us_menu_1 .menu>li:not(:last-child){margin:0 0 var(--main-gap,1.5rem)!important}}<\/style><\/nav><\/div><\/div><\/div><\/div><\/div><\/section>\n","protected":false},"excerpt":{"rendered":"Bittnet Education Sub conducerea Cristinei Ratiu (CEO Bittnet Education), acest pilon de business contine 4 companii, ce ofera training adultilor in doua domenii: Technical Skills si Human Skills atat in format clasic, fata-in-fata, Virtual Remote dar conduse de instructor sau in format eLearning. Este vorba despre: Bittnet Systems SA (CUI 21181848): firma mama a grupului,...","protected":false},"author":13,"featured_media":0,"parent":20169,"menu_order":1,"comment_status":"closed","ping_status":"closed","template":"","meta":{"footnotes":""},"class_list":["post-20171","page","type-page","status-publish","hentry"],"yoast_head":"<!-- This site is optimized with the Yoast SEO plugin v20.8 - https:\/\/yoast.com\/wordpress\/plugins\/seo\/ -->\n<title>Rezultate Pro-Forma Bittnet Group 2022<\/title>\n<meta name=\"description\" content=\"Punem la dispozi\u021bia investitorilor raportul preliminar sub form\u0103 de pagina web, u\u0219or de urm\u0103rit \u0219i navigat doar la sec\u021biunile relevante pentru fiecare cititor.\" \/>\n<meta name=\"robots\" content=\"index, follow, max-snippet:-1, max-image-preview:large, max-video-preview:-1\" \/>\n<link rel=\"canonical\" href=\"https:\/\/investors.bittnet.ro\/en\/rezultate-financiare\/proforma-4q-22\/analiza-activitatii-si-performantei-segmentelor-de-activitate\/bittnet-education\/\" \/>\n<meta property=\"og:locale\" content=\"en_US\" \/>\n<meta property=\"og:type\" content=\"article\" \/>\n<meta property=\"og:title\" content=\"Rezultate Pro-Forma Bittnet Group 2022\" \/>\n<meta property=\"og:description\" content=\"Punem la dispozi\u021bia investitorilor raportul preliminar sub form\u0103 de pagina web, u\u0219or de urm\u0103rit \u0219i navigat doar la sec\u021biunile relevante pentru fiecare cititor.\" \/>\n<meta property=\"og:url\" content=\"https:\/\/investors.bittnet.ro\/en\/rezultate-financiare\/proforma-4q-22\/analiza-activitatii-si-performantei-segmentelor-de-activitate\/bittnet-education\/\" \/>\n<meta property=\"og:site_name\" content=\"Bittnet Investors Relations Site\" \/>\n<meta property=\"article:publisher\" content=\"https:\/\/www.facebook.com\/BittnetSystems\/\" \/>\n<meta property=\"article:modified_time\" content=\"2023-02-23T11:09:14+00:00\" \/>\n<meta property=\"og:image\" content=\"https:\/\/investors.bittnet.ro\/wp-content\/uploads\/2023\/02\/Bittnet-Education_01-300x140.png\" \/>\n<meta name=\"twitter:card\" content=\"summary_large_image\" \/>\n<meta name=\"twitter:site\" content=\"@NA\" \/>\n<meta name=\"twitter:label1\" content=\"Est. reading time\" \/>\n\t<meta name=\"twitter:data1\" content=\"4 minutes\" \/>\n<script type=\"application\/ld+json\" class=\"yoast-schema-graph\">{\"@context\":\"https:\/\/schema.org\",\"@graph\":[{\"@type\":\"WebPage\",\"@id\":\"https:\/\/investors.bittnet.ro\/en\/rezultate-financiare\/proforma-4q-22\/analiza-activitatii-si-performantei-segmentelor-de-activitate\/bittnet-education\/\",\"url\":\"https:\/\/investors.bittnet.ro\/en\/rezultate-financiare\/proforma-4q-22\/analiza-activitatii-si-performantei-segmentelor-de-activitate\/bittnet-education\/\",\"name\":\"Rezultate Pro-Forma Bittnet Group 2022\",\"isPartOf\":{\"@id\":\"https:\/\/investors.bittnet.ro\/en\/#website\"},\"datePublished\":\"2023-02-07T05:26:34+00:00\",\"dateModified\":\"2023-02-23T11:09:14+00:00\",\"description\":\"Punem la dispozi\u021bia investitorilor raportul preliminar sub form\u0103 de pagina web, u\u0219or de urm\u0103rit \u0219i navigat doar la sec\u021biunile relevante pentru fiecare cititor.\",\"breadcrumb\":{\"@id\":\"https:\/\/investors.bittnet.ro\/en\/rezultate-financiare\/proforma-4q-22\/analiza-activitatii-si-performantei-segmentelor-de-activitate\/bittnet-education\/#breadcrumb\"},\"inLanguage\":\"en-US\",\"potentialAction\":[{\"@type\":\"ReadAction\",\"target\":[\"https:\/\/investors.bittnet.ro\/en\/rezultate-financiare\/proforma-4q-22\/analiza-activitatii-si-performantei-segmentelor-de-activitate\/bittnet-education\/\"]}]},{\"@type\":\"BreadcrumbList\",\"@id\":\"https:\/\/investors.bittnet.ro\/en\/rezultate-financiare\/proforma-4q-22\/analiza-activitatii-si-performantei-segmentelor-de-activitate\/bittnet-education\/#breadcrumb\",\"itemListElement\":[{\"@type\":\"ListItem\",\"position\":1,\"name\":\"Home\",\"item\":\"https:\/\/investors.bittnet.ro\/en\/\"},{\"@type\":\"ListItem\",\"position\":2,\"name\":\"Rezultate financiare\",\"item\":\"https:\/\/investors.bittnet.ro\/en\/rezultate-financiare\/\"},{\"@type\":\"ListItem\",\"position\":3,\"name\":\"(RO) 2022.Q4 Rezultate Pro-Forma &#8211; Rezultate Pro-Forma Bittnet Group 2022 &#8211; Scrisoare de la Cristian Logofatu\",\"item\":\"https:\/\/investors.bittnet.ro\/en\/rezultate-financiare\/proforma-4q-22\/\"},{\"@type\":\"ListItem\",\"position\":4,\"name\":\"(RO) 2022.Q4 Rezultate Pro-Forma &#8211; Analiza activitatii si performantei segmentelor de activitate\",\"item\":\"https:\/\/investors.bittnet.ro\/en\/rezultate-financiare\/proforma-4q-22\/analiza-activitatii-si-performantei-segmentelor-de-activitate\/\"},{\"@type\":\"ListItem\",\"position\":5,\"name\":\"(RO) 2022.Q4 Rezultate Pro-Forma &#8211; Bittnet Education\"}]},{\"@type\":\"WebSite\",\"@id\":\"https:\/\/investors.bittnet.ro\/en\/#website\",\"url\":\"https:\/\/investors.bittnet.ro\/en\/\",\"name\":\"Bittnet Investors Relations Site\",\"description\":\"Your Value. Upgraded.\",\"publisher\":{\"@id\":\"https:\/\/investors.bittnet.ro\/en\/#organization\"},\"potentialAction\":[{\"@type\":\"SearchAction\",\"target\":{\"@type\":\"EntryPoint\",\"urlTemplate\":\"https:\/\/investors.bittnet.ro\/en\/?s={search_term_string}\"},\"query-input\":\"required name=search_term_string\"}],\"inLanguage\":\"en-US\"},{\"@type\":\"Organization\",\"@id\":\"https:\/\/investors.bittnet.ro\/en\/#organization\",\"name\":\"Bittnet Group\",\"url\":\"https:\/\/investors.bittnet.ro\/en\/\",\"logo\":{\"@type\":\"ImageObject\",\"inLanguage\":\"en-US\",\"@id\":\"https:\/\/investors.bittnet.ro\/en\/#\/schema\/logo\/image\/\",\"url\":\"https:\/\/investors.bittnet.ro\/wp-content\/uploads\/2019\/05\/logo-grup.png\",\"contentUrl\":\"https:\/\/investors.bittnet.ro\/wp-content\/uploads\/2019\/05\/logo-grup.png\",\"width\":807,\"height\":442,\"caption\":\"Bittnet Group\"},\"image\":{\"@id\":\"https:\/\/investors.bittnet.ro\/en\/#\/schema\/logo\/image\/\"},\"sameAs\":[\"https:\/\/www.facebook.com\/BittnetSystems\/\",\"https:\/\/twitter.com\/NA\",\"http:\/\/na\",\"https:\/\/www.linkedin.com\/company\/bittnet-group\/\",\"https:\/\/www.youtube.com\/user\/BittnetSystems\"]}]}<\/script>\n<!-- \/ Yoast SEO plugin. -->","yoast_head_json":{"title":"Rezultate Pro-Forma Bittnet Group 2022","description":"Punem la dispozi\u021bia investitorilor raportul preliminar sub form\u0103 de pagina web, u\u0219or de urm\u0103rit \u0219i navigat doar la sec\u021biunile relevante pentru fiecare cititor.","robots":{"index":"index","follow":"follow","max-snippet":"max-snippet:-1","max-image-preview":"max-image-preview:large","max-video-preview":"max-video-preview:-1"},"canonical":"https:\/\/investors.bittnet.ro\/en\/rezultate-financiare\/proforma-4q-22\/analiza-activitatii-si-performantei-segmentelor-de-activitate\/bittnet-education\/","og_locale":"en_US","og_type":"article","og_title":"Rezultate Pro-Forma Bittnet Group 2022","og_description":"Punem la dispozi\u021bia investitorilor raportul preliminar sub form\u0103 de pagina web, u\u0219or de urm\u0103rit \u0219i navigat doar la sec\u021biunile relevante pentru fiecare cititor.","og_url":"https:\/\/investors.bittnet.ro\/en\/rezultate-financiare\/proforma-4q-22\/analiza-activitatii-si-performantei-segmentelor-de-activitate\/bittnet-education\/","og_site_name":"Bittnet Investors Relations Site","article_publisher":"https:\/\/www.facebook.com\/BittnetSystems\/","article_modified_time":"2023-02-23T11:09:14+00:00","og_image":[{"url":"https:\/\/investors.bittnet.ro\/wp-content\/uploads\/2023\/02\/Bittnet-Education_01-300x140.png"}],"twitter_card":"summary_large_image","twitter_site":"@NA","twitter_misc":{"Est. reading time":"4 minutes"},"schema":{"@context":"https:\/\/schema.org","@graph":[{"@type":"WebPage","@id":"https:\/\/investors.bittnet.ro\/en\/rezultate-financiare\/proforma-4q-22\/analiza-activitatii-si-performantei-segmentelor-de-activitate\/bittnet-education\/","url":"https:\/\/investors.bittnet.ro\/en\/rezultate-financiare\/proforma-4q-22\/analiza-activitatii-si-performantei-segmentelor-de-activitate\/bittnet-education\/","name":"Rezultate Pro-Forma Bittnet Group 2022","isPartOf":{"@id":"https:\/\/investors.bittnet.ro\/en\/#website"},"datePublished":"2023-02-07T05:26:34+00:00","dateModified":"2023-02-23T11:09:14+00:00","description":"Punem la dispozi\u021bia investitorilor raportul preliminar sub form\u0103 de pagina web, u\u0219or de urm\u0103rit \u0219i navigat doar la sec\u021biunile relevante pentru fiecare cititor.","breadcrumb":{"@id":"https:\/\/investors.bittnet.ro\/en\/rezultate-financiare\/proforma-4q-22\/analiza-activitatii-si-performantei-segmentelor-de-activitate\/bittnet-education\/#breadcrumb"},"inLanguage":"en-US","potentialAction":[{"@type":"ReadAction","target":["https:\/\/investors.bittnet.ro\/en\/rezultate-financiare\/proforma-4q-22\/analiza-activitatii-si-performantei-segmentelor-de-activitate\/bittnet-education\/"]}]},{"@type":"BreadcrumbList","@id":"https:\/\/investors.bittnet.ro\/en\/rezultate-financiare\/proforma-4q-22\/analiza-activitatii-si-performantei-segmentelor-de-activitate\/bittnet-education\/#breadcrumb","itemListElement":[{"@type":"ListItem","position":1,"name":"Home","item":"https:\/\/investors.bittnet.ro\/en\/"},{"@type":"ListItem","position":2,"name":"Rezultate financiare","item":"https:\/\/investors.bittnet.ro\/en\/rezultate-financiare\/"},{"@type":"ListItem","position":3,"name":"(RO) 2022.Q4 Rezultate Pro-Forma &#8211; Rezultate Pro-Forma Bittnet Group 2022 &#8211; Scrisoare de la Cristian Logofatu","item":"https:\/\/investors.bittnet.ro\/en\/rezultate-financiare\/proforma-4q-22\/"},{"@type":"ListItem","position":4,"name":"(RO) 2022.Q4 Rezultate Pro-Forma &#8211; Analiza activitatii si performantei segmentelor de activitate","item":"https:\/\/investors.bittnet.ro\/en\/rezultate-financiare\/proforma-4q-22\/analiza-activitatii-si-performantei-segmentelor-de-activitate\/"},{"@type":"ListItem","position":5,"name":"(RO) 2022.Q4 Rezultate Pro-Forma &#8211; Bittnet Education"}]},{"@type":"WebSite","@id":"https:\/\/investors.bittnet.ro\/en\/#website","url":"https:\/\/investors.bittnet.ro\/en\/","name":"Bittnet Investors Relations Site","description":"Your Value. Upgraded.","publisher":{"@id":"https:\/\/investors.bittnet.ro\/en\/#organization"},"potentialAction":[{"@type":"SearchAction","target":{"@type":"EntryPoint","urlTemplate":"https:\/\/investors.bittnet.ro\/en\/?s={search_term_string}"},"query-input":"required name=search_term_string"}],"inLanguage":"en-US"},{"@type":"Organization","@id":"https:\/\/investors.bittnet.ro\/en\/#organization","name":"Bittnet Group","url":"https:\/\/investors.bittnet.ro\/en\/","logo":{"@type":"ImageObject","inLanguage":"en-US","@id":"https:\/\/investors.bittnet.ro\/en\/#\/schema\/logo\/image\/","url":"https:\/\/investors.bittnet.ro\/wp-content\/uploads\/2019\/05\/logo-grup.png","contentUrl":"https:\/\/investors.bittnet.ro\/wp-content\/uploads\/2019\/05\/logo-grup.png","width":807,"height":442,"caption":"Bittnet Group"},"image":{"@id":"https:\/\/investors.bittnet.ro\/en\/#\/schema\/logo\/image\/"},"sameAs":["https:\/\/www.facebook.com\/BittnetSystems\/","https:\/\/twitter.com\/NA","http:\/\/na","https:\/\/www.linkedin.com\/company\/bittnet-group\/","https:\/\/www.youtube.com\/user\/BittnetSystems"]}]}},"_links":{"self":[{"href":"https:\/\/investors.bittnet.ro\/en\/wp-json\/wp\/v2\/pages\/20171","targetHints":{"allow":["GET"]}}],"collection":[{"href":"https:\/\/investors.bittnet.ro\/en\/wp-json\/wp\/v2\/pages"}],"about":[{"href":"https:\/\/investors.bittnet.ro\/en\/wp-json\/wp\/v2\/types\/page"}],"author":[{"embeddable":true,"href":"https:\/\/investors.bittnet.ro\/en\/wp-json\/wp\/v2\/users\/13"}],"replies":[{"embeddable":true,"href":"https:\/\/investors.bittnet.ro\/en\/wp-json\/wp\/v2\/comments?post=20171"}],"version-history":[{"count":16,"href":"https:\/\/investors.bittnet.ro\/en\/wp-json\/wp\/v2\/pages\/20171\/revisions"}],"predecessor-version":[{"id":20745,"href":"https:\/\/investors.bittnet.ro\/en\/wp-json\/wp\/v2\/pages\/20171\/revisions\/20745"}],"up":[{"embeddable":true,"href":"https:\/\/investors.bittnet.ro\/en\/wp-json\/wp\/v2\/pages\/20169"}],"wp:attachment":[{"href":"https:\/\/investors.bittnet.ro\/en\/wp-json\/wp\/v2\/media?parent=20171"}],"curies":[{"name":"wp","href":"https:\/\/api.w.org\/{rel}","templated":true}]}}