{"id":20129,"date":"2023-02-06T15:31:43","date_gmt":"2023-02-06T13:31:43","guid":{"rendered":"https:\/\/investors.bittnet.ro\/?page_id=20129"},"modified":"2024-09-03T11:48:52","modified_gmt":"2024-09-03T08:48:52","slug":"despre-standarde-contabile-versus-crearea-de-valoare","status":"publish","type":"page","link":"https:\/\/investors.bittnet.ro\/en\/rezultate-financiare\/proforma-4q-22\/despre-standarde-contabile-versus-crearea-de-valoare\/","title":{"rendered":"(RO) 2022.Q4 Rezultate Pro-Forma &#8211; Despre standarde contabile versus crearea de valoare"},"content":{"rendered":"<section class=\"l-section wpb_row height_small\"><div class=\"l-section-h i-cf\"><div class=\"g-cols vc_row via_flex valign_top type_default stacking_default\"><div class=\"vc_col-sm-8 wpb_column vc_column_container\"><div class=\"vc_column-inner\"><div class=\"wpb_wrapper\"><div class=\"wpb_text_column\"><div class=\"wpb_wrapper\"><h1>Despre standarde contabile versus crearea de valoare<\/h1>\n<\/div><\/div><div class=\"w-separator size_medium\"><\/div><div class=\"wpb_text_column us_custom_432d3f53\"><div class=\"wpb_wrapper\"><p>Odata cu trecerea Bittnet Group pe piata principala a Bursei de Valori Bucuresti in anul 2020, am facut pasul si catre raportarea conform standardelor contabile IFRS. Astfel, avand in vedere diverse alte standarde IFRS care au intrat in vigoare de-a lungul timpului, investitiile efectuate de noi prin tranzactii de M&amp;A si alte cateva elemente specifice activitatii noastre au facut ca, in opinia mea, situatiile financiare consolidate ale grupului sa se indeparteze destul de mult de obiectivul esential al contabilitatii \u2013 acela de a oferi o imagine fidela asupra situatiei companiei, atat din punct de vedere al veniturilor si cheltuieilor, dar si al pozitiei financiare.<\/p>\n<\/div><\/div><div class=\"w-separator size_small\"><\/div><div class=\"wpb_text_column us_custom_7fe04f8a has_text_color\" id=\"first_wpb_text_column\"><div class=\"wpb_wrapper\"><p>Situatiile financiare consolidate ale grupului vor continua sa poarte \u201eviza\u201d data de auditul fara rezerve \u2013 intotdeauna am ales sa publicam situatii contabile fara rezerve, decat sa schimbam auditorul sau sa implementam diverse alte metode care sa ne puna intr-o lumina favorabila. Insa, este important de precizat ca aplicarea diverselor standarde IFRS conduce la situatii contabile ce nu seamana in niciun fel cu intelegerea oricarui investitor care analizeaza potentiale companii in care doreste sa investeasca.<br \/>\n<strong>Nici macar cu situatiile contabile ale aceleiasi societati, daca ar fi listata pe AeRO in loc de piata principala !<\/strong><\/p>\n<\/div><\/div><div class=\"w-separator size_small\"><\/div><div class=\"wpb_text_column us_custom_432d3f53\"><div class=\"wpb_wrapper\"><p>Pentru a oferi o imagine mai clara a diferentelor despre care am mentionat mai sus, va redau mai jos cateva exemple:<\/p>\n<ul>\n<li>Inregistrarea chiriei lunare a sediului de la ONE ca si amortizare a unui activ: conform IFRS16, cladirea ONE figureaza in contabilitatea noastra ca activ al Bittnet, spre deosebire de exemplu de brandul de angajator, cu abilitatea de a atrage oameni educati si performanti. Astfel, sa consideram sediul nostru din One Cotroceni Park drept un activ este, in mod evident, irelevant pentru noi deoarece nu putem vinde aceasta cladire (ceea ce standardele IFRS considera esential pentru a decide daca ceva este un activ in orice alt caz decat acesta). In plus, in mod clar, aceasta cladire nu este mai valoroasa pentru actionari decat abilitatea de a atrage angajati. Deoarece aceast\u0103 regul\u0103 se aplic\u0103 tuturor companiilor care raporteaz\u0103 conform standardelor IFRS, unii emitenti, inclusiv cei listati la BVB si inclusi in indicele BET, in special cei care detin o pondere semnificativa din activele inchiriate, raporteaza atat rezultatele cu IFRS16 \u0219i f\u0103r\u0103 standardul IFRS16, acesta din urm\u0103 fiind utilizat de c\u0103tre conducere ca reper.<\/li>\n<li>Inregistrarea ca si cheltuiala (lost revenue) a primei teoretice de emitere a unor optiuni CALL pe actiunile proprii, oferite persoanelor cheie, indiferent daca optiunile expira sau sunt exercitate; ca si cum Societatea este un trader de derivate care nu a incasat suma de la clienti, indiferent daca decontarea optiunilor se face prin majorare de capital ! Este singurul caz in care discountul oferit intr-o majorare de capital se contabilizeaza ca si \u201acost de oportunitate\u2019, dupa principiul: \u201epoate compania putea obtine mai multi bani in majorare daca vindea actiunile mai scump. Diferenta asta teoretica \/ ipotetica trebuie contabilizata ca o PIERDERE reala\u201d.<\/li>\n<li>Reevaluarea prin P&amp;L a actiunilor minoritare detinute la alte companii, indiferent de intentia de a le vinde sau nu, in timp ce tranzactiile efectiv facute cu actiunile companiilor unde nu suntem minoritari se contabilizeaza prin capitalurile proprii. Cu alte cuvinte, cumpararea acum 5 ani a unor actiuni cu 700 lei si vanzarea lor anul acesta cu 7000 lei cash nu este profit, in schimb cumpararea acum 2 ani a unor actiuni cu 120 lei, pe care le detinem si astazi, care sunt listate si valoreaza 1200 lei , se contabilizeaza ca pierdere pentru ca la inceputul anului valoarea de piata era de 1600 lei. In total un investitor persoana fizica ar fi avut o declaratie de venit <em><u>cu 630 lei profit<\/u><\/em>, iar contabilitatea IFRS prezinta situatia de mai sus pentru Bittnet ca o <em><u>pierdere de <\/u><\/em><em><u>300 lei<\/u><\/em>.<\/li>\n<li>Testarea fondului comercial din tranzactii in functie de alocarea facturilor intre companii: daca un investitor cumpara cu 40 lei doua companii care fac impreuna venituri de 10 milioane lei si reorganizeaza activitatea, integreaza echipele, iar peste 3 ani cele doua companii realizeaza venituri de 20 milioane lei, dar concentrat pe doar una din companii, contabilizarea acestei situatii nu este ca \u201ane-a crescut business de doua ori iar perspectivele sunt foarte bune\u2019 ci \u201aam pierdut o parte din investitia initiala\u2019 .<\/li>\n<li>Daca un grup de firme cu venituri de 1 milion de lei, achizitioneaza o firma cu venituri de 1 milion de lei in luna decembrie a unui an, acel 1 milion de lei \u201e\u00een plus\u201d de venituri nu poate fi adaugat la veniturile consolidate. Dac\u0103, \u00eens\u0103, \u00een anul urm\u0103tor, veniturile totale generate de grup \u0219i de noua entitate se ridica la 1,6 milioane de lei (fa\u021b\u0103 de 2 milioane de lei care nu ar fi putut fi consolidate), conform regulilor de consolidare IFRS, evolu\u021bia de la an la an va fi o crestere de 60%, chiar dac\u0103, de fapt, exista o pierdere de 40% a veniturilor pentru aceste entitati.<\/li>\n<\/ul>\n<\/div><\/div><div class=\"w-separator size_small\"><\/div><div class=\"wpb_text_column us_custom_389f44b2 has_text_color\" id=\"first_wpb_text_column\"><div class=\"wpb_wrapper\"><p>Avand in vedere exemplele de mai sus, in urmatorul capitol prezentam rezultatele contabile ale companiilor din grup conform standardului romanesc de contabilitate (RAS), pe baza balantelor de inchidere ale anului, asa cum acestea au fost depuse la ANAF in data de 25 ianuarie 2023. Prin intreg acest raport si prin prezentarea acestor rezultate contabile (care urmeaza sa fie auditate in vederea depunerii situatiilor anuale finale la Ministerul de Finante) ne dorim sa transmitem investitorilor o imagine mai clara asupra dimensiunii organizatiei si a activitatii noastre, dar si asupra profitabilitatii si valorii generate pentru actionari.<\/p>\n<p><strong>Atentie! Valoarea la care ne referim in paragraful anterior NU ESTE pretul de pe bursa al actiunilor! Pretul este ce platesti, valoarea este ceea ce primesti. Investitorii ar trebui sa caute mereu sa cumpere valoare prezenta sau viitoare de X (indiferent cum este calculata \/ estimata) la un pret mai mic decat X.<\/strong> .<\/p>\n<\/div><\/div><div class=\"w-separator size_small\"><\/div><div class=\"wpb_text_column us_custom_ccb8d89a has_text_color\" id=\"first_wpb_text_column\"><div class=\"wpb_wrapper\"><p>In ceea ce priveste teza de investitie pentru grupul nostru, principiile raman aceleasi: Bittnet Group se adreseaza celor care investesc pe termen mediu si lung si care doresc expunere in domeniul IT&amp;C din Romania, unul caracterizat de o crestere foarte accelerata, alaturi de o echipa de management care a inregistrat in cei peste 15 ani de activitate rezultate peste media industriei, atat la nivel operational, cat si la nivelul de gestionare a capitalului. Totodata, investitia intr-o companie antreprenoriala in care fondatorii sunt si vor continua sa fie implicati in activitatea operationala a acesteia reprezinta un atu, deoarece eu si cu Mihai vom lua intotdeauna deciziile care sa aduca valoare pe termen lung pentru toate partile interesate, ci nu pentru urmatorul trimestru sau urmatoarea raportare.<\/p>\n<\/div><\/div><div class=\"w-separator size_small\"><\/div><div class=\"wpb_text_column us_custom_389f44b2 has_text_color\" id=\"first_wpb_text_column\"><div class=\"wpb_wrapper\"><p>In paginile urmatoare, va prezentam cateva arii unde se poate observa aceasta abordare, si unde rezultatele financiare IFRS genereaza o imagine foarte diferita fata de ideea de \u201ecreare de valoare\u201d:<\/p>\n<ul>\n<li><a href=\"https:\/\/investors.bittnet.ro\/rezultate-financiare\/proforma-4q-22\/despre-standarde-contabile-versus-crearea-de-valoare\/analiza-investitiilor-minoritare-in-companii-listate\/\">Investitiile minoritare in companii de potential<\/a><\/li>\n<li><a href=\"https:\/\/investors.bittnet.ro\/rezultate-financiare\/proforma-4q-22\/despre-standarde-contabile-versus-crearea-de-valoare\/folosirea-capitalurilor-imprumutate-leverage\/\">Folosirea capitalului imprumutat (leverage) pentru a finanta activitatea si imbunatati randamentele<\/a><\/li>\n<li><a href=\"https:\/\/investors.bittnet.ro\/rezultate-financiare\/proforma-4q-22\/despre-standarde-contabile-versus-crearea-de-valoare\/despre-equatorial-integrare-in-bittnet-education\/\">Potential \u201egoodwill impairment\u201d<\/a><\/li>\n<li><a href=\"https:\/\/investors.bittnet.ro\/rezultate-financiare\/proforma-4q-22\/despre-standarde-contabile-versus-crearea-de-valoare\/planurile-de-optiuni-implementate-real-si-corect\/\">Planurile de optiuni implementate in mod corect si real<\/a><\/li>\n<\/ul>\n<\/div><\/div><div class=\"w-separator size_large\"><\/div><\/div><\/div><\/div><div class=\"vc_col-sm-4 wpb_column vc_column_container\"><div class=\"vc_column-inner\"><div class=\"wpb_wrapper\"><div class=\"w-separator size_small\"><\/div><nav class=\"w-menu layout_ver style_blocks us_menu_1 with_children\" style=\"--main-gap:1.5rem;--main-ver-indent:0.8em;--main-hor-indent:0.8em;--main-bg-color:#f5f5f5;--main-color:inherit;--main-hover-bg-color:#8dbe65;--main-hover-color:#ffffff;--main-active-bg-color:#8dbe65;--main-active-color:#ffffff;--sub-gap:5px;\"><ul id=\"menu-ro-2022-q4-rezultate-pro-forma\" class=\"menu\"><li id=\"menu-item-20220\" class=\"menu-item menu-item-type-post_type menu-item-object-page menu-item-20220\"><a href=\"https:\/\/investors.bittnet.ro\/abonare-newsletter\/\">Newsletter subscription<\/a><\/li><\/ul><style>@media ( max-width:600px ){.us_menu_1 .menu{display:block!important}.us_menu_1 .menu>li:not(:last-child){margin:0 0 var(--main-gap,1.5rem)!important}}<\/style><\/nav><\/div><\/div><\/div><\/div><\/div><\/section>\n","protected":false},"excerpt":{"rendered":"Despre standarde contabile versus crearea de valoare Odata cu trecerea Bittnet Group pe piata principala a Bursei de Valori Bucuresti in anul 2020, am facut pasul si catre raportarea conform standardelor contabile IFRS. Astfel, avand in vedere diverse alte standarde IFRS care au intrat in vigoare de-a lungul timpului, investitiile efectuate de noi prin tranzactii...","protected":false},"author":13,"featured_media":0,"parent":20115,"menu_order":1,"comment_status":"closed","ping_status":"closed","template":"","meta":{"footnotes":""},"class_list":["post-20129","page","type-page","status-publish","hentry"],"yoast_head":"<!-- This site is optimized with the Yoast SEO plugin v20.8 - https:\/\/yoast.com\/wordpress\/plugins\/seo\/ -->\n<title>Rezultate Pro-Forma Bittnet Group 2022<\/title>\n<meta name=\"description\" content=\"Punem la dispozi\u021bia investitorilor raportul preliminar sub form\u0103 de pagina web, u\u0219or de urm\u0103rit \u0219i navigat doar la sec\u021biunile relevante pentru fiecare cititor.\" \/>\n<meta name=\"robots\" content=\"index, follow, max-snippet:-1, max-image-preview:large, max-video-preview:-1\" \/>\n<link rel=\"canonical\" href=\"https:\/\/investors.bittnet.ro\/en\/rezultate-financiare\/proforma-4q-22\/despre-standarde-contabile-versus-crearea-de-valoare\/\" \/>\n<meta property=\"og:locale\" content=\"en_US\" \/>\n<meta property=\"og:type\" content=\"article\" \/>\n<meta property=\"og:title\" content=\"Rezultate Pro-Forma Bittnet Group 2022\" \/>\n<meta property=\"og:description\" content=\"Punem la dispozi\u021bia investitorilor raportul preliminar sub form\u0103 de pagina web, u\u0219or de urm\u0103rit \u0219i navigat doar la sec\u021biunile relevante pentru fiecare cititor.\" \/>\n<meta property=\"og:url\" content=\"https:\/\/investors.bittnet.ro\/en\/rezultate-financiare\/proforma-4q-22\/despre-standarde-contabile-versus-crearea-de-valoare\/\" \/>\n<meta property=\"og:site_name\" content=\"Bittnet Investors Relations Site\" \/>\n<meta property=\"article:publisher\" content=\"https:\/\/www.facebook.com\/BittnetSystems\/\" \/>\n<meta property=\"article:modified_time\" content=\"2024-09-03T08:48:52+00:00\" \/>\n<meta name=\"twitter:card\" content=\"summary_large_image\" \/>\n<meta name=\"twitter:site\" content=\"@NA\" \/>\n<meta name=\"twitter:label1\" content=\"Est. reading time\" \/>\n\t<meta name=\"twitter:data1\" content=\"7 minutes\" \/>\n<script type=\"application\/ld+json\" class=\"yoast-schema-graph\">{\"@context\":\"https:\/\/schema.org\",\"@graph\":[{\"@type\":\"WebPage\",\"@id\":\"https:\/\/investors.bittnet.ro\/en\/rezultate-financiare\/proforma-4q-22\/despre-standarde-contabile-versus-crearea-de-valoare\/\",\"url\":\"https:\/\/investors.bittnet.ro\/en\/rezultate-financiare\/proforma-4q-22\/despre-standarde-contabile-versus-crearea-de-valoare\/\",\"name\":\"Rezultate Pro-Forma Bittnet Group 2022\",\"isPartOf\":{\"@id\":\"https:\/\/investors.bittnet.ro\/en\/#website\"},\"datePublished\":\"2023-02-06T13:31:43+00:00\",\"dateModified\":\"2024-09-03T08:48:52+00:00\",\"description\":\"Punem la dispozi\u021bia investitorilor raportul preliminar sub form\u0103 de pagina web, u\u0219or de urm\u0103rit \u0219i navigat doar la sec\u021biunile relevante pentru fiecare cititor.\",\"breadcrumb\":{\"@id\":\"https:\/\/investors.bittnet.ro\/en\/rezultate-financiare\/proforma-4q-22\/despre-standarde-contabile-versus-crearea-de-valoare\/#breadcrumb\"},\"inLanguage\":\"en-US\",\"potentialAction\":[{\"@type\":\"ReadAction\",\"target\":[\"https:\/\/investors.bittnet.ro\/en\/rezultate-financiare\/proforma-4q-22\/despre-standarde-contabile-versus-crearea-de-valoare\/\"]}]},{\"@type\":\"BreadcrumbList\",\"@id\":\"https:\/\/investors.bittnet.ro\/en\/rezultate-financiare\/proforma-4q-22\/despre-standarde-contabile-versus-crearea-de-valoare\/#breadcrumb\",\"itemListElement\":[{\"@type\":\"ListItem\",\"position\":1,\"name\":\"Home\",\"item\":\"https:\/\/investors.bittnet.ro\/en\/\"},{\"@type\":\"ListItem\",\"position\":2,\"name\":\"Rezultate financiare\",\"item\":\"https:\/\/investors.bittnet.ro\/en\/rezultate-financiare\/\"},{\"@type\":\"ListItem\",\"position\":3,\"name\":\"(RO) 2022.Q4 Rezultate Pro-Forma &#8211; Rezultate Pro-Forma Bittnet Group 2022 &#8211; Scrisoare de la Cristian Logofatu\",\"item\":\"https:\/\/investors.bittnet.ro\/en\/rezultate-financiare\/proforma-4q-22\/\"},{\"@type\":\"ListItem\",\"position\":4,\"name\":\"(RO) 2022.Q4 Rezultate Pro-Forma &#8211; Despre standarde contabile versus crearea de valoare\"}]},{\"@type\":\"WebSite\",\"@id\":\"https:\/\/investors.bittnet.ro\/en\/#website\",\"url\":\"https:\/\/investors.bittnet.ro\/en\/\",\"name\":\"Bittnet Investors Relations Site\",\"description\":\"Your Value. Upgraded.\",\"publisher\":{\"@id\":\"https:\/\/investors.bittnet.ro\/en\/#organization\"},\"potentialAction\":[{\"@type\":\"SearchAction\",\"target\":{\"@type\":\"EntryPoint\",\"urlTemplate\":\"https:\/\/investors.bittnet.ro\/en\/?s={search_term_string}\"},\"query-input\":\"required name=search_term_string\"}],\"inLanguage\":\"en-US\"},{\"@type\":\"Organization\",\"@id\":\"https:\/\/investors.bittnet.ro\/en\/#organization\",\"name\":\"Bittnet Group\",\"url\":\"https:\/\/investors.bittnet.ro\/en\/\",\"logo\":{\"@type\":\"ImageObject\",\"inLanguage\":\"en-US\",\"@id\":\"https:\/\/investors.bittnet.ro\/en\/#\/schema\/logo\/image\/\",\"url\":\"https:\/\/investors.bittnet.ro\/wp-content\/uploads\/2019\/05\/logo-grup.png\",\"contentUrl\":\"https:\/\/investors.bittnet.ro\/wp-content\/uploads\/2019\/05\/logo-grup.png\",\"width\":807,\"height\":442,\"caption\":\"Bittnet Group\"},\"image\":{\"@id\":\"https:\/\/investors.bittnet.ro\/en\/#\/schema\/logo\/image\/\"},\"sameAs\":[\"https:\/\/www.facebook.com\/BittnetSystems\/\",\"https:\/\/twitter.com\/NA\",\"http:\/\/na\",\"https:\/\/www.linkedin.com\/company\/bittnet-group\/\",\"https:\/\/www.youtube.com\/user\/BittnetSystems\"]}]}<\/script>\n<!-- \/ Yoast SEO plugin. -->","yoast_head_json":{"title":"Rezultate Pro-Forma Bittnet Group 2022","description":"Punem la dispozi\u021bia investitorilor raportul preliminar sub form\u0103 de pagina web, u\u0219or de urm\u0103rit \u0219i navigat doar la sec\u021biunile relevante pentru fiecare cititor.","robots":{"index":"index","follow":"follow","max-snippet":"max-snippet:-1","max-image-preview":"max-image-preview:large","max-video-preview":"max-video-preview:-1"},"canonical":"https:\/\/investors.bittnet.ro\/en\/rezultate-financiare\/proforma-4q-22\/despre-standarde-contabile-versus-crearea-de-valoare\/","og_locale":"en_US","og_type":"article","og_title":"Rezultate Pro-Forma Bittnet Group 2022","og_description":"Punem la dispozi\u021bia investitorilor raportul preliminar sub form\u0103 de pagina web, u\u0219or de urm\u0103rit \u0219i navigat doar la sec\u021biunile relevante pentru fiecare cititor.","og_url":"https:\/\/investors.bittnet.ro\/en\/rezultate-financiare\/proforma-4q-22\/despre-standarde-contabile-versus-crearea-de-valoare\/","og_site_name":"Bittnet Investors Relations Site","article_publisher":"https:\/\/www.facebook.com\/BittnetSystems\/","article_modified_time":"2024-09-03T08:48:52+00:00","twitter_card":"summary_large_image","twitter_site":"@NA","twitter_misc":{"Est. reading time":"7 minutes"},"schema":{"@context":"https:\/\/schema.org","@graph":[{"@type":"WebPage","@id":"https:\/\/investors.bittnet.ro\/en\/rezultate-financiare\/proforma-4q-22\/despre-standarde-contabile-versus-crearea-de-valoare\/","url":"https:\/\/investors.bittnet.ro\/en\/rezultate-financiare\/proforma-4q-22\/despre-standarde-contabile-versus-crearea-de-valoare\/","name":"Rezultate Pro-Forma Bittnet Group 2022","isPartOf":{"@id":"https:\/\/investors.bittnet.ro\/en\/#website"},"datePublished":"2023-02-06T13:31:43+00:00","dateModified":"2024-09-03T08:48:52+00:00","description":"Punem la dispozi\u021bia investitorilor raportul preliminar sub form\u0103 de pagina web, u\u0219or de urm\u0103rit \u0219i navigat doar la sec\u021biunile relevante pentru fiecare cititor.","breadcrumb":{"@id":"https:\/\/investors.bittnet.ro\/en\/rezultate-financiare\/proforma-4q-22\/despre-standarde-contabile-versus-crearea-de-valoare\/#breadcrumb"},"inLanguage":"en-US","potentialAction":[{"@type":"ReadAction","target":["https:\/\/investors.bittnet.ro\/en\/rezultate-financiare\/proforma-4q-22\/despre-standarde-contabile-versus-crearea-de-valoare\/"]}]},{"@type":"BreadcrumbList","@id":"https:\/\/investors.bittnet.ro\/en\/rezultate-financiare\/proforma-4q-22\/despre-standarde-contabile-versus-crearea-de-valoare\/#breadcrumb","itemListElement":[{"@type":"ListItem","position":1,"name":"Home","item":"https:\/\/investors.bittnet.ro\/en\/"},{"@type":"ListItem","position":2,"name":"Rezultate financiare","item":"https:\/\/investors.bittnet.ro\/en\/rezultate-financiare\/"},{"@type":"ListItem","position":3,"name":"(RO) 2022.Q4 Rezultate Pro-Forma &#8211; Rezultate Pro-Forma Bittnet Group 2022 &#8211; Scrisoare de la Cristian Logofatu","item":"https:\/\/investors.bittnet.ro\/en\/rezultate-financiare\/proforma-4q-22\/"},{"@type":"ListItem","position":4,"name":"(RO) 2022.Q4 Rezultate Pro-Forma &#8211; Despre standarde contabile versus crearea de valoare"}]},{"@type":"WebSite","@id":"https:\/\/investors.bittnet.ro\/en\/#website","url":"https:\/\/investors.bittnet.ro\/en\/","name":"Bittnet Investors Relations Site","description":"Your Value. Upgraded.","publisher":{"@id":"https:\/\/investors.bittnet.ro\/en\/#organization"},"potentialAction":[{"@type":"SearchAction","target":{"@type":"EntryPoint","urlTemplate":"https:\/\/investors.bittnet.ro\/en\/?s={search_term_string}"},"query-input":"required name=search_term_string"}],"inLanguage":"en-US"},{"@type":"Organization","@id":"https:\/\/investors.bittnet.ro\/en\/#organization","name":"Bittnet Group","url":"https:\/\/investors.bittnet.ro\/en\/","logo":{"@type":"ImageObject","inLanguage":"en-US","@id":"https:\/\/investors.bittnet.ro\/en\/#\/schema\/logo\/image\/","url":"https:\/\/investors.bittnet.ro\/wp-content\/uploads\/2019\/05\/logo-grup.png","contentUrl":"https:\/\/investors.bittnet.ro\/wp-content\/uploads\/2019\/05\/logo-grup.png","width":807,"height":442,"caption":"Bittnet Group"},"image":{"@id":"https:\/\/investors.bittnet.ro\/en\/#\/schema\/logo\/image\/"},"sameAs":["https:\/\/www.facebook.com\/BittnetSystems\/","https:\/\/twitter.com\/NA","http:\/\/na","https:\/\/www.linkedin.com\/company\/bittnet-group\/","https:\/\/www.youtube.com\/user\/BittnetSystems"]}]}},"_links":{"self":[{"href":"https:\/\/investors.bittnet.ro\/en\/wp-json\/wp\/v2\/pages\/20129","targetHints":{"allow":["GET"]}}],"collection":[{"href":"https:\/\/investors.bittnet.ro\/en\/wp-json\/wp\/v2\/pages"}],"about":[{"href":"https:\/\/investors.bittnet.ro\/en\/wp-json\/wp\/v2\/types\/page"}],"author":[{"embeddable":true,"href":"https:\/\/investors.bittnet.ro\/en\/wp-json\/wp\/v2\/users\/13"}],"replies":[{"embeddable":true,"href":"https:\/\/investors.bittnet.ro\/en\/wp-json\/wp\/v2\/comments?post=20129"}],"version-history":[{"count":13,"href":"https:\/\/investors.bittnet.ro\/en\/wp-json\/wp\/v2\/pages\/20129\/revisions"}],"predecessor-version":[{"id":24529,"href":"https:\/\/investors.bittnet.ro\/en\/wp-json\/wp\/v2\/pages\/20129\/revisions\/24529"}],"up":[{"embeddable":true,"href":"https:\/\/investors.bittnet.ro\/en\/wp-json\/wp\/v2\/pages\/20115"}],"wp:attachment":[{"href":"https:\/\/investors.bittnet.ro\/en\/wp-json\/wp\/v2\/media?parent=20129"}],"curies":[{"name":"wp","href":"https:\/\/api.w.org\/{rel}","templated":true}]}}