{"id":20120,"date":"2023-02-06T15:24:13","date_gmt":"2023-02-06T13:24:13","guid":{"rendered":"https:\/\/investors.bittnet.ro\/?page_id=20120"},"modified":"2023-02-23T13:07:01","modified_gmt":"2023-02-23T11:07:01","slug":"dimensiunea-grupului-la-2022","status":"publish","type":"page","link":"https:\/\/investors.bittnet.ro\/en\/rezultate-financiare\/proforma-4q-22\/dimensiunea-grupului-la-2022\/","title":{"rendered":"(RO) 2022.Q4 Rezultate Pro-Forma &#8211; Dimensiunea Grupului la 2022"},"content":{"rendered":"<section class=\"l-section wpb_row height_small\"><div class=\"l-section-h i-cf\"><div class=\"g-cols vc_row via_flex valign_top type_default stacking_default\"><div class=\"vc_col-sm-8 wpb_column vc_column_container\"><div class=\"vc_column-inner\"><div class=\"wpb_wrapper\"><div class=\"wpb_text_column\"><div class=\"wpb_wrapper\"><h1>Dimensiunea Grupului la 2022<\/h1>\n<\/div><\/div><div class=\"w-separator size_medium\"><\/div><div class=\"wpb_text_column\"><div class=\"wpb_wrapper\"><p>Tabelul de mai jos prezinta rezultatele cumulate ale tuturor companiilor aflate in grup la data de referinta \u2013 \u201ecapacitatea de generare de venituri\u201d a grupului la final de 2021 si la final de 2022. Cu alte cuvinte este vorba despre \u201acum incepem anul urmator\u2019 si reprezinta un fundament pt bugetul pe care il vom propune pt 2023.<br \/>\nNu este vorba despre consolidarea IFRS ci de rezultate <strong>pro-forma<\/strong> aplicand standardele romanesti de contabilitate \u2013 cumularea rezultatelor individuale ale companiilor, asa cum sunt depuse la Ministerul de Finante. Coloana (3) grupeaza la anul 2021 grupul nostru cu companiile TopTech si 2Net (care au fost incluse si in coloana 4), pentru a putea decela cresterea organica fata de cea prin achizitie.<\/p>\n<\/div><\/div><div class=\"w-separator size_small\"><\/div><div class=\"wpb_text_column us_custom_432d3f53\"><div class=\"wpb_wrapper\"><table width=\"649\">\n<tbody>\n<tr style=\"background-color: #97bd6f; border-color: #97bd6f;\">\n<td width=\"179\"><\/td>\n<td style=\"text-align: center;\" width=\"94\"><strong><strong>Grup BNET 2021<\/strong><\/strong><\/td>\n<td style=\"text-align: center;\" width=\"104\"><strong>Grup + TT&amp;2Net 2021<\/strong><\/td>\n<td style=\"text-align: center;\" width=\"100\"><strong><strong>Grup BNET 2022<\/strong><\/strong><\/td>\n<td style=\"text-align: center;\" width=\"88\"><strong>Crestere Organica %<\/strong><\/td>\n<td style=\"text-align: center;\" width=\"83\"><strong>Crestere Totala<\/strong><\/p>\n<p>&nbsp;<\/td>\n<\/tr>\n<tr style=\"background-color: #97bd6f;\">\n<td style=\"text-align: center;\" width=\"179\"><strong>(1)<\/strong><\/td>\n<td style=\"text-align: center;\" width=\"94\"><strong>(2)<\/strong><\/td>\n<td style=\"text-align: center;\" width=\"104\"><strong>(3)<\/strong><\/td>\n<td style=\"text-align: center;\" width=\"100\"><strong>(4)<\/strong><\/td>\n<td style=\"text-align: center;\" width=\"88\"><strong>(5)<\/strong><\/td>\n<td style=\"text-align: center;\" width=\"83\"><strong>(6)<\/strong><\/td>\n<\/tr>\n<tr>\n<td style=\"text-align: left;\" width=\"179\"><strong>Venituri Totale<\/strong><\/td>\n<td style=\"text-align: right;\" width=\"94\"><strong>135,085,301<\/strong><\/td>\n<td style=\"text-align: right;\" width=\"104\"><strong>215,167,252<\/strong><\/td>\n<td style=\"text-align: right;\" width=\"100\"><strong>268,717,361<\/strong><\/td>\n<td style=\"text-align: right;\" width=\"88\"><strong>25%<\/strong><\/td>\n<td style=\"text-align: right;\" width=\"83\"><strong>99%<\/strong><\/td>\n<\/tr>\n<tr>\n<td style=\"text-align: left;\" width=\"179\">Cifra de afaceri<\/td>\n<td style=\"text-align: right;\" width=\"94\">130,635,074<\/td>\n<td style=\"text-align: right;\" width=\"104\">210,162,049<\/td>\n<td style=\"text-align: right;\" width=\"100\">263,738,314<\/td>\n<td style=\"text-align: right;\" width=\"88\">25%<\/td>\n<td style=\"text-align: right;\" width=\"83\">102%<\/td>\n<\/tr>\n<tr>\n<td style=\"text-align: left;\" width=\"179\">Costul v\u00e2nz\u0103rilor<\/td>\n<td style=\"text-align: right;\" width=\"94\">-98,294,821<\/td>\n<td style=\"text-align: right;\" width=\"104\">-163,944,881<\/td>\n<td style=\"text-align: right;\" width=\"100\">-210,407,652<\/td>\n<td style=\"text-align: right;\" width=\"88\">28%<\/td>\n<td style=\"text-align: right;\" width=\"83\">114%<\/td>\n<\/tr>\n<tr>\n<td style=\"text-align: left;\" width=\"179\"><strong>Marja bruta<\/strong><\/td>\n<td style=\"text-align: right;\" width=\"94\"><strong>32,340,253<\/strong><\/td>\n<td style=\"text-align: right;\" width=\"104\"><strong>46,217,168<\/strong><\/td>\n<td style=\"text-align: right;\" width=\"100\"><strong>52,907,662<\/strong><\/td>\n<td style=\"text-align: right;\" width=\"88\"><strong>14%<\/strong><\/td>\n<td style=\"text-align: right;\" width=\"83\"><strong>64%<\/strong><\/td>\n<\/tr>\n<tr>\n<td style=\"text-align: left;\" width=\"179\">Costuri de vanzare\/distributie<\/td>\n<td style=\"text-align: right;\" width=\"94\">-9,588,054<\/td>\n<td style=\"text-align: right;\" width=\"104\">-9,683,226<\/td>\n<td style=\"text-align: right;\" width=\"100\">-13,441,381<\/td>\n<td style=\"text-align: right;\" width=\"88\">39%<\/td>\n<td style=\"text-align: right;\" width=\"83\">40%<\/td>\n<\/tr>\n<tr>\n<td style=\"text-align: left;\" width=\"179\">Cheltuieli administrative<\/td>\n<td style=\"text-align: right;\" width=\"94\">-15,012,057<\/td>\n<td style=\"text-align: right;\" width=\"104\">-25,695,911<\/td>\n<td style=\"text-align: right;\" width=\"100\">-36,791,295<\/td>\n<td style=\"text-align: right;\" width=\"88\">40%<\/td>\n<td style=\"text-align: right;\" width=\"83\">145%<\/td>\n<\/tr>\n<tr>\n<td style=\"text-align: right;\" width=\"179\"><em>din care amortizare<\/em><\/td>\n<td style=\"text-align: right;\" width=\"94\">-2,742,408<\/td>\n<td style=\"text-align: right;\" width=\"104\">-3,579,183<\/td>\n<td style=\"text-align: right;\" width=\"100\">-4,878,352<\/td>\n<td style=\"text-align: right;\" width=\"88\">36%<\/td>\n<td style=\"text-align: right;\" width=\"83\">78%<\/td>\n<\/tr>\n<tr>\n<td style=\"text-align: left;\" width=\"179\">EBIT<\/td>\n<td style=\"text-align: right;\" width=\"94\">12,190,370<\/td>\n<td style=\"text-align: right;\" width=\"104\">15,843,234<\/td>\n<td style=\"text-align: right;\" width=\"100\">8,077,034<\/td>\n<td style=\"text-align: right;\" width=\"88\">-49%<\/td>\n<td style=\"text-align: right;\" width=\"83\">-34%<\/td>\n<\/tr>\n<tr>\n<td style=\"text-align: left;\" width=\"179\">Rezultat one-off<\/td>\n<td style=\"text-align: right;\" width=\"94\">3,473,178<\/td>\n<td style=\"text-align: right;\" width=\"104\">3,473,178<\/td>\n<td style=\"text-align: right;\" width=\"100\">-387,001<\/td>\n<td style=\"text-align: right;\" width=\"88\">-111%<\/td>\n<td style=\"text-align: right;\" width=\"83\">-111%<\/td>\n<\/tr>\n<tr>\n<td style=\"text-align: left;\" width=\"179\"><strong>Profit operational (fara one-offs)<\/strong><\/td>\n<td style=\"text-align: right;\" width=\"94\"><strong>8,717,192<\/strong><\/td>\n<td style=\"text-align: right;\" width=\"104\"><strong>12,370,056<\/strong><\/td>\n<td style=\"text-align: right;\" width=\"100\"><strong>8,464,035<\/strong><\/td>\n<td style=\"text-align: right;\" width=\"88\"><strong>-32%<\/strong><\/td>\n<td style=\"text-align: right;\" width=\"83\"><strong>-3%<\/strong><\/td>\n<\/tr>\n<tr>\n<td style=\"text-align: left;\" width=\"179\">SOP expense<\/td>\n<td style=\"text-align: right;\" width=\"94\">-1,066,911<\/td>\n<td style=\"text-align: right;\" width=\"104\">-1,066,911<\/td>\n<td style=\"text-align: right;\" width=\"100\">-890,381<\/td>\n<td style=\"text-align: right;\" width=\"88\">-17%<\/td>\n<td style=\"text-align: right;\" width=\"83\">-17%<\/td>\n<\/tr>\n<tr>\n<td style=\"text-align: left;\" width=\"179\">Rezultat financiar net<\/td>\n<td style=\"text-align: right;\" width=\"94\">10,131,640<\/td>\n<td style=\"text-align: right;\" width=\"104\">9,880,337<\/td>\n<td style=\"text-align: right;\" width=\"100\">1,558,838<\/td>\n<td style=\"text-align: right;\" width=\"88\">-82%<\/td>\n<td style=\"text-align: right;\" width=\"83\">-85%<\/td>\n<\/tr>\n<tr>\n<td style=\"text-align: right;\" width=\"179\"><em>Reevaluari mark to market<\/em><\/td>\n<td style=\"text-align: right;\" width=\"94\">9,736,569<\/td>\n<td style=\"text-align: right;\" width=\"104\">9,736,569<\/td>\n<td style=\"text-align: right;\" width=\"100\">-2,888,985<\/td>\n<td style=\"text-align: right;\" width=\"88\">-130%<\/td>\n<td style=\"text-align: right;\" width=\"83\">-130%<\/td>\n<\/tr>\n<tr>\n<td style=\"text-align: left;\" width=\"179\"><strong>Profit brut<\/strong><\/td>\n<td style=\"text-align: right;\" width=\"94\"><strong>21,255,099<\/strong><\/td>\n<td style=\"text-align: right;\" width=\"104\"><strong>24,656,660<\/strong><\/td>\n<td style=\"text-align: right;\" width=\"100\"><strong>8,745,491<\/strong><\/td>\n<td style=\"text-align: right;\" width=\"88\"><strong>-65%<\/strong><\/td>\n<td style=\"text-align: right;\" width=\"83\"><strong>-59%<\/strong><\/td>\n<\/tr>\n<tr>\n<td style=\"text-align: left;\" width=\"179\">Impozit pe profit<\/td>\n<td style=\"text-align: right;\" width=\"94\">-2,004,531<\/td>\n<td style=\"text-align: right;\" width=\"104\">-2,533,737<\/td>\n<td style=\"text-align: right;\" width=\"100\">-386,791<\/td>\n<td style=\"text-align: right;\" width=\"88\">-85%<\/td>\n<td style=\"text-align: right;\" width=\"83\">-81%<\/td>\n<\/tr>\n<tr>\n<td style=\"text-align: left;\" width=\"179\"><strong>Profit net:<\/strong><\/td>\n<td style=\"text-align: right;\" width=\"94\"><strong>19,250,568<\/strong><\/td>\n<td style=\"text-align: right;\" width=\"104\"><strong>22,122,923<\/strong><\/td>\n<td style=\"text-align: right;\" width=\"100\"><strong>8,358,700<\/strong><\/td>\n<td style=\"text-align: right;\" width=\"88\"><strong>-62%<\/strong><\/td>\n<td style=\"text-align: right;\" width=\"83\"><strong>-57%<\/strong><\/td>\n<\/tr>\n<tr style=\"background-color: #97bd6f;\">\n<td width=\"179\"><strong>\u00a0<\/strong><\/td>\n<td width=\"94\"><strong>\u00a0<\/strong><\/td>\n<td width=\"104\"><strong>\u00a0<\/strong><\/td>\n<td width=\"100\"><strong>\u00a0<\/strong><\/td>\n<td width=\"88\"><\/td>\n<td width=\"83\"><\/td>\n<\/tr>\n<tr>\n<td style=\"text-align: left;\" width=\"179\">Cashflow Operational<\/td>\n<td style=\"text-align: right;\" width=\"94\">3,778,747<\/td>\n<td style=\"text-align: right;\" width=\"104\"><\/td>\n<td style=\"text-align: right;\" width=\"100\">17,696,434<\/td>\n<td style=\"text-align: right;\" width=\"88\"><\/td>\n<td style=\"text-align: right;\" width=\"83\">368%<\/td>\n<\/tr>\n<tr>\n<td style=\"text-align: left;\" width=\"179\">CashFlow Investitii<\/td>\n<td style=\"text-align: right;\" width=\"94\">(5,111,981)<\/td>\n<td style=\"text-align: right;\" width=\"104\"><\/td>\n<td style=\"text-align: right;\" width=\"100\">(13,565,743)<\/td>\n<td style=\"text-align: right;\" width=\"88\"><\/td>\n<td style=\"text-align: right;\" width=\"83\">165%<\/td>\n<\/tr>\n<tr>\n<td style=\"text-align: left;\" width=\"179\">CashFlow de finantare<\/td>\n<td style=\"text-align: right;\" width=\"94\">(136,225)<\/td>\n<td style=\"text-align: right;\" width=\"104\"><\/td>\n<td style=\"text-align: right;\" width=\"100\">14,773,204<\/td>\n<td style=\"text-align: right;\" width=\"88\"><\/td>\n<td style=\"text-align: right;\" width=\"83\">10.944%<\/td>\n<\/tr>\n<tr>\n<td style=\"text-align: left;\" width=\"179\"><strong>Cresterea neta de cash<\/strong><\/td>\n<td style=\"text-align: right;\" width=\"94\"><strong>(1,469,459)<\/strong><\/td>\n<td style=\"text-align: right;\" width=\"104\"><strong>\u00a0<\/strong><\/td>\n<td style=\"text-align: right;\" width=\"100\"><strong>\u00a018,903,895 <\/strong><\/td>\n<td style=\"text-align: right;\" width=\"88\"><\/td>\n<td style=\"text-align: right;\" width=\"83\"><strong>1.386%<\/strong><\/td>\n<\/tr>\n<tr>\n<td style=\"text-align: left;\" width=\"179\"><strong>Numerar la final an <\/strong><\/td>\n<td style=\"text-align: right;\" width=\"94\"><strong>\u00a023,403,197 <\/strong><\/td>\n<td style=\"text-align: right;\" width=\"104\"><strong>\u00a0<\/strong><\/td>\n<td style=\"text-align: right;\" width=\"100\"><strong> \u00a042,307,092 <\/strong><\/td>\n<td style=\"text-align: right;\" width=\"88\"><\/td>\n<td style=\"text-align: right;\" width=\"83\"><strong>81%<\/strong><\/td>\n<\/tr>\n<\/tbody>\n<\/table>\n<\/div><\/div><div class=\"w-separator size_medium\"><\/div><div class=\"wpb_text_column\"><div class=\"wpb_wrapper\"><p><span class=\"ui-provider xf b c d e f g h i j k l m n o p q r s t u v w x y z ab ac ae af ag ah ai aj ak\" dir=\"ltr\">Rezultatele pro-forma prezentate \u00een tabelul de mai sus reprezint\u0103 o cumulare a rezultatelor individuale preliminare ale companiilor \u00een care emitentul de\u021bine controlul la data de 31.12.2022. Aceste rezultate cumulate nu iau in considerare ajustarile de consolidare conform standardelor IFRS, cum ar fi, dar f\u0103r\u0103 a se limita la: ajustari privind tranzac\u021biile intragrup (ICO), ajust\u0103rile privind companiile achizi\u021bionate \u00een cursul exercitiului financiar (TopTech si 2NET), ajust\u0103rile legate de v\u00e2nzarea de participa\u021bii minoritare \u00een cursul exerci\u021biului financiar (respectiv 14% din TopTech \u0219i 11,99% din Dendrio); ajust\u0103rile legate de veniturile financiare aferente distribu\u021biilor de dividende intragrup.<br \/>\n<\/span><\/p>\n<\/div><\/div><div class=\"w-separator size_large\"><\/div><\/div><\/div><\/div><div class=\"vc_col-sm-4 wpb_column vc_column_container\"><div class=\"vc_column-inner\"><div class=\"wpb_wrapper\"><div class=\"w-separator size_small\"><\/div><nav class=\"w-menu layout_ver style_blocks us_menu_1 with_children\" style=\"--main-gap:1.5rem;--main-ver-indent:0.8em;--main-hor-indent:0.8em;--main-bg-color:#f5f5f5;--main-color:inherit;--main-hover-bg-color:#8dbe65;--main-hover-color:#ffffff;--main-active-bg-color:#8dbe65;--main-active-color:#ffffff;--sub-gap:5px;\"><ul id=\"menu-ro-2022-q4-rezultate-pro-forma\" class=\"menu\"><li id=\"menu-item-20220\" class=\"menu-item menu-item-type-post_type menu-item-object-page menu-item-20220\"><a href=\"https:\/\/investors.bittnet.ro\/abonare-newsletter\/\">Newsletter subscription<\/a><\/li><\/ul><style>@media ( max-width:600px ){.us_menu_1 .menu{display:block!important}.us_menu_1 .menu>li:not(:last-child){margin:0 0 var(--main-gap,1.5rem)!important}}<\/style><\/nav><\/div><\/div><\/div><\/div><\/div><\/section>\n","protected":false},"excerpt":{"rendered":"Dimensiunea Grupului la 2022 Tabelul de mai jos prezinta rezultatele cumulate ale tuturor companiilor aflate in grup la data de referinta \u2013 \u201ecapacitatea de generare de venituri\u201d a grupului la final de 2021 si la final de 2022. Cu alte cuvinte este vorba despre \u201acum incepem anul urmator\u2019 si reprezinta un fundament pt bugetul pe...","protected":false},"author":13,"featured_media":20109,"parent":20115,"menu_order":1,"comment_status":"closed","ping_status":"closed","template":"","meta":{"footnotes":""},"class_list":["post-20120","page","type-page","status-publish","has-post-thumbnail","hentry"],"yoast_head":"<!-- This site is optimized with the Yoast SEO plugin v20.8 - https:\/\/yoast.com\/wordpress\/plugins\/seo\/ -->\n<title>Rezultate Pro-Forma Bittnet Group 2022<\/title>\n<meta name=\"description\" content=\"Punem la dispozi\u021bia investitorilor raportul preliminar sub form\u0103 de pagina web, u\u0219or de urm\u0103rit \u0219i navigat doar la sec\u021biunile relevante pentru fiecare cititor.\" \/>\n<meta name=\"robots\" content=\"index, follow, max-snippet:-1, max-image-preview:large, max-video-preview:-1\" \/>\n<link rel=\"canonical\" href=\"https:\/\/investors.bittnet.ro\/en\/rezultate-financiare\/proforma-4q-22\/dimensiunea-grupului-la-2022\/\" \/>\n<meta property=\"og:locale\" content=\"en_US\" \/>\n<meta property=\"og:type\" content=\"article\" \/>\n<meta property=\"og:title\" content=\"Rezultate Pro-Forma Bittnet Group 2022\" \/>\n<meta property=\"og:description\" content=\"Punem la dispozi\u021bia investitorilor raportul preliminar sub form\u0103 de pagina web, u\u0219or de urm\u0103rit \u0219i navigat doar la sec\u021biunile relevante pentru fiecare cititor.\" \/>\n<meta property=\"og:url\" content=\"https:\/\/investors.bittnet.ro\/en\/rezultate-financiare\/proforma-4q-22\/dimensiunea-grupului-la-2022\/\" \/>\n<meta property=\"og:site_name\" content=\"Bittnet Investors Relations Site\" \/>\n<meta property=\"article:publisher\" content=\"https:\/\/www.facebook.com\/BittnetSystems\/\" \/>\n<meta property=\"article:modified_time\" content=\"2023-02-23T11:07:01+00:00\" \/>\n<meta property=\"og:image\" content=\"https:\/\/investors.bittnet.ro\/wp-content\/uploads\/2023\/02\/Cristian_Logofatu.jpg\" \/>\n\t<meta property=\"og:image:width\" content=\"1200\" \/>\n\t<meta property=\"og:image:height\" content=\"800\" \/>\n\t<meta property=\"og:image:type\" content=\"image\/jpeg\" \/>\n<meta name=\"twitter:card\" content=\"summary_large_image\" \/>\n<meta name=\"twitter:site\" content=\"@NA\" \/>\n<meta name=\"twitter:label1\" content=\"Est. reading time\" \/>\n\t<meta name=\"twitter:data1\" content=\"2 minutes\" \/>\n<script type=\"application\/ld+json\" class=\"yoast-schema-graph\">{\"@context\":\"https:\/\/schema.org\",\"@graph\":[{\"@type\":\"WebPage\",\"@id\":\"https:\/\/investors.bittnet.ro\/en\/rezultate-financiare\/proforma-4q-22\/dimensiunea-grupului-la-2022\/\",\"url\":\"https:\/\/investors.bittnet.ro\/en\/rezultate-financiare\/proforma-4q-22\/dimensiunea-grupului-la-2022\/\",\"name\":\"Rezultate Pro-Forma Bittnet Group 2022\",\"isPartOf\":{\"@id\":\"https:\/\/investors.bittnet.ro\/en\/#website\"},\"datePublished\":\"2023-02-06T13:24:13+00:00\",\"dateModified\":\"2023-02-23T11:07:01+00:00\",\"description\":\"Punem la dispozi\u021bia investitorilor raportul preliminar sub form\u0103 de pagina web, u\u0219or de urm\u0103rit \u0219i navigat doar la sec\u021biunile relevante pentru fiecare cititor.\",\"breadcrumb\":{\"@id\":\"https:\/\/investors.bittnet.ro\/en\/rezultate-financiare\/proforma-4q-22\/dimensiunea-grupului-la-2022\/#breadcrumb\"},\"inLanguage\":\"en-US\",\"potentialAction\":[{\"@type\":\"ReadAction\",\"target\":[\"https:\/\/investors.bittnet.ro\/en\/rezultate-financiare\/proforma-4q-22\/dimensiunea-grupului-la-2022\/\"]}]},{\"@type\":\"BreadcrumbList\",\"@id\":\"https:\/\/investors.bittnet.ro\/en\/rezultate-financiare\/proforma-4q-22\/dimensiunea-grupului-la-2022\/#breadcrumb\",\"itemListElement\":[{\"@type\":\"ListItem\",\"position\":1,\"name\":\"Home\",\"item\":\"https:\/\/investors.bittnet.ro\/en\/\"},{\"@type\":\"ListItem\",\"position\":2,\"name\":\"Rezultate financiare\",\"item\":\"https:\/\/investors.bittnet.ro\/en\/rezultate-financiare\/\"},{\"@type\":\"ListItem\",\"position\":3,\"name\":\"(RO) 2022.Q4 Rezultate Pro-Forma &#8211; Rezultate Pro-Forma Bittnet Group 2022 &#8211; Scrisoare de la Cristian Logofatu\",\"item\":\"https:\/\/investors.bittnet.ro\/en\/rezultate-financiare\/proforma-4q-22\/\"},{\"@type\":\"ListItem\",\"position\":4,\"name\":\"(RO) 2022.Q4 Rezultate Pro-Forma &#8211; Dimensiunea Grupului la 2022\"}]},{\"@type\":\"WebSite\",\"@id\":\"https:\/\/investors.bittnet.ro\/en\/#website\",\"url\":\"https:\/\/investors.bittnet.ro\/en\/\",\"name\":\"Bittnet Investors Relations Site\",\"description\":\"Your Value. Upgraded.\",\"publisher\":{\"@id\":\"https:\/\/investors.bittnet.ro\/en\/#organization\"},\"potentialAction\":[{\"@type\":\"SearchAction\",\"target\":{\"@type\":\"EntryPoint\",\"urlTemplate\":\"https:\/\/investors.bittnet.ro\/en\/?s={search_term_string}\"},\"query-input\":\"required name=search_term_string\"}],\"inLanguage\":\"en-US\"},{\"@type\":\"Organization\",\"@id\":\"https:\/\/investors.bittnet.ro\/en\/#organization\",\"name\":\"Bittnet Group\",\"url\":\"https:\/\/investors.bittnet.ro\/en\/\",\"logo\":{\"@type\":\"ImageObject\",\"inLanguage\":\"en-US\",\"@id\":\"https:\/\/investors.bittnet.ro\/en\/#\/schema\/logo\/image\/\",\"url\":\"https:\/\/investors.bittnet.ro\/wp-content\/uploads\/2019\/05\/logo-grup.png\",\"contentUrl\":\"https:\/\/investors.bittnet.ro\/wp-content\/uploads\/2019\/05\/logo-grup.png\",\"width\":807,\"height\":442,\"caption\":\"Bittnet Group\"},\"image\":{\"@id\":\"https:\/\/investors.bittnet.ro\/en\/#\/schema\/logo\/image\/\"},\"sameAs\":[\"https:\/\/www.facebook.com\/BittnetSystems\/\",\"https:\/\/twitter.com\/NA\",\"http:\/\/na\",\"https:\/\/www.linkedin.com\/company\/bittnet-group\/\",\"https:\/\/www.youtube.com\/user\/BittnetSystems\"]}]}<\/script>\n<!-- \/ Yoast SEO plugin. -->","yoast_head_json":{"title":"Rezultate Pro-Forma Bittnet Group 2022","description":"Punem la dispozi\u021bia investitorilor raportul preliminar sub form\u0103 de pagina web, u\u0219or de urm\u0103rit \u0219i navigat doar la sec\u021biunile relevante pentru fiecare cititor.","robots":{"index":"index","follow":"follow","max-snippet":"max-snippet:-1","max-image-preview":"max-image-preview:large","max-video-preview":"max-video-preview:-1"},"canonical":"https:\/\/investors.bittnet.ro\/en\/rezultate-financiare\/proforma-4q-22\/dimensiunea-grupului-la-2022\/","og_locale":"en_US","og_type":"article","og_title":"Rezultate Pro-Forma Bittnet Group 2022","og_description":"Punem la dispozi\u021bia investitorilor raportul preliminar sub form\u0103 de pagina web, u\u0219or de urm\u0103rit \u0219i navigat doar la sec\u021biunile relevante pentru fiecare cititor.","og_url":"https:\/\/investors.bittnet.ro\/en\/rezultate-financiare\/proforma-4q-22\/dimensiunea-grupului-la-2022\/","og_site_name":"Bittnet Investors Relations Site","article_publisher":"https:\/\/www.facebook.com\/BittnetSystems\/","article_modified_time":"2023-02-23T11:07:01+00:00","og_image":[{"width":1200,"height":800,"url":"https:\/\/investors.bittnet.ro\/wp-content\/uploads\/2023\/02\/Cristian_Logofatu.jpg","type":"image\/jpeg"}],"twitter_card":"summary_large_image","twitter_site":"@NA","twitter_misc":{"Est. reading time":"2 minutes"},"schema":{"@context":"https:\/\/schema.org","@graph":[{"@type":"WebPage","@id":"https:\/\/investors.bittnet.ro\/en\/rezultate-financiare\/proforma-4q-22\/dimensiunea-grupului-la-2022\/","url":"https:\/\/investors.bittnet.ro\/en\/rezultate-financiare\/proforma-4q-22\/dimensiunea-grupului-la-2022\/","name":"Rezultate Pro-Forma Bittnet Group 2022","isPartOf":{"@id":"https:\/\/investors.bittnet.ro\/en\/#website"},"datePublished":"2023-02-06T13:24:13+00:00","dateModified":"2023-02-23T11:07:01+00:00","description":"Punem la dispozi\u021bia investitorilor raportul preliminar sub form\u0103 de pagina web, u\u0219or de urm\u0103rit \u0219i navigat doar la sec\u021biunile relevante pentru fiecare cititor.","breadcrumb":{"@id":"https:\/\/investors.bittnet.ro\/en\/rezultate-financiare\/proforma-4q-22\/dimensiunea-grupului-la-2022\/#breadcrumb"},"inLanguage":"en-US","potentialAction":[{"@type":"ReadAction","target":["https:\/\/investors.bittnet.ro\/en\/rezultate-financiare\/proforma-4q-22\/dimensiunea-grupului-la-2022\/"]}]},{"@type":"BreadcrumbList","@id":"https:\/\/investors.bittnet.ro\/en\/rezultate-financiare\/proforma-4q-22\/dimensiunea-grupului-la-2022\/#breadcrumb","itemListElement":[{"@type":"ListItem","position":1,"name":"Home","item":"https:\/\/investors.bittnet.ro\/en\/"},{"@type":"ListItem","position":2,"name":"Rezultate financiare","item":"https:\/\/investors.bittnet.ro\/en\/rezultate-financiare\/"},{"@type":"ListItem","position":3,"name":"(RO) 2022.Q4 Rezultate Pro-Forma &#8211; Rezultate Pro-Forma Bittnet Group 2022 &#8211; Scrisoare de la Cristian Logofatu","item":"https:\/\/investors.bittnet.ro\/en\/rezultate-financiare\/proforma-4q-22\/"},{"@type":"ListItem","position":4,"name":"(RO) 2022.Q4 Rezultate Pro-Forma &#8211; Dimensiunea Grupului la 2022"}]},{"@type":"WebSite","@id":"https:\/\/investors.bittnet.ro\/en\/#website","url":"https:\/\/investors.bittnet.ro\/en\/","name":"Bittnet Investors Relations Site","description":"Your Value. Upgraded.","publisher":{"@id":"https:\/\/investors.bittnet.ro\/en\/#organization"},"potentialAction":[{"@type":"SearchAction","target":{"@type":"EntryPoint","urlTemplate":"https:\/\/investors.bittnet.ro\/en\/?s={search_term_string}"},"query-input":"required name=search_term_string"}],"inLanguage":"en-US"},{"@type":"Organization","@id":"https:\/\/investors.bittnet.ro\/en\/#organization","name":"Bittnet Group","url":"https:\/\/investors.bittnet.ro\/en\/","logo":{"@type":"ImageObject","inLanguage":"en-US","@id":"https:\/\/investors.bittnet.ro\/en\/#\/schema\/logo\/image\/","url":"https:\/\/investors.bittnet.ro\/wp-content\/uploads\/2019\/05\/logo-grup.png","contentUrl":"https:\/\/investors.bittnet.ro\/wp-content\/uploads\/2019\/05\/logo-grup.png","width":807,"height":442,"caption":"Bittnet Group"},"image":{"@id":"https:\/\/investors.bittnet.ro\/en\/#\/schema\/logo\/image\/"},"sameAs":["https:\/\/www.facebook.com\/BittnetSystems\/","https:\/\/twitter.com\/NA","http:\/\/na","https:\/\/www.linkedin.com\/company\/bittnet-group\/","https:\/\/www.youtube.com\/user\/BittnetSystems"]}]}},"_links":{"self":[{"href":"https:\/\/investors.bittnet.ro\/en\/wp-json\/wp\/v2\/pages\/20120","targetHints":{"allow":["GET"]}}],"collection":[{"href":"https:\/\/investors.bittnet.ro\/en\/wp-json\/wp\/v2\/pages"}],"about":[{"href":"https:\/\/investors.bittnet.ro\/en\/wp-json\/wp\/v2\/types\/page"}],"author":[{"embeddable":true,"href":"https:\/\/investors.bittnet.ro\/en\/wp-json\/wp\/v2\/users\/13"}],"replies":[{"embeddable":true,"href":"https:\/\/investors.bittnet.ro\/en\/wp-json\/wp\/v2\/comments?post=20120"}],"version-history":[{"count":24,"href":"https:\/\/investors.bittnet.ro\/en\/wp-json\/wp\/v2\/pages\/20120\/revisions"}],"predecessor-version":[{"id":20736,"href":"https:\/\/investors.bittnet.ro\/en\/wp-json\/wp\/v2\/pages\/20120\/revisions\/20736"}],"up":[{"embeddable":true,"href":"https:\/\/investors.bittnet.ro\/en\/wp-json\/wp\/v2\/pages\/20115"}],"wp:featuredmedia":[{"embeddable":true,"href":"https:\/\/investors.bittnet.ro\/en\/wp-json\/wp\/v2\/media\/20109"}],"wp:attachment":[{"href":"https:\/\/investors.bittnet.ro\/en\/wp-json\/wp\/v2\/media?parent=20120"}],"curies":[{"name":"wp","href":"https:\/\/api.w.org\/{rel}","templated":true}]}}