{"id":19644,"date":"2022-12-20T14:25:44","date_gmt":"2022-12-20T12:25:44","guid":{"rendered":"https:\/\/investors.bittnet.ro\/?page_id=19644"},"modified":"2026-03-31T15:55:02","modified_gmt":"2026-03-31T12:55:02","slug":"document-de-inregistrare","status":"publish","type":"page","link":"https:\/\/investors.bittnet.ro\/en\/document-de-inregistrare\/","title":{"rendered":"Document de \u00cenregistrare"},"content":{"rendered":"<section class=\"l-section wpb_row height_small\"><div class=\"l-section-h i-cf\"><div class=\"g-cols vc_row via_flex valign_top type_default stacking_default\"><div class=\"vc_col-sm-12 wpb_column vc_column_container\"><div class=\"vc_column-inner\"><div class=\"wpb_wrapper\"><div class=\"g-cols wpb_row via_flex valign_top type_default stacking_default\"><div class=\"vc_col-sm-12 wpb_column vc_column_container\"><div class=\"vc_column-inner\"><div class=\"wpb_wrapper\"><div class=\"wpb_text_column us_custom_92d565f4 has_text_color\" id=\"first_wpb_text_column\"><div class=\"wpb_wrapper\"><h2>Document de \u00cenregistrare Universal<\/h2>\n<\/div><\/div><div class=\"w-separator size_small with_line width_default thick_2 style_solid color_border align_center with_content\"><div class=\"w-separator-h\"><i class=\"fas fa-folders\"><\/i><\/div><\/div><\/div><\/div><\/div><\/div><div class=\"g-cols wpb_row via_flex valign_top type_default stacking_default\"><div class=\"vc_col-sm-6 wpb_column vc_column_container\"><div class=\"vc_column-inner\"><div class=\"wpb_wrapper\"><div class=\"w-btn-wrapper align_none\"><a class=\"w-btn us-btn-style_1\" href=\"https:\/\/investors.bittnet.ro\/wp-content\/uploads\/2026\/03\/BNET-Document-inregistrare-Universal-Raport-Anual-2025.pdf\"><span class=\"w-btn-label\">Document de \u00eenregistrare Universal 2026<\/span><\/a><\/div><div class=\"w-btn-wrapper align_none\"><a class=\"w-btn us-btn-style_1\" href=\"https:\/\/investors.bittnet.ro\/wp-content\/uploads\/2025\/05\/BNET-Document-de-inregistrare-Universal-2025.pdf\"><span class=\"w-btn-label\">Document de inregistrare Universal 2025<\/span><\/a><\/div><div class=\"w-btn-wrapper align_none\"><a class=\"w-btn us-btn-style_1\" href=\"https:\/\/investors.bittnet.ro\/wp-content\/uploads\/2024\/05\/Bittnet_BNET-Document-de-inregistrare-Universal.pdf\"><span class=\"w-btn-label\">Document de inregistrare Universal 2024<\/span><\/a><\/div><div class=\"w-btn-wrapper align_none\"><a class=\"w-btn us-btn-style_1\" target=\"_blank\" rel=\"nofollow\" href=\"https:\/\/investors.bittnet.ro\/wp-content\/uploads\/2023\/11\/BNET-Document-de-inregistrare-Universal-forma-consolidata-Nov-2023.pdf\"><span class=\"w-btn-label\">Doc Inreg Univ &#8211; forma Amendata &amp; Consolidata 03.11.2023<\/span><\/a><\/div><div class=\"w-btn-wrapper align_none\"><a class=\"w-btn us-btn-style_1\" target=\"_blank\" rel=\"nofollow\" href=\"https:\/\/investors.bittnet.ro\/wp-content\/uploads\/2023\/04\/BNET-Document-de-inregistrare-Universal-Bittnet-Ro.pdf\"><span class=\"w-btn-label\">Document de inregistrare Universal 2023<\/span><\/a><\/div><div class=\"w-btn-wrapper align_none\"><a class=\"w-btn us-btn-style_1\" href=\"https:\/\/investors.bittnet.ro\/wp-content\/uploads\/2022\/12\/BNET-AmendamentAnexa-Document-de-inreg-Universal-2022-Dec2022.pdf\"><span class=\"w-btn-label\">Doc Inreg Univ &#8211; forma Amendata &amp; Consolidata 12.12.2022<\/span><\/a><\/div><div class=\"w-btn-wrapper align_none\"><a class=\"w-btn us-btn-style_3\" title=\"Situatii financiare consolidate cu note\" href=\"https:\/\/m.bvb.ro\/infocont\/infocont22\/BNET_20220504135452_Document-de-inregistrare-Universal-Bittnet-BNET---2022.pdf\"><span class=\"w-btn-label\">Document de inregistrare Universal aferent 2022<\/span><\/a><\/div><div class=\"w-separator size_small\"><\/div><div class=\"w-btn-wrapper align_left\"><a class=\"w-btn us-btn-style_3\" title=\"Situatii financiare consolidate cu note\" href=\"https:\/\/investors.bittnet.ro\/wp-content\/uploads\/2021\/05\/Document-de-inregistrare-universal-Bittnet-2021.pdf\"><span class=\"w-btn-label\">Document de inregistrare Universal aferent 2021<\/span><\/a><\/div><div class=\"w-separator size_small\"><\/div><div class=\"w-btn-wrapper align_left\"><a class=\"w-btn us-btn-style_3\" title=\"Situatii financiare consolidate cu note\" href=\"https:\/\/m.bvb.ro\/infocont\/infocont20\/BNET_20200716212135_Document-de-inregistrare-universal---Bittnet.pdf\"><span class=\"w-btn-label\">Document de inregistrare Universal aferent 2020<\/span><\/a><\/div><\/div><\/div><\/div><div class=\"vc_col-sm-6 wpb_column vc_column_container\"><div class=\"vc_column-inner\"><div class=\"wpb_wrapper\"><div class=\"wpb_text_column us_custom_432d3f53\"><div class=\"wpb_wrapper\"><p>Bittnet este primul \u0219i singurul emitent listat la Bursa de Valori Bucure\u0219ti care preg\u0103te\u0219te \u0219i public\u0103, \u00eencep\u00e2nd cu anul 2020, Documentul de \u00eenregistrare Universal, ob\u021bin\u00e2nd \u0219i p\u0103str\u00e2nd astfel statutul de emitent frecvent de instrumente financiare.<\/p>\n<p>Al\u0103turat list\u0103m arhiva cu Documentele de \u00eenregistrare Universale publicate \u00een anii 2020, 2021, 2022, 2023, 2024, 2025 \u0219i 2026 precum \u0219i forma consolidat\u0103 a Documentului \u0219i Amendamentelor publicate de-a lungul vremii, care au avut rolul de a actualiza informa\u021biile referitore la Emitent \u0219i la grupul din care face parte.<\/p>\n<p>Conform Regulamentului UE 1129 \/ 2017, art. 9, aliniat (12): \u00cen cazul \u00een care documentul de \u00eenregistrare universal se public\u0103 \u00een cel mult patru luni de la sf\u00e2r\u0219itul exerci\u021biului financiar \u0219i con\u021bine informa\u021biile care trebuie comunicate \u00een raportul financiar anual men\u021bionat la art. 4 din Directiva 2004\/109\/CE, se consider\u0103 c\u0103 Emitentul \u0219i-a \u00eendeplinit obliga\u021bia de a publica raportul financiar anual.<\/p>\n<\/div><\/div><\/div><\/div><\/div><\/div><div class=\"w-separator size_small with_line width_default thick_2 style_solid color_border align_center with_content\"><div class=\"w-separator-h\"><i class=\"fas fa-folders\"><\/i><\/div><\/div><div class=\"wpb_text_column us_custom_432d3f53\"><div class=\"wpb_wrapper\"><p>Av\u00e2nd \u00een vedere ca ASF a aprobat pentru dou\u0103 exerci\u021bii financiare consecutive, Documentul de \u00eenregistrare Universal, prin Deciziile nr. 867 din 15.07.2020 \u0219i nr. 591 din 06.05.2021, \u00eencep\u00e2nd cu anul 2022 nu a mai fost necesar\u0103 o aprobare prealabil\u0103 a Documentului din partea ASF, \u00een conf. Articolului 9, alin. (2) din Regulamentul UE2017\/1129. Astfel, Emitentul a publicat pe BVB \u0219i transmis ASF, \u00een luna Mai 2022, Documentul de \u00eenregistrare Universal pentru a men\u021bine statutul de emitent frecvent. Documentul a fost modificat \u00een Decembrie 2022, printr-un Amendamnet, cu informa\u021biile actualizate la zi av\u00e2nd \u00een vedere c\u0103 de la data public\u0103rii sale ini\u021biale trecuser\u0103 mai multe perioade de raportare financiar\u0103 interimare \u0219i av\u00e2nd \u00een vedere c\u0103 Emitentul inten\u021biona s\u0103 foloseasc\u0103 acest Document \u00eentr-o viitoare majorare de capital social ca parte din Prospectul operatiunii.<\/p>\n<p>Regulamentul (UE) 2019\/980 privind prospectul a creat cadrul pentru un nou document, cunoscut sub numele de <em>\u201eDocument de \u00eenregistrare universal\u201d<\/em>, conceput cu scopul de a accelera procesul de aprobare a prospectului pentru emiten\u021bii frecven\u021bi de instrumente financiare. \u00cen conformitate cu Regulamentul UE, emiten\u021bii frecven\u021bi sunt \u00eencuraja\u021bi s\u0103 \u00ee\u0219i elaboreze prospectele sub forma unor documente distincte, deoarece acest lucru reduce costul de asigurare a conformita\u021bii \u0219i le permite s\u0103 reac\u021bioneze rapid la oportunit\u0103\u021bile pie\u021bei. Prin urmare, emiten\u021bii ale c\u0103ror instrumente financiare sunt admise la tranzac\u021bionare pe pie\u021be reglementate sau \u00een cadrul SMT au posibilitatea de a elabora \u0219i publica, \u00een fiecare exerci\u021biu financiar, un document de \u00eenregistrare universal care s\u0103 con\u021bin\u0103 informa\u021bii juridice, comerciale, financiare, contabile \u0219i cu privire la structura ac\u021bionarilor \u0219i s\u0103 furnizeze o descriere a emitentului pentru exerci\u021biul financiar respectiv.<\/p>\n<p>\u00centocmirea unui Document de \u00eenregistrare Universal permite emitentului s\u0103 actualizeze informa\u021biile \u0219i s\u0103 elaboreze un prospect atunci c\u00e2nd condi\u021biile de pia\u021b\u0103 devin favorabile unei oferte publice de instrumente financiare sau unei admiteri la tranzac\u021bionare pe o pia\u021b\u0103 reglementat\u0103, prin adaugarea unei note privind prezentarea instrumentelor (ac\u021biuni \/ obliga\u021biuni) \u0219i a unui rezumat. Documentul de \u00eenregistrare universal este utilizat ca o sursa de referin\u021ba privind emitentul, oferind investitorilor \u0219i anali\u0219tilor informa\u021biile minime necesare pentru a lua o hot\u0103r\u00e2re \u00een cuno\u0219tin\u021b\u0103 de cauz\u0103 privind activitatea, situa\u021bia financiar\u0103, c\u00e2\u0219tigurile \u0219i perspectivele, guvernan\u021ba \u0219i structura ac\u021bionarilor societ\u0103\u021bii.<\/p>\n<p>Bittnet a utilizat Documentul de \u00eenregistrare universal \u00een cadrul Prospectelor de oferte publice: pentru emiterea de ac\u021biuni noi (\u00een cadrul unei major\u0103ri de capital derulat\u0103 \u00een trimestrul 1, 2023) precum \u0219i \u00een cadrul ofertelor publice de v\u00e2nare de obliga\u021biuni corporative sub simbolurile BNET27A, BNET28 \u0219i BNET28A.<\/p>\n<\/div><\/div><\/div><\/div><\/div><\/div><\/div><\/section>\n","protected":false},"excerpt":{"rendered":"Document de \u00cenregistrare Universal Document de \u00eenregistrare Universal 2026Document de inregistrare Universal 2025Document de inregistrare Universal 2024Doc Inreg Univ &#8211; forma Amendata &amp; Consolidata 03.11.2023Document de inregistrare Universal 2023Doc Inreg Univ &#8211; forma Amendata &amp; Consolidata 12.12.2022Document de inregistrare Universal aferent 2022Document de inregistrare Universal aferent 2021Document de inregistrare Universal aferent 2020Bittnet este primul \u0219i...","protected":false},"author":26,"featured_media":0,"parent":0,"menu_order":0,"comment_status":"closed","ping_status":"closed","template":"","meta":{"footnotes":""},"class_list":["post-19644","page","type-page","status-publish","hentry"],"yoast_head":"<!-- This site is optimized with the Yoast SEO plugin v20.8 - https:\/\/yoast.com\/wordpress\/plugins\/seo\/ -->\n<title>Download fisiere - Bittnet<\/title>\n<meta name=\"description\" content=\"Download fisiere - Bittnet - Situatii financiare preliminare neauditate - Infochart - Raport situatii financiare preliminar\" \/>\n<meta name=\"robots\" content=\"index, follow, max-snippet:-1, max-image-preview:large, max-video-preview:-1\" \/>\n<link rel=\"canonical\" href=\"https:\/\/investors.bittnet.ro\/en\/document-de-inregistrare\/\" \/>\n<meta property=\"og:locale\" content=\"en_US\" \/>\n<meta property=\"og:type\" content=\"article\" \/>\n<meta property=\"og:title\" content=\"Download fisiere - Bittnet\" \/>\n<meta property=\"og:description\" content=\"Download fisiere - Bittnet - Situatii financiare preliminare neauditate - Infochart - Raport situatii financiare preliminar\" \/>\n<meta property=\"og:url\" content=\"https:\/\/investors.bittnet.ro\/en\/document-de-inregistrare\/\" \/>\n<meta property=\"og:site_name\" content=\"Bittnet Investors Relations Site\" \/>\n<meta property=\"article:publisher\" content=\"https:\/\/www.facebook.com\/BittnetSystems\/\" \/>\n<meta property=\"article:modified_time\" content=\"2026-03-31T12:55:02+00:00\" \/>\n<meta name=\"twitter:card\" content=\"summary_large_image\" \/>\n<meta name=\"twitter:site\" content=\"@NA\" \/>\n<meta name=\"twitter:label1\" content=\"Est. reading time\" \/>\n\t<meta name=\"twitter:data1\" content=\"4 minutes\" \/>\n<script type=\"application\/ld+json\" class=\"yoast-schema-graph\">{\"@context\":\"https:\/\/schema.org\",\"@graph\":[{\"@type\":\"WebPage\",\"@id\":\"https:\/\/investors.bittnet.ro\/en\/document-de-inregistrare\/\",\"url\":\"https:\/\/investors.bittnet.ro\/en\/document-de-inregistrare\/\",\"name\":\"Download fisiere - Bittnet\",\"isPartOf\":{\"@id\":\"https:\/\/investors.bittnet.ro\/en\/#website\"},\"datePublished\":\"2022-12-20T12:25:44+00:00\",\"dateModified\":\"2026-03-31T12:55:02+00:00\",\"description\":\"Download fisiere - Bittnet - Situatii financiare preliminare neauditate - Infochart - Raport situatii financiare preliminar\",\"breadcrumb\":{\"@id\":\"https:\/\/investors.bittnet.ro\/en\/document-de-inregistrare\/#breadcrumb\"},\"inLanguage\":\"en-US\",\"potentialAction\":[{\"@type\":\"ReadAction\",\"target\":[\"https:\/\/investors.bittnet.ro\/en\/document-de-inregistrare\/\"]}]},{\"@type\":\"BreadcrumbList\",\"@id\":\"https:\/\/investors.bittnet.ro\/en\/document-de-inregistrare\/#breadcrumb\",\"itemListElement\":[{\"@type\":\"ListItem\",\"position\":1,\"name\":\"Home\",\"item\":\"https:\/\/investors.bittnet.ro\/en\/\"},{\"@type\":\"ListItem\",\"position\":2,\"name\":\"Document de \u00cenregistrare\"}]},{\"@type\":\"WebSite\",\"@id\":\"https:\/\/investors.bittnet.ro\/en\/#website\",\"url\":\"https:\/\/investors.bittnet.ro\/en\/\",\"name\":\"Bittnet Investors Relations Site\",\"description\":\"Your Value. Upgraded.\",\"publisher\":{\"@id\":\"https:\/\/investors.bittnet.ro\/en\/#organization\"},\"potentialAction\":[{\"@type\":\"SearchAction\",\"target\":{\"@type\":\"EntryPoint\",\"urlTemplate\":\"https:\/\/investors.bittnet.ro\/en\/?s={search_term_string}\"},\"query-input\":\"required name=search_term_string\"}],\"inLanguage\":\"en-US\"},{\"@type\":\"Organization\",\"@id\":\"https:\/\/investors.bittnet.ro\/en\/#organization\",\"name\":\"Bittnet Group\",\"url\":\"https:\/\/investors.bittnet.ro\/en\/\",\"logo\":{\"@type\":\"ImageObject\",\"inLanguage\":\"en-US\",\"@id\":\"https:\/\/investors.bittnet.ro\/en\/#\/schema\/logo\/image\/\",\"url\":\"https:\/\/investors.bittnet.ro\/wp-content\/uploads\/2019\/05\/logo-grup.png\",\"contentUrl\":\"https:\/\/investors.bittnet.ro\/wp-content\/uploads\/2019\/05\/logo-grup.png\",\"width\":807,\"height\":442,\"caption\":\"Bittnet Group\"},\"image\":{\"@id\":\"https:\/\/investors.bittnet.ro\/en\/#\/schema\/logo\/image\/\"},\"sameAs\":[\"https:\/\/www.facebook.com\/BittnetSystems\/\",\"https:\/\/twitter.com\/NA\",\"http:\/\/na\",\"https:\/\/www.linkedin.com\/company\/bittnet-group\/\",\"https:\/\/www.youtube.com\/user\/BittnetSystems\"]}]}<\/script>\n<!-- \/ Yoast SEO plugin. -->","yoast_head_json":{"title":"Download fisiere - Bittnet","description":"Download fisiere - Bittnet - Situatii financiare preliminare neauditate - Infochart - Raport situatii financiare preliminar","robots":{"index":"index","follow":"follow","max-snippet":"max-snippet:-1","max-image-preview":"max-image-preview:large","max-video-preview":"max-video-preview:-1"},"canonical":"https:\/\/investors.bittnet.ro\/en\/document-de-inregistrare\/","og_locale":"en_US","og_type":"article","og_title":"Download fisiere - Bittnet","og_description":"Download fisiere - Bittnet - Situatii financiare preliminare neauditate - Infochart - Raport situatii financiare preliminar","og_url":"https:\/\/investors.bittnet.ro\/en\/document-de-inregistrare\/","og_site_name":"Bittnet Investors Relations Site","article_publisher":"https:\/\/www.facebook.com\/BittnetSystems\/","article_modified_time":"2026-03-31T12:55:02+00:00","twitter_card":"summary_large_image","twitter_site":"@NA","twitter_misc":{"Est. reading time":"4 minutes"},"schema":{"@context":"https:\/\/schema.org","@graph":[{"@type":"WebPage","@id":"https:\/\/investors.bittnet.ro\/en\/document-de-inregistrare\/","url":"https:\/\/investors.bittnet.ro\/en\/document-de-inregistrare\/","name":"Download fisiere - Bittnet","isPartOf":{"@id":"https:\/\/investors.bittnet.ro\/en\/#website"},"datePublished":"2022-12-20T12:25:44+00:00","dateModified":"2026-03-31T12:55:02+00:00","description":"Download fisiere - Bittnet - Situatii financiare preliminare neauditate - Infochart - Raport situatii financiare preliminar","breadcrumb":{"@id":"https:\/\/investors.bittnet.ro\/en\/document-de-inregistrare\/#breadcrumb"},"inLanguage":"en-US","potentialAction":[{"@type":"ReadAction","target":["https:\/\/investors.bittnet.ro\/en\/document-de-inregistrare\/"]}]},{"@type":"BreadcrumbList","@id":"https:\/\/investors.bittnet.ro\/en\/document-de-inregistrare\/#breadcrumb","itemListElement":[{"@type":"ListItem","position":1,"name":"Home","item":"https:\/\/investors.bittnet.ro\/en\/"},{"@type":"ListItem","position":2,"name":"Document de \u00cenregistrare"}]},{"@type":"WebSite","@id":"https:\/\/investors.bittnet.ro\/en\/#website","url":"https:\/\/investors.bittnet.ro\/en\/","name":"Bittnet Investors Relations Site","description":"Your Value. Upgraded.","publisher":{"@id":"https:\/\/investors.bittnet.ro\/en\/#organization"},"potentialAction":[{"@type":"SearchAction","target":{"@type":"EntryPoint","urlTemplate":"https:\/\/investors.bittnet.ro\/en\/?s={search_term_string}"},"query-input":"required name=search_term_string"}],"inLanguage":"en-US"},{"@type":"Organization","@id":"https:\/\/investors.bittnet.ro\/en\/#organization","name":"Bittnet Group","url":"https:\/\/investors.bittnet.ro\/en\/","logo":{"@type":"ImageObject","inLanguage":"en-US","@id":"https:\/\/investors.bittnet.ro\/en\/#\/schema\/logo\/image\/","url":"https:\/\/investors.bittnet.ro\/wp-content\/uploads\/2019\/05\/logo-grup.png","contentUrl":"https:\/\/investors.bittnet.ro\/wp-content\/uploads\/2019\/05\/logo-grup.png","width":807,"height":442,"caption":"Bittnet Group"},"image":{"@id":"https:\/\/investors.bittnet.ro\/en\/#\/schema\/logo\/image\/"},"sameAs":["https:\/\/www.facebook.com\/BittnetSystems\/","https:\/\/twitter.com\/NA","http:\/\/na","https:\/\/www.linkedin.com\/company\/bittnet-group\/","https:\/\/www.youtube.com\/user\/BittnetSystems"]}]}},"_links":{"self":[{"href":"https:\/\/investors.bittnet.ro\/en\/wp-json\/wp\/v2\/pages\/19644","targetHints":{"allow":["GET"]}}],"collection":[{"href":"https:\/\/investors.bittnet.ro\/en\/wp-json\/wp\/v2\/pages"}],"about":[{"href":"https:\/\/investors.bittnet.ro\/en\/wp-json\/wp\/v2\/types\/page"}],"author":[{"embeddable":true,"href":"https:\/\/investors.bittnet.ro\/en\/wp-json\/wp\/v2\/users\/26"}],"replies":[{"embeddable":true,"href":"https:\/\/investors.bittnet.ro\/en\/wp-json\/wp\/v2\/comments?post=19644"}],"version-history":[{"count":33,"href":"https:\/\/investors.bittnet.ro\/en\/wp-json\/wp\/v2\/pages\/19644\/revisions"}],"predecessor-version":[{"id":28104,"href":"https:\/\/investors.bittnet.ro\/en\/wp-json\/wp\/v2\/pages\/19644\/revisions\/28104"}],"wp:attachment":[{"href":"https:\/\/investors.bittnet.ro\/en\/wp-json\/wp\/v2\/media?parent=19644"}],"curies":[{"name":"wp","href":"https:\/\/api.w.org\/{rel}","templated":true}]}}