{"id":19108,"date":"2022-11-08T11:51:57","date_gmt":"2022-11-08T09:51:57","guid":{"rendered":"https:\/\/investors.bittnet.ro\/?page_id=19108"},"modified":"2022-11-14T13:41:52","modified_gmt":"2022-11-14T11:41:52","slug":"rezultate-financiare-divizia-educatie","status":"publish","type":"page","link":"https:\/\/investors.bittnet.ro\/en\/rezultate-financiare\/3q-2022\/rezultate-financiare-divizia-educatie\/","title":{"rendered":"Rezultate Financiare &#8211; Divizia Educatie"},"content":{"rendered":"<section class=\"l-section wpb_row height_small\"><div class=\"l-section-h i-cf\"><div class=\"g-cols vc_row via_flex valign_top type_default stacking_default\"><div class=\"vc_col-sm-8 wpb_column vc_column_container\"><div class=\"vc_column-inner\"><div class=\"wpb_wrapper\"><div class=\"wpb_text_column us_custom_5f43dca9 has_text_color\" id=\"first_wpb_text_column\"><div class=\"wpb_wrapper\"><h2><span lang=\"RO\">Rezultate Financiare &#8211; Divizia Educatie<\/span><\/h2>\n<\/div><\/div><div class=\"w-separator size_small\"><\/div><div class=\"wpb_text_column us_custom_432d3f53\"><div class=\"wpb_wrapper\"><p>Din punct de vedere financiar, evolu\u021bia Diviziei de Educa\u021bie la 9 luni \u00eencheiate 30.09.2021 reflect\u0103 o dublare a veniturilor generate din activitatea curent\u0103 (\u00eens\u0103 \u0219i o cre\u0219tere a costurilor, \u00een special ale celor cu echipa) . Marja brut\u0103 a crescut \u00een aceast\u0103 perioad\u0103 cu 55% vs perioada similara a anului trecut, de la 4 milioane lei, la 6 milioane lei.<\/p>\n<p>Ca si in trecut, profitul opera\u021bional r\u0103m\u00e2ne unul negativ (la nivelul lui Q3) \u00een cea mai mare parte din cauza cre\u0219terii costurilor aferente chiriei odat\u0103 cu demararea contractului de \u00eenchiriere pentru noul sediu din ONE Controceni, pe parcursul anului 2022.<\/p>\n<p>Cre\u0219terea costurilor at\u00e2t \u00een zona de v\u00e2nz\u0103ri, livari de traininguri, c\u00e2t \u0219i administrative se datoreaz\u0103 at\u00e2t cre\u0219terii businessului dar \u0219i cre\u0219terii costului cu oamenii odat\u0103 cu expandarea echipelor din cadrul diviziei.<\/p>\n<\/div><\/div><div class=\"w-separator size_medium\"><\/div><div class=\"wpb_text_column\"><div class=\"wpb_wrapper\"><table id=\"table-1\" class=\"investors-table\">\n<tbody>\n<tr>\n<td>TRAINING<\/td>\n<td style=\"text-align: right;\">30.Sep.22<\/td>\n<td style=\"text-align: right;\">30.Sep.21<\/td>\n<td style=\"text-align: right;\"><\/td>\n<\/tr>\n<tr>\n<td><strong>Venituri <\/strong><\/td>\n<td style=\"text-align: right;\"><strong><u>15,436,018 <\/u><\/strong><\/td>\n<td style=\"text-align: right;\"><strong><u>8,104,806 <\/u><\/strong><\/td>\n<td style=\"text-align: right;\"><strong>90.5%<\/strong><\/td>\n<\/tr>\n<tr>\n<td><strong>Costul v\u00e2nz\u0103rilor <\/strong><\/td>\n<td style=\"text-align: right;\"><strong><u>\u00a08,987,942 <\/u><\/strong><\/td>\n<td style=\"text-align: right;\"><strong><u>3,957,394 <\/u><\/strong><\/td>\n<td style=\"text-align: right;\"><strong>127.1%<\/strong><\/td>\n<\/tr>\n<tr>\n<td>Costul vanzarii marfuri<\/td>\n<td style=\"text-align: right;\">394,447<\/td>\n<td style=\"text-align: right;\">124,540<\/td>\n<td style=\"text-align: right;\">216.7%<\/td>\n<\/tr>\n<tr>\n<td>Ore-om<\/td>\n<td style=\"text-align: right;\">\u00a08,593,495<\/td>\n<td style=\"text-align: right;\">3,832,855<\/td>\n<td style=\"text-align: right;\">124.2%<\/td>\n<\/tr>\n<tr>\n<td><strong>Marja bruta<\/strong><\/td>\n<td style=\"text-align: right;\"><strong>\u00a06,448,075 <\/strong><\/td>\n<td style=\"text-align: right;\"><strong>4,147,412 <\/strong><\/td>\n<td style=\"text-align: right;\"><strong>55.5%<\/strong><\/td>\n<\/tr>\n<tr>\n<td><strong>Alte venituri<\/strong><\/td>\n<td style=\"text-align: right;\"><strong>848,740 <\/strong><\/td>\n<td style=\"text-align: right;\"><strong>876,551 <\/strong><\/td>\n<td style=\"text-align: right;\"><strong>-3.2%<\/strong><\/td>\n<\/tr>\n<tr>\n<td><strong>Cheltuieli de vanzare\/distributie<\/strong><\/td>\n<td style=\"text-align: right;\"><strong><u>\u00a03,205,542 <\/u><\/strong><\/td>\n<td style=\"text-align: right;\"><strong><u>2,438,852 <\/u><\/strong><\/td>\n<td style=\"text-align: right;\"><strong>31.4%<\/strong><\/td>\n<\/tr>\n<tr>\n<td>Cheltuieli de personal<\/td>\n<td style=\"text-align: right;\">\u00a02,548,773<\/td>\n<td style=\"text-align: right;\">1,671,182<\/td>\n<td style=\"text-align: right;\">52.5%<\/td>\n<\/tr>\n<tr>\n<td>Publicitate<\/td>\n<td style=\"text-align: right;\">656,768<\/td>\n<td style=\"text-align: right;\">767,669<\/td>\n<td style=\"text-align: right;\">-14.4%<\/td>\n<\/tr>\n<tr>\n<td><strong>Cheltuieli administrative<\/strong><\/td>\n<td style=\"text-align: right;\"><strong><u>\u00a05,237,857 <\/u><\/strong><\/td>\n<td style=\"text-align: right;\"><strong><u>3,596,438 <\/u><\/strong><\/td>\n<td style=\"text-align: right;\"><strong>45.6%<\/strong><\/td>\n<\/tr>\n<tr>\n<td>Cheltuieli de personal<\/td>\n<td style=\"text-align: right;\">\u00a01,539,655<\/td>\n<td style=\"text-align: right;\">1,225,208<\/td>\n<td style=\"text-align: right;\">25.7%<\/td>\n<\/tr>\n<tr>\n<td>Amortizare<\/td>\n<td style=\"text-align: right;\">\u00a01,359,640<\/td>\n<td style=\"text-align: right;\">1,052,616<\/td>\n<td style=\"text-align: right;\">29.2%<\/td>\n<\/tr>\n<tr>\n<td>Alte servicii terti<\/td>\n<td style=\"text-align: right;\">\u00a01,226,185<\/td>\n<td style=\"text-align: right;\">788,733<\/td>\n<td style=\"text-align: right;\">55.5%<\/td>\n<\/tr>\n<tr>\n<td>Diverse<\/td>\n<td style=\"text-align: right;\">863,849<\/td>\n<td style=\"text-align: right;\">193,726<\/td>\n<td style=\"text-align: right;\">345.9%<\/td>\n<\/tr>\n<tr>\n<td><strong>Profit operational (fara one-offs)<\/strong><\/td>\n<td style=\"text-align: right;\"><strong>\u00a0(1,197,833)<\/strong><\/td>\n<td style=\"text-align: right;\"><strong>(1,466,493)<\/strong><\/td>\n<td style=\"text-align: right;\">+18.3%<\/td>\n<\/tr>\n<\/tbody>\n<\/table>\n<\/div><\/div><\/div><\/div><\/div><div class=\"vc_col-sm-4 wpb_column vc_column_container\"><div class=\"vc_column-inner\"><div class=\"wpb_wrapper\"><nav class=\"w-menu layout_ver style_blocks us_menu_1 with_children\" style=\"--main-gap:1.5rem;--main-ver-indent:0.8em;--main-hor-indent:0.8em;--main-bg-color:#f5f5f5;--main-color:inherit;--main-hover-bg-color:#8dbe65;--main-hover-color:#ffffff;--main-active-bg-color:#8dbe65;--main-active-color:#ffffff;--sub-gap:5px;\"><ul id=\"menu-3q-2022\" class=\"menu\"><li id=\"menu-item-19113\" class=\"menu-item menu-item-type-post_type menu-item-object-page menu-item-19113\"><a href=\"https:\/\/investors.bittnet.ro\/abonare-newsletter\/\">Newsletter subscription<\/a><\/li><\/ul><style>@media ( max-width:600px ){.us_menu_1 .menu{display:block!important}.us_menu_1 .menu>li:not(:last-child){margin:0 0 var(--main-gap,1.5rem)!important}}<\/style><\/nav><\/div><\/div><\/div><\/div><\/div><\/section>\n","protected":false},"excerpt":{"rendered":"Rezultate Financiare &#8211; Divizia Educatie Din punct de vedere financiar, evolu\u021bia Diviziei de Educa\u021bie la 9 luni \u00eencheiate 30.09.2021 reflect\u0103 o dublare a veniturilor generate din activitatea curent\u0103 (\u00eens\u0103 \u0219i o cre\u0219tere a costurilor, \u00een special ale celor cu echipa) . Marja brut\u0103 a crescut \u00een aceast\u0103 perioad\u0103 cu 55% vs perioada similara a anului...","protected":false},"author":26,"featured_media":0,"parent":19057,"menu_order":1,"comment_status":"closed","ping_status":"closed","template":"","meta":{"footnotes":""},"class_list":["post-19108","page","type-page","status-publish","hentry"],"yoast_head":"<!-- This site is optimized with the Yoast SEO plugin v20.8 - https:\/\/yoast.com\/wordpress\/plugins\/seo\/ -->\n<title>Raport Q3 2022 - Bittnet Group - Trimestru 3 2022<\/title>\n<meta name=\"description\" content=\"Raport Q3 2022 - Bittnet Group - Din punct de vedere financiar, evolu\u021bia Diviziei de Educa\u021bie la 9 luni \u00eencheiate 30.09.2021 reflect\u0103 o dublare\" \/>\n<meta name=\"robots\" content=\"index, follow, max-snippet:-1, max-image-preview:large, max-video-preview:-1\" \/>\n<link rel=\"canonical\" href=\"https:\/\/investors.bittnet.ro\/en\/rezultate-financiare\/3q-2022\/rezultate-financiare-divizia-educatie\/\" \/>\n<meta property=\"og:locale\" content=\"en_US\" \/>\n<meta property=\"og:type\" content=\"article\" \/>\n<meta property=\"og:title\" content=\"Raport Q3 2022 - Bittnet Group - Trimestru 3 2022\" \/>\n<meta property=\"og:description\" content=\"Raport Q3 2022 - Bittnet Group - Din punct de vedere financiar, evolu\u021bia Diviziei de Educa\u021bie la 9 luni \u00eencheiate 30.09.2021 reflect\u0103 o dublare\" \/>\n<meta property=\"og:url\" content=\"https:\/\/investors.bittnet.ro\/en\/rezultate-financiare\/3q-2022\/rezultate-financiare-divizia-educatie\/\" \/>\n<meta property=\"og:site_name\" content=\"Bittnet Investors Relations Site\" \/>\n<meta property=\"article:publisher\" content=\"https:\/\/www.facebook.com\/BittnetSystems\/\" \/>\n<meta property=\"article:modified_time\" content=\"2022-11-14T11:41:52+00:00\" \/>\n<meta name=\"twitter:card\" content=\"summary_large_image\" \/>\n<meta name=\"twitter:site\" content=\"@NA\" \/>\n<meta name=\"twitter:label1\" content=\"Est. reading time\" \/>\n\t<meta name=\"twitter:data1\" content=\"2 minutes\" \/>\n<script type=\"application\/ld+json\" class=\"yoast-schema-graph\">{\"@context\":\"https:\/\/schema.org\",\"@graph\":[{\"@type\":\"WebPage\",\"@id\":\"https:\/\/investors.bittnet.ro\/en\/rezultate-financiare\/3q-2022\/rezultate-financiare-divizia-educatie\/\",\"url\":\"https:\/\/investors.bittnet.ro\/en\/rezultate-financiare\/3q-2022\/rezultate-financiare-divizia-educatie\/\",\"name\":\"Raport Q3 2022 - Bittnet Group - Trimestru 3 2022\",\"isPartOf\":{\"@id\":\"https:\/\/investors.bittnet.ro\/en\/#website\"},\"datePublished\":\"2022-11-08T09:51:57+00:00\",\"dateModified\":\"2022-11-14T11:41:52+00:00\",\"description\":\"Raport Q3 2022 - Bittnet Group - Din punct de vedere financiar, evolu\u021bia Diviziei de Educa\u021bie la 9 luni \u00eencheiate 30.09.2021 reflect\u0103 o dublare\",\"breadcrumb\":{\"@id\":\"https:\/\/investors.bittnet.ro\/en\/rezultate-financiare\/3q-2022\/rezultate-financiare-divizia-educatie\/#breadcrumb\"},\"inLanguage\":\"en-US\",\"potentialAction\":[{\"@type\":\"ReadAction\",\"target\":[\"https:\/\/investors.bittnet.ro\/en\/rezultate-financiare\/3q-2022\/rezultate-financiare-divizia-educatie\/\"]}]},{\"@type\":\"BreadcrumbList\",\"@id\":\"https:\/\/investors.bittnet.ro\/en\/rezultate-financiare\/3q-2022\/rezultate-financiare-divizia-educatie\/#breadcrumb\",\"itemListElement\":[{\"@type\":\"ListItem\",\"position\":1,\"name\":\"Home\",\"item\":\"https:\/\/investors.bittnet.ro\/en\/\"},{\"@type\":\"ListItem\",\"position\":2,\"name\":\"Rezultate financiare\",\"item\":\"https:\/\/investors.bittnet.ro\/en\/rezultate-financiare\/\"},{\"@type\":\"ListItem\",\"position\":3,\"name\":\"Raport 3Q 2022\",\"item\":\"https:\/\/investors.bittnet.ro\/en\/rezultate-financiare\/3q-2022\/\"},{\"@type\":\"ListItem\",\"position\":4,\"name\":\"Rezultate Financiare &#8211; Divizia Educatie\"}]},{\"@type\":\"WebSite\",\"@id\":\"https:\/\/investors.bittnet.ro\/en\/#website\",\"url\":\"https:\/\/investors.bittnet.ro\/en\/\",\"name\":\"Bittnet Investors Relations Site\",\"description\":\"Your Value. Upgraded.\",\"publisher\":{\"@id\":\"https:\/\/investors.bittnet.ro\/en\/#organization\"},\"potentialAction\":[{\"@type\":\"SearchAction\",\"target\":{\"@type\":\"EntryPoint\",\"urlTemplate\":\"https:\/\/investors.bittnet.ro\/en\/?s={search_term_string}\"},\"query-input\":\"required name=search_term_string\"}],\"inLanguage\":\"en-US\"},{\"@type\":\"Organization\",\"@id\":\"https:\/\/investors.bittnet.ro\/en\/#organization\",\"name\":\"Bittnet Group\",\"url\":\"https:\/\/investors.bittnet.ro\/en\/\",\"logo\":{\"@type\":\"ImageObject\",\"inLanguage\":\"en-US\",\"@id\":\"https:\/\/investors.bittnet.ro\/en\/#\/schema\/logo\/image\/\",\"url\":\"https:\/\/investors.bittnet.ro\/wp-content\/uploads\/2019\/05\/logo-grup.png\",\"contentUrl\":\"https:\/\/investors.bittnet.ro\/wp-content\/uploads\/2019\/05\/logo-grup.png\",\"width\":807,\"height\":442,\"caption\":\"Bittnet Group\"},\"image\":{\"@id\":\"https:\/\/investors.bittnet.ro\/en\/#\/schema\/logo\/image\/\"},\"sameAs\":[\"https:\/\/www.facebook.com\/BittnetSystems\/\",\"https:\/\/twitter.com\/NA\",\"http:\/\/na\",\"https:\/\/www.linkedin.com\/company\/bittnet-group\/\",\"https:\/\/www.youtube.com\/user\/BittnetSystems\"]}]}<\/script>\n<!-- \/ Yoast SEO plugin. -->","yoast_head_json":{"title":"Raport Q3 2022 - Bittnet Group - Trimestru 3 2022","description":"Raport Q3 2022 - Bittnet Group - Din punct de vedere financiar, evolu\u021bia Diviziei de Educa\u021bie la 9 luni \u00eencheiate 30.09.2021 reflect\u0103 o dublare","robots":{"index":"index","follow":"follow","max-snippet":"max-snippet:-1","max-image-preview":"max-image-preview:large","max-video-preview":"max-video-preview:-1"},"canonical":"https:\/\/investors.bittnet.ro\/en\/rezultate-financiare\/3q-2022\/rezultate-financiare-divizia-educatie\/","og_locale":"en_US","og_type":"article","og_title":"Raport Q3 2022 - Bittnet Group - Trimestru 3 2022","og_description":"Raport Q3 2022 - Bittnet Group - Din punct de vedere financiar, evolu\u021bia Diviziei de Educa\u021bie la 9 luni \u00eencheiate 30.09.2021 reflect\u0103 o dublare","og_url":"https:\/\/investors.bittnet.ro\/en\/rezultate-financiare\/3q-2022\/rezultate-financiare-divizia-educatie\/","og_site_name":"Bittnet Investors Relations Site","article_publisher":"https:\/\/www.facebook.com\/BittnetSystems\/","article_modified_time":"2022-11-14T11:41:52+00:00","twitter_card":"summary_large_image","twitter_site":"@NA","twitter_misc":{"Est. reading time":"2 minutes"},"schema":{"@context":"https:\/\/schema.org","@graph":[{"@type":"WebPage","@id":"https:\/\/investors.bittnet.ro\/en\/rezultate-financiare\/3q-2022\/rezultate-financiare-divizia-educatie\/","url":"https:\/\/investors.bittnet.ro\/en\/rezultate-financiare\/3q-2022\/rezultate-financiare-divizia-educatie\/","name":"Raport Q3 2022 - Bittnet Group - Trimestru 3 2022","isPartOf":{"@id":"https:\/\/investors.bittnet.ro\/en\/#website"},"datePublished":"2022-11-08T09:51:57+00:00","dateModified":"2022-11-14T11:41:52+00:00","description":"Raport Q3 2022 - Bittnet Group - Din punct de vedere financiar, evolu\u021bia Diviziei de Educa\u021bie la 9 luni \u00eencheiate 30.09.2021 reflect\u0103 o dublare","breadcrumb":{"@id":"https:\/\/investors.bittnet.ro\/en\/rezultate-financiare\/3q-2022\/rezultate-financiare-divizia-educatie\/#breadcrumb"},"inLanguage":"en-US","potentialAction":[{"@type":"ReadAction","target":["https:\/\/investors.bittnet.ro\/en\/rezultate-financiare\/3q-2022\/rezultate-financiare-divizia-educatie\/"]}]},{"@type":"BreadcrumbList","@id":"https:\/\/investors.bittnet.ro\/en\/rezultate-financiare\/3q-2022\/rezultate-financiare-divizia-educatie\/#breadcrumb","itemListElement":[{"@type":"ListItem","position":1,"name":"Home","item":"https:\/\/investors.bittnet.ro\/en\/"},{"@type":"ListItem","position":2,"name":"Rezultate financiare","item":"https:\/\/investors.bittnet.ro\/en\/rezultate-financiare\/"},{"@type":"ListItem","position":3,"name":"Raport 3Q 2022","item":"https:\/\/investors.bittnet.ro\/en\/rezultate-financiare\/3q-2022\/"},{"@type":"ListItem","position":4,"name":"Rezultate Financiare &#8211; Divizia Educatie"}]},{"@type":"WebSite","@id":"https:\/\/investors.bittnet.ro\/en\/#website","url":"https:\/\/investors.bittnet.ro\/en\/","name":"Bittnet Investors Relations Site","description":"Your Value. Upgraded.","publisher":{"@id":"https:\/\/investors.bittnet.ro\/en\/#organization"},"potentialAction":[{"@type":"SearchAction","target":{"@type":"EntryPoint","urlTemplate":"https:\/\/investors.bittnet.ro\/en\/?s={search_term_string}"},"query-input":"required name=search_term_string"}],"inLanguage":"en-US"},{"@type":"Organization","@id":"https:\/\/investors.bittnet.ro\/en\/#organization","name":"Bittnet Group","url":"https:\/\/investors.bittnet.ro\/en\/","logo":{"@type":"ImageObject","inLanguage":"en-US","@id":"https:\/\/investors.bittnet.ro\/en\/#\/schema\/logo\/image\/","url":"https:\/\/investors.bittnet.ro\/wp-content\/uploads\/2019\/05\/logo-grup.png","contentUrl":"https:\/\/investors.bittnet.ro\/wp-content\/uploads\/2019\/05\/logo-grup.png","width":807,"height":442,"caption":"Bittnet Group"},"image":{"@id":"https:\/\/investors.bittnet.ro\/en\/#\/schema\/logo\/image\/"},"sameAs":["https:\/\/www.facebook.com\/BittnetSystems\/","https:\/\/twitter.com\/NA","http:\/\/na","https:\/\/www.linkedin.com\/company\/bittnet-group\/","https:\/\/www.youtube.com\/user\/BittnetSystems"]}]}},"_links":{"self":[{"href":"https:\/\/investors.bittnet.ro\/en\/wp-json\/wp\/v2\/pages\/19108","targetHints":{"allow":["GET"]}}],"collection":[{"href":"https:\/\/investors.bittnet.ro\/en\/wp-json\/wp\/v2\/pages"}],"about":[{"href":"https:\/\/investors.bittnet.ro\/en\/wp-json\/wp\/v2\/types\/page"}],"author":[{"embeddable":true,"href":"https:\/\/investors.bittnet.ro\/en\/wp-json\/wp\/v2\/users\/26"}],"replies":[{"embeddable":true,"href":"https:\/\/investors.bittnet.ro\/en\/wp-json\/wp\/v2\/comments?post=19108"}],"version-history":[{"count":5,"href":"https:\/\/investors.bittnet.ro\/en\/wp-json\/wp\/v2\/pages\/19108\/revisions"}],"predecessor-version":[{"id":19272,"href":"https:\/\/investors.bittnet.ro\/en\/wp-json\/wp\/v2\/pages\/19108\/revisions\/19272"}],"up":[{"embeddable":true,"href":"https:\/\/investors.bittnet.ro\/en\/wp-json\/wp\/v2\/pages\/19057"}],"wp:attachment":[{"href":"https:\/\/investors.bittnet.ro\/en\/wp-json\/wp\/v2\/media?parent=19108"}],"curies":[{"name":"wp","href":"https:\/\/api.w.org\/{rel}","templated":true}]}}