{"id":19094,"date":"2022-11-08T11:29:35","date_gmt":"2022-11-08T09:29:35","guid":{"rendered":"https:\/\/investors.bittnet.ro\/?page_id=19094"},"modified":"2022-11-14T13:36:41","modified_gmt":"2022-11-14T11:36:41","slug":"rezultate-financiare-divizia-tehnologie","status":"publish","type":"page","link":"https:\/\/investors.bittnet.ro\/en\/rezultate-financiare\/3q-2022\/rezultate-financiare-divizia-tehnologie\/","title":{"rendered":"Rezultate Financiare &#8211; Divizia Tehnologie"},"content":{"rendered":"<section class=\"l-section wpb_row height_small\"><div class=\"l-section-h i-cf\"><div class=\"g-cols vc_row via_flex valign_top type_default stacking_default\"><div class=\"vc_col-sm-8 wpb_column vc_column_container\"><div class=\"vc_column-inner\"><div class=\"wpb_wrapper\"><div class=\"wpb_text_column us_custom_5f43dca9 has_text_color\" id=\"first_wpb_text_column\"><div class=\"wpb_wrapper\"><h2><span lang=\"RO\">Rezultate Financiare &#8211; Divizia Tehnologie<\/span><\/h2>\n<\/div><\/div><div class=\"w-separator size_small\"><\/div><div class=\"wpb_text_column us_custom_432d3f53\"><div class=\"wpb_wrapper\"><p>Levierul (multiplicatorul) opera\u021bional genereaz\u0103 \u00een continuare o cre\u0219tere mai accelerat\u0103 a marjei brute fa\u021b\u0103 de cre\u0219terea cifre de afaceri (1.5x). Astfel, marja brut\u0103 generat\u0103 de divizia de tehnologie \u00een primele 3 trimestre este de aproape 20 milioane lei &#8211; <span style=\"text-decoration: underline;\">p<\/span><u>utin mai mare dec\u00e2t \u00eentreaga marj\u0103 brut\u0103 a grupului acum 3 ani<\/u>. Marja brut\u0103 a continuat s\u0103 se \u00eembun\u0103t\u0103\u021beasc\u0103 semnificativ ca procent din venituri , ca urmare a cre\u0219terii semnificative a serviciilor (plus 76% fa\u021b\u0103 de anul anterior).<\/p>\n<p>Profitul operational este de 4.7 milioane lei, \u00een sc\u0103dere cu 3% fa\u021b\u0103 de perioada similar\u0103 a anului trecut, ca urmare a cre\u0219terii semnificative a costurilor de chirie (odat\u0103 cu \u00eenceperea contractului pentru noul sediu, dar \u0219i ca urmare a extinderii echipei).<\/p>\n<\/div><\/div><div class=\"w-separator size_medium\"><\/div><div class=\"wpb_text_column\"><div class=\"wpb_wrapper\"><table id=\"table-1\" class=\"investors-table\">\n<tbody>\n<tr>\n<td><strong>INTEGRARE<\/strong><\/td>\n<td style=\"text-align: right;\"><strong>30.Sep.22<\/strong><\/td>\n<td style=\"text-align: right;\"><strong>30.Sep.21<\/strong><\/td>\n<td><strong>\u00a0<\/strong><\/td>\n<\/tr>\n<tr>\n<td><strong>Venituri <\/strong><\/td>\n<td style=\"text-align: right;\"><strong><u>95,550,607 <\/u><\/strong><\/td>\n<td style=\"text-align: right;\"><strong><u>\u00a073,842,251 <\/u><\/strong><\/td>\n<td style=\"text-align: right;\"><strong>29.4%<\/strong><\/td>\n<\/tr>\n<tr>\n<td>Prestarea de servicii<\/td>\n<td style=\"text-align: right;\">30,661,906<\/td>\n<td style=\"text-align: right;\">\u00a017,483,711<\/td>\n<td style=\"text-align: right;\">75.4%<\/td>\n<\/tr>\n<tr>\n<td>Vanzarea de marfuri<\/td>\n<td style=\"text-align: right;\">64,888,701<\/td>\n<td style=\"text-align: right;\">\u00a056,358,540<\/td>\n<td style=\"text-align: right;\">15.1%<\/td>\n<\/tr>\n<tr>\n<td><strong>Costul v\u00e2nz\u0103rilor <\/strong><\/td>\n<td style=\"text-align: right;\"><strong><u>75,698,342 <\/u><\/strong><\/td>\n<td style=\"text-align: right;\"><strong><u>\u00a060,123,789 <\/u><\/strong><\/td>\n<td style=\"text-align: right;\"><strong>25.9%<\/strong><\/td>\n<\/tr>\n<tr>\n<td>Marfuri\/materiale<\/td>\n<td style=\"text-align: right;\">53,881,693<\/td>\n<td style=\"text-align: right;\">\u00a048,522,480<\/td>\n<td style=\"text-align: right;\">11.0%<\/td>\n<\/tr>\n<tr>\n<td>Servicii cloud<\/td>\n<td style=\"text-align: right;\">\u00a03,997,495<\/td>\n<td style=\"text-align: right;\">4,199,042<\/td>\n<td style=\"text-align: right;\">-4.8%<\/td>\n<\/tr>\n<tr>\n<td>Ore-Om<\/td>\n<td style=\"text-align: right;\">17,819,153<\/td>\n<td style=\"text-align: right;\">7,402,267<\/td>\n<td style=\"text-align: right;\">140.7%<\/td>\n<\/tr>\n<tr>\n<td><strong>Marja bruta<\/strong><\/td>\n<td style=\"text-align: right;\"><strong>19,852,265 <\/strong><\/td>\n<td style=\"text-align: right;\"><strong>\u00a013,718,462 <\/strong><\/td>\n<td style=\"text-align: right;\"><strong>44.7%<\/strong><\/td>\n<\/tr>\n<tr>\n<td><strong>Alte venituri<\/strong><\/td>\n<td style=\"text-align: right;\"><strong>\u00a0399,180 <\/strong><\/td>\n<td style=\"text-align: right;\"><strong>2,588,870 <\/strong><\/td>\n<td style=\"text-align: right;\"><strong>-84.6%<\/strong><\/td>\n<\/tr>\n<tr>\n<td><strong>Cheltuieli de vanzare\/distributie<\/strong><\/td>\n<td style=\"text-align: right;\"><strong><u>\u00a05,902,526 <\/u><\/strong><\/td>\n<td style=\"text-align: right;\"><strong><u>4,099,972 <\/u><\/strong><\/td>\n<td style=\"text-align: right;\"><strong>44.0%<\/strong><\/td>\n<\/tr>\n<tr>\n<td>Ore-Om<\/td>\n<td style=\"text-align: right;\">\u00a04,950,927<\/td>\n<td style=\"text-align: right;\">3,554,610<\/td>\n<td style=\"text-align: right;\">39.3%<\/td>\n<\/tr>\n<tr>\n<td>Publicitate<\/td>\n<td style=\"text-align: right;\">\u00a0951,599<\/td>\n<td style=\"text-align: right;\">\u00a0545,363<\/td>\n<td style=\"text-align: right;\">74.5%<\/td>\n<\/tr>\n<tr>\n<td><strong>Cheltuieli administrative<\/strong><\/td>\n<td style=\"text-align: right;\"><strong><u>\u00a09,593,341 <\/u><\/strong><\/td>\n<td style=\"text-align: right;\"><strong><u>5,011,133 <\/u><\/strong><\/td>\n<td style=\"text-align: right;\"><strong>91.4%<\/strong><\/td>\n<\/tr>\n<tr>\n<td>Ore-Om<\/td>\n<td style=\"text-align: right;\">\u00a04,225,604<\/td>\n<td style=\"text-align: right;\">2,556,326<\/td>\n<td style=\"text-align: right;\">65.3%<\/td>\n<\/tr>\n<tr>\n<td>Amortizare<\/td>\n<td style=\"text-align: right;\">\u00a01,409,339<\/td>\n<td style=\"text-align: right;\">\u00a0894,255<\/td>\n<td style=\"text-align: right;\">57.6%<\/td>\n<\/tr>\n<tr>\n<td>Alte servicii terti<\/td>\n<td style=\"text-align: right;\">\u00a01,773,500<\/td>\n<td style=\"text-align: right;\">\u00a0773,015<\/td>\n<td style=\"text-align: right;\">129.4%<\/td>\n<\/tr>\n<tr>\n<td>Diverse<\/td>\n<td style=\"text-align: right;\">\u00a0760,237<\/td>\n<td style=\"text-align: right;\">\u00a0294,613<\/td>\n<td style=\"text-align: right;\">158.0%<\/td>\n<\/tr>\n<tr>\n<td><strong>Profit operational (fara one-offs)<\/strong><\/td>\n<td style=\"text-align: right;\"><strong>\u00a04,723,146 <\/strong><\/td>\n<td style=\"text-align: right;\"><strong>4,692,919 <\/strong><\/td>\n<td style=\"text-align: right;\">0.6%<\/td>\n<\/tr>\n<\/tbody>\n<\/table>\n<\/div><\/div><\/div><\/div><\/div><div class=\"vc_col-sm-4 wpb_column vc_column_container\"><div class=\"vc_column-inner\"><div class=\"wpb_wrapper\"><nav class=\"w-menu layout_ver style_blocks us_menu_1 with_children\" style=\"--main-gap:1.5rem;--main-ver-indent:0.8em;--main-hor-indent:0.8em;--main-bg-color:#f5f5f5;--main-color:inherit;--main-hover-bg-color:#8dbe65;--main-hover-color:#ffffff;--main-active-bg-color:#8dbe65;--main-active-color:#ffffff;--sub-gap:5px;\"><ul id=\"menu-3q-2022\" class=\"menu\"><li id=\"menu-item-19113\" class=\"menu-item menu-item-type-post_type menu-item-object-page menu-item-19113\"><a href=\"https:\/\/investors.bittnet.ro\/abonare-newsletter\/\">Newsletter subscription<\/a><\/li><\/ul><style>@media ( max-width:600px ){.us_menu_1 .menu{display:block!important}.us_menu_1 .menu>li:not(:last-child){margin:0 0 var(--main-gap,1.5rem)!important}}<\/style><\/nav><\/div><\/div><\/div><\/div><\/div><\/section>\n","protected":false},"excerpt":{"rendered":"Rezultate Financiare &#8211; Divizia Tehnologie Levierul (multiplicatorul) opera\u021bional genereaz\u0103 \u00een continuare o cre\u0219tere mai accelerat\u0103 a marjei brute fa\u021b\u0103 de cre\u0219terea cifre de afaceri (1.5x). Astfel, marja brut\u0103 generat\u0103 de divizia de tehnologie \u00een primele 3 trimestre este de aproape 20 milioane lei &#8211; putin mai mare dec\u00e2t \u00eentreaga marj\u0103 brut\u0103 a grupului acum 3...","protected":false},"author":26,"featured_media":0,"parent":19057,"menu_order":1,"comment_status":"closed","ping_status":"closed","template":"","meta":{"footnotes":""},"class_list":["post-19094","page","type-page","status-publish","hentry"],"yoast_head":"<!-- This site is optimized with the Yoast SEO plugin v20.8 - https:\/\/yoast.com\/wordpress\/plugins\/seo\/ -->\n<title>Raport Q3 2022 - Bittnet Group - Trimestru 3 3022<\/title>\n<meta name=\"description\" content=\"Raport Q3 2022 - Bittnet - Levierul (multiplicatorul) opera\u021bional genereaz\u0103 \u00een continuare o cre\u0219tere mai accelerat\u0103 a marjei brute fa\u021b\u0103\" \/>\n<meta name=\"robots\" content=\"index, follow, max-snippet:-1, max-image-preview:large, max-video-preview:-1\" \/>\n<link rel=\"canonical\" href=\"https:\/\/investors.bittnet.ro\/en\/rezultate-financiare\/3q-2022\/rezultate-financiare-divizia-tehnologie\/\" \/>\n<meta property=\"og:locale\" content=\"en_US\" \/>\n<meta property=\"og:type\" content=\"article\" \/>\n<meta property=\"og:title\" content=\"Raport Q3 2022 - Bittnet Group - Trimestru 3 3022\" \/>\n<meta property=\"og:description\" content=\"Raport Q3 2022 - Bittnet - Levierul (multiplicatorul) opera\u021bional genereaz\u0103 \u00een continuare o cre\u0219tere mai accelerat\u0103 a marjei brute fa\u021b\u0103\" \/>\n<meta property=\"og:url\" content=\"https:\/\/investors.bittnet.ro\/en\/rezultate-financiare\/3q-2022\/rezultate-financiare-divizia-tehnologie\/\" \/>\n<meta property=\"og:site_name\" content=\"Bittnet Investors Relations Site\" \/>\n<meta property=\"article:publisher\" content=\"https:\/\/www.facebook.com\/BittnetSystems\/\" \/>\n<meta property=\"article:modified_time\" content=\"2022-11-14T11:36:41+00:00\" \/>\n<meta name=\"twitter:card\" content=\"summary_large_image\" \/>\n<meta name=\"twitter:site\" content=\"@NA\" \/>\n<meta name=\"twitter:label1\" content=\"Est. reading time\" \/>\n\t<meta name=\"twitter:data1\" content=\"2 minutes\" \/>\n<script type=\"application\/ld+json\" class=\"yoast-schema-graph\">{\"@context\":\"https:\/\/schema.org\",\"@graph\":[{\"@type\":\"WebPage\",\"@id\":\"https:\/\/investors.bittnet.ro\/en\/rezultate-financiare\/3q-2022\/rezultate-financiare-divizia-tehnologie\/\",\"url\":\"https:\/\/investors.bittnet.ro\/en\/rezultate-financiare\/3q-2022\/rezultate-financiare-divizia-tehnologie\/\",\"name\":\"Raport Q3 2022 - Bittnet Group - Trimestru 3 3022\",\"isPartOf\":{\"@id\":\"https:\/\/investors.bittnet.ro\/en\/#website\"},\"datePublished\":\"2022-11-08T09:29:35+00:00\",\"dateModified\":\"2022-11-14T11:36:41+00:00\",\"description\":\"Raport Q3 2022 - Bittnet - Levierul (multiplicatorul) opera\u021bional genereaz\u0103 \u00een continuare o cre\u0219tere mai accelerat\u0103 a marjei brute fa\u021b\u0103\",\"breadcrumb\":{\"@id\":\"https:\/\/investors.bittnet.ro\/en\/rezultate-financiare\/3q-2022\/rezultate-financiare-divizia-tehnologie\/#breadcrumb\"},\"inLanguage\":\"en-US\",\"potentialAction\":[{\"@type\":\"ReadAction\",\"target\":[\"https:\/\/investors.bittnet.ro\/en\/rezultate-financiare\/3q-2022\/rezultate-financiare-divizia-tehnologie\/\"]}]},{\"@type\":\"BreadcrumbList\",\"@id\":\"https:\/\/investors.bittnet.ro\/en\/rezultate-financiare\/3q-2022\/rezultate-financiare-divizia-tehnologie\/#breadcrumb\",\"itemListElement\":[{\"@type\":\"ListItem\",\"position\":1,\"name\":\"Home\",\"item\":\"https:\/\/investors.bittnet.ro\/en\/\"},{\"@type\":\"ListItem\",\"position\":2,\"name\":\"Rezultate financiare\",\"item\":\"https:\/\/investors.bittnet.ro\/en\/rezultate-financiare\/\"},{\"@type\":\"ListItem\",\"position\":3,\"name\":\"Raport 3Q 2022\",\"item\":\"https:\/\/investors.bittnet.ro\/en\/rezultate-financiare\/3q-2022\/\"},{\"@type\":\"ListItem\",\"position\":4,\"name\":\"Rezultate Financiare &#8211; Divizia Tehnologie\"}]},{\"@type\":\"WebSite\",\"@id\":\"https:\/\/investors.bittnet.ro\/en\/#website\",\"url\":\"https:\/\/investors.bittnet.ro\/en\/\",\"name\":\"Bittnet Investors Relations Site\",\"description\":\"Your Value. Upgraded.\",\"publisher\":{\"@id\":\"https:\/\/investors.bittnet.ro\/en\/#organization\"},\"potentialAction\":[{\"@type\":\"SearchAction\",\"target\":{\"@type\":\"EntryPoint\",\"urlTemplate\":\"https:\/\/investors.bittnet.ro\/en\/?s={search_term_string}\"},\"query-input\":\"required name=search_term_string\"}],\"inLanguage\":\"en-US\"},{\"@type\":\"Organization\",\"@id\":\"https:\/\/investors.bittnet.ro\/en\/#organization\",\"name\":\"Bittnet Group\",\"url\":\"https:\/\/investors.bittnet.ro\/en\/\",\"logo\":{\"@type\":\"ImageObject\",\"inLanguage\":\"en-US\",\"@id\":\"https:\/\/investors.bittnet.ro\/en\/#\/schema\/logo\/image\/\",\"url\":\"https:\/\/investors.bittnet.ro\/wp-content\/uploads\/2019\/05\/logo-grup.png\",\"contentUrl\":\"https:\/\/investors.bittnet.ro\/wp-content\/uploads\/2019\/05\/logo-grup.png\",\"width\":807,\"height\":442,\"caption\":\"Bittnet Group\"},\"image\":{\"@id\":\"https:\/\/investors.bittnet.ro\/en\/#\/schema\/logo\/image\/\"},\"sameAs\":[\"https:\/\/www.facebook.com\/BittnetSystems\/\",\"https:\/\/twitter.com\/NA\",\"http:\/\/na\",\"https:\/\/www.linkedin.com\/company\/bittnet-group\/\",\"https:\/\/www.youtube.com\/user\/BittnetSystems\"]}]}<\/script>\n<!-- \/ Yoast SEO plugin. -->","yoast_head_json":{"title":"Raport Q3 2022 - Bittnet Group - Trimestru 3 3022","description":"Raport Q3 2022 - Bittnet - Levierul (multiplicatorul) opera\u021bional genereaz\u0103 \u00een continuare o cre\u0219tere mai accelerat\u0103 a marjei brute fa\u021b\u0103","robots":{"index":"index","follow":"follow","max-snippet":"max-snippet:-1","max-image-preview":"max-image-preview:large","max-video-preview":"max-video-preview:-1"},"canonical":"https:\/\/investors.bittnet.ro\/en\/rezultate-financiare\/3q-2022\/rezultate-financiare-divizia-tehnologie\/","og_locale":"en_US","og_type":"article","og_title":"Raport Q3 2022 - Bittnet Group - Trimestru 3 3022","og_description":"Raport Q3 2022 - Bittnet - Levierul (multiplicatorul) opera\u021bional genereaz\u0103 \u00een continuare o cre\u0219tere mai accelerat\u0103 a marjei brute fa\u021b\u0103","og_url":"https:\/\/investors.bittnet.ro\/en\/rezultate-financiare\/3q-2022\/rezultate-financiare-divizia-tehnologie\/","og_site_name":"Bittnet Investors Relations Site","article_publisher":"https:\/\/www.facebook.com\/BittnetSystems\/","article_modified_time":"2022-11-14T11:36:41+00:00","twitter_card":"summary_large_image","twitter_site":"@NA","twitter_misc":{"Est. reading time":"2 minutes"},"schema":{"@context":"https:\/\/schema.org","@graph":[{"@type":"WebPage","@id":"https:\/\/investors.bittnet.ro\/en\/rezultate-financiare\/3q-2022\/rezultate-financiare-divizia-tehnologie\/","url":"https:\/\/investors.bittnet.ro\/en\/rezultate-financiare\/3q-2022\/rezultate-financiare-divizia-tehnologie\/","name":"Raport Q3 2022 - Bittnet Group - Trimestru 3 3022","isPartOf":{"@id":"https:\/\/investors.bittnet.ro\/en\/#website"},"datePublished":"2022-11-08T09:29:35+00:00","dateModified":"2022-11-14T11:36:41+00:00","description":"Raport Q3 2022 - Bittnet - Levierul (multiplicatorul) opera\u021bional genereaz\u0103 \u00een continuare o cre\u0219tere mai accelerat\u0103 a marjei brute fa\u021b\u0103","breadcrumb":{"@id":"https:\/\/investors.bittnet.ro\/en\/rezultate-financiare\/3q-2022\/rezultate-financiare-divizia-tehnologie\/#breadcrumb"},"inLanguage":"en-US","potentialAction":[{"@type":"ReadAction","target":["https:\/\/investors.bittnet.ro\/en\/rezultate-financiare\/3q-2022\/rezultate-financiare-divizia-tehnologie\/"]}]},{"@type":"BreadcrumbList","@id":"https:\/\/investors.bittnet.ro\/en\/rezultate-financiare\/3q-2022\/rezultate-financiare-divizia-tehnologie\/#breadcrumb","itemListElement":[{"@type":"ListItem","position":1,"name":"Home","item":"https:\/\/investors.bittnet.ro\/en\/"},{"@type":"ListItem","position":2,"name":"Rezultate financiare","item":"https:\/\/investors.bittnet.ro\/en\/rezultate-financiare\/"},{"@type":"ListItem","position":3,"name":"Raport 3Q 2022","item":"https:\/\/investors.bittnet.ro\/en\/rezultate-financiare\/3q-2022\/"},{"@type":"ListItem","position":4,"name":"Rezultate Financiare &#8211; Divizia Tehnologie"}]},{"@type":"WebSite","@id":"https:\/\/investors.bittnet.ro\/en\/#website","url":"https:\/\/investors.bittnet.ro\/en\/","name":"Bittnet Investors Relations Site","description":"Your Value. Upgraded.","publisher":{"@id":"https:\/\/investors.bittnet.ro\/en\/#organization"},"potentialAction":[{"@type":"SearchAction","target":{"@type":"EntryPoint","urlTemplate":"https:\/\/investors.bittnet.ro\/en\/?s={search_term_string}"},"query-input":"required name=search_term_string"}],"inLanguage":"en-US"},{"@type":"Organization","@id":"https:\/\/investors.bittnet.ro\/en\/#organization","name":"Bittnet Group","url":"https:\/\/investors.bittnet.ro\/en\/","logo":{"@type":"ImageObject","inLanguage":"en-US","@id":"https:\/\/investors.bittnet.ro\/en\/#\/schema\/logo\/image\/","url":"https:\/\/investors.bittnet.ro\/wp-content\/uploads\/2019\/05\/logo-grup.png","contentUrl":"https:\/\/investors.bittnet.ro\/wp-content\/uploads\/2019\/05\/logo-grup.png","width":807,"height":442,"caption":"Bittnet Group"},"image":{"@id":"https:\/\/investors.bittnet.ro\/en\/#\/schema\/logo\/image\/"},"sameAs":["https:\/\/www.facebook.com\/BittnetSystems\/","https:\/\/twitter.com\/NA","http:\/\/na","https:\/\/www.linkedin.com\/company\/bittnet-group\/","https:\/\/www.youtube.com\/user\/BittnetSystems"]}]}},"_links":{"self":[{"href":"https:\/\/investors.bittnet.ro\/en\/wp-json\/wp\/v2\/pages\/19094","targetHints":{"allow":["GET"]}}],"collection":[{"href":"https:\/\/investors.bittnet.ro\/en\/wp-json\/wp\/v2\/pages"}],"about":[{"href":"https:\/\/investors.bittnet.ro\/en\/wp-json\/wp\/v2\/types\/page"}],"author":[{"embeddable":true,"href":"https:\/\/investors.bittnet.ro\/en\/wp-json\/wp\/v2\/users\/26"}],"replies":[{"embeddable":true,"href":"https:\/\/investors.bittnet.ro\/en\/wp-json\/wp\/v2\/comments?post=19094"}],"version-history":[{"count":7,"href":"https:\/\/investors.bittnet.ro\/en\/wp-json\/wp\/v2\/pages\/19094\/revisions"}],"predecessor-version":[{"id":19268,"href":"https:\/\/investors.bittnet.ro\/en\/wp-json\/wp\/v2\/pages\/19094\/revisions\/19268"}],"up":[{"embeddable":true,"href":"https:\/\/investors.bittnet.ro\/en\/wp-json\/wp\/v2\/pages\/19057"}],"wp:attachment":[{"href":"https:\/\/investors.bittnet.ro\/en\/wp-json\/wp\/v2\/media?parent=19094"}],"curies":[{"name":"wp","href":"https:\/\/api.w.org\/{rel}","templated":true}]}}