{"id":14313,"date":"2021-11-12T09:47:14","date_gmt":"2021-11-12T07:47:14","guid":{"rendered":"https:\/\/investors.bittnet.ro\/?page_id=14313"},"modified":"2021-11-12T18:08:20","modified_gmt":"2021-11-12T16:08:20","slug":"presentation-of-the-operational-activity","status":"publish","type":"page","link":"https:\/\/investors.bittnet.ro\/en\/current-and-historical-financial-results\/q3-2021\/education-division\/presentation-of-the-operational-activity\/","title":{"rendered":"Presentation of the operational activity"},"content":{"rendered":"<section class=\"l-section wpb_row height_small\"><div class=\"l-section-h i-cf\"><div class=\"g-cols vc_row via_flex valign_top type_default stacking_default\"><div class=\"vc_col-sm-8 wpb_column vc_column_container\"><div class=\"vc_column-inner\"><div class=\"wpb_wrapper\"><div class=\"wpb_text_column\"><div class=\"wpb_wrapper\"><h1><span class=\"EOP BookmarkEnd SCXW105854551 BCX0\" data-ccp-props=\"{&quot;201341983&quot;:0,&quot;335551550&quot;:6,&quot;335551620&quot;:6,&quot;335559738&quot;:120,&quot;335559739&quot;:160,&quot;335559740&quot;:259}\">Prezentarea activit\u0103\u021bii opera\u021bionale &#8211; Divizia Educa\u021bie<\/span><\/h1>\n<\/div><\/div><div class=\"w-separator size_small\"><\/div><div class=\"wpb_text_column us_custom_432d3f53\"><div class=\"wpb_wrapper\"><p>Trimestrul 3 din 2021 a fost unul atipic pentru Divizia de Educa\u021bie. Dac\u0103 \u00een mod tradi\u021bional \u00een acest trimestru activitatea era redus\u0103 semnificativ din cauza perioadei de concedii &#8211; at\u00e2t a cursan\u021bilor c\u00e2t \u0219i a trainerilor no\u0219tri &#8211; \u00een acest an activitatea a fost sus\u021binut\u0103 \u0219i am reu\u0219it s\u0103 recuper\u0103m sc\u0103derea semnificativ\u0103 de peste 20% fa\u021b\u0103 de 2020, \u00eenregistrat\u0103 la finalul primelor dou\u0103 trimestre din acest an. Av\u00e2nd \u00een vedere c\u0103 istoric trimestrul 4 este cel mai \u00eenc\u0103rcat, suntem \u00eencrez\u0103tori c\u0103 vom reu\u0219i s\u0103 dep\u0103\u0219im rezultatul anului trecut, marc\u00e2nd astfel reluarea cre\u0219terii accelerate pe care divizia de Educa\u021bie a avut-o aproape \u00een fiecare an \u00eenainte de pandemie.<\/p>\n<p>\u00cen cele ce urmeaz\u0103 pute\u021bi reg\u0103si principalele activit\u0103\u021bi din cadrul fiec\u0103rei echipe, a\u0219a cum sunt ele implicate \u00een \u00abBuyer Journey\u00bb, noul nostru model opera\u021bional pe care l-am implementat \u00een mod riguros de la jum\u0103tatea anului trecut, si despre care am scris pe larg \u00een raportul pentru H1.<\/p>\n<h2>Marketing &amp; Product management<\/h2>\n<p>\u00cen al treilea trimestru echipa de Marketing \u0219i Product management a continuat s\u0103 rafineze modelul de generare de lead-uri prin dezvoltarea de con\u021binut. At\u00e2t con\u021binutul video c\u00e2t \u0219i e-book-urile dezvoltate au generat 125 MQL (Marketing Qualified Leads). \u00cen plus fa\u021b\u0103 de activitatea de generare de lead-uri, Product managerii au construit \u0219i implementat 5 campanii \u00eempreun\u0103 cu cei doi vendori de cloud Microsoft si AWS pe care \u00eei avem parteneri, gener\u00e2nd peste 800 de \u00eenscrieri la evenimentele noastre virtuale \u0219i atr\u0103g\u00e2nd peste 12K USD fonduri de promovare de la ace\u0219tia.<\/p>\n<p>Tot \u00een trimestrul trei, am \u00eenceput implementarea unor campanii de ABM (Acount Based Marketing) \u00een LinkedIn pentru DevOps Artisan, proiectul nostru de v\u00e2nzare \u00een pia\u021ba interna\u021bional\u0103, \u0219i pe care le vom extinde \u0219i pentru celelalte proiecte. Din august am devenit partenerul strategic de educa\u021bie al ANIS (Asocia\u021bia Patronal\u0103 a Industriei Software) \u0219i am livrat deja un prim webinar pentru speciali\u0219tii de L&amp;D ai companiilor membri ANIS.<\/p>\n<h2>Demand generation<\/h2>\n<p>Fiind principalul generator de lead-uri pentru echipa de v\u00e2nz\u0103ri, echipa de Demand generation \u0219i-a m\u0103rit efectivul cu \u00eenc\u0103 doi colegi, ajung\u00e2nd astfel la un num\u0103r de 5 SDR (Sales Development Representative) condu\u0219i de un Team Lead. Unul din obiectivele principale ale echipei este rafinarea continu\u0103 a procesului de Outbound prospecting \u00een vederea \u00een\u021belegerii caden\u021bei optime, a celor mai potrivite zile \u0219i ore de contactare \u0219i a celor mai de impact metode de comunicare. \u00cen acest trimestru echipa de Demand generation pe de-o parte a calificat \u0219i a transferat c\u0103tre echipa de Business development 45 de SQL (Sales Qualified Leads) din cele 125 de MQL, plus alte 12 SQL din abordarea a 190 de companii din pia\u021b\u0103 care ne sunt poten\u021biali clien\u021bi.<\/p>\n<h2>Business Development<\/h2>\n<p><strong>1. Bittnet training team<\/strong><\/p>\n<p>Echipa de v\u00e2nz\u0103ri a gestionat un numar de peste 300 de oportunit\u0103\u021bi \u00een acest trimestru, gener\u00e2nd un pipeline consistent de peste 1.5M EUR. Continuarea campaniei Enterprise Skills Initiative a vendorului Microsoft \u0219i \u00een anul fiscal 2021\/2022 ne-a ajutat at\u00e2t \u00een recuperarea par\u021bial\u0103 a decalajului din primul trimestru c\u00e2t \u0219i la generarea de noi oportunit\u0103\u021bi.<\/p>\n<p><strong>2. Equatorial team<\/strong><\/p>\n<p>\u00cen trimestrul al treilea am reu\u0219it s\u0103 atragem un nou coleg, \u00een conformitate cu planul pe care l-am stabilit la \u00eenceputul anului \u0219i ne g\u0103sim \u00een plin proces de recrutare pentru cel de-al doilea Learning consultant. Repozi\u021bionarea Equatorial ca furnizor de soft skills pentru organiza\u021biile de IT \u00eencepe s\u0103 dea rezultate, echipa de v\u00e2nz\u0103ri reu\u0219ind s\u0103 c\u00e2\u0219tige 7 clien\u021bi noi din industria de IT. Platforma de \u00eenv\u0103\u021bare colaborativ\u0103 FutureSkills, dezvoltat\u0103 \u00een primul semestru, \u0219i jocul VRunners au stat la baza proiectelor c\u00e2\u0219tigate. Tot \u00een acest trimestru Equatorial a stabilit un parteneriat cu Human Synergistics \u0219i va furniza servicii de consultan\u021b\u0103 companiilor de IT, \u00een cadrul Cercet\u0103rii Na\u021bionale de Cultur\u0103 Organiza\u021bional\u0103<\/p>\n<p><strong>3. e-Learning Company team<\/strong><\/p>\n<p>Cererea pentru con\u021binut \u00een format e-learning a continuat s\u0103 creasc\u0103 \u0219i \u00een trimestrul al treilea, astfel c\u0103 echipa de v\u00e2nz\u0103ri a reu\u0219it s\u0103 atrag\u0103 6 clien\u021bi noi \u0219i s\u0103 rec\u00e2\u0219tige 3 clien\u021bi care nu mai cump\u0103raser\u0103 anul trecut, ceea ce a condus la p\u0103strarea ritmului de cre\u0219tere de aproape 60% fa\u021b\u0103 de anul trecut. Ritmul de adop\u021bie a platformei de cursuri pentru B2C este mai slab dec\u00e2t am anticipat dar continuam s\u0103 rafin\u0103m modelul de marketing care s\u0103 ne ajute s\u0103 atingem obiectivele planificate.<\/p>\n<p><strong>4. CLC team<\/strong><\/p>\n<p>\u00cen acest trimestru am finalizat tranzac\u021bia cu Computer Learning Center (CLC), cel mai important furnizor de training de cyber-security din Rom\u00e2nia, prelu\u00e2nd \u00eentreaga activitate, contractele cu clien\u021bii \u0219i angaja\u021bii. Din septembrie am \u00eenceput procesul de integrare a noilor no\u0219tri colegi \u0219i estim\u0103m pentru al patrulea trimestru un impact pozitiv \u00een termen de rezultate, av\u00e2nd \u00een vedere pipeline-ul existent.<\/p>\n<h2>Delivery &amp; Customer Success<\/h2>\n<p>Una din principalele preocup\u0103ri pentru a doua parte a anului 2021 a fost cre\u0219terea \u0219i profesionalizarea echipei de traineri interni \u0219i colaboratori. Faptul ca acum avem c\u00e2te un Training manager at\u00e2t pentru trainingurile tehnice c\u00e2t \u0219i pentru cele de soft skills, ne-a ajutat s\u0103 putem construi o parte semnificativ\u0103 din procesele \u0219i procedurile necesare \u00een etapa final\u0103 din Buyer Journey. \u00cen acest fel, pe l\u00e2ng\u0103 \u00eembun\u0103t\u0103\u021birea experien\u021bei cursan\u021bilor no\u0219tri, am f\u0103cut pa\u0219i importan\u021bi c\u0103tre obiectivul de a dezvolta BittNation, comunitatea celor care au participat la cursurile diviziei de Educa\u021bie. De asemenea managerii Customer Success au definitivat procedurile de lucru \u0219i 3 Use case-uri care demonstreaz\u0103 ROI-ul ob\u021binut de clien\u021bi pentru proiectele educa\u021bionale derulate \u00eempreun\u0103 cu noi. \u00cen al treilea trimestru am livrat un num\u0103r de 132 de clase pentru un num\u0103r de 1220 de cursan\u021bi, ceea ce corespunde unei medii de aproximativ 9 studen\u021bi\/ clas\u0103.<\/p>\n<\/div><\/div><div class=\"w-separator size_small with_line width_default thick_1 style_solid color_primary align_center\"><div class=\"w-separator-h\"><\/div><\/div><div class=\"w-btn-wrapper align_none\"><a class=\"w-btn us-btn-style_4\" title=\"Rezultate Financiare\" href=\"https:\/\/investors.bittnet.ro\/current-and-historical-financial-results\/q3-2021\/education-division\/financial-results-education-division\/\"><span class=\"w-btn-label\">Rezultate financiare<\/span><\/a><\/div><\/div><\/div><\/div><div class=\"vc_col-sm-4 wpb_column vc_column_container\"><div class=\"vc_column-inner\"><div class=\"wpb_wrapper\"><nav class=\"w-menu layout_ver style_blocks us_menu_1 with_children\" style=\"--main-gap:1.5rem;--main-ver-indent:0.8em;--main-hor-indent:0.8em;--main-bg-color:rgba(0,0,0,0.1);--main-color:inherit;--main-hover-bg-color:#8dbe65;--main-hover-color:#ffffff;--main-active-bg-color:#8dbe65;--main-active-color:#ffffff;--sub-gap:5 px;\"><ul id=\"menu-q3-2021\" class=\"menu\"><li id=\"menu-item-14132\" class=\"menu-item menu-item-type-post_type menu-item-object-page menu-item-14132\"><a href=\"https:\/\/investors.bittnet.ro\/rezultate-financiare\/3q-2021\/\">Message from the CEO<\/a><\/li><li id=\"menu-item-14144\" class=\"menu-item menu-item-type-post_type menu-item-object-page menu-item-has-children menu-item-14144\"><a href=\"https:\/\/investors.bittnet.ro\/rezultate-financiare\/3q-2021\/divizia-tehnologie\/\">Technology Division<\/a><ul class=\"sub-menu\"><li id=\"menu-item-14185\" class=\"menu-item menu-item-type-post_type menu-item-object-page menu-item-14185\"><a href=\"https:\/\/investors.bittnet.ro\/rezultate-financiare\/3q-2021\/divizia-tehnologie\/situatia-activitatii-operationale\/\">Presentation of the operational activity<\/a><\/li><li id=\"menu-item-14184\" class=\"menu-item menu-item-type-post_type menu-item-object-page menu-item-14184\"><a href=\"https:\/\/investors.bittnet.ro\/rezultate-financiare\/3q-2021\/divizia-tehnologie\/rezultate-financiare\/\">Financial Results \u2013 Technology Division<\/a><\/li><\/ul><\/li><li id=\"menu-item-14150\" class=\"menu-item menu-item-type-post_type menu-item-object-page menu-item-has-children menu-item-14150\"><a href=\"https:\/\/investors.bittnet.ro\/rezultate-financiare\/3q-2021\/divizia-educatie\/\">Education Division<\/a><ul class=\"sub-menu\"><li id=\"menu-item-14194\" class=\"menu-item menu-item-type-post_type menu-item-object-page menu-item-14194\"><a href=\"https:\/\/investors.bittnet.ro\/rezultate-financiare\/3q-2021\/divizia-educatie\/prezentarea-activitatii-operationale\/\">Presentation of the operational activity<\/a><\/li><li id=\"menu-item-14193\" class=\"menu-item menu-item-type-post_type menu-item-object-page menu-item-14193\"><a href=\"https:\/\/investors.bittnet.ro\/rezultate-financiare\/3q-2021\/divizia-educatie\/rezultate-financiare\/\">Financial results \u2013 Education Division<\/a><\/li><\/ul><\/li><li id=\"menu-item-14162\" class=\"menu-item menu-item-type-post_type menu-item-object-page menu-item-14162\"><a href=\"https:\/\/investors.bittnet.ro\/rezultate-financiare\/3q-2021\/rezultatul-financiar-si-profit-brut\/\">Financial result and gross profit<\/a><\/li><li id=\"menu-item-14278\" class=\"menu-item menu-item-type-post_type menu-item-object-page menu-item-14278\"><a href=\"https:\/\/investors.bittnet.ro\/rezultate-financiare\/3q-2021\/situatia-consolidata-a-pozitiei-financiare-elemente-cheie\/\">Consolidated statement of financial position \u2013 key elements<\/a><\/li><li id=\"menu-item-14277\" class=\"menu-item menu-item-type-post_type menu-item-object-page menu-item-14277\"><a href=\"https:\/\/investors.bittnet.ro\/rezultate-financiare\/3q-2021\/situatia-consolidata-a-fluxurilor-de-trezorerie-elemente-cheie\/\">Consolidated situation of cash flow \u2013 key elements<\/a><\/li><li id=\"menu-item-14208\" class=\"menu-item menu-item-type-post_type menu-item-object-page menu-item-14208\"><a href=\"https:\/\/investors.bittnet.ro\/rezultate-financiare\/3q-2021\/o-perspectiva-anuala-a-rezultatelor-financiare\/\">An annual overview of financial results<\/a><\/li><li id=\"menu-item-14218\" class=\"menu-item menu-item-type-post_type menu-item-object-page menu-item-14218\"><a href=\"https:\/\/investors.bittnet.ro\/rezultate-financiare\/3q-2021\/evaluarea-altor-companii-similare\/\">Assessment of other similar companies<\/a><\/li><li id=\"menu-item-14223\" class=\"menu-item menu-item-type-post_type menu-item-object-page menu-item-14223\"><a href=\"https:\/\/investors.bittnet.ro\/rezultate-financiare\/3q-2021\/indicatori-conform-anexa-13-reg-asf-5-2018\/\">Indicators according to the Annex 13 Reg. ASF 5\/2018<\/a><\/li><li id=\"menu-item-14228\" class=\"menu-item menu-item-type-post_type menu-item-object-page menu-item-14228\"><a href=\"https:\/\/investors.bittnet.ro\/rezultate-financiare\/3q-2021\/evenimente-cheie-in-t3-2021\/\">Key events in Q3 2021<\/a><\/li><li id=\"menu-item-14241\" class=\"menu-item menu-item-type-post_type menu-item-object-page menu-item-14241\"><a href=\"https:\/\/investors.bittnet.ro\/rezultate-financiare\/3q-2021\/factori-de-risc\/\">Risk factors<\/a><\/li><li id=\"menu-item-14240\" class=\"menu-item menu-item-type-post_type menu-item-object-page menu-item-14240\"><a href=\"https:\/\/investors.bittnet.ro\/rezultate-financiare\/3q-2021\/contact-relatia-cu-investitorii\/\">Contact person for the relation with investors<\/a><\/li><li id=\"menu-item-14251\" class=\"menu-item menu-item-type-post_type menu-item-object-page menu-item-14251\"><a href=\"https:\/\/investors.bittnet.ro\/rezultate-financiare\/3q-2021\/anexa-1-alternative-performance-measurements-despre-indicatorii-alternativi-de-performanta\/\">Annex 1 \u2013 \u2018Alternative Performance Measurements\u2019<\/a><\/li><li id=\"menu-item-14250\" class=\"menu-item menu-item-type-post_type menu-item-object-page menu-item-14250\"><a href=\"https:\/\/investors.bittnet.ro\/rezultate-financiare\/3q-2021\/situatii-financiare\/\">Financial Statements<\/a><\/li><\/ul><style>@media ( max-width:600px ){.us_menu_1 .menu{display:block!important}.us_menu_1 .menu>li:not(:last-child){margin:0 0 var(--main-gap,1.5rem)!important}}<\/style><\/nav><\/div><\/div><\/div><\/div><\/div><\/section>\n","protected":false},"excerpt":{"rendered":"Prezentarea activit\u0103\u021bii opera\u021bionale &#8211; Divizia Educa\u021bie Trimestrul 3 din 2021 a fost unul atipic pentru Divizia de Educa\u021bie. Dac\u0103 \u00een mod tradi\u021bional \u00een acest trimestru activitatea era redus\u0103 semnificativ din cauza perioadei de concedii &#8211; at\u00e2t a cursan\u021bilor c\u00e2t \u0219i a trainerilor no\u0219tri &#8211; \u00een acest an activitatea a fost sus\u021binut\u0103 \u0219i am reu\u0219it s\u0103...","protected":false},"author":13,"featured_media":0,"parent":14309,"menu_order":4,"comment_status":"closed","ping_status":"closed","template":"","meta":{"footnotes":""},"class_list":["post-14313","page","type-page","status-publish","hentry"],"yoast_head":"<!-- This site is optimized with the Yoast SEO plugin v20.8 - https:\/\/yoast.com\/wordpress\/plugins\/seo\/ -->\n<title>Presentation of the operational activity - Bittnet Investors Relations Site<\/title>\n<meta name=\"robots\" content=\"index, follow, max-snippet:-1, max-image-preview:large, max-video-preview:-1\" \/>\n<link rel=\"canonical\" href=\"https:\/\/investors.bittnet.ro\/en\/current-and-historical-financial-results\/q3-2021\/education-division\/presentation-of-the-operational-activity\/\" \/>\n<meta property=\"og:locale\" content=\"en_US\" \/>\n<meta property=\"og:type\" content=\"article\" \/>\n<meta property=\"og:title\" content=\"Presentation of the operational activity - Bittnet Investors Relations Site\" \/>\n<meta property=\"og:url\" content=\"https:\/\/investors.bittnet.ro\/en\/current-and-historical-financial-results\/q3-2021\/education-division\/presentation-of-the-operational-activity\/\" \/>\n<meta property=\"og:site_name\" content=\"Bittnet Investors Relations Site\" \/>\n<meta property=\"article:publisher\" content=\"https:\/\/www.facebook.com\/BittnetSystems\/\" \/>\n<meta property=\"article:modified_time\" content=\"2021-11-12T16:08:20+00:00\" \/>\n<meta name=\"twitter:card\" content=\"summary_large_image\" \/>\n<meta name=\"twitter:site\" content=\"@NA\" \/>\n<meta name=\"twitter:label1\" content=\"Est. reading time\" \/>\n\t<meta name=\"twitter:data1\" content=\"4 minutes\" \/>\n<script type=\"application\/ld+json\" class=\"yoast-schema-graph\">{\"@context\":\"https:\/\/schema.org\",\"@graph\":[{\"@type\":\"WebPage\",\"@id\":\"https:\/\/investors.bittnet.ro\/en\/current-and-historical-financial-results\/q3-2021\/education-division\/presentation-of-the-operational-activity\/\",\"url\":\"https:\/\/investors.bittnet.ro\/en\/current-and-historical-financial-results\/q3-2021\/education-division\/presentation-of-the-operational-activity\/\",\"name\":\"Presentation of the operational activity - Bittnet Investors Relations Site\",\"isPartOf\":{\"@id\":\"https:\/\/investors.bittnet.ro\/en\/#website\"},\"datePublished\":\"2021-11-12T07:47:14+00:00\",\"dateModified\":\"2021-11-12T16:08:20+00:00\",\"breadcrumb\":{\"@id\":\"https:\/\/investors.bittnet.ro\/en\/current-and-historical-financial-results\/q3-2021\/education-division\/presentation-of-the-operational-activity\/#breadcrumb\"},\"inLanguage\":\"en-US\",\"potentialAction\":[{\"@type\":\"ReadAction\",\"target\":[\"https:\/\/investors.bittnet.ro\/en\/current-and-historical-financial-results\/q3-2021\/education-division\/presentation-of-the-operational-activity\/\"]}]},{\"@type\":\"BreadcrumbList\",\"@id\":\"https:\/\/investors.bittnet.ro\/en\/current-and-historical-financial-results\/q3-2021\/education-division\/presentation-of-the-operational-activity\/#breadcrumb\",\"itemListElement\":[{\"@type\":\"ListItem\",\"position\":1,\"name\":\"Home\",\"item\":\"https:\/\/investors.bittnet.ro\/en\/\"},{\"@type\":\"ListItem\",\"position\":2,\"name\":\"Current and historical financial results\",\"item\":\"https:\/\/investors.bittnet.ro\/en\/current-and-historical-financial-results\/\"},{\"@type\":\"ListItem\",\"position\":3,\"name\":\"Message from the CEO\",\"item\":\"https:\/\/investors.bittnet.ro\/en\/current-and-historical-financial-results\/q3-2021\/\"},{\"@type\":\"ListItem\",\"position\":4,\"name\":\"Education Division\",\"item\":\"https:\/\/investors.bittnet.ro\/en\/current-and-historical-financial-results\/q3-2021\/education-division\/\"},{\"@type\":\"ListItem\",\"position\":5,\"name\":\"Presentation of the operational activity\"}]},{\"@type\":\"WebSite\",\"@id\":\"https:\/\/investors.bittnet.ro\/en\/#website\",\"url\":\"https:\/\/investors.bittnet.ro\/en\/\",\"name\":\"Bittnet Investors Relations Site\",\"description\":\"Your Value. Upgraded.\",\"publisher\":{\"@id\":\"https:\/\/investors.bittnet.ro\/en\/#organization\"},\"potentialAction\":[{\"@type\":\"SearchAction\",\"target\":{\"@type\":\"EntryPoint\",\"urlTemplate\":\"https:\/\/investors.bittnet.ro\/en\/?s={search_term_string}\"},\"query-input\":\"required name=search_term_string\"}],\"inLanguage\":\"en-US\"},{\"@type\":\"Organization\",\"@id\":\"https:\/\/investors.bittnet.ro\/en\/#organization\",\"name\":\"Bittnet Group\",\"url\":\"https:\/\/investors.bittnet.ro\/en\/\",\"logo\":{\"@type\":\"ImageObject\",\"inLanguage\":\"en-US\",\"@id\":\"https:\/\/investors.bittnet.ro\/en\/#\/schema\/logo\/image\/\",\"url\":\"https:\/\/investors.bittnet.ro\/wp-content\/uploads\/2019\/05\/logo-grup.png\",\"contentUrl\":\"https:\/\/investors.bittnet.ro\/wp-content\/uploads\/2019\/05\/logo-grup.png\",\"width\":807,\"height\":442,\"caption\":\"Bittnet Group\"},\"image\":{\"@id\":\"https:\/\/investors.bittnet.ro\/en\/#\/schema\/logo\/image\/\"},\"sameAs\":[\"https:\/\/www.facebook.com\/BittnetSystems\/\",\"https:\/\/twitter.com\/NA\",\"http:\/\/na\",\"https:\/\/www.linkedin.com\/company\/bittnet-group\/\",\"https:\/\/www.youtube.com\/user\/BittnetSystems\"]}]}<\/script>\n<!-- \/ Yoast SEO plugin. -->","yoast_head_json":{"title":"Presentation of the operational activity - Bittnet Investors Relations Site","robots":{"index":"index","follow":"follow","max-snippet":"max-snippet:-1","max-image-preview":"max-image-preview:large","max-video-preview":"max-video-preview:-1"},"canonical":"https:\/\/investors.bittnet.ro\/en\/current-and-historical-financial-results\/q3-2021\/education-division\/presentation-of-the-operational-activity\/","og_locale":"en_US","og_type":"article","og_title":"Presentation of the operational activity - Bittnet Investors Relations Site","og_url":"https:\/\/investors.bittnet.ro\/en\/current-and-historical-financial-results\/q3-2021\/education-division\/presentation-of-the-operational-activity\/","og_site_name":"Bittnet Investors Relations Site","article_publisher":"https:\/\/www.facebook.com\/BittnetSystems\/","article_modified_time":"2021-11-12T16:08:20+00:00","twitter_card":"summary_large_image","twitter_site":"@NA","twitter_misc":{"Est. reading time":"4 minutes"},"schema":{"@context":"https:\/\/schema.org","@graph":[{"@type":"WebPage","@id":"https:\/\/investors.bittnet.ro\/en\/current-and-historical-financial-results\/q3-2021\/education-division\/presentation-of-the-operational-activity\/","url":"https:\/\/investors.bittnet.ro\/en\/current-and-historical-financial-results\/q3-2021\/education-division\/presentation-of-the-operational-activity\/","name":"Presentation of the operational activity - Bittnet Investors Relations Site","isPartOf":{"@id":"https:\/\/investors.bittnet.ro\/en\/#website"},"datePublished":"2021-11-12T07:47:14+00:00","dateModified":"2021-11-12T16:08:20+00:00","breadcrumb":{"@id":"https:\/\/investors.bittnet.ro\/en\/current-and-historical-financial-results\/q3-2021\/education-division\/presentation-of-the-operational-activity\/#breadcrumb"},"inLanguage":"en-US","potentialAction":[{"@type":"ReadAction","target":["https:\/\/investors.bittnet.ro\/en\/current-and-historical-financial-results\/q3-2021\/education-division\/presentation-of-the-operational-activity\/"]}]},{"@type":"BreadcrumbList","@id":"https:\/\/investors.bittnet.ro\/en\/current-and-historical-financial-results\/q3-2021\/education-division\/presentation-of-the-operational-activity\/#breadcrumb","itemListElement":[{"@type":"ListItem","position":1,"name":"Home","item":"https:\/\/investors.bittnet.ro\/en\/"},{"@type":"ListItem","position":2,"name":"Current and historical financial results","item":"https:\/\/investors.bittnet.ro\/en\/current-and-historical-financial-results\/"},{"@type":"ListItem","position":3,"name":"Message from the CEO","item":"https:\/\/investors.bittnet.ro\/en\/current-and-historical-financial-results\/q3-2021\/"},{"@type":"ListItem","position":4,"name":"Education Division","item":"https:\/\/investors.bittnet.ro\/en\/current-and-historical-financial-results\/q3-2021\/education-division\/"},{"@type":"ListItem","position":5,"name":"Presentation of the operational activity"}]},{"@type":"WebSite","@id":"https:\/\/investors.bittnet.ro\/en\/#website","url":"https:\/\/investors.bittnet.ro\/en\/","name":"Bittnet Investors Relations Site","description":"Your Value. Upgraded.","publisher":{"@id":"https:\/\/investors.bittnet.ro\/en\/#organization"},"potentialAction":[{"@type":"SearchAction","target":{"@type":"EntryPoint","urlTemplate":"https:\/\/investors.bittnet.ro\/en\/?s={search_term_string}"},"query-input":"required name=search_term_string"}],"inLanguage":"en-US"},{"@type":"Organization","@id":"https:\/\/investors.bittnet.ro\/en\/#organization","name":"Bittnet Group","url":"https:\/\/investors.bittnet.ro\/en\/","logo":{"@type":"ImageObject","inLanguage":"en-US","@id":"https:\/\/investors.bittnet.ro\/en\/#\/schema\/logo\/image\/","url":"https:\/\/investors.bittnet.ro\/wp-content\/uploads\/2019\/05\/logo-grup.png","contentUrl":"https:\/\/investors.bittnet.ro\/wp-content\/uploads\/2019\/05\/logo-grup.png","width":807,"height":442,"caption":"Bittnet Group"},"image":{"@id":"https:\/\/investors.bittnet.ro\/en\/#\/schema\/logo\/image\/"},"sameAs":["https:\/\/www.facebook.com\/BittnetSystems\/","https:\/\/twitter.com\/NA","http:\/\/na","https:\/\/www.linkedin.com\/company\/bittnet-group\/","https:\/\/www.youtube.com\/user\/BittnetSystems"]}]}},"_links":{"self":[{"href":"https:\/\/investors.bittnet.ro\/en\/wp-json\/wp\/v2\/pages\/14313","targetHints":{"allow":["GET"]}}],"collection":[{"href":"https:\/\/investors.bittnet.ro\/en\/wp-json\/wp\/v2\/pages"}],"about":[{"href":"https:\/\/investors.bittnet.ro\/en\/wp-json\/wp\/v2\/types\/page"}],"author":[{"embeddable":true,"href":"https:\/\/investors.bittnet.ro\/en\/wp-json\/wp\/v2\/users\/13"}],"replies":[{"embeddable":true,"href":"https:\/\/investors.bittnet.ro\/en\/wp-json\/wp\/v2\/comments?post=14313"}],"version-history":[{"count":9,"href":"https:\/\/investors.bittnet.ro\/en\/wp-json\/wp\/v2\/pages\/14313\/revisions"}],"predecessor-version":[{"id":14474,"href":"https:\/\/investors.bittnet.ro\/en\/wp-json\/wp\/v2\/pages\/14313\/revisions\/14474"}],"up":[{"embeddable":true,"href":"https:\/\/investors.bittnet.ro\/en\/wp-json\/wp\/v2\/pages\/14309"}],"wp:attachment":[{"href":"https:\/\/investors.bittnet.ro\/en\/wp-json\/wp\/v2\/media?parent=14313"}],"curies":[{"name":"wp","href":"https:\/\/api.w.org\/{rel}","templated":true}]}}