{"id":14295,"date":"2021-11-12T09:27:12","date_gmt":"2021-11-12T07:27:12","guid":{"rendered":"https:\/\/investors.bittnet.ro\/?page_id=14295"},"modified":"2021-11-12T18:08:08","modified_gmt":"2021-11-12T16:08:08","slug":"presentation-of-the-operational-activity","status":"publish","type":"page","link":"https:\/\/investors.bittnet.ro\/en\/current-and-historical-financial-results\/q3-2021\/technology-division\/presentation-of-the-operational-activity\/","title":{"rendered":"Presentation of the operational activity"},"content":{"rendered":"<section class=\"l-section wpb_row height_small\"><div class=\"l-section-h i-cf\"><div class=\"g-cols vc_row via_flex valign_top type_default stacking_default\"><div class=\"vc_col-sm-8 wpb_column vc_column_container\"><div class=\"vc_column-inner\"><div class=\"wpb_wrapper\"><div class=\"wpb_text_column\"><div class=\"wpb_wrapper\"><h1>Situatia activitatii operationale &#8211; Divizia Tehnologie<\/h1>\n<\/div><\/div><div class=\"w-separator size_small\"><\/div><div class=\"wpb_text_column us_custom_432d3f53\"><div class=\"wpb_wrapper\"><p>La nivelul diviziei de tehnologie a grupului trimestrul 3 a reprezentat o perioada de cre\u0219tere at\u00e2t din punct de vedere al cifrei de afaceri cat si din punct de vedere al marginii generate si al profitului. Cre\u0219terile \u00eenregistrate in indicatorii financiari se reg\u0103sesc si \u00eentr-o activitate mai ridicata la nivelul echipelor \u2013 inclusiv in zona de servicii IT si ERP \u2013 av\u00e2nd peste 700 de proiecte implementate in acest trimestru. In acest sens putem spune ca la nivel de divizie si implicit si la nivelul companiilor Dendrio, respectiv Elian, sezonalitatea in primele 3 trimestre a fost apropiata de sezonalitatea de dinaintea pandemiei. Important de remarcat faptul ca am reu\u0219it astfel sa recuperam sc\u0103derea de venit \u00eenregistrata la primele 6 luni, dar mai mult, am reu\u0219it sa acceleram cre\u0219terea de margine generata in aceste trei trimestre.<\/p>\n<p>Este important de men\u021bionat faptul ca at\u00e2t la nivel global cat si la nivel local, contextul curent este unul complicat, cu un grad redus de predictibilitate. Lan\u021burile logistice sunt supuse unui stres major \u2013 cu timpi extrem de mari, de peste 120 de zile, in livrarea anumitor componente hardware. Acest stres logistic se suprapune nefericit peste provoc\u0103rile existente la nivel local &#8211; pandemie, instabilitate politica &#8211; motiv pentru care ne propunem, in divizia de tehnologie, sa ne concentram pe ceea ce poate face diferen\u021ba in pia\u021ba: cre\u0219terea interac\u021biunilor cu clien\u021bii no\u0219tri, implicarea in procesele de transformare digitala cu resurse extrem de competente, optimizarea proceselor interne pentru cre\u0219terea agilit\u0103\u021bii si reducerea timpilor si costurilor de livrare.<\/p>\n<\/div><\/div><div class=\"w-separator size_small with_line width_default thick_1 style_solid color_primary align_center\"><div class=\"w-separator-h\"><\/div><\/div><div class=\"wpb_text_column us_custom_432d3f53\"><div class=\"wpb_wrapper\"><h2>Dendrio<\/h2>\n<p>La nivelul Dendrio Solutions \u2013 divizia de integrare IT a grupului \u2013 ne-am concentrat pe urm\u0103toarele direc\u021bii de dezvoltare:<\/p>\n<ul>\n<li>Consolidarea tuturor echipelor companiei &#8211; pentru a face fata unui volum in cre\u0219tere de proiecte pe termen mediu si lung. Consideram ca suntem \u00eentr-un punct de inflexiune al pie\u021bei \u2013 cerin\u021bele pentru solu\u021biile digitale av\u00e2nd doar o singura direc\u021bie: aceea de cre\u0219tere. In acest sens pana la nivelul trimestrului 3 am reu\u0219it sa atragem 15 colegi si colaboratori noi, at\u00e2t in echipele de livrare (tehnice) cat si in zona de v\u00e2nz\u0103ri, marketing, project management \u0219i customer success.<\/li>\n<li>In acest trimestru am \u00eenceput si construc\u021bia, la nivel de grup dar cu un impact fundamental asupra Dendrio, a unui Project Management Office (PMO). Acest lucru ne va permite ob\u021binerea unei cre\u0219teri sustenabile a num\u0103rului de proiecte livrate, in condi\u021biile men\u021binerii unui control crescut asupra costurilor si riscurilor.<\/li>\n<li>Activit\u0103\u021bile de marketing s-au derulat pe 3 direc\u021bii principale:\n<ul>\n<li>Derularea unei campanii de cloud, pe \u00eentregul trimestru 3. In acest sens Dendrio a produs primul raport de adop\u021bie de cloud in Romania (la nivel 2021), permi\u021b\u00e2ndu-ne o \u00een\u021belegere mult mai detaliata a pie\u021bei si a trendurilor de cloud existente. Pe perioada campaniei am ob\u021binut peste 230 de downloads ale acestui studiu;<\/li>\n<li>Au fost reluate evenimentelor cu prezenta fizica \u00eempreuna cu clien\u021bi, in mod particular din zona companiilor mari.<\/li>\n<li>Dezvoltarea de con\u021binut digital, care sa ne permit\u0103 atragerea unui volum cat mai mare de vizitatori pe platformele digitale; bazat pe un proces continuu de testare si \u00eenv\u0103\u021bare, credem ca acest element ne va permite o cre\u0219tere accelerata in pia\u021ba local\u0103 si regionala.<\/li>\n<li>Procesul de buyer journey \u2013 axat pe zona companiilor mici si medii \u2013 a \u00eenceput sa dea roade. Am reu\u0219it sa preluam o serie de bune practici de la divizia de educa\u021bie, ob\u021bin\u00e2nd rezultate promi\u021b\u0103toare in implementarea acestui proces: peste 220 de companii contactate de c\u0103tre echipa Dendrio (outbound) cu o rata de conversie (validare de interes) de 20%;<\/li>\n<li>De asemenea in zona companiilor mici si mijlocii am implementat peste 200 de proiecte cu componenta de adop\u021bie de tehnologie (technology workshops) \u2013 mecanism prin care urm\u0103rim sa atragem peste 50 de clien\u021bi noi in urm\u0103torul ciclu financiar (2022);<\/li>\n<li>In zona companiilor mari au continuat proiectele de implementare atat pentru infrastructuri critice\/na\u021bionale cat si in domeniul bancar, utilit\u0103\u021bi sau real estate. Dup\u0103 cum este de a\u0219teptat, observam o cre\u0219tere a interesului in zona proiectelor de cybersecurity, men\u021bin\u00e2nd-se \u00eens\u0103 un interes ridicat si pentru zona de conectivitate si data center.<\/li>\n<\/ul>\n<\/li>\n<\/ul>\n<\/div><\/div><div class=\"w-separator size_small with_line width_default thick_1 style_solid color_primary align_center\"><div class=\"w-separator-h\"><\/div><\/div><div class=\"wpb_text_column us_custom_432d3f53\"><div class=\"wpb_wrapper\"><h2>Elian<\/h2>\n<p>Din punct de vedere al Elian Solutions \u2013 divizia de implementare a aplica\u021biilor de afaceri \u2013 amintim mai jos principalele puncte de dezvoltare pentru perioada trimestrului 3:<\/p>\n<ul>\n<li>\u00cembun\u0103t\u0103\u021birea proceselor de livrare de proiecte si de comunicare cu clien\u021bii. Demersurile f\u0103cute in acest sens au dat rezultate, proiecte dificile precum cele de la Green PC Ambalaje si My Geisha fiind livrate conform planific\u0103rilor asumate.<\/li>\n<li>Atragerea de resurse productive in echipa a fost de asemenea de o importan\u021b\u0103 vital\u0103 \u2013 Elian reu\u0219ind sa ating\u0103 un num\u0103r total de 28 de colegi si colaboratori implica\u021bi in procesele de livrare. Mai mult dec\u00e2t at\u00e2t, daca in mod normal un nou coleg trece printr-un proces de preg\u0103tire care poate dura si pana la 6 luni, in trimestrul 3 am adoptat o strategie noua: atragerea unor consultan\u021bi experimenta\u021bi, cu abilitatea de a intra rapid in produc\u021bie. Demersul a avut succes, toate resursele noi atrase au intrat in produc\u021bie \u00eentr-un termen mai scurt dec\u00e2t media de 6 luni, ceea ce a dus la cre\u0219terea capacit\u0103\u021bii de livrare la client.<\/li>\n<li>Am investit timp pentru recertificarea echipei pe noua solu\u021bie Microsoft Dynamics 365 Business Central, mai mul\u021bi colegi fiind in proces de ob\u021binere a certific\u0103rilor;<\/li>\n<li>Am prelungit certificarea de Gold Partner la Microsoft.<\/li>\n<\/ul>\n<p>Bine\u00een\u021beles, aceasta perioada ridic\u0103 si provoc\u0103ri pe care echipa Elian le abordeaza cat mai agil si responsabil cu putin\u021b\u0103. Prin perspectiva tipului de proiecte pe care le implementam sunt necesare \u00eent\u00e2lnirile relativ frecvente \u00eentre colegii din echipa precum si cu echipele de implementare ale clien\u021bilor. De\u0219i modul de lucru la distanta ne permite derularea in continuare a afacerii, acest mod de lucru aduce si o serie de inconveniente: segmentarea echipei, integrarea mai grea a oamenilor noi.<\/p>\n<p>Chiar si in acest context complicat in trimestrul 3 am avut o serie de reu\u0219ite excep\u021bionale, cum ar fi trecerea in produc\u021bie a clientului My Geisha &#8211; un brand foarte activ si foarte prezent in online pe zona de beauty. My Geisha reprezint\u0103 o referin\u021b\u0103 foarte puternica pentru acest segment de pia\u021b\u0103 si prin implementarea aceasta ne-am consolidat solu\u021bia de retail.<\/p>\n<\/div><\/div><div class=\"w-separator size_small\"><\/div><div class=\"w-btn-wrapper align_none\"><a class=\"w-btn us-btn-style_4\" title=\"Rezultate financiare\" href=\"https:\/\/investors.bittnet.ro\/current-and-historical-financial-results\/q3-2021\/technology-division\/financial-results-technology-division\/\"><span class=\"w-btn-label\">Rezultate financiare Divizia Tehnologie<\/span><\/a><\/div><\/div><\/div><\/div><div class=\"vc_col-sm-4 wpb_column vc_column_container\"><div class=\"vc_column-inner\"><div class=\"wpb_wrapper\"><nav class=\"w-menu layout_ver style_blocks us_menu_1 with_children\" style=\"--main-gap:1.5rem;--main-ver-indent:0.8em;--main-hor-indent:0.8em;--main-bg-color:rgba(0,0,0,0.1);--main-color:inherit;--main-hover-bg-color:#8dbe65;--main-hover-color:#ffffff;--main-active-bg-color:#8dbe65;--main-active-color:#ffffff;--sub-gap:5px;\"><ul id=\"menu-q3-2021\" class=\"menu\"><li id=\"menu-item-14132\" class=\"menu-item menu-item-type-post_type menu-item-object-page menu-item-14132\"><a href=\"https:\/\/investors.bittnet.ro\/rezultate-financiare\/3q-2021\/\">Message from the CEO<\/a><\/li><li id=\"menu-item-14144\" class=\"menu-item menu-item-type-post_type menu-item-object-page menu-item-has-children menu-item-14144\"><a href=\"https:\/\/investors.bittnet.ro\/rezultate-financiare\/3q-2021\/divizia-tehnologie\/\">Technology Division<\/a><ul class=\"sub-menu\"><li id=\"menu-item-14185\" class=\"menu-item menu-item-type-post_type menu-item-object-page menu-item-14185\"><a href=\"https:\/\/investors.bittnet.ro\/rezultate-financiare\/3q-2021\/divizia-tehnologie\/situatia-activitatii-operationale\/\">Presentation of the operational activity<\/a><\/li><li id=\"menu-item-14184\" class=\"menu-item menu-item-type-post_type menu-item-object-page menu-item-14184\"><a href=\"https:\/\/investors.bittnet.ro\/rezultate-financiare\/3q-2021\/divizia-tehnologie\/rezultate-financiare\/\">Financial Results \u2013 Technology Division<\/a><\/li><\/ul><\/li><li id=\"menu-item-14150\" class=\"menu-item menu-item-type-post_type menu-item-object-page menu-item-has-children menu-item-14150\"><a href=\"https:\/\/investors.bittnet.ro\/rezultate-financiare\/3q-2021\/divizia-educatie\/\">Education Division<\/a><ul class=\"sub-menu\"><li id=\"menu-item-14194\" class=\"menu-item menu-item-type-post_type menu-item-object-page menu-item-14194\"><a href=\"https:\/\/investors.bittnet.ro\/rezultate-financiare\/3q-2021\/divizia-educatie\/prezentarea-activitatii-operationale\/\">Presentation of the operational activity<\/a><\/li><li id=\"menu-item-14193\" class=\"menu-item menu-item-type-post_type menu-item-object-page menu-item-14193\"><a href=\"https:\/\/investors.bittnet.ro\/rezultate-financiare\/3q-2021\/divizia-educatie\/rezultate-financiare\/\">Financial results \u2013 Education Division<\/a><\/li><\/ul><\/li><li id=\"menu-item-14162\" class=\"menu-item menu-item-type-post_type menu-item-object-page menu-item-14162\"><a href=\"https:\/\/investors.bittnet.ro\/rezultate-financiare\/3q-2021\/rezultatul-financiar-si-profit-brut\/\">Financial result and gross profit<\/a><\/li><li id=\"menu-item-14278\" class=\"menu-item menu-item-type-post_type menu-item-object-page menu-item-14278\"><a href=\"https:\/\/investors.bittnet.ro\/rezultate-financiare\/3q-2021\/situatia-consolidata-a-pozitiei-financiare-elemente-cheie\/\">Consolidated statement of financial position \u2013 key elements<\/a><\/li><li id=\"menu-item-14277\" class=\"menu-item menu-item-type-post_type menu-item-object-page menu-item-14277\"><a href=\"https:\/\/investors.bittnet.ro\/rezultate-financiare\/3q-2021\/situatia-consolidata-a-fluxurilor-de-trezorerie-elemente-cheie\/\">Consolidated situation of cash flow \u2013 key elements<\/a><\/li><li id=\"menu-item-14208\" class=\"menu-item menu-item-type-post_type menu-item-object-page menu-item-14208\"><a href=\"https:\/\/investors.bittnet.ro\/rezultate-financiare\/3q-2021\/o-perspectiva-anuala-a-rezultatelor-financiare\/\">An annual overview of financial results<\/a><\/li><li id=\"menu-item-14218\" class=\"menu-item menu-item-type-post_type menu-item-object-page menu-item-14218\"><a href=\"https:\/\/investors.bittnet.ro\/rezultate-financiare\/3q-2021\/evaluarea-altor-companii-similare\/\">Assessment of other similar companies<\/a><\/li><li id=\"menu-item-14223\" class=\"menu-item menu-item-type-post_type menu-item-object-page menu-item-14223\"><a href=\"https:\/\/investors.bittnet.ro\/rezultate-financiare\/3q-2021\/indicatori-conform-anexa-13-reg-asf-5-2018\/\">Indicators according to the Annex 13 Reg. ASF 5\/2018<\/a><\/li><li id=\"menu-item-14228\" class=\"menu-item menu-item-type-post_type menu-item-object-page menu-item-14228\"><a href=\"https:\/\/investors.bittnet.ro\/rezultate-financiare\/3q-2021\/evenimente-cheie-in-t3-2021\/\">Key events in Q3 2021<\/a><\/li><li id=\"menu-item-14241\" class=\"menu-item menu-item-type-post_type menu-item-object-page menu-item-14241\"><a href=\"https:\/\/investors.bittnet.ro\/rezultate-financiare\/3q-2021\/factori-de-risc\/\">Risk factors<\/a><\/li><li id=\"menu-item-14240\" class=\"menu-item menu-item-type-post_type menu-item-object-page menu-item-14240\"><a href=\"https:\/\/investors.bittnet.ro\/rezultate-financiare\/3q-2021\/contact-relatia-cu-investitorii\/\">Contact person for the relation with investors<\/a><\/li><li id=\"menu-item-14251\" class=\"menu-item menu-item-type-post_type menu-item-object-page menu-item-14251\"><a href=\"https:\/\/investors.bittnet.ro\/rezultate-financiare\/3q-2021\/anexa-1-alternative-performance-measurements-despre-indicatorii-alternativi-de-performanta\/\">Annex 1 \u2013 \u2018Alternative Performance Measurements\u2019<\/a><\/li><li id=\"menu-item-14250\" class=\"menu-item menu-item-type-post_type menu-item-object-page menu-item-14250\"><a href=\"https:\/\/investors.bittnet.ro\/rezultate-financiare\/3q-2021\/situatii-financiare\/\">Financial Statements<\/a><\/li><\/ul><style>@media ( max-width:600px ){.us_menu_1 .menu{display:block!important}.us_menu_1 .menu>li:not(:last-child){margin:0 0 var(--main-gap,1.5rem)!important}}<\/style><\/nav><\/div><\/div><\/div><\/div><\/div><\/section>\n","protected":false},"excerpt":{"rendered":"Situatia activitatii operationale &#8211; Divizia Tehnologie La nivelul diviziei de tehnologie a grupului trimestrul 3 a reprezentat o perioada de cre\u0219tere at\u00e2t din punct de vedere al cifrei de afaceri cat si din punct de vedere al marginii generate si al profitului. Cre\u0219terile \u00eenregistrate in indicatorii financiari se reg\u0103sesc si \u00eentr-o activitate mai ridicata la...","protected":false},"author":13,"featured_media":0,"parent":14291,"menu_order":3,"comment_status":"closed","ping_status":"closed","template":"","meta":{"footnotes":""},"class_list":["post-14295","page","type-page","status-publish","hentry"],"yoast_head":"<!-- This site is optimized with the Yoast SEO plugin v20.8 - https:\/\/yoast.com\/wordpress\/plugins\/seo\/ -->\n<title>Presentation of the operational activity - Bittnet Investors Relations Site<\/title>\n<meta name=\"robots\" content=\"index, follow, max-snippet:-1, max-image-preview:large, max-video-preview:-1\" \/>\n<link rel=\"canonical\" href=\"https:\/\/investors.bittnet.ro\/en\/current-and-historical-financial-results\/q3-2021\/technology-division\/presentation-of-the-operational-activity\/\" \/>\n<meta property=\"og:locale\" content=\"en_US\" \/>\n<meta property=\"og:type\" content=\"article\" \/>\n<meta property=\"og:title\" content=\"Presentation of the operational activity - Bittnet Investors Relations Site\" \/>\n<meta property=\"og:url\" content=\"https:\/\/investors.bittnet.ro\/en\/current-and-historical-financial-results\/q3-2021\/technology-division\/presentation-of-the-operational-activity\/\" \/>\n<meta property=\"og:site_name\" content=\"Bittnet Investors Relations Site\" \/>\n<meta property=\"article:publisher\" content=\"https:\/\/www.facebook.com\/BittnetSystems\/\" \/>\n<meta property=\"article:modified_time\" content=\"2021-11-12T16:08:08+00:00\" \/>\n<meta name=\"twitter:card\" content=\"summary_large_image\" \/>\n<meta name=\"twitter:site\" content=\"@NA\" \/>\n<meta name=\"twitter:label1\" content=\"Est. reading time\" \/>\n\t<meta name=\"twitter:data1\" content=\"5 minutes\" \/>\n<script type=\"application\/ld+json\" class=\"yoast-schema-graph\">{\"@context\":\"https:\/\/schema.org\",\"@graph\":[{\"@type\":\"WebPage\",\"@id\":\"https:\/\/investors.bittnet.ro\/en\/current-and-historical-financial-results\/q3-2021\/technology-division\/presentation-of-the-operational-activity\/\",\"url\":\"https:\/\/investors.bittnet.ro\/en\/current-and-historical-financial-results\/q3-2021\/technology-division\/presentation-of-the-operational-activity\/\",\"name\":\"Presentation of the operational activity - Bittnet Investors Relations Site\",\"isPartOf\":{\"@id\":\"https:\/\/investors.bittnet.ro\/en\/#website\"},\"datePublished\":\"2021-11-12T07:27:12+00:00\",\"dateModified\":\"2021-11-12T16:08:08+00:00\",\"breadcrumb\":{\"@id\":\"https:\/\/investors.bittnet.ro\/en\/current-and-historical-financial-results\/q3-2021\/technology-division\/presentation-of-the-operational-activity\/#breadcrumb\"},\"inLanguage\":\"en-US\",\"potentialAction\":[{\"@type\":\"ReadAction\",\"target\":[\"https:\/\/investors.bittnet.ro\/en\/current-and-historical-financial-results\/q3-2021\/technology-division\/presentation-of-the-operational-activity\/\"]}]},{\"@type\":\"BreadcrumbList\",\"@id\":\"https:\/\/investors.bittnet.ro\/en\/current-and-historical-financial-results\/q3-2021\/technology-division\/presentation-of-the-operational-activity\/#breadcrumb\",\"itemListElement\":[{\"@type\":\"ListItem\",\"position\":1,\"name\":\"Home\",\"item\":\"https:\/\/investors.bittnet.ro\/en\/\"},{\"@type\":\"ListItem\",\"position\":2,\"name\":\"Current and historical financial results\",\"item\":\"https:\/\/investors.bittnet.ro\/en\/current-and-historical-financial-results\/\"},{\"@type\":\"ListItem\",\"position\":3,\"name\":\"Message from the CEO\",\"item\":\"https:\/\/investors.bittnet.ro\/en\/current-and-historical-financial-results\/q3-2021\/\"},{\"@type\":\"ListItem\",\"position\":4,\"name\":\"Technology Division\",\"item\":\"https:\/\/investors.bittnet.ro\/en\/current-and-historical-financial-results\/q3-2021\/technology-division\/\"},{\"@type\":\"ListItem\",\"position\":5,\"name\":\"Presentation of the operational activity\"}]},{\"@type\":\"WebSite\",\"@id\":\"https:\/\/investors.bittnet.ro\/en\/#website\",\"url\":\"https:\/\/investors.bittnet.ro\/en\/\",\"name\":\"Bittnet Investors Relations Site\",\"description\":\"Your Value. Upgraded.\",\"publisher\":{\"@id\":\"https:\/\/investors.bittnet.ro\/en\/#organization\"},\"potentialAction\":[{\"@type\":\"SearchAction\",\"target\":{\"@type\":\"EntryPoint\",\"urlTemplate\":\"https:\/\/investors.bittnet.ro\/en\/?s={search_term_string}\"},\"query-input\":\"required name=search_term_string\"}],\"inLanguage\":\"en-US\"},{\"@type\":\"Organization\",\"@id\":\"https:\/\/investors.bittnet.ro\/en\/#organization\",\"name\":\"Bittnet Group\",\"url\":\"https:\/\/investors.bittnet.ro\/en\/\",\"logo\":{\"@type\":\"ImageObject\",\"inLanguage\":\"en-US\",\"@id\":\"https:\/\/investors.bittnet.ro\/en\/#\/schema\/logo\/image\/\",\"url\":\"https:\/\/investors.bittnet.ro\/wp-content\/uploads\/2019\/05\/logo-grup.png\",\"contentUrl\":\"https:\/\/investors.bittnet.ro\/wp-content\/uploads\/2019\/05\/logo-grup.png\",\"width\":807,\"height\":442,\"caption\":\"Bittnet Group\"},\"image\":{\"@id\":\"https:\/\/investors.bittnet.ro\/en\/#\/schema\/logo\/image\/\"},\"sameAs\":[\"https:\/\/www.facebook.com\/BittnetSystems\/\",\"https:\/\/twitter.com\/NA\",\"http:\/\/na\",\"https:\/\/www.linkedin.com\/company\/bittnet-group\/\",\"https:\/\/www.youtube.com\/user\/BittnetSystems\"]}]}<\/script>\n<!-- \/ Yoast SEO plugin. -->","yoast_head_json":{"title":"Presentation of the operational activity - Bittnet Investors Relations Site","robots":{"index":"index","follow":"follow","max-snippet":"max-snippet:-1","max-image-preview":"max-image-preview:large","max-video-preview":"max-video-preview:-1"},"canonical":"https:\/\/investors.bittnet.ro\/en\/current-and-historical-financial-results\/q3-2021\/technology-division\/presentation-of-the-operational-activity\/","og_locale":"en_US","og_type":"article","og_title":"Presentation of the operational activity - Bittnet Investors Relations Site","og_url":"https:\/\/investors.bittnet.ro\/en\/current-and-historical-financial-results\/q3-2021\/technology-division\/presentation-of-the-operational-activity\/","og_site_name":"Bittnet Investors Relations Site","article_publisher":"https:\/\/www.facebook.com\/BittnetSystems\/","article_modified_time":"2021-11-12T16:08:08+00:00","twitter_card":"summary_large_image","twitter_site":"@NA","twitter_misc":{"Est. reading time":"5 minutes"},"schema":{"@context":"https:\/\/schema.org","@graph":[{"@type":"WebPage","@id":"https:\/\/investors.bittnet.ro\/en\/current-and-historical-financial-results\/q3-2021\/technology-division\/presentation-of-the-operational-activity\/","url":"https:\/\/investors.bittnet.ro\/en\/current-and-historical-financial-results\/q3-2021\/technology-division\/presentation-of-the-operational-activity\/","name":"Presentation of the operational activity - Bittnet Investors Relations Site","isPartOf":{"@id":"https:\/\/investors.bittnet.ro\/en\/#website"},"datePublished":"2021-11-12T07:27:12+00:00","dateModified":"2021-11-12T16:08:08+00:00","breadcrumb":{"@id":"https:\/\/investors.bittnet.ro\/en\/current-and-historical-financial-results\/q3-2021\/technology-division\/presentation-of-the-operational-activity\/#breadcrumb"},"inLanguage":"en-US","potentialAction":[{"@type":"ReadAction","target":["https:\/\/investors.bittnet.ro\/en\/current-and-historical-financial-results\/q3-2021\/technology-division\/presentation-of-the-operational-activity\/"]}]},{"@type":"BreadcrumbList","@id":"https:\/\/investors.bittnet.ro\/en\/current-and-historical-financial-results\/q3-2021\/technology-division\/presentation-of-the-operational-activity\/#breadcrumb","itemListElement":[{"@type":"ListItem","position":1,"name":"Home","item":"https:\/\/investors.bittnet.ro\/en\/"},{"@type":"ListItem","position":2,"name":"Current and historical financial results","item":"https:\/\/investors.bittnet.ro\/en\/current-and-historical-financial-results\/"},{"@type":"ListItem","position":3,"name":"Message from the CEO","item":"https:\/\/investors.bittnet.ro\/en\/current-and-historical-financial-results\/q3-2021\/"},{"@type":"ListItem","position":4,"name":"Technology Division","item":"https:\/\/investors.bittnet.ro\/en\/current-and-historical-financial-results\/q3-2021\/technology-division\/"},{"@type":"ListItem","position":5,"name":"Presentation of the operational activity"}]},{"@type":"WebSite","@id":"https:\/\/investors.bittnet.ro\/en\/#website","url":"https:\/\/investors.bittnet.ro\/en\/","name":"Bittnet Investors Relations Site","description":"Your Value. Upgraded.","publisher":{"@id":"https:\/\/investors.bittnet.ro\/en\/#organization"},"potentialAction":[{"@type":"SearchAction","target":{"@type":"EntryPoint","urlTemplate":"https:\/\/investors.bittnet.ro\/en\/?s={search_term_string}"},"query-input":"required name=search_term_string"}],"inLanguage":"en-US"},{"@type":"Organization","@id":"https:\/\/investors.bittnet.ro\/en\/#organization","name":"Bittnet Group","url":"https:\/\/investors.bittnet.ro\/en\/","logo":{"@type":"ImageObject","inLanguage":"en-US","@id":"https:\/\/investors.bittnet.ro\/en\/#\/schema\/logo\/image\/","url":"https:\/\/investors.bittnet.ro\/wp-content\/uploads\/2019\/05\/logo-grup.png","contentUrl":"https:\/\/investors.bittnet.ro\/wp-content\/uploads\/2019\/05\/logo-grup.png","width":807,"height":442,"caption":"Bittnet Group"},"image":{"@id":"https:\/\/investors.bittnet.ro\/en\/#\/schema\/logo\/image\/"},"sameAs":["https:\/\/www.facebook.com\/BittnetSystems\/","https:\/\/twitter.com\/NA","http:\/\/na","https:\/\/www.linkedin.com\/company\/bittnet-group\/","https:\/\/www.youtube.com\/user\/BittnetSystems"]}]}},"_links":{"self":[{"href":"https:\/\/investors.bittnet.ro\/en\/wp-json\/wp\/v2\/pages\/14295","targetHints":{"allow":["GET"]}}],"collection":[{"href":"https:\/\/investors.bittnet.ro\/en\/wp-json\/wp\/v2\/pages"}],"about":[{"href":"https:\/\/investors.bittnet.ro\/en\/wp-json\/wp\/v2\/types\/page"}],"author":[{"embeddable":true,"href":"https:\/\/investors.bittnet.ro\/en\/wp-json\/wp\/v2\/users\/13"}],"replies":[{"embeddable":true,"href":"https:\/\/investors.bittnet.ro\/en\/wp-json\/wp\/v2\/comments?post=14295"}],"version-history":[{"count":10,"href":"https:\/\/investors.bittnet.ro\/en\/wp-json\/wp\/v2\/pages\/14295\/revisions"}],"predecessor-version":[{"id":14472,"href":"https:\/\/investors.bittnet.ro\/en\/wp-json\/wp\/v2\/pages\/14295\/revisions\/14472"}],"up":[{"embeddable":true,"href":"https:\/\/investors.bittnet.ro\/en\/wp-json\/wp\/v2\/pages\/14291"}],"wp:attachment":[{"href":"https:\/\/investors.bittnet.ro\/en\/wp-json\/wp\/v2\/media?parent=14295"}],"curies":[{"name":"wp","href":"https:\/\/api.w.org\/{rel}","templated":true}]}}