{"id":13692,"date":"2021-08-23T17:10:23","date_gmt":"2021-08-23T14:10:23","guid":{"rendered":"https:\/\/investors.bittnet.ro\/?page_id=13692"},"modified":"2021-10-26T13:56:59","modified_gmt":"2021-10-26T10:56:59","slug":"semnaturi-si-declaratii-conform-art-123-2-punctul-b-lit-c-din-regulamentul-asf-nr-1-2006","status":"publish","type":"page","link":"https:\/\/investors.bittnet.ro\/en\/rezultate-financiare\/2q-2021\/semnaturi-si-declaratii-conform-art-123-2-punctul-b-lit-c-din-regulamentul-asf-nr-1-2006\/","title":{"rendered":"Semn\u0103turi si declaratii conform art. 123 2 punctul B, lit c din Regulamentul ASF nr.1\/2006."},"content":{"rendered":"<section class=\"l-section wpb_row height_small\"><div class=\"l-section-h i-cf\"><div class=\"g-cols vc_row via_flex valign_top type_default stacking_default\"><div class=\"vc_col-sm-8 wpb_column vc_column_container\"><div class=\"vc_column-inner\"><div class=\"wpb_wrapper\"><div class=\"wpb_text_column\"><div class=\"wpb_wrapper\"><h1>Semn\u0103turi si declaratii conform art. 123 2 punctul B, lit c din Regulamentul ASF nr.1\/2006.<\/h1>\n<p>Cristian Logof\u0103tu, \u00een calitate de membru in Consiliul de Adminsitratie al Companiei declar\u0103 c\u0103, dup\u0103 cuno\u015ftin\u0163ele sale, raportarea contabil\u0103 semestrial\u0103 care a fost \u00eentocmit\u0103 \u00een conformitate cu standardele contabile aplicabile, ofer\u0103 o imagine corect\u0103 \u015fi conform\u0103 cu realitatea activelor, obliga\u0163iilor, pozi\u0163iei financiare, contului de profit \u015fi pierderi ale Emitentului sau ale filialelor acestuia incluse \u00een procesul de consolidare \u015fi c\u0103 aceasta prezint\u0103 \u00een mod corect \u015fi complet informa\u0163iile despre Emitent.<\/p>\n<\/div><\/div><\/div><\/div><\/div><div class=\"vc_col-sm-4 wpb_column vc_column_container\"><div class=\"vc_column-inner\"><div class=\"wpb_wrapper\"><nav class=\"w-menu layout_ver style_blocks us_menu_1 with_children\" style=\"--main-gap:1.5rem;--main-ver-indent:0.8em;--main-hor-indent:0.8em;--main-bg-color:#f5f5f5;--main-color:inherit;--main-hover-bg-color:#8dbe65;--main-hover-color:#ffffff;--main-active-bg-color:#8dbe65;--main-active-color:#ffffff;--sub-gap:5px;\" id=\"first-simple-menu\"><ul id=\"menu-2q-2021\" class=\"menu\"><li id=\"menu-item-13564\" class=\"menu-item menu-item-type-post_type menu-item-object-page menu-item-13564\"><a href=\"https:\/\/investors.bittnet.ro\/rezultate-financiare\/2q-2021\/\">2q-2021<\/a><\/li><li id=\"menu-item-13713\" class=\"menu-item menu-item-type-custom menu-item-object-custom menu-item-13713\"><a href=\"https:\/\/investors.bittnet.ro\/wp-content\/uploads\/2021\/08\/Infografic-Raport-Semestrial-Bittnet-BNET-Semestrul-1-2021.pdf\">Infografic<\/a><\/li><li id=\"menu-item-13714\" class=\"menu-item menu-item-type-custom menu-item-object-custom menu-item-13714\"><a href=\"https:\/\/investors.bittnet.ro\/ro\/abonare-newsletter\/\">Abonare la Newsletter<\/a><\/li><\/ul><style>@media ( max-width:600px ){.us_menu_1 .menu{display:block!important}.us_menu_1 .menu>li:not(:last-child){margin:0 0 var(--main-gap,1.5rem)!important}}<\/style><\/nav><\/div><\/div><\/div><\/div><\/div><\/section>\n","protected":false},"excerpt":{"rendered":"Semn\u0103turi si declaratii conform art. 123 2 punctul B, lit c din Regulamentul ASF nr.1\/2006. Cristian Logof\u0103tu, \u00een calitate de membru in Consiliul de Adminsitratie al Companiei declar\u0103 c\u0103, dup\u0103 cuno\u015ftin\u0163ele sale, raportarea contabil\u0103 semestrial\u0103 care a fost \u00eentocmit\u0103 \u00een conformitate cu standardele contabile aplicabile, ofer\u0103 o imagine corect\u0103 \u015fi conform\u0103 cu realitatea activelor, obliga\u0163iilor,...","protected":false},"author":13,"featured_media":0,"parent":13559,"menu_order":8,"comment_status":"closed","ping_status":"closed","template":"","meta":{"footnotes":""},"class_list":["post-13692","page","type-page","status-publish","hentry"],"yoast_head":"<!-- This site is optimized with the Yoast SEO plugin v20.8 - https:\/\/yoast.com\/wordpress\/plugins\/seo\/ -->\n<title>Semn\u0103turi si declaratii conform art. 123 2 punctul B, lit c din Regulamentul ASF nr.1\/2006.<\/title>\n<meta name=\"description\" content=\"Semn\u0103turi si declaratii conform art. 123 2 punctul B, lit c din Regulamentul ASF nr.1\/2006.\" \/>\n<meta name=\"robots\" content=\"index, follow, max-snippet:-1, max-image-preview:large, max-video-preview:-1\" \/>\n<link rel=\"canonical\" href=\"https:\/\/investors.bittnet.ro\/en\/rezultate-financiare\/2q-2021\/semnaturi-si-declaratii-conform-art-123-2-punctul-b-lit-c-din-regulamentul-asf-nr-1-2006\/\" \/>\n<meta property=\"og:locale\" content=\"en_US\" \/>\n<meta property=\"og:type\" content=\"article\" \/>\n<meta property=\"og:title\" content=\"Semn\u0103turi si declaratii conform art. 123 2 punctul B, lit c din Regulamentul ASF nr.1\/2006.\" \/>\n<meta property=\"og:description\" content=\"Semn\u0103turi si declaratii conform art. 123 2 punctul B, lit c din Regulamentul ASF nr.1\/2006.\" \/>\n<meta property=\"og:url\" content=\"https:\/\/investors.bittnet.ro\/en\/rezultate-financiare\/2q-2021\/semnaturi-si-declaratii-conform-art-123-2-punctul-b-lit-c-din-regulamentul-asf-nr-1-2006\/\" \/>\n<meta property=\"og:site_name\" content=\"Bittnet Investors Relations Site\" \/>\n<meta property=\"article:publisher\" content=\"https:\/\/www.facebook.com\/BittnetSystems\/\" \/>\n<meta property=\"article:modified_time\" content=\"2021-10-26T10:56:59+00:00\" \/>\n<meta name=\"twitter:card\" content=\"summary_large_image\" \/>\n<meta name=\"twitter:site\" content=\"@NA\" \/>\n<meta name=\"twitter:label1\" content=\"Est. reading time\" \/>\n\t<meta name=\"twitter:data1\" content=\"1 minute\" \/>\n<script type=\"application\/ld+json\" class=\"yoast-schema-graph\">{\"@context\":\"https:\/\/schema.org\",\"@graph\":[{\"@type\":\"WebPage\",\"@id\":\"https:\/\/investors.bittnet.ro\/en\/rezultate-financiare\/2q-2021\/semnaturi-si-declaratii-conform-art-123-2-punctul-b-lit-c-din-regulamentul-asf-nr-1-2006\/\",\"url\":\"https:\/\/investors.bittnet.ro\/en\/rezultate-financiare\/2q-2021\/semnaturi-si-declaratii-conform-art-123-2-punctul-b-lit-c-din-regulamentul-asf-nr-1-2006\/\",\"name\":\"Semn\u0103turi si declaratii conform art. 123 2 punctul B, lit c din Regulamentul ASF nr.1\/2006.\",\"isPartOf\":{\"@id\":\"https:\/\/investors.bittnet.ro\/en\/#website\"},\"datePublished\":\"2021-08-23T14:10:23+00:00\",\"dateModified\":\"2021-10-26T10:56:59+00:00\",\"description\":\"Semn\u0103turi si declaratii conform art. 123 2 punctul B, lit c din Regulamentul ASF nr.1\/2006.\",\"breadcrumb\":{\"@id\":\"https:\/\/investors.bittnet.ro\/en\/rezultate-financiare\/2q-2021\/semnaturi-si-declaratii-conform-art-123-2-punctul-b-lit-c-din-regulamentul-asf-nr-1-2006\/#breadcrumb\"},\"inLanguage\":\"en-US\",\"potentialAction\":[{\"@type\":\"ReadAction\",\"target\":[\"https:\/\/investors.bittnet.ro\/en\/rezultate-financiare\/2q-2021\/semnaturi-si-declaratii-conform-art-123-2-punctul-b-lit-c-din-regulamentul-asf-nr-1-2006\/\"]}]},{\"@type\":\"BreadcrumbList\",\"@id\":\"https:\/\/investors.bittnet.ro\/en\/rezultate-financiare\/2q-2021\/semnaturi-si-declaratii-conform-art-123-2-punctul-b-lit-c-din-regulamentul-asf-nr-1-2006\/#breadcrumb\",\"itemListElement\":[{\"@type\":\"ListItem\",\"position\":1,\"name\":\"Home\",\"item\":\"https:\/\/investors.bittnet.ro\/en\/\"},{\"@type\":\"ListItem\",\"position\":2,\"name\":\"Rezultate financiare\",\"item\":\"https:\/\/investors.bittnet.ro\/en\/rezultate-financiare\/\"},{\"@type\":\"ListItem\",\"position\":3,\"name\":\"2q-2021\",\"item\":\"https:\/\/investors.bittnet.ro\/en\/rezultate-financiare\/2q-2021\/\"},{\"@type\":\"ListItem\",\"position\":4,\"name\":\"Semn\u0103turi si declaratii conform art. 123 2 punctul B, lit c din Regulamentul ASF nr.1\/2006.\"}]},{\"@type\":\"WebSite\",\"@id\":\"https:\/\/investors.bittnet.ro\/en\/#website\",\"url\":\"https:\/\/investors.bittnet.ro\/en\/\",\"name\":\"Bittnet Investors Relations Site\",\"description\":\"Your Value. Upgraded.\",\"publisher\":{\"@id\":\"https:\/\/investors.bittnet.ro\/en\/#organization\"},\"potentialAction\":[{\"@type\":\"SearchAction\",\"target\":{\"@type\":\"EntryPoint\",\"urlTemplate\":\"https:\/\/investors.bittnet.ro\/en\/?s={search_term_string}\"},\"query-input\":\"required name=search_term_string\"}],\"inLanguage\":\"en-US\"},{\"@type\":\"Organization\",\"@id\":\"https:\/\/investors.bittnet.ro\/en\/#organization\",\"name\":\"Bittnet Group\",\"url\":\"https:\/\/investors.bittnet.ro\/en\/\",\"logo\":{\"@type\":\"ImageObject\",\"inLanguage\":\"en-US\",\"@id\":\"https:\/\/investors.bittnet.ro\/en\/#\/schema\/logo\/image\/\",\"url\":\"https:\/\/investors.bittnet.ro\/wp-content\/uploads\/2019\/05\/logo-grup.png\",\"contentUrl\":\"https:\/\/investors.bittnet.ro\/wp-content\/uploads\/2019\/05\/logo-grup.png\",\"width\":807,\"height\":442,\"caption\":\"Bittnet Group\"},\"image\":{\"@id\":\"https:\/\/investors.bittnet.ro\/en\/#\/schema\/logo\/image\/\"},\"sameAs\":[\"https:\/\/www.facebook.com\/BittnetSystems\/\",\"https:\/\/twitter.com\/NA\",\"http:\/\/na\",\"https:\/\/www.linkedin.com\/company\/bittnet-group\/\",\"https:\/\/www.youtube.com\/user\/BittnetSystems\"]}]}<\/script>\n<!-- \/ Yoast SEO plugin. -->","yoast_head_json":{"title":"Semn\u0103turi si declaratii conform art. 123 2 punctul B, lit c din Regulamentul ASF nr.1\/2006.","description":"Semn\u0103turi si declaratii conform art. 123 2 punctul B, lit c din Regulamentul ASF nr.1\/2006.","robots":{"index":"index","follow":"follow","max-snippet":"max-snippet:-1","max-image-preview":"max-image-preview:large","max-video-preview":"max-video-preview:-1"},"canonical":"https:\/\/investors.bittnet.ro\/en\/rezultate-financiare\/2q-2021\/semnaturi-si-declaratii-conform-art-123-2-punctul-b-lit-c-din-regulamentul-asf-nr-1-2006\/","og_locale":"en_US","og_type":"article","og_title":"Semn\u0103turi si declaratii conform art. 123 2 punctul B, lit c din Regulamentul ASF nr.1\/2006.","og_description":"Semn\u0103turi si declaratii conform art. 123 2 punctul B, lit c din Regulamentul ASF nr.1\/2006.","og_url":"https:\/\/investors.bittnet.ro\/en\/rezultate-financiare\/2q-2021\/semnaturi-si-declaratii-conform-art-123-2-punctul-b-lit-c-din-regulamentul-asf-nr-1-2006\/","og_site_name":"Bittnet Investors Relations Site","article_publisher":"https:\/\/www.facebook.com\/BittnetSystems\/","article_modified_time":"2021-10-26T10:56:59+00:00","twitter_card":"summary_large_image","twitter_site":"@NA","twitter_misc":{"Est. reading time":"1 minute"},"schema":{"@context":"https:\/\/schema.org","@graph":[{"@type":"WebPage","@id":"https:\/\/investors.bittnet.ro\/en\/rezultate-financiare\/2q-2021\/semnaturi-si-declaratii-conform-art-123-2-punctul-b-lit-c-din-regulamentul-asf-nr-1-2006\/","url":"https:\/\/investors.bittnet.ro\/en\/rezultate-financiare\/2q-2021\/semnaturi-si-declaratii-conform-art-123-2-punctul-b-lit-c-din-regulamentul-asf-nr-1-2006\/","name":"Semn\u0103turi si declaratii conform art. 123 2 punctul B, lit c din Regulamentul ASF nr.1\/2006.","isPartOf":{"@id":"https:\/\/investors.bittnet.ro\/en\/#website"},"datePublished":"2021-08-23T14:10:23+00:00","dateModified":"2021-10-26T10:56:59+00:00","description":"Semn\u0103turi si declaratii conform art. 123 2 punctul B, lit c din Regulamentul ASF nr.1\/2006.","breadcrumb":{"@id":"https:\/\/investors.bittnet.ro\/en\/rezultate-financiare\/2q-2021\/semnaturi-si-declaratii-conform-art-123-2-punctul-b-lit-c-din-regulamentul-asf-nr-1-2006\/#breadcrumb"},"inLanguage":"en-US","potentialAction":[{"@type":"ReadAction","target":["https:\/\/investors.bittnet.ro\/en\/rezultate-financiare\/2q-2021\/semnaturi-si-declaratii-conform-art-123-2-punctul-b-lit-c-din-regulamentul-asf-nr-1-2006\/"]}]},{"@type":"BreadcrumbList","@id":"https:\/\/investors.bittnet.ro\/en\/rezultate-financiare\/2q-2021\/semnaturi-si-declaratii-conform-art-123-2-punctul-b-lit-c-din-regulamentul-asf-nr-1-2006\/#breadcrumb","itemListElement":[{"@type":"ListItem","position":1,"name":"Home","item":"https:\/\/investors.bittnet.ro\/en\/"},{"@type":"ListItem","position":2,"name":"Rezultate financiare","item":"https:\/\/investors.bittnet.ro\/en\/rezultate-financiare\/"},{"@type":"ListItem","position":3,"name":"2q-2021","item":"https:\/\/investors.bittnet.ro\/en\/rezultate-financiare\/2q-2021\/"},{"@type":"ListItem","position":4,"name":"Semn\u0103turi si declaratii conform art. 123 2 punctul B, lit c din Regulamentul ASF nr.1\/2006."}]},{"@type":"WebSite","@id":"https:\/\/investors.bittnet.ro\/en\/#website","url":"https:\/\/investors.bittnet.ro\/en\/","name":"Bittnet Investors Relations Site","description":"Your Value. Upgraded.","publisher":{"@id":"https:\/\/investors.bittnet.ro\/en\/#organization"},"potentialAction":[{"@type":"SearchAction","target":{"@type":"EntryPoint","urlTemplate":"https:\/\/investors.bittnet.ro\/en\/?s={search_term_string}"},"query-input":"required name=search_term_string"}],"inLanguage":"en-US"},{"@type":"Organization","@id":"https:\/\/investors.bittnet.ro\/en\/#organization","name":"Bittnet Group","url":"https:\/\/investors.bittnet.ro\/en\/","logo":{"@type":"ImageObject","inLanguage":"en-US","@id":"https:\/\/investors.bittnet.ro\/en\/#\/schema\/logo\/image\/","url":"https:\/\/investors.bittnet.ro\/wp-content\/uploads\/2019\/05\/logo-grup.png","contentUrl":"https:\/\/investors.bittnet.ro\/wp-content\/uploads\/2019\/05\/logo-grup.png","width":807,"height":442,"caption":"Bittnet Group"},"image":{"@id":"https:\/\/investors.bittnet.ro\/en\/#\/schema\/logo\/image\/"},"sameAs":["https:\/\/www.facebook.com\/BittnetSystems\/","https:\/\/twitter.com\/NA","http:\/\/na","https:\/\/www.linkedin.com\/company\/bittnet-group\/","https:\/\/www.youtube.com\/user\/BittnetSystems"]}]}},"_links":{"self":[{"href":"https:\/\/investors.bittnet.ro\/en\/wp-json\/wp\/v2\/pages\/13692","targetHints":{"allow":["GET"]}}],"collection":[{"href":"https:\/\/investors.bittnet.ro\/en\/wp-json\/wp\/v2\/pages"}],"about":[{"href":"https:\/\/investors.bittnet.ro\/en\/wp-json\/wp\/v2\/types\/page"}],"author":[{"embeddable":true,"href":"https:\/\/investors.bittnet.ro\/en\/wp-json\/wp\/v2\/users\/13"}],"replies":[{"embeddable":true,"href":"https:\/\/investors.bittnet.ro\/en\/wp-json\/wp\/v2\/comments?post=13692"}],"version-history":[{"count":3,"href":"https:\/\/investors.bittnet.ro\/en\/wp-json\/wp\/v2\/pages\/13692\/revisions"}],"predecessor-version":[{"id":14112,"href":"https:\/\/investors.bittnet.ro\/en\/wp-json\/wp\/v2\/pages\/13692\/revisions\/14112"}],"up":[{"embeddable":true,"href":"https:\/\/investors.bittnet.ro\/en\/wp-json\/wp\/v2\/pages\/13559"}],"wp:attachment":[{"href":"https:\/\/investors.bittnet.ro\/en\/wp-json\/wp\/v2\/media?parent=13692"}],"curies":[{"name":"wp","href":"https:\/\/api.w.org\/{rel}","templated":true}]}}