{"id":13680,"date":"2021-08-23T16:46:52","date_gmt":"2021-08-23T13:46:52","guid":{"rendered":"https:\/\/investors.bittnet.ro\/?page_id=13680"},"modified":"2021-10-26T13:56:14","modified_gmt":"2021-10-26T10:56:14","slug":"tranzactii-semnificative-cu-afiliatii","status":"publish","type":"page","link":"https:\/\/investors.bittnet.ro\/en\/rezultate-financiare\/2q-2021\/tranzactii-semnificative-cu-afiliatii\/","title":{"rendered":"Tranzac\u0163ii semnificative cu afiliatii"},"content":{"rendered":"<section class=\"l-section wpb_row height_small\"><div class=\"l-section-h i-cf\"><div class=\"g-cols vc_row via_flex valign_top type_default stacking_default\"><div class=\"vc_col-sm-8 wpb_column vc_column_container\"><div class=\"vc_column-inner\"><div class=\"wpb_wrapper\"><div class=\"wpb_text_column\"><div class=\"wpb_wrapper\"><p>Nu este cazul &#8211; \u00cen perioada de raportare, societatea nu a \u00eencheiat tranzac\u021bii semnficative cu persoane cu care ac\u021bioneaz\u0103 \u00een mod concertat sau cu afilia\u021bii. \u00cen desf\u0103\u0219urarea activit\u0103\u021bii normale opera\u021bionale, exist\u0103 fluxuri comerciale care genereaz\u0103 tranzac\u021bii \u00eentre companiile din grup:<\/p>\n<h3>Livrari Equatorial catre<\/h3>\n<ol>\n<li>Dendrio: 22,346 lei refacturari cheltuieli indirecte<\/li>\n<li>Bittnet: 10,022 lei refacturari cheltuieli indirecte<\/li>\n<li>Elian : 5,034 lei refacturari cheltuieli indirecte<\/li>\n<\/ol>\n<h3>Livrari Elian catre<\/h3>\n<ol>\n<li>Dendrio: 13,300 lei \u2013produse si servicii pentru clienti si 6000 lei \u2013 6 facturi suport lunar Dynamics NAV<\/li>\n<li>Bittnet: 6000 lei &#8211; suport lunar Dynamics NAV<\/li>\n<\/ol>\n<h3>Livrari Dendrio catre<\/h3>\n<ol>\n<li>Bittnet: 335,605 lei proiecte de revanzare IT<\/li>\n<li>Elian: 43,535lei, proiecte de revanzare IT<\/li>\n<li>Equatorial : 19,097 lei, proiecte revanzare IT<\/li>\n<\/ol>\n<h3>Livrari Bittnet catre<\/h3>\n<ol>\n<li>Dendrio: refacturare cheltuieli indirecte 648,757 lei, servicii pentru clienti : 29,392 lei<\/li>\n<li>Elian: 110,423 lei refacturare cheltuieli indirecte<\/li>\n<li>Equatorial 43,450 lei refacturare cheltuieli indirecte<\/li>\n<li>eLearnning Company: imprumut 240,000 lei<\/li>\n<\/ol>\n<\/div><\/div><\/div><\/div><\/div><div class=\"vc_col-sm-4 wpb_column vc_column_container\"><div class=\"vc_column-inner\"><div class=\"wpb_wrapper\"><nav class=\"w-menu layout_ver style_blocks us_menu_1 with_children\" style=\"--main-gap:1.5rem;--main-ver-indent:0.8em;--main-hor-indent:0.8em;--main-bg-color:#f5f5f5;--main-color:inherit;--main-hover-bg-color:#8dbe65;--main-hover-color:#ffffff;--main-active-bg-color:#8dbe65;--main-active-color:#ffffff;--sub-gap:5px;\" id=\"first-simple-menu\"><ul id=\"menu-2q-2021\" class=\"menu\"><li id=\"menu-item-13564\" class=\"menu-item menu-item-type-post_type menu-item-object-page menu-item-13564\"><a href=\"https:\/\/investors.bittnet.ro\/rezultate-financiare\/2q-2021\/\">2q-2021<\/a><\/li><li id=\"menu-item-13713\" class=\"menu-item menu-item-type-custom menu-item-object-custom menu-item-13713\"><a href=\"https:\/\/investors.bittnet.ro\/wp-content\/uploads\/2021\/08\/Infografic-Raport-Semestrial-Bittnet-BNET-Semestrul-1-2021.pdf\">Infografic<\/a><\/li><li id=\"menu-item-13714\" class=\"menu-item menu-item-type-custom menu-item-object-custom menu-item-13714\"><a href=\"https:\/\/investors.bittnet.ro\/ro\/abonare-newsletter\/\">Abonare la Newsletter<\/a><\/li><\/ul><style>@media ( max-width:600px ){.us_menu_1 .menu{display:block!important}.us_menu_1 .menu>li:not(:last-child){margin:0 0 var(--main-gap,1.5rem)!important}}<\/style><\/nav><\/div><\/div><\/div><\/div><\/div><\/section>\n","protected":false},"excerpt":{"rendered":"Nu este cazul &#8211; \u00cen perioada de raportare, societatea nu a \u00eencheiat tranzac\u021bii semnficative cu persoane cu care ac\u021bioneaz\u0103 \u00een mod concertat sau cu afilia\u021bii. \u00cen desf\u0103\u0219urarea activit\u0103\u021bii normale opera\u021bionale, exist\u0103 fluxuri comerciale care genereaz\u0103 tranzac\u021bii \u00eentre companiile din grup: Livrari Equatorial catre Dendrio: 22,346 lei refacturari cheltuieli indirecte Bittnet: 10,022 lei refacturari cheltuieli indirecte...","protected":false},"author":13,"featured_media":0,"parent":13559,"menu_order":5,"comment_status":"closed","ping_status":"closed","template":"","meta":{"footnotes":""},"class_list":["post-13680","page","type-page","status-publish","hentry"],"yoast_head":"<!-- This site is optimized with the Yoast SEO plugin v20.8 - https:\/\/yoast.com\/wordpress\/plugins\/seo\/ -->\n<title>Tranzac\u0163ii semnificative cu afiliatii - Bittnet Group - s1 2021<\/title>\n<meta name=\"description\" content=\"\u00cen perioada de raportare, societatea nu a \u00eencheiat tranzac\u021bii semnficative cu persoane cu care ac\u021bioneaz\u0103 \u00een mod concertat sau cu afilia\u021bii\" \/>\n<meta name=\"robots\" content=\"index, follow, max-snippet:-1, max-image-preview:large, max-video-preview:-1\" \/>\n<link rel=\"canonical\" href=\"https:\/\/investors.bittnet.ro\/en\/rezultate-financiare\/2q-2021\/tranzactii-semnificative-cu-afiliatii\/\" \/>\n<meta property=\"og:locale\" content=\"en_US\" \/>\n<meta property=\"og:type\" content=\"article\" \/>\n<meta property=\"og:title\" content=\"Tranzac\u0163ii semnificative cu afiliatii - Bittnet Group - s1 2021\" \/>\n<meta property=\"og:description\" content=\"\u00cen perioada de raportare, societatea nu a \u00eencheiat tranzac\u021bii semnficative cu persoane cu care ac\u021bioneaz\u0103 \u00een mod concertat sau cu afilia\u021bii\" \/>\n<meta property=\"og:url\" content=\"https:\/\/investors.bittnet.ro\/en\/rezultate-financiare\/2q-2021\/tranzactii-semnificative-cu-afiliatii\/\" \/>\n<meta property=\"og:site_name\" content=\"Bittnet Investors Relations Site\" \/>\n<meta property=\"article:publisher\" content=\"https:\/\/www.facebook.com\/BittnetSystems\/\" \/>\n<meta property=\"article:modified_time\" content=\"2021-10-26T10:56:14+00:00\" \/>\n<meta name=\"twitter:card\" content=\"summary_large_image\" \/>\n<meta name=\"twitter:site\" content=\"@NA\" \/>\n<meta name=\"twitter:label1\" content=\"Est. reading time\" \/>\n\t<meta name=\"twitter:data1\" content=\"1 minute\" \/>\n<script type=\"application\/ld+json\" class=\"yoast-schema-graph\">{\"@context\":\"https:\/\/schema.org\",\"@graph\":[{\"@type\":\"WebPage\",\"@id\":\"https:\/\/investors.bittnet.ro\/en\/rezultate-financiare\/2q-2021\/tranzactii-semnificative-cu-afiliatii\/\",\"url\":\"https:\/\/investors.bittnet.ro\/en\/rezultate-financiare\/2q-2021\/tranzactii-semnificative-cu-afiliatii\/\",\"name\":\"Tranzac\u0163ii semnificative cu afiliatii - Bittnet Group - s1 2021\",\"isPartOf\":{\"@id\":\"https:\/\/investors.bittnet.ro\/en\/#website\"},\"datePublished\":\"2021-08-23T13:46:52+00:00\",\"dateModified\":\"2021-10-26T10:56:14+00:00\",\"description\":\"\u00cen perioada de raportare, societatea nu a \u00eencheiat tranzac\u021bii semnficative cu persoane cu care ac\u021bioneaz\u0103 \u00een mod concertat sau cu afilia\u021bii\",\"breadcrumb\":{\"@id\":\"https:\/\/investors.bittnet.ro\/en\/rezultate-financiare\/2q-2021\/tranzactii-semnificative-cu-afiliatii\/#breadcrumb\"},\"inLanguage\":\"en-US\",\"potentialAction\":[{\"@type\":\"ReadAction\",\"target\":[\"https:\/\/investors.bittnet.ro\/en\/rezultate-financiare\/2q-2021\/tranzactii-semnificative-cu-afiliatii\/\"]}]},{\"@type\":\"BreadcrumbList\",\"@id\":\"https:\/\/investors.bittnet.ro\/en\/rezultate-financiare\/2q-2021\/tranzactii-semnificative-cu-afiliatii\/#breadcrumb\",\"itemListElement\":[{\"@type\":\"ListItem\",\"position\":1,\"name\":\"Home\",\"item\":\"https:\/\/investors.bittnet.ro\/en\/\"},{\"@type\":\"ListItem\",\"position\":2,\"name\":\"Rezultate financiare\",\"item\":\"https:\/\/investors.bittnet.ro\/en\/rezultate-financiare\/\"},{\"@type\":\"ListItem\",\"position\":3,\"name\":\"2q-2021\",\"item\":\"https:\/\/investors.bittnet.ro\/en\/rezultate-financiare\/2q-2021\/\"},{\"@type\":\"ListItem\",\"position\":4,\"name\":\"Tranzac\u0163ii semnificative cu afiliatii\"}]},{\"@type\":\"WebSite\",\"@id\":\"https:\/\/investors.bittnet.ro\/en\/#website\",\"url\":\"https:\/\/investors.bittnet.ro\/en\/\",\"name\":\"Bittnet Investors Relations Site\",\"description\":\"Your Value. Upgraded.\",\"publisher\":{\"@id\":\"https:\/\/investors.bittnet.ro\/en\/#organization\"},\"potentialAction\":[{\"@type\":\"SearchAction\",\"target\":{\"@type\":\"EntryPoint\",\"urlTemplate\":\"https:\/\/investors.bittnet.ro\/en\/?s={search_term_string}\"},\"query-input\":\"required name=search_term_string\"}],\"inLanguage\":\"en-US\"},{\"@type\":\"Organization\",\"@id\":\"https:\/\/investors.bittnet.ro\/en\/#organization\",\"name\":\"Bittnet Group\",\"url\":\"https:\/\/investors.bittnet.ro\/en\/\",\"logo\":{\"@type\":\"ImageObject\",\"inLanguage\":\"en-US\",\"@id\":\"https:\/\/investors.bittnet.ro\/en\/#\/schema\/logo\/image\/\",\"url\":\"https:\/\/investors.bittnet.ro\/wp-content\/uploads\/2019\/05\/logo-grup.png\",\"contentUrl\":\"https:\/\/investors.bittnet.ro\/wp-content\/uploads\/2019\/05\/logo-grup.png\",\"width\":807,\"height\":442,\"caption\":\"Bittnet Group\"},\"image\":{\"@id\":\"https:\/\/investors.bittnet.ro\/en\/#\/schema\/logo\/image\/\"},\"sameAs\":[\"https:\/\/www.facebook.com\/BittnetSystems\/\",\"https:\/\/twitter.com\/NA\",\"http:\/\/na\",\"https:\/\/www.linkedin.com\/company\/bittnet-group\/\",\"https:\/\/www.youtube.com\/user\/BittnetSystems\"]}]}<\/script>\n<!-- \/ Yoast SEO plugin. -->","yoast_head_json":{"title":"Tranzac\u0163ii semnificative cu afiliatii - Bittnet Group - s1 2021","description":"\u00cen perioada de raportare, societatea nu a \u00eencheiat tranzac\u021bii semnficative cu persoane cu care ac\u021bioneaz\u0103 \u00een mod concertat sau cu afilia\u021bii","robots":{"index":"index","follow":"follow","max-snippet":"max-snippet:-1","max-image-preview":"max-image-preview:large","max-video-preview":"max-video-preview:-1"},"canonical":"https:\/\/investors.bittnet.ro\/en\/rezultate-financiare\/2q-2021\/tranzactii-semnificative-cu-afiliatii\/","og_locale":"en_US","og_type":"article","og_title":"Tranzac\u0163ii semnificative cu afiliatii - Bittnet Group - s1 2021","og_description":"\u00cen perioada de raportare, societatea nu a \u00eencheiat tranzac\u021bii semnficative cu persoane cu care ac\u021bioneaz\u0103 \u00een mod concertat sau cu afilia\u021bii","og_url":"https:\/\/investors.bittnet.ro\/en\/rezultate-financiare\/2q-2021\/tranzactii-semnificative-cu-afiliatii\/","og_site_name":"Bittnet Investors Relations Site","article_publisher":"https:\/\/www.facebook.com\/BittnetSystems\/","article_modified_time":"2021-10-26T10:56:14+00:00","twitter_card":"summary_large_image","twitter_site":"@NA","twitter_misc":{"Est. reading time":"1 minute"},"schema":{"@context":"https:\/\/schema.org","@graph":[{"@type":"WebPage","@id":"https:\/\/investors.bittnet.ro\/en\/rezultate-financiare\/2q-2021\/tranzactii-semnificative-cu-afiliatii\/","url":"https:\/\/investors.bittnet.ro\/en\/rezultate-financiare\/2q-2021\/tranzactii-semnificative-cu-afiliatii\/","name":"Tranzac\u0163ii semnificative cu afiliatii - Bittnet Group - s1 2021","isPartOf":{"@id":"https:\/\/investors.bittnet.ro\/en\/#website"},"datePublished":"2021-08-23T13:46:52+00:00","dateModified":"2021-10-26T10:56:14+00:00","description":"\u00cen perioada de raportare, societatea nu a \u00eencheiat tranzac\u021bii semnficative cu persoane cu care ac\u021bioneaz\u0103 \u00een mod concertat sau cu afilia\u021bii","breadcrumb":{"@id":"https:\/\/investors.bittnet.ro\/en\/rezultate-financiare\/2q-2021\/tranzactii-semnificative-cu-afiliatii\/#breadcrumb"},"inLanguage":"en-US","potentialAction":[{"@type":"ReadAction","target":["https:\/\/investors.bittnet.ro\/en\/rezultate-financiare\/2q-2021\/tranzactii-semnificative-cu-afiliatii\/"]}]},{"@type":"BreadcrumbList","@id":"https:\/\/investors.bittnet.ro\/en\/rezultate-financiare\/2q-2021\/tranzactii-semnificative-cu-afiliatii\/#breadcrumb","itemListElement":[{"@type":"ListItem","position":1,"name":"Home","item":"https:\/\/investors.bittnet.ro\/en\/"},{"@type":"ListItem","position":2,"name":"Rezultate financiare","item":"https:\/\/investors.bittnet.ro\/en\/rezultate-financiare\/"},{"@type":"ListItem","position":3,"name":"2q-2021","item":"https:\/\/investors.bittnet.ro\/en\/rezultate-financiare\/2q-2021\/"},{"@type":"ListItem","position":4,"name":"Tranzac\u0163ii semnificative cu afiliatii"}]},{"@type":"WebSite","@id":"https:\/\/investors.bittnet.ro\/en\/#website","url":"https:\/\/investors.bittnet.ro\/en\/","name":"Bittnet Investors Relations Site","description":"Your Value. Upgraded.","publisher":{"@id":"https:\/\/investors.bittnet.ro\/en\/#organization"},"potentialAction":[{"@type":"SearchAction","target":{"@type":"EntryPoint","urlTemplate":"https:\/\/investors.bittnet.ro\/en\/?s={search_term_string}"},"query-input":"required name=search_term_string"}],"inLanguage":"en-US"},{"@type":"Organization","@id":"https:\/\/investors.bittnet.ro\/en\/#organization","name":"Bittnet Group","url":"https:\/\/investors.bittnet.ro\/en\/","logo":{"@type":"ImageObject","inLanguage":"en-US","@id":"https:\/\/investors.bittnet.ro\/en\/#\/schema\/logo\/image\/","url":"https:\/\/investors.bittnet.ro\/wp-content\/uploads\/2019\/05\/logo-grup.png","contentUrl":"https:\/\/investors.bittnet.ro\/wp-content\/uploads\/2019\/05\/logo-grup.png","width":807,"height":442,"caption":"Bittnet Group"},"image":{"@id":"https:\/\/investors.bittnet.ro\/en\/#\/schema\/logo\/image\/"},"sameAs":["https:\/\/www.facebook.com\/BittnetSystems\/","https:\/\/twitter.com\/NA","http:\/\/na","https:\/\/www.linkedin.com\/company\/bittnet-group\/","https:\/\/www.youtube.com\/user\/BittnetSystems"]}]}},"_links":{"self":[{"href":"https:\/\/investors.bittnet.ro\/en\/wp-json\/wp\/v2\/pages\/13680","targetHints":{"allow":["GET"]}}],"collection":[{"href":"https:\/\/investors.bittnet.ro\/en\/wp-json\/wp\/v2\/pages"}],"about":[{"href":"https:\/\/investors.bittnet.ro\/en\/wp-json\/wp\/v2\/types\/page"}],"author":[{"embeddable":true,"href":"https:\/\/investors.bittnet.ro\/en\/wp-json\/wp\/v2\/users\/13"}],"replies":[{"embeddable":true,"href":"https:\/\/investors.bittnet.ro\/en\/wp-json\/wp\/v2\/comments?post=13680"}],"version-history":[{"count":6,"href":"https:\/\/investors.bittnet.ro\/en\/wp-json\/wp\/v2\/pages\/13680\/revisions"}],"predecessor-version":[{"id":14109,"href":"https:\/\/investors.bittnet.ro\/en\/wp-json\/wp\/v2\/pages\/13680\/revisions\/14109"}],"up":[{"embeddable":true,"href":"https:\/\/investors.bittnet.ro\/en\/wp-json\/wp\/v2\/pages\/13559"}],"wp:attachment":[{"href":"https:\/\/investors.bittnet.ro\/en\/wp-json\/wp\/v2\/media?parent=13680"}],"curies":[{"name":"wp","href":"https:\/\/api.w.org\/{rel}","templated":true}]}}