{"id":13675,"date":"2021-08-23T16:42:03","date_gmt":"2021-08-23T13:42:03","guid":{"rendered":"https:\/\/investors.bittnet.ro\/?page_id=13675"},"modified":"2021-10-26T13:56:00","modified_gmt":"2021-10-26T10:56:00","slug":"schimbari-care-afecteaza-capitalul-si-administrarea-societatii-comerciale","status":"publish","type":"page","link":"https:\/\/investors.bittnet.ro\/en\/rezultate-financiare\/2q-2021\/schimbari-care-afecteaza-capitalul-si-administrarea-societatii-comerciale\/","title":{"rendered":"Schimb\u0103ri care afecteaz\u0103 capitalul \u015fi administrarea societ\u0103\u0163ii comerciale"},"content":{"rendered":"<section class=\"l-section wpb_row height_small\"><div class=\"l-section-h i-cf\"><div class=\"g-cols vc_row via_flex valign_top type_default stacking_default\"><div class=\"vc_col-sm-8 wpb_column vc_column_container\"><div class=\"vc_column-inner\"><div class=\"wpb_wrapper\"><div class=\"wpb_text_column\"><div class=\"wpb_wrapper\"><h3>4.1. Descrierea cazurilor \u00een care societatea comercial\u0103 a fost \u00een imposibilitatea de a \u00ee\u015fi respecta obliga\u0163iile financiare \u00een timpul perioadei respective.<\/h3>\n<p>Societatea nu s-a aflat \u00een imposibilitatea de a \u00ee\u0219i respecta obliga\u021biile financiare.<\/p>\n<h3>4.2. Descrierea oric\u0103rei modific\u0103ri privind drepturile de\u0163in\u0103torilor de valori mobiliare emise de societatea comercial\u0103.<\/h3>\n<p>Nu exist\u0103 modific\u0103ri privind drepturile de\u021bin\u0103torilor de valori mobiliare emise de societate.<\/p>\n<\/div><\/div><div class=\"w-separator size_small\"><\/div><div class=\"w-tabs style_default switch_click accordion has_scrolling\" style=\"--sections-title-size:inherit\"><div class=\"w-tabs-sections titles-align_none icon_chevron cpos_right\"><div class=\"w-tabs-section\" id=\"gc00\"><button class=\"w-tabs-section-header\" aria-controls=\"content-gc00\" aria-expanded=\"false\"><div class=\"w-tabs-section-title\">Majorarea capitalului cu aporturi noi \u2013 Martie-Aprilie 2021<\/div><div class=\"w-tabs-section-control\"><\/div><\/button><div  class=\"w-tabs-section-content\" id=\"content-gc00\"><div class=\"w-tabs-section-content-h i-cf\"><div class=\"wpb_text_column\"><div class=\"wpb_wrapper\"><p>\u00cen prima jumatate a anului 2021, Compania a derulat o majorare a capitalului prin emiterea unui numar de 18,178,550 actiuni noi oferite spre subscriere in baza dreptului de preferinta.<\/p>\n<p>In Etapa 1 \u2013 derulata intre 27 ianuarie si 25 februarie 2021 \u2013 au fost subscrise 17,359,142 actiuni noi (95,49% din total) la pretul de 0,59 lei per actiune. Ulterior, in cadrul plasamentului privat s-au primit subscrieri din partea a 35 investitori persoane fizice si juridice, pentru cele\u00a0819.408 actiuni ramase nesubscrise dupa Etapa 1 la pretul de 0,6 lei per actiune. Suma totala atrasa de companie in cele doua operatiuni este de 10,733,538.58 lei.<\/p>\n<\/div><\/div><\/div><\/div><\/div><div class=\"w-tabs-section\" id=\"ld1a\"><button class=\"w-tabs-section-header\" aria-controls=\"content-ld1a\" aria-expanded=\"false\"><div class=\"w-tabs-section-title\">Majorarea capitalului cu ac\u021biuni gratuite: 6 actiuni noi la 10 de\u021binute<\/div><div class=\"w-tabs-section-control\"><\/div><\/button><div  class=\"w-tabs-section-content\" id=\"content-ld1a\"><div class=\"w-tabs-section-content-h i-cf\"><div class=\"wpb_text_column\"><div class=\"wpb_wrapper\"><p>\u00cen Aprilie 2021, ac\u021bionarii societ\u0103\u021bii au aprobat majorarea capitalul social cu suma de 16.956.596,60 lei prin emisiunea a 169.565.966 ac\u0163iuni cu valoare nominal\u0103 de 0,1 lei\/ac\u0163iune \u00een beneficiul ac\u0163ionarilor (inclusiv in beneficiul Societatii pentru actiunile proprii pe care le detine), prin capitalizarea partiala a primelor de emisiune \u00een valoare de 16.956.596,60 lei.<\/p>\n<p>Actiunile gratuite au fost alocate in conturile actionarilor proportional cu detinerea de la data de inregistrare stabilita de AGA: 21.07.2021. Raportul de alocare a fost 6:10, fiecare ac\u021bionar care de\u021binea ac\u021biuni la data de \u00eenregistrare a primit 6 ac\u021biuni gratuite pentru fiecare 10 actiuni detinute. Depozitarul Central a incarcat conturile de tranzactionare ale actionarilor la inceputul lunii august.<\/p>\n<\/div><\/div><\/div><\/div><\/div><div class=\"w-tabs-section\" id=\"he62\"><button class=\"w-tabs-section-header\" aria-controls=\"content-he62\" aria-expanded=\"false\"><div class=\"w-tabs-section-title\">Exprimare optiuni distributie cash sau actiuni &#8211; majorare capital 1:10<\/div><div class=\"w-tabs-section-control\"><\/div><\/button><div  class=\"w-tabs-section-content\" id=\"content-he62\"><div class=\"w-tabs-section-content-h i-cf\"><div class=\"wpb_text_column\"><div class=\"wpb_wrapper\"><p>Adunarea Generala a Actionarilor a aprobat in aprilie 2021 majorarea capitalului social cu suma de 2.826.099,50 lei prin emisiunea a 28.260.995 ac\u0163iuni cu valoare nominal\u0103 de 0,1 lei\/ac\u0163iune in beneficiul actionarilor inregistrati in Registrul Actionarilor tinut de Depozitarul Central la data de inregistrare 21.07.2021. Actionarii de la data de referinta a AGA au fost de acord ca actiunile astfel dobandite vor fi lasate la dispozitia societatii, pentru o perioada de 12 luni de la data dobandirii, in vederea aducerii la indeplinire a stock option plan-urilor aprobate de adunarile generale anterioare.<\/p>\n<p>Totusi, avand in vedere ca actionarii de la data de inregistrare a Hotararii AGEA nr. 3 (21.07.2021) ar fi putut fi diferiti fata de actionarii de la data de referinta pentru AGEA din aprilie si avand in vedere corespondenta scrisa si intalnirile Emitentului cu Autoritatea de Supraveghere Financiara (ASF) pe aceasta tema in cursul anului 2020, Consiliul de Administratie a adoptat o procedura suplimentara in scopul de a oferi toti actionarii de la data de inregistrare (21.07.2021) posibilitatea de a vota in mod expres daca aleg consistenta cu Hotararea actionarilor de la data de referinta pentru AGEA \u2013 primind astfel o distributie de numerar in valoare de 0,1 lei pentru fiecare 10 actiuni detinute, sau prefera o alta optiune.<\/p>\n<p>Procedura suplimentara s-a desfasurat prin intermediul unui portal online pus la dispozitia investitorilor de la data de inregistrare 21.07.2021 prin care au putut opta daca doresc distributia in numerar. In perioada de optare, 26 iulie \u2013 03 august, ora 17:00, Emitentul a primit un numar de 325 optiuni, de la 325 actionari reprezentand un total de 167.393.769 drepturi de vot, adica 67,70% din totalul drepturilor de vot ale Emitentului. Dintre optiunile exprimate, 210 actionari reprezentand 162,611,497 drepturi de vot, adica 65,77% din totalul drepturilor de vot au optat pentru OPTIUNEA 1 \u2013 adica pentru distributia cash.<\/p>\n<p>Societatea a transferat acestor actionari suma de 924.482 lei in luna august 2021 prin sistemul de decontare al Depozitarului Central, avand Agent de Plata Banca Transilvania.<\/p>\n<p>Actionarilor care au votat &#8216;impotriva&#8217; sau &#8216;abtinere&#8217;, precum si cei care nu au intreprins niciun demers nu vor beneficia de distributia in cash, urmand sa li se aloce actiunile in Sectiunea 1 a Depozitarului Central, dupa emiterea certificatului de inregistrare de ASF. Tot atunci Depozitarul Central va incarca in contul Emitentului un numar de 16,261,096 actiuni trezorerie.<\/p>\n<\/div><\/div><\/div><\/div><\/div><\/div><\/div><div class=\"w-separator size_small\"><\/div><div class=\"wpb_text_column\"><div class=\"wpb_wrapper\"><h3>Structura ac\u021bionariatului la 30 iunie 2021<\/h3>\n<\/div><\/div><div class=\"w-separator size_small\"><\/div><div class=\"wpb_text_column\"><div class=\"wpb_wrapper\"><p>Structura ac\u021bionariatului la data de 30 iunie 2021, conform inform\u0103rii de la Depozitarul Central este:<\/p>\n<\/div><\/div><div class=\"w-separator size_small\"><\/div><div class=\"wpb_text_column\"><div class=\"wpb_wrapper\"><table width=\"304\">\n<tbody>\n<tr>\n<td width=\"213\">Ac\u021bionar<\/td>\n<td style=\"text-align: right;\" width=\"91\">Procent din capital si drepturi de vot<\/td>\n<\/tr>\n<tr>\n<td width=\"213\">LOGOF\u0102TU CRISTIAN-ION<\/td>\n<td style=\"text-align: right;\">11,2615 %<\/td>\n<\/tr>\n<tr>\n<td width=\"213\">LOGOF\u0102TU MIHAI-ALEXANDRU-CONSTANTIN<\/td>\n<td style=\"text-align: right;\">12,3760 %<\/td>\n<\/tr>\n<tr>\n<td width=\"213\">Persoane fizice<\/td>\n<td style=\"text-align: right;\">64,8385 %<\/td>\n<\/tr>\n<tr>\n<td width=\"213\">Persoane Juridice<\/td>\n<td style=\"text-align: right;\">11,5241 %<\/td>\n<\/tr>\n<\/tbody>\n<\/table>\n<\/div><\/div><\/div><\/div><\/div><div class=\"vc_col-sm-4 wpb_column vc_column_container\"><div class=\"vc_column-inner\"><div class=\"wpb_wrapper\"><nav class=\"w-menu layout_ver style_blocks us_menu_1 with_children\" style=\"--main-gap:1.5rem;--main-ver-indent:0.8em;--main-hor-indent:0.8em;--main-bg-color:#f5f5f5;--main-color:inherit;--main-hover-bg-color:#8dbe65;--main-hover-color:#ffffff;--main-active-bg-color:#8dbe65;--main-active-color:#ffffff;--sub-gap:5px;\" id=\"first-simple-menu\"><ul id=\"menu-2q-2021\" class=\"menu\"><li id=\"menu-item-13564\" class=\"menu-item menu-item-type-post_type menu-item-object-page menu-item-13564\"><a href=\"https:\/\/investors.bittnet.ro\/rezultate-financiare\/2q-2021\/\">2q-2021<\/a><\/li><li id=\"menu-item-13713\" class=\"menu-item menu-item-type-custom menu-item-object-custom menu-item-13713\"><a href=\"https:\/\/investors.bittnet.ro\/wp-content\/uploads\/2021\/08\/Infografic-Raport-Semestrial-Bittnet-BNET-Semestrul-1-2021.pdf\">Infografic<\/a><\/li><li id=\"menu-item-13714\" class=\"menu-item menu-item-type-custom menu-item-object-custom menu-item-13714\"><a href=\"https:\/\/investors.bittnet.ro\/ro\/abonare-newsletter\/\">Abonare la Newsletter<\/a><\/li><\/ul><style>@media ( max-width:600px ){.us_menu_1 .menu{display:block!important}.us_menu_1 .menu>li:not(:last-child){margin:0 0 var(--main-gap,1.5rem)!important}}<\/style><\/nav><\/div><\/div><\/div><\/div><\/div><\/section>\n","protected":false},"excerpt":{"rendered":"4.1. Descrierea cazurilor \u00een care societatea comercial\u0103 a fost \u00een imposibilitatea de a \u00ee\u015fi respecta obliga\u0163iile financiare \u00een timpul perioadei respective. Societatea nu s-a aflat \u00een imposibilitatea de a \u00ee\u0219i respecta obliga\u021biile financiare. 4.2. Descrierea oric\u0103rei modific\u0103ri privind drepturile de\u0163in\u0103torilor de valori mobiliare emise de societatea comercial\u0103. Nu exist\u0103 modific\u0103ri privind drepturile de\u021bin\u0103torilor de valori...","protected":false},"author":13,"featured_media":0,"parent":13559,"menu_order":4,"comment_status":"closed","ping_status":"closed","template":"","meta":{"footnotes":""},"class_list":["post-13675","page","type-page","status-publish","hentry"],"yoast_head":"<!-- This site is optimized with the Yoast SEO plugin v20.8 - https:\/\/yoast.com\/wordpress\/plugins\/seo\/ -->\n<title>Schimb\u0103ri care afecteaz\u0103 capitalul \u015fi administrarea societ\u0103\u0163ii comerciale<\/title>\n<meta name=\"description\" content=\"Structura ac\u021bionariatului la data de 30 iunie 2021, conform inform\u0103rii de la Depozitarul Central este:\" \/>\n<meta name=\"robots\" content=\"index, follow, max-snippet:-1, max-image-preview:large, max-video-preview:-1\" \/>\n<link rel=\"canonical\" href=\"https:\/\/investors.bittnet.ro\/en\/rezultate-financiare\/2q-2021\/schimbari-care-afecteaza-capitalul-si-administrarea-societatii-comerciale\/\" \/>\n<meta property=\"og:locale\" content=\"en_US\" \/>\n<meta property=\"og:type\" content=\"article\" \/>\n<meta property=\"og:title\" content=\"Schimb\u0103ri care afecteaz\u0103 capitalul \u015fi administrarea societ\u0103\u0163ii comerciale\" \/>\n<meta property=\"og:description\" content=\"Structura ac\u021bionariatului la data de 30 iunie 2021, conform inform\u0103rii de la Depozitarul Central este:\" \/>\n<meta property=\"og:url\" content=\"https:\/\/investors.bittnet.ro\/en\/rezultate-financiare\/2q-2021\/schimbari-care-afecteaza-capitalul-si-administrarea-societatii-comerciale\/\" \/>\n<meta property=\"og:site_name\" content=\"Bittnet Investors Relations Site\" \/>\n<meta property=\"article:publisher\" content=\"https:\/\/www.facebook.com\/BittnetSystems\/\" \/>\n<meta property=\"article:modified_time\" content=\"2021-10-26T10:56:00+00:00\" \/>\n<meta name=\"twitter:card\" content=\"summary_large_image\" \/>\n<meta name=\"twitter:site\" content=\"@NA\" \/>\n<meta name=\"twitter:label1\" content=\"Est. reading time\" \/>\n\t<meta name=\"twitter:data1\" content=\"4 minutes\" \/>\n<script type=\"application\/ld+json\" class=\"yoast-schema-graph\">{\"@context\":\"https:\/\/schema.org\",\"@graph\":[{\"@type\":\"WebPage\",\"@id\":\"https:\/\/investors.bittnet.ro\/en\/rezultate-financiare\/2q-2021\/schimbari-care-afecteaza-capitalul-si-administrarea-societatii-comerciale\/\",\"url\":\"https:\/\/investors.bittnet.ro\/en\/rezultate-financiare\/2q-2021\/schimbari-care-afecteaza-capitalul-si-administrarea-societatii-comerciale\/\",\"name\":\"Schimb\u0103ri care afecteaz\u0103 capitalul \u015fi administrarea societ\u0103\u0163ii comerciale\",\"isPartOf\":{\"@id\":\"https:\/\/investors.bittnet.ro\/en\/#website\"},\"datePublished\":\"2021-08-23T13:42:03+00:00\",\"dateModified\":\"2021-10-26T10:56:00+00:00\",\"description\":\"Structura ac\u021bionariatului la data de 30 iunie 2021, conform inform\u0103rii de la Depozitarul Central este:\",\"breadcrumb\":{\"@id\":\"https:\/\/investors.bittnet.ro\/en\/rezultate-financiare\/2q-2021\/schimbari-care-afecteaza-capitalul-si-administrarea-societatii-comerciale\/#breadcrumb\"},\"inLanguage\":\"en-US\",\"potentialAction\":[{\"@type\":\"ReadAction\",\"target\":[\"https:\/\/investors.bittnet.ro\/en\/rezultate-financiare\/2q-2021\/schimbari-care-afecteaza-capitalul-si-administrarea-societatii-comerciale\/\"]}]},{\"@type\":\"BreadcrumbList\",\"@id\":\"https:\/\/investors.bittnet.ro\/en\/rezultate-financiare\/2q-2021\/schimbari-care-afecteaza-capitalul-si-administrarea-societatii-comerciale\/#breadcrumb\",\"itemListElement\":[{\"@type\":\"ListItem\",\"position\":1,\"name\":\"Home\",\"item\":\"https:\/\/investors.bittnet.ro\/en\/\"},{\"@type\":\"ListItem\",\"position\":2,\"name\":\"Rezultate financiare\",\"item\":\"https:\/\/investors.bittnet.ro\/en\/rezultate-financiare\/\"},{\"@type\":\"ListItem\",\"position\":3,\"name\":\"2q-2021\",\"item\":\"https:\/\/investors.bittnet.ro\/en\/rezultate-financiare\/2q-2021\/\"},{\"@type\":\"ListItem\",\"position\":4,\"name\":\"Schimb\u0103ri care afecteaz\u0103 capitalul \u015fi administrarea societ\u0103\u0163ii comerciale\"}]},{\"@type\":\"WebSite\",\"@id\":\"https:\/\/investors.bittnet.ro\/en\/#website\",\"url\":\"https:\/\/investors.bittnet.ro\/en\/\",\"name\":\"Bittnet Investors Relations Site\",\"description\":\"Your Value. Upgraded.\",\"publisher\":{\"@id\":\"https:\/\/investors.bittnet.ro\/en\/#organization\"},\"potentialAction\":[{\"@type\":\"SearchAction\",\"target\":{\"@type\":\"EntryPoint\",\"urlTemplate\":\"https:\/\/investors.bittnet.ro\/en\/?s={search_term_string}\"},\"query-input\":\"required name=search_term_string\"}],\"inLanguage\":\"en-US\"},{\"@type\":\"Organization\",\"@id\":\"https:\/\/investors.bittnet.ro\/en\/#organization\",\"name\":\"Bittnet Group\",\"url\":\"https:\/\/investors.bittnet.ro\/en\/\",\"logo\":{\"@type\":\"ImageObject\",\"inLanguage\":\"en-US\",\"@id\":\"https:\/\/investors.bittnet.ro\/en\/#\/schema\/logo\/image\/\",\"url\":\"https:\/\/investors.bittnet.ro\/wp-content\/uploads\/2019\/05\/logo-grup.png\",\"contentUrl\":\"https:\/\/investors.bittnet.ro\/wp-content\/uploads\/2019\/05\/logo-grup.png\",\"width\":807,\"height\":442,\"caption\":\"Bittnet Group\"},\"image\":{\"@id\":\"https:\/\/investors.bittnet.ro\/en\/#\/schema\/logo\/image\/\"},\"sameAs\":[\"https:\/\/www.facebook.com\/BittnetSystems\/\",\"https:\/\/twitter.com\/NA\",\"http:\/\/na\",\"https:\/\/www.linkedin.com\/company\/bittnet-group\/\",\"https:\/\/www.youtube.com\/user\/BittnetSystems\"]}]}<\/script>\n<!-- \/ Yoast SEO plugin. -->","yoast_head_json":{"title":"Schimb\u0103ri care afecteaz\u0103 capitalul \u015fi administrarea societ\u0103\u0163ii comerciale","description":"Structura ac\u021bionariatului la data de 30 iunie 2021, conform inform\u0103rii de la Depozitarul Central este:","robots":{"index":"index","follow":"follow","max-snippet":"max-snippet:-1","max-image-preview":"max-image-preview:large","max-video-preview":"max-video-preview:-1"},"canonical":"https:\/\/investors.bittnet.ro\/en\/rezultate-financiare\/2q-2021\/schimbari-care-afecteaza-capitalul-si-administrarea-societatii-comerciale\/","og_locale":"en_US","og_type":"article","og_title":"Schimb\u0103ri care afecteaz\u0103 capitalul \u015fi administrarea societ\u0103\u0163ii comerciale","og_description":"Structura ac\u021bionariatului la data de 30 iunie 2021, conform inform\u0103rii de la Depozitarul Central este:","og_url":"https:\/\/investors.bittnet.ro\/en\/rezultate-financiare\/2q-2021\/schimbari-care-afecteaza-capitalul-si-administrarea-societatii-comerciale\/","og_site_name":"Bittnet Investors Relations Site","article_publisher":"https:\/\/www.facebook.com\/BittnetSystems\/","article_modified_time":"2021-10-26T10:56:00+00:00","twitter_card":"summary_large_image","twitter_site":"@NA","twitter_misc":{"Est. reading time":"4 minutes"},"schema":{"@context":"https:\/\/schema.org","@graph":[{"@type":"WebPage","@id":"https:\/\/investors.bittnet.ro\/en\/rezultate-financiare\/2q-2021\/schimbari-care-afecteaza-capitalul-si-administrarea-societatii-comerciale\/","url":"https:\/\/investors.bittnet.ro\/en\/rezultate-financiare\/2q-2021\/schimbari-care-afecteaza-capitalul-si-administrarea-societatii-comerciale\/","name":"Schimb\u0103ri care afecteaz\u0103 capitalul \u015fi administrarea societ\u0103\u0163ii comerciale","isPartOf":{"@id":"https:\/\/investors.bittnet.ro\/en\/#website"},"datePublished":"2021-08-23T13:42:03+00:00","dateModified":"2021-10-26T10:56:00+00:00","description":"Structura ac\u021bionariatului la data de 30 iunie 2021, conform inform\u0103rii de la Depozitarul Central este:","breadcrumb":{"@id":"https:\/\/investors.bittnet.ro\/en\/rezultate-financiare\/2q-2021\/schimbari-care-afecteaza-capitalul-si-administrarea-societatii-comerciale\/#breadcrumb"},"inLanguage":"en-US","potentialAction":[{"@type":"ReadAction","target":["https:\/\/investors.bittnet.ro\/en\/rezultate-financiare\/2q-2021\/schimbari-care-afecteaza-capitalul-si-administrarea-societatii-comerciale\/"]}]},{"@type":"BreadcrumbList","@id":"https:\/\/investors.bittnet.ro\/en\/rezultate-financiare\/2q-2021\/schimbari-care-afecteaza-capitalul-si-administrarea-societatii-comerciale\/#breadcrumb","itemListElement":[{"@type":"ListItem","position":1,"name":"Home","item":"https:\/\/investors.bittnet.ro\/en\/"},{"@type":"ListItem","position":2,"name":"Rezultate financiare","item":"https:\/\/investors.bittnet.ro\/en\/rezultate-financiare\/"},{"@type":"ListItem","position":3,"name":"2q-2021","item":"https:\/\/investors.bittnet.ro\/en\/rezultate-financiare\/2q-2021\/"},{"@type":"ListItem","position":4,"name":"Schimb\u0103ri care afecteaz\u0103 capitalul \u015fi administrarea societ\u0103\u0163ii comerciale"}]},{"@type":"WebSite","@id":"https:\/\/investors.bittnet.ro\/en\/#website","url":"https:\/\/investors.bittnet.ro\/en\/","name":"Bittnet Investors Relations Site","description":"Your Value. Upgraded.","publisher":{"@id":"https:\/\/investors.bittnet.ro\/en\/#organization"},"potentialAction":[{"@type":"SearchAction","target":{"@type":"EntryPoint","urlTemplate":"https:\/\/investors.bittnet.ro\/en\/?s={search_term_string}"},"query-input":"required name=search_term_string"}],"inLanguage":"en-US"},{"@type":"Organization","@id":"https:\/\/investors.bittnet.ro\/en\/#organization","name":"Bittnet Group","url":"https:\/\/investors.bittnet.ro\/en\/","logo":{"@type":"ImageObject","inLanguage":"en-US","@id":"https:\/\/investors.bittnet.ro\/en\/#\/schema\/logo\/image\/","url":"https:\/\/investors.bittnet.ro\/wp-content\/uploads\/2019\/05\/logo-grup.png","contentUrl":"https:\/\/investors.bittnet.ro\/wp-content\/uploads\/2019\/05\/logo-grup.png","width":807,"height":442,"caption":"Bittnet Group"},"image":{"@id":"https:\/\/investors.bittnet.ro\/en\/#\/schema\/logo\/image\/"},"sameAs":["https:\/\/www.facebook.com\/BittnetSystems\/","https:\/\/twitter.com\/NA","http:\/\/na","https:\/\/www.linkedin.com\/company\/bittnet-group\/","https:\/\/www.youtube.com\/user\/BittnetSystems"]}]}},"_links":{"self":[{"href":"https:\/\/investors.bittnet.ro\/en\/wp-json\/wp\/v2\/pages\/13675","targetHints":{"allow":["GET"]}}],"collection":[{"href":"https:\/\/investors.bittnet.ro\/en\/wp-json\/wp\/v2\/pages"}],"about":[{"href":"https:\/\/investors.bittnet.ro\/en\/wp-json\/wp\/v2\/types\/page"}],"author":[{"embeddable":true,"href":"https:\/\/investors.bittnet.ro\/en\/wp-json\/wp\/v2\/users\/13"}],"replies":[{"embeddable":true,"href":"https:\/\/investors.bittnet.ro\/en\/wp-json\/wp\/v2\/comments?post=13675"}],"version-history":[{"count":7,"href":"https:\/\/investors.bittnet.ro\/en\/wp-json\/wp\/v2\/pages\/13675\/revisions"}],"predecessor-version":[{"id":14108,"href":"https:\/\/investors.bittnet.ro\/en\/wp-json\/wp\/v2\/pages\/13675\/revisions\/14108"}],"up":[{"embeddable":true,"href":"https:\/\/investors.bittnet.ro\/en\/wp-json\/wp\/v2\/pages\/13559"}],"wp:attachment":[{"href":"https:\/\/investors.bittnet.ro\/en\/wp-json\/wp\/v2\/media?parent=13675"}],"curies":[{"name":"wp","href":"https:\/\/api.w.org\/{rel}","templated":true}]}}