{"id":13667,"date":"2021-08-23T16:26:26","date_gmt":"2021-08-23T13:26:26","guid":{"rendered":"https:\/\/investors.bittnet.ro\/?page_id=13667"},"modified":"2021-10-26T13:55:47","modified_gmt":"2021-10-26T10:55:47","slug":"3-3-evenimente-care-afecteaza-activitatea-de-baza","status":"publish","type":"page","link":"https:\/\/investors.bittnet.ro\/en\/rezultate-financiare\/2q-2021\/analiza-activitatii-societatii-comerciale\/3-3-evenimente-care-afecteaza-activitatea-de-baza\/","title":{"rendered":"3.3. Evenimente care afecteaz\u0103 activitatea de baz\u0103"},"content":{"rendered":"<section class=\"l-section wpb_row height_small\"><div class=\"l-section-h i-cf\"><div class=\"g-cols vc_row via_flex valign_top type_default stacking_default\"><div class=\"vc_col-sm-8 wpb_column vc_column_container\"><div class=\"vc_column-inner\"><div class=\"wpb_wrapper\"><div class=\"wpb_text_column\"><div class=\"wpb_wrapper\"><h1>3.3. Prezentarea \u015fi analizarea evenimentelor, tranzac\u0163iilor, schimb\u0103rilor economice care afecteaz\u0103 semnificativ veniturile din activitatea de baz\u0103. Precizarea m\u0103surii \u00een care au fost afectate veniturile de fiecare element identificat. Compara\u0163ie cu perioada corespunz\u0103toare a anului trecut.<\/h1>\n<\/div><\/div><div class=\"w-tabs style_default switch_click accordion has_scrolling\" style=\"--sections-title-size:inherit\"><div class=\"w-tabs-sections titles-align_none icon_chevron cpos_right\"><div class=\"w-tabs-section\" id=\"aacb\"><button class=\"w-tabs-section-header\" aria-controls=\"content-aacb\" aria-expanded=\"false\"><div class=\"w-tabs-section-title\">Divizia de Tehnologie<\/div><div class=\"w-tabs-section-control\"><\/div><\/button><div  class=\"w-tabs-section-content\" id=\"content-aacb\"><div class=\"w-tabs-section-content-h i-cf\"><div class=\"wpb_text_column\"><div class=\"wpb_wrapper\"><table width=\"460\">\n<tbody>\n<tr>\n<td width=\"213\"><\/td>\n<td style=\"text-align: right;\" width=\"91\"><strong>30-Jun-21<\/strong><\/td>\n<td style=\"text-align: right;\" width=\"82\"><strong>30-Jun-20<\/strong><\/td>\n<td style=\"text-align: right;\" width=\"74\"><strong>Evoluti<\/strong>e<\/td>\n<\/tr>\n<tr>\n<td width=\"213\"><strong>Venituri din contracte cu clientii\u00a0\u00a0<\/strong><\/td>\n<td style=\"text-align: right;\"><strong>42,403,154<\/strong><\/td>\n<td style=\"text-align: right;\"><strong>49,635,969<\/strong><\/td>\n<td style=\"text-align: right;\"><strong>-14.60%<\/strong><\/td>\n<\/tr>\n<tr>\n<td width=\"213\">Venituri din prestarea de servicii<\/td>\n<td style=\"text-align: right;\">9,631,810<\/td>\n<td style=\"text-align: right;\">8,556,171<\/td>\n<td style=\"text-align: right;\">12.60%<\/td>\n<\/tr>\n<tr>\n<td width=\"213\">Vanzarea de marfuri<\/td>\n<td style=\"text-align: right;\">32,771,344<\/td>\n<td style=\"text-align: right;\">41,079,797<\/td>\n<td style=\"text-align: right;\">-20.23%<\/td>\n<\/tr>\n<tr>\n<td width=\"213\"><strong>Costul v\u00e2nz\u0103rilor\u00a0<\/strong><\/td>\n<td style=\"text-align: right;\"><strong>35,010,905<\/strong><\/td>\n<td style=\"text-align: right;\"><strong>42,469,787<\/strong><\/td>\n<td style=\"text-align: right;\"><strong>-17.60%<\/strong><\/td>\n<\/tr>\n<tr>\n<td width=\"213\">Costul vanzarii marfuri\/materiale<\/td>\n<td style=\"text-align: right;\">27,483,485<\/td>\n<td style=\"text-align: right;\">36,260,772<\/td>\n<td style=\"text-align: right;\">-24.20%<\/td>\n<\/tr>\n<tr>\n<td width=\"213\">Servicii cloud<\/td>\n<td style=\"text-align: right;\">2,624,922<\/td>\n<td style=\"text-align: right;\">2,401,940<\/td>\n<td style=\"text-align: right;\">9.30%<\/td>\n<\/tr>\n<tr>\n<td width=\"213\">Ore-Om<\/td>\n<td style=\"text-align: right;\">4,902,498<\/td>\n<td style=\"text-align: right;\">3,807,075<\/td>\n<td style=\"text-align: right;\">29%<\/td>\n<\/tr>\n<tr>\n<td width=\"213\"><strong>Marja bruta\u00a0<\/strong><\/td>\n<td style=\"text-align: right;\"><strong>7,392,249<\/strong><\/td>\n<td style=\"text-align: right;\"><strong>7,166,182<\/strong><\/td>\n<td style=\"text-align: right;\"><strong>3.20%<\/strong><\/td>\n<\/tr>\n<\/tbody>\n<\/table>\n<\/div><\/div><div class=\"w-separator size_small\"><\/div><div class=\"wpb_text_column\"><div class=\"wpb_wrapper\"><p>Divizia de tehnologie este in continuare impactata de intarzierile de livari de echipamente hardware datorate crizei semiconductorilor, ceea ce a generat o scadere a veniturilor din vanzarea de solutii hardware. In schimb, aceasta situatie genereaza si o nevoie a clientilor si o oportunitate pentru grupul nostru, in aceea ca este nevoie de mai multe servicii pentru intretinerea solutiiilor existente si pentru modificarea abordarii solutiilor tehnologice livrate la clienti \u2013 acestia devenind mai deschisi abordari ce se bazeaza mai mult pe know-how si mai putin pe echipamente. Astfel, veniturile din serviciile de integrare IT&amp;C au crescut cu 12%, ceea ce genereaza ca marja bruta sa fie mai mare in H1 2021 versus H1 2020.<\/p>\n<\/div><\/div><\/div><\/div><\/div><div class=\"w-tabs-section\" id=\"df74\"><button class=\"w-tabs-section-header\" aria-controls=\"content-df74\" aria-expanded=\"false\"><div class=\"w-tabs-section-title\">Divizia de Educatie<\/div><div class=\"w-tabs-section-control\"><\/div><\/button><div  class=\"w-tabs-section-content\" id=\"content-df74\"><div class=\"w-tabs-section-content-h i-cf\"><div class=\"wpb_text_column\"><div class=\"wpb_wrapper\"><table width=\"460\">\n<tbody>\n<tr>\n<td width=\"213\"><\/td>\n<td style=\"text-align: right;\" width=\"91\"><strong>30-Jun-21<\/strong><\/td>\n<td style=\"text-align: right;\" width=\"82\"><strong>30-Jun-20<\/strong><\/td>\n<td style=\"text-align: right;\" width=\"74\"><strong>Evolutie<\/strong><\/td>\n<\/tr>\n<tr>\n<td width=\"213\"><strong>Venituri din contracte cu clientii\u00a0<\/strong><\/td>\n<td style=\"text-align: right;\"><strong>5,764,787<\/strong><\/td>\n<td style=\"text-align: right;\"><strong>7,263,315<\/strong><\/td>\n<td style=\"text-align: right;\"><strong>-20.63%<\/strong><\/td>\n<\/tr>\n<tr>\n<td width=\"213\"><strong>Costul v\u00e2nz\u0103rilor\u00a0<\/strong><\/td>\n<td style=\"text-align: right;\"><strong>2,591,948<\/strong><\/td>\n<td style=\"text-align: right;\"><strong>2,697,753<\/strong><\/td>\n<td style=\"text-align: right;\"><strong>-3.92%<\/strong><\/td>\n<\/tr>\n<tr>\n<td style=\"text-align: right;\" width=\"213\">Costul vanzarii marfuri\/materiale<\/td>\n<td style=\"text-align: right;\">88,146<\/td>\n<td style=\"text-align: right;\">694,985<\/td>\n<td style=\"text-align: right;\">-87.32%<\/td>\n<\/tr>\n<tr>\n<td style=\"text-align: right;\" width=\"213\">Ore-Om<\/td>\n<td style=\"text-align: right;\">2,503,802<\/td>\n<td style=\"text-align: right;\">2,002,768<\/td>\n<td style=\"text-align: right;\">25.02%<\/td>\n<\/tr>\n<tr>\n<td width=\"213\"><strong>Marja bruta\u00a0<\/strong><\/td>\n<td style=\"text-align: right;\"><strong>3,172,838<\/strong><\/td>\n<td style=\"text-align: right;\"><strong>4,565,562<\/strong><\/td>\n<td style=\"text-align: right;\"><strong>-30.50<\/strong>%<\/td>\n<\/tr>\n<\/tbody>\n<\/table>\n<\/div><\/div><div class=\"w-separator size_small\"><\/div><div class=\"wpb_text_column\"><div class=\"wpb_wrapper\"><p>In continuare prezentam elementele care au influentat evolutia veniturilor (si prin urmare, mai accelerat a marjei brute):<\/p>\n<ol>\n<li><strong>\u00ceNCARCAREA MARE A ECHIPELOR DE IT<\/strong> &#8211; digitalizarea accelerata din ultimele 12-14 luni prin care au trecut multe din companiile care ne sunt clien\u021bi sau cre\u0219terea num\u0103rului de proiecte pe care acestea le implementeaz\u0103 la clien\u021bii lor, au generat o \u00eenc\u0103rcare foarte mare a echipelor \u0219i speciali\u0219tilor IT. Din aceast\u0103 cauz\u0103 ace\u0219tia fie nu au avut timp fizic, fie nu au avut motiva\u021bia necesar\u0103 s\u0103 solicite sau s\u0103 mearg\u0103 la training.<\/li>\n<li><strong>PRECAU\u021aIA CLIN\u021aILOR \u00ceN CHELTUIREA BUGETELOR<\/strong> \u2013 lipsa de predictibilitate, revenirea lent\u0103 a economiei (bazat\u0103 preponderent pe consum) a generat \u00een cazul multor clien\u021bi am\u00e2narea investi\u021biilor mai consistente \u00een training pentru finalul anului. Acest comportament rezervat, pe care de altfel \u00eel avem \u0219i noi, vine \u0219i pe fondul cre\u0219terii \u00eengrijor\u0103rilor legate de apari\u021bia valului 4 \u0219i pe cale de consecin\u021b\u0103 de o nou\u0103 perioad\u0103 cu restric\u021bii<\/li>\n<li><strong>SCHIMBAREA MODELULUI OPERA\u021aIONAL<\/strong> &#8211; pentru a r\u0103spunde schimb\u0103rilor generate de pandemie, \u0219i pentru a putea capitaliza pe oportunit\u0103\u021bile de pia\u021b\u0103 din viitor am schimbat semnificativ modelul de business \u0219i arhitectura organiza\u021biei. Practica de business arat\u0103 c\u0103 aceste schimb\u0103ri au nevoie de timp pentru a fi internalizate de organiza\u021bie si c\u0103 \u00een majoritatea cazurilor genereaz\u0103 <a ref=\"magnificPopup\" href=\"https:\/\/inplayer.com\/wp-content\/uploads\/2018\/09\/the-fish-model.png\" target=\"_blank\" rel=\"noopener\">curbe \u201epeste\u201d<\/a> \u00een rezultate. Cu alte cuvinte ne este mai r\u0103u, \u00eenainte de a ne fi mai bine.<\/li>\n<\/ol>\n<\/div><\/div><\/div><\/div><\/div><\/div><\/div><\/div><\/div><\/div><div class=\"vc_col-sm-4 wpb_column vc_column_container\"><div class=\"vc_column-inner\"><div class=\"wpb_wrapper\"><nav class=\"w-menu layout_ver style_blocks us_menu_1 with_children\" style=\"--main-gap:1.5rem;--main-ver-indent:0.8em;--main-hor-indent:0.8em;--main-bg-color:#f5f5f5;--main-color:inherit;--main-hover-bg-color:#8dbe65;--main-hover-color:#ffffff;--main-active-bg-color:#8dbe65;--main-active-color:#ffffff;--sub-gap:5px;\" id=\"first-simple-menu\"><ul id=\"menu-2q-2021\" class=\"menu\"><li id=\"menu-item-13564\" class=\"menu-item menu-item-type-post_type menu-item-object-page menu-item-13564\"><a href=\"https:\/\/investors.bittnet.ro\/rezultate-financiare\/2q-2021\/\">2q-2021<\/a><\/li><li id=\"menu-item-13713\" class=\"menu-item menu-item-type-custom menu-item-object-custom menu-item-13713\"><a href=\"https:\/\/investors.bittnet.ro\/wp-content\/uploads\/2021\/08\/Infografic-Raport-Semestrial-Bittnet-BNET-Semestrul-1-2021.pdf\">Infografic<\/a><\/li><li id=\"menu-item-13714\" class=\"menu-item menu-item-type-custom menu-item-object-custom menu-item-13714\"><a href=\"https:\/\/investors.bittnet.ro\/ro\/abonare-newsletter\/\">Abonare la Newsletter<\/a><\/li><\/ul><style>@media ( max-width:600px ){.us_menu_1 .menu{display:block!important}.us_menu_1 .menu>li:not(:last-child){margin:0 0 var(--main-gap,1.5rem)!important}}<\/style><\/nav><\/div><\/div><\/div><\/div><\/div><\/section>\n","protected":false},"excerpt":{"rendered":"3.3. Prezentarea \u015fi analizarea evenimentelor, tranzac\u0163iilor, schimb\u0103rilor economice care afecteaz\u0103 semnificativ veniturile din activitatea de baz\u0103. Precizarea m\u0103surii \u00een care au fost afectate veniturile de fiecare element identificat. Compara\u0163ie cu perioada corespunz\u0103toare a anului trecut. Divizia de Tehnologie 30-Jun-21 30-Jun-20 Evolutie Venituri din contracte cu clientii\u00a0\u00a0 42,403,154 49,635,969 -14.60% Venituri din prestarea de servicii 9,631,810...","protected":false},"author":13,"featured_media":0,"parent":13653,"menu_order":3,"comment_status":"closed","ping_status":"closed","template":"","meta":{"footnotes":""},"class_list":["post-13667","page","type-page","status-publish","hentry"],"yoast_head":"<!-- This site is optimized with the Yoast SEO plugin v20.8 - https:\/\/yoast.com\/wordpress\/plugins\/seo\/ -->\n<title>Evenimente care afecteaz\u0103 activitatea de baz\u0103 - Bittnet Group - s1 2021<\/title>\n<meta name=\"description\" content=\"Prezentarea \u015fi analizarea evenimentelor, tranzac\u0163iilor, schimb\u0103rilor economice care afecteaz\u0103 semnificativ veniturile din activitatea de baz\u0103.\" \/>\n<meta name=\"robots\" content=\"index, follow, max-snippet:-1, max-image-preview:large, max-video-preview:-1\" \/>\n<link rel=\"canonical\" href=\"https:\/\/investors.bittnet.ro\/en\/rezultate-financiare\/2q-2021\/analiza-activitatii-societatii-comerciale\/3-3-evenimente-care-afecteaza-activitatea-de-baza\/\" \/>\n<meta property=\"og:locale\" content=\"en_US\" \/>\n<meta property=\"og:type\" content=\"article\" \/>\n<meta property=\"og:title\" content=\"Evenimente care afecteaz\u0103 activitatea de baz\u0103 - Bittnet Group - s1 2021\" \/>\n<meta property=\"og:description\" content=\"Prezentarea \u015fi analizarea evenimentelor, tranzac\u0163iilor, schimb\u0103rilor economice care afecteaz\u0103 semnificativ veniturile din activitatea de baz\u0103.\" \/>\n<meta property=\"og:url\" content=\"https:\/\/investors.bittnet.ro\/en\/rezultate-financiare\/2q-2021\/analiza-activitatii-societatii-comerciale\/3-3-evenimente-care-afecteaza-activitatea-de-baza\/\" \/>\n<meta property=\"og:site_name\" content=\"Bittnet Investors Relations Site\" \/>\n<meta property=\"article:publisher\" content=\"https:\/\/www.facebook.com\/BittnetSystems\/\" \/>\n<meta property=\"article:modified_time\" content=\"2021-10-26T10:55:47+00:00\" \/>\n<meta name=\"twitter:card\" content=\"summary_large_image\" \/>\n<meta name=\"twitter:site\" content=\"@NA\" \/>\n<meta name=\"twitter:label1\" content=\"Est. reading time\" \/>\n\t<meta name=\"twitter:data1\" content=\"3 minutes\" \/>\n<script type=\"application\/ld+json\" class=\"yoast-schema-graph\">{\"@context\":\"https:\/\/schema.org\",\"@graph\":[{\"@type\":\"WebPage\",\"@id\":\"https:\/\/investors.bittnet.ro\/en\/rezultate-financiare\/2q-2021\/analiza-activitatii-societatii-comerciale\/3-3-evenimente-care-afecteaza-activitatea-de-baza\/\",\"url\":\"https:\/\/investors.bittnet.ro\/en\/rezultate-financiare\/2q-2021\/analiza-activitatii-societatii-comerciale\/3-3-evenimente-care-afecteaza-activitatea-de-baza\/\",\"name\":\"Evenimente care afecteaz\u0103 activitatea de baz\u0103 - Bittnet Group - s1 2021\",\"isPartOf\":{\"@id\":\"https:\/\/investors.bittnet.ro\/en\/#website\"},\"datePublished\":\"2021-08-23T13:26:26+00:00\",\"dateModified\":\"2021-10-26T10:55:47+00:00\",\"description\":\"Prezentarea \u015fi analizarea evenimentelor, tranzac\u0163iilor, schimb\u0103rilor economice care afecteaz\u0103 semnificativ veniturile din activitatea de baz\u0103.\",\"breadcrumb\":{\"@id\":\"https:\/\/investors.bittnet.ro\/en\/rezultate-financiare\/2q-2021\/analiza-activitatii-societatii-comerciale\/3-3-evenimente-care-afecteaza-activitatea-de-baza\/#breadcrumb\"},\"inLanguage\":\"en-US\",\"potentialAction\":[{\"@type\":\"ReadAction\",\"target\":[\"https:\/\/investors.bittnet.ro\/en\/rezultate-financiare\/2q-2021\/analiza-activitatii-societatii-comerciale\/3-3-evenimente-care-afecteaza-activitatea-de-baza\/\"]}]},{\"@type\":\"BreadcrumbList\",\"@id\":\"https:\/\/investors.bittnet.ro\/en\/rezultate-financiare\/2q-2021\/analiza-activitatii-societatii-comerciale\/3-3-evenimente-care-afecteaza-activitatea-de-baza\/#breadcrumb\",\"itemListElement\":[{\"@type\":\"ListItem\",\"position\":1,\"name\":\"Home\",\"item\":\"https:\/\/investors.bittnet.ro\/en\/\"},{\"@type\":\"ListItem\",\"position\":2,\"name\":\"Rezultate financiare\",\"item\":\"https:\/\/investors.bittnet.ro\/en\/rezultate-financiare\/\"},{\"@type\":\"ListItem\",\"position\":3,\"name\":\"2q-2021\",\"item\":\"https:\/\/investors.bittnet.ro\/en\/rezultate-financiare\/2q-2021\/\"},{\"@type\":\"ListItem\",\"position\":4,\"name\":\"Analiza activit\u0103\u0163ii societ\u0103\u0163ii comerciale\",\"item\":\"https:\/\/investors.bittnet.ro\/en\/rezultate-financiare\/2q-2021\/analiza-activitatii-societatii-comerciale\/\"},{\"@type\":\"ListItem\",\"position\":5,\"name\":\"3.3. Evenimente care afecteaz\u0103 activitatea de baz\u0103\"}]},{\"@type\":\"WebSite\",\"@id\":\"https:\/\/investors.bittnet.ro\/en\/#website\",\"url\":\"https:\/\/investors.bittnet.ro\/en\/\",\"name\":\"Bittnet Investors Relations Site\",\"description\":\"Your Value. Upgraded.\",\"publisher\":{\"@id\":\"https:\/\/investors.bittnet.ro\/en\/#organization\"},\"potentialAction\":[{\"@type\":\"SearchAction\",\"target\":{\"@type\":\"EntryPoint\",\"urlTemplate\":\"https:\/\/investors.bittnet.ro\/en\/?s={search_term_string}\"},\"query-input\":\"required name=search_term_string\"}],\"inLanguage\":\"en-US\"},{\"@type\":\"Organization\",\"@id\":\"https:\/\/investors.bittnet.ro\/en\/#organization\",\"name\":\"Bittnet Group\",\"url\":\"https:\/\/investors.bittnet.ro\/en\/\",\"logo\":{\"@type\":\"ImageObject\",\"inLanguage\":\"en-US\",\"@id\":\"https:\/\/investors.bittnet.ro\/en\/#\/schema\/logo\/image\/\",\"url\":\"https:\/\/investors.bittnet.ro\/wp-content\/uploads\/2019\/05\/logo-grup.png\",\"contentUrl\":\"https:\/\/investors.bittnet.ro\/wp-content\/uploads\/2019\/05\/logo-grup.png\",\"width\":807,\"height\":442,\"caption\":\"Bittnet Group\"},\"image\":{\"@id\":\"https:\/\/investors.bittnet.ro\/en\/#\/schema\/logo\/image\/\"},\"sameAs\":[\"https:\/\/www.facebook.com\/BittnetSystems\/\",\"https:\/\/twitter.com\/NA\",\"http:\/\/na\",\"https:\/\/www.linkedin.com\/company\/bittnet-group\/\",\"https:\/\/www.youtube.com\/user\/BittnetSystems\"]}]}<\/script>\n<!-- \/ Yoast SEO plugin. -->","yoast_head_json":{"title":"Evenimente care afecteaz\u0103 activitatea de baz\u0103 - Bittnet Group - s1 2021","description":"Prezentarea \u015fi analizarea evenimentelor, tranzac\u0163iilor, schimb\u0103rilor economice care afecteaz\u0103 semnificativ veniturile din activitatea de baz\u0103.","robots":{"index":"index","follow":"follow","max-snippet":"max-snippet:-1","max-image-preview":"max-image-preview:large","max-video-preview":"max-video-preview:-1"},"canonical":"https:\/\/investors.bittnet.ro\/en\/rezultate-financiare\/2q-2021\/analiza-activitatii-societatii-comerciale\/3-3-evenimente-care-afecteaza-activitatea-de-baza\/","og_locale":"en_US","og_type":"article","og_title":"Evenimente care afecteaz\u0103 activitatea de baz\u0103 - Bittnet Group - s1 2021","og_description":"Prezentarea \u015fi analizarea evenimentelor, tranzac\u0163iilor, schimb\u0103rilor economice care afecteaz\u0103 semnificativ veniturile din activitatea de baz\u0103.","og_url":"https:\/\/investors.bittnet.ro\/en\/rezultate-financiare\/2q-2021\/analiza-activitatii-societatii-comerciale\/3-3-evenimente-care-afecteaza-activitatea-de-baza\/","og_site_name":"Bittnet Investors Relations Site","article_publisher":"https:\/\/www.facebook.com\/BittnetSystems\/","article_modified_time":"2021-10-26T10:55:47+00:00","twitter_card":"summary_large_image","twitter_site":"@NA","twitter_misc":{"Est. reading time":"3 minutes"},"schema":{"@context":"https:\/\/schema.org","@graph":[{"@type":"WebPage","@id":"https:\/\/investors.bittnet.ro\/en\/rezultate-financiare\/2q-2021\/analiza-activitatii-societatii-comerciale\/3-3-evenimente-care-afecteaza-activitatea-de-baza\/","url":"https:\/\/investors.bittnet.ro\/en\/rezultate-financiare\/2q-2021\/analiza-activitatii-societatii-comerciale\/3-3-evenimente-care-afecteaza-activitatea-de-baza\/","name":"Evenimente care afecteaz\u0103 activitatea de baz\u0103 - Bittnet Group - s1 2021","isPartOf":{"@id":"https:\/\/investors.bittnet.ro\/en\/#website"},"datePublished":"2021-08-23T13:26:26+00:00","dateModified":"2021-10-26T10:55:47+00:00","description":"Prezentarea \u015fi analizarea evenimentelor, tranzac\u0163iilor, schimb\u0103rilor economice care afecteaz\u0103 semnificativ veniturile din activitatea de baz\u0103.","breadcrumb":{"@id":"https:\/\/investors.bittnet.ro\/en\/rezultate-financiare\/2q-2021\/analiza-activitatii-societatii-comerciale\/3-3-evenimente-care-afecteaza-activitatea-de-baza\/#breadcrumb"},"inLanguage":"en-US","potentialAction":[{"@type":"ReadAction","target":["https:\/\/investors.bittnet.ro\/en\/rezultate-financiare\/2q-2021\/analiza-activitatii-societatii-comerciale\/3-3-evenimente-care-afecteaza-activitatea-de-baza\/"]}]},{"@type":"BreadcrumbList","@id":"https:\/\/investors.bittnet.ro\/en\/rezultate-financiare\/2q-2021\/analiza-activitatii-societatii-comerciale\/3-3-evenimente-care-afecteaza-activitatea-de-baza\/#breadcrumb","itemListElement":[{"@type":"ListItem","position":1,"name":"Home","item":"https:\/\/investors.bittnet.ro\/en\/"},{"@type":"ListItem","position":2,"name":"Rezultate financiare","item":"https:\/\/investors.bittnet.ro\/en\/rezultate-financiare\/"},{"@type":"ListItem","position":3,"name":"2q-2021","item":"https:\/\/investors.bittnet.ro\/en\/rezultate-financiare\/2q-2021\/"},{"@type":"ListItem","position":4,"name":"Analiza activit\u0103\u0163ii societ\u0103\u0163ii comerciale","item":"https:\/\/investors.bittnet.ro\/en\/rezultate-financiare\/2q-2021\/analiza-activitatii-societatii-comerciale\/"},{"@type":"ListItem","position":5,"name":"3.3. Evenimente care afecteaz\u0103 activitatea de baz\u0103"}]},{"@type":"WebSite","@id":"https:\/\/investors.bittnet.ro\/en\/#website","url":"https:\/\/investors.bittnet.ro\/en\/","name":"Bittnet Investors Relations Site","description":"Your Value. Upgraded.","publisher":{"@id":"https:\/\/investors.bittnet.ro\/en\/#organization"},"potentialAction":[{"@type":"SearchAction","target":{"@type":"EntryPoint","urlTemplate":"https:\/\/investors.bittnet.ro\/en\/?s={search_term_string}"},"query-input":"required name=search_term_string"}],"inLanguage":"en-US"},{"@type":"Organization","@id":"https:\/\/investors.bittnet.ro\/en\/#organization","name":"Bittnet Group","url":"https:\/\/investors.bittnet.ro\/en\/","logo":{"@type":"ImageObject","inLanguage":"en-US","@id":"https:\/\/investors.bittnet.ro\/en\/#\/schema\/logo\/image\/","url":"https:\/\/investors.bittnet.ro\/wp-content\/uploads\/2019\/05\/logo-grup.png","contentUrl":"https:\/\/investors.bittnet.ro\/wp-content\/uploads\/2019\/05\/logo-grup.png","width":807,"height":442,"caption":"Bittnet Group"},"image":{"@id":"https:\/\/investors.bittnet.ro\/en\/#\/schema\/logo\/image\/"},"sameAs":["https:\/\/www.facebook.com\/BittnetSystems\/","https:\/\/twitter.com\/NA","http:\/\/na","https:\/\/www.linkedin.com\/company\/bittnet-group\/","https:\/\/www.youtube.com\/user\/BittnetSystems"]}]}},"_links":{"self":[{"href":"https:\/\/investors.bittnet.ro\/en\/wp-json\/wp\/v2\/pages\/13667","targetHints":{"allow":["GET"]}}],"collection":[{"href":"https:\/\/investors.bittnet.ro\/en\/wp-json\/wp\/v2\/pages"}],"about":[{"href":"https:\/\/investors.bittnet.ro\/en\/wp-json\/wp\/v2\/types\/page"}],"author":[{"embeddable":true,"href":"https:\/\/investors.bittnet.ro\/en\/wp-json\/wp\/v2\/users\/13"}],"replies":[{"embeddable":true,"href":"https:\/\/investors.bittnet.ro\/en\/wp-json\/wp\/v2\/comments?post=13667"}],"version-history":[{"count":7,"href":"https:\/\/investors.bittnet.ro\/en\/wp-json\/wp\/v2\/pages\/13667\/revisions"}],"predecessor-version":[{"id":14107,"href":"https:\/\/investors.bittnet.ro\/en\/wp-json\/wp\/v2\/pages\/13667\/revisions\/14107"}],"up":[{"embeddable":true,"href":"https:\/\/investors.bittnet.ro\/en\/wp-json\/wp\/v2\/pages\/13653"}],"wp:attachment":[{"href":"https:\/\/investors.bittnet.ro\/en\/wp-json\/wp\/v2\/media?parent=13667"}],"curies":[{"name":"wp","href":"https:\/\/api.w.org\/{rel}","templated":true}]}}