{"id":13664,"date":"2021-08-23T16:18:36","date_gmt":"2021-08-23T13:18:36","guid":{"rendered":"https:\/\/investors.bittnet.ro\/?page_id=13664"},"modified":"2021-10-26T13:55:30","modified_gmt":"2021-10-26T10:55:30","slug":"3-2-cheltuieli-de-capital","status":"publish","type":"page","link":"https:\/\/investors.bittnet.ro\/en\/rezultate-financiare\/2q-2021\/analiza-activitatii-societatii-comerciale\/3-2-cheltuieli-de-capital\/","title":{"rendered":"3.2. Cheltuieli de capital"},"content":{"rendered":"<section class=\"l-section wpb_row height_small\"><div class=\"l-section-h i-cf\"><div class=\"g-cols vc_row via_flex valign_top type_default stacking_default\"><div class=\"vc_col-sm-8 wpb_column vc_column_container\"><div class=\"vc_column-inner\"><div class=\"wpb_wrapper\"><div class=\"wpb_text_column\"><div class=\"wpb_wrapper\"><h1>3.2. Prezentarea \u015fi analizarea efectelor asupra situa\u0163iei financiare a societ\u0103\u0163ii comerciale a tuturor cheltuielilor de capital, curente sau anticipate (preciz\u00e2nd scopul \u015fi sursele de finan\u0163are a acestor cheltuieli), comparativ cu aceea\u015fi perioad\u0103 a anului trecut.<\/h1>\n<p>Conform celor aprobate de Adunarea generala pentru anul 2021, Compania are urmatoarele Bugete:<\/p>\n<h3>Buget Investitii<\/h3>\n<p>Achizitiile de active \/ investitiile vor fi dimensionate la 10.000.000 lei, cu conditia existentei surselor de finantare pentru punerea in aplicare. Planul de investitii include:<\/p>\n<ul>\n<li>Modernizarii continua a mediului de lucru si centrului de training<\/li>\n<li>Campanii de promovare a brandului Dendrio<\/li>\n<li>Continuarea achizitiilor de resurse IT &#8211; upgrade website si magazin online, programe informatice, infrastructura IT pentru uz intern etc<\/li>\n<li>Lansarea de platforme IT, produse destinate clientilor, jocuri de invatare, sisteme suport pentru interactia cu clientii<\/li>\n<li>Asigurarea functionarii constante a sistemelor IT si upgrade lor continuu la cele mai recente variante de lucru<\/li>\n<li>Oferirea de servicii de tip cloud si managed services clientii Societatii.<\/li>\n<\/ul>\n<p>Managementul societatii va depune toate diligentele necesare ca aceste operatiuni sa nu afecteze cashflow-ul companiei. In acest sens, se vor avea in vedere contracte de inchiriere negociate pentru majoritatea echipamentelor IT, mobilierului, etc &#8211; in acest caz contractele de inchiriere putand depasind cumulat pragul prevazut la Art 241 alin 2 din Legea 297 \/ 2004.<\/p>\n<p>In AGEA din noiembrie 2020 conducerea societatii a fost mandatata sa contracteze un nou spatiu de birouri in valoare maxima a chiriei totale aferente intregului spatiu de birouri de 500.000 (cincisutemii) Euro pe an, reprezentand pret \u2018all inclusive\u201d (mentenanta, servicii aditionale, fara a fi incluse costurile de amenajare, relocare, utilitati etc.); pentru o durata maxima a locatiunii este de 5 (cinci) ani de la semnarea contractului, cu posibilitatea de prelungire a acestuia.<\/p>\n<\/div><\/div><\/div><\/div><\/div><div class=\"vc_col-sm-4 wpb_column vc_column_container\"><div class=\"vc_column-inner\"><div class=\"wpb_wrapper\"><nav class=\"w-menu layout_ver style_blocks us_menu_1 with_children\" style=\"--main-gap:1.5rem;--main-ver-indent:0.8em;--main-hor-indent:0.8em;--main-bg-color:#f5f5f5;--main-color:inherit;--main-hover-bg-color:#8dbe65;--main-hover-color:#ffffff;--main-active-bg-color:#8dbe65;--main-active-color:#ffffff;--sub-gap:5px;\" id=\"first-simple-menu\"><ul id=\"menu-2q-2021\" class=\"menu\"><li id=\"menu-item-13564\" class=\"menu-item menu-item-type-post_type menu-item-object-page menu-item-13564\"><a href=\"https:\/\/investors.bittnet.ro\/rezultate-financiare\/2q-2021\/\">2q-2021<\/a><\/li><li id=\"menu-item-13713\" class=\"menu-item menu-item-type-custom menu-item-object-custom menu-item-13713\"><a href=\"https:\/\/investors.bittnet.ro\/wp-content\/uploads\/2021\/08\/Infografic-Raport-Semestrial-Bittnet-BNET-Semestrul-1-2021.pdf\">Infografic<\/a><\/li><li id=\"menu-item-13714\" class=\"menu-item menu-item-type-custom menu-item-object-custom menu-item-13714\"><a href=\"https:\/\/investors.bittnet.ro\/ro\/abonare-newsletter\/\">Abonare la Newsletter<\/a><\/li><\/ul><style>@media ( max-width:600px ){.us_menu_1 .menu{display:block!important}.us_menu_1 .menu>li:not(:last-child){margin:0 0 var(--main-gap,1.5rem)!important}}<\/style><\/nav><\/div><\/div><\/div><\/div><\/div><\/section>\n","protected":false},"excerpt":{"rendered":"3.2. Prezentarea \u015fi analizarea efectelor asupra situa\u0163iei financiare a societ\u0103\u0163ii comerciale a tuturor cheltuielilor de capital, curente sau anticipate (preciz\u00e2nd scopul \u015fi sursele de finan\u0163are a acestor cheltuieli), comparativ cu aceea\u015fi perioad\u0103 a anului trecut. Conform celor aprobate de Adunarea generala pentru anul 2021, Compania are urmatoarele Bugete: Buget Investitii Achizitiile de active \/ investitiile...","protected":false},"author":13,"featured_media":0,"parent":13653,"menu_order":2,"comment_status":"closed","ping_status":"closed","template":"","meta":{"footnotes":""},"class_list":["post-13664","page","type-page","status-publish","hentry"],"yoast_head":"<!-- This site is optimized with the Yoast SEO plugin v20.8 - https:\/\/yoast.com\/wordpress\/plugins\/seo\/ -->\n<title>Cheltuieli de capital curente sau anticipate - Bittnet Group - s1 2021<\/title>\n<meta name=\"description\" content=\"Prezentarea \u015fi analizarea efectelor asupra situa\u0163iei financiare a societ\u0103\u0163ii comerciale a tuturor cheltuielilor de capital, curente sau anticipate\" \/>\n<meta name=\"robots\" content=\"index, follow, max-snippet:-1, max-image-preview:large, max-video-preview:-1\" \/>\n<link rel=\"canonical\" href=\"https:\/\/investors.bittnet.ro\/en\/rezultate-financiare\/2q-2021\/analiza-activitatii-societatii-comerciale\/3-2-cheltuieli-de-capital\/\" \/>\n<meta property=\"og:locale\" content=\"en_US\" \/>\n<meta property=\"og:type\" content=\"article\" \/>\n<meta property=\"og:title\" content=\"Cheltuieli de capital curente sau anticipate - Bittnet Group - s1 2021\" \/>\n<meta property=\"og:description\" content=\"Prezentarea \u015fi analizarea efectelor asupra situa\u0163iei financiare a societ\u0103\u0163ii comerciale a tuturor cheltuielilor de capital, curente sau anticipate\" \/>\n<meta property=\"og:url\" content=\"https:\/\/investors.bittnet.ro\/en\/rezultate-financiare\/2q-2021\/analiza-activitatii-societatii-comerciale\/3-2-cheltuieli-de-capital\/\" \/>\n<meta property=\"og:site_name\" content=\"Bittnet Investors Relations Site\" \/>\n<meta property=\"article:publisher\" content=\"https:\/\/www.facebook.com\/BittnetSystems\/\" \/>\n<meta property=\"article:modified_time\" content=\"2021-10-26T10:55:30+00:00\" \/>\n<meta name=\"twitter:card\" content=\"summary_large_image\" \/>\n<meta name=\"twitter:site\" content=\"@NA\" \/>\n<meta name=\"twitter:label1\" content=\"Est. reading time\" \/>\n\t<meta name=\"twitter:data1\" content=\"2 minutes\" \/>\n<script type=\"application\/ld+json\" class=\"yoast-schema-graph\">{\"@context\":\"https:\/\/schema.org\",\"@graph\":[{\"@type\":\"WebPage\",\"@id\":\"https:\/\/investors.bittnet.ro\/en\/rezultate-financiare\/2q-2021\/analiza-activitatii-societatii-comerciale\/3-2-cheltuieli-de-capital\/\",\"url\":\"https:\/\/investors.bittnet.ro\/en\/rezultate-financiare\/2q-2021\/analiza-activitatii-societatii-comerciale\/3-2-cheltuieli-de-capital\/\",\"name\":\"Cheltuieli de capital curente sau anticipate - Bittnet Group - s1 2021\",\"isPartOf\":{\"@id\":\"https:\/\/investors.bittnet.ro\/en\/#website\"},\"datePublished\":\"2021-08-23T13:18:36+00:00\",\"dateModified\":\"2021-10-26T10:55:30+00:00\",\"description\":\"Prezentarea \u015fi analizarea efectelor asupra situa\u0163iei financiare a societ\u0103\u0163ii comerciale a tuturor cheltuielilor de capital, curente sau anticipate\",\"breadcrumb\":{\"@id\":\"https:\/\/investors.bittnet.ro\/en\/rezultate-financiare\/2q-2021\/analiza-activitatii-societatii-comerciale\/3-2-cheltuieli-de-capital\/#breadcrumb\"},\"inLanguage\":\"en-US\",\"potentialAction\":[{\"@type\":\"ReadAction\",\"target\":[\"https:\/\/investors.bittnet.ro\/en\/rezultate-financiare\/2q-2021\/analiza-activitatii-societatii-comerciale\/3-2-cheltuieli-de-capital\/\"]}]},{\"@type\":\"BreadcrumbList\",\"@id\":\"https:\/\/investors.bittnet.ro\/en\/rezultate-financiare\/2q-2021\/analiza-activitatii-societatii-comerciale\/3-2-cheltuieli-de-capital\/#breadcrumb\",\"itemListElement\":[{\"@type\":\"ListItem\",\"position\":1,\"name\":\"Home\",\"item\":\"https:\/\/investors.bittnet.ro\/en\/\"},{\"@type\":\"ListItem\",\"position\":2,\"name\":\"Rezultate financiare\",\"item\":\"https:\/\/investors.bittnet.ro\/en\/rezultate-financiare\/\"},{\"@type\":\"ListItem\",\"position\":3,\"name\":\"2q-2021\",\"item\":\"https:\/\/investors.bittnet.ro\/en\/rezultate-financiare\/2q-2021\/\"},{\"@type\":\"ListItem\",\"position\":4,\"name\":\"Analiza activit\u0103\u0163ii societ\u0103\u0163ii comerciale\",\"item\":\"https:\/\/investors.bittnet.ro\/en\/rezultate-financiare\/2q-2021\/analiza-activitatii-societatii-comerciale\/\"},{\"@type\":\"ListItem\",\"position\":5,\"name\":\"3.2. Cheltuieli de capital\"}]},{\"@type\":\"WebSite\",\"@id\":\"https:\/\/investors.bittnet.ro\/en\/#website\",\"url\":\"https:\/\/investors.bittnet.ro\/en\/\",\"name\":\"Bittnet Investors Relations Site\",\"description\":\"Your Value. Upgraded.\",\"publisher\":{\"@id\":\"https:\/\/investors.bittnet.ro\/en\/#organization\"},\"potentialAction\":[{\"@type\":\"SearchAction\",\"target\":{\"@type\":\"EntryPoint\",\"urlTemplate\":\"https:\/\/investors.bittnet.ro\/en\/?s={search_term_string}\"},\"query-input\":\"required name=search_term_string\"}],\"inLanguage\":\"en-US\"},{\"@type\":\"Organization\",\"@id\":\"https:\/\/investors.bittnet.ro\/en\/#organization\",\"name\":\"Bittnet Group\",\"url\":\"https:\/\/investors.bittnet.ro\/en\/\",\"logo\":{\"@type\":\"ImageObject\",\"inLanguage\":\"en-US\",\"@id\":\"https:\/\/investors.bittnet.ro\/en\/#\/schema\/logo\/image\/\",\"url\":\"https:\/\/investors.bittnet.ro\/wp-content\/uploads\/2019\/05\/logo-grup.png\",\"contentUrl\":\"https:\/\/investors.bittnet.ro\/wp-content\/uploads\/2019\/05\/logo-grup.png\",\"width\":807,\"height\":442,\"caption\":\"Bittnet Group\"},\"image\":{\"@id\":\"https:\/\/investors.bittnet.ro\/en\/#\/schema\/logo\/image\/\"},\"sameAs\":[\"https:\/\/www.facebook.com\/BittnetSystems\/\",\"https:\/\/twitter.com\/NA\",\"http:\/\/na\",\"https:\/\/www.linkedin.com\/company\/bittnet-group\/\",\"https:\/\/www.youtube.com\/user\/BittnetSystems\"]}]}<\/script>\n<!-- \/ Yoast SEO plugin. -->","yoast_head_json":{"title":"Cheltuieli de capital curente sau anticipate - Bittnet Group - s1 2021","description":"Prezentarea \u015fi analizarea efectelor asupra situa\u0163iei financiare a societ\u0103\u0163ii comerciale a tuturor cheltuielilor de capital, curente sau anticipate","robots":{"index":"index","follow":"follow","max-snippet":"max-snippet:-1","max-image-preview":"max-image-preview:large","max-video-preview":"max-video-preview:-1"},"canonical":"https:\/\/investors.bittnet.ro\/en\/rezultate-financiare\/2q-2021\/analiza-activitatii-societatii-comerciale\/3-2-cheltuieli-de-capital\/","og_locale":"en_US","og_type":"article","og_title":"Cheltuieli de capital curente sau anticipate - Bittnet Group - s1 2021","og_description":"Prezentarea \u015fi analizarea efectelor asupra situa\u0163iei financiare a societ\u0103\u0163ii comerciale a tuturor cheltuielilor de capital, curente sau anticipate","og_url":"https:\/\/investors.bittnet.ro\/en\/rezultate-financiare\/2q-2021\/analiza-activitatii-societatii-comerciale\/3-2-cheltuieli-de-capital\/","og_site_name":"Bittnet Investors Relations Site","article_publisher":"https:\/\/www.facebook.com\/BittnetSystems\/","article_modified_time":"2021-10-26T10:55:30+00:00","twitter_card":"summary_large_image","twitter_site":"@NA","twitter_misc":{"Est. reading time":"2 minutes"},"schema":{"@context":"https:\/\/schema.org","@graph":[{"@type":"WebPage","@id":"https:\/\/investors.bittnet.ro\/en\/rezultate-financiare\/2q-2021\/analiza-activitatii-societatii-comerciale\/3-2-cheltuieli-de-capital\/","url":"https:\/\/investors.bittnet.ro\/en\/rezultate-financiare\/2q-2021\/analiza-activitatii-societatii-comerciale\/3-2-cheltuieli-de-capital\/","name":"Cheltuieli de capital curente sau anticipate - Bittnet Group - s1 2021","isPartOf":{"@id":"https:\/\/investors.bittnet.ro\/en\/#website"},"datePublished":"2021-08-23T13:18:36+00:00","dateModified":"2021-10-26T10:55:30+00:00","description":"Prezentarea \u015fi analizarea efectelor asupra situa\u0163iei financiare a societ\u0103\u0163ii comerciale a tuturor cheltuielilor de capital, curente sau anticipate","breadcrumb":{"@id":"https:\/\/investors.bittnet.ro\/en\/rezultate-financiare\/2q-2021\/analiza-activitatii-societatii-comerciale\/3-2-cheltuieli-de-capital\/#breadcrumb"},"inLanguage":"en-US","potentialAction":[{"@type":"ReadAction","target":["https:\/\/investors.bittnet.ro\/en\/rezultate-financiare\/2q-2021\/analiza-activitatii-societatii-comerciale\/3-2-cheltuieli-de-capital\/"]}]},{"@type":"BreadcrumbList","@id":"https:\/\/investors.bittnet.ro\/en\/rezultate-financiare\/2q-2021\/analiza-activitatii-societatii-comerciale\/3-2-cheltuieli-de-capital\/#breadcrumb","itemListElement":[{"@type":"ListItem","position":1,"name":"Home","item":"https:\/\/investors.bittnet.ro\/en\/"},{"@type":"ListItem","position":2,"name":"Rezultate financiare","item":"https:\/\/investors.bittnet.ro\/en\/rezultate-financiare\/"},{"@type":"ListItem","position":3,"name":"2q-2021","item":"https:\/\/investors.bittnet.ro\/en\/rezultate-financiare\/2q-2021\/"},{"@type":"ListItem","position":4,"name":"Analiza activit\u0103\u0163ii societ\u0103\u0163ii comerciale","item":"https:\/\/investors.bittnet.ro\/en\/rezultate-financiare\/2q-2021\/analiza-activitatii-societatii-comerciale\/"},{"@type":"ListItem","position":5,"name":"3.2. Cheltuieli de capital"}]},{"@type":"WebSite","@id":"https:\/\/investors.bittnet.ro\/en\/#website","url":"https:\/\/investors.bittnet.ro\/en\/","name":"Bittnet Investors Relations Site","description":"Your Value. Upgraded.","publisher":{"@id":"https:\/\/investors.bittnet.ro\/en\/#organization"},"potentialAction":[{"@type":"SearchAction","target":{"@type":"EntryPoint","urlTemplate":"https:\/\/investors.bittnet.ro\/en\/?s={search_term_string}"},"query-input":"required name=search_term_string"}],"inLanguage":"en-US"},{"@type":"Organization","@id":"https:\/\/investors.bittnet.ro\/en\/#organization","name":"Bittnet Group","url":"https:\/\/investors.bittnet.ro\/en\/","logo":{"@type":"ImageObject","inLanguage":"en-US","@id":"https:\/\/investors.bittnet.ro\/en\/#\/schema\/logo\/image\/","url":"https:\/\/investors.bittnet.ro\/wp-content\/uploads\/2019\/05\/logo-grup.png","contentUrl":"https:\/\/investors.bittnet.ro\/wp-content\/uploads\/2019\/05\/logo-grup.png","width":807,"height":442,"caption":"Bittnet Group"},"image":{"@id":"https:\/\/investors.bittnet.ro\/en\/#\/schema\/logo\/image\/"},"sameAs":["https:\/\/www.facebook.com\/BittnetSystems\/","https:\/\/twitter.com\/NA","http:\/\/na","https:\/\/www.linkedin.com\/company\/bittnet-group\/","https:\/\/www.youtube.com\/user\/BittnetSystems"]}]}},"_links":{"self":[{"href":"https:\/\/investors.bittnet.ro\/en\/wp-json\/wp\/v2\/pages\/13664","targetHints":{"allow":["GET"]}}],"collection":[{"href":"https:\/\/investors.bittnet.ro\/en\/wp-json\/wp\/v2\/pages"}],"about":[{"href":"https:\/\/investors.bittnet.ro\/en\/wp-json\/wp\/v2\/types\/page"}],"author":[{"embeddable":true,"href":"https:\/\/investors.bittnet.ro\/en\/wp-json\/wp\/v2\/users\/13"}],"replies":[{"embeddable":true,"href":"https:\/\/investors.bittnet.ro\/en\/wp-json\/wp\/v2\/comments?post=13664"}],"version-history":[{"count":4,"href":"https:\/\/investors.bittnet.ro\/en\/wp-json\/wp\/v2\/pages\/13664\/revisions"}],"predecessor-version":[{"id":14106,"href":"https:\/\/investors.bittnet.ro\/en\/wp-json\/wp\/v2\/pages\/13664\/revisions\/14106"}],"up":[{"embeddable":true,"href":"https:\/\/investors.bittnet.ro\/en\/wp-json\/wp\/v2\/pages\/13653"}],"wp:attachment":[{"href":"https:\/\/investors.bittnet.ro\/en\/wp-json\/wp\/v2\/media?parent=13664"}],"curies":[{"name":"wp","href":"https:\/\/api.w.org\/{rel}","templated":true}]}}