{"id":13658,"date":"2021-08-23T16:15:04","date_gmt":"2021-08-23T13:15:04","guid":{"rendered":"https:\/\/investors.bittnet.ro\/?page_id=13658"},"modified":"2021-10-26T13:55:17","modified_gmt":"2021-10-26T10:55:17","slug":"3-1-evenimente-ce-afecteaza-lichiditatea","status":"publish","type":"page","link":"https:\/\/investors.bittnet.ro\/en\/rezultate-financiare\/2q-2021\/analiza-activitatii-societatii-comerciale\/3-1-evenimente-ce-afecteaza-lichiditatea\/","title":{"rendered":"3.1. Evenimente ce afecteaz\u0103 lichiditatea"},"content":{"rendered":"<section class=\"l-section wpb_row height_small\"><div class=\"l-section-h i-cf\"><div class=\"g-cols vc_row via_flex valign_top type_default stacking_default\"><div class=\"vc_col-sm-8 wpb_column vc_column_container\"><div class=\"vc_column-inner\"><div class=\"wpb_wrapper\"><div class=\"wpb_text_column\"><div class=\"wpb_wrapper\"><h1>3.1. Prezentarea \u015fi analizarea tendin\u0163elor, elementelor, evenimentelor sau factorilor de incertitudine ce afecteaz\u0103 sau ar putea afecta lichiditatea societ\u0103\u0163ii comerciale, comparativ cu aceea\u015fi perioad\u0103 a anului trecut.<\/h1>\n<p>Nu exista diferente semnificative intre mediul de business in care activam in 2021 versus 2020 din punct de vedere al efectelor potentiale asupra indicatorilor de lichiditate ai grupului. Ca dovada atat lichiditatea cat si durata medie de incasare a clientilor inregistreaza valori similare cu cele inregistrate anterior:<\/p>\n<\/div><\/div><div class=\"w-separator size_small\"><\/div><div class=\"w-image align_none\"><div class=\"w-image-h\"><img decoding=\"async\" width=\"1024\" height=\"338\" src=\"https:\/\/investors.bittnet.ro\/wp-content\/uploads\/2021\/08\/Lichiditate-1024x338.jpg\" class=\"attachment-large size-large\" alt=\"\" loading=\"lazy\" srcset=\"https:\/\/investors.bittnet.ro\/wp-content\/uploads\/2021\/08\/Lichiditate-1024x338.jpg 1024w, https:\/\/investors.bittnet.ro\/wp-content\/uploads\/2021\/08\/Lichiditate-300x99.jpg 300w, https:\/\/investors.bittnet.ro\/wp-content\/uploads\/2021\/08\/Lichiditate.jpg 1034w\" sizes=\"auto, (max-width: 1024px) 100vw, 1024px\" \/><\/div><\/div><div class=\"w-separator size_small\"><\/div><div class=\"wpb_text_column\"><div class=\"wpb_wrapper\"><p>Lichiditatea curent\u0103 \u0219i lichiditatea rapid\u0103 reprezint\u0103 dou\u0103 dintre cele mai importante rate financiare ale unei companii \u0219i masoar\u0103 capacitatea acesteia de a pl\u0103ti datoriile pe termen scurt utiliz\u00e2nd activele disponibile pe termen scurt.<\/p>\n<p>Nivelul ridicat al ratelor lichidit\u0103\u021bii presupune o pondere redus\u0103 a activelor fixe \u0219i o perioad\u0103 mai scurt\u0103 pentru valorificarea serviciilor v\u00e2ndute de c\u0103tre companie care se traduce printr-o utilizare mai eficient\u0103 a capitalului de lucru. \u00cen situa\u021bia de fa\u021b\u0103 activitatea curent\u0103 \u0219i capitalul de lucru nu sunt dependente de finan\u021barea din creditele pe termen scurt.<\/p>\n<\/div><\/div><\/div><\/div><\/div><div class=\"vc_col-sm-4 wpb_column vc_column_container\"><div class=\"vc_column-inner\"><div class=\"wpb_wrapper\"><nav class=\"w-menu layout_ver style_blocks us_menu_1 with_children\" style=\"--main-gap:1.5rem;--main-ver-indent:0.8em;--main-hor-indent:0.8em;--main-bg-color:#f5f5f5;--main-color:inherit;--main-hover-bg-color:#8dbe65;--main-hover-color:#ffffff;--main-active-bg-color:#8dbe65;--main-active-color:#ffffff;--sub-gap:5px;\" id=\"first-simple-menu\"><ul id=\"menu-2q-2021\" class=\"menu\"><li id=\"menu-item-13564\" class=\"menu-item menu-item-type-post_type menu-item-object-page menu-item-13564\"><a href=\"https:\/\/investors.bittnet.ro\/rezultate-financiare\/2q-2021\/\">2q-2021<\/a><\/li><li id=\"menu-item-13713\" class=\"menu-item menu-item-type-custom menu-item-object-custom menu-item-13713\"><a href=\"https:\/\/investors.bittnet.ro\/wp-content\/uploads\/2021\/08\/Infografic-Raport-Semestrial-Bittnet-BNET-Semestrul-1-2021.pdf\">Infografic<\/a><\/li><li id=\"menu-item-13714\" class=\"menu-item menu-item-type-custom menu-item-object-custom menu-item-13714\"><a href=\"https:\/\/investors.bittnet.ro\/ro\/abonare-newsletter\/\">Abonare la Newsletter<\/a><\/li><\/ul><style>@media ( max-width:600px ){.us_menu_1 .menu{display:block!important}.us_menu_1 .menu>li:not(:last-child){margin:0 0 var(--main-gap,1.5rem)!important}}<\/style><\/nav><\/div><\/div><\/div><\/div><\/div><\/section>\n","protected":false},"excerpt":{"rendered":"3.1. Prezentarea \u015fi analizarea tendin\u0163elor, elementelor, evenimentelor sau factorilor de incertitudine ce afecteaz\u0103 sau ar putea afecta lichiditatea societ\u0103\u0163ii comerciale, comparativ cu aceea\u015fi perioad\u0103 a anului trecut. Nu exista diferente semnificative intre mediul de business in care activam in 2021 versus 2020 din punct de vedere al efectelor potentiale asupra indicatorilor de lichiditate ai grupului....","protected":false},"author":13,"featured_media":0,"parent":13653,"menu_order":1,"comment_status":"closed","ping_status":"closed","template":"","meta":{"footnotes":""},"class_list":["post-13658","page","type-page","status-publish","hentry"],"yoast_head":"<!-- This site is optimized with the Yoast SEO plugin v20.8 - https:\/\/yoast.com\/wordpress\/plugins\/seo\/ -->\n<title>Evenimente ce afecteaz\u0103 lichiditatea - Bittnet Group - s1 2021<\/title>\n<meta name=\"description\" content=\"Prezentarea \u015fi analizarea tendin\u0163elor, elementelor, evenimentelor sau factorilor de incertitudine ce afecteaz\u0103 sau ar putea afecta lichiditatea\" \/>\n<meta name=\"robots\" content=\"index, follow, max-snippet:-1, max-image-preview:large, max-video-preview:-1\" \/>\n<link rel=\"canonical\" href=\"https:\/\/investors.bittnet.ro\/en\/rezultate-financiare\/2q-2021\/analiza-activitatii-societatii-comerciale\/3-1-evenimente-ce-afecteaza-lichiditatea\/\" \/>\n<meta property=\"og:locale\" content=\"en_US\" \/>\n<meta property=\"og:type\" content=\"article\" \/>\n<meta property=\"og:title\" content=\"Evenimente ce afecteaz\u0103 lichiditatea - Bittnet Group - s1 2021\" \/>\n<meta property=\"og:description\" content=\"Prezentarea \u015fi analizarea tendin\u0163elor, elementelor, evenimentelor sau factorilor de incertitudine ce afecteaz\u0103 sau ar putea afecta lichiditatea\" \/>\n<meta property=\"og:url\" content=\"https:\/\/investors.bittnet.ro\/en\/rezultate-financiare\/2q-2021\/analiza-activitatii-societatii-comerciale\/3-1-evenimente-ce-afecteaza-lichiditatea\/\" \/>\n<meta property=\"og:site_name\" content=\"Bittnet Investors Relations Site\" \/>\n<meta property=\"article:publisher\" content=\"https:\/\/www.facebook.com\/BittnetSystems\/\" \/>\n<meta property=\"article:modified_time\" content=\"2021-10-26T10:55:17+00:00\" \/>\n<meta name=\"twitter:card\" content=\"summary_large_image\" \/>\n<meta name=\"twitter:site\" content=\"@NA\" \/>\n<meta name=\"twitter:label1\" content=\"Est. reading time\" \/>\n\t<meta name=\"twitter:data1\" content=\"1 minute\" \/>\n<script type=\"application\/ld+json\" class=\"yoast-schema-graph\">{\"@context\":\"https:\/\/schema.org\",\"@graph\":[{\"@type\":\"WebPage\",\"@id\":\"https:\/\/investors.bittnet.ro\/en\/rezultate-financiare\/2q-2021\/analiza-activitatii-societatii-comerciale\/3-1-evenimente-ce-afecteaza-lichiditatea\/\",\"url\":\"https:\/\/investors.bittnet.ro\/en\/rezultate-financiare\/2q-2021\/analiza-activitatii-societatii-comerciale\/3-1-evenimente-ce-afecteaza-lichiditatea\/\",\"name\":\"Evenimente ce afecteaz\u0103 lichiditatea - Bittnet Group - s1 2021\",\"isPartOf\":{\"@id\":\"https:\/\/investors.bittnet.ro\/en\/#website\"},\"datePublished\":\"2021-08-23T13:15:04+00:00\",\"dateModified\":\"2021-10-26T10:55:17+00:00\",\"description\":\"Prezentarea \u015fi analizarea tendin\u0163elor, elementelor, evenimentelor sau factorilor de incertitudine ce afecteaz\u0103 sau ar putea afecta lichiditatea\",\"breadcrumb\":{\"@id\":\"https:\/\/investors.bittnet.ro\/en\/rezultate-financiare\/2q-2021\/analiza-activitatii-societatii-comerciale\/3-1-evenimente-ce-afecteaza-lichiditatea\/#breadcrumb\"},\"inLanguage\":\"en-US\",\"potentialAction\":[{\"@type\":\"ReadAction\",\"target\":[\"https:\/\/investors.bittnet.ro\/en\/rezultate-financiare\/2q-2021\/analiza-activitatii-societatii-comerciale\/3-1-evenimente-ce-afecteaza-lichiditatea\/\"]}]},{\"@type\":\"BreadcrumbList\",\"@id\":\"https:\/\/investors.bittnet.ro\/en\/rezultate-financiare\/2q-2021\/analiza-activitatii-societatii-comerciale\/3-1-evenimente-ce-afecteaza-lichiditatea\/#breadcrumb\",\"itemListElement\":[{\"@type\":\"ListItem\",\"position\":1,\"name\":\"Home\",\"item\":\"https:\/\/investors.bittnet.ro\/en\/\"},{\"@type\":\"ListItem\",\"position\":2,\"name\":\"Rezultate financiare\",\"item\":\"https:\/\/investors.bittnet.ro\/en\/rezultate-financiare\/\"},{\"@type\":\"ListItem\",\"position\":3,\"name\":\"2q-2021\",\"item\":\"https:\/\/investors.bittnet.ro\/en\/rezultate-financiare\/2q-2021\/\"},{\"@type\":\"ListItem\",\"position\":4,\"name\":\"Analiza activit\u0103\u0163ii societ\u0103\u0163ii comerciale\",\"item\":\"https:\/\/investors.bittnet.ro\/en\/rezultate-financiare\/2q-2021\/analiza-activitatii-societatii-comerciale\/\"},{\"@type\":\"ListItem\",\"position\":5,\"name\":\"3.1. Evenimente ce afecteaz\u0103 lichiditatea\"}]},{\"@type\":\"WebSite\",\"@id\":\"https:\/\/investors.bittnet.ro\/en\/#website\",\"url\":\"https:\/\/investors.bittnet.ro\/en\/\",\"name\":\"Bittnet Investors Relations Site\",\"description\":\"Your Value. Upgraded.\",\"publisher\":{\"@id\":\"https:\/\/investors.bittnet.ro\/en\/#organization\"},\"potentialAction\":[{\"@type\":\"SearchAction\",\"target\":{\"@type\":\"EntryPoint\",\"urlTemplate\":\"https:\/\/investors.bittnet.ro\/en\/?s={search_term_string}\"},\"query-input\":\"required name=search_term_string\"}],\"inLanguage\":\"en-US\"},{\"@type\":\"Organization\",\"@id\":\"https:\/\/investors.bittnet.ro\/en\/#organization\",\"name\":\"Bittnet Group\",\"url\":\"https:\/\/investors.bittnet.ro\/en\/\",\"logo\":{\"@type\":\"ImageObject\",\"inLanguage\":\"en-US\",\"@id\":\"https:\/\/investors.bittnet.ro\/en\/#\/schema\/logo\/image\/\",\"url\":\"https:\/\/investors.bittnet.ro\/wp-content\/uploads\/2019\/05\/logo-grup.png\",\"contentUrl\":\"https:\/\/investors.bittnet.ro\/wp-content\/uploads\/2019\/05\/logo-grup.png\",\"width\":807,\"height\":442,\"caption\":\"Bittnet Group\"},\"image\":{\"@id\":\"https:\/\/investors.bittnet.ro\/en\/#\/schema\/logo\/image\/\"},\"sameAs\":[\"https:\/\/www.facebook.com\/BittnetSystems\/\",\"https:\/\/twitter.com\/NA\",\"http:\/\/na\",\"https:\/\/www.linkedin.com\/company\/bittnet-group\/\",\"https:\/\/www.youtube.com\/user\/BittnetSystems\"]}]}<\/script>\n<!-- \/ Yoast SEO plugin. -->","yoast_head_json":{"title":"Evenimente ce afecteaz\u0103 lichiditatea - Bittnet Group - s1 2021","description":"Prezentarea \u015fi analizarea tendin\u0163elor, elementelor, evenimentelor sau factorilor de incertitudine ce afecteaz\u0103 sau ar putea afecta lichiditatea","robots":{"index":"index","follow":"follow","max-snippet":"max-snippet:-1","max-image-preview":"max-image-preview:large","max-video-preview":"max-video-preview:-1"},"canonical":"https:\/\/investors.bittnet.ro\/en\/rezultate-financiare\/2q-2021\/analiza-activitatii-societatii-comerciale\/3-1-evenimente-ce-afecteaza-lichiditatea\/","og_locale":"en_US","og_type":"article","og_title":"Evenimente ce afecteaz\u0103 lichiditatea - Bittnet Group - s1 2021","og_description":"Prezentarea \u015fi analizarea tendin\u0163elor, elementelor, evenimentelor sau factorilor de incertitudine ce afecteaz\u0103 sau ar putea afecta lichiditatea","og_url":"https:\/\/investors.bittnet.ro\/en\/rezultate-financiare\/2q-2021\/analiza-activitatii-societatii-comerciale\/3-1-evenimente-ce-afecteaza-lichiditatea\/","og_site_name":"Bittnet Investors Relations Site","article_publisher":"https:\/\/www.facebook.com\/BittnetSystems\/","article_modified_time":"2021-10-26T10:55:17+00:00","twitter_card":"summary_large_image","twitter_site":"@NA","twitter_misc":{"Est. reading time":"1 minute"},"schema":{"@context":"https:\/\/schema.org","@graph":[{"@type":"WebPage","@id":"https:\/\/investors.bittnet.ro\/en\/rezultate-financiare\/2q-2021\/analiza-activitatii-societatii-comerciale\/3-1-evenimente-ce-afecteaza-lichiditatea\/","url":"https:\/\/investors.bittnet.ro\/en\/rezultate-financiare\/2q-2021\/analiza-activitatii-societatii-comerciale\/3-1-evenimente-ce-afecteaza-lichiditatea\/","name":"Evenimente ce afecteaz\u0103 lichiditatea - Bittnet Group - s1 2021","isPartOf":{"@id":"https:\/\/investors.bittnet.ro\/en\/#website"},"datePublished":"2021-08-23T13:15:04+00:00","dateModified":"2021-10-26T10:55:17+00:00","description":"Prezentarea \u015fi analizarea tendin\u0163elor, elementelor, evenimentelor sau factorilor de incertitudine ce afecteaz\u0103 sau ar putea afecta lichiditatea","breadcrumb":{"@id":"https:\/\/investors.bittnet.ro\/en\/rezultate-financiare\/2q-2021\/analiza-activitatii-societatii-comerciale\/3-1-evenimente-ce-afecteaza-lichiditatea\/#breadcrumb"},"inLanguage":"en-US","potentialAction":[{"@type":"ReadAction","target":["https:\/\/investors.bittnet.ro\/en\/rezultate-financiare\/2q-2021\/analiza-activitatii-societatii-comerciale\/3-1-evenimente-ce-afecteaza-lichiditatea\/"]}]},{"@type":"BreadcrumbList","@id":"https:\/\/investors.bittnet.ro\/en\/rezultate-financiare\/2q-2021\/analiza-activitatii-societatii-comerciale\/3-1-evenimente-ce-afecteaza-lichiditatea\/#breadcrumb","itemListElement":[{"@type":"ListItem","position":1,"name":"Home","item":"https:\/\/investors.bittnet.ro\/en\/"},{"@type":"ListItem","position":2,"name":"Rezultate financiare","item":"https:\/\/investors.bittnet.ro\/en\/rezultate-financiare\/"},{"@type":"ListItem","position":3,"name":"2q-2021","item":"https:\/\/investors.bittnet.ro\/en\/rezultate-financiare\/2q-2021\/"},{"@type":"ListItem","position":4,"name":"Analiza activit\u0103\u0163ii societ\u0103\u0163ii comerciale","item":"https:\/\/investors.bittnet.ro\/en\/rezultate-financiare\/2q-2021\/analiza-activitatii-societatii-comerciale\/"},{"@type":"ListItem","position":5,"name":"3.1. Evenimente ce afecteaz\u0103 lichiditatea"}]},{"@type":"WebSite","@id":"https:\/\/investors.bittnet.ro\/en\/#website","url":"https:\/\/investors.bittnet.ro\/en\/","name":"Bittnet Investors Relations Site","description":"Your Value. Upgraded.","publisher":{"@id":"https:\/\/investors.bittnet.ro\/en\/#organization"},"potentialAction":[{"@type":"SearchAction","target":{"@type":"EntryPoint","urlTemplate":"https:\/\/investors.bittnet.ro\/en\/?s={search_term_string}"},"query-input":"required name=search_term_string"}],"inLanguage":"en-US"},{"@type":"Organization","@id":"https:\/\/investors.bittnet.ro\/en\/#organization","name":"Bittnet Group","url":"https:\/\/investors.bittnet.ro\/en\/","logo":{"@type":"ImageObject","inLanguage":"en-US","@id":"https:\/\/investors.bittnet.ro\/en\/#\/schema\/logo\/image\/","url":"https:\/\/investors.bittnet.ro\/wp-content\/uploads\/2019\/05\/logo-grup.png","contentUrl":"https:\/\/investors.bittnet.ro\/wp-content\/uploads\/2019\/05\/logo-grup.png","width":807,"height":442,"caption":"Bittnet Group"},"image":{"@id":"https:\/\/investors.bittnet.ro\/en\/#\/schema\/logo\/image\/"},"sameAs":["https:\/\/www.facebook.com\/BittnetSystems\/","https:\/\/twitter.com\/NA","http:\/\/na","https:\/\/www.linkedin.com\/company\/bittnet-group\/","https:\/\/www.youtube.com\/user\/BittnetSystems"]}]}},"_links":{"self":[{"href":"https:\/\/investors.bittnet.ro\/en\/wp-json\/wp\/v2\/pages\/13658","targetHints":{"allow":["GET"]}}],"collection":[{"href":"https:\/\/investors.bittnet.ro\/en\/wp-json\/wp\/v2\/pages"}],"about":[{"href":"https:\/\/investors.bittnet.ro\/en\/wp-json\/wp\/v2\/types\/page"}],"author":[{"embeddable":true,"href":"https:\/\/investors.bittnet.ro\/en\/wp-json\/wp\/v2\/users\/13"}],"replies":[{"embeddable":true,"href":"https:\/\/investors.bittnet.ro\/en\/wp-json\/wp\/v2\/comments?post=13658"}],"version-history":[{"count":5,"href":"https:\/\/investors.bittnet.ro\/en\/wp-json\/wp\/v2\/pages\/13658\/revisions"}],"predecessor-version":[{"id":14105,"href":"https:\/\/investors.bittnet.ro\/en\/wp-json\/wp\/v2\/pages\/13658\/revisions\/14105"}],"up":[{"embeddable":true,"href":"https:\/\/investors.bittnet.ro\/en\/wp-json\/wp\/v2\/pages\/13653"}],"wp:attachment":[{"href":"https:\/\/investors.bittnet.ro\/en\/wp-json\/wp\/v2\/media?parent=13658"}],"curies":[{"name":"wp","href":"https:\/\/api.w.org\/{rel}","templated":true}]}}