{"id":13644,"date":"2021-08-23T15:44:18","date_gmt":"2021-08-23T12:44:18","guid":{"rendered":"https:\/\/investors.bittnet.ro\/?page_id=13644"},"modified":"2021-10-26T13:53:35","modified_gmt":"2021-10-26T10:53:35","slug":"elemente-de-bilant","status":"publish","type":"page","link":"https:\/\/investors.bittnet.ro\/en\/rezultate-financiare\/2q-2021\/situatia-economico-financiara-a-grupului\/elemente-de-bilant\/","title":{"rendered":"Elemente de Bilant"},"content":{"rendered":"<section class=\"l-section wpb_row height_small\"><div class=\"l-section-h i-cf\"><div class=\"g-cols vc_row via_flex valign_top type_default stacking_default\"><div class=\"vc_col-sm-8 wpb_column vc_column_container\"><div class=\"vc_column-inner\"><div class=\"wpb_wrapper\"><div class=\"wpb_text_column\"><div class=\"wpb_wrapper\"><h1>Elemente de bilan\u021b<\/h1>\n<\/div><\/div><div class=\"w-separator size_small\"><\/div><div class=\"w-tabs style_default switch_click accordion has_scrolling\" style=\"--sections-title-size:inherit\"><div class=\"w-tabs-sections titles-align_none icon_chevron cpos_right\"><div class=\"w-tabs-section\" id=\"ia8c\"><button class=\"w-tabs-section-header\" aria-controls=\"content-ia8c\" aria-expanded=\"false\"><div class=\"w-tabs-section-title\">Active imobilizate<\/div><div class=\"w-tabs-section-control\"><\/div><\/button><div  class=\"w-tabs-section-content\" id=\"content-ia8c\"><div class=\"w-tabs-section-content-h i-cf\"><div class=\"wpb_text_column\"><div class=\"wpb_wrapper\"><table width=\"426\">\n<tbody>\n<tr>\n<td width=\"253\"><\/td>\n<td style=\"text-align: right;\" width=\"91\"><strong>30-Jun-21<\/strong><\/td>\n<td style=\"text-align: right;\" width=\"82\"><strong>30-Jun-20<\/strong><\/td>\n<\/tr>\n<tr>\n<td>Fond comercial<\/td>\n<td style=\"text-align: right;\">21,082,977<\/td>\n<td style=\"text-align: right;\">17,701,643<\/td>\n<\/tr>\n<tr>\n<td>Alte imobilizari necorporale<\/td>\n<td style=\"text-align: right;\">9,029,741<\/td>\n<td style=\"text-align: right;\">6,657,664<\/td>\n<\/tr>\n<tr>\n<td>Imobilizari corporale<\/td>\n<td style=\"text-align: right;\">1,893,046<\/td>\n<td style=\"text-align: right;\">5,994,018<\/td>\n<\/tr>\n<tr>\n<td>Titluri puse in echivalenta<\/td>\n<td style=\"text-align: right;\">9,665,686<\/td>\n<td style=\"text-align: right;\">991,756<\/td>\n<\/tr>\n<tr>\n<td>Alte imobilizari financiare<\/td>\n<td style=\"text-align: right;\">329,964<\/td>\n<td style=\"text-align: right;\">1,417,421<\/td>\n<\/tr>\n<tr>\n<td>Impozit amanat<\/td>\n<td style=\"text-align: right;\">545,393<\/td>\n<td style=\"text-align: right;\">643,354<\/td>\n<\/tr>\n<tr>\n<td><strong>Total active imobilizate\u00a0<\/strong><\/td>\n<td style=\"text-align: right;\"><strong>42,546,806<\/strong><\/td>\n<td style=\"text-align: right;\"><strong>33,405,855<\/strong><\/td>\n<\/tr>\n<\/tbody>\n<\/table>\n<\/div><\/div><div class=\"w-separator size_small\"><\/div><div class=\"wpb_text_column\"><div class=\"wpb_wrapper\"><p>Fa\u021b\u0103 de S1 2020, imobiliz\u0103rile necorporale au crescut cu valoarea activelor Equatorial (in principal marca \u201eEquatorial\u201d), fiindca metoda de consolidare a bilantului EQG este diferita odata cu detinerea de 99% pe care o avem in prezent.<\/p>\n<p>Fondul comercial a crescut, ca si pozitia de \u201aimobilizari necorporale\u2019, odata cu cresterea la 99% a participatiei pe care o avem in Equatorial Gaming. Astfel, alaturi de fondul comercial, bilantul EQG intra la consolidare integral incepand cu S1 2021, astfel ca activele intangibile ale EQG (in special marca \u201eEquatorial\u201d) cresc valoarea activelor necorporale ale grupului.<\/p>\n<p>Pozitia \u201eTitluri Puse in Echivalenta\u201d a crescut semnificativ fata de S1 2020 dar nu \u00een perioada de raportare, ci \u00een S2 2020. Elementul care a contribuit la cre\u0219tere a fost \u00eenregistrarea valorii investitiilor SoftBinator si th e eLearning Company.<\/p>\n<\/div><\/div><\/div><\/div><\/div><div class=\"w-tabs-section\" id=\"qf2c\"><button class=\"w-tabs-section-header\" aria-controls=\"content-qf2c\" aria-expanded=\"false\"><div class=\"w-tabs-section-title\">Active Circulante<\/div><div class=\"w-tabs-section-control\"><\/div><\/button><div  class=\"w-tabs-section-content\" id=\"content-qf2c\"><div class=\"w-tabs-section-content-h i-cf\"><div class=\"wpb_text_column\"><div class=\"wpb_wrapper\"><table width=\"339\">\n<tbody>\n<tr>\n<td width=\"166\"><\/td>\n<td style=\"text-align: right;\" width=\"91\"><strong>30-Jun-21<\/strong><\/td>\n<td style=\"text-align: right;\" width=\"82\"><strong>30-Jun-20<\/strong><\/td>\n<\/tr>\n<tr>\n<td>Stocuri<\/td>\n<td style=\"text-align: right;\">1,659,529<\/td>\n<td style=\"text-align: right;\">971,621<\/td>\n<\/tr>\n<tr>\n<td>Creante comerciale si alte creante<\/td>\n<td style=\"text-align: right;\">28,560,071<\/td>\n<td style=\"text-align: right;\">37,021,583<\/td>\n<\/tr>\n<tr>\n<td>Active financiare<\/td>\n<td style=\"text-align: right;\">4,409,338<\/td>\n<td style=\"text-align: right;\">&#8211;<\/td>\n<\/tr>\n<tr>\n<td>Numerar si echivalente<\/td>\n<td style=\"text-align: right;\">26,243,253<\/td>\n<td style=\"text-align: right;\">26,063,622<\/td>\n<\/tr>\n<tr>\n<td><strong>Total active circulante\u00a0<\/strong><\/td>\n<td style=\"text-align: right;\"><strong>60,872,190<\/strong><\/td>\n<td style=\"text-align: right;\"><strong>64,056,826<\/strong><\/td>\n<\/tr>\n<\/tbody>\n<\/table>\n<\/div><\/div><div class=\"w-separator size_small\"><\/div><div class=\"wpb_text_column\"><div class=\"wpb_wrapper\"><p>Valoarea total\u0103 a activelor circulante la nivel de grup a scazut odata cu cresterea gradului de colectare a cifrei de afaceri (valoarea indicatorului \u201ecreante raportate la cifra de afaceri\u201d s-a imbunatatit cu 10% fata de S1 2020) &#8211; aceasta genereaza o reducere a creantelor totale , suplimentara fata de reducerea data de scaderea cifrei de afaceri.<\/p>\n<p>In schimb, gradul de acoperire al datoriilor comerciale cu creante a crescut de la 107% la 118% &#8211; ceea ce creste increderea furnizorilor in capacitatea de plata a grupului nostru.<\/p>\n<p>Aceasta scadere a creantelor este compensata de evolutia pozitiva a elementuui bilantier \u201eactive financiare\u201d , ce reflecta valoarea de piata a investitiilor noastre in companiile Safetech si Arctic Stream.<\/p>\n<\/div><\/div><\/div><\/div><\/div><div class=\"w-tabs-section\" id=\"s41d\"><button class=\"w-tabs-section-header\" aria-controls=\"content-s41d\" aria-expanded=\"false\"><div class=\"w-tabs-section-title\">Situa\u021bia capitalurilor grupului<\/div><div class=\"w-tabs-section-control\"><\/div><\/button><div  class=\"w-tabs-section-content\" id=\"content-s41d\"><div class=\"w-tabs-section-content-h i-cf\"><div class=\"wpb_text_column\"><div class=\"wpb_wrapper\"><table width=\"339\">\n<tbody>\n<tr>\n<td width=\"166\"><\/td>\n<td style=\"text-align: right;\" width=\"91\"><strong>30-Jun-21<\/strong><\/td>\n<td style=\"text-align: right;\" width=\"82\"><strong>30-Jun-20<\/strong><\/td>\n<\/tr>\n<tr>\n<td>Capital social<\/td>\n<td style=\"text-align: right;\">48,043,690<\/td>\n<td style=\"text-align: right;\">22,904,973<\/td>\n<\/tr>\n<tr>\n<td>Prime de emisiune<\/td>\n<td style=\"text-align: right;\">14,542,953<\/td>\n<td style=\"text-align: right;\">982,966<\/td>\n<\/tr>\n<tr>\n<td>Alte elemente de capitaluri proprii<\/td>\n<td style=\"text-align: right;\">(17,781,183)<\/td>\n<td style=\"text-align: right;\">1,671,049<\/td>\n<\/tr>\n<tr>\n<td>Rezerve legale<\/td>\n<td style=\"text-align: right;\">524,871<\/td>\n<td style=\"text-align: right;\">365,212<\/td>\n<\/tr>\n<tr>\n<td>Rezultat reportat<\/td>\n<td style=\"text-align: right;\">(5,010,621)<\/td>\n<td style=\"text-align: right;\">(5,978,216)<\/td>\n<\/tr>\n<tr>\n<td>Rezultat curent<\/td>\n<td style=\"text-align: right;\">1,675,568<\/td>\n<td style=\"text-align: right;\">834,978<\/td>\n<\/tr>\n<tr>\n<td><strong>Total capitaluri<\/strong><\/td>\n<td style=\"text-align: right;\"><strong>41,995,279<\/strong><\/td>\n<td style=\"text-align: right;\"><strong>20,780,962<\/strong><\/td>\n<\/tr>\n<tr>\n<td>Interese minoritare<\/td>\n<td style=\"text-align: right;\">39,413<\/td>\n<td style=\"text-align: right;\">422,871<\/td>\n<\/tr>\n<tr>\n<td><strong>Total capitaluri proprii\u00a0<\/strong><\/td>\n<td style=\"text-align: right;\"><strong>42,034,691<\/strong><\/td>\n<td style=\"text-align: right;\"><strong>21,203,832<\/strong><\/td>\n<\/tr>\n<\/tbody>\n<\/table>\n<\/div><\/div><div class=\"w-separator size_small\"><\/div><div class=\"wpb_text_column\"><div class=\"wpb_wrapper\"><p>La 30 iunie 2021, capitalurile proprii ale grupului au inregistrat o crestere semnificativa fata de S1 2020 (o evolutie pozitiva de 98%), fiind influentate pozitiv de urmatoarele evolutii:<\/p>\n<ul>\n<li>Cresterea capitalului social in S2 2020 ca urmare a Stock Option Plan, inregistrarii operatiunii de majorare cu actiuni gratuite din iulie 2020, a majorarii cu actiuni de trezorerie din iule-decembrie 2020 si a investitiilor Equatorial si Softbinator.<\/li>\n<li>Cresterea capitalului social si in S1 2020 ca urmare a derularii cu succes a unei operatiuni de majorare cu aporturi noi.<\/li>\n<li>Imbunatatirea cu aproape 4 milioane lei a rezultatului curent<\/li>\n<\/ul>\n<\/div><\/div><\/div><\/div><\/div><div class=\"w-tabs-section\" id=\"e87b\"><button class=\"w-tabs-section-header\" aria-controls=\"content-e87b\" aria-expanded=\"false\"><div class=\"w-tabs-section-title\">Situatia datoriilor Grupului<\/div><div class=\"w-tabs-section-control\"><\/div><\/button><div  class=\"w-tabs-section-content\" id=\"content-e87b\"><div class=\"w-tabs-section-content-h i-cf\"><div class=\"wpb_text_column\"><div class=\"wpb_wrapper\"><table width=\"386\">\n<tbody>\n<tr>\n<td width=\"213\"><\/td>\n<td style=\"text-align: right;\" width=\"91\"><strong>30-Jun-21<\/strong><\/td>\n<td style=\"text-align: right;\" width=\"82\"><strong>30-Jun-20<\/strong><\/td>\n<\/tr>\n<tr>\n<td><strong>Total datorii\u00a0<\/strong><\/td>\n<td style=\"text-align: right;\"><strong>61,384,305<\/strong><\/td>\n<td style=\"text-align: right;\"><strong>76,258,848<\/strong><\/td>\n<\/tr>\n<tr>\n<td><strong>Total datorii pe termen lung\u00a0<\/strong><\/td>\n<td style=\"text-align: right;\"><strong>28,212,902<\/strong><\/td>\n<td style=\"text-align: right;\"><strong>32,755,953<\/strong><\/td>\n<\/tr>\n<tr>\n<td>Obligatiuni<\/td>\n<td style=\"text-align: right;\">24,044,334<\/td>\n<td style=\"text-align: right;\">28,304,011<\/td>\n<\/tr>\n<tr>\n<td>Imprumuturi Bancare<\/td>\n<td style=\"text-align: right;\">3,290,602<\/td>\n<td style=\"text-align: right;\">1,624,738<\/td>\n<\/tr>\n<tr>\n<td><strong>Total datorii pe termen scurt\u00a0<\/strong><\/td>\n<td style=\"text-align: right;\"><strong>33,171,403<\/strong><\/td>\n<td style=\"text-align: right;\"><strong>43,502,895<\/strong><\/td>\n<\/tr>\n<tr>\n<td>\u00cemprumuturi bancare<\/td>\n<td style=\"text-align: right;\">7,253,564<\/td>\n<td style=\"text-align: right;\">6,121,554<\/td>\n<\/tr>\n<tr>\n<td>Datorii comerciale si alte datorii<\/td>\n<td style=\"text-align: right;\">20,693,396<\/td>\n<td style=\"text-align: right;\">34,168,678<\/td>\n<\/tr>\n<\/tbody>\n<\/table>\n<\/div><\/div><div class=\"w-separator size_small\"><\/div><div class=\"wpb_text_column\"><div class=\"wpb_wrapper\"><p>Datoriile pe termen lung au scazut odata cu rambursarea anticipata a emisiunii de obligatiuni BNET22 \u2013 totalizand la 30 iunie 2021 aproximativ 28 milioane lei. Evolutia imprumuturilor bancare face parte din fluxul natural al activitatii operationale, atat in cazul datoriilor pe termen scurt cat si al celor pe termen lung.<\/p>\n<p>Scaderea totala a datoriilor a fost urmarita pe toate fronturile (atat din punct de vedere al datoriilor comerciale, cat si a celor financiare \u2013 prin rambursarea anticipata a unei emisiuni de obligatiuni).<\/p>\n<p>Daca la data de 30 iunie 2020 inregistram datorii financiare de 36 milioane comparativ cu capitalurile proprii de 22 milioane, la finalul semestrului 1 al anului curent, raportul este invers, datoriile financiare ridicandu-se la putin sub 38 milioane, comparativ cu capitalurile de 48 milioane lei. Consideram aceasta evolutie una pozitiva, care ne aseaza pe baze solide pentru perioada de expansiune ce urmeaza.<\/p>\n<\/div><\/div><\/div><\/div><\/div><div class=\"w-tabs-section\" id=\"wa49\"><button class=\"w-tabs-section-header\" aria-controls=\"content-wa49\" aria-expanded=\"false\"><div class=\"w-tabs-section-title\">Situa\u021bia credit\u0103rii bancare<\/div><div class=\"w-tabs-section-control\"><\/div><\/button><div  class=\"w-tabs-section-content\" id=\"content-wa49\"><div class=\"w-tabs-section-content-h i-cf\"><div class=\"wpb_text_column\"><div class=\"wpb_wrapper\"><p>Dac\u0103 emisiunile de obliga\u021biuni reprezint\u0103 capital \u00eemprumutat pe termen lung, structura de creditare bancar\u0103 a grupului este preponderent format\u0103 din revolving overdraft-uri care au ca scop finan\u021barea pe termen scurt a unor proiecte punctuale. La finalul perioadei de analiza, grupul are contractate urmatoarele produse de creditare bancara: app. 11 milioane lei la ProCredit Bank, ING Bank \u0219i Unicredit Bank \u0219i un plafon non-cash pentru emitere scrisori garantie bancara de 1 milion lei la Banca Transilvania. Din totalul plafoanelor, sumele accesate sunt reproduse in Nota 9 la situatiile financiare:<\/p>\n<p>Ca evenimente subsecvente Semestrului 1, Dendrio Solutions a semnat acordurile de prelungire pentru doua produse de creditare si anume:<\/p>\n<ul>\n<li>in 23.07.2021 a fost semnat actul aditional de prelungire a liniei de credit \u2013 revolving overdraft in valoare de 4,5 milioane lei \u2013 contractata de la ProCredit Bank in iulie 2019. Prelungirea a fost facuta pe o perioada de 24 luni si in aceleasi conditii cu acordul initial de creditare. Rata dobanzii a ramas neschimbata, ROBOR3M+2,4% p.a iar, destinatia produsului este de a finanta capitalul de lucru.<\/li>\n<li>in data de 16.08.2021 a fost semnat actul aditional de prelungire a liniei de credit \u2013 revolving overdraft in valoare de 2 milioane lei \u2013 contractat de Dendrio Solutions de la ING Bank in noiembrie 2018. Prelungirea a fost facuta pe o perioada de 12 luni \u2013 pana in august 2022 \u2013 in aceleasi conditii cu acordul intial. Rata dobanzii a ramas ROBOR1M+2.9% p.a.<\/li>\n<\/ul>\n<\/div><\/div><\/div><\/div><\/div><\/div><\/div><\/div><\/div><\/div><div class=\"vc_col-sm-4 wpb_column vc_column_container\"><div class=\"vc_column-inner\"><div class=\"wpb_wrapper\"><nav class=\"w-menu layout_ver style_blocks us_menu_1 with_children\" style=\"--main-gap:1.5rem;--main-ver-indent:0.8em;--main-hor-indent:0.8em;--main-bg-color:#f5f5f5;--main-color:inherit;--main-hover-bg-color:#8dbe65;--main-hover-color:#ffffff;--main-active-bg-color:#8dbe65;--main-active-color:#ffffff;--sub-gap:5px;\" id=\"first-simple-menu\"><ul id=\"menu-2q-2021\" class=\"menu\"><li id=\"menu-item-13564\" class=\"menu-item menu-item-type-post_type menu-item-object-page menu-item-13564\"><a href=\"https:\/\/investors.bittnet.ro\/rezultate-financiare\/2q-2021\/\">2q-2021<\/a><\/li><li id=\"menu-item-13713\" class=\"menu-item menu-item-type-custom menu-item-object-custom menu-item-13713\"><a href=\"https:\/\/investors.bittnet.ro\/wp-content\/uploads\/2021\/08\/Infografic-Raport-Semestrial-Bittnet-BNET-Semestrul-1-2021.pdf\">Infografic<\/a><\/li><li id=\"menu-item-13714\" class=\"menu-item menu-item-type-custom menu-item-object-custom menu-item-13714\"><a href=\"https:\/\/investors.bittnet.ro\/ro\/abonare-newsletter\/\">Abonare la Newsletter<\/a><\/li><\/ul><style>@media ( max-width:600px ){.us_menu_1 .menu{display:block!important}.us_menu_1 .menu>li:not(:last-child){margin:0 0 var(--main-gap,1.5rem)!important}}<\/style><\/nav><\/div><\/div><\/div><\/div><\/div><\/section>\n","protected":false},"excerpt":{"rendered":"Elemente de bilan\u021b Active imobilizate 30-Jun-21 30-Jun-20 Fond comercial 21,082,977 17,701,643 Alte imobilizari necorporale 9,029,741 6,657,664 Imobilizari corporale 1,893,046 5,994,018 Titluri puse in echivalenta 9,665,686 991,756 Alte imobilizari financiare 329,964 1,417,421 Impozit amanat 545,393 643,354 Total active imobilizate\u00a0 42,546,806 33,405,855 Fa\u021b\u0103 de S1 2020, imobiliz\u0103rile necorporale au crescut cu valoarea activelor Equatorial (in principal marca...","protected":false},"author":13,"featured_media":0,"parent":13613,"menu_order":4,"comment_status":"closed","ping_status":"closed","template":"","meta":{"footnotes":""},"class_list":["post-13644","page","type-page","status-publish","hentry"],"yoast_head":"<!-- This site is optimized with the Yoast SEO plugin v20.8 - https:\/\/yoast.com\/wordpress\/plugins\/seo\/ -->\n<title>Elemente de Bilant - Bittnet Group - s1 2021: active imobilizate, circulante<\/title>\n<meta name=\"description\" content=\"Elemente de Bilant - Bittnet Group - s1 2021: active imobilizate, circulante, situatia capitalurilor grupului, situatia datoriilor\" \/>\n<meta name=\"robots\" content=\"index, follow, max-snippet:-1, max-image-preview:large, max-video-preview:-1\" \/>\n<link rel=\"canonical\" href=\"https:\/\/investors.bittnet.ro\/en\/rezultate-financiare\/2q-2021\/situatia-economico-financiara-a-grupului\/elemente-de-bilant\/\" \/>\n<meta property=\"og:locale\" content=\"en_US\" \/>\n<meta property=\"og:type\" content=\"article\" \/>\n<meta property=\"og:title\" content=\"Elemente de Bilant - Bittnet Group - s1 2021: active imobilizate, circulante\" \/>\n<meta property=\"og:description\" content=\"Elemente de Bilant - Bittnet Group - s1 2021: active imobilizate, circulante, situatia capitalurilor grupului, situatia datoriilor\" \/>\n<meta property=\"og:url\" content=\"https:\/\/investors.bittnet.ro\/en\/rezultate-financiare\/2q-2021\/situatia-economico-financiara-a-grupului\/elemente-de-bilant\/\" \/>\n<meta property=\"og:site_name\" content=\"Bittnet Investors Relations Site\" \/>\n<meta property=\"article:publisher\" content=\"https:\/\/www.facebook.com\/BittnetSystems\/\" \/>\n<meta property=\"article:modified_time\" content=\"2021-10-26T10:53:35+00:00\" \/>\n<meta name=\"twitter:card\" content=\"summary_large_image\" \/>\n<meta name=\"twitter:site\" content=\"@NA\" \/>\n<meta name=\"twitter:label1\" content=\"Est. reading time\" \/>\n\t<meta name=\"twitter:data1\" content=\"4 minutes\" \/>\n<script type=\"application\/ld+json\" class=\"yoast-schema-graph\">{\"@context\":\"https:\/\/schema.org\",\"@graph\":[{\"@type\":\"WebPage\",\"@id\":\"https:\/\/investors.bittnet.ro\/en\/rezultate-financiare\/2q-2021\/situatia-economico-financiara-a-grupului\/elemente-de-bilant\/\",\"url\":\"https:\/\/investors.bittnet.ro\/en\/rezultate-financiare\/2q-2021\/situatia-economico-financiara-a-grupului\/elemente-de-bilant\/\",\"name\":\"Elemente de Bilant - Bittnet Group - s1 2021: active imobilizate, circulante\",\"isPartOf\":{\"@id\":\"https:\/\/investors.bittnet.ro\/en\/#website\"},\"datePublished\":\"2021-08-23T12:44:18+00:00\",\"dateModified\":\"2021-10-26T10:53:35+00:00\",\"description\":\"Elemente de Bilant - Bittnet Group - s1 2021: active imobilizate, circulante, situatia capitalurilor grupului, situatia datoriilor\",\"breadcrumb\":{\"@id\":\"https:\/\/investors.bittnet.ro\/en\/rezultate-financiare\/2q-2021\/situatia-economico-financiara-a-grupului\/elemente-de-bilant\/#breadcrumb\"},\"inLanguage\":\"en-US\",\"potentialAction\":[{\"@type\":\"ReadAction\",\"target\":[\"https:\/\/investors.bittnet.ro\/en\/rezultate-financiare\/2q-2021\/situatia-economico-financiara-a-grupului\/elemente-de-bilant\/\"]}]},{\"@type\":\"BreadcrumbList\",\"@id\":\"https:\/\/investors.bittnet.ro\/en\/rezultate-financiare\/2q-2021\/situatia-economico-financiara-a-grupului\/elemente-de-bilant\/#breadcrumb\",\"itemListElement\":[{\"@type\":\"ListItem\",\"position\":1,\"name\":\"Home\",\"item\":\"https:\/\/investors.bittnet.ro\/en\/\"},{\"@type\":\"ListItem\",\"position\":2,\"name\":\"Rezultate financiare\",\"item\":\"https:\/\/investors.bittnet.ro\/en\/rezultate-financiare\/\"},{\"@type\":\"ListItem\",\"position\":3,\"name\":\"2q-2021\",\"item\":\"https:\/\/investors.bittnet.ro\/en\/rezultate-financiare\/2q-2021\/\"},{\"@type\":\"ListItem\",\"position\":4,\"name\":\"Situa\u0163ia economico-financiar\u0103 a grupului\",\"item\":\"https:\/\/investors.bittnet.ro\/en\/rezultate-financiare\/2q-2021\/situatia-economico-financiara-a-grupului\/\"},{\"@type\":\"ListItem\",\"position\":5,\"name\":\"Elemente de Bilant\"}]},{\"@type\":\"WebSite\",\"@id\":\"https:\/\/investors.bittnet.ro\/en\/#website\",\"url\":\"https:\/\/investors.bittnet.ro\/en\/\",\"name\":\"Bittnet Investors Relations Site\",\"description\":\"Your Value. Upgraded.\",\"publisher\":{\"@id\":\"https:\/\/investors.bittnet.ro\/en\/#organization\"},\"potentialAction\":[{\"@type\":\"SearchAction\",\"target\":{\"@type\":\"EntryPoint\",\"urlTemplate\":\"https:\/\/investors.bittnet.ro\/en\/?s={search_term_string}\"},\"query-input\":\"required name=search_term_string\"}],\"inLanguage\":\"en-US\"},{\"@type\":\"Organization\",\"@id\":\"https:\/\/investors.bittnet.ro\/en\/#organization\",\"name\":\"Bittnet Group\",\"url\":\"https:\/\/investors.bittnet.ro\/en\/\",\"logo\":{\"@type\":\"ImageObject\",\"inLanguage\":\"en-US\",\"@id\":\"https:\/\/investors.bittnet.ro\/en\/#\/schema\/logo\/image\/\",\"url\":\"https:\/\/investors.bittnet.ro\/wp-content\/uploads\/2019\/05\/logo-grup.png\",\"contentUrl\":\"https:\/\/investors.bittnet.ro\/wp-content\/uploads\/2019\/05\/logo-grup.png\",\"width\":807,\"height\":442,\"caption\":\"Bittnet Group\"},\"image\":{\"@id\":\"https:\/\/investors.bittnet.ro\/en\/#\/schema\/logo\/image\/\"},\"sameAs\":[\"https:\/\/www.facebook.com\/BittnetSystems\/\",\"https:\/\/twitter.com\/NA\",\"http:\/\/na\",\"https:\/\/www.linkedin.com\/company\/bittnet-group\/\",\"https:\/\/www.youtube.com\/user\/BittnetSystems\"]}]}<\/script>\n<!-- \/ Yoast SEO plugin. -->","yoast_head_json":{"title":"Elemente de Bilant - Bittnet Group - s1 2021: active imobilizate, circulante","description":"Elemente de Bilant - Bittnet Group - s1 2021: active imobilizate, circulante, situatia capitalurilor grupului, situatia datoriilor","robots":{"index":"index","follow":"follow","max-snippet":"max-snippet:-1","max-image-preview":"max-image-preview:large","max-video-preview":"max-video-preview:-1"},"canonical":"https:\/\/investors.bittnet.ro\/en\/rezultate-financiare\/2q-2021\/situatia-economico-financiara-a-grupului\/elemente-de-bilant\/","og_locale":"en_US","og_type":"article","og_title":"Elemente de Bilant - Bittnet Group - s1 2021: active imobilizate, circulante","og_description":"Elemente de Bilant - Bittnet Group - s1 2021: active imobilizate, circulante, situatia capitalurilor grupului, situatia datoriilor","og_url":"https:\/\/investors.bittnet.ro\/en\/rezultate-financiare\/2q-2021\/situatia-economico-financiara-a-grupului\/elemente-de-bilant\/","og_site_name":"Bittnet Investors Relations Site","article_publisher":"https:\/\/www.facebook.com\/BittnetSystems\/","article_modified_time":"2021-10-26T10:53:35+00:00","twitter_card":"summary_large_image","twitter_site":"@NA","twitter_misc":{"Est. reading time":"4 minutes"},"schema":{"@context":"https:\/\/schema.org","@graph":[{"@type":"WebPage","@id":"https:\/\/investors.bittnet.ro\/en\/rezultate-financiare\/2q-2021\/situatia-economico-financiara-a-grupului\/elemente-de-bilant\/","url":"https:\/\/investors.bittnet.ro\/en\/rezultate-financiare\/2q-2021\/situatia-economico-financiara-a-grupului\/elemente-de-bilant\/","name":"Elemente de Bilant - Bittnet Group - s1 2021: active imobilizate, circulante","isPartOf":{"@id":"https:\/\/investors.bittnet.ro\/en\/#website"},"datePublished":"2021-08-23T12:44:18+00:00","dateModified":"2021-10-26T10:53:35+00:00","description":"Elemente de Bilant - Bittnet Group - s1 2021: active imobilizate, circulante, situatia capitalurilor grupului, situatia datoriilor","breadcrumb":{"@id":"https:\/\/investors.bittnet.ro\/en\/rezultate-financiare\/2q-2021\/situatia-economico-financiara-a-grupului\/elemente-de-bilant\/#breadcrumb"},"inLanguage":"en-US","potentialAction":[{"@type":"ReadAction","target":["https:\/\/investors.bittnet.ro\/en\/rezultate-financiare\/2q-2021\/situatia-economico-financiara-a-grupului\/elemente-de-bilant\/"]}]},{"@type":"BreadcrumbList","@id":"https:\/\/investors.bittnet.ro\/en\/rezultate-financiare\/2q-2021\/situatia-economico-financiara-a-grupului\/elemente-de-bilant\/#breadcrumb","itemListElement":[{"@type":"ListItem","position":1,"name":"Home","item":"https:\/\/investors.bittnet.ro\/en\/"},{"@type":"ListItem","position":2,"name":"Rezultate financiare","item":"https:\/\/investors.bittnet.ro\/en\/rezultate-financiare\/"},{"@type":"ListItem","position":3,"name":"2q-2021","item":"https:\/\/investors.bittnet.ro\/en\/rezultate-financiare\/2q-2021\/"},{"@type":"ListItem","position":4,"name":"Situa\u0163ia economico-financiar\u0103 a grupului","item":"https:\/\/investors.bittnet.ro\/en\/rezultate-financiare\/2q-2021\/situatia-economico-financiara-a-grupului\/"},{"@type":"ListItem","position":5,"name":"Elemente de Bilant"}]},{"@type":"WebSite","@id":"https:\/\/investors.bittnet.ro\/en\/#website","url":"https:\/\/investors.bittnet.ro\/en\/","name":"Bittnet Investors Relations Site","description":"Your Value. Upgraded.","publisher":{"@id":"https:\/\/investors.bittnet.ro\/en\/#organization"},"potentialAction":[{"@type":"SearchAction","target":{"@type":"EntryPoint","urlTemplate":"https:\/\/investors.bittnet.ro\/en\/?s={search_term_string}"},"query-input":"required name=search_term_string"}],"inLanguage":"en-US"},{"@type":"Organization","@id":"https:\/\/investors.bittnet.ro\/en\/#organization","name":"Bittnet Group","url":"https:\/\/investors.bittnet.ro\/en\/","logo":{"@type":"ImageObject","inLanguage":"en-US","@id":"https:\/\/investors.bittnet.ro\/en\/#\/schema\/logo\/image\/","url":"https:\/\/investors.bittnet.ro\/wp-content\/uploads\/2019\/05\/logo-grup.png","contentUrl":"https:\/\/investors.bittnet.ro\/wp-content\/uploads\/2019\/05\/logo-grup.png","width":807,"height":442,"caption":"Bittnet Group"},"image":{"@id":"https:\/\/investors.bittnet.ro\/en\/#\/schema\/logo\/image\/"},"sameAs":["https:\/\/www.facebook.com\/BittnetSystems\/","https:\/\/twitter.com\/NA","http:\/\/na","https:\/\/www.linkedin.com\/company\/bittnet-group\/","https:\/\/www.youtube.com\/user\/BittnetSystems"]}]}},"_links":{"self":[{"href":"https:\/\/investors.bittnet.ro\/en\/wp-json\/wp\/v2\/pages\/13644","targetHints":{"allow":["GET"]}}],"collection":[{"href":"https:\/\/investors.bittnet.ro\/en\/wp-json\/wp\/v2\/pages"}],"about":[{"href":"https:\/\/investors.bittnet.ro\/en\/wp-json\/wp\/v2\/types\/page"}],"author":[{"embeddable":true,"href":"https:\/\/investors.bittnet.ro\/en\/wp-json\/wp\/v2\/users\/13"}],"replies":[{"embeddable":true,"href":"https:\/\/investors.bittnet.ro\/en\/wp-json\/wp\/v2\/comments?post=13644"}],"version-history":[{"count":5,"href":"https:\/\/investors.bittnet.ro\/en\/wp-json\/wp\/v2\/pages\/13644\/revisions"}],"predecessor-version":[{"id":14098,"href":"https:\/\/investors.bittnet.ro\/en\/wp-json\/wp\/v2\/pages\/13644\/revisions\/14098"}],"up":[{"embeddable":true,"href":"https:\/\/investors.bittnet.ro\/en\/wp-json\/wp\/v2\/pages\/13613"}],"wp:attachment":[{"href":"https:\/\/investors.bittnet.ro\/en\/wp-json\/wp\/v2\/media?parent=13644"}],"curies":[{"name":"wp","href":"https:\/\/api.w.org\/{rel}","templated":true}]}}