{"id":13624,"date":"2021-08-23T15:06:14","date_gmt":"2021-08-23T12:06:14","guid":{"rendered":"https:\/\/investors.bittnet.ro\/?page_id=13624"},"modified":"2021-10-26T13:53:51","modified_gmt":"2021-10-26T10:53:51","slug":"contul-de-profit-si-pierdere","status":"publish","type":"page","link":"https:\/\/investors.bittnet.ro\/en\/rezultate-financiare\/2q-2021\/situatia-economico-financiara-a-grupului\/contul-de-profit-si-pierdere\/","title":{"rendered":"Contul de profit \u0219i pierdere"},"content":{"rendered":"<section class=\"l-section wpb_row height_small\"><div class=\"l-section-h i-cf\"><div class=\"g-cols vc_row via_flex valign_top type_default stacking_default\"><div class=\"vc_col-sm-8 wpb_column vc_column_container\"><div class=\"vc_column-inner\"><div class=\"wpb_wrapper\"><div class=\"wpb_text_column\"><div class=\"wpb_wrapper\"><h1>Contul de profit \u0219i pierdere<\/h1>\n<\/div><\/div><div class=\"w-separator size_small\"><\/div><div class=\"w-tabs style_default switch_click accordion has_scrolling\" style=\"--sections-title-size:inherit\"><div class=\"w-tabs-sections titles-align_none icon_chevron cpos_right\"><div class=\"w-tabs-section\" id=\"k614\"><button class=\"w-tabs-section-header\" aria-controls=\"content-k614\" aria-expanded=\"false\"><div class=\"w-tabs-section-title\">Analiza v\u00e2nz\u0103rilor<\/div><div class=\"w-tabs-section-control\"><\/div><\/button><div  class=\"w-tabs-section-content\" id=\"content-k614\"><div class=\"w-tabs-section-content-h i-cf\"><div class=\"wpb_text_column\"><div class=\"wpb_wrapper\"><p>In S1 2021<\/p>\n<p>Fa\u021b\u0103 de S1 2020, activitatea vanzari a continuat trendul ascendent, atat ca numar de proiecte identificate cat si ca valoare a acestora. Astfel, daca in graficul de mai jos pentru anii anteriori sunt reprezentate oportunitatile deja castigate pe durata anului, in cazul anului curent graficul arata activitatea echipei de vanzari doar pana la redactarea raportului (august 2021), acestia avand deci la dispozitie inca 4 luni pentru a deschide noi oportunitati:<\/p>\n<\/div><\/div><div class=\"w-separator size_small\"><\/div><div class=\"w-image align_none\"><div class=\"w-image-h\"><img decoding=\"async\" width=\"1024\" height=\"635\" src=\"https:\/\/investors.bittnet.ro\/wp-content\/uploads\/2021\/08\/opps-1024x635.jpg\" class=\"attachment-large size-large\" alt=\"\" loading=\"lazy\" srcset=\"https:\/\/investors.bittnet.ro\/wp-content\/uploads\/2021\/08\/opps-1024x635.jpg 1024w, https:\/\/investors.bittnet.ro\/wp-content\/uploads\/2021\/08\/opps-300x186.jpg 300w, https:\/\/investors.bittnet.ro\/wp-content\/uploads\/2021\/08\/opps.jpg 1051w\" sizes=\"auto, (max-width: 1024px) 100vw, 1024px\" \/><\/div><\/div><div class=\"w-separator size_small\"><\/div><div class=\"wpb_text_column\"><div class=\"wpb_wrapper\"><p>Pentru o mai bun\u0103 \u00een\u021belegere a structurii v\u00e2nz\u0103rilor, reproducem \u00een continuare rezultatele primelor celor mai v\u00e2ndute produse pentru linia de integrare:<\/p>\n<\/div><\/div><div class=\"w-separator size_small\"><\/div><div class=\"g-cols wpb_row via_flex valign_top type_default stacking_default\"><div class=\"vc_col-sm-6 wpb_column vc_column_container\"><div class=\"vc_column-inner\"><div class=\"wpb_wrapper\"><div class=\"w-image align_none\"><div class=\"w-image-h\"><img decoding=\"async\" width=\"615\" height=\"579\" src=\"https:\/\/investors.bittnet.ro\/wp-content\/uploads\/2021\/08\/integrare.jpg\" class=\"attachment-large size-large\" alt=\"\" loading=\"lazy\" srcset=\"https:\/\/investors.bittnet.ro\/wp-content\/uploads\/2021\/08\/integrare.jpg 615w, https:\/\/investors.bittnet.ro\/wp-content\/uploads\/2021\/08\/integrare-300x282.jpg 300w\" sizes=\"auto, (max-width: 615px) 100vw, 615px\" \/><\/div><\/div><\/div><\/div><\/div><div class=\"vc_col-sm-6 wpb_column vc_column_container\"><div class=\"vc_column-inner\"><div class=\"wpb_wrapper\"><div class=\"wpb_text_column\"><div class=\"wpb_wrapper\"><p>In continuare, solutiile Microsoft sunt un punct bun de intrare in relatia cu clientii, pentru ca apoi sa putem pozitiona si alte solutii mai complexe.<\/p>\n<p>Tipul de produse \u201eGarantii Extinse\u201d cuprinde serviciile de mentenanta pentru solutiile de infrastructura de retea, asigurand clientilor o operare fara batai de cap (orice echipament defect se preia de echipa noastra, cu echipament la schimb, si servicii de instalare si configurare).<\/p>\n<ul>\n<li>Produsele de tip cloud si securitate se afla in mod normal in topul vanzarilor, acesta fiind trendul tehnologic pe care l-am observat inca din 2014.<\/li>\n<li>Fata de anii anteriori, putem observa o mai mare preponderenta atat a produselor de tip cloud, cat si a serviciilor proprii (situatie oglindita de fapt in structura veniturilor consolidate)<\/li>\n<\/ul>\n<\/div><\/div><\/div><\/div><\/div><\/div><div class=\"w-separator size_small\"><\/div><div class=\"wpb_text_column\"><div class=\"wpb_wrapper\"><p>Din punctul de vedere al diviziei de Educatie, cele mai vandute produse sunt (vanzari peste 100.000 lei):<\/p>\n<\/div><\/div><div class=\"w-separator size_small\"><\/div><div class=\"g-cols wpb_row via_flex valign_top type_default stacking_default\"><div class=\"vc_col-sm-6 wpb_column vc_column_container\"><div class=\"vc_column-inner\"><div class=\"wpb_wrapper\"><div class=\"w-image align_none\"><div class=\"w-image-h\"><img decoding=\"async\" width=\"606\" height=\"585\" src=\"https:\/\/investors.bittnet.ro\/wp-content\/uploads\/2021\/08\/educatie.jpg\" class=\"attachment-large size-large\" alt=\"\" loading=\"lazy\" srcset=\"https:\/\/investors.bittnet.ro\/wp-content\/uploads\/2021\/08\/educatie.jpg 606w, https:\/\/investors.bittnet.ro\/wp-content\/uploads\/2021\/08\/educatie-300x290.jpg 300w\" sizes=\"auto, (max-width: 606px) 100vw, 606px\" \/><\/div><\/div><\/div><\/div><\/div><div class=\"vc_col-sm-6 wpb_column vc_column_container\"><div class=\"vc_column-inner\"><div class=\"wpb_wrapper\"><div class=\"wpb_text_column\"><div class=\"wpb_wrapper\"><p>Trainingul Microsoft continua sa reprezinte un vector important pentru Bittnet Training, si estimam ca acesta va creste in pondere in perioadele urmatoare, tinand cont de investitiile Microsoft in educarea clientilor, facute cu ajutorul partenerilor de training, cum este Bittnet.<\/p>\n<p>In mod natural, curriculum-ul propriu Bittnet (DevOps, Software Development si Custom training) se regaseste in topul trainingurilor vandute clienti pentru ca am acordat o atentie crescuta promovarii acestuia, avand o marja bruta mult mai mare fata de trainingurile vendorilor;<\/p>\n<\/div><\/div><\/div><\/div><\/div><\/div><\/div><\/div><\/div><div class=\"w-tabs-section\" id=\"cbb4\"><button class=\"w-tabs-section-header\" aria-controls=\"content-cbb4\" aria-expanded=\"false\"><div class=\"w-tabs-section-title\">Prezentare Consolidata a P&amp;L<\/div><div class=\"w-tabs-section-control\"><\/div><\/button><div  class=\"w-tabs-section-content\" id=\"content-cbb4\"><div class=\"w-tabs-section-content-h i-cf\"><div class=\"wpb_text_column\"><div class=\"wpb_wrapper\"><table width=\"460\">\n<tbody>\n<tr>\n<td width=\"213\"><\/td>\n<td style=\"text-align: right;\" width=\"91\"><strong>30-Jun-21<\/strong><\/td>\n<td style=\"text-align: right;\" width=\"82\"><strong>30-Jun-20<\/strong><\/td>\n<td style=\"text-align: right;\" width=\"74\"><strong>Evolutie<\/strong><\/td>\n<\/tr>\n<tr>\n<td width=\"213\"><strong>Venituri din contracte cu clientii\u00a0<\/strong><\/td>\n<td style=\"text-align: right;\"><strong>48,167,941<\/strong><\/td>\n<td style=\"text-align: right;\"><strong>56,899,284<\/strong><\/td>\n<td style=\"text-align: right;\"><strong>-15%<\/strong><\/td>\n<\/tr>\n<tr>\n<td width=\"213\">Venituri din prestarea de servicii<\/td>\n<td style=\"text-align: right;\">15,396,596<\/td>\n<td style=\"text-align: right;\">15,819,487<\/td>\n<td style=\"text-align: right;\">-3%<\/td>\n<\/tr>\n<tr>\n<td width=\"213\">Vanzarea de marfuri<\/td>\n<td style=\"text-align: right;\">32,771,344<\/td>\n<td style=\"text-align: right;\">41,079,797<\/td>\n<td style=\"text-align: right;\">-20%<\/td>\n<\/tr>\n<tr>\n<td width=\"213\"><strong>Costul v\u00e2nz\u0103rilor<\/strong><\/td>\n<td style=\"text-align: right;\"><strong>37,602,853<\/strong><\/td>\n<td style=\"text-align: right;\"><strong>45,167,540<\/strong><\/td>\n<td style=\"text-align: right;\"><strong>-17%<\/strong><\/td>\n<\/tr>\n<tr>\n<td width=\"213\">Costul vanzarii marfuri\/materiale<\/td>\n<td style=\"text-align: right;\">27,571,630<\/td>\n<td style=\"text-align: right;\">36,955,757<\/td>\n<td style=\"text-align: right;\">-25%<\/td>\n<\/tr>\n<tr>\n<td width=\"213\">Servicii cloud<\/td>\n<td style=\"text-align: right;\">2,624,922<\/td>\n<td style=\"text-align: right;\">2,401,940<\/td>\n<td style=\"text-align: right;\">9%<\/td>\n<\/tr>\n<tr>\n<td width=\"213\">Ore-Om<\/td>\n<td style=\"text-align: right;\">7,406,301<\/td>\n<td style=\"text-align: right;\">5,809,843<\/td>\n<td style=\"text-align: right;\">27%<\/td>\n<\/tr>\n<tr>\n<td width=\"213\"><strong>Marja bruta\u00a0<\/strong><\/td>\n<td style=\"text-align: right;\"><strong>10,565,088<\/strong><\/td>\n<td style=\"text-align: right;\"><strong>11,731,744<\/strong><\/td>\n<td><\/td>\n<\/tr>\n<tr>\n<td width=\"213\"><strong>Alte venituri\u00a0<\/strong><\/td>\n<td style=\"text-align: right;\"><strong>278,982<\/strong><\/td>\n<td style=\"text-align: right;\"><strong>268,807<\/strong><\/td>\n<td><\/td>\n<\/tr>\n<tr>\n<td width=\"213\"><strong>Cheltuieli de vanzare\/distributie\u00a0<\/strong><\/td>\n<td style=\"text-align: right;\"><strong>4,264,571<\/strong><\/td>\n<td style=\"text-align: right;\"><strong>3,348,606<\/strong><\/td>\n<td style=\"text-align: right;\"><strong>27%<\/strong><\/td>\n<\/tr>\n<tr>\n<td width=\"213\">Publicitate<\/td>\n<td style=\"text-align: right;\">878,978<\/td>\n<td style=\"text-align: right;\">458,930<\/td>\n<td style=\"text-align: right;\">92%<\/td>\n<\/tr>\n<tr>\n<td width=\"213\">Ore-Om<\/td>\n<td style=\"text-align: right;\">3,385,594<\/td>\n<td style=\"text-align: right;\">2,889,676<\/td>\n<td style=\"text-align: right;\">17%<\/td>\n<\/tr>\n<tr>\n<td width=\"213\"><strong>Cheltuieli administrative\u00a0<\/strong><\/td>\n<td style=\"text-align: right;\"><strong>5,927,163<\/strong><\/td>\n<td style=\"text-align: right;\"><strong>5,473,402<\/strong><\/td>\n<td style=\"text-align: right;\"><strong>8%<\/strong><\/td>\n<\/tr>\n<tr>\n<td width=\"213\">Ore-Om<\/td>\n<td style=\"text-align: right;\">3,025,004<\/td>\n<td style=\"text-align: right;\">3,287,501<\/td>\n<td style=\"text-align: right;\">-8%<\/td>\n<\/tr>\n<tr>\n<td width=\"213\">Cheltuieli de deplasare si transport<\/td>\n<td style=\"text-align: right;\">40,252<\/td>\n<td style=\"text-align: right;\">32,317<\/td>\n<td style=\"text-align: right;\">25%<\/td>\n<\/tr>\n<tr>\n<td width=\"213\">Chirii \/ Leasing<\/td>\n<td style=\"text-align: right;\">116,045<\/td>\n<td style=\"text-align: right;\">198,839<\/td>\n<td style=\"text-align: right;\">-68%<\/td>\n<\/tr>\n<tr>\n<td width=\"213\">Materiale<\/td>\n<td style=\"text-align: right;\">67,265<\/td>\n<td style=\"text-align: right;\">80,573<\/td>\n<td style=\"text-align: right;\">-17%<\/td>\n<\/tr>\n<tr>\n<td width=\"213\">Amortizare<\/td>\n<td style=\"text-align: right;\">1,401,713<\/td>\n<td style=\"text-align: right;\">838,852<\/td>\n<td style=\"text-align: right;\">67%<\/td>\n<\/tr>\n<tr>\n<td width=\"213\">Donatii<\/td>\n<td style=\"text-align: right;\">57,191<\/td>\n<td style=\"text-align: right;\">6,968<\/td>\n<td style=\"text-align: right;\">721%<\/td>\n<\/tr>\n<tr>\n<td width=\"213\">Asigurari<\/td>\n<td style=\"text-align: right;\">78,960<\/td>\n<td style=\"text-align: right;\">102,933<\/td>\n<td style=\"text-align: right;\">-23%<\/td>\n<\/tr>\n<tr>\n<td width=\"213\">Postale si telecomunicatii<\/td>\n<td style=\"text-align: right;\">57,704<\/td>\n<td style=\"text-align: right;\">66,004<\/td>\n<td style=\"text-align: right;\">-13%<\/td>\n<\/tr>\n<tr>\n<td width=\"213\">Comisioane bancare<\/td>\n<td style=\"text-align: right;\">52,536<\/td>\n<td style=\"text-align: right;\">33,107<\/td>\n<td style=\"text-align: right;\">59%<\/td>\n<\/tr>\n<tr>\n<td width=\"213\">Alte servicii terti<\/td>\n<td style=\"text-align: right;\">677,037<\/td>\n<td style=\"text-align: right;\">465,113<\/td>\n<td style=\"text-align: right;\">46%<\/td>\n<\/tr>\n<tr>\n<td width=\"213\">Diverse<\/td>\n<td style=\"text-align: right;\">353,456<\/td>\n<td style=\"text-align: right;\">361,194<\/td>\n<td style=\"text-align: right;\">-2%<\/td>\n<\/tr>\n<tr>\n<td width=\"213\">P<strong>rofit Operational\u00a0<\/strong><\/td>\n<td style=\"text-align: right;\"><strong>652,336<\/strong><\/td>\n<td style=\"text-align: right;\"><strong>3,178,543<\/strong><\/td>\n<td style=\"text-align: right;\"><strong>-79%<\/strong><\/td>\n<\/tr>\n<\/tbody>\n<\/table>\n<\/div><\/div><div class=\"w-separator size_small\"><\/div><div class=\"wpb_text_column\"><div class=\"wpb_wrapper\"><p>Faptul ca marja bruta este aproape similara cu perioada similara a anului trecut, chiar daca cifra de afaceri a inregistrat o scadere, este generata de vanzarea mai buna in cadrul diviziei de tehnologie (marja bruta procentuala de 17% versus 14% anterior), pe baza faptului ca serviciile proprii si cele de tip cloud reprezinta un procent mai mare din totalul vanzarilor.<\/p>\n<p>Cresterea cheltuielilor de marketing provine din divizia de educatie, unde noua paradigma de vanzare si \u201ego-to-market\u201d pune accent pe a adresa cursantii acolo unde sunt ei (actualmente online). Cresterea costurilor aferente amortizarii cu cca 600 mii lei se datoreaza schimbari modului de consolidare a rezultatelor Equatorial. Asfel, intreaga amortizare a celor 3 jocuri devine incepand cu S1 2021 o cheltuiala consolidata a grupului.<\/p>\n<\/div><\/div><\/div><\/div><\/div><\/div><\/div><\/div><\/div><\/div><div class=\"vc_col-sm-4 wpb_column vc_column_container\"><div class=\"vc_column-inner\"><div class=\"wpb_wrapper\"><nav class=\"w-menu layout_ver style_blocks us_menu_1 with_children\" style=\"--main-gap:1.5rem;--main-ver-indent:0.8em;--main-hor-indent:0.8em;--main-bg-color:#f5f5f5;--main-color:inherit;--main-hover-bg-color:#8dbe65;--main-hover-color:#ffffff;--main-active-bg-color:#8dbe65;--main-active-color:#ffffff;--sub-gap:5px;\" id=\"first-simple-menu\"><ul id=\"menu-2q-2021\" class=\"menu\"><li id=\"menu-item-13564\" class=\"menu-item menu-item-type-post_type menu-item-object-page menu-item-13564\"><a href=\"https:\/\/investors.bittnet.ro\/rezultate-financiare\/2q-2021\/\">2q-2021<\/a><\/li><li id=\"menu-item-13713\" class=\"menu-item menu-item-type-custom menu-item-object-custom menu-item-13713\"><a href=\"https:\/\/investors.bittnet.ro\/wp-content\/uploads\/2021\/08\/Infografic-Raport-Semestrial-Bittnet-BNET-Semestrul-1-2021.pdf\">Infografic<\/a><\/li><li id=\"menu-item-13714\" class=\"menu-item menu-item-type-custom menu-item-object-custom menu-item-13714\"><a href=\"https:\/\/investors.bittnet.ro\/ro\/abonare-newsletter\/\">Abonare la Newsletter<\/a><\/li><\/ul><style>@media ( max-width:600px ){.us_menu_1 .menu{display:block!important}.us_menu_1 .menu>li:not(:last-child){margin:0 0 var(--main-gap,1.5rem)!important}}<\/style><\/nav><\/div><\/div><\/div><\/div><\/div><\/section>\n","protected":false},"excerpt":{"rendered":"Contul de profit \u0219i pierdere Analiza v\u00e2nz\u0103rilorIn S1 2021 Fa\u021b\u0103 de S1 2020, activitatea vanzari a continuat trendul ascendent, atat ca numar de proiecte identificate cat si ca valoare a acestora. Astfel, daca in graficul de mai jos pentru anii anteriori sunt reprezentate oportunitatile deja castigate pe durata anului, in cazul anului curent graficul arata...","protected":false},"author":13,"featured_media":0,"parent":13613,"menu_order":1,"comment_status":"closed","ping_status":"closed","template":"","meta":{"footnotes":""},"class_list":["post-13624","page","type-page","status-publish","hentry"],"yoast_head":"<!-- This site is optimized with the Yoast SEO plugin v20.8 - https:\/\/yoast.com\/wordpress\/plugins\/seo\/ -->\n<title>Contul de profit \u0219i pierdere - Bittnet Group - s1 2021<\/title>\n<meta name=\"description\" content=\"Contul de profit \u0219i pierdere - Bittnet Group - s1 2021: analiza vanzarilor, Prezentare Consolidata a P&amp;L, Perspectiva anualizata a rezultatelor financiare\" \/>\n<meta name=\"robots\" content=\"index, follow, max-snippet:-1, max-image-preview:large, max-video-preview:-1\" \/>\n<link rel=\"canonical\" href=\"https:\/\/investors.bittnet.ro\/en\/rezultate-financiare\/2q-2021\/situatia-economico-financiara-a-grupului\/contul-de-profit-si-pierdere\/\" \/>\n<meta property=\"og:locale\" content=\"en_US\" \/>\n<meta property=\"og:type\" content=\"article\" \/>\n<meta property=\"og:title\" content=\"Contul de profit \u0219i pierdere - Bittnet Group - s1 2021\" \/>\n<meta property=\"og:description\" content=\"Contul de profit \u0219i pierdere - Bittnet Group - s1 2021: analiza vanzarilor, Prezentare Consolidata a P&amp;L, Perspectiva anualizata a rezultatelor financiare\" \/>\n<meta property=\"og:url\" content=\"https:\/\/investors.bittnet.ro\/en\/rezultate-financiare\/2q-2021\/situatia-economico-financiara-a-grupului\/contul-de-profit-si-pierdere\/\" \/>\n<meta property=\"og:site_name\" content=\"Bittnet Investors Relations Site\" \/>\n<meta property=\"article:publisher\" content=\"https:\/\/www.facebook.com\/BittnetSystems\/\" \/>\n<meta property=\"article:modified_time\" content=\"2021-10-26T10:53:51+00:00\" \/>\n<meta name=\"twitter:card\" content=\"summary_large_image\" \/>\n<meta name=\"twitter:site\" content=\"@NA\" \/>\n<meta name=\"twitter:label1\" content=\"Est. reading time\" \/>\n\t<meta name=\"twitter:data1\" content=\"3 minutes\" \/>\n<script type=\"application\/ld+json\" class=\"yoast-schema-graph\">{\"@context\":\"https:\/\/schema.org\",\"@graph\":[{\"@type\":\"WebPage\",\"@id\":\"https:\/\/investors.bittnet.ro\/en\/rezultate-financiare\/2q-2021\/situatia-economico-financiara-a-grupului\/contul-de-profit-si-pierdere\/\",\"url\":\"https:\/\/investors.bittnet.ro\/en\/rezultate-financiare\/2q-2021\/situatia-economico-financiara-a-grupului\/contul-de-profit-si-pierdere\/\",\"name\":\"Contul de profit \u0219i pierdere - Bittnet Group - s1 2021\",\"isPartOf\":{\"@id\":\"https:\/\/investors.bittnet.ro\/en\/#website\"},\"datePublished\":\"2021-08-23T12:06:14+00:00\",\"dateModified\":\"2021-10-26T10:53:51+00:00\",\"description\":\"Contul de profit \u0219i pierdere - Bittnet Group - s1 2021: analiza vanzarilor, Prezentare Consolidata a P&L, Perspectiva anualizata a rezultatelor financiare\",\"breadcrumb\":{\"@id\":\"https:\/\/investors.bittnet.ro\/en\/rezultate-financiare\/2q-2021\/situatia-economico-financiara-a-grupului\/contul-de-profit-si-pierdere\/#breadcrumb\"},\"inLanguage\":\"en-US\",\"potentialAction\":[{\"@type\":\"ReadAction\",\"target\":[\"https:\/\/investors.bittnet.ro\/en\/rezultate-financiare\/2q-2021\/situatia-economico-financiara-a-grupului\/contul-de-profit-si-pierdere\/\"]}]},{\"@type\":\"BreadcrumbList\",\"@id\":\"https:\/\/investors.bittnet.ro\/en\/rezultate-financiare\/2q-2021\/situatia-economico-financiara-a-grupului\/contul-de-profit-si-pierdere\/#breadcrumb\",\"itemListElement\":[{\"@type\":\"ListItem\",\"position\":1,\"name\":\"Home\",\"item\":\"https:\/\/investors.bittnet.ro\/en\/\"},{\"@type\":\"ListItem\",\"position\":2,\"name\":\"Rezultate financiare\",\"item\":\"https:\/\/investors.bittnet.ro\/en\/rezultate-financiare\/\"},{\"@type\":\"ListItem\",\"position\":3,\"name\":\"2q-2021\",\"item\":\"https:\/\/investors.bittnet.ro\/en\/rezultate-financiare\/2q-2021\/\"},{\"@type\":\"ListItem\",\"position\":4,\"name\":\"Situa\u0163ia economico-financiar\u0103 a grupului\",\"item\":\"https:\/\/investors.bittnet.ro\/en\/rezultate-financiare\/2q-2021\/situatia-economico-financiara-a-grupului\/\"},{\"@type\":\"ListItem\",\"position\":5,\"name\":\"Contul de profit \u0219i pierdere\"}]},{\"@type\":\"WebSite\",\"@id\":\"https:\/\/investors.bittnet.ro\/en\/#website\",\"url\":\"https:\/\/investors.bittnet.ro\/en\/\",\"name\":\"Bittnet Investors Relations Site\",\"description\":\"Your Value. Upgraded.\",\"publisher\":{\"@id\":\"https:\/\/investors.bittnet.ro\/en\/#organization\"},\"potentialAction\":[{\"@type\":\"SearchAction\",\"target\":{\"@type\":\"EntryPoint\",\"urlTemplate\":\"https:\/\/investors.bittnet.ro\/en\/?s={search_term_string}\"},\"query-input\":\"required name=search_term_string\"}],\"inLanguage\":\"en-US\"},{\"@type\":\"Organization\",\"@id\":\"https:\/\/investors.bittnet.ro\/en\/#organization\",\"name\":\"Bittnet Group\",\"url\":\"https:\/\/investors.bittnet.ro\/en\/\",\"logo\":{\"@type\":\"ImageObject\",\"inLanguage\":\"en-US\",\"@id\":\"https:\/\/investors.bittnet.ro\/en\/#\/schema\/logo\/image\/\",\"url\":\"https:\/\/investors.bittnet.ro\/wp-content\/uploads\/2019\/05\/logo-grup.png\",\"contentUrl\":\"https:\/\/investors.bittnet.ro\/wp-content\/uploads\/2019\/05\/logo-grup.png\",\"width\":807,\"height\":442,\"caption\":\"Bittnet Group\"},\"image\":{\"@id\":\"https:\/\/investors.bittnet.ro\/en\/#\/schema\/logo\/image\/\"},\"sameAs\":[\"https:\/\/www.facebook.com\/BittnetSystems\/\",\"https:\/\/twitter.com\/NA\",\"http:\/\/na\",\"https:\/\/www.linkedin.com\/company\/bittnet-group\/\",\"https:\/\/www.youtube.com\/user\/BittnetSystems\"]}]}<\/script>\n<!-- \/ Yoast SEO plugin. -->","yoast_head_json":{"title":"Contul de profit \u0219i pierdere - Bittnet Group - s1 2021","description":"Contul de profit \u0219i pierdere - Bittnet Group - s1 2021: analiza vanzarilor, Prezentare Consolidata a P&L, Perspectiva anualizata a rezultatelor financiare","robots":{"index":"index","follow":"follow","max-snippet":"max-snippet:-1","max-image-preview":"max-image-preview:large","max-video-preview":"max-video-preview:-1"},"canonical":"https:\/\/investors.bittnet.ro\/en\/rezultate-financiare\/2q-2021\/situatia-economico-financiara-a-grupului\/contul-de-profit-si-pierdere\/","og_locale":"en_US","og_type":"article","og_title":"Contul de profit \u0219i pierdere - Bittnet Group - s1 2021","og_description":"Contul de profit \u0219i pierdere - Bittnet Group - s1 2021: analiza vanzarilor, Prezentare Consolidata a P&L, Perspectiva anualizata a rezultatelor financiare","og_url":"https:\/\/investors.bittnet.ro\/en\/rezultate-financiare\/2q-2021\/situatia-economico-financiara-a-grupului\/contul-de-profit-si-pierdere\/","og_site_name":"Bittnet Investors Relations Site","article_publisher":"https:\/\/www.facebook.com\/BittnetSystems\/","article_modified_time":"2021-10-26T10:53:51+00:00","twitter_card":"summary_large_image","twitter_site":"@NA","twitter_misc":{"Est. reading time":"3 minutes"},"schema":{"@context":"https:\/\/schema.org","@graph":[{"@type":"WebPage","@id":"https:\/\/investors.bittnet.ro\/en\/rezultate-financiare\/2q-2021\/situatia-economico-financiara-a-grupului\/contul-de-profit-si-pierdere\/","url":"https:\/\/investors.bittnet.ro\/en\/rezultate-financiare\/2q-2021\/situatia-economico-financiara-a-grupului\/contul-de-profit-si-pierdere\/","name":"Contul de profit \u0219i pierdere - Bittnet Group - s1 2021","isPartOf":{"@id":"https:\/\/investors.bittnet.ro\/en\/#website"},"datePublished":"2021-08-23T12:06:14+00:00","dateModified":"2021-10-26T10:53:51+00:00","description":"Contul de profit \u0219i pierdere - Bittnet Group - s1 2021: analiza vanzarilor, Prezentare Consolidata a P&L, Perspectiva anualizata a rezultatelor financiare","breadcrumb":{"@id":"https:\/\/investors.bittnet.ro\/en\/rezultate-financiare\/2q-2021\/situatia-economico-financiara-a-grupului\/contul-de-profit-si-pierdere\/#breadcrumb"},"inLanguage":"en-US","potentialAction":[{"@type":"ReadAction","target":["https:\/\/investors.bittnet.ro\/en\/rezultate-financiare\/2q-2021\/situatia-economico-financiara-a-grupului\/contul-de-profit-si-pierdere\/"]}]},{"@type":"BreadcrumbList","@id":"https:\/\/investors.bittnet.ro\/en\/rezultate-financiare\/2q-2021\/situatia-economico-financiara-a-grupului\/contul-de-profit-si-pierdere\/#breadcrumb","itemListElement":[{"@type":"ListItem","position":1,"name":"Home","item":"https:\/\/investors.bittnet.ro\/en\/"},{"@type":"ListItem","position":2,"name":"Rezultate financiare","item":"https:\/\/investors.bittnet.ro\/en\/rezultate-financiare\/"},{"@type":"ListItem","position":3,"name":"2q-2021","item":"https:\/\/investors.bittnet.ro\/en\/rezultate-financiare\/2q-2021\/"},{"@type":"ListItem","position":4,"name":"Situa\u0163ia economico-financiar\u0103 a grupului","item":"https:\/\/investors.bittnet.ro\/en\/rezultate-financiare\/2q-2021\/situatia-economico-financiara-a-grupului\/"},{"@type":"ListItem","position":5,"name":"Contul de profit \u0219i pierdere"}]},{"@type":"WebSite","@id":"https:\/\/investors.bittnet.ro\/en\/#website","url":"https:\/\/investors.bittnet.ro\/en\/","name":"Bittnet Investors Relations Site","description":"Your Value. Upgraded.","publisher":{"@id":"https:\/\/investors.bittnet.ro\/en\/#organization"},"potentialAction":[{"@type":"SearchAction","target":{"@type":"EntryPoint","urlTemplate":"https:\/\/investors.bittnet.ro\/en\/?s={search_term_string}"},"query-input":"required name=search_term_string"}],"inLanguage":"en-US"},{"@type":"Organization","@id":"https:\/\/investors.bittnet.ro\/en\/#organization","name":"Bittnet Group","url":"https:\/\/investors.bittnet.ro\/en\/","logo":{"@type":"ImageObject","inLanguage":"en-US","@id":"https:\/\/investors.bittnet.ro\/en\/#\/schema\/logo\/image\/","url":"https:\/\/investors.bittnet.ro\/wp-content\/uploads\/2019\/05\/logo-grup.png","contentUrl":"https:\/\/investors.bittnet.ro\/wp-content\/uploads\/2019\/05\/logo-grup.png","width":807,"height":442,"caption":"Bittnet Group"},"image":{"@id":"https:\/\/investors.bittnet.ro\/en\/#\/schema\/logo\/image\/"},"sameAs":["https:\/\/www.facebook.com\/BittnetSystems\/","https:\/\/twitter.com\/NA","http:\/\/na","https:\/\/www.linkedin.com\/company\/bittnet-group\/","https:\/\/www.youtube.com\/user\/BittnetSystems"]}]}},"_links":{"self":[{"href":"https:\/\/investors.bittnet.ro\/en\/wp-json\/wp\/v2\/pages\/13624","targetHints":{"allow":["GET"]}}],"collection":[{"href":"https:\/\/investors.bittnet.ro\/en\/wp-json\/wp\/v2\/pages"}],"about":[{"href":"https:\/\/investors.bittnet.ro\/en\/wp-json\/wp\/v2\/types\/page"}],"author":[{"embeddable":true,"href":"https:\/\/investors.bittnet.ro\/en\/wp-json\/wp\/v2\/users\/13"}],"replies":[{"embeddable":true,"href":"https:\/\/investors.bittnet.ro\/en\/wp-json\/wp\/v2\/comments?post=13624"}],"version-history":[{"count":11,"href":"https:\/\/investors.bittnet.ro\/en\/wp-json\/wp\/v2\/pages\/13624\/revisions"}],"predecessor-version":[{"id":14099,"href":"https:\/\/investors.bittnet.ro\/en\/wp-json\/wp\/v2\/pages\/13624\/revisions\/14099"}],"up":[{"embeddable":true,"href":"https:\/\/investors.bittnet.ro\/en\/wp-json\/wp\/v2\/pages\/13613"}],"wp:attachment":[{"href":"https:\/\/investors.bittnet.ro\/en\/wp-json\/wp\/v2\/media?parent=13624"}],"curies":[{"name":"wp","href":"https:\/\/api.w.org\/{rel}","templated":true}]}}