{"id":13565,"date":"2021-08-23T12:11:58","date_gmt":"2021-08-23T09:11:58","guid":{"rendered":"https:\/\/investors.bittnet.ro\/?page_id=13565"},"modified":"2021-10-26T13:51:08","modified_gmt":"2021-10-26T10:51:08","slug":"informatii-generale-despre-emitent","status":"publish","type":"page","link":"https:\/\/investors.bittnet.ro\/en\/rezultate-financiare\/2q-2021\/informatii-generale-despre-emitent\/","title":{"rendered":"Informa\u021bii generale despre Emitent"},"content":{"rendered":"<section class=\"l-section wpb_row height_small\"><div class=\"l-section-h i-cf\"><div class=\"g-cols vc_row via_flex valign_top type_default stacking_default\"><div class=\"vc_col-sm-8 wpb_column vc_column_container\"><div class=\"vc_column-inner\"><div class=\"wpb_wrapper\"><div class=\"wpb_text_column\"><div class=\"wpb_wrapper\"><h1>Informa\u021bii generale despre Emitent<\/h1>\n<p>Bittnet a fost \u00eenfiin\u021bat\u0103 \u00een anul 2007 de Mihai \u0219i Cristian Logof\u0103tu, ambii ocup\u00e2nd pozi\u021bii de conducere \u00een cadrul companiei. \u00cenc\u0103 de la \u00eenceputurile sale, Bittnet s-a concentrat pe furnizarea de training IT \u0219i solu\u021bii de integrare, bazate pe tehnologiile liderilor de pia\u021b\u0103 precum Cisco, Microsoft, Dell, Oracle, HP, VMware, Google, Amazon Web Services etc.<\/p>\n<p>\u00cen februarie 2009, compania \u0219i-a schimbat statutul juridic \u00een societate pe ac\u021biuni (SA), \u00een urma major\u0103rii capitalului social, utiliz\u00e2nd profiturile generate \u00een 2008. \u00cen 2012, compania a primit o prim\u0103 infuzie de capital \u201cdin exterior\u201d (investi\u021bie tip equity) de la business angel-ul R\u0103zvan C\u0103p\u0103\u021b\u00een\u0103, care este \u00een continuare un ac\u021bionar important al companiei.<\/p>\n<p>Din martie 2015, Bittnet este listat\u0103 pe pia\u021ba AeRO a Bursei de Valori Bucure\u0219ti, sub simbolul BNET. Bittnet a fost prima companie IT care s-a listat pe BVB, dup\u0103 o infuzie de 150.000 de euro \u00een companie, primit\u0103 de la fondul polonez Carpathia Capital SA \u00een schimbul unei participa\u021bii de 10%. Din acel moment, Bittnet folose\u0219te \u00een mod activ mecanismele pie\u021bei de capital pentru a-\u0219i cre\u0219te \u0219i dezvolta afacerea, plas\u00e2nd cu succes cinci emisiuni de obliga\u021biuni \u00een 2016, 2017, 2019 (de dou\u0103 ori) \u0219i 2020. \u00cen aproape patru ani de la listarea pe Bursa de Valori Bucure\u0219ti, Bittnet a atras mai mult de 10 milioane EUR folosind mecanismele de finan\u021bare a pie\u021bei de capital (obliga\u021biuni corporative, capitalizarea profiturilor, major\u0103ri de capital etc.), o parte din capital fiind utilizat\u0103 pentru alimentarea activit\u0103\u021bilor de M&amp;A. Din anul 2016, compania a urmat modelul de succes patentat al B\u0103ncii Transilvania, distribuind ac\u021bionarilor profiturile acumulate sub form\u0103 de ac\u021biuni gratuite \u0219i astfel, cresc\u00e2ndu-\u0219i constant capitalul social de-a lungul anilor.<\/p>\n<p>\u00cen 2016, compania a creat un nou domeniu de competen\u021b\u0103 prin introducerea serviciilor de consultan\u021b\u0103 \u0219i migrare \u00een cloud. Ca rezultat, Bittnet a lansat o serie de ac\u021biuni dedicate clien\u021bilor strict pentru aceast\u0103 gam\u0103 de servicii, care vizeaz\u0103 un nou grup de clien\u021bi, cu un profil u\u0219or diferit. Pe parcursul anului 2017, compania a continuat s\u0103 investeasc\u0103 \u00een cre\u0219terea \u0219i diversificarea competen\u021belor tehnice specifice AWS \u0219i Azure pentru a putea r\u0103spunde solicit\u0103rilor primite.<\/p>\n<p>Fondatorii companiei au crezut dintotdeauna c\u0103 pia\u021ba IT din Rom\u00e2nia trebuie consolidat\u0103. De aceea, \u00een cursul anului 2017, compania a identificat prima oportunitate de a ac\u021biona \u00een aceast\u0103 direc\u021bie \u0219i a urmat achizi\u021bionarea GECAD NET de la antreprenorul Radu Georgescu. Procesul de achizi\u021bie \u0219i preluarea ulterioar\u0103 au fost un succes deoarece, la sf\u00e2r\u0219itul anului 2017, GECAD a \u00eencheiat anul pe profit, pentru prima dat\u0103 \u00een 3 ani. \u00cen prima jum\u0103tate a anului 2019, GECAD Net a fost rebr\u0103nduit c\u0103tre Dendrio Solutions. Ast\u0103zi, Dendrio este singurul integrator de solutii hibrid \u201cmulti-cloud&#8221; din Rom\u00e2nia, av\u00e2nd o pozi\u021bie consolidat\u0103 ca \u0219i companie certificat\u0103 de cei mai importan\u021bi furnizori de IT din lume, concentr\u00e2ndu-se pe cloud \u0219i securitate informatic\u0103.<\/p>\n<p>\u00cen aprilie 2019, Bittnet a adoptat structura grupului \u0219i a restructurat afacerea, care se bazeaz\u0103 \u00een prezent pe doi vectori cheie, reprezentati de cele aoua divizii:<\/p>\n<ul>\n<li><strong>Educa\u021bie<\/strong>, care \u00een prezent const\u0103 \u00een segmentul de training IT unde Bittnet Training este lider de pia\u021b\u0103.<\/li>\n<li><strong>Tehnologie<\/strong>, care este axat pe servicii de integrare IT, oferind solu\u021bii de integrare oferite anterior at\u00e2t de Bittnet, c\u00e2t \u0219i de Dendrio. Aceast\u0103 activitate are un portofoliu partajat de produse, servicii \u0219i solu\u021bii \u0219i o echip\u0103 mai mare care va permite un volum mai mare de munc\u0103, at\u00e2t din punct de vedere tehnic, c\u00e2t \u0219i din punct de vedere al v\u00e2nz\u0103rilor.<\/li>\n<\/ul>\n<p>La scurt timp dup\u0103 anun\u021barea noii structuri, Bittnet a f\u0103cut dou\u0103 noi achizi\u021bii &#8211; un pachet majoritar de ac\u021biuni \u00een compania ce furnizeaz\u0103 solu\u021bii ERP, Elian Solutions, precum \u0219i un pachet semnificativ \u00een compania de \u00eenv\u0103\u021bare bazat\u0103 pe jocuri, Equatorial Gaming. \u00cen urma achizi\u021biei, activit\u0103\u021bile Equatorial au fost integrate \u00een divizia &#8220;Educa\u021bie&#8221;, \u00een timp ce Elian a completat oferta de servicii de integrare IT prin ad\u0103ugarea de solu\u021bii ERP \u00een portofoliul grupului. \u00cen decembrie 2018, Bittnet a achizi\u021bionat activitatea de integrare IT&amp;C a Crescendo International SRL, o companie cu 25 de ani de experien\u021b\u0103 \u00een Rom\u00e2nia \u0219i pe pie\u021bele externe. Divizia IT&amp;C a companiei Crescendo a fost integrat\u0103 \u00een Dendrio \u0219i, ca urmare a fuziunii, compania beneficiaz\u0103 de o structur\u0103 de afaceri mai stabil\u0103, de resurse extinse de personal, precum \u0219i de un portofoliu extins de clien\u021bi, produse \u0219i servicii.<\/p>\n<p>Ast\u0103zi, grupul Bittnet are dou\u0103 divizii cheie, <strong>Educa\u021bie<\/strong> \u0219i <strong>Tehnologie<\/strong>. Compania are peste 120 de angaja\u021bi \u0219i colaboratori, care lucreaz\u0103 pentru una dintre cele 4 companii incluse \u00een grup.<\/p>\n<\/div><\/div><div class=\"w-separator size_small\"><\/div><div class=\"w-btn-wrapper align_none\"><a class=\"w-btn us-btn-style_4\" title=\"Structura Grupului la S1\" href=\"https:\/\/investors.bittnet.ro\/ro\/rezultate-financiare\/2q-2021\/informatii-generale-despre-emitent\/structura-grupului-la-s1\/\"><span class=\"w-btn-label\">Structura Grupului la S1<\/span><\/a><\/div><div class=\"w-separator size_small\"><\/div><div class=\"w-btn-wrapper align_none\"><a class=\"w-btn us-btn-style_4\" title=\"Viziunea Bittnet\" href=\"https:\/\/investors.bittnet.ro\/ro\/rezultate-financiare\/2q-2021\/informatii-generale-despre-emitent\/viziunea-bittnet\/\"><span class=\"w-btn-label\">Viziunea Bittnet<\/span><\/a><\/div><\/div><\/div><\/div><div class=\"vc_col-sm-4 wpb_column vc_column_container\"><div class=\"vc_column-inner\"><div class=\"wpb_wrapper\"><nav class=\"w-menu layout_ver style_blocks us_menu_1 with_children\" style=\"--main-gap:1.5rem;--main-ver-indent:0.8em;--main-hor-indent:0.8em;--main-bg-color:#f5f5f5;--main-color:inherit;--main-hover-bg-color:#8dbe65;--main-hover-color:#ffffff;--main-active-bg-color:#8dbe65;--main-active-color:#ffffff;--sub-gap:5px;\" id=\"first-simple-menu\"><ul id=\"menu-2q-2021\" class=\"menu\"><li id=\"menu-item-13564\" class=\"menu-item menu-item-type-post_type menu-item-object-page menu-item-13564\"><a href=\"https:\/\/investors.bittnet.ro\/rezultate-financiare\/2q-2021\/\">2q-2021<\/a><\/li><li id=\"menu-item-13713\" class=\"menu-item menu-item-type-custom menu-item-object-custom menu-item-13713\"><a href=\"https:\/\/investors.bittnet.ro\/wp-content\/uploads\/2021\/08\/Infografic-Raport-Semestrial-Bittnet-BNET-Semestrul-1-2021.pdf\">Infografic<\/a><\/li><li id=\"menu-item-13714\" class=\"menu-item menu-item-type-custom menu-item-object-custom menu-item-13714\"><a href=\"https:\/\/investors.bittnet.ro\/ro\/abonare-newsletter\/\">Abonare la Newsletter<\/a><\/li><\/ul><style>@media ( max-width:600px ){.us_menu_1 .menu{display:block!important}.us_menu_1 .menu>li:not(:last-child){margin:0 0 var(--main-gap,1.5rem)!important}}<\/style><\/nav><\/div><\/div><\/div><\/div><\/div><\/section>\n","protected":false},"excerpt":{"rendered":"Informa\u021bii generale despre Emitent Bittnet a fost \u00eenfiin\u021bat\u0103 \u00een anul 2007 de Mihai \u0219i Cristian Logof\u0103tu, ambii ocup\u00e2nd pozi\u021bii de conducere \u00een cadrul companiei. \u00cenc\u0103 de la \u00eenceputurile sale, Bittnet s-a concentrat pe furnizarea de training IT \u0219i solu\u021bii de integrare, bazate pe tehnologiile liderilor de pia\u021b\u0103 precum Cisco, Microsoft, Dell, Oracle, HP, VMware, Google,...","protected":false},"author":13,"featured_media":0,"parent":13559,"menu_order":0,"comment_status":"closed","ping_status":"closed","template":"","meta":{"footnotes":""},"class_list":["post-13565","page","type-page","status-publish","hentry"],"yoast_head":"<!-- This site is optimized with the Yoast SEO plugin v20.8 - https:\/\/yoast.com\/wordpress\/plugins\/seo\/ -->\n<title>Rezultate financiare - q2 2021 - Informa\u021bii generale despre Emitent<\/title>\n<meta name=\"description\" content=\"Informa\u021bii generale despre Emitent. Ast\u0103zi, grupul Bittnet are dou\u0103 divizii cheie, Educa\u021bie \u0219i Tehnologie. Compania are peste 120 de angaja\u021bi\" \/>\n<meta name=\"robots\" content=\"index, follow, max-snippet:-1, max-image-preview:large, max-video-preview:-1\" \/>\n<link rel=\"canonical\" href=\"https:\/\/investors.bittnet.ro\/en\/rezultate-financiare\/2q-2021\/informatii-generale-despre-emitent\/\" \/>\n<meta property=\"og:locale\" content=\"en_US\" \/>\n<meta property=\"og:type\" content=\"article\" \/>\n<meta property=\"og:title\" content=\"Rezultate financiare - q2 2021 - Informa\u021bii generale despre Emitent\" \/>\n<meta property=\"og:description\" content=\"Informa\u021bii generale despre Emitent. Ast\u0103zi, grupul Bittnet are dou\u0103 divizii cheie, Educa\u021bie \u0219i Tehnologie. Compania are peste 120 de angaja\u021bi\" \/>\n<meta property=\"og:url\" content=\"https:\/\/investors.bittnet.ro\/en\/rezultate-financiare\/2q-2021\/informatii-generale-despre-emitent\/\" \/>\n<meta property=\"og:site_name\" content=\"Bittnet Investors Relations Site\" \/>\n<meta property=\"article:publisher\" content=\"https:\/\/www.facebook.com\/BittnetSystems\/\" \/>\n<meta property=\"article:modified_time\" content=\"2021-10-26T10:51:08+00:00\" \/>\n<meta name=\"twitter:card\" content=\"summary_large_image\" \/>\n<meta name=\"twitter:site\" content=\"@NA\" \/>\n<meta name=\"twitter:label1\" content=\"Est. reading time\" \/>\n\t<meta name=\"twitter:data1\" content=\"4 minutes\" \/>\n<script type=\"application\/ld+json\" class=\"yoast-schema-graph\">{\"@context\":\"https:\/\/schema.org\",\"@graph\":[{\"@type\":\"WebPage\",\"@id\":\"https:\/\/investors.bittnet.ro\/en\/rezultate-financiare\/2q-2021\/informatii-generale-despre-emitent\/\",\"url\":\"https:\/\/investors.bittnet.ro\/en\/rezultate-financiare\/2q-2021\/informatii-generale-despre-emitent\/\",\"name\":\"Rezultate financiare - q2 2021 - Informa\u021bii generale despre Emitent\",\"isPartOf\":{\"@id\":\"https:\/\/investors.bittnet.ro\/en\/#website\"},\"datePublished\":\"2021-08-23T09:11:58+00:00\",\"dateModified\":\"2021-10-26T10:51:08+00:00\",\"description\":\"Informa\u021bii generale despre Emitent. Ast\u0103zi, grupul Bittnet are dou\u0103 divizii cheie, Educa\u021bie \u0219i Tehnologie. Compania are peste 120 de angaja\u021bi\",\"breadcrumb\":{\"@id\":\"https:\/\/investors.bittnet.ro\/en\/rezultate-financiare\/2q-2021\/informatii-generale-despre-emitent\/#breadcrumb\"},\"inLanguage\":\"en-US\",\"potentialAction\":[{\"@type\":\"ReadAction\",\"target\":[\"https:\/\/investors.bittnet.ro\/en\/rezultate-financiare\/2q-2021\/informatii-generale-despre-emitent\/\"]}]},{\"@type\":\"BreadcrumbList\",\"@id\":\"https:\/\/investors.bittnet.ro\/en\/rezultate-financiare\/2q-2021\/informatii-generale-despre-emitent\/#breadcrumb\",\"itemListElement\":[{\"@type\":\"ListItem\",\"position\":1,\"name\":\"Home\",\"item\":\"https:\/\/investors.bittnet.ro\/en\/\"},{\"@type\":\"ListItem\",\"position\":2,\"name\":\"Rezultate financiare\",\"item\":\"https:\/\/investors.bittnet.ro\/en\/rezultate-financiare\/\"},{\"@type\":\"ListItem\",\"position\":3,\"name\":\"2q-2021\",\"item\":\"https:\/\/investors.bittnet.ro\/en\/rezultate-financiare\/2q-2021\/\"},{\"@type\":\"ListItem\",\"position\":4,\"name\":\"Informa\u021bii generale despre Emitent\"}]},{\"@type\":\"WebSite\",\"@id\":\"https:\/\/investors.bittnet.ro\/en\/#website\",\"url\":\"https:\/\/investors.bittnet.ro\/en\/\",\"name\":\"Bittnet Investors Relations Site\",\"description\":\"Your Value. Upgraded.\",\"publisher\":{\"@id\":\"https:\/\/investors.bittnet.ro\/en\/#organization\"},\"potentialAction\":[{\"@type\":\"SearchAction\",\"target\":{\"@type\":\"EntryPoint\",\"urlTemplate\":\"https:\/\/investors.bittnet.ro\/en\/?s={search_term_string}\"},\"query-input\":\"required name=search_term_string\"}],\"inLanguage\":\"en-US\"},{\"@type\":\"Organization\",\"@id\":\"https:\/\/investors.bittnet.ro\/en\/#organization\",\"name\":\"Bittnet Group\",\"url\":\"https:\/\/investors.bittnet.ro\/en\/\",\"logo\":{\"@type\":\"ImageObject\",\"inLanguage\":\"en-US\",\"@id\":\"https:\/\/investors.bittnet.ro\/en\/#\/schema\/logo\/image\/\",\"url\":\"https:\/\/investors.bittnet.ro\/wp-content\/uploads\/2019\/05\/logo-grup.png\",\"contentUrl\":\"https:\/\/investors.bittnet.ro\/wp-content\/uploads\/2019\/05\/logo-grup.png\",\"width\":807,\"height\":442,\"caption\":\"Bittnet Group\"},\"image\":{\"@id\":\"https:\/\/investors.bittnet.ro\/en\/#\/schema\/logo\/image\/\"},\"sameAs\":[\"https:\/\/www.facebook.com\/BittnetSystems\/\",\"https:\/\/twitter.com\/NA\",\"http:\/\/na\",\"https:\/\/www.linkedin.com\/company\/bittnet-group\/\",\"https:\/\/www.youtube.com\/user\/BittnetSystems\"]}]}<\/script>\n<!-- \/ Yoast SEO plugin. -->","yoast_head_json":{"title":"Rezultate financiare - q2 2021 - Informa\u021bii generale despre Emitent","description":"Informa\u021bii generale despre Emitent. Ast\u0103zi, grupul Bittnet are dou\u0103 divizii cheie, Educa\u021bie \u0219i Tehnologie. Compania are peste 120 de angaja\u021bi","robots":{"index":"index","follow":"follow","max-snippet":"max-snippet:-1","max-image-preview":"max-image-preview:large","max-video-preview":"max-video-preview:-1"},"canonical":"https:\/\/investors.bittnet.ro\/en\/rezultate-financiare\/2q-2021\/informatii-generale-despre-emitent\/","og_locale":"en_US","og_type":"article","og_title":"Rezultate financiare - q2 2021 - Informa\u021bii generale despre Emitent","og_description":"Informa\u021bii generale despre Emitent. Ast\u0103zi, grupul Bittnet are dou\u0103 divizii cheie, Educa\u021bie \u0219i Tehnologie. Compania are peste 120 de angaja\u021bi","og_url":"https:\/\/investors.bittnet.ro\/en\/rezultate-financiare\/2q-2021\/informatii-generale-despre-emitent\/","og_site_name":"Bittnet Investors Relations Site","article_publisher":"https:\/\/www.facebook.com\/BittnetSystems\/","article_modified_time":"2021-10-26T10:51:08+00:00","twitter_card":"summary_large_image","twitter_site":"@NA","twitter_misc":{"Est. reading time":"4 minutes"},"schema":{"@context":"https:\/\/schema.org","@graph":[{"@type":"WebPage","@id":"https:\/\/investors.bittnet.ro\/en\/rezultate-financiare\/2q-2021\/informatii-generale-despre-emitent\/","url":"https:\/\/investors.bittnet.ro\/en\/rezultate-financiare\/2q-2021\/informatii-generale-despre-emitent\/","name":"Rezultate financiare - q2 2021 - Informa\u021bii generale despre Emitent","isPartOf":{"@id":"https:\/\/investors.bittnet.ro\/en\/#website"},"datePublished":"2021-08-23T09:11:58+00:00","dateModified":"2021-10-26T10:51:08+00:00","description":"Informa\u021bii generale despre Emitent. Ast\u0103zi, grupul Bittnet are dou\u0103 divizii cheie, Educa\u021bie \u0219i Tehnologie. Compania are peste 120 de angaja\u021bi","breadcrumb":{"@id":"https:\/\/investors.bittnet.ro\/en\/rezultate-financiare\/2q-2021\/informatii-generale-despre-emitent\/#breadcrumb"},"inLanguage":"en-US","potentialAction":[{"@type":"ReadAction","target":["https:\/\/investors.bittnet.ro\/en\/rezultate-financiare\/2q-2021\/informatii-generale-despre-emitent\/"]}]},{"@type":"BreadcrumbList","@id":"https:\/\/investors.bittnet.ro\/en\/rezultate-financiare\/2q-2021\/informatii-generale-despre-emitent\/#breadcrumb","itemListElement":[{"@type":"ListItem","position":1,"name":"Home","item":"https:\/\/investors.bittnet.ro\/en\/"},{"@type":"ListItem","position":2,"name":"Rezultate financiare","item":"https:\/\/investors.bittnet.ro\/en\/rezultate-financiare\/"},{"@type":"ListItem","position":3,"name":"2q-2021","item":"https:\/\/investors.bittnet.ro\/en\/rezultate-financiare\/2q-2021\/"},{"@type":"ListItem","position":4,"name":"Informa\u021bii generale despre Emitent"}]},{"@type":"WebSite","@id":"https:\/\/investors.bittnet.ro\/en\/#website","url":"https:\/\/investors.bittnet.ro\/en\/","name":"Bittnet Investors Relations Site","description":"Your Value. Upgraded.","publisher":{"@id":"https:\/\/investors.bittnet.ro\/en\/#organization"},"potentialAction":[{"@type":"SearchAction","target":{"@type":"EntryPoint","urlTemplate":"https:\/\/investors.bittnet.ro\/en\/?s={search_term_string}"},"query-input":"required name=search_term_string"}],"inLanguage":"en-US"},{"@type":"Organization","@id":"https:\/\/investors.bittnet.ro\/en\/#organization","name":"Bittnet Group","url":"https:\/\/investors.bittnet.ro\/en\/","logo":{"@type":"ImageObject","inLanguage":"en-US","@id":"https:\/\/investors.bittnet.ro\/en\/#\/schema\/logo\/image\/","url":"https:\/\/investors.bittnet.ro\/wp-content\/uploads\/2019\/05\/logo-grup.png","contentUrl":"https:\/\/investors.bittnet.ro\/wp-content\/uploads\/2019\/05\/logo-grup.png","width":807,"height":442,"caption":"Bittnet Group"},"image":{"@id":"https:\/\/investors.bittnet.ro\/en\/#\/schema\/logo\/image\/"},"sameAs":["https:\/\/www.facebook.com\/BittnetSystems\/","https:\/\/twitter.com\/NA","http:\/\/na","https:\/\/www.linkedin.com\/company\/bittnet-group\/","https:\/\/www.youtube.com\/user\/BittnetSystems"]}]}},"_links":{"self":[{"href":"https:\/\/investors.bittnet.ro\/en\/wp-json\/wp\/v2\/pages\/13565","targetHints":{"allow":["GET"]}}],"collection":[{"href":"https:\/\/investors.bittnet.ro\/en\/wp-json\/wp\/v2\/pages"}],"about":[{"href":"https:\/\/investors.bittnet.ro\/en\/wp-json\/wp\/v2\/types\/page"}],"author":[{"embeddable":true,"href":"https:\/\/investors.bittnet.ro\/en\/wp-json\/wp\/v2\/users\/13"}],"replies":[{"embeddable":true,"href":"https:\/\/investors.bittnet.ro\/en\/wp-json\/wp\/v2\/comments?post=13565"}],"version-history":[{"count":12,"href":"https:\/\/investors.bittnet.ro\/en\/wp-json\/wp\/v2\/pages\/13565\/revisions"}],"predecessor-version":[{"id":14089,"href":"https:\/\/investors.bittnet.ro\/en\/wp-json\/wp\/v2\/pages\/13565\/revisions\/14089"}],"up":[{"embeddable":true,"href":"https:\/\/investors.bittnet.ro\/en\/wp-json\/wp\/v2\/pages\/13559"}],"wp:attachment":[{"href":"https:\/\/investors.bittnet.ro\/en\/wp-json\/wp\/v2\/media?parent=13565"}],"curies":[{"name":"wp","href":"https:\/\/api.w.org\/{rel}","templated":true}]}}