{"id":12675,"date":"2021-05-14T17:22:18","date_gmt":"2021-05-14T14:22:18","guid":{"rendered":"https:\/\/investors.bittnet.ro\/current-and-historical-financial-results\/q1-2021-report-letter-from-the-ceo\/2-report-according-to-reg-5-2018\/"},"modified":"2021-07-06T23:45:27","modified_gmt":"2021-07-06T20:45:27","slug":"2-report-according-to-reg-5-2018","status":"publish","type":"page","link":"https:\/\/investors.bittnet.ro\/en\/current-and-historical-financial-results\/2-report-according-to-reg-5-2018\/","title":{"rendered":"2. Report according to Reg. 5 \/2018"},"content":{"rendered":"<section class=\"l-section wpb_row height_small\"><div class=\"l-section-h i-cf\"><div class=\"g-cols vc_row via_flex valign_top type_default stacking_default\"><div class=\"vc_col-sm-8 wpb_column vc_column_container\"><div class=\"vc_column-inner\"><div class=\"wpb_wrapper\"><div class=\"wpb_text_column us_custom_92d565f4 has_text_color\" id=\"first_wpb_text_column\"><div class=\"wpb_wrapper\"><h4>2. Report according to Reg. 5 \/2018<\/h4>\n<\/div><\/div><div class=\"w-separator size_medium\"><\/div><div class=\"wpb_text_column\"><div class=\"wpb_wrapper\"><h5><a href=\"https:\/\/investors.bittnet.ro\/current-and-historical-financial-results\/2-report-according-to-reg-5-2018\/economic-and-financial-indicators\/\" target=\"_blank\" rel=\"noopener\">2.1. Indicatori economico-financiari<\/a><\/h5>\n<h5><a href=\"https:\/\/investors.bittnet.ro\/current-and-historical-financial-results\/2-report-according-to-reg-5-2018\/2-2-general-description-of-the-financial-position-and-performance-of-the-issuer-and-its-subsidiaries-in-the-relevant-time-period\/\" target=\"_blank\" rel=\"noopener\">2.2. Descrierea general\u0103 a pozi\u0163iei financiare \u015fi a performan\u0163elor<\/a><\/h5>\n<h5><a href=\"https:\/\/investors.bittnet.ro\/current-and-historical-financial-results\/2-report-according-to-reg-5-2018\/2-3-analysis-per-business-segment\/\" target=\"_blank\" rel=\"noopener\">2.3. Analiza perioadei pentru segmentele de business<\/a><\/h5>\n<\/div><\/div><\/div><\/div><\/div><div class=\"vc_col-sm-4 wpb_column vc_column_container\"><div class=\"vc_column-inner\"><div class=\"wpb_wrapper\"><nav class=\"w-menu layout_ver style_blocks us_menu_1 with_children\" style=\"--main-gap:1.5rem;--main-ver-indent:0.8em;--main-hor-indent:0.8em;--main-bg-color:#f5f5f5;--main-color:inherit;--main-hover-bg-color:#8dbe65;--main-hover-color:#ffffff;--main-active-bg-color:#8dbe65;--main-active-color:#ffffff;--sub-gap:5px;\" id=\"first-simple-menu\"><ul id=\"menu-financial-results-2021-q1\" class=\"menu\"><li id=\"menu-item-13007\" class=\"menu-item menu-item-type-post_type menu-item-object-page menu-item-13007\"><a href=\"https:\/\/investors.bittnet.ro\/en\/current-and-historical-financial-results\/q1-2021-report-letter-from-the-ceo\/\">1. Q1 2021 Report \u2013 Letter from the CEO<\/a><\/li><li id=\"menu-item-13013\" class=\"menu-item menu-item-type-post_type menu-item-object-page menu-item-has-children menu-item-13013\"><a href=\"https:\/\/investors.bittnet.ro\/en\/current-and-historical-financial-results\/2-report-according-to-reg-5-2018\/\">2. Report according to Reg. 5 \/2018<\/a><ul class=\"sub-menu\"><li id=\"menu-item-13014\" class=\"menu-item menu-item-type-post_type menu-item-object-page menu-item-13014\"><a href=\"https:\/\/investors.bittnet.ro\/en\/current-and-historical-financial-results\/2-report-according-to-reg-5-2018\/economic-and-financial-indicators\/\">2.1. Economic and financial indicators<\/a><\/li><li id=\"menu-item-13015\" class=\"menu-item menu-item-type-post_type menu-item-object-page menu-item-13015\"><a href=\"https:\/\/investors.bittnet.ro\/en\/current-and-historical-financial-results\/2-report-according-to-reg-5-2018\/2-2-general-description-of-the-financial-position-and-performance-of-the-issuer-and-its-subsidiaries-in-the-relevant-time-period\/\">2.2. General description of the financial position and performance of the issuer and its subsidiaries in the relevant time period<\/a><\/li><li id=\"menu-item-13019\" class=\"menu-item menu-item-type-post_type menu-item-object-page menu-item-13019\"><a href=\"https:\/\/investors.bittnet.ro\/en\/current-and-historical-financial-results\/2-report-according-to-reg-5-2018\/2-3-analysis-per-business-segment\/\">2.3. Analysis per business segment<\/a><\/li><\/ul><\/li><li id=\"menu-item-13043\" class=\"menu-item menu-item-type-post_type menu-item-object-page menu-item-13043\"><a href=\"https:\/\/investors.bittnet.ro\/en\/current-and-historical-financial-results\/3-annex-1\/\">3. Annex 1<\/a><\/li><li id=\"menu-item-13055\" class=\"menu-item menu-item-type-post_type menu-item-object-page menu-item-13055\"><a href=\"https:\/\/investors.bittnet.ro\/en\/current-and-historical-financial-results\/5-download-files__trashed\/\">5. Download files<\/a><\/li><\/ul><style>@media ( max-width:600px ){.us_menu_1 .menu{display:block!important}.us_menu_1 .menu>li:not(:last-child){margin:0 0 var(--main-gap,1.5rem)!important}}<\/style><\/nav><\/div><\/div><\/div><\/div><\/div><\/section>\n","protected":false},"excerpt":{"rendered":"2. Report according to Reg. 5 \/2018 2.1. Indicatori economico-financiari 2.2. Descrierea general\u0103 a pozi\u0163iei financiare \u015fi a performan\u0163elor 2.3. Analiza perioadei pentru segmentele de business 1. Q1 2021 Report \u2013 Letter from the CEO2. Report according to Reg. 5 \/20182.1. Economic and financial indicators2.2. General description of the financial position and performance of the...","protected":false},"author":26,"featured_media":0,"parent":10044,"menu_order":0,"comment_status":"closed","ping_status":"closed","template":"","meta":{"footnotes":""},"class_list":["post-12675","page","type-page","status-publish","hentry"],"yoast_head":"<!-- This site is optimized with the Yoast SEO plugin v20.8 - https:\/\/yoast.com\/wordpress\/plugins\/seo\/ -->\n<title>2. Report according to Reg. 5 \/2018 - Bittnet Investors Relations Site<\/title>\n<meta name=\"robots\" content=\"index, follow, max-snippet:-1, max-image-preview:large, max-video-preview:-1\" \/>\n<link rel=\"canonical\" href=\"https:\/\/investors.bittnet.ro\/en\/current-and-historical-financial-results\/2-report-according-to-reg-5-2018\/\" \/>\n<meta property=\"og:locale\" content=\"en_US\" \/>\n<meta property=\"og:type\" content=\"article\" \/>\n<meta property=\"og:title\" content=\"2. Report according to Reg. 5 \/2018 - Bittnet Investors Relations Site\" \/>\n<meta property=\"og:url\" content=\"https:\/\/investors.bittnet.ro\/en\/current-and-historical-financial-results\/2-report-according-to-reg-5-2018\/\" \/>\n<meta property=\"og:site_name\" content=\"Bittnet Investors Relations Site\" \/>\n<meta property=\"article:publisher\" content=\"https:\/\/www.facebook.com\/BittnetSystems\/\" \/>\n<meta property=\"article:modified_time\" content=\"2021-07-06T20:45:27+00:00\" \/>\n<meta name=\"twitter:card\" content=\"summary_large_image\" \/>\n<meta name=\"twitter:site\" content=\"@NA\" \/>\n<meta name=\"twitter:label1\" content=\"Est. reading time\" \/>\n\t<meta name=\"twitter:data1\" content=\"1 minute\" \/>\n<script type=\"application\/ld+json\" class=\"yoast-schema-graph\">{\"@context\":\"https:\/\/schema.org\",\"@graph\":[{\"@type\":\"WebPage\",\"@id\":\"https:\/\/investors.bittnet.ro\/en\/current-and-historical-financial-results\/2-report-according-to-reg-5-2018\/\",\"url\":\"https:\/\/investors.bittnet.ro\/en\/current-and-historical-financial-results\/2-report-according-to-reg-5-2018\/\",\"name\":\"2. Report according to Reg. 5 \/2018 - Bittnet Investors Relations Site\",\"isPartOf\":{\"@id\":\"https:\/\/investors.bittnet.ro\/en\/#website\"},\"datePublished\":\"2021-05-14T14:22:18+00:00\",\"dateModified\":\"2021-07-06T20:45:27+00:00\",\"breadcrumb\":{\"@id\":\"https:\/\/investors.bittnet.ro\/en\/current-and-historical-financial-results\/2-report-according-to-reg-5-2018\/#breadcrumb\"},\"inLanguage\":\"en-US\",\"potentialAction\":[{\"@type\":\"ReadAction\",\"target\":[\"https:\/\/investors.bittnet.ro\/en\/current-and-historical-financial-results\/2-report-according-to-reg-5-2018\/\"]}]},{\"@type\":\"BreadcrumbList\",\"@id\":\"https:\/\/investors.bittnet.ro\/en\/current-and-historical-financial-results\/2-report-according-to-reg-5-2018\/#breadcrumb\",\"itemListElement\":[{\"@type\":\"ListItem\",\"position\":1,\"name\":\"Home\",\"item\":\"https:\/\/investors.bittnet.ro\/en\/\"},{\"@type\":\"ListItem\",\"position\":2,\"name\":\"Current and historical financial results\",\"item\":\"https:\/\/investors.bittnet.ro\/en\/current-and-historical-financial-results\/\"},{\"@type\":\"ListItem\",\"position\":3,\"name\":\"2. Report according to Reg. 5 \/2018\"}]},{\"@type\":\"WebSite\",\"@id\":\"https:\/\/investors.bittnet.ro\/en\/#website\",\"url\":\"https:\/\/investors.bittnet.ro\/en\/\",\"name\":\"Bittnet Investors Relations Site\",\"description\":\"Your Value. Upgraded.\",\"publisher\":{\"@id\":\"https:\/\/investors.bittnet.ro\/en\/#organization\"},\"potentialAction\":[{\"@type\":\"SearchAction\",\"target\":{\"@type\":\"EntryPoint\",\"urlTemplate\":\"https:\/\/investors.bittnet.ro\/en\/?s={search_term_string}\"},\"query-input\":\"required name=search_term_string\"}],\"inLanguage\":\"en-US\"},{\"@type\":\"Organization\",\"@id\":\"https:\/\/investors.bittnet.ro\/en\/#organization\",\"name\":\"Bittnet Group\",\"url\":\"https:\/\/investors.bittnet.ro\/en\/\",\"logo\":{\"@type\":\"ImageObject\",\"inLanguage\":\"en-US\",\"@id\":\"https:\/\/investors.bittnet.ro\/en\/#\/schema\/logo\/image\/\",\"url\":\"https:\/\/investors.bittnet.ro\/wp-content\/uploads\/2019\/05\/logo-grup.png\",\"contentUrl\":\"https:\/\/investors.bittnet.ro\/wp-content\/uploads\/2019\/05\/logo-grup.png\",\"width\":807,\"height\":442,\"caption\":\"Bittnet Group\"},\"image\":{\"@id\":\"https:\/\/investors.bittnet.ro\/en\/#\/schema\/logo\/image\/\"},\"sameAs\":[\"https:\/\/www.facebook.com\/BittnetSystems\/\",\"https:\/\/twitter.com\/NA\",\"http:\/\/na\",\"https:\/\/www.linkedin.com\/company\/bittnet-group\/\",\"https:\/\/www.youtube.com\/user\/BittnetSystems\"]}]}<\/script>\n<!-- \/ Yoast SEO plugin. -->","yoast_head_json":{"title":"2. Report according to Reg. 5 \/2018 - Bittnet Investors Relations Site","robots":{"index":"index","follow":"follow","max-snippet":"max-snippet:-1","max-image-preview":"max-image-preview:large","max-video-preview":"max-video-preview:-1"},"canonical":"https:\/\/investors.bittnet.ro\/en\/current-and-historical-financial-results\/2-report-according-to-reg-5-2018\/","og_locale":"en_US","og_type":"article","og_title":"2. Report according to Reg. 5 \/2018 - Bittnet Investors Relations Site","og_url":"https:\/\/investors.bittnet.ro\/en\/current-and-historical-financial-results\/2-report-according-to-reg-5-2018\/","og_site_name":"Bittnet Investors Relations Site","article_publisher":"https:\/\/www.facebook.com\/BittnetSystems\/","article_modified_time":"2021-07-06T20:45:27+00:00","twitter_card":"summary_large_image","twitter_site":"@NA","twitter_misc":{"Est. reading time":"1 minute"},"schema":{"@context":"https:\/\/schema.org","@graph":[{"@type":"WebPage","@id":"https:\/\/investors.bittnet.ro\/en\/current-and-historical-financial-results\/2-report-according-to-reg-5-2018\/","url":"https:\/\/investors.bittnet.ro\/en\/current-and-historical-financial-results\/2-report-according-to-reg-5-2018\/","name":"2. Report according to Reg. 5 \/2018 - Bittnet Investors Relations Site","isPartOf":{"@id":"https:\/\/investors.bittnet.ro\/en\/#website"},"datePublished":"2021-05-14T14:22:18+00:00","dateModified":"2021-07-06T20:45:27+00:00","breadcrumb":{"@id":"https:\/\/investors.bittnet.ro\/en\/current-and-historical-financial-results\/2-report-according-to-reg-5-2018\/#breadcrumb"},"inLanguage":"en-US","potentialAction":[{"@type":"ReadAction","target":["https:\/\/investors.bittnet.ro\/en\/current-and-historical-financial-results\/2-report-according-to-reg-5-2018\/"]}]},{"@type":"BreadcrumbList","@id":"https:\/\/investors.bittnet.ro\/en\/current-and-historical-financial-results\/2-report-according-to-reg-5-2018\/#breadcrumb","itemListElement":[{"@type":"ListItem","position":1,"name":"Home","item":"https:\/\/investors.bittnet.ro\/en\/"},{"@type":"ListItem","position":2,"name":"Current and historical financial results","item":"https:\/\/investors.bittnet.ro\/en\/current-and-historical-financial-results\/"},{"@type":"ListItem","position":3,"name":"2. Report according to Reg. 5 \/2018"}]},{"@type":"WebSite","@id":"https:\/\/investors.bittnet.ro\/en\/#website","url":"https:\/\/investors.bittnet.ro\/en\/","name":"Bittnet Investors Relations Site","description":"Your Value. Upgraded.","publisher":{"@id":"https:\/\/investors.bittnet.ro\/en\/#organization"},"potentialAction":[{"@type":"SearchAction","target":{"@type":"EntryPoint","urlTemplate":"https:\/\/investors.bittnet.ro\/en\/?s={search_term_string}"},"query-input":"required name=search_term_string"}],"inLanguage":"en-US"},{"@type":"Organization","@id":"https:\/\/investors.bittnet.ro\/en\/#organization","name":"Bittnet Group","url":"https:\/\/investors.bittnet.ro\/en\/","logo":{"@type":"ImageObject","inLanguage":"en-US","@id":"https:\/\/investors.bittnet.ro\/en\/#\/schema\/logo\/image\/","url":"https:\/\/investors.bittnet.ro\/wp-content\/uploads\/2019\/05\/logo-grup.png","contentUrl":"https:\/\/investors.bittnet.ro\/wp-content\/uploads\/2019\/05\/logo-grup.png","width":807,"height":442,"caption":"Bittnet Group"},"image":{"@id":"https:\/\/investors.bittnet.ro\/en\/#\/schema\/logo\/image\/"},"sameAs":["https:\/\/www.facebook.com\/BittnetSystems\/","https:\/\/twitter.com\/NA","http:\/\/na","https:\/\/www.linkedin.com\/company\/bittnet-group\/","https:\/\/www.youtube.com\/user\/BittnetSystems"]}]}},"_links":{"self":[{"href":"https:\/\/investors.bittnet.ro\/en\/wp-json\/wp\/v2\/pages\/12675","targetHints":{"allow":["GET"]}}],"collection":[{"href":"https:\/\/investors.bittnet.ro\/en\/wp-json\/wp\/v2\/pages"}],"about":[{"href":"https:\/\/investors.bittnet.ro\/en\/wp-json\/wp\/v2\/types\/page"}],"author":[{"embeddable":true,"href":"https:\/\/investors.bittnet.ro\/en\/wp-json\/wp\/v2\/users\/26"}],"replies":[{"embeddable":true,"href":"https:\/\/investors.bittnet.ro\/en\/wp-json\/wp\/v2\/comments?post=12675"}],"version-history":[{"count":4,"href":"https:\/\/investors.bittnet.ro\/en\/wp-json\/wp\/v2\/pages\/12675\/revisions"}],"predecessor-version":[{"id":13035,"href":"https:\/\/investors.bittnet.ro\/en\/wp-json\/wp\/v2\/pages\/12675\/revisions\/13035"}],"up":[{"embeddable":true,"href":"https:\/\/investors.bittnet.ro\/en\/wp-json\/wp\/v2\/pages\/10044"}],"wp:attachment":[{"href":"https:\/\/investors.bittnet.ro\/en\/wp-json\/wp\/v2\/media?parent=12675"}],"curies":[{"name":"wp","href":"https:\/\/api.w.org\/{rel}","templated":true}]}}