{"id":11771,"date":"2021-04-08T13:16:23","date_gmt":"2021-04-08T10:16:23","guid":{"rendered":"https:\/\/investors.bittnet.ro\/?page_id=11771"},"modified":"2022-04-06T00:16:46","modified_gmt":"2022-04-05T21:16:46","slug":"ziua-investitorului-bittnet-2021","status":"publish","type":"page","link":"https:\/\/investors.bittnet.ro\/en\/ziua-investitorului-bittnet-2021\/","title":{"rendered":"Ziua Investitorului Bittnet 2021"},"content":{"rendered":"<section class=\"l-section wpb_row height_auto width_full\"><div class=\"l-section-h i-cf\"><div class=\"g-cols vc_row via_flex valign_top type_default stacking_default\"><div class=\"vc_col-sm-12 wpb_column vc_column_container\"><div class=\"vc_column-inner\"><div class=\"wpb_wrapper\"><div class=\"w-image align_center\"><div class=\"w-image-h\"><img decoding=\"async\" width=\"1366\" height=\"290\" src=\"https:\/\/investors.bittnet.ro\/wp-content\/uploads\/2021\/04\/ziua-investitorului-2021-2.jpg\" class=\"attachment-full size-full\" alt=\"\" loading=\"lazy\" srcset=\"https:\/\/investors.bittnet.ro\/wp-content\/uploads\/2021\/04\/ziua-investitorului-2021-2.jpg 1366w, https:\/\/investors.bittnet.ro\/wp-content\/uploads\/2021\/04\/ziua-investitorului-2021-2-300x64.jpg 300w, https:\/\/investors.bittnet.ro\/wp-content\/uploads\/2021\/04\/ziua-investitorului-2021-2-1024x217.jpg 1024w\" sizes=\"auto, (max-width: 1366px) 100vw, 1366px\" \/><\/div><\/div><\/div><\/div><\/div><\/div><\/div><\/section><section class=\"l-section wpb_row height_small\"><div class=\"l-section-h i-cf\"><div class=\"g-cols vc_row via_flex valign_top type_default stacking_default\"><div class=\"vc_col-sm-12 wpb_column vc_column_container\"><div class=\"vc_column-inner\"><div class=\"wpb_wrapper\"><div class=\"wpb_text_column\"><div class=\"wpb_wrapper\"><h2 style=\"text-align: center;\">Ziua Investitorului Bittnet 2021<\/h2>\n<\/div><\/div><div class=\"w-separator size_medium\"><\/div><\/div><\/div><\/div><\/div><\/div><\/section><section class=\"l-section wpb_row height_small color_primary\"><div class=\"l-section-h i-cf\"><div class=\"g-cols vc_row via_flex valign_top type_default stacking_default\"><div class=\"vc_col-sm-12 wpb_column vc_column_container\"><div class=\"vc_column-inner\"><div class=\"wpb_wrapper\"><div class=\"wpb_text_column us_custom_432d3f53\" id=\"first_wpb_text_column\"><div class=\"wpb_wrapper\"><h5>Invit\u0103m to\u021bi ac\u021bionarii \u0219i stakeholderii s\u0103 se al\u0103ture celei de-<strong>a \u0219asea edi\u021bii a Zilei Investitorului Bittnet<\/strong>, care va avea loc <strong>joi, 15 aprilie<\/strong>, cu ocazia anivers\u0103rii a <strong>6 ani de la listarea ac\u021biunilor BNET pe pia\u021ba AeRO a Bursei de Valori Bucure\u0219ti<\/strong>.<br \/>\nAv\u00e2nd \u00een vedere contextul actual, \u0219i anul acesta Ziua Investitorului se va desf\u0103\u0219ura online, cu ajutorul solu\u021biei Cisco Webex.<\/h5>\n<\/div><\/div><\/div><\/div><\/div><\/div><\/div><\/section><section class=\"l-section wpb_row height_small\"><div class=\"l-section-h i-cf\"><div class=\"g-cols vc_row via_flex valign_top type_default stacking_default\"><div class=\"vc_col-sm-3 wpb_column vc_column_container\"><div class=\"vc_column-inner\"><div class=\"wpb_wrapper\"><\/div><\/div><\/div><div class=\"vc_col-sm-6 wpb_column vc_column_container\"><div class=\"vc_column-inner\"><div class=\"wpb_wrapper\"><div class=\"wpb_text_column\"><div class=\"wpb_wrapper\"><p>Multumim celor care ati fost live cu noi! Mai jos regasiti link-ul de acces pentru evenimentul inregistrat:<\/p>\n<\/div><\/div><div class=\"w-separator size_small\"><\/div><div class=\"w-video align_none ratio_16x9 has_iframe\"><div class=\"w-video-h\"><iframe title=\"Youtube video player\" src=\"\/\/www.youtube.com\/embed\/h7u0H1VkL7Y?autoplay=0&controls=1&origin=https:\/\/investors.bittnet.ro\/en\/&loop=0&mute=0\" allowfullscreen=\"1\" loading=\"lazy\"><\/iframe><\/div><\/div><\/div><\/div><\/div><div class=\"vc_col-sm-3 wpb_column vc_column_container\"><div class=\"vc_column-inner\"><div class=\"wpb_wrapper\"><\/div><\/div><\/div><\/div><\/div><\/section><section class=\"l-section wpb_row height_small color_primary\"><div class=\"l-section-h i-cf\"><div class=\"g-cols vc_row via_flex valign_top type_default stacking_default\"><div class=\"vc_col-sm-12 wpb_column vc_column_container\"><div class=\"vc_column-inner\"><div class=\"wpb_wrapper\"><div class=\"wpb_text_column\"><div class=\"wpb_wrapper\"><h2>AGENDA<\/h2>\n<\/div><\/div><\/div><\/div><\/div><\/div><\/div><\/section><section class=\"l-section wpb_row us_custom_fe9ce664 height_small\"><div class=\"l-section-h i-cf\"><div class=\"g-cols vc_row via_flex valign_top type_default stacking_default\"><div class=\"vc_col-sm-6 wpb_column vc_column_container\"><div class=\"vc_column-inner\"><div class=\"wpb_wrapper\"><div class=\"wpb_text_column\"><div class=\"wpb_wrapper\"><p>10:50 &#8211; 11:00 Logarea participan\u021bilor<\/p>\n<p>11:00 &#8211; 11:15 Cristian Logof\u0103tu, Cofondator Bittnet<br \/>\n11:15 &#8211; 11:20 Mihai Logof\u0103tu, CEO Bittnet<br \/>\n11:20 &#8211; 11:30 Cristian Herghelegiu, VP Technology<br \/>\n11:30 &#8211; 11:35 Daniel Ilinca, CEO Softbinator<\/p>\n<p>11:35 &#8211; 11:45 Q&amp;A<\/p>\n<p>11:45 &#8211; 11:55 Dan Berteanu, VP Education<br \/>\n11:55 &#8211; 12:00 Adrian Calin, CEO The e-Learning Company<br \/>\n12:00 &#8211; 12:05 Mihai Logof\u0103tu, CEO Bittnet<br \/>\n12:05 &#8211; 12:15 Petr Kymli\u010dka &amp; Miloslav Rut, Servodata<\/p>\n<p>12:15 &#8211; 12:30 Q&amp;A<\/p>\n<\/div><\/div><\/div><\/div><\/div><div class=\"vc_col-sm-6 wpb_column vc_column_container\"><div class=\"vc_column-inner\"><div class=\"wpb_wrapper\"><div class=\"wpb_text_column us_custom_432d3f53\"><div class=\"wpb_wrapper\"><h6>Va exista op\u021biunea de a adresa \u00eentreb\u0103ri \u00een cadrul rubricii Q&amp;A din platforma Cisco Webex, oric\u00e2nd \u00een timpul videoconferin\u021bei.<\/h6>\n<h6>Totodat\u0103, pentru o bun\u0103 organizare a evenimentului, invit\u0103m to\u021bi investitorii s\u0103 transmit\u0103 \u00eentreb\u0103ri \u0219i la adresa de email <a href=\"&#x6d;a&#x69;&#108;&#x74;&#111;:&#x69;&#110;&#x76;&#101;s&#x74;&#111;&#x72;&#115;&#64;&#x62;i&#x74;&#116;&#x6e;&#x65;t&#x2e;&#114;&#x6f;\">&#x69;&#x6e;&#x76;&#x65;&#x73;&#x74;&#x6f;&#114;&#115;&#64;&#98;&#105;ttne&#x74;&#x2e;&#x72;&#x6f;<\/a>. Le vom colecta \u0219i vom r\u0103spunde la toate \u00eentreb\u0103rile transmise pe email.<\/h6>\n<h6><strong>A\u0219tept\u0103m cu ner\u0103bdare s\u0103 v\u0103 vedem pe to\u021bi!<\/strong><\/h6>\n<\/div><\/div><\/div><\/div><\/div><\/div><\/div><\/section><section class=\"l-section wpb_row height_small color_primary\"><div class=\"l-section-h i-cf\"><div class=\"g-cols vc_row via_flex valign_top type_default stacking_default\"><div class=\"vc_col-sm-12 wpb_column vc_column_container\"><div class=\"vc_column-inner\"><div class=\"wpb_wrapper\"><div class=\"wpb_text_column\"><div class=\"wpb_wrapper\"><h2>Contact<\/h2>\n<\/div><\/div><\/div><\/div><\/div><\/div><\/div><\/section><section class=\"l-section wpb_row height_small\"><div class=\"l-section-h i-cf\"><div class=\"g-cols vc_row via_flex valign_top type_default stacking_default\"><div class=\"vc_col-sm-6 wpb_column vc_column_container\"><div class=\"vc_column-inner\"><div class=\"wpb_wrapper\"><div class=\"wpb_text_column\"><div class=\"wpb_wrapper\"><h6>Pentru orice informa\u021bie suplimentar\u0103, r\u0103spunsuri la \u00eentreb\u0103ri sau clarific\u0103ri, te rug\u0103m s\u0103 ne contactezi pe email la <a href=\"m&#97;&#105;&#x6c;&#x74;&#x6f;:i&#110;&#118;&#x65;&#x73;&#x74;o&#114;&#115;&#64;&#x62;&#x69;&#x74;t&#110;&#101;&#x74;&#x2e;&#x72;o\">&#x69;&#110;&#118;&#x65;&#x73;&#116;&#111;&#x72;&#x73;&#64;&#98;&#x69;&#x74;&#116;&#110;&#x65;&#x74;&#46;&#114;&#x6f;<\/a> sau sa completezi formularul de contact alaturat.<\/h6>\n<\/div><\/div><\/div><\/div><\/div><div class=\"vc_col-sm-6 wpb_column vc_column_container\"><div class=\"vc_column-inner\"><div class=\"wpb_wrapper\">\n<div class=\"wpcf7 no-js\" id=\"wpcf7-f10825-o1\" lang=\"ro-RO\" dir=\"ltr\">\n<div class=\"screen-reader-response\"><p role=\"status\" aria-live=\"polite\" aria-atomic=\"true\"><\/p> <ul><\/ul><\/div>\n<form action=\"\/en\/wp-json\/wp\/v2\/pages\/11771#wpcf7-f10825-o1\" method=\"post\" class=\"wpcf7-form init\" aria-label=\"Formular de contact\" novalidate=\"novalidate\" data-status=\"init\">\n<div style=\"display: none;\">\n<input type=\"hidden\" name=\"_wpcf7\" value=\"10825\" \/>\n<input type=\"hidden\" name=\"_wpcf7_version\" value=\"5.7.7\" \/>\n<input type=\"hidden\" name=\"_wpcf7_locale\" value=\"ro_RO\" \/>\n<input type=\"hidden\" name=\"_wpcf7_unit_tag\" value=\"wpcf7-f10825-o1\" \/>\n<input type=\"hidden\" name=\"_wpcf7_container_post\" value=\"0\" \/>\n<input type=\"hidden\" name=\"_wpcf7_posted_data_hash\" value=\"\" \/>\n<input type=\"hidden\" name=\"_wpcf7_recaptcha_response\" value=\"\" \/>\n<\/div>\n<p><label> Nume:<br \/>\n<span class=\"wpcf7-form-control-wrap\" data-name=\"your-name\"><input size=\"40\" class=\"wpcf7-form-control wpcf7-text wpcf7-validates-as-required\" aria-required=\"true\" aria-invalid=\"false\" value=\"\" type=\"text\" name=\"your-name\" \/><\/span> <\/label>\n<\/p>\n<p><label> Email:<br \/>\n<span class=\"wpcf7-form-control-wrap\" data-name=\"your-email\"><input size=\"40\" class=\"wpcf7-form-control wpcf7-text wpcf7-email wpcf7-validates-as-required wpcf7-validates-as-email\" aria-required=\"true\" aria-invalid=\"false\" value=\"\" type=\"email\" name=\"your-email\" \/><\/span> <\/label>\n<\/p>\n<p><label> Mesaj:<br \/>\n<span class=\"wpcf7-form-control-wrap\" data-name=\"your-message\"><textarea cols=\"40\" rows=\"10\" class=\"wpcf7-form-control wpcf7-textarea wpcf7-validates-as-required\" aria-required=\"true\" aria-invalid=\"false\" name=\"your-message\"><\/textarea><\/span> <\/label>\n<\/p>\n<p><label><span class=\"wpcf7-form-control-wrap\" data-name=\"gdpr\"><span class=\"wpcf7-form-control wpcf7-acceptance\"><span class=\"wpcf7-list-item\"><input type=\"checkbox\" name=\"gdpr\" value=\"1\" aria-invalid=\"false\" \/><\/span><\/span><\/span> Sunt de acord cu prelucrarea datelor personale conform directivei <a href=\"https:\/\/investors.bittnet.ro\/ro\/gdpr\/\" style=\"\">GDPR<\/a> (EU) 2016\/679<\/label>\n<\/p>\n<p><input class=\"wpcf7-form-control has-spinner wpcf7-submit\" type=\"submit\" value=\"Trimite\" \/>\n<\/p><div class=\"wpcf7-response-output\" aria-hidden=\"true\"><\/div>\n<\/form>\n<\/div>\n<\/div><\/div><\/div><\/div><\/div><\/section>\n","protected":false},"excerpt":{"rendered":"Ziua Investitorului Bittnet 2021 Invit\u0103m to\u021bi ac\u021bionarii \u0219i stakeholderii s\u0103 se al\u0103ture celei de-a \u0219asea edi\u021bii a Zilei Investitorului Bittnet, care va avea loc joi, 15 aprilie, cu ocazia anivers\u0103rii a 6 ani de la listarea ac\u021biunilor BNET pe pia\u021ba AeRO a Bursei de Valori Bucure\u0219ti. Av\u00e2nd \u00een vedere contextul actual, \u0219i anul acesta Ziua...","protected":false},"author":26,"featured_media":0,"parent":0,"menu_order":0,"comment_status":"closed","ping_status":"closed","template":"","meta":{"footnotes":""},"class_list":["post-11771","page","type-page","status-publish","hentry"],"yoast_head":"<!-- This site is optimized with the Yoast SEO plugin v20.8 - https:\/\/yoast.com\/wordpress\/plugins\/seo\/ -->\n<title>Ziua Investitorului Bittnet 2021 - Bittnet Systems<\/title>\n<meta name=\"description\" content=\"Agenda Ziua Investitorului Bittnet 2021 - Bittnet Systems invita actionarii sa se alature Zilei Investitorului Bittnet 2021\" \/>\n<meta name=\"robots\" content=\"index, follow, max-snippet:-1, max-image-preview:large, max-video-preview:-1\" \/>\n<link rel=\"canonical\" href=\"https:\/\/investors.bittnet.ro\/en\/ziua-investitorului-bittnet-2021\/\" \/>\n<meta property=\"og:locale\" content=\"en_US\" \/>\n<meta property=\"og:type\" content=\"article\" \/>\n<meta property=\"og:title\" content=\"Ziua Investitorului Bittnet 2021 - Bittnet Systems\" \/>\n<meta property=\"og:description\" content=\"Agenda Ziua Investitorului Bittnet 2021 - Bittnet Systems invita actionarii sa se alature Zilei Investitorului Bittnet 2021\" \/>\n<meta property=\"og:url\" content=\"https:\/\/investors.bittnet.ro\/en\/ziua-investitorului-bittnet-2021\/\" \/>\n<meta property=\"og:site_name\" content=\"Bittnet Investors Relations Site\" \/>\n<meta property=\"article:publisher\" content=\"https:\/\/www.facebook.com\/BittnetSystems\/\" \/>\n<meta property=\"article:modified_time\" content=\"2022-04-05T21:16:46+00:00\" \/>\n<meta name=\"twitter:card\" content=\"summary_large_image\" \/>\n<meta name=\"twitter:site\" content=\"@NA\" \/>\n<meta name=\"twitter:label1\" content=\"Est. reading time\" \/>\n\t<meta name=\"twitter:data1\" content=\"2 minutes\" \/>\n<script type=\"application\/ld+json\" class=\"yoast-schema-graph\">{\"@context\":\"https:\/\/schema.org\",\"@graph\":[{\"@type\":\"WebPage\",\"@id\":\"https:\/\/investors.bittnet.ro\/en\/ziua-investitorului-bittnet-2021\/\",\"url\":\"https:\/\/investors.bittnet.ro\/en\/ziua-investitorului-bittnet-2021\/\",\"name\":\"Ziua Investitorului Bittnet 2021 - Bittnet Systems\",\"isPartOf\":{\"@id\":\"https:\/\/investors.bittnet.ro\/en\/#website\"},\"datePublished\":\"2021-04-08T10:16:23+00:00\",\"dateModified\":\"2022-04-05T21:16:46+00:00\",\"description\":\"Agenda Ziua Investitorului Bittnet 2021 - Bittnet Systems invita actionarii sa se alature Zilei Investitorului Bittnet 2021\",\"breadcrumb\":{\"@id\":\"https:\/\/investors.bittnet.ro\/en\/ziua-investitorului-bittnet-2021\/#breadcrumb\"},\"inLanguage\":\"en-US\",\"potentialAction\":[{\"@type\":\"ReadAction\",\"target\":[\"https:\/\/investors.bittnet.ro\/en\/ziua-investitorului-bittnet-2021\/\"]}]},{\"@type\":\"BreadcrumbList\",\"@id\":\"https:\/\/investors.bittnet.ro\/en\/ziua-investitorului-bittnet-2021\/#breadcrumb\",\"itemListElement\":[{\"@type\":\"ListItem\",\"position\":1,\"name\":\"Home\",\"item\":\"https:\/\/investors.bittnet.ro\/en\/\"},{\"@type\":\"ListItem\",\"position\":2,\"name\":\"Ziua Investitorului Bittnet 2021\"}]},{\"@type\":\"WebSite\",\"@id\":\"https:\/\/investors.bittnet.ro\/en\/#website\",\"url\":\"https:\/\/investors.bittnet.ro\/en\/\",\"name\":\"Bittnet Investors Relations Site\",\"description\":\"Your Value. Upgraded.\",\"publisher\":{\"@id\":\"https:\/\/investors.bittnet.ro\/en\/#organization\"},\"potentialAction\":[{\"@type\":\"SearchAction\",\"target\":{\"@type\":\"EntryPoint\",\"urlTemplate\":\"https:\/\/investors.bittnet.ro\/en\/?s={search_term_string}\"},\"query-input\":\"required name=search_term_string\"}],\"inLanguage\":\"en-US\"},{\"@type\":\"Organization\",\"@id\":\"https:\/\/investors.bittnet.ro\/en\/#organization\",\"name\":\"Bittnet Group\",\"url\":\"https:\/\/investors.bittnet.ro\/en\/\",\"logo\":{\"@type\":\"ImageObject\",\"inLanguage\":\"en-US\",\"@id\":\"https:\/\/investors.bittnet.ro\/en\/#\/schema\/logo\/image\/\",\"url\":\"https:\/\/investors.bittnet.ro\/wp-content\/uploads\/2019\/05\/logo-grup.png\",\"contentUrl\":\"https:\/\/investors.bittnet.ro\/wp-content\/uploads\/2019\/05\/logo-grup.png\",\"width\":807,\"height\":442,\"caption\":\"Bittnet Group\"},\"image\":{\"@id\":\"https:\/\/investors.bittnet.ro\/en\/#\/schema\/logo\/image\/\"},\"sameAs\":[\"https:\/\/www.facebook.com\/BittnetSystems\/\",\"https:\/\/twitter.com\/NA\",\"http:\/\/na\",\"https:\/\/www.linkedin.com\/company\/bittnet-group\/\",\"https:\/\/www.youtube.com\/user\/BittnetSystems\"]}]}<\/script>\n<!-- \/ Yoast SEO plugin. -->","yoast_head_json":{"title":"Ziua Investitorului Bittnet 2021 - Bittnet Systems","description":"Agenda Ziua Investitorului Bittnet 2021 - Bittnet Systems invita actionarii sa se alature Zilei Investitorului Bittnet 2021","robots":{"index":"index","follow":"follow","max-snippet":"max-snippet:-1","max-image-preview":"max-image-preview:large","max-video-preview":"max-video-preview:-1"},"canonical":"https:\/\/investors.bittnet.ro\/en\/ziua-investitorului-bittnet-2021\/","og_locale":"en_US","og_type":"article","og_title":"Ziua Investitorului Bittnet 2021 - Bittnet Systems","og_description":"Agenda Ziua Investitorului Bittnet 2021 - Bittnet Systems invita actionarii sa se alature Zilei Investitorului Bittnet 2021","og_url":"https:\/\/investors.bittnet.ro\/en\/ziua-investitorului-bittnet-2021\/","og_site_name":"Bittnet Investors Relations Site","article_publisher":"https:\/\/www.facebook.com\/BittnetSystems\/","article_modified_time":"2022-04-05T21:16:46+00:00","twitter_card":"summary_large_image","twitter_site":"@NA","twitter_misc":{"Est. reading time":"2 minutes"},"schema":{"@context":"https:\/\/schema.org","@graph":[{"@type":"WebPage","@id":"https:\/\/investors.bittnet.ro\/en\/ziua-investitorului-bittnet-2021\/","url":"https:\/\/investors.bittnet.ro\/en\/ziua-investitorului-bittnet-2021\/","name":"Ziua Investitorului Bittnet 2021 - Bittnet Systems","isPartOf":{"@id":"https:\/\/investors.bittnet.ro\/en\/#website"},"datePublished":"2021-04-08T10:16:23+00:00","dateModified":"2022-04-05T21:16:46+00:00","description":"Agenda Ziua Investitorului Bittnet 2021 - Bittnet Systems invita actionarii sa se alature Zilei Investitorului Bittnet 2021","breadcrumb":{"@id":"https:\/\/investors.bittnet.ro\/en\/ziua-investitorului-bittnet-2021\/#breadcrumb"},"inLanguage":"en-US","potentialAction":[{"@type":"ReadAction","target":["https:\/\/investors.bittnet.ro\/en\/ziua-investitorului-bittnet-2021\/"]}]},{"@type":"BreadcrumbList","@id":"https:\/\/investors.bittnet.ro\/en\/ziua-investitorului-bittnet-2021\/#breadcrumb","itemListElement":[{"@type":"ListItem","position":1,"name":"Home","item":"https:\/\/investors.bittnet.ro\/en\/"},{"@type":"ListItem","position":2,"name":"Ziua Investitorului Bittnet 2021"}]},{"@type":"WebSite","@id":"https:\/\/investors.bittnet.ro\/en\/#website","url":"https:\/\/investors.bittnet.ro\/en\/","name":"Bittnet Investors Relations Site","description":"Your Value. Upgraded.","publisher":{"@id":"https:\/\/investors.bittnet.ro\/en\/#organization"},"potentialAction":[{"@type":"SearchAction","target":{"@type":"EntryPoint","urlTemplate":"https:\/\/investors.bittnet.ro\/en\/?s={search_term_string}"},"query-input":"required name=search_term_string"}],"inLanguage":"en-US"},{"@type":"Organization","@id":"https:\/\/investors.bittnet.ro\/en\/#organization","name":"Bittnet Group","url":"https:\/\/investors.bittnet.ro\/en\/","logo":{"@type":"ImageObject","inLanguage":"en-US","@id":"https:\/\/investors.bittnet.ro\/en\/#\/schema\/logo\/image\/","url":"https:\/\/investors.bittnet.ro\/wp-content\/uploads\/2019\/05\/logo-grup.png","contentUrl":"https:\/\/investors.bittnet.ro\/wp-content\/uploads\/2019\/05\/logo-grup.png","width":807,"height":442,"caption":"Bittnet Group"},"image":{"@id":"https:\/\/investors.bittnet.ro\/en\/#\/schema\/logo\/image\/"},"sameAs":["https:\/\/www.facebook.com\/BittnetSystems\/","https:\/\/twitter.com\/NA","http:\/\/na","https:\/\/www.linkedin.com\/company\/bittnet-group\/","https:\/\/www.youtube.com\/user\/BittnetSystems"]}]}},"_links":{"self":[{"href":"https:\/\/investors.bittnet.ro\/en\/wp-json\/wp\/v2\/pages\/11771","targetHints":{"allow":["GET"]}}],"collection":[{"href":"https:\/\/investors.bittnet.ro\/en\/wp-json\/wp\/v2\/pages"}],"about":[{"href":"https:\/\/investors.bittnet.ro\/en\/wp-json\/wp\/v2\/types\/page"}],"author":[{"embeddable":true,"href":"https:\/\/investors.bittnet.ro\/en\/wp-json\/wp\/v2\/users\/26"}],"replies":[{"embeddable":true,"href":"https:\/\/investors.bittnet.ro\/en\/wp-json\/wp\/v2\/comments?post=11771"}],"version-history":[{"count":54,"href":"https:\/\/investors.bittnet.ro\/en\/wp-json\/wp\/v2\/pages\/11771\/revisions"}],"predecessor-version":[{"id":15919,"href":"https:\/\/investors.bittnet.ro\/en\/wp-json\/wp\/v2\/pages\/11771\/revisions\/15919"}],"wp:attachment":[{"href":"https:\/\/investors.bittnet.ro\/en\/wp-json\/wp\/v2\/media?parent=11771"}],"curies":[{"name":"wp","href":"https:\/\/api.w.org\/{rel}","templated":true}]}}